





{"id":83722,"date":"2025-04-21T15:41:49","date_gmt":"2025-04-21T13:41:49","guid":{"rendered":"https:\/\/repliquemangacine.fr\/?post_type=product&#038;p=83722"},"modified":"2025-11-13T01:05:06","modified_gmt":"2025-11-13T00:05:06","slug":"llavero-meliodas-chibi-siete-pecados-capitales","status":"publish","type":"product","link":"https:\/\/repliquemangacine.fr\/es\/epees-seven-deadly-sins\/porte-cles-meliodas-chibi-seven-deadly-sins\/","title":{"rendered":"Llavero Meliodas Chibi - Siete pecados capitales"},"content":{"rendered":"<h2>Llavero Meliodas Chibi - El humor y el poder de los Siete Pecados Capitales<\/h2>\n<p>Este adorable llavero presenta a Meliodas, el l\u00edder de los Seven Deadly Sins, en una versi\u00f3n chibi llena de encanto. Su estilo kawaii y sus precisos acabados lo convierten en un accesorio perfecto para los fans del anime. Ligero y resistente, se engancha f\u00e1cilmente gracias a su s\u00f3lida anilla y su mosquet\u00f3n met\u00e1lico. Meliodas, a pesar de su apariencia infantil, es un guerrero temible dotado de un carisma sin igual.<br \/>\n\u00a1Encu\u00e9ntralo aqu\u00ed en formato mini para llevarlo contigo a todas partes! Ideal como peque\u00f1o regalo o para ampliar tu colecci\u00f3n de art\u00edculos de manga.<\/p>\n<p>En <a href=\"https:\/\/seven-deadly-sins.fandom.com\/fr\/wiki\/Seven_Deadly_Sins\" target=\"_blank\" rel=\"noopener noreferrer\">Los siete pecados capitales<\/a> son la orden de Caballeros Sagrados m\u00e1s poderosa, eficaz y temible del Reino de Liones. Su grupo est\u00e1 formado por siete \"pecadores inocentes\" inspirados en los Pecados Capitales atribuidos a los Humanos, y cada miembro lleva tatuado en la piel un \"s\u00edmbolo bestial\" diferente. Son los principales protagonistas de la serie.<\/p>\n<h2>El universo de los Siete Pecados Capitales en R\u00e9plique Manga Cin\u00e9: r\u00e9plicas, accesorios e inmersi\u00f3n total<\/h2>\n<p>En R\u00e9plique Manga Cin\u00e9, Seven Deadly Sins cobra vida con una exclusiva selecci\u00f3n de objetos de culto. Adem\u00e1s del llavero, descubre la r\u00e9plica del<a href=\"https:\/\/repliquemangacine.fr\/es\/siete-pecados-capitales-espadas\/meliodas-espada-tesoro-sagrado-lostvayne\/\">Espada Lostvayne<\/a>el Demon Slicer. Tambi\u00e9n est\u00e1 el<a href=\"https:\/\/repliquemangacine.fr\/es\/siete-pecados-capitales-espadas\/meliodas-espada-dragon\/\">espada del drag\u00f3n<\/a> o la espada rota de Meliodas, con su empu\u00f1adura met\u00e1lica de forma especial, estriada como las escamas de un drag\u00f3n. As\u00ed como la<a href=\"https:\/\/repliquemangacine.fr\/es\/siete-pecados-capitales-espadas\/la-espada-de-liz-en-los-siete-pecados-capitales\/\">La espada de Liz<\/a> a M\u00e9liodas. Obsequios para los aficionados <a href=\"https:\/\/repliquemangacine.fr\/es\/siete-pecados-capitales-espadas\/dragon-meliodas-siete-pecados-capitales-box-set\/\">esta caja de drag\u00f3n<\/a> 10 piezas de acero. Incluye: Lanza Chastiefol de King, Hacha Rhitta de Escanor, Hacha martillo Gideon de Diane y La espada del drag\u00f3n...<\/p>\n<p>En conclusi\u00f3n, combinando tus accesorios, puedes crear un aut\u00e9ntico ambiente 100% Seven Deadly Sins en casa o en la oficina. Colecciona, exhibe y vive tu pasi\u00f3n con estilo gracias a nuestros productos cuidadosamente seleccionados para todos los fans de este universo.<\/p>","protected":false},"excerpt":{"rendered":"<p>Magn\u00edfico llavero M\u00e9liodas Chibi<\/p>\n<ul>\n<li>Personaje acr\u00edlico en cada cara<\/li>\n<li>Mosquet\u00f3n y cadena de metal<\/li>\n<li>Altura: 5 cm - Anchura: 2,5 cm<\/li>\n<li>Longitud total con cadena y mosquet\u00f3n: 10 cm<\/li>\n<\/ul>","protected":false},"featured_media":83725,"template":"","meta":[],"product_brand":[896],"product_cat":[96,110],"product_tag":[],"class_list":{"0":"post-83722","1":"product","2":"type-product","3":"status-publish","4":"has-post-thumbnail","6":"product_brand-replique-manga-cine","7":"product_cat-porte-cles-goodies","8":"product_cat-epees-seven-deadly-sins","10":"first","11":"instock","12":"taxable","13":"shipping-taxable","14":"purchasable","15":"product-type-simple"},"yoast_head":"<!-- This site is optimized with the Yoast SEO plugin v27.4 - https:\/\/yoast.com\/product\/yoast-seo-wordpress\/ -->\n<title>Porte-cl\u00e9s Meliodas Chibi \u2013 Seven Deadly Sins - R\u00e9plique Manga Cin\u00e9<\/title>\n<meta name=\"description\" content=\"Porte-cl\u00e9s Meliodas version chibi. Fun, mignon et pratique pour tous les fans de Seven Deadly Sins. Un accessoire \u00e0 collectionner d\u2019urgence !\" \/>\n<meta name=\"robots\" content=\"index, follow, max-snippet:-1, max-image-preview:large, max-video-preview:-1\" \/>\n<link rel=\"canonical\" href=\"https:\/\/repliquemangacine.fr\/es\/siete-pecados-capitales-espadas\/llavero-meliodas-chibi-siete-pecados-capitales\/\" \/>\n<meta property=\"og:locale\" content=\"es_ES\" \/>\n<meta property=\"og:type\" content=\"article\" \/>\n<meta property=\"og:title\" content=\"Porte-cl\u00e9s Meliodas Chibi \u2013 Seven Deadly Sins - R\u00e9plique Manga Cin\u00e9\" \/>\n<meta property=\"og:description\" content=\"Porte-cl\u00e9s Meliodas version chibi. Fun, mignon et pratique pour tous les fans de Seven Deadly Sins. Un accessoire \u00e0 collectionner d\u2019urgence !\" \/>\n<meta property=\"og:url\" content=\"https:\/\/repliquemangacine.fr\/es\/siete-pecados-capitales-espadas\/llavero-meliodas-chibi-siete-pecados-capitales\/\" \/>\n<meta property=\"og:site_name\" content=\"R\u00e9plique Manga Cin\u00e9\" \/>\n<meta property=\"article:publisher\" content=\"https:\/\/www.facebook.com\/RepliqueMangaCine\" \/>\n<meta property=\"article:modified_time\" content=\"2025-11-13T00:05:06+00:00\" \/>\n<meta property=\"og:image\" content=\"https:\/\/repliquemangacine.fr\/wp-content\/uploads\/2025\/04\/Porte-cles-Meliodas-Chibi.jpg\" \/>\n\t<meta property=\"og:image:width\" content=\"500\" \/>\n\t<meta property=\"og:image:height\" content=\"500\" \/>\n\t<meta property=\"og:image:type\" content=\"image\/jpeg\" \/>\n<meta name=\"twitter:card\" content=\"summary_large_image\" \/>\n<meta name=\"twitter:label1\" content=\"Tiempo de lectura\" \/>\n\t<meta name=\"twitter:data1\" content=\"2 minutos\" \/>\n<script type=\"application\/ld+json\" class=\"yoast-schema-graph\">{\"@context\":\"https:\\\/\\\/schema.org\",\"@graph\":[{\"@type\":\"WebPage\",\"@id\":\"https:\\\/\\\/repliquemangacine.fr\\\/epees-seven-deadly-sins\\\/porte-cles-meliodas-chibi-seven-deadly-sins\\\/\",\"url\":\"https:\\\/\\\/repliquemangacine.fr\\\/epees-seven-deadly-sins\\\/porte-cles-meliodas-chibi-seven-deadly-sins\\\/\",\"name\":\"Porte-cl\u00e9s Meliodas Chibi \u2013 Seven Deadly Sins - R\u00e9plique Manga Cin\u00e9\",\"isPartOf\":{\"@id\":\"https:\\\/\\\/repliquemangacine.fr\\\/#website\"},\"primaryImageOfPage\":{\"@id\":\"https:\\\/\\\/repliquemangacine.fr\\\/epees-seven-deadly-sins\\\/porte-cles-meliodas-chibi-seven-deadly-sins\\\/#primaryimage\"},\"image\":{\"@id\":\"https:\\\/\\\/repliquemangacine.fr\\\/epees-seven-deadly-sins\\\/porte-cles-meliodas-chibi-seven-deadly-sins\\\/#primaryimage\"},\"thumbnailUrl\":\"https:\\\/\\\/repliquemangacine.fr\\\/wp-content\\\/uploads\\\/2025\\\/04\\\/Porte-cles-Meliodas-Chibi.jpg\",\"datePublished\":\"2025-04-21T13:41:49+00:00\",\"dateModified\":\"2025-11-13T00:05:06+00:00\",\"description\":\"Porte-cl\u00e9s Meliodas version chibi. Fun, mignon et pratique pour tous les fans de Seven Deadly Sins. Un accessoire \u00e0 collectionner d\u2019urgence !\",\"breadcrumb\":{\"@id\":\"https:\\\/\\\/repliquemangacine.fr\\\/epees-seven-deadly-sins\\\/porte-cles-meliodas-chibi-seven-deadly-sins\\\/#breadcrumb\"},\"inLanguage\":\"es\",\"potentialAction\":[{\"@type\":\"ReadAction\",\"target\":[\"https:\\\/\\\/repliquemangacine.fr\\\/epees-seven-deadly-sins\\\/porte-cles-meliodas-chibi-seven-deadly-sins\\\/\"]}]},{\"@type\":\"ImageObject\",\"inLanguage\":\"es\",\"@id\":\"https:\\\/\\\/repliquemangacine.fr\\\/epees-seven-deadly-sins\\\/porte-cles-meliodas-chibi-seven-deadly-sins\\\/#primaryimage\",\"url\":\"https:\\\/\\\/repliquemangacine.fr\\\/wp-content\\\/uploads\\\/2025\\\/04\\\/Porte-cles-Meliodas-Chibi.jpg\",\"contentUrl\":\"https:\\\/\\\/repliquemangacine.fr\\\/wp-content\\\/uploads\\\/2025\\\/04\\\/Porte-cles-Meliodas-Chibi.jpg\",\"width\":500,\"height\":500,\"caption\":\"Porte-cl\u00e9s M\u00e9liodas Chibi\"},{\"@type\":\"BreadcrumbList\",\"@id\":\"https:\\\/\\\/repliquemangacine.fr\\\/epees-seven-deadly-sins\\\/porte-cles-meliodas-chibi-seven-deadly-sins\\\/#breadcrumb\",\"itemListElement\":[{\"@type\":\"ListItem\",\"position\":1,\"name\":\"Accueil\",\"item\":\"https:\\\/\\\/repliquemangacine.fr\\\/\"},{\"@type\":\"ListItem\",\"position\":2,\"name\":\"Produits\",\"item\":\"https:\\\/\\\/repliquemangacine.fr\\\/boutique\\\/\"},{\"@type\":\"ListItem\",\"position\":3,\"name\":\"Porte-cl\u00e9s Meliodas Chibi \u2013 Seven Deadly Sins\"}]},{\"@type\":\"WebSite\",\"@id\":\"https:\\\/\\\/repliquemangacine.fr\\\/#website\",\"url\":\"https:\\\/\\\/repliquemangacine.fr\\\/\",\"name\":\"R\u00e9plique Manga Cin\u00e9\",\"description\":\"\",\"publisher\":{\"@id\":\"https:\\\/\\\/repliquemangacine.fr\\\/#organization\"},\"potentialAction\":[{\"@type\":\"SearchAction\",\"target\":{\"@type\":\"EntryPoint\",\"urlTemplate\":\"https:\\\/\\\/repliquemangacine.fr\\\/?s={search_term_string}\"},\"query-input\":{\"@type\":\"PropertyValueSpecification\",\"valueRequired\":true,\"valueName\":\"search_term_string\"}}],\"inLanguage\":\"es\"},{\"@type\":\"Organization\",\"@id\":\"https:\\\/\\\/repliquemangacine.fr\\\/#organization\",\"name\":\"R\u00e9plique Manga Cin\u00e9\",\"url\":\"https:\\\/\\\/repliquemangacine.fr\\\/\",\"logo\":{\"@type\":\"ImageObject\",\"inLanguage\":\"es\",\"@id\":\"https:\\\/\\\/repliquemangacine.fr\\\/#\\\/schema\\\/logo\\\/image\\\/\",\"url\":\"https:\\\/\\\/repliquemangacine.fr\\\/wp-content\\\/uploads\\\/2023\\\/10\\\/RMC-500250.png\",\"contentUrl\":\"https:\\\/\\\/repliquemangacine.fr\\\/wp-content\\\/uploads\\\/2023\\\/10\\\/RMC-500250.png\",\"width\":500,\"height\":250,\"caption\":\"R\u00e9plique Manga Cin\u00e9\"},\"image\":{\"@id\":\"https:\\\/\\\/repliquemangacine.fr\\\/#\\\/schema\\\/logo\\\/image\\\/\"},\"sameAs\":[\"https:\\\/\\\/www.facebook.com\\\/RepliqueMangaCine\",\"https:\\\/\\\/www.instagram.com\\\/repliquemangacine.fr\\\/\"]}]}<\/script>\n<!-- \/ Yoast SEO plugin. -->","yoast_head_json":{"title":"Llavero Meliodas Chibi - Siete Pecados Capitales - R\u00e9plique Manga Cin\u00e9","description":"Llavero de Meliodas, versi\u00f3n chibi. Divertido, bonito y pr\u00e1ctico para todos los fans de Seven Deadly Sins. \u00a1Un accesorio imprescindible!","robots":{"index":"index","follow":"follow","max-snippet":"max-snippet:-1","max-image-preview":"max-image-preview:large","max-video-preview":"max-video-preview:-1"},"canonical":"https:\/\/repliquemangacine.fr\/es\/siete-pecados-capitales-espadas\/llavero-meliodas-chibi-siete-pecados-capitales\/","og_locale":"es_ES","og_type":"article","og_title":"Porte-cl\u00e9s Meliodas Chibi \u2013 Seven Deadly Sins - R\u00e9plique Manga Cin\u00e9","og_description":"Porte-cl\u00e9s Meliodas version chibi. Fun, mignon et pratique pour tous les fans de Seven Deadly Sins. Un accessoire \u00e0 collectionner d\u2019urgence !","og_url":"https:\/\/repliquemangacine.fr\/es\/siete-pecados-capitales-espadas\/llavero-meliodas-chibi-siete-pecados-capitales\/","og_site_name":"R\u00e9plique Manga Cin\u00e9","article_publisher":"https:\/\/www.facebook.com\/RepliqueMangaCine","article_modified_time":"2025-11-13T00:05:06+00:00","og_image":[{"width":500,"height":500,"url":"https:\/\/repliquemangacine.fr\/wp-content\/uploads\/2025\/04\/Porte-cles-Meliodas-Chibi.jpg","type":"image\/jpeg"}],"twitter_card":"summary_large_image","twitter_misc":{"Tiempo de lectura":"2 minutos"},"schema":{"@context":"https:\/\/schema.org","@graph":[{"@type":"WebPage","@id":"https:\/\/repliquemangacine.fr\/epees-seven-deadly-sins\/porte-cles-meliodas-chibi-seven-deadly-sins\/","url":"https:\/\/repliquemangacine.fr\/epees-seven-deadly-sins\/porte-cles-meliodas-chibi-seven-deadly-sins\/","name":"Llavero Meliodas Chibi - Siete Pecados Capitales - R\u00e9plique Manga Cin\u00e9","isPartOf":{"@id":"https:\/\/repliquemangacine.fr\/#website"},"primaryImageOfPage":{"@id":"https:\/\/repliquemangacine.fr\/epees-seven-deadly-sins\/porte-cles-meliodas-chibi-seven-deadly-sins\/#primaryimage"},"image":{"@id":"https:\/\/repliquemangacine.fr\/epees-seven-deadly-sins\/porte-cles-meliodas-chibi-seven-deadly-sins\/#primaryimage"},"thumbnailUrl":"https:\/\/repliquemangacine.fr\/wp-content\/uploads\/2025\/04\/Porte-cles-Meliodas-Chibi.jpg","datePublished":"2025-04-21T13:41:49+00:00","dateModified":"2025-11-13T00:05:06+00:00","description":"Llavero de Meliodas, versi\u00f3n chibi. Divertido, bonito y pr\u00e1ctico para todos los fans de Seven Deadly Sins. \u00a1Un accesorio imprescindible!","breadcrumb":{"@id":"https:\/\/repliquemangacine.fr\/epees-seven-deadly-sins\/porte-cles-meliodas-chibi-seven-deadly-sins\/#breadcrumb"},"inLanguage":"es","potentialAction":[{"@type":"ReadAction","target":["https:\/\/repliquemangacine.fr\/epees-seven-deadly-sins\/porte-cles-meliodas-chibi-seven-deadly-sins\/"]}]},{"@type":"ImageObject","inLanguage":"es","@id":"https:\/\/repliquemangacine.fr\/epees-seven-deadly-sins\/porte-cles-meliodas-chibi-seven-deadly-sins\/#primaryimage","url":"https:\/\/repliquemangacine.fr\/wp-content\/uploads\/2025\/04\/Porte-cles-Meliodas-Chibi.jpg","contentUrl":"https:\/\/repliquemangacine.fr\/wp-content\/uploads\/2025\/04\/Porte-cles-Meliodas-Chibi.jpg","width":500,"height":500,"caption":"Porte-cl\u00e9s M\u00e9liodas Chibi"},{"@type":"BreadcrumbList","@id":"https:\/\/repliquemangacine.fr\/epees-seven-deadly-sins\/porte-cles-meliodas-chibi-seven-deadly-sins\/#breadcrumb","itemListElement":[{"@type":"ListItem","position":1,"name":"Accueil","item":"https:\/\/repliquemangacine.fr\/"},{"@type":"ListItem","position":2,"name":"Produits","item":"https:\/\/repliquemangacine.fr\/boutique\/"},{"@type":"ListItem","position":3,"name":"Porte-cl\u00e9s Meliodas Chibi \u2013 Seven Deadly Sins"}]},{"@type":"WebSite","@id":"https:\/\/repliquemangacine.fr\/#website","url":"https:\/\/repliquemangacine.fr\/","name":"R\u00e9plique Manga Cin\u00e9","description":"","publisher":{"@id":"https:\/\/repliquemangacine.fr\/#organization"},"potentialAction":[{"@type":"SearchAction","target":{"@type":"EntryPoint","urlTemplate":"https:\/\/repliquemangacine.fr\/?s={search_term_string}"},"query-input":{"@type":"PropertyValueSpecification","valueRequired":true,"valueName":"search_term_string"}}],"inLanguage":"es"},{"@type":"Organization","@id":"https:\/\/repliquemangacine.fr\/#organization","name":"R\u00e9plique Manga Cin\u00e9","url":"https:\/\/repliquemangacine.fr\/","logo":{"@type":"ImageObject","inLanguage":"es","@id":"https:\/\/repliquemangacine.fr\/#\/schema\/logo\/image\/","url":"https:\/\/repliquemangacine.fr\/wp-content\/uploads\/2023\/10\/RMC-500250.png","contentUrl":"https:\/\/repliquemangacine.fr\/wp-content\/uploads\/2023\/10\/RMC-500250.png","width":500,"height":250,"caption":"R\u00e9plique Manga Cin\u00e9"},"image":{"@id":"https:\/\/repliquemangacine.fr\/#\/schema\/logo\/image\/"},"sameAs":["https:\/\/www.facebook.com\/RepliqueMangaCine","https:\/\/www.instagram.com\/repliquemangacine.fr\/"]}]}},"_links":{"self":[{"href":"https:\/\/repliquemangacine.fr\/es\/wp-json\/wp\/v2\/product\/83722","targetHints":{"allow":["GET"]}}],"collection":[{"href":"https:\/\/repliquemangacine.fr\/es\/wp-json\/wp\/v2\/product"}],"about":[{"href":"https:\/\/repliquemangacine.fr\/es\/wp-json\/wp\/v2\/types\/product"}],"wp:featuredmedia":[{"embeddable":true,"href":"https:\/\/repliquemangacine.fr\/es\/wp-json\/wp\/v2\/media\/83725"}],"wp:attachment":[{"href":"https:\/\/repliquemangacine.fr\/es\/wp-json\/wp\/v2\/media?parent=83722"}],"wp:term":[{"taxonomy":"product_brand","embeddable":true,"href":"https:\/\/repliquemangacine.fr\/es\/wp-json\/wp\/v2\/product_brand?post=83722"},{"taxonomy":"product_cat","embeddable":true,"href":"https:\/\/repliquemangacine.fr\/es\/wp-json\/wp\/v2\/product_cat?post=83722"},{"taxonomy":"product_tag","embeddable":true,"href":"https:\/\/repliquemangacine.fr\/es\/wp-json\/wp\/v2\/product_tag?post=83722"}],"curies":[{"name":"wp","href":"https:\/\/api.w.org\/{rel}","templated":true}]}}