





{"id":83712,"date":"2025-04-21T14:35:17","date_gmt":"2025-04-21T12:35:17","guid":{"rendered":"https:\/\/repliquemangacine.fr\/?post_type=product&#038;p=83712"},"modified":"2025-11-13T01:05:58","modified_gmt":"2025-11-13T00:05:58","slug":"llavero-dmc-devil-may-cry","status":"publish","type":"product","link":"https:\/\/repliquemangacine.fr\/es\/porte-cles-goodies\/porte-cles-dmc-devil-may-cry\/","title":{"rendered":"Llavero DMC - Devil May Cry"},"content":{"rendered":"<h2>Llavero DMC - Devil May Cry - Estilo demon\u00edaco al alcance de tu mano<\/h2>\n<p>En primer lugar, sum\u00e9rgete en el oscuro y elegante universo de Devil May Cry con este llavero coleccionable con la imagen de la saga de culto. Compacto y pr\u00e1ctico, es perfecto para a\u00f1adir un toque rebelde a tus llaves, bolso o chaqueta favoritos.<br \/>\nSu cuidado dise\u00f1o evoca la est\u00e9tica nerviosa y elegante de <a href=\"https:\/\/devilmaycry.fandom.com\/wiki\/Dante\" target=\"_blank\" rel=\"noopener noreferrer\">Dante<\/a>, el cazador de demonios m\u00e1s genial de los videojuegos. Ligero pero resistente, est\u00e1 dise\u00f1ado para durar y mantener ese estilo \u00fanico que tanto gusta a los fans. Imprescindible para los gamers y coleccionistas aficionados a la acci\u00f3n y las r\u00e9plicas con estilo. Lleva contigo un fragmento del universo DMC all\u00e1 donde vayas con este llavero tan elegante como ic\u00f3nico.<\/p>\n<p>Dante es el protagonista principal de la serie Devil May Cry. Es el segundo hijo del demonio Sparda y la humana Eva, y el hermano gemelo menor de Vergil. Dante es un mercenario paranormal, investigador privado y vigilante Cazador del Diablo dedicado a exterminar a los demonios del mal y otras fuerzas sobrenaturales mal\u00e9ficas, una misi\u00f3n que persigue en busca de aquellos que mataron a su madre y corrompieron a su hermano.<\/p>\n<h2>Encuentre todas sus r\u00e9plicas y objetos de colecci\u00f3n de DMC en R\u00e9plique Manga Cin\u00e9<\/h2>\n<p>R\u00e9plique Manga Cin\u00e9 te ofrece mucho m\u00e1s que un llavero: todo un mundo de videojuegos te est\u00e1 esperando. Para empezar, descubre el magistral <a href=\"https:\/\/repliquemangacine.fr\/es\/katana-y-espada-videojuego-otros-videojuegos\/devil-sword-epee-du-diable-de-dante-devil-my-cry\/\">Espada del Diablo<\/a> de Dante en Devil My Cry 5, fabricada \u00edntegramente en fibra de vidrio con una estructura met\u00e1lica en su interior. Tambi\u00e9n est\u00e1 esta r\u00e9plica del<a href=\"https:\/\/repliquemangacine.fr\/es\/katana-y-espada-videojuego-otros-videojuegos\/espada-roja-reina-diablo-mi-grito\/\">Espada Reina Roja de Nero<\/a>Con empu\u00f1adura de acelerador id\u00e9ntica a la del juego. Tambi\u00e9n est\u00e1 disponible una versi\u00f3n con daga. Por \u00faltimo, el magn\u00edfico <a href=\"https:\/\/repliquemangacine.fr\/es\/katana-y-espada-videojuego-otros-videojuegos\/katana-vergil-yamato-v2\/\">Katana de Vergil<\/a>, Yamato en su nueva versi\u00f3n en Devil My Cry 5. Adem\u00e1s, es evidente que el Yamato original tambi\u00e9n se encuentra en nuestro cat\u00e1logo.<\/p>\n<p>Como habr\u00e1s comprendido, estas espadas no son solo armas, sino tambi\u00e9n extensiones de los personajes que las manejan.<\/p>","protected":false},"excerpt":{"rendered":"<p>Magn\u00edfico llavero Devil My Cry<\/p>\n<ul>\n<li>Totalmente de acero<\/li>\n<li>Cadena, anilla y mosquet\u00f3n de acero<\/li>\n<li>Se suministra en un bl\u00edster<\/li>\n<li>Altura del logotipo: 5,5 cm - Anchura: 2,5 cm<\/li>\n<li>Longitud total con anilla y cadena: 11,5 cm<\/li>\n<\/ul>","protected":false},"featured_media":83714,"template":"","meta":[],"product_brand":[896],"product_cat":[94,96],"product_tag":[],"class_list":{"0":"post-83712","1":"product","2":"type-product","3":"status-publish","4":"has-post-thumbnail","6":"product_brand-replique-manga-cine","7":"product_cat-goodies","8":"product_cat-porte-cles-goodies","10":"first","11":"instock","12":"taxable","13":"shipping-taxable","14":"purchasable","15":"product-type-simple"},"yoast_head":"<!-- This site is optimized with the Yoast SEO plugin v27.4 - https:\/\/yoast.com\/product\/yoast-seo-wordpress\/ -->\n<title>Porte-cl\u00e9s DMC - Devil May Cry - R\u00e9plique Manga Cin\u00e9<\/title>\n<meta name=\"description\" content=\"Porte-cl\u00e9s DMC (Devil May Cry) au design styl\u00e9. Accessoire gamer incontournable. L\u2019univers de Dante \u00e0 accrocher \u00e0 vos cl\u00e9s ou sac. Bo\u00eete vitrine.\" \/>\n<meta name=\"robots\" content=\"index, follow, max-snippet:-1, max-image-preview:large, max-video-preview:-1\" \/>\n<link rel=\"canonical\" href=\"https:\/\/repliquemangacine.fr\/es\/llaveros\/llavero-dmc-devil-may-cry\/\" \/>\n<meta property=\"og:locale\" content=\"es_ES\" \/>\n<meta property=\"og:type\" content=\"article\" \/>\n<meta property=\"og:title\" content=\"Porte-cl\u00e9s DMC - Devil May Cry - R\u00e9plique Manga Cin\u00e9\" \/>\n<meta property=\"og:description\" content=\"Porte-cl\u00e9s DMC (Devil May Cry) au design styl\u00e9. Accessoire gamer incontournable. L\u2019univers de Dante \u00e0 accrocher \u00e0 vos cl\u00e9s ou sac. Bo\u00eete vitrine.\" \/>\n<meta property=\"og:url\" content=\"https:\/\/repliquemangacine.fr\/es\/llaveros\/llavero-dmc-devil-may-cry\/\" \/>\n<meta property=\"og:site_name\" content=\"R\u00e9plique Manga Cin\u00e9\" \/>\n<meta property=\"article:publisher\" content=\"https:\/\/www.facebook.com\/RepliqueMangaCine\" \/>\n<meta property=\"article:modified_time\" content=\"2025-11-13T00:05:58+00:00\" \/>\n<meta property=\"og:image\" content=\"https:\/\/repliquemangacine.fr\/wp-content\/uploads\/2025\/04\/porte-cles-Devil-My-Cry.jpg\" \/>\n\t<meta property=\"og:image:width\" content=\"500\" \/>\n\t<meta property=\"og:image:height\" content=\"500\" \/>\n\t<meta property=\"og:image:type\" content=\"image\/jpeg\" \/>\n<meta name=\"twitter:card\" content=\"summary_large_image\" \/>\n<meta name=\"twitter:label1\" content=\"Tiempo de lectura\" \/>\n\t<meta name=\"twitter:data1\" content=\"2 minutos\" \/>\n<script type=\"application\/ld+json\" class=\"yoast-schema-graph\">{\"@context\":\"https:\\\/\\\/schema.org\",\"@graph\":[{\"@type\":\"WebPage\",\"@id\":\"https:\\\/\\\/repliquemangacine.fr\\\/porte-cles-goodies\\\/porte-cles-dmc-devil-may-cry\\\/\",\"url\":\"https:\\\/\\\/repliquemangacine.fr\\\/porte-cles-goodies\\\/porte-cles-dmc-devil-may-cry\\\/\",\"name\":\"Porte-cl\u00e9s DMC - Devil May Cry - R\u00e9plique Manga Cin\u00e9\",\"isPartOf\":{\"@id\":\"https:\\\/\\\/repliquemangacine.fr\\\/#website\"},\"primaryImageOfPage\":{\"@id\":\"https:\\\/\\\/repliquemangacine.fr\\\/porte-cles-goodies\\\/porte-cles-dmc-devil-may-cry\\\/#primaryimage\"},\"image\":{\"@id\":\"https:\\\/\\\/repliquemangacine.fr\\\/porte-cles-goodies\\\/porte-cles-dmc-devil-may-cry\\\/#primaryimage\"},\"thumbnailUrl\":\"https:\\\/\\\/repliquemangacine.fr\\\/wp-content\\\/uploads\\\/2025\\\/04\\\/porte-cles-Devil-My-Cry.jpg\",\"datePublished\":\"2025-04-21T12:35:17+00:00\",\"dateModified\":\"2025-11-13T00:05:58+00:00\",\"description\":\"Porte-cl\u00e9s DMC (Devil May Cry) au design styl\u00e9. Accessoire gamer incontournable. L\u2019univers de Dante \u00e0 accrocher \u00e0 vos cl\u00e9s ou sac. Bo\u00eete vitrine.\",\"breadcrumb\":{\"@id\":\"https:\\\/\\\/repliquemangacine.fr\\\/porte-cles-goodies\\\/porte-cles-dmc-devil-may-cry\\\/#breadcrumb\"},\"inLanguage\":\"es\",\"potentialAction\":[{\"@type\":\"ReadAction\",\"target\":[\"https:\\\/\\\/repliquemangacine.fr\\\/porte-cles-goodies\\\/porte-cles-dmc-devil-may-cry\\\/\"]}]},{\"@type\":\"ImageObject\",\"inLanguage\":\"es\",\"@id\":\"https:\\\/\\\/repliquemangacine.fr\\\/porte-cles-goodies\\\/porte-cles-dmc-devil-may-cry\\\/#primaryimage\",\"url\":\"https:\\\/\\\/repliquemangacine.fr\\\/wp-content\\\/uploads\\\/2025\\\/04\\\/porte-cles-Devil-My-Cry.jpg\",\"contentUrl\":\"https:\\\/\\\/repliquemangacine.fr\\\/wp-content\\\/uploads\\\/2025\\\/04\\\/porte-cles-Devil-My-Cry.jpg\",\"width\":500,\"height\":500,\"caption\":\"Porte-cl\u00e9s DMC\"},{\"@type\":\"BreadcrumbList\",\"@id\":\"https:\\\/\\\/repliquemangacine.fr\\\/porte-cles-goodies\\\/porte-cles-dmc-devil-may-cry\\\/#breadcrumb\",\"itemListElement\":[{\"@type\":\"ListItem\",\"position\":1,\"name\":\"Accueil\",\"item\":\"https:\\\/\\\/repliquemangacine.fr\\\/\"},{\"@type\":\"ListItem\",\"position\":2,\"name\":\"Produits\",\"item\":\"https:\\\/\\\/repliquemangacine.fr\\\/boutique\\\/\"},{\"@type\":\"ListItem\",\"position\":3,\"name\":\"Porte-cl\u00e9s DMC &#8211; Devil May Cry\"}]},{\"@type\":\"WebSite\",\"@id\":\"https:\\\/\\\/repliquemangacine.fr\\\/#website\",\"url\":\"https:\\\/\\\/repliquemangacine.fr\\\/\",\"name\":\"R\u00e9plique Manga Cin\u00e9\",\"description\":\"\",\"publisher\":{\"@id\":\"https:\\\/\\\/repliquemangacine.fr\\\/#organization\"},\"potentialAction\":[{\"@type\":\"SearchAction\",\"target\":{\"@type\":\"EntryPoint\",\"urlTemplate\":\"https:\\\/\\\/repliquemangacine.fr\\\/?s={search_term_string}\"},\"query-input\":{\"@type\":\"PropertyValueSpecification\",\"valueRequired\":true,\"valueName\":\"search_term_string\"}}],\"inLanguage\":\"es\"},{\"@type\":\"Organization\",\"@id\":\"https:\\\/\\\/repliquemangacine.fr\\\/#organization\",\"name\":\"R\u00e9plique Manga Cin\u00e9\",\"url\":\"https:\\\/\\\/repliquemangacine.fr\\\/\",\"logo\":{\"@type\":\"ImageObject\",\"inLanguage\":\"es\",\"@id\":\"https:\\\/\\\/repliquemangacine.fr\\\/#\\\/schema\\\/logo\\\/image\\\/\",\"url\":\"https:\\\/\\\/repliquemangacine.fr\\\/wp-content\\\/uploads\\\/2023\\\/10\\\/RMC-500250.png\",\"contentUrl\":\"https:\\\/\\\/repliquemangacine.fr\\\/wp-content\\\/uploads\\\/2023\\\/10\\\/RMC-500250.png\",\"width\":500,\"height\":250,\"caption\":\"R\u00e9plique Manga Cin\u00e9\"},\"image\":{\"@id\":\"https:\\\/\\\/repliquemangacine.fr\\\/#\\\/schema\\\/logo\\\/image\\\/\"},\"sameAs\":[\"https:\\\/\\\/www.facebook.com\\\/RepliqueMangaCine\",\"https:\\\/\\\/www.instagram.com\\\/repliquemangacine.fr\\\/\"]}]}<\/script>\n<!-- \/ Yoast SEO plugin. -->","yoast_head_json":{"title":"Llavero DMC - Devil May Cry - R\u00e9plique Manga Cin\u00e9","description":"Llavero de DMC (Devil May Cry) con un dise\u00f1o elegante. Un accesorio gamer imprescindible. El mundo de Dante para colgar en tus llaves o bolso. Caja expositora.","robots":{"index":"index","follow":"follow","max-snippet":"max-snippet:-1","max-image-preview":"max-image-preview:large","max-video-preview":"max-video-preview:-1"},"canonical":"https:\/\/repliquemangacine.fr\/es\/llaveros\/llavero-dmc-devil-may-cry\/","og_locale":"es_ES","og_type":"article","og_title":"Porte-cl\u00e9s DMC - Devil May Cry - R\u00e9plique Manga Cin\u00e9","og_description":"Porte-cl\u00e9s DMC (Devil May Cry) au design styl\u00e9. Accessoire gamer incontournable. L\u2019univers de Dante \u00e0 accrocher \u00e0 vos cl\u00e9s ou sac. Bo\u00eete vitrine.","og_url":"https:\/\/repliquemangacine.fr\/es\/llaveros\/llavero-dmc-devil-may-cry\/","og_site_name":"R\u00e9plique Manga Cin\u00e9","article_publisher":"https:\/\/www.facebook.com\/RepliqueMangaCine","article_modified_time":"2025-11-13T00:05:58+00:00","og_image":[{"width":500,"height":500,"url":"https:\/\/repliquemangacine.fr\/wp-content\/uploads\/2025\/04\/porte-cles-Devil-My-Cry.jpg","type":"image\/jpeg"}],"twitter_card":"summary_large_image","twitter_misc":{"Tiempo de lectura":"2 minutos"},"schema":{"@context":"https:\/\/schema.org","@graph":[{"@type":"WebPage","@id":"https:\/\/repliquemangacine.fr\/porte-cles-goodies\/porte-cles-dmc-devil-may-cry\/","url":"https:\/\/repliquemangacine.fr\/porte-cles-goodies\/porte-cles-dmc-devil-may-cry\/","name":"Llavero DMC - Devil May Cry - R\u00e9plique Manga Cin\u00e9","isPartOf":{"@id":"https:\/\/repliquemangacine.fr\/#website"},"primaryImageOfPage":{"@id":"https:\/\/repliquemangacine.fr\/porte-cles-goodies\/porte-cles-dmc-devil-may-cry\/#primaryimage"},"image":{"@id":"https:\/\/repliquemangacine.fr\/porte-cles-goodies\/porte-cles-dmc-devil-may-cry\/#primaryimage"},"thumbnailUrl":"https:\/\/repliquemangacine.fr\/wp-content\/uploads\/2025\/04\/porte-cles-Devil-My-Cry.jpg","datePublished":"2025-04-21T12:35:17+00:00","dateModified":"2025-11-13T00:05:58+00:00","description":"Llavero de DMC (Devil May Cry) con un dise\u00f1o elegante. Un accesorio gamer imprescindible. El mundo de Dante para colgar en tus llaves o bolso. Caja expositora.","breadcrumb":{"@id":"https:\/\/repliquemangacine.fr\/porte-cles-goodies\/porte-cles-dmc-devil-may-cry\/#breadcrumb"},"inLanguage":"es","potentialAction":[{"@type":"ReadAction","target":["https:\/\/repliquemangacine.fr\/porte-cles-goodies\/porte-cles-dmc-devil-may-cry\/"]}]},{"@type":"ImageObject","inLanguage":"es","@id":"https:\/\/repliquemangacine.fr\/porte-cles-goodies\/porte-cles-dmc-devil-may-cry\/#primaryimage","url":"https:\/\/repliquemangacine.fr\/wp-content\/uploads\/2025\/04\/porte-cles-Devil-My-Cry.jpg","contentUrl":"https:\/\/repliquemangacine.fr\/wp-content\/uploads\/2025\/04\/porte-cles-Devil-My-Cry.jpg","width":500,"height":500,"caption":"Porte-cl\u00e9s DMC"},{"@type":"BreadcrumbList","@id":"https:\/\/repliquemangacine.fr\/porte-cles-goodies\/porte-cles-dmc-devil-may-cry\/#breadcrumb","itemListElement":[{"@type":"ListItem","position":1,"name":"Accueil","item":"https:\/\/repliquemangacine.fr\/"},{"@type":"ListItem","position":2,"name":"Produits","item":"https:\/\/repliquemangacine.fr\/boutique\/"},{"@type":"ListItem","position":3,"name":"Porte-cl\u00e9s DMC &#8211; Devil May Cry"}]},{"@type":"WebSite","@id":"https:\/\/repliquemangacine.fr\/#website","url":"https:\/\/repliquemangacine.fr\/","name":"R\u00e9plique Manga Cin\u00e9","description":"","publisher":{"@id":"https:\/\/repliquemangacine.fr\/#organization"},"potentialAction":[{"@type":"SearchAction","target":{"@type":"EntryPoint","urlTemplate":"https:\/\/repliquemangacine.fr\/?s={search_term_string}"},"query-input":{"@type":"PropertyValueSpecification","valueRequired":true,"valueName":"search_term_string"}}],"inLanguage":"es"},{"@type":"Organization","@id":"https:\/\/repliquemangacine.fr\/#organization","name":"R\u00e9plique Manga Cin\u00e9","url":"https:\/\/repliquemangacine.fr\/","logo":{"@type":"ImageObject","inLanguage":"es","@id":"https:\/\/repliquemangacine.fr\/#\/schema\/logo\/image\/","url":"https:\/\/repliquemangacine.fr\/wp-content\/uploads\/2023\/10\/RMC-500250.png","contentUrl":"https:\/\/repliquemangacine.fr\/wp-content\/uploads\/2023\/10\/RMC-500250.png","width":500,"height":250,"caption":"R\u00e9plique Manga Cin\u00e9"},"image":{"@id":"https:\/\/repliquemangacine.fr\/#\/schema\/logo\/image\/"},"sameAs":["https:\/\/www.facebook.com\/RepliqueMangaCine","https:\/\/www.instagram.com\/repliquemangacine.fr\/"]}]}},"_links":{"self":[{"href":"https:\/\/repliquemangacine.fr\/es\/wp-json\/wp\/v2\/product\/83712","targetHints":{"allow":["GET"]}}],"collection":[{"href":"https:\/\/repliquemangacine.fr\/es\/wp-json\/wp\/v2\/product"}],"about":[{"href":"https:\/\/repliquemangacine.fr\/es\/wp-json\/wp\/v2\/types\/product"}],"wp:featuredmedia":[{"embeddable":true,"href":"https:\/\/repliquemangacine.fr\/es\/wp-json\/wp\/v2\/media\/83714"}],"wp:attachment":[{"href":"https:\/\/repliquemangacine.fr\/es\/wp-json\/wp\/v2\/media?parent=83712"}],"wp:term":[{"taxonomy":"product_brand","embeddable":true,"href":"https:\/\/repliquemangacine.fr\/es\/wp-json\/wp\/v2\/product_brand?post=83712"},{"taxonomy":"product_cat","embeddable":true,"href":"https:\/\/repliquemangacine.fr\/es\/wp-json\/wp\/v2\/product_cat?post=83712"},{"taxonomy":"product_tag","embeddable":true,"href":"https:\/\/repliquemangacine.fr\/es\/wp-json\/wp\/v2\/product_tag?post=83712"}],"curies":[{"name":"wp","href":"https:\/\/api.w.org\/{rel}","templated":true}]}}