





{"id":83705,"date":"2025-04-20T23:46:36","date_gmt":"2025-04-20T21:46:36","guid":{"rendered":"https:\/\/repliquemangacine.fr\/?post_type=product&#038;p=83705"},"modified":"2025-11-13T01:07:07","modified_gmt":"2025-11-13T00:07:07","slug":"llavero-capitan-america-chibi","status":"publish","type":"product","link":"https:\/\/repliquemangacine.fr\/es\/porte-cles-goodies\/porte-cles-captain-america-chibi\/","title":{"rendered":"Llavero Capit\u00e1n Am\u00e9rica Chibi"},"content":{"rendered":"<h2>Llavero Capit\u00e1n Am\u00e9rica Chibi - Un h\u00e9roe Marvel para llevar a todas partes<\/h2>\n<p>En primer lugar, d\u00e9jate seducir por este llavero Captain America versi\u00f3n chibi, una adorable figurita fiel al famoso h\u00e9roe del universo Marvel. Fabricado en goma flexible de alta calidad, combina resistencia, estilo y ligereza para un uso diario sin limitaciones. Equipado con una anilla resistente y un mosquet\u00f3n de metal, es perfecto para colgarlo de tus llaves o bolsos. Se presenta en un bl\u00edster con ventana, ideal para coleccionistas y fans de los superh\u00e9roes.<\/p>\n<p>Capit\u00e1n Am\u00e9rica, alias <a href=\"https:\/\/universcinematographiquemarvel.fandom.com\/fr\/wiki\/Steve_Rogers\" target=\"_blank\" rel=\"noopener noreferrer\">Steve Rogers<\/a>, encarna la valent\u00eda, la justicia y el liderazgo dentro de los Vengadores. Adem\u00e1s, incluso en versi\u00f3n chibi, conserva todo su carisma y su emblem\u00e1tico escudo. Un regalo geek original, divertido y accesible para todos los apasionados del universo Marvel, tanto peque\u00f1os como mayores.<\/p>\n<p>Cabe destacar que, dentro del universo Marvel, te ofrecemos otros llaveros de tus personajes favoritos. Est\u00e1 el de Wonder Woman, as\u00ed como el martillo de Thor. Tambi\u00e9n est\u00e1 el hacha martillo de Thor. Sin olvidar el magn\u00edfico <a href=\"https:\/\/repliquemangacine.fr\/es\/varias-golosinas\/marvel-avengers-set-11-piezas\/\">Marvel Avengers box set<\/a> Set de 11 piezas que incluye: guante de Thanos, m\u00e1scara de Iron Man, escudo del Capit\u00e1n Am\u00e9rica...<\/p>\n<h2>Encuentra a todos tus superh\u00e9roes favoritos en R\u00e9plique Manga Cin\u00e9<\/h2>\n<p>R\u00e9plique Manga Cin\u00e9 te ofrece mucho m\u00e1s que un llavero: todo el mundo de los superh\u00e9roes te est\u00e1 esperando. Descubre el <a href=\"https:\/\/repliquemangacine.fr\/es\/superheroes-marvel\/dagas-drax-guardianes-de-la-galaxia\/\">Las dagas de Drax<\/a> de los Guardianes de la Galaxia, piezas fieles y poderosas para exhibir o usar en cosplay. Tambi\u00e9n est\u00e1 el <a href=\"https:\/\/repliquemangacine.fr\/es\/superheroes-marvel\/daquaman-tridente-210-cm-metal\/\">El tridente met\u00e1lico de Aquaman<\/a> 210 cm: una impresionante r\u00e9plica de gran formato. Sin olvidar la ineludible <a href=\"https:\/\/repliquemangacine.fr\/es\/superheroes-marvel\/capitan-america-escudo-version-de-lujo\/\">El escudo del Capit\u00e1n Am\u00e9rica<\/a>, fiel en tama\u00f1o y acabado para todos los fans del Primer Vengador. El martillo de Thor, Mj\u00f6lnir, tambi\u00e9n est\u00e1 disponible, listo para ser levantado por los m\u00e1s dignos entre vosotros.<br \/>\nY esto es solo el principio: en nuestra tienda encontrar\u00e1s figuras, armas y objetos de colecci\u00f3n de todo el universo Marvel. En definitiva, este llavero har\u00e1 las delicias de los aficionados.<\/p>","protected":false},"excerpt":{"rendered":"<p>Original este llavero del Capit\u00e1n Am\u00e9rica Chibi<\/p>\n<ul>\n<li>Figurita chibi de goma blanda<\/li>\n<li>Cadena, anilla y mosquet\u00f3n de acero<\/li>\n<li>Se suministra en un bl\u00edster<\/li>\n<li>Altura del personaje: 6 cm - Peso: 40 g<\/li>\n<\/ul>","protected":false},"featured_media":83706,"template":"","meta":[],"product_brand":[896],"product_cat":[94,96,59],"product_tag":[],"class_list":{"0":"post-83705","1":"product","2":"type-product","3":"status-publish","4":"has-post-thumbnail","6":"product_brand-replique-manga-cine","7":"product_cat-goodies","8":"product_cat-porte-cles-goodies","9":"product_cat-super-heros-marvel","11":"first","12":"instock","13":"taxable","14":"shipping-taxable","15":"purchasable","16":"product-type-simple"},"yoast_head":"<!-- This site is optimized with the Yoast SEO plugin v27.4 - https:\/\/yoast.com\/product\/yoast-seo-wordpress\/ -->\n<title>Porte-cl\u00e9s Captain America Chibi - R\u00e9plique Manga Cin\u00e9<\/title>\n<meta name=\"description\" content=\"Craquez pour le porte-cl\u00e9s Captain America chibi ! Et explorez nos r\u00e9pliques super h\u00e9ros : trident d\u2019Aquaman, bouclier, Mj\u00f6lnir et plus encore.\" \/>\n<meta name=\"robots\" content=\"index, follow, max-snippet:-1, max-image-preview:large, max-video-preview:-1\" \/>\n<link rel=\"canonical\" href=\"https:\/\/repliquemangacine.fr\/es\/llaveros\/llavero-capitan-america-chibi\/\" \/>\n<meta property=\"og:locale\" content=\"es_ES\" \/>\n<meta property=\"og:type\" content=\"article\" \/>\n<meta property=\"og:title\" content=\"Porte-cl\u00e9s Captain America Chibi - R\u00e9plique Manga Cin\u00e9\" \/>\n<meta property=\"og:description\" content=\"Craquez pour le porte-cl\u00e9s Captain America chibi ! Et explorez nos r\u00e9pliques super h\u00e9ros : trident d\u2019Aquaman, bouclier, Mj\u00f6lnir et plus encore.\" \/>\n<meta property=\"og:url\" content=\"https:\/\/repliquemangacine.fr\/es\/llaveros\/llavero-capitan-america-chibi\/\" \/>\n<meta property=\"og:site_name\" content=\"R\u00e9plique Manga Cin\u00e9\" \/>\n<meta property=\"article:publisher\" content=\"https:\/\/www.facebook.com\/RepliqueMangaCine\" \/>\n<meta property=\"article:modified_time\" content=\"2025-11-13T00:07:07+00:00\" \/>\n<meta property=\"og:image\" content=\"https:\/\/repliquemangacine.fr\/wp-content\/uploads\/2025\/04\/Porte-cles-Captain-Americajpg.jpg\" \/>\n\t<meta property=\"og:image:width\" content=\"500\" \/>\n\t<meta property=\"og:image:height\" content=\"500\" \/>\n\t<meta property=\"og:image:type\" content=\"image\/jpeg\" \/>\n<meta name=\"twitter:card\" content=\"summary_large_image\" \/>\n<meta name=\"twitter:label1\" content=\"Tiempo de lectura\" \/>\n\t<meta name=\"twitter:data1\" content=\"2 minutos\" \/>\n<script type=\"application\/ld+json\" class=\"yoast-schema-graph\">{\"@context\":\"https:\\\/\\\/schema.org\",\"@graph\":[{\"@type\":\"WebPage\",\"@id\":\"https:\\\/\\\/repliquemangacine.fr\\\/porte-cles-goodies\\\/porte-cles-captain-america-chibi\\\/\",\"url\":\"https:\\\/\\\/repliquemangacine.fr\\\/porte-cles-goodies\\\/porte-cles-captain-america-chibi\\\/\",\"name\":\"Porte-cl\u00e9s Captain America Chibi - R\u00e9plique Manga Cin\u00e9\",\"isPartOf\":{\"@id\":\"https:\\\/\\\/repliquemangacine.fr\\\/#website\"},\"primaryImageOfPage\":{\"@id\":\"https:\\\/\\\/repliquemangacine.fr\\\/porte-cles-goodies\\\/porte-cles-captain-america-chibi\\\/#primaryimage\"},\"image\":{\"@id\":\"https:\\\/\\\/repliquemangacine.fr\\\/porte-cles-goodies\\\/porte-cles-captain-america-chibi\\\/#primaryimage\"},\"thumbnailUrl\":\"https:\\\/\\\/repliquemangacine.fr\\\/wp-content\\\/uploads\\\/2025\\\/04\\\/Porte-cles-Captain-Americajpg.jpg\",\"datePublished\":\"2025-04-20T21:46:36+00:00\",\"dateModified\":\"2025-11-13T00:07:07+00:00\",\"description\":\"Craquez pour le porte-cl\u00e9s Captain America chibi ! Et explorez nos r\u00e9pliques super h\u00e9ros : trident d\u2019Aquaman, bouclier, Mj\u00f6lnir et plus encore.\",\"breadcrumb\":{\"@id\":\"https:\\\/\\\/repliquemangacine.fr\\\/porte-cles-goodies\\\/porte-cles-captain-america-chibi\\\/#breadcrumb\"},\"inLanguage\":\"es\",\"potentialAction\":[{\"@type\":\"ReadAction\",\"target\":[\"https:\\\/\\\/repliquemangacine.fr\\\/porte-cles-goodies\\\/porte-cles-captain-america-chibi\\\/\"]}]},{\"@type\":\"ImageObject\",\"inLanguage\":\"es\",\"@id\":\"https:\\\/\\\/repliquemangacine.fr\\\/porte-cles-goodies\\\/porte-cles-captain-america-chibi\\\/#primaryimage\",\"url\":\"https:\\\/\\\/repliquemangacine.fr\\\/wp-content\\\/uploads\\\/2025\\\/04\\\/Porte-cles-Captain-Americajpg.jpg\",\"contentUrl\":\"https:\\\/\\\/repliquemangacine.fr\\\/wp-content\\\/uploads\\\/2025\\\/04\\\/Porte-cles-Captain-Americajpg.jpg\",\"width\":500,\"height\":500,\"caption\":\"Porte-cl\u00e9s Captain America chibi\"},{\"@type\":\"BreadcrumbList\",\"@id\":\"https:\\\/\\\/repliquemangacine.fr\\\/porte-cles-goodies\\\/porte-cles-captain-america-chibi\\\/#breadcrumb\",\"itemListElement\":[{\"@type\":\"ListItem\",\"position\":1,\"name\":\"Accueil\",\"item\":\"https:\\\/\\\/repliquemangacine.fr\\\/\"},{\"@type\":\"ListItem\",\"position\":2,\"name\":\"Produits\",\"item\":\"https:\\\/\\\/repliquemangacine.fr\\\/boutique\\\/\"},{\"@type\":\"ListItem\",\"position\":3,\"name\":\"Porte-cl\u00e9s Captain America Chibi\"}]},{\"@type\":\"WebSite\",\"@id\":\"https:\\\/\\\/repliquemangacine.fr\\\/#website\",\"url\":\"https:\\\/\\\/repliquemangacine.fr\\\/\",\"name\":\"R\u00e9plique Manga Cin\u00e9\",\"description\":\"\",\"publisher\":{\"@id\":\"https:\\\/\\\/repliquemangacine.fr\\\/#organization\"},\"potentialAction\":[{\"@type\":\"SearchAction\",\"target\":{\"@type\":\"EntryPoint\",\"urlTemplate\":\"https:\\\/\\\/repliquemangacine.fr\\\/?s={search_term_string}\"},\"query-input\":{\"@type\":\"PropertyValueSpecification\",\"valueRequired\":true,\"valueName\":\"search_term_string\"}}],\"inLanguage\":\"es\"},{\"@type\":\"Organization\",\"@id\":\"https:\\\/\\\/repliquemangacine.fr\\\/#organization\",\"name\":\"R\u00e9plique Manga Cin\u00e9\",\"url\":\"https:\\\/\\\/repliquemangacine.fr\\\/\",\"logo\":{\"@type\":\"ImageObject\",\"inLanguage\":\"es\",\"@id\":\"https:\\\/\\\/repliquemangacine.fr\\\/#\\\/schema\\\/logo\\\/image\\\/\",\"url\":\"https:\\\/\\\/repliquemangacine.fr\\\/wp-content\\\/uploads\\\/2023\\\/10\\\/RMC-500250.png\",\"contentUrl\":\"https:\\\/\\\/repliquemangacine.fr\\\/wp-content\\\/uploads\\\/2023\\\/10\\\/RMC-500250.png\",\"width\":500,\"height\":250,\"caption\":\"R\u00e9plique Manga Cin\u00e9\"},\"image\":{\"@id\":\"https:\\\/\\\/repliquemangacine.fr\\\/#\\\/schema\\\/logo\\\/image\\\/\"},\"sameAs\":[\"https:\\\/\\\/www.facebook.com\\\/RepliqueMangaCine\",\"https:\\\/\\\/www.instagram.com\\\/repliquemangacine.fr\\\/\"]}]}<\/script>\n<!-- \/ Yoast SEO plugin. -->","yoast_head_json":{"title":"Llavero Capit\u00e1n Am\u00e9rica Chibi - R\u00e9plique Manga Cin\u00e9","description":"Atr\u00e9vete con el llavero chibi del Capit\u00e1n Am\u00e9rica. Y explora nuestras r\u00e9plicas de superh\u00e9roes: el tridente de Aquaman, el escudo, Mj\u00f6lnir y mucho m\u00e1s.","robots":{"index":"index","follow":"follow","max-snippet":"max-snippet:-1","max-image-preview":"max-image-preview:large","max-video-preview":"max-video-preview:-1"},"canonical":"https:\/\/repliquemangacine.fr\/es\/llaveros\/llavero-capitan-america-chibi\/","og_locale":"es_ES","og_type":"article","og_title":"Porte-cl\u00e9s Captain America Chibi - R\u00e9plique Manga Cin\u00e9","og_description":"Craquez pour le porte-cl\u00e9s Captain America chibi ! Et explorez nos r\u00e9pliques super h\u00e9ros : trident d\u2019Aquaman, bouclier, Mj\u00f6lnir et plus encore.","og_url":"https:\/\/repliquemangacine.fr\/es\/llaveros\/llavero-capitan-america-chibi\/","og_site_name":"R\u00e9plique Manga Cin\u00e9","article_publisher":"https:\/\/www.facebook.com\/RepliqueMangaCine","article_modified_time":"2025-11-13T00:07:07+00:00","og_image":[{"width":500,"height":500,"url":"https:\/\/repliquemangacine.fr\/wp-content\/uploads\/2025\/04\/Porte-cles-Captain-Americajpg.jpg","type":"image\/jpeg"}],"twitter_card":"summary_large_image","twitter_misc":{"Tiempo de lectura":"2 minutos"},"schema":{"@context":"https:\/\/schema.org","@graph":[{"@type":"WebPage","@id":"https:\/\/repliquemangacine.fr\/porte-cles-goodies\/porte-cles-captain-america-chibi\/","url":"https:\/\/repliquemangacine.fr\/porte-cles-goodies\/porte-cles-captain-america-chibi\/","name":"Llavero Capit\u00e1n Am\u00e9rica Chibi - R\u00e9plique Manga Cin\u00e9","isPartOf":{"@id":"https:\/\/repliquemangacine.fr\/#website"},"primaryImageOfPage":{"@id":"https:\/\/repliquemangacine.fr\/porte-cles-goodies\/porte-cles-captain-america-chibi\/#primaryimage"},"image":{"@id":"https:\/\/repliquemangacine.fr\/porte-cles-goodies\/porte-cles-captain-america-chibi\/#primaryimage"},"thumbnailUrl":"https:\/\/repliquemangacine.fr\/wp-content\/uploads\/2025\/04\/Porte-cles-Captain-Americajpg.jpg","datePublished":"2025-04-20T21:46:36+00:00","dateModified":"2025-11-13T00:07:07+00:00","description":"Atr\u00e9vete con el llavero chibi del Capit\u00e1n Am\u00e9rica. Y explora nuestras r\u00e9plicas de superh\u00e9roes: el tridente de Aquaman, el escudo, Mj\u00f6lnir y mucho m\u00e1s.","breadcrumb":{"@id":"https:\/\/repliquemangacine.fr\/porte-cles-goodies\/porte-cles-captain-america-chibi\/#breadcrumb"},"inLanguage":"es","potentialAction":[{"@type":"ReadAction","target":["https:\/\/repliquemangacine.fr\/porte-cles-goodies\/porte-cles-captain-america-chibi\/"]}]},{"@type":"ImageObject","inLanguage":"es","@id":"https:\/\/repliquemangacine.fr\/porte-cles-goodies\/porte-cles-captain-america-chibi\/#primaryimage","url":"https:\/\/repliquemangacine.fr\/wp-content\/uploads\/2025\/04\/Porte-cles-Captain-Americajpg.jpg","contentUrl":"https:\/\/repliquemangacine.fr\/wp-content\/uploads\/2025\/04\/Porte-cles-Captain-Americajpg.jpg","width":500,"height":500,"caption":"Porte-cl\u00e9s Captain America chibi"},{"@type":"BreadcrumbList","@id":"https:\/\/repliquemangacine.fr\/porte-cles-goodies\/porte-cles-captain-america-chibi\/#breadcrumb","itemListElement":[{"@type":"ListItem","position":1,"name":"Accueil","item":"https:\/\/repliquemangacine.fr\/"},{"@type":"ListItem","position":2,"name":"Produits","item":"https:\/\/repliquemangacine.fr\/boutique\/"},{"@type":"ListItem","position":3,"name":"Porte-cl\u00e9s Captain America Chibi"}]},{"@type":"WebSite","@id":"https:\/\/repliquemangacine.fr\/#website","url":"https:\/\/repliquemangacine.fr\/","name":"R\u00e9plique Manga Cin\u00e9","description":"","publisher":{"@id":"https:\/\/repliquemangacine.fr\/#organization"},"potentialAction":[{"@type":"SearchAction","target":{"@type":"EntryPoint","urlTemplate":"https:\/\/repliquemangacine.fr\/?s={search_term_string}"},"query-input":{"@type":"PropertyValueSpecification","valueRequired":true,"valueName":"search_term_string"}}],"inLanguage":"es"},{"@type":"Organization","@id":"https:\/\/repliquemangacine.fr\/#organization","name":"R\u00e9plique Manga Cin\u00e9","url":"https:\/\/repliquemangacine.fr\/","logo":{"@type":"ImageObject","inLanguage":"es","@id":"https:\/\/repliquemangacine.fr\/#\/schema\/logo\/image\/","url":"https:\/\/repliquemangacine.fr\/wp-content\/uploads\/2023\/10\/RMC-500250.png","contentUrl":"https:\/\/repliquemangacine.fr\/wp-content\/uploads\/2023\/10\/RMC-500250.png","width":500,"height":250,"caption":"R\u00e9plique Manga Cin\u00e9"},"image":{"@id":"https:\/\/repliquemangacine.fr\/#\/schema\/logo\/image\/"},"sameAs":["https:\/\/www.facebook.com\/RepliqueMangaCine","https:\/\/www.instagram.com\/repliquemangacine.fr\/"]}]}},"_links":{"self":[{"href":"https:\/\/repliquemangacine.fr\/es\/wp-json\/wp\/v2\/product\/83705","targetHints":{"allow":["GET"]}}],"collection":[{"href":"https:\/\/repliquemangacine.fr\/es\/wp-json\/wp\/v2\/product"}],"about":[{"href":"https:\/\/repliquemangacine.fr\/es\/wp-json\/wp\/v2\/types\/product"}],"wp:featuredmedia":[{"embeddable":true,"href":"https:\/\/repliquemangacine.fr\/es\/wp-json\/wp\/v2\/media\/83706"}],"wp:attachment":[{"href":"https:\/\/repliquemangacine.fr\/es\/wp-json\/wp\/v2\/media?parent=83705"}],"wp:term":[{"taxonomy":"product_brand","embeddable":true,"href":"https:\/\/repliquemangacine.fr\/es\/wp-json\/wp\/v2\/product_brand?post=83705"},{"taxonomy":"product_cat","embeddable":true,"href":"https:\/\/repliquemangacine.fr\/es\/wp-json\/wp\/v2\/product_cat?post=83705"},{"taxonomy":"product_tag","embeddable":true,"href":"https:\/\/repliquemangacine.fr\/es\/wp-json\/wp\/v2\/product_tag?post=83705"}],"curies":[{"name":"wp","href":"https:\/\/api.w.org\/{rel}","templated":true}]}}