





{"id":83639,"date":"2025-04-17T16:44:39","date_gmt":"2025-04-17T14:44:39","guid":{"rendered":"https:\/\/repliquemangacine.fr\/?post_type=product&#038;p=83639"},"modified":"2025-11-13T01:11:14","modified_gmt":"2025-11-13T00:11:14","slug":"sable-de-oficial-naval-usa-1852","status":"publish","type":"product","link":"https:\/\/repliquemangacine.fr\/es\/sabres-1er-empire\/sabre-dofficier-de-marine-usa-1852\/","title":{"rendered":"Sable de oficial naval USA 1852"},"content":{"rendered":"<h2>U.S. 1852 Naval Officer's Sabre - La elegancia del mando<\/h2>\n<p>El sable de oficial naval estadounidense de 1852 es una pieza \u00fanica que inspira fuerza y elegancia. Ante todo, su hoja de acero ricamente decorada afirma su prestigio hist\u00f3rico. Meticulosos grabados y la inscripci\u00f3n United States Marines adornan con orgullo cada lado de la hoja. Adem\u00e1s, la guarda de acero macizo chapado en oro le confiere un lujoso acabado que resistir\u00e1 el paso del tiempo. Adem\u00e1s, la empu\u00f1adura de madera est\u00e1 recubierta de imitaci\u00f3n de cuero negro y alambre de metal dorado. El resultado es un agarre perfecto que es a la vez aut\u00e9ntico y s\u00f3lido. La vaina, de madera y forrada de polipiel negra, a\u00f1ade elegancia a la espada.<br \/>\nAdem\u00e1s, las puntas est\u00e1n protegidas por un magn\u00edfico ribete dorado. Por \u00faltimo, para completar esta pieza de coleccionista, se suministra una funda de tela con cada espada.<br \/>\nImprescindible para cualquier coleccionista exigente.<\/p>\n<h2>Un sable hist\u00f3rico a\u00fan en el coraz\u00f3n de las tradiciones militares estadounidenses<\/h2>\n<p>Desde 1852, este sable de oficial de la Marina estadounidense encarna el honor y el deber de los marinos estadounidenses. Adoptado oficialmente ese a\u00f1o, simboliza la autoridad y el prestigio de los oficiales de la Marina estadounidense.<br \/>\nA\u00fan hoy, este sable se lleva en ceremonias, desfiles y actos militares oficiales. Representa el compromiso solemne y la valent\u00eda de quienes sirven con orgullo a la naci\u00f3n.<br \/>\nSu imponente presencia y su excepcional refinamiento marcan cada ceremonia con una emoci\u00f3n especial. De este modo, se perpet\u00faan tradiciones ancestrales, reforzando el esp\u00edritu de cuerpo y la lealtad a los mayores. Gracias a su dise\u00f1o atemporal, ha superado la prueba del tiempo sin perder nunca su aura de respeto. Cada detalle de este sable recuerda los valores del valor, la disciplina y la lealtad militar.<br \/>\nAl elegir este sable, est\u00e1 entrando en la historia viva de la Marina de los Estados Unidos.<\/p>\n<h2>Su tienda especializada en r\u00e9plicas hist\u00f3ricas, manga y cine<\/h2>\n<p>En R\u00e9plique Manga Cin\u00e9 encontrar\u00e1 mucho m\u00e1s que espadas. Es un aut\u00e9ntico templo para los aficionados. En primer lugar, le ofrecemos excepcionales r\u00e9plicas hist\u00f3ricas como la<a href=\"https:\/\/repliquemangacine.fr\/es\/armas-historicas\/espada-de-ceremonia-napoleonica\/\">Espada de ceremonia napole\u00f3nica<\/a> del Primer Imperio. A continuaci\u00f3n, descubrir\u00e1 las armas hist\u00f3ricas <a href=\"https:\/\/www.denix.fr\/\" target=\"_blank\" rel=\"noopener noreferrer\">Denix<\/a>como el famoso <a href=\"https:\/\/repliquemangacine.fr\/es\/denix\/subametralladora-mp40\/\">Subfusil MP 40<\/a> y otros objetos raros. As\u00ed podr\u00e1s recrear el ambiente de los campos de batalla de la Segunda Guerra Mundial en tu propia casa. En el lado medieval, el<a href=\"https:\/\/repliquemangacine.fr\/es\/espada-templaria-medieval\/espada-del-templario-jacques-de-molay\/\">Espada Jacques de Molay<\/a>el \u00faltimo Gran Maestre de los Caballeros Templarios, completa una colecci\u00f3n fascinante. Pero eso no es todo. Nuestro universo se extiende a las m\u00e1s grandes sagas del manga y el cine. Encontrar\u00e1s las katanas de One Piece, las <a href=\"https:\/\/repliquemangacine.fr\/es\/espadas-del-senor-de-los-anillos\/\">Espadas de El Se\u00f1or de los Anillos<\/a> y muchas otras maravillas. Cada art\u00edculo ha sido elegido por su calidad y fidelidad a las obras originales.<br \/>\nAs\u00ed que no espere m\u00e1s para explorar todas estas incre\u00edbles r\u00e9plicas en mi tienda en l\u00ednea.<\/p>","protected":false},"excerpt":{"rendered":"<p>Magn\u00edfica r\u00e9plica inspirada en el sable de oficial de la marina estadounidense de 1852<\/p>\n<ul>\n<li>Hoja de acero ricamente decorada con la inscripci\u00f3n United States Marines a ambos lados de la hoja.<\/li>\n<li>Guarda de acero macizo chapado en oro<\/li>\n<li>Mango de madera recubierto de polipiel negra y alambre met\u00e1lico dorado<\/li>\n<li>Vaina de madera forrada de polipiel negra con adornos dorados en los extremos<\/li>\n<li>Se suministra con funda de tela<\/li>\n<li>Longitud de la hoja: 73,5 cm - Longitud total: 96,5 cm con vaina<\/li>\n<li>Peso con vaina: 1055g y 660g sin vaina<\/li>\n<\/ul>","protected":false},"featured_media":83641,"template":"","meta":[],"product_brand":[896],"product_cat":[74],"product_tag":[],"class_list":{"0":"post-83639","1":"product","2":"type-product","3":"status-publish","4":"has-post-thumbnail","6":"product_brand-replique-manga-cine","7":"product_cat-sabres-1er-empire","9":"first","10":"instock","11":"taxable","12":"shipping-taxable","13":"purchasable","14":"product-type-simple"},"yoast_head":"<!-- This site is optimized with the Yoast SEO plugin v27.4 - https:\/\/yoast.com\/product\/yoast-seo-wordpress\/ -->\n<title>Sabre d&#039;Officier de Marine USA 1852 - R\u00e9plique Manga Cin\u00e9<\/title>\n<meta name=\"description\" content=\"Superbe r\u00e9plique inspir\u00e9 du Sabre d&#039;Officier de Marine USA 1852. Lame en acier richement d\u00e9cor\u00e9e. Garde en acier plein dor\u00e9 de forme sp\u00e9cifique. 96.5 cm\" \/>\n<meta name=\"robots\" content=\"index, follow, max-snippet:-1, max-image-preview:large, max-video-preview:-1\" \/>\n<link rel=\"canonical\" href=\"https:\/\/repliquemangacine.fr\/es\/espadas-del-i-imperio\/sable-de-oficial-naval-usa-1852\/\" \/>\n<meta property=\"og:locale\" content=\"es_ES\" \/>\n<meta property=\"og:type\" content=\"article\" \/>\n<meta property=\"og:title\" content=\"Sabre d&#039;Officier de Marine USA 1852 - R\u00e9plique Manga Cin\u00e9\" \/>\n<meta property=\"og:description\" content=\"Superbe r\u00e9plique inspir\u00e9 du Sabre d&#039;Officier de Marine USA 1852. Lame en acier richement d\u00e9cor\u00e9e. Garde en acier plein dor\u00e9 de forme sp\u00e9cifique. 96.5 cm\" \/>\n<meta property=\"og:url\" content=\"https:\/\/repliquemangacine.fr\/es\/espadas-del-i-imperio\/sable-de-oficial-naval-usa-1852\/\" \/>\n<meta property=\"og:site_name\" content=\"R\u00e9plique Manga Cin\u00e9\" \/>\n<meta property=\"article:publisher\" content=\"https:\/\/www.facebook.com\/RepliqueMangaCine\" \/>\n<meta property=\"article:modified_time\" content=\"2025-11-13T00:11:14+00:00\" \/>\n<meta property=\"og:image\" content=\"https:\/\/repliquemangacine.fr\/wp-content\/uploads\/2025\/04\/Sabre-de-Ceremonie.jpg\" \/>\n\t<meta property=\"og:image:width\" content=\"500\" \/>\n\t<meta property=\"og:image:height\" content=\"500\" \/>\n\t<meta property=\"og:image:type\" content=\"image\/jpeg\" \/>\n<meta name=\"twitter:card\" content=\"summary_large_image\" \/>\n<meta name=\"twitter:label1\" content=\"Tiempo de lectura\" \/>\n\t<meta name=\"twitter:data1\" content=\"3 minutos\" \/>\n<script type=\"application\/ld+json\" class=\"yoast-schema-graph\">{\"@context\":\"https:\\\/\\\/schema.org\",\"@graph\":[{\"@type\":\"WebPage\",\"@id\":\"https:\\\/\\\/repliquemangacine.fr\\\/sabres-1er-empire\\\/sabre-dofficier-de-marine-usa-1852\\\/\",\"url\":\"https:\\\/\\\/repliquemangacine.fr\\\/sabres-1er-empire\\\/sabre-dofficier-de-marine-usa-1852\\\/\",\"name\":\"Sabre d'Officier de Marine USA 1852 - R\u00e9plique Manga Cin\u00e9\",\"isPartOf\":{\"@id\":\"https:\\\/\\\/repliquemangacine.fr\\\/#website\"},\"primaryImageOfPage\":{\"@id\":\"https:\\\/\\\/repliquemangacine.fr\\\/sabres-1er-empire\\\/sabre-dofficier-de-marine-usa-1852\\\/#primaryimage\"},\"image\":{\"@id\":\"https:\\\/\\\/repliquemangacine.fr\\\/sabres-1er-empire\\\/sabre-dofficier-de-marine-usa-1852\\\/#primaryimage\"},\"thumbnailUrl\":\"https:\\\/\\\/repliquemangacine.fr\\\/wp-content\\\/uploads\\\/2025\\\/04\\\/Sabre-de-Ceremonie.jpg\",\"datePublished\":\"2025-04-17T14:44:39+00:00\",\"dateModified\":\"2025-11-13T00:11:14+00:00\",\"description\":\"Superbe r\u00e9plique inspir\u00e9 du Sabre d'Officier de Marine USA 1852. Lame en acier richement d\u00e9cor\u00e9e. Garde en acier plein dor\u00e9 de forme sp\u00e9cifique. 96.5 cm\",\"breadcrumb\":{\"@id\":\"https:\\\/\\\/repliquemangacine.fr\\\/sabres-1er-empire\\\/sabre-dofficier-de-marine-usa-1852\\\/#breadcrumb\"},\"inLanguage\":\"es\",\"potentialAction\":[{\"@type\":\"ReadAction\",\"target\":[\"https:\\\/\\\/repliquemangacine.fr\\\/sabres-1er-empire\\\/sabre-dofficier-de-marine-usa-1852\\\/\"]}]},{\"@type\":\"ImageObject\",\"inLanguage\":\"es\",\"@id\":\"https:\\\/\\\/repliquemangacine.fr\\\/sabres-1er-empire\\\/sabre-dofficier-de-marine-usa-1852\\\/#primaryimage\",\"url\":\"https:\\\/\\\/repliquemangacine.fr\\\/wp-content\\\/uploads\\\/2025\\\/04\\\/Sabre-de-Ceremonie.jpg\",\"contentUrl\":\"https:\\\/\\\/repliquemangacine.fr\\\/wp-content\\\/uploads\\\/2025\\\/04\\\/Sabre-de-Ceremonie.jpg\",\"width\":500,\"height\":500,\"caption\":\"Sabre d'Officier de Marine US 1852\"},{\"@type\":\"BreadcrumbList\",\"@id\":\"https:\\\/\\\/repliquemangacine.fr\\\/sabres-1er-empire\\\/sabre-dofficier-de-marine-usa-1852\\\/#breadcrumb\",\"itemListElement\":[{\"@type\":\"ListItem\",\"position\":1,\"name\":\"Accueil\",\"item\":\"https:\\\/\\\/repliquemangacine.fr\\\/\"},{\"@type\":\"ListItem\",\"position\":2,\"name\":\"Produits\",\"item\":\"https:\\\/\\\/repliquemangacine.fr\\\/boutique\\\/\"},{\"@type\":\"ListItem\",\"position\":3,\"name\":\"Sabre d&#8217;Officier de Marine USA 1852\"}]},{\"@type\":\"WebSite\",\"@id\":\"https:\\\/\\\/repliquemangacine.fr\\\/#website\",\"url\":\"https:\\\/\\\/repliquemangacine.fr\\\/\",\"name\":\"R\u00e9plique Manga Cin\u00e9\",\"description\":\"\",\"publisher\":{\"@id\":\"https:\\\/\\\/repliquemangacine.fr\\\/#organization\"},\"potentialAction\":[{\"@type\":\"SearchAction\",\"target\":{\"@type\":\"EntryPoint\",\"urlTemplate\":\"https:\\\/\\\/repliquemangacine.fr\\\/?s={search_term_string}\"},\"query-input\":{\"@type\":\"PropertyValueSpecification\",\"valueRequired\":true,\"valueName\":\"search_term_string\"}}],\"inLanguage\":\"es\"},{\"@type\":\"Organization\",\"@id\":\"https:\\\/\\\/repliquemangacine.fr\\\/#organization\",\"name\":\"R\u00e9plique Manga Cin\u00e9\",\"url\":\"https:\\\/\\\/repliquemangacine.fr\\\/\",\"logo\":{\"@type\":\"ImageObject\",\"inLanguage\":\"es\",\"@id\":\"https:\\\/\\\/repliquemangacine.fr\\\/#\\\/schema\\\/logo\\\/image\\\/\",\"url\":\"https:\\\/\\\/repliquemangacine.fr\\\/wp-content\\\/uploads\\\/2023\\\/10\\\/RMC-500250.png\",\"contentUrl\":\"https:\\\/\\\/repliquemangacine.fr\\\/wp-content\\\/uploads\\\/2023\\\/10\\\/RMC-500250.png\",\"width\":500,\"height\":250,\"caption\":\"R\u00e9plique Manga Cin\u00e9\"},\"image\":{\"@id\":\"https:\\\/\\\/repliquemangacine.fr\\\/#\\\/schema\\\/logo\\\/image\\\/\"},\"sameAs\":[\"https:\\\/\\\/www.facebook.com\\\/RepliqueMangaCine\",\"https:\\\/\\\/www.instagram.com\\\/repliquemangacine.fr\\\/\"]}]}<\/script>\n<!-- \/ Yoast SEO plugin. -->","yoast_head_json":{"title":"Sable de Oficial de Marina USA 1852 - R\u00e9plique Manga Cin\u00e9","description":"Espl\u00e9ndida r\u00e9plica inspirada en el sable de oficial naval USA 1852. Hoja de acero ricamente decorada. Guarda de acero macizo dorado de forma espec\u00edfica. 96,5 cm.","robots":{"index":"index","follow":"follow","max-snippet":"max-snippet:-1","max-image-preview":"max-image-preview:large","max-video-preview":"max-video-preview:-1"},"canonical":"https:\/\/repliquemangacine.fr\/es\/espadas-del-i-imperio\/sable-de-oficial-naval-usa-1852\/","og_locale":"es_ES","og_type":"article","og_title":"Sabre d'Officier de Marine USA 1852 - R\u00e9plique Manga Cin\u00e9","og_description":"Superbe r\u00e9plique inspir\u00e9 du Sabre d'Officier de Marine USA 1852. Lame en acier richement d\u00e9cor\u00e9e. Garde en acier plein dor\u00e9 de forme sp\u00e9cifique. 96.5 cm","og_url":"https:\/\/repliquemangacine.fr\/es\/espadas-del-i-imperio\/sable-de-oficial-naval-usa-1852\/","og_site_name":"R\u00e9plique Manga Cin\u00e9","article_publisher":"https:\/\/www.facebook.com\/RepliqueMangaCine","article_modified_time":"2025-11-13T00:11:14+00:00","og_image":[{"width":500,"height":500,"url":"https:\/\/repliquemangacine.fr\/wp-content\/uploads\/2025\/04\/Sabre-de-Ceremonie.jpg","type":"image\/jpeg"}],"twitter_card":"summary_large_image","twitter_misc":{"Tiempo de lectura":"3 minutos"},"schema":{"@context":"https:\/\/schema.org","@graph":[{"@type":"WebPage","@id":"https:\/\/repliquemangacine.fr\/sabres-1er-empire\/sabre-dofficier-de-marine-usa-1852\/","url":"https:\/\/repliquemangacine.fr\/sabres-1er-empire\/sabre-dofficier-de-marine-usa-1852\/","name":"Sable de Oficial de Marina USA 1852 - R\u00e9plique Manga Cin\u00e9","isPartOf":{"@id":"https:\/\/repliquemangacine.fr\/#website"},"primaryImageOfPage":{"@id":"https:\/\/repliquemangacine.fr\/sabres-1er-empire\/sabre-dofficier-de-marine-usa-1852\/#primaryimage"},"image":{"@id":"https:\/\/repliquemangacine.fr\/sabres-1er-empire\/sabre-dofficier-de-marine-usa-1852\/#primaryimage"},"thumbnailUrl":"https:\/\/repliquemangacine.fr\/wp-content\/uploads\/2025\/04\/Sabre-de-Ceremonie.jpg","datePublished":"2025-04-17T14:44:39+00:00","dateModified":"2025-11-13T00:11:14+00:00","description":"Espl\u00e9ndida r\u00e9plica inspirada en el sable de oficial naval USA 1852. Hoja de acero ricamente decorada. Guarda de acero macizo dorado de forma espec\u00edfica. 96,5 cm.","breadcrumb":{"@id":"https:\/\/repliquemangacine.fr\/sabres-1er-empire\/sabre-dofficier-de-marine-usa-1852\/#breadcrumb"},"inLanguage":"es","potentialAction":[{"@type":"ReadAction","target":["https:\/\/repliquemangacine.fr\/sabres-1er-empire\/sabre-dofficier-de-marine-usa-1852\/"]}]},{"@type":"ImageObject","inLanguage":"es","@id":"https:\/\/repliquemangacine.fr\/sabres-1er-empire\/sabre-dofficier-de-marine-usa-1852\/#primaryimage","url":"https:\/\/repliquemangacine.fr\/wp-content\/uploads\/2025\/04\/Sabre-de-Ceremonie.jpg","contentUrl":"https:\/\/repliquemangacine.fr\/wp-content\/uploads\/2025\/04\/Sabre-de-Ceremonie.jpg","width":500,"height":500,"caption":"Sabre d'Officier de Marine US 1852"},{"@type":"BreadcrumbList","@id":"https:\/\/repliquemangacine.fr\/sabres-1er-empire\/sabre-dofficier-de-marine-usa-1852\/#breadcrumb","itemListElement":[{"@type":"ListItem","position":1,"name":"Accueil","item":"https:\/\/repliquemangacine.fr\/"},{"@type":"ListItem","position":2,"name":"Produits","item":"https:\/\/repliquemangacine.fr\/boutique\/"},{"@type":"ListItem","position":3,"name":"Sabre d&#8217;Officier de Marine USA 1852"}]},{"@type":"WebSite","@id":"https:\/\/repliquemangacine.fr\/#website","url":"https:\/\/repliquemangacine.fr\/","name":"R\u00e9plique Manga Cin\u00e9","description":"","publisher":{"@id":"https:\/\/repliquemangacine.fr\/#organization"},"potentialAction":[{"@type":"SearchAction","target":{"@type":"EntryPoint","urlTemplate":"https:\/\/repliquemangacine.fr\/?s={search_term_string}"},"query-input":{"@type":"PropertyValueSpecification","valueRequired":true,"valueName":"search_term_string"}}],"inLanguage":"es"},{"@type":"Organization","@id":"https:\/\/repliquemangacine.fr\/#organization","name":"R\u00e9plique Manga Cin\u00e9","url":"https:\/\/repliquemangacine.fr\/","logo":{"@type":"ImageObject","inLanguage":"es","@id":"https:\/\/repliquemangacine.fr\/#\/schema\/logo\/image\/","url":"https:\/\/repliquemangacine.fr\/wp-content\/uploads\/2023\/10\/RMC-500250.png","contentUrl":"https:\/\/repliquemangacine.fr\/wp-content\/uploads\/2023\/10\/RMC-500250.png","width":500,"height":250,"caption":"R\u00e9plique Manga Cin\u00e9"},"image":{"@id":"https:\/\/repliquemangacine.fr\/#\/schema\/logo\/image\/"},"sameAs":["https:\/\/www.facebook.com\/RepliqueMangaCine","https:\/\/www.instagram.com\/repliquemangacine.fr\/"]}]}},"_links":{"self":[{"href":"https:\/\/repliquemangacine.fr\/es\/wp-json\/wp\/v2\/product\/83639","targetHints":{"allow":["GET"]}}],"collection":[{"href":"https:\/\/repliquemangacine.fr\/es\/wp-json\/wp\/v2\/product"}],"about":[{"href":"https:\/\/repliquemangacine.fr\/es\/wp-json\/wp\/v2\/types\/product"}],"wp:featuredmedia":[{"embeddable":true,"href":"https:\/\/repliquemangacine.fr\/es\/wp-json\/wp\/v2\/media\/83641"}],"wp:attachment":[{"href":"https:\/\/repliquemangacine.fr\/es\/wp-json\/wp\/v2\/media?parent=83639"}],"wp:term":[{"taxonomy":"product_brand","embeddable":true,"href":"https:\/\/repliquemangacine.fr\/es\/wp-json\/wp\/v2\/product_brand?post=83639"},{"taxonomy":"product_cat","embeddable":true,"href":"https:\/\/repliquemangacine.fr\/es\/wp-json\/wp\/v2\/product_cat?post=83639"},{"taxonomy":"product_tag","embeddable":true,"href":"https:\/\/repliquemangacine.fr\/es\/wp-json\/wp\/v2\/product_tag?post=83639"}],"curies":[{"name":"wp","href":"https:\/\/api.w.org\/{rel}","templated":true}]}}