





{"id":83614,"date":"2025-04-16T19:19:39","date_gmt":"2025-04-16T17:19:39","guid":{"rendered":"https:\/\/repliquemangacine.fr\/?post_type=product&#038;p=83614"},"modified":"2026-01-22T10:51:12","modified_gmt":"2026-01-22T09:51:12","slug":"espada-de-combate-funcional","status":"publish","type":"product","link":"https:\/\/repliquemangacine.fr\/es\/reproductions-d-armes-et-accessoires-medievales\/epee-de-combat-fonctionnelle\/","title":{"rendered":"Espada de combate funcional"},"content":{"rendered":"<h2>Espada de combate funcional: potencia, maestr\u00eda y acabados hist\u00f3ricos<\/h2>\n<p>En primer lugar, este <strong>Espada de combate funcional<\/strong>, una pieza robusta dise\u00f1ada para la pr\u00e1ctica, el entrenamiento o la exposici\u00f3n en cualquier colecci\u00f3n. Su hoja, de acero al carbono 1065, con ranura central, doble bisel y deliberadamente sin filo por motivos de seguridad. El pomo circular de acero macizo garantiza un equilibrio perfecto y optimiza la maniobrabilidad durante tus sesiones de combate medieval. La guarda, tambi\u00e9n de acero macizo, adopta una forma espec\u00edfica que ofrece protecci\u00f3n y una est\u00e9tica hist\u00f3rica refinada. La empu\u00f1adura est\u00e1 recubierta de cuero negro, lo que garantiza un agarre s\u00f3lido, c\u00f3modo y adecuado para movimientos repetitivos. Su funda de madera est\u00e1 recubierta de cuero sint\u00e9tico negro y cuenta con una correa para transportarla y llevarla consigo.<\/p>\n<p>Combina autenticidad, solidez y acabados cuidados para satisfacer a los apasionados de la recreaci\u00f3n hist\u00f3rica o las armas medievales antiguas.  Una espada funcional dise\u00f1ada para durar, ideal para los amantes de la historia viva y el manejo tradicional. A\u00f1ada ahora esta poderosa pieza a su colecci\u00f3n, que impresionar\u00e1 por su presencia y su notable calidad.<\/p>\n<h2>La espada de combate medieval: un arma de resistencia, t\u00e9cnica y precisi\u00f3n<\/h2>\n<p>Durante el <a href=\"https:\/\/www.larousse.fr\/encyclopedie\/divers\/Moyen_%C3%82ge\/71867\" target=\"_blank\" rel=\"noopener noreferrer\">Edad Media<\/a>, la espada de combate representaba mucho m\u00e1s que un arma: encarnaba el honor, la estrategia y la nobleza guerrera. Utilizada en duelos, batallas campales o torneos, exig\u00eda un dominio t\u00e9cnico perfecto y una fuerza disciplinada. Gracias a su hoja larga y equilibrada, la espada permit\u00eda movimientos r\u00e1pidos, paradas eficaces y ataques precisos. Su dise\u00f1o robusto garantizaba una resistencia \u00f3ptima frente a los golpes repetidos, incluso contra las imponentes armaduras y escudos enemigos. La guarda proteg\u00eda las manos, mientras que el pomo proporcionaba un buen contrapeso para manejar el arma con notable fluidez.<br \/>\nLa espada de combate tambi\u00e9n simbolizaba la lealtad al se\u00f1or o al reino, lo que reforzaba su importancia social y militar. Hoy en d\u00eda, estas fascinantes armas renacen en las colecciones gracias a r\u00e9plicas fieles y funcionales como este modelo que se presenta.<\/p>\n<h2>R\u00e9plique Manga Cin\u00e9: una prestigiosa selecci\u00f3n de espadas medievales hist\u00f3ricas<\/h2>\n<p>En R\u00e9plique Manga Cin\u00e9, le ofrecemos una colecci\u00f3n de espadas hist\u00f3ricas fieles, poderosas y finamente elaboradas. Entre nuestros modelos estrella, descubra la<a href=\"https:\/\/repliquemangacine.fr\/es\/espada-templaria-medieval\/espada-templaria\/\">Espada templaria<\/a>con su fuerte simbolismo y su llamativo dise\u00f1o medieval. Tambi\u00e9n encontrar\u00e1 el<a href=\"https:\/\/repliquemangacine.fr\/es\/saldos\/espada-de-san-mauricio-de-turin-siglo-xiii\/\">Espada de San Mauricio de Tur\u00edn<\/a> del siglo XIII, emblema religioso y militar de una \u00e9poca gloriosa de Europa. L'<a href=\"https:\/\/repliquemangacine.fr\/es\/saldos\/sir-william-marshal-espada-siglo-xii\/\">Sir William Marshal espada<\/a> del siglo XII tambi\u00e9n est\u00e1 disponible, y representa a uno de los caballeros m\u00e1s importantes de la Inglaterra medieval.<\/p>\n<p>Estas r\u00e9plicas se distinguen por sus materiales nobles, sus guardamanos trabajados y sus fundas con magn\u00edficos acabados hist\u00f3ricos. \u00bfBusca un arma para exponer, manejar u obsequiar? Nuestra tienda le garantiza una selecci\u00f3n \u00fanica y de calidad. R\u00e9plique Manga Cin\u00e9 es la referencia en materia de r\u00e9plicas de armas hist\u00f3ricas, cinematogr\u00e1ficas y procedentes de la cultura geek.<\/p>\n<p>En conclusi\u00f3n, explore ahora mismo nuestra colecci\u00f3n de espadas medievales y sum\u00e9rjase en el universo de los caballeros y las batallas legendarias.<\/p>","protected":false},"excerpt":{"rendered":"<p>Magn\u00edfica espada de combate funcional<\/p>\n<ul>\n<li>Hoja con ranura de acero al carbono 1065, doble bisel, no cortante<\/li>\n<li>Pomo circular de acero macizo<\/li>\n<li>Empu\u00f1adura recubierta de cuero negro para un agarre seguro<\/li>\n<li>Guarda de acero macizo con forma espec\u00edfica.<\/li>\n<li>Funda de madera recubierta de polipiel negra con cintur\u00f3n<\/li>\n<li>Longitud de la hoja: 80,5 cm - Longitud total: 112,5 cm<\/li>\n<li>Grosor de la hoja: 5,8 mm - Peso: 1970 g<\/li>\n<\/ul>","protected":false},"featured_media":83616,"template":"","meta":[],"product_brand":[896],"product_cat":[84,43],"product_tag":[],"class_list":{"0":"post-83614","1":"product","2":"type-product","3":"status-publish","4":"has-post-thumbnail","6":"product_brand-replique-manga-cine","7":"product_cat-epee-templier-medievale","8":"product_cat-reproductions-d-armes-et-accessoires-medievales","10":"first","11":"instock","12":"taxable","13":"shipping-taxable","14":"purchasable","15":"product-type-simple"},"yoast_head":"<!-- This site is optimized with the Yoast SEO plugin v27.5 - https:\/\/yoast.com\/product\/yoast-seo-wordpress\/ -->\n<title>\u00c9p\u00e9e de Combat Fonctionnelle - R\u00e9plique Manga Cin\u00e9<\/title>\n<meta name=\"description\" content=\"D\u00e9couvrez cette sublime \u00c9p\u00e9e de Combat Fonctionnelle avec sa lame en acier carbone 1065. Fourreau avec ceinture en similicuir. Longueur : 112.5 cm\" \/>\n<meta name=\"robots\" content=\"index, follow, max-snippet:-1, max-image-preview:large, max-video-preview:-1\" \/>\n<link rel=\"canonical\" href=\"https:\/\/repliquemangacine.fr\/es\/reproducciones-de-armas-y-accesorios-medievales\/espada-de-combate-funcional\/\" \/>\n<meta property=\"og:locale\" content=\"es_ES\" \/>\n<meta property=\"og:type\" content=\"article\" \/>\n<meta property=\"og:title\" content=\"\u00c9p\u00e9e de Combat Fonctionnelle - R\u00e9plique Manga Cin\u00e9\" \/>\n<meta property=\"og:description\" content=\"D\u00e9couvrez cette sublime \u00c9p\u00e9e de Combat Fonctionnelle avec sa lame en acier carbone 1065. Fourreau avec ceinture en similicuir. Longueur : 112.5 cm\" \/>\n<meta property=\"og:url\" content=\"https:\/\/repliquemangacine.fr\/es\/reproducciones-de-armas-y-accesorios-medievales\/espada-de-combate-funcional\/\" \/>\n<meta property=\"og:site_name\" content=\"R\u00e9plique Manga Cin\u00e9\" \/>\n<meta property=\"article:publisher\" content=\"https:\/\/www.facebook.com\/RepliqueMangaCine\" \/>\n<meta property=\"article:modified_time\" content=\"2026-01-22T09:51:12+00:00\" \/>\n<meta property=\"og:image\" content=\"https:\/\/repliquemangacine.fr\/wp-content\/uploads\/2025\/04\/Epee-de-Combat-Fonctionnelle.jpg\" \/>\n\t<meta property=\"og:image:width\" content=\"500\" \/>\n\t<meta property=\"og:image:height\" content=\"500\" \/>\n\t<meta property=\"og:image:type\" content=\"image\/jpeg\" \/>\n<meta name=\"twitter:card\" content=\"summary_large_image\" \/>\n<meta name=\"twitter:label1\" content=\"Tiempo de lectura\" \/>\n\t<meta name=\"twitter:data1\" content=\"3 minutos\" \/>\n<script type=\"application\/ld+json\" class=\"yoast-schema-graph\">{\"@context\":\"https:\\\/\\\/schema.org\",\"@graph\":[{\"@type\":\"WebPage\",\"@id\":\"https:\\\/\\\/repliquemangacine.fr\\\/reproductions-d-armes-et-accessoires-medievales\\\/epee-de-combat-fonctionnelle\\\/\",\"url\":\"https:\\\/\\\/repliquemangacine.fr\\\/reproductions-d-armes-et-accessoires-medievales\\\/epee-de-combat-fonctionnelle\\\/\",\"name\":\"\u00c9p\u00e9e de Combat Fonctionnelle - R\u00e9plique Manga Cin\u00e9\",\"isPartOf\":{\"@id\":\"https:\\\/\\\/repliquemangacine.fr\\\/#website\"},\"primaryImageOfPage\":{\"@id\":\"https:\\\/\\\/repliquemangacine.fr\\\/reproductions-d-armes-et-accessoires-medievales\\\/epee-de-combat-fonctionnelle\\\/#primaryimage\"},\"image\":{\"@id\":\"https:\\\/\\\/repliquemangacine.fr\\\/reproductions-d-armes-et-accessoires-medievales\\\/epee-de-combat-fonctionnelle\\\/#primaryimage\"},\"thumbnailUrl\":\"https:\\\/\\\/repliquemangacine.fr\\\/wp-content\\\/uploads\\\/2025\\\/04\\\/Epee-de-Combat-Fonctionnelle.jpg\",\"datePublished\":\"2025-04-16T17:19:39+00:00\",\"dateModified\":\"2026-01-22T09:51:12+00:00\",\"description\":\"D\u00e9couvrez cette sublime \u00c9p\u00e9e de Combat Fonctionnelle avec sa lame en acier carbone 1065. Fourreau avec ceinture en similicuir. Longueur : 112.5 cm\",\"breadcrumb\":{\"@id\":\"https:\\\/\\\/repliquemangacine.fr\\\/reproductions-d-armes-et-accessoires-medievales\\\/epee-de-combat-fonctionnelle\\\/#breadcrumb\"},\"inLanguage\":\"es\",\"potentialAction\":[{\"@type\":\"ReadAction\",\"target\":[\"https:\\\/\\\/repliquemangacine.fr\\\/reproductions-d-armes-et-accessoires-medievales\\\/epee-de-combat-fonctionnelle\\\/\"]}]},{\"@type\":\"ImageObject\",\"inLanguage\":\"es\",\"@id\":\"https:\\\/\\\/repliquemangacine.fr\\\/reproductions-d-armes-et-accessoires-medievales\\\/epee-de-combat-fonctionnelle\\\/#primaryimage\",\"url\":\"https:\\\/\\\/repliquemangacine.fr\\\/wp-content\\\/uploads\\\/2025\\\/04\\\/Epee-de-Combat-Fonctionnelle.jpg\",\"contentUrl\":\"https:\\\/\\\/repliquemangacine.fr\\\/wp-content\\\/uploads\\\/2025\\\/04\\\/Epee-de-Combat-Fonctionnelle.jpg\",\"width\":500,\"height\":500,\"caption\":\"\u00c9p\u00e9e de Combat Fonctionnelle\"},{\"@type\":\"BreadcrumbList\",\"@id\":\"https:\\\/\\\/repliquemangacine.fr\\\/reproductions-d-armes-et-accessoires-medievales\\\/epee-de-combat-fonctionnelle\\\/#breadcrumb\",\"itemListElement\":[{\"@type\":\"ListItem\",\"position\":1,\"name\":\"Accueil\",\"item\":\"https:\\\/\\\/repliquemangacine.fr\\\/\"},{\"@type\":\"ListItem\",\"position\":2,\"name\":\"Produits\",\"item\":\"https:\\\/\\\/repliquemangacine.fr\\\/boutique\\\/\"},{\"@type\":\"ListItem\",\"position\":3,\"name\":\"\u00c9p\u00e9e de Combat Fonctionnelle\"}]},{\"@type\":\"WebSite\",\"@id\":\"https:\\\/\\\/repliquemangacine.fr\\\/#website\",\"url\":\"https:\\\/\\\/repliquemangacine.fr\\\/\",\"name\":\"R\u00e9plique Manga Cin\u00e9\",\"description\":\"\",\"publisher\":{\"@id\":\"https:\\\/\\\/repliquemangacine.fr\\\/#organization\"},\"potentialAction\":[{\"@type\":\"SearchAction\",\"target\":{\"@type\":\"EntryPoint\",\"urlTemplate\":\"https:\\\/\\\/repliquemangacine.fr\\\/?s={search_term_string}\"},\"query-input\":{\"@type\":\"PropertyValueSpecification\",\"valueRequired\":true,\"valueName\":\"search_term_string\"}}],\"inLanguage\":\"es\"},{\"@type\":\"Organization\",\"@id\":\"https:\\\/\\\/repliquemangacine.fr\\\/#organization\",\"name\":\"R\u00e9plique Manga Cin\u00e9\",\"url\":\"https:\\\/\\\/repliquemangacine.fr\\\/\",\"logo\":{\"@type\":\"ImageObject\",\"inLanguage\":\"es\",\"@id\":\"https:\\\/\\\/repliquemangacine.fr\\\/#\\\/schema\\\/logo\\\/image\\\/\",\"url\":\"https:\\\/\\\/repliquemangacine.fr\\\/wp-content\\\/uploads\\\/2023\\\/10\\\/RMC-500250.png\",\"contentUrl\":\"https:\\\/\\\/repliquemangacine.fr\\\/wp-content\\\/uploads\\\/2023\\\/10\\\/RMC-500250.png\",\"width\":500,\"height\":250,\"caption\":\"R\u00e9plique Manga Cin\u00e9\"},\"image\":{\"@id\":\"https:\\\/\\\/repliquemangacine.fr\\\/#\\\/schema\\\/logo\\\/image\\\/\"},\"sameAs\":[\"https:\\\/\\\/www.facebook.com\\\/RepliqueMangaCine\",\"https:\\\/\\\/www.instagram.com\\\/repliquemangacine.fr\\\/\"]}]}<\/script>\n<!-- \/ Yoast SEO plugin. -->","yoast_head_json":{"title":"Espada de combate funcional - R\u00e9plique Manga Cin\u00e9","description":"Descubra esta sublime Espada de Combate Funcional con su hoja de acero al carbono 1065. Vaina con cintur\u00f3n de cuero artificial. Longitud: 112,5 cm","robots":{"index":"index","follow":"follow","max-snippet":"max-snippet:-1","max-image-preview":"max-image-preview:large","max-video-preview":"max-video-preview:-1"},"canonical":"https:\/\/repliquemangacine.fr\/es\/reproducciones-de-armas-y-accesorios-medievales\/espada-de-combate-funcional\/","og_locale":"es_ES","og_type":"article","og_title":"\u00c9p\u00e9e de Combat Fonctionnelle - R\u00e9plique Manga Cin\u00e9","og_description":"D\u00e9couvrez cette sublime \u00c9p\u00e9e de Combat Fonctionnelle avec sa lame en acier carbone 1065. Fourreau avec ceinture en similicuir. Longueur : 112.5 cm","og_url":"https:\/\/repliquemangacine.fr\/es\/reproducciones-de-armas-y-accesorios-medievales\/espada-de-combate-funcional\/","og_site_name":"R\u00e9plique Manga Cin\u00e9","article_publisher":"https:\/\/www.facebook.com\/RepliqueMangaCine","article_modified_time":"2026-01-22T09:51:12+00:00","og_image":[{"width":500,"height":500,"url":"https:\/\/repliquemangacine.fr\/wp-content\/uploads\/2025\/04\/Epee-de-Combat-Fonctionnelle.jpg","type":"image\/jpeg"}],"twitter_card":"summary_large_image","twitter_misc":{"Tiempo de lectura":"3 minutos"},"schema":{"@context":"https:\/\/schema.org","@graph":[{"@type":"WebPage","@id":"https:\/\/repliquemangacine.fr\/reproductions-d-armes-et-accessoires-medievales\/epee-de-combat-fonctionnelle\/","url":"https:\/\/repliquemangacine.fr\/reproductions-d-armes-et-accessoires-medievales\/epee-de-combat-fonctionnelle\/","name":"Espada de combate funcional - R\u00e9plique Manga Cin\u00e9","isPartOf":{"@id":"https:\/\/repliquemangacine.fr\/#website"},"primaryImageOfPage":{"@id":"https:\/\/repliquemangacine.fr\/reproductions-d-armes-et-accessoires-medievales\/epee-de-combat-fonctionnelle\/#primaryimage"},"image":{"@id":"https:\/\/repliquemangacine.fr\/reproductions-d-armes-et-accessoires-medievales\/epee-de-combat-fonctionnelle\/#primaryimage"},"thumbnailUrl":"https:\/\/repliquemangacine.fr\/wp-content\/uploads\/2025\/04\/Epee-de-Combat-Fonctionnelle.jpg","datePublished":"2025-04-16T17:19:39+00:00","dateModified":"2026-01-22T09:51:12+00:00","description":"Descubra esta sublime Espada de Combate Funcional con su hoja de acero al carbono 1065. Vaina con cintur\u00f3n de cuero artificial. Longitud: 112,5 cm","breadcrumb":{"@id":"https:\/\/repliquemangacine.fr\/reproductions-d-armes-et-accessoires-medievales\/epee-de-combat-fonctionnelle\/#breadcrumb"},"inLanguage":"es","potentialAction":[{"@type":"ReadAction","target":["https:\/\/repliquemangacine.fr\/reproductions-d-armes-et-accessoires-medievales\/epee-de-combat-fonctionnelle\/"]}]},{"@type":"ImageObject","inLanguage":"es","@id":"https:\/\/repliquemangacine.fr\/reproductions-d-armes-et-accessoires-medievales\/epee-de-combat-fonctionnelle\/#primaryimage","url":"https:\/\/repliquemangacine.fr\/wp-content\/uploads\/2025\/04\/Epee-de-Combat-Fonctionnelle.jpg","contentUrl":"https:\/\/repliquemangacine.fr\/wp-content\/uploads\/2025\/04\/Epee-de-Combat-Fonctionnelle.jpg","width":500,"height":500,"caption":"\u00c9p\u00e9e de Combat Fonctionnelle"},{"@type":"BreadcrumbList","@id":"https:\/\/repliquemangacine.fr\/reproductions-d-armes-et-accessoires-medievales\/epee-de-combat-fonctionnelle\/#breadcrumb","itemListElement":[{"@type":"ListItem","position":1,"name":"Accueil","item":"https:\/\/repliquemangacine.fr\/"},{"@type":"ListItem","position":2,"name":"Produits","item":"https:\/\/repliquemangacine.fr\/boutique\/"},{"@type":"ListItem","position":3,"name":"\u00c9p\u00e9e de Combat Fonctionnelle"}]},{"@type":"WebSite","@id":"https:\/\/repliquemangacine.fr\/#website","url":"https:\/\/repliquemangacine.fr\/","name":"R\u00e9plique Manga Cin\u00e9","description":"","publisher":{"@id":"https:\/\/repliquemangacine.fr\/#organization"},"potentialAction":[{"@type":"SearchAction","target":{"@type":"EntryPoint","urlTemplate":"https:\/\/repliquemangacine.fr\/?s={search_term_string}"},"query-input":{"@type":"PropertyValueSpecification","valueRequired":true,"valueName":"search_term_string"}}],"inLanguage":"es"},{"@type":"Organization","@id":"https:\/\/repliquemangacine.fr\/#organization","name":"R\u00e9plique Manga Cin\u00e9","url":"https:\/\/repliquemangacine.fr\/","logo":{"@type":"ImageObject","inLanguage":"es","@id":"https:\/\/repliquemangacine.fr\/#\/schema\/logo\/image\/","url":"https:\/\/repliquemangacine.fr\/wp-content\/uploads\/2023\/10\/RMC-500250.png","contentUrl":"https:\/\/repliquemangacine.fr\/wp-content\/uploads\/2023\/10\/RMC-500250.png","width":500,"height":250,"caption":"R\u00e9plique Manga Cin\u00e9"},"image":{"@id":"https:\/\/repliquemangacine.fr\/#\/schema\/logo\/image\/"},"sameAs":["https:\/\/www.facebook.com\/RepliqueMangaCine","https:\/\/www.instagram.com\/repliquemangacine.fr\/"]}]}},"_links":{"self":[{"href":"https:\/\/repliquemangacine.fr\/es\/wp-json\/wp\/v2\/product\/83614","targetHints":{"allow":["GET"]}}],"collection":[{"href":"https:\/\/repliquemangacine.fr\/es\/wp-json\/wp\/v2\/product"}],"about":[{"href":"https:\/\/repliquemangacine.fr\/es\/wp-json\/wp\/v2\/types\/product"}],"wp:featuredmedia":[{"embeddable":true,"href":"https:\/\/repliquemangacine.fr\/es\/wp-json\/wp\/v2\/media\/83616"}],"wp:attachment":[{"href":"https:\/\/repliquemangacine.fr\/es\/wp-json\/wp\/v2\/media?parent=83614"}],"wp:term":[{"taxonomy":"product_brand","embeddable":true,"href":"https:\/\/repliquemangacine.fr\/es\/wp-json\/wp\/v2\/product_brand?post=83614"},{"taxonomy":"product_cat","embeddable":true,"href":"https:\/\/repliquemangacine.fr\/es\/wp-json\/wp\/v2\/product_cat?post=83614"},{"taxonomy":"product_tag","embeddable":true,"href":"https:\/\/repliquemangacine.fr\/es\/wp-json\/wp\/v2\/product_tag?post=83614"}],"curies":[{"name":"wp","href":"https:\/\/api.w.org\/{rel}","templated":true}]}}