





{"id":83600,"date":"2025-04-16T17:53:33","date_gmt":"2025-04-16T15:53:33","guid":{"rendered":"https:\/\/repliquemangacine.fr\/?post_type=product&#038;p=83600"},"modified":"2026-04-06T22:53:51","modified_gmt":"2026-04-06T20:53:51","slug":"daga-espada-de-gladiador-romana","status":"publish","type":"product","link":"https:\/\/repliquemangacine.fr\/es\/armes-antiques\/dague-glaive-romain-gladiateur\/","title":{"rendered":"Daga Romana Glaive Gladiador"},"content":{"rendered":"<h2>Daga de gladiador romano: un homenaje a las armas antiguas<\/h2>\n<p>En primer lugar, el <strong>Daga Romana Glaive Gladiador<\/strong>inspirada en el arma de los gladiadores. Esta daga, fiel r\u00e9plica de la<a href=\"https:\/\/www.histoirealacarte.com\/Rome-antique-empire-romain\/naissance-chute\" target=\"_blank\" rel=\"noopener noreferrer\">Imperio Romano<\/a>. La hoja mide 29 cm, es de acero inoxidable 440, con doble bisel, no cortante, pero perfectamente fiel a la est\u00e9tica antigua. Su pomo de metal macizo luce con orgullo un \u00e1guila imperial, s\u00edmbolo del poder y la autoridad indiscutible de Roma.<br \/>\nLa guarda, tambi\u00e9n de acero macizo, est\u00e1 decorada con escenas romanas esculpidas con notable delicadeza. La empu\u00f1adura, dise\u00f1ada en metal y ABS moldeado, ofrece un agarre s\u00f3lido y c\u00f3modo para una exposici\u00f3n de calidad. La vaina de acero envejecido est\u00e1 adornada con placas que representan a un soldado romano y un \u00e1guila imperial en toda su majestuosidad.<\/p>\n<p>Gracias a su cuidado acabado, esta daga es una pieza destacada en cualquier colecci\u00f3n de armas romanas antiguas. Encarna la fuerza, el prestigio y el ingenio militar de los legendarios ej\u00e9rcitos de Roma en su apogeo. Un objeto \u00fanico para regalar o regalarse, que causar\u00e1 sensaci\u00f3n en cualquier estanter\u00eda dedicada a r\u00e9plicas hist\u00f3ricas.<\/p>\n<h2>La espada romana: entre la funcionalidad y el s\u00edmbolo del poder antiguo<\/h2>\n<p>En la \u00e9poca romana, la espada no era solo un arma, sino un s\u00edmbolo de autoridad, disciplina y civilizaci\u00f3n. Utilizada por legionarios y gladiadores, combinaba una eficacia formidable en el combate cuerpo a cuerpo con un valor simb\u00f3lico en la sociedad. Su hoja corta y ancha ofrec\u00eda una maniobrabilidad \u00f3ptima, perfecta para las formaciones cerradas t\u00edpicas de los ej\u00e9rcitos romanos. La robustez de los materiales y la simetr\u00eda del dise\u00f1o hac\u00edan de la espada un modelo de arma utilitaria duradera y fiable. Pero m\u00e1s all\u00e1 del arma, cada espada contaba una historia, la de las conquistas, el honor y la lealtad a Roma.<\/p>\n<p>Los grabados en las guardas o las vainas sol\u00edan representar la leyenda personal del soldado o del general. La espada era una prolongaci\u00f3n del hombre, reflejo de su valent\u00eda y de su pertenencia a una fuerza dominante. As\u00ed, la daga gladiador rinde homenaje a este rico legado militar y art\u00edstico de la Antig\u00fcedad romana.<br \/>\nAdem\u00e1s, cristaliza el ingenio romano, su rigor t\u00e1ctico y la gloria de su imperio a lo largo de los siglos.<\/p>\n<h2>R\u00e9plique Manga Cin\u00e9: una impresionante colecci\u00f3n de espadas y glaives hist\u00f3ricos<\/h2>\n<p>En RMC, descubra mucho m\u00e1s que dagas: le espera una completa colecci\u00f3n de prestigiosas armas hist\u00f3ricas. Entre ellas, la Espada de Tiberio Gladius de Maguncia, fiel al modelo imperial, es una pieza imprescindible en nuestro cat\u00e1logo romano. Visite <a href=\"https:\/\/repliquemangacine.fr\/es\/espadas-espada-antigua\/espada-negra-julio-cesar\/\">Espada negra Julio C\u00e9sar<\/a>Este dise\u00f1o imponente y sobrio le conquistar\u00e1 por su elegancia y sus acabados de alta gama perfectamente elaborados. Y, por supuesto, el famoso <a href=\"https:\/\/repliquemangacine.fr\/es\/espadas-espada-antigua\/la-espada-de-maximus-en-gladiator\/\">La espada de Maximus en Gladiator<\/a>, ideal tanto para los fans de la pel\u00edcula como para los amantes de la historia.<\/p>\n<p>En cuanto a espadas medievales, tambi\u00e9n ofrecemos la\u2019<a href=\"https:\/\/repliquemangacine.fr\/es\/saldos\/espada-de-san-mauricio-de-turin-siglo-xiii\/\">Espada de San Mauricio de Tur\u00edn del siglo XIII<\/a>una verdadera maravilla hist\u00f3rica. Sin olvidar el<a href=\"https:\/\/repliquemangacine.fr\/es\/saldos\/sir-william-marshal-espada-siglo-xii\/\">Espada de Sir William Marshal del siglo XII.<\/a>, s\u00edmbolo de la caballer\u00eda inglesa y de la legendaria valent\u00eda en combate. Pero esto es solo una peque\u00f1a muestra, ya que nuestra p\u00e1gina web R\u00e9plique Manga Cin\u00e9 est\u00e1 repleta de modelos \u00fanicos y exclusivos por descubrir.<br \/>\nCada arma se selecciona cuidadosamente por su fidelidad hist\u00f3rica, su acabado y su excepcional autenticidad visual.<\/p>\n<p>En conclusi\u00f3n, tanto si eres un apasionado de la historia como un coleccionista, seguro que encontrar\u00e1s lo que buscas en nuestra tienda dedicada a las r\u00e9plicas de calidad.<\/p>","protected":false},"excerpt":{"rendered":"<p>Magn\u00edfica r\u00e9plica de esta daga espada de gladiador romano<\/p>\n<ul>\n<li>Hoja de acero inoxidable 440, doble bisel, no cortante<\/li>\n<li>Pomo de metal macizo con \u00e1guila imperial<\/li>\n<li>Tambi\u00e9n en acero macizo finamente decorado.<\/li>\n<li>Empu\u00f1adura de metal y ABS moldeado<\/li>\n<li>Vaina con placa decorativa de acero envejecido<\/li>\n<li>Longitud de la hoja: 29 cm Anchura en el punto m\u00e1s alto: 3 cm<\/li>\n<li>Longitud total con vaina: 46 cm - Peso: 440 g<\/li>\n<\/ul>","protected":false},"featured_media":83604,"template":"","meta":[],"product_brand":[896],"product_cat":[31,93,73],"product_tag":[],"class_list":{"0":"post-83600","1":"product","2":"type-product","3":"status-publish","4":"has-post-thumbnail","6":"product_brand-replique-manga-cine","7":"product_cat-armes-antiques","8":"product_cat-dagues-medievales","9":"product_cat-epees-glaives-antique","11":"first","12":"instock","13":"taxable","14":"shipping-taxable","15":"purchasable","16":"product-type-simple"},"yoast_head":"<!-- This site is optimized with the Yoast SEO plugin v27.4 - https:\/\/yoast.com\/product\/yoast-seo-wordpress\/ -->\n<title>Dague Glaive Romain Gladiateur - R\u00e9plique Manga Cin\u00e9<\/title>\n<meta name=\"description\" content=\"Splendide Dague Glaive Romain Gladiateur avec sa lame en acier 440 stainless. Richement d\u00e9cor\u00e9 de plaques d\u00e9coratives bronze vieilli. longuer totale : 46 cm\" \/>\n<meta name=\"robots\" content=\"index, follow, max-snippet:-1, max-image-preview:large, max-video-preview:-1\" \/>\n<link rel=\"canonical\" href=\"https:\/\/repliquemangacine.fr\/es\/armas-antiguas\/daga-espada-de-gladiador-romana\/\" \/>\n<meta property=\"og:locale\" content=\"es_ES\" \/>\n<meta property=\"og:type\" content=\"article\" \/>\n<meta property=\"og:title\" content=\"Dague Glaive Romain Gladiateur - R\u00e9plique Manga Cin\u00e9\" \/>\n<meta property=\"og:description\" content=\"Splendide Dague Glaive Romain Gladiateur avec sa lame en acier 440 stainless. Richement d\u00e9cor\u00e9 de plaques d\u00e9coratives bronze vieilli. longuer totale : 46 cm\" \/>\n<meta property=\"og:url\" content=\"https:\/\/repliquemangacine.fr\/es\/armas-antiguas\/daga-espada-de-gladiador-romana\/\" \/>\n<meta property=\"og:site_name\" content=\"R\u00e9plique Manga Cin\u00e9\" \/>\n<meta property=\"article:publisher\" content=\"https:\/\/www.facebook.com\/RepliqueMangaCine\" \/>\n<meta property=\"article:modified_time\" content=\"2026-04-06T20:53:51+00:00\" \/>\n<meta property=\"og:image\" content=\"https:\/\/repliquemangacine.fr\/wp-content\/uploads\/2025\/04\/Dague-Glaive-Gladiateur-sortie-du-fourreau.jpg\" \/>\n\t<meta property=\"og:image:width\" content=\"500\" \/>\n\t<meta property=\"og:image:height\" content=\"500\" \/>\n\t<meta property=\"og:image:type\" content=\"image\/jpeg\" \/>\n<meta name=\"twitter:card\" content=\"summary_large_image\" \/>\n<meta name=\"twitter:label1\" content=\"Tiempo de lectura\" \/>\n\t<meta name=\"twitter:data1\" content=\"3 minutos\" \/>\n<script type=\"application\/ld+json\" class=\"yoast-schema-graph\">{\"@context\":\"https:\\\/\\\/schema.org\",\"@graph\":[{\"@type\":\"WebPage\",\"@id\":\"https:\\\/\\\/repliquemangacine.fr\\\/armes-antiques\\\/dague-glaive-romain-gladiateur\\\/\",\"url\":\"https:\\\/\\\/repliquemangacine.fr\\\/armes-antiques\\\/dague-glaive-romain-gladiateur\\\/\",\"name\":\"Dague Glaive Romain Gladiateur - R\u00e9plique Manga Cin\u00e9\",\"isPartOf\":{\"@id\":\"https:\\\/\\\/repliquemangacine.fr\\\/#website\"},\"primaryImageOfPage\":{\"@id\":\"https:\\\/\\\/repliquemangacine.fr\\\/armes-antiques\\\/dague-glaive-romain-gladiateur\\\/#primaryimage\"},\"image\":{\"@id\":\"https:\\\/\\\/repliquemangacine.fr\\\/armes-antiques\\\/dague-glaive-romain-gladiateur\\\/#primaryimage\"},\"thumbnailUrl\":\"https:\\\/\\\/repliquemangacine.fr\\\/wp-content\\\/uploads\\\/2025\\\/04\\\/Dague-Glaive-Gladiateur-sortie-du-fourreau.jpg\",\"datePublished\":\"2025-04-16T15:53:33+00:00\",\"dateModified\":\"2026-04-06T20:53:51+00:00\",\"description\":\"Splendide Dague Glaive Romain Gladiateur avec sa lame en acier 440 stainless. Richement d\u00e9cor\u00e9 de plaques d\u00e9coratives bronze vieilli. longuer totale : 46 cm\",\"breadcrumb\":{\"@id\":\"https:\\\/\\\/repliquemangacine.fr\\\/armes-antiques\\\/dague-glaive-romain-gladiateur\\\/#breadcrumb\"},\"inLanguage\":\"es\",\"potentialAction\":[{\"@type\":\"ReadAction\",\"target\":[\"https:\\\/\\\/repliquemangacine.fr\\\/armes-antiques\\\/dague-glaive-romain-gladiateur\\\/\"]}]},{\"@type\":\"ImageObject\",\"inLanguage\":\"es\",\"@id\":\"https:\\\/\\\/repliquemangacine.fr\\\/armes-antiques\\\/dague-glaive-romain-gladiateur\\\/#primaryimage\",\"url\":\"https:\\\/\\\/repliquemangacine.fr\\\/wp-content\\\/uploads\\\/2025\\\/04\\\/Dague-Glaive-Gladiateur-sortie-du-fourreau.jpg\",\"contentUrl\":\"https:\\\/\\\/repliquemangacine.fr\\\/wp-content\\\/uploads\\\/2025\\\/04\\\/Dague-Glaive-Gladiateur-sortie-du-fourreau.jpg\",\"width\":500,\"height\":500,\"caption\":\"Dague Glaive Romain Gladiateur lame sortie de son fourreau\"},{\"@type\":\"BreadcrumbList\",\"@id\":\"https:\\\/\\\/repliquemangacine.fr\\\/armes-antiques\\\/dague-glaive-romain-gladiateur\\\/#breadcrumb\",\"itemListElement\":[{\"@type\":\"ListItem\",\"position\":1,\"name\":\"Accueil\",\"item\":\"https:\\\/\\\/repliquemangacine.fr\\\/\"},{\"@type\":\"ListItem\",\"position\":2,\"name\":\"Produits\",\"item\":\"https:\\\/\\\/repliquemangacine.fr\\\/boutique\\\/\"},{\"@type\":\"ListItem\",\"position\":3,\"name\":\"Dague Glaive Romain Gladiateur\"}]},{\"@type\":\"WebSite\",\"@id\":\"https:\\\/\\\/repliquemangacine.fr\\\/#website\",\"url\":\"https:\\\/\\\/repliquemangacine.fr\\\/\",\"name\":\"R\u00e9plique Manga Cin\u00e9\",\"description\":\"\",\"publisher\":{\"@id\":\"https:\\\/\\\/repliquemangacine.fr\\\/#organization\"},\"potentialAction\":[{\"@type\":\"SearchAction\",\"target\":{\"@type\":\"EntryPoint\",\"urlTemplate\":\"https:\\\/\\\/repliquemangacine.fr\\\/?s={search_term_string}\"},\"query-input\":{\"@type\":\"PropertyValueSpecification\",\"valueRequired\":true,\"valueName\":\"search_term_string\"}}],\"inLanguage\":\"es\"},{\"@type\":\"Organization\",\"@id\":\"https:\\\/\\\/repliquemangacine.fr\\\/#organization\",\"name\":\"R\u00e9plique Manga Cin\u00e9\",\"url\":\"https:\\\/\\\/repliquemangacine.fr\\\/\",\"logo\":{\"@type\":\"ImageObject\",\"inLanguage\":\"es\",\"@id\":\"https:\\\/\\\/repliquemangacine.fr\\\/#\\\/schema\\\/logo\\\/image\\\/\",\"url\":\"https:\\\/\\\/repliquemangacine.fr\\\/wp-content\\\/uploads\\\/2023\\\/10\\\/RMC-500250.png\",\"contentUrl\":\"https:\\\/\\\/repliquemangacine.fr\\\/wp-content\\\/uploads\\\/2023\\\/10\\\/RMC-500250.png\",\"width\":500,\"height\":250,\"caption\":\"R\u00e9plique Manga Cin\u00e9\"},\"image\":{\"@id\":\"https:\\\/\\\/repliquemangacine.fr\\\/#\\\/schema\\\/logo\\\/image\\\/\"},\"sameAs\":[\"https:\\\/\\\/www.facebook.com\\\/RepliqueMangaCine\",\"https:\\\/\\\/www.instagram.com\\\/repliquemangacine.fr\\\/\"]}]}<\/script>\n<!-- \/ Yoast SEO plugin. -->","yoast_head_json":{"title":"Daga Glaive Gladiador Romano - R\u00e9plique Manga Cin\u00e9","description":"Espl\u00e9ndida daga de gladiador romano con hoja de acero inoxidable 440. Ricamente decorada con placas de bronce envejecido. Longitud total: 46 cm.","robots":{"index":"index","follow":"follow","max-snippet":"max-snippet:-1","max-image-preview":"max-image-preview:large","max-video-preview":"max-video-preview:-1"},"canonical":"https:\/\/repliquemangacine.fr\/es\/armas-antiguas\/daga-espada-de-gladiador-romana\/","og_locale":"es_ES","og_type":"article","og_title":"Dague Glaive Romain Gladiateur - R\u00e9plique Manga Cin\u00e9","og_description":"Splendide Dague Glaive Romain Gladiateur avec sa lame en acier 440 stainless. Richement d\u00e9cor\u00e9 de plaques d\u00e9coratives bronze vieilli. longuer totale : 46 cm","og_url":"https:\/\/repliquemangacine.fr\/es\/armas-antiguas\/daga-espada-de-gladiador-romana\/","og_site_name":"R\u00e9plique Manga Cin\u00e9","article_publisher":"https:\/\/www.facebook.com\/RepliqueMangaCine","article_modified_time":"2026-04-06T20:53:51+00:00","og_image":[{"width":500,"height":500,"url":"https:\/\/repliquemangacine.fr\/wp-content\/uploads\/2025\/04\/Dague-Glaive-Gladiateur-sortie-du-fourreau.jpg","type":"image\/jpeg"}],"twitter_card":"summary_large_image","twitter_misc":{"Tiempo de lectura":"3 minutos"},"schema":{"@context":"https:\/\/schema.org","@graph":[{"@type":"WebPage","@id":"https:\/\/repliquemangacine.fr\/armes-antiques\/dague-glaive-romain-gladiateur\/","url":"https:\/\/repliquemangacine.fr\/armes-antiques\/dague-glaive-romain-gladiateur\/","name":"Daga Glaive Gladiador Romano - R\u00e9plique Manga Cin\u00e9","isPartOf":{"@id":"https:\/\/repliquemangacine.fr\/#website"},"primaryImageOfPage":{"@id":"https:\/\/repliquemangacine.fr\/armes-antiques\/dague-glaive-romain-gladiateur\/#primaryimage"},"image":{"@id":"https:\/\/repliquemangacine.fr\/armes-antiques\/dague-glaive-romain-gladiateur\/#primaryimage"},"thumbnailUrl":"https:\/\/repliquemangacine.fr\/wp-content\/uploads\/2025\/04\/Dague-Glaive-Gladiateur-sortie-du-fourreau.jpg","datePublished":"2025-04-16T15:53:33+00:00","dateModified":"2026-04-06T20:53:51+00:00","description":"Espl\u00e9ndida daga de gladiador romano con hoja de acero inoxidable 440. Ricamente decorada con placas de bronce envejecido. Longitud total: 46 cm.","breadcrumb":{"@id":"https:\/\/repliquemangacine.fr\/armes-antiques\/dague-glaive-romain-gladiateur\/#breadcrumb"},"inLanguage":"es","potentialAction":[{"@type":"ReadAction","target":["https:\/\/repliquemangacine.fr\/armes-antiques\/dague-glaive-romain-gladiateur\/"]}]},{"@type":"ImageObject","inLanguage":"es","@id":"https:\/\/repliquemangacine.fr\/armes-antiques\/dague-glaive-romain-gladiateur\/#primaryimage","url":"https:\/\/repliquemangacine.fr\/wp-content\/uploads\/2025\/04\/Dague-Glaive-Gladiateur-sortie-du-fourreau.jpg","contentUrl":"https:\/\/repliquemangacine.fr\/wp-content\/uploads\/2025\/04\/Dague-Glaive-Gladiateur-sortie-du-fourreau.jpg","width":500,"height":500,"caption":"Dague Glaive Romain Gladiateur lame sortie de son fourreau"},{"@type":"BreadcrumbList","@id":"https:\/\/repliquemangacine.fr\/armes-antiques\/dague-glaive-romain-gladiateur\/#breadcrumb","itemListElement":[{"@type":"ListItem","position":1,"name":"Accueil","item":"https:\/\/repliquemangacine.fr\/"},{"@type":"ListItem","position":2,"name":"Produits","item":"https:\/\/repliquemangacine.fr\/boutique\/"},{"@type":"ListItem","position":3,"name":"Dague Glaive Romain Gladiateur"}]},{"@type":"WebSite","@id":"https:\/\/repliquemangacine.fr\/#website","url":"https:\/\/repliquemangacine.fr\/","name":"R\u00e9plique Manga Cin\u00e9","description":"","publisher":{"@id":"https:\/\/repliquemangacine.fr\/#organization"},"potentialAction":[{"@type":"SearchAction","target":{"@type":"EntryPoint","urlTemplate":"https:\/\/repliquemangacine.fr\/?s={search_term_string}"},"query-input":{"@type":"PropertyValueSpecification","valueRequired":true,"valueName":"search_term_string"}}],"inLanguage":"es"},{"@type":"Organization","@id":"https:\/\/repliquemangacine.fr\/#organization","name":"R\u00e9plique Manga Cin\u00e9","url":"https:\/\/repliquemangacine.fr\/","logo":{"@type":"ImageObject","inLanguage":"es","@id":"https:\/\/repliquemangacine.fr\/#\/schema\/logo\/image\/","url":"https:\/\/repliquemangacine.fr\/wp-content\/uploads\/2023\/10\/RMC-500250.png","contentUrl":"https:\/\/repliquemangacine.fr\/wp-content\/uploads\/2023\/10\/RMC-500250.png","width":500,"height":250,"caption":"R\u00e9plique Manga Cin\u00e9"},"image":{"@id":"https:\/\/repliquemangacine.fr\/#\/schema\/logo\/image\/"},"sameAs":["https:\/\/www.facebook.com\/RepliqueMangaCine","https:\/\/www.instagram.com\/repliquemangacine.fr\/"]}]}},"_links":{"self":[{"href":"https:\/\/repliquemangacine.fr\/es\/wp-json\/wp\/v2\/product\/83600","targetHints":{"allow":["GET"]}}],"collection":[{"href":"https:\/\/repliquemangacine.fr\/es\/wp-json\/wp\/v2\/product"}],"about":[{"href":"https:\/\/repliquemangacine.fr\/es\/wp-json\/wp\/v2\/types\/product"}],"wp:featuredmedia":[{"embeddable":true,"href":"https:\/\/repliquemangacine.fr\/es\/wp-json\/wp\/v2\/media\/83604"}],"wp:attachment":[{"href":"https:\/\/repliquemangacine.fr\/es\/wp-json\/wp\/v2\/media?parent=83600"}],"wp:term":[{"taxonomy":"product_brand","embeddable":true,"href":"https:\/\/repliquemangacine.fr\/es\/wp-json\/wp\/v2\/product_brand?post=83600"},{"taxonomy":"product_cat","embeddable":true,"href":"https:\/\/repliquemangacine.fr\/es\/wp-json\/wp\/v2\/product_cat?post=83600"},{"taxonomy":"product_tag","embeddable":true,"href":"https:\/\/repliquemangacine.fr\/es\/wp-json\/wp\/v2\/product_tag?post=83600"}],"curies":[{"name":"wp","href":"https:\/\/api.w.org\/{rel}","templated":true}]}}