





{"id":82989,"date":"2025-03-24T20:43:32","date_gmt":"2025-03-24T19:43:32","guid":{"rendered":"https:\/\/repliquemangacine.fr\/?post_type=product&#038;p=82989"},"modified":"2026-04-17T17:52:48","modified_gmt":"2026-04-17T15:52:48","slug":"funda-de-lujo-anduril","status":"publish","type":"product","link":"https:\/\/repliquemangacine.fr\/es\/epees-seigneur-des-anneaux\/anduril-fourreau-de-luxe\/","title":{"rendered":"Funda de lujo Anduril"},"content":{"rendered":"<h2>Funda Anduril Deluxe: la espada real de Aragorn en una versi\u00f3n elegante y meticulosamente detallada<\/h2>\n<p>En primer lugar, descubra la magn\u00edfica r\u00e9plica de Anduril Fourreau de Luxe, la espada reforjada a partir de los fragmentos de Narsil para el rey Aragorn en El Se\u00f1or de los Anillos. Su hoja estriada de acero inoxidable 440 est\u00e1 adornada con grabados elfos centrales, fieles al dise\u00f1o original de la pel\u00edcula. La guarda de acero macizo y el pomo de forma especial a\u00f1aden un acabado digno de las mejores armas reales. La empu\u00f1adura met\u00e1lica, recubierta de imitaci\u00f3n de cuero negro, garantiza un excelente agarre y una c\u00f3moda sujeci\u00f3n. La vaina de madera est\u00e1 revestida de s\u00edmil cuero negro y decorada con una placa de oro grabada con motivos \u00e9lficos. Los adornos met\u00e1licos en los extremos y el cintur\u00f3n desmontable con botones de presi\u00f3n permiten llevar la espada con elegancia. Con una hoja de 89,5 cm y una longitud total de 120,5 cm, esta r\u00e9plica alcanza los 136 cm con la vaina.<\/p>\n<h2>Anduril: una espada legendaria que simboliza el regreso del Rey y el poder de Aragorn<\/h2>\n<p>En la trilog\u00eda de El Se\u00f1or de los Anillos, las espadas desempe\u00f1an un papel esencial, encarnando el destino, el linaje y el poder de sus portadores. And\u00faril, tambi\u00e9n conocida como la Llama del Oeste, es la versi\u00f3n reforjada de Narsil, rota durante la guerra contra Sauron. Esta espada simboliza el regreso del rey Aragorn, heredero de los antiguos reyes de Gondor, dispuesto a liderar a los pueblos libres. Adem\u00e1s, forjada por los elfos, And\u00faril brilla con una luz ancestral, portando los grabados sagrados de los Eldar. Acompa\u00f1a a Aragorn en su viaje hacia la batalla decisiva en la Puerta Negra de Mordor. Cada detalle de esta r\u00e9plica refleja la importancia simb\u00f3lica y narrativa de esta arma legendaria. Por \u00faltimo, poseer And\u00faril es poseer un pedazo de la historia de la Tierra Media. En resumen, una pieza poderosa para cualquier fan de <a href=\"https:\/\/www.tolkiendil.com\/bienvenue\" target=\"_blank\" rel=\"noopener noreferrer\">Tolkien<\/a> o coleccionista apasionado.<\/p>\n<h2>R\u00e9plique Manga Cin\u00e9: todas las armas de culto de El Se\u00f1or de los Anillos disponibles<\/h2>\n<p>En R\u00e9plique Manga Cin\u00e9, descubre el mundo de El Se\u00f1or de los Anillos a trav\u00e9s de una excepcional colecci\u00f3n de espadas y armas fieles a las pel\u00edculas. Junto a And\u00faril, encontrar\u00e1s la majestuosa <a href=\"https:\/\/repliquemangacine.fr\/es\/espadas-del-senor-de-los-anillos\/vaina-glamdring-espada-de-gandalf-lotr\/\">Espada Glamdring<\/a> de Gandalf, una aut\u00e9ntica leyenda en la guerra contra las fuerzas de la oscuridad. Tambi\u00e9n podr\u00e1s descubrir la espada de Boromir, reflejo del honor y la valent\u00eda de Gondor frente al enemigo. Para los fans del reino de Rohan, la espada Herugrim del rey Th\u00e9oden es una r\u00e9plica imprescindible. A\u00f1ade a esto la <a href=\"https:\/\/repliquemangacine.fr\/es\/espadas-del-senor-de-los-anillos\/el-senor-de-los-anillos-legolas-sables\/\">Las dagas \u00e9lficas de Legolas<\/a>las espadas oscuras de los Nazg\u00fbl. Tambi\u00e9n est\u00e1 la<a href=\"https:\/\/repliquemangacine.fr\/es\/espadas-del-senor-de-los-anillos\/espada-de-frodon-2\/\">espada Dard de Frodon<\/a>que brilla en presencia de los Orcos. En conclusi\u00f3n, todas nuestras armas est\u00e1n disponibles en versi\u00f3n met\u00e1lica o coleccionable, listas para unirse a tu vitrina o a tus cosplays. R\u00e9plique Manga Cin\u00e9 es la tienda de referencia en r\u00e9plicas de pel\u00edculas y videojuegos, para los verdaderos fans de las leyendas \u00e9picas.<\/p>","protected":false},"excerpt":{"rendered":"<p>Impresionante r\u00e9plica de la espada Anduril con su vaina de lujo.<\/p>\n<ul>\n<li>Hoja estriada de acero inoxidable 440 con grabados \u00e9lficos en el centro de la hoja.<\/li>\n<li>Empu\u00f1adura y pomo de acero macizo especialmente moldeado.<\/li>\n<li>Mango met\u00e1lico recubierto de polipiel para un agarre seguro.<\/li>\n<li>Vaina de madera recubierta de cuero artificial y placa con grabados elfos dorados.<\/li>\n<li>Adornos met\u00e1licos en los extremos.<\/li>\n<li>Un cintur\u00f3n desmontable se une a la vaina con un broche de presi\u00f3n para transportar esta magn\u00edfica espada.<\/li>\n<li>Longitud de la hoja: 89,5 cm - Longitud total: 120,5 cm y 136 cm con vaina<\/li>\n<li>Peso 1470 g y 2320 g con funda<\/li>\n<\/ul>","protected":false},"featured_media":95435,"template":"","meta":[],"product_brand":[896],"product_cat":[68,29],"product_tag":[],"class_list":{"0":"post-82989","1":"product","2":"type-product","3":"status-publish","4":"has-post-thumbnail","6":"product_brand-replique-manga-cine","7":"product_cat-epees-seigneur-des-anneaux","8":"product_cat-le-seigneur-des-anneaux","10":"first","11":"instock","12":"taxable","13":"shipping-taxable","14":"purchasable","15":"product-type-simple"},"yoast_head":"<!-- This site is optimized with the Yoast SEO plugin v27.4 - https:\/\/yoast.com\/product\/yoast-seo-wordpress\/ -->\n<title>Anduril Fourreau de Luxe - R\u00e9plique Manga Cin\u00e9<\/title>\n<meta name=\"description\" content=\"Devenez un v\u00e9ritable Roi du Gondor avec cette \u00e9poustouflante \u00e9p\u00e9e Anduril et son Fourreau de luxe en cuir et ornements elfiques et avec ceinture. Lame acier\" \/>\n<meta name=\"robots\" content=\"index, follow, max-snippet:-1, max-image-preview:large, max-video-preview:-1\" \/>\n<link rel=\"canonical\" href=\"https:\/\/repliquemangacine.fr\/es\/espadas-del-senor-de-los-anillos\/funda-de-lujo-anduril\/\" \/>\n<meta property=\"og:locale\" content=\"es_ES\" \/>\n<meta property=\"og:type\" content=\"article\" \/>\n<meta property=\"og:title\" content=\"Anduril Fourreau de Luxe - R\u00e9plique Manga Cin\u00e9\" \/>\n<meta property=\"og:description\" content=\"Devenez un v\u00e9ritable Roi du Gondor avec cette \u00e9poustouflante \u00e9p\u00e9e Anduril et son Fourreau de luxe en cuir et ornements elfiques et avec ceinture. Lame acier\" \/>\n<meta property=\"og:url\" content=\"https:\/\/repliquemangacine.fr\/es\/espadas-del-senor-de-los-anillos\/funda-de-lujo-anduril\/\" \/>\n<meta property=\"og:site_name\" content=\"R\u00e9plique Manga Cin\u00e9\" \/>\n<meta property=\"article:publisher\" content=\"https:\/\/www.facebook.com\/RepliqueMangaCine\" \/>\n<meta property=\"article:modified_time\" content=\"2026-04-17T15:52:48+00:00\" \/>\n<meta property=\"og:image\" content=\"https:\/\/repliquemangacine.fr\/wp-content\/uploads\/2025\/03\/Anduril-avec-son-Fourreau-de-luxe-1.jpg\" \/>\n\t<meta property=\"og:image:width\" content=\"800\" \/>\n\t<meta property=\"og:image:height\" content=\"800\" \/>\n\t<meta property=\"og:image:type\" content=\"image\/jpeg\" \/>\n<meta name=\"twitter:card\" content=\"summary_large_image\" \/>\n<meta name=\"twitter:label1\" content=\"Tiempo de lectura\" \/>\n\t<meta name=\"twitter:data1\" content=\"3 minutos\" \/>\n<script type=\"application\/ld+json\" class=\"yoast-schema-graph\">{\"@context\":\"https:\\\/\\\/schema.org\",\"@graph\":[{\"@type\":\"WebPage\",\"@id\":\"https:\\\/\\\/repliquemangacine.fr\\\/epees-seigneur-des-anneaux\\\/anduril-fourreau-de-luxe\\\/\",\"url\":\"https:\\\/\\\/repliquemangacine.fr\\\/epees-seigneur-des-anneaux\\\/anduril-fourreau-de-luxe\\\/\",\"name\":\"Anduril Fourreau de Luxe - R\u00e9plique Manga Cin\u00e9\",\"isPartOf\":{\"@id\":\"https:\\\/\\\/repliquemangacine.fr\\\/#website\"},\"primaryImageOfPage\":{\"@id\":\"https:\\\/\\\/repliquemangacine.fr\\\/epees-seigneur-des-anneaux\\\/anduril-fourreau-de-luxe\\\/#primaryimage\"},\"image\":{\"@id\":\"https:\\\/\\\/repliquemangacine.fr\\\/epees-seigneur-des-anneaux\\\/anduril-fourreau-de-luxe\\\/#primaryimage\"},\"thumbnailUrl\":\"https:\\\/\\\/repliquemangacine.fr\\\/wp-content\\\/uploads\\\/2025\\\/03\\\/Anduril-avec-son-Fourreau-de-luxe-1.jpg\",\"datePublished\":\"2025-03-24T19:43:32+00:00\",\"dateModified\":\"2026-04-17T15:52:48+00:00\",\"description\":\"Devenez un v\u00e9ritable Roi du Gondor avec cette \u00e9poustouflante \u00e9p\u00e9e Anduril et son Fourreau de luxe en cuir et ornements elfiques et avec ceinture. Lame acier\",\"breadcrumb\":{\"@id\":\"https:\\\/\\\/repliquemangacine.fr\\\/epees-seigneur-des-anneaux\\\/anduril-fourreau-de-luxe\\\/#breadcrumb\"},\"inLanguage\":\"es\",\"potentialAction\":[{\"@type\":\"ReadAction\",\"target\":[\"https:\\\/\\\/repliquemangacine.fr\\\/epees-seigneur-des-anneaux\\\/anduril-fourreau-de-luxe\\\/\"]}]},{\"@type\":\"ImageObject\",\"inLanguage\":\"es\",\"@id\":\"https:\\\/\\\/repliquemangacine.fr\\\/epees-seigneur-des-anneaux\\\/anduril-fourreau-de-luxe\\\/#primaryimage\",\"url\":\"https:\\\/\\\/repliquemangacine.fr\\\/wp-content\\\/uploads\\\/2025\\\/03\\\/Anduril-avec-son-Fourreau-de-luxe-1.jpg\",\"contentUrl\":\"https:\\\/\\\/repliquemangacine.fr\\\/wp-content\\\/uploads\\\/2025\\\/03\\\/Anduril-avec-son-Fourreau-de-luxe-1.jpg\",\"width\":800,\"height\":800,\"caption\":\"Anduril avec son fourreau de luxe\"},{\"@type\":\"BreadcrumbList\",\"@id\":\"https:\\\/\\\/repliquemangacine.fr\\\/epees-seigneur-des-anneaux\\\/anduril-fourreau-de-luxe\\\/#breadcrumb\",\"itemListElement\":[{\"@type\":\"ListItem\",\"position\":1,\"name\":\"Accueil\",\"item\":\"https:\\\/\\\/repliquemangacine.fr\\\/\"},{\"@type\":\"ListItem\",\"position\":2,\"name\":\"Produits\",\"item\":\"https:\\\/\\\/repliquemangacine.fr\\\/boutique\\\/\"},{\"@type\":\"ListItem\",\"position\":3,\"name\":\"Anduril Fourreau de Luxe\"}]},{\"@type\":\"WebSite\",\"@id\":\"https:\\\/\\\/repliquemangacine.fr\\\/#website\",\"url\":\"https:\\\/\\\/repliquemangacine.fr\\\/\",\"name\":\"R\u00e9plique Manga Cin\u00e9\",\"description\":\"\",\"publisher\":{\"@id\":\"https:\\\/\\\/repliquemangacine.fr\\\/#organization\"},\"potentialAction\":[{\"@type\":\"SearchAction\",\"target\":{\"@type\":\"EntryPoint\",\"urlTemplate\":\"https:\\\/\\\/repliquemangacine.fr\\\/?s={search_term_string}\"},\"query-input\":{\"@type\":\"PropertyValueSpecification\",\"valueRequired\":true,\"valueName\":\"search_term_string\"}}],\"inLanguage\":\"es\"},{\"@type\":\"Organization\",\"@id\":\"https:\\\/\\\/repliquemangacine.fr\\\/#organization\",\"name\":\"R\u00e9plique Manga Cin\u00e9\",\"url\":\"https:\\\/\\\/repliquemangacine.fr\\\/\",\"logo\":{\"@type\":\"ImageObject\",\"inLanguage\":\"es\",\"@id\":\"https:\\\/\\\/repliquemangacine.fr\\\/#\\\/schema\\\/logo\\\/image\\\/\",\"url\":\"https:\\\/\\\/repliquemangacine.fr\\\/wp-content\\\/uploads\\\/2023\\\/10\\\/RMC-500250.png\",\"contentUrl\":\"https:\\\/\\\/repliquemangacine.fr\\\/wp-content\\\/uploads\\\/2023\\\/10\\\/RMC-500250.png\",\"width\":500,\"height\":250,\"caption\":\"R\u00e9plique Manga Cin\u00e9\"},\"image\":{\"@id\":\"https:\\\/\\\/repliquemangacine.fr\\\/#\\\/schema\\\/logo\\\/image\\\/\"},\"sameAs\":[\"https:\\\/\\\/www.facebook.com\\\/RepliqueMangaCine\",\"https:\\\/\\\/www.instagram.com\\\/repliquemangacine.fr\\\/\"]}]}<\/script>\n<!-- \/ Yoast SEO plugin. -->","yoast_head_json":{"title":"Funda de lujo Anduril - R\u00e9plique Manga Cin\u00e9","description":"Convi\u00e9rtete en un aut\u00e9ntico Rey de Gondor con esta impresionante espada Anduril y su lujosa vaina de cuero con adornos \u00e9lficos y cintur\u00f3n. Hoja de acero","robots":{"index":"index","follow":"follow","max-snippet":"max-snippet:-1","max-image-preview":"max-image-preview:large","max-video-preview":"max-video-preview:-1"},"canonical":"https:\/\/repliquemangacine.fr\/es\/espadas-del-senor-de-los-anillos\/funda-de-lujo-anduril\/","og_locale":"es_ES","og_type":"article","og_title":"Anduril Fourreau de Luxe - R\u00e9plique Manga Cin\u00e9","og_description":"Devenez un v\u00e9ritable Roi du Gondor avec cette \u00e9poustouflante \u00e9p\u00e9e Anduril et son Fourreau de luxe en cuir et ornements elfiques et avec ceinture. Lame acier","og_url":"https:\/\/repliquemangacine.fr\/es\/espadas-del-senor-de-los-anillos\/funda-de-lujo-anduril\/","og_site_name":"R\u00e9plique Manga Cin\u00e9","article_publisher":"https:\/\/www.facebook.com\/RepliqueMangaCine","article_modified_time":"2026-04-17T15:52:48+00:00","og_image":[{"width":800,"height":800,"url":"https:\/\/repliquemangacine.fr\/wp-content\/uploads\/2025\/03\/Anduril-avec-son-Fourreau-de-luxe-1.jpg","type":"image\/jpeg"}],"twitter_card":"summary_large_image","twitter_misc":{"Tiempo de lectura":"3 minutos"},"schema":{"@context":"https:\/\/schema.org","@graph":[{"@type":"WebPage","@id":"https:\/\/repliquemangacine.fr\/epees-seigneur-des-anneaux\/anduril-fourreau-de-luxe\/","url":"https:\/\/repliquemangacine.fr\/epees-seigneur-des-anneaux\/anduril-fourreau-de-luxe\/","name":"Funda de lujo Anduril - R\u00e9plique Manga Cin\u00e9","isPartOf":{"@id":"https:\/\/repliquemangacine.fr\/#website"},"primaryImageOfPage":{"@id":"https:\/\/repliquemangacine.fr\/epees-seigneur-des-anneaux\/anduril-fourreau-de-luxe\/#primaryimage"},"image":{"@id":"https:\/\/repliquemangacine.fr\/epees-seigneur-des-anneaux\/anduril-fourreau-de-luxe\/#primaryimage"},"thumbnailUrl":"https:\/\/repliquemangacine.fr\/wp-content\/uploads\/2025\/03\/Anduril-avec-son-Fourreau-de-luxe-1.jpg","datePublished":"2025-03-24T19:43:32+00:00","dateModified":"2026-04-17T15:52:48+00:00","description":"Convi\u00e9rtete en un aut\u00e9ntico Rey de Gondor con esta impresionante espada Anduril y su lujosa vaina de cuero con adornos \u00e9lficos y cintur\u00f3n. Hoja de acero","breadcrumb":{"@id":"https:\/\/repliquemangacine.fr\/epees-seigneur-des-anneaux\/anduril-fourreau-de-luxe\/#breadcrumb"},"inLanguage":"es","potentialAction":[{"@type":"ReadAction","target":["https:\/\/repliquemangacine.fr\/epees-seigneur-des-anneaux\/anduril-fourreau-de-luxe\/"]}]},{"@type":"ImageObject","inLanguage":"es","@id":"https:\/\/repliquemangacine.fr\/epees-seigneur-des-anneaux\/anduril-fourreau-de-luxe\/#primaryimage","url":"https:\/\/repliquemangacine.fr\/wp-content\/uploads\/2025\/03\/Anduril-avec-son-Fourreau-de-luxe-1.jpg","contentUrl":"https:\/\/repliquemangacine.fr\/wp-content\/uploads\/2025\/03\/Anduril-avec-son-Fourreau-de-luxe-1.jpg","width":800,"height":800,"caption":"Anduril avec son fourreau de luxe"},{"@type":"BreadcrumbList","@id":"https:\/\/repliquemangacine.fr\/epees-seigneur-des-anneaux\/anduril-fourreau-de-luxe\/#breadcrumb","itemListElement":[{"@type":"ListItem","position":1,"name":"Accueil","item":"https:\/\/repliquemangacine.fr\/"},{"@type":"ListItem","position":2,"name":"Produits","item":"https:\/\/repliquemangacine.fr\/boutique\/"},{"@type":"ListItem","position":3,"name":"Anduril Fourreau de Luxe"}]},{"@type":"WebSite","@id":"https:\/\/repliquemangacine.fr\/#website","url":"https:\/\/repliquemangacine.fr\/","name":"R\u00e9plique Manga Cin\u00e9","description":"","publisher":{"@id":"https:\/\/repliquemangacine.fr\/#organization"},"potentialAction":[{"@type":"SearchAction","target":{"@type":"EntryPoint","urlTemplate":"https:\/\/repliquemangacine.fr\/?s={search_term_string}"},"query-input":{"@type":"PropertyValueSpecification","valueRequired":true,"valueName":"search_term_string"}}],"inLanguage":"es"},{"@type":"Organization","@id":"https:\/\/repliquemangacine.fr\/#organization","name":"R\u00e9plique Manga Cin\u00e9","url":"https:\/\/repliquemangacine.fr\/","logo":{"@type":"ImageObject","inLanguage":"es","@id":"https:\/\/repliquemangacine.fr\/#\/schema\/logo\/image\/","url":"https:\/\/repliquemangacine.fr\/wp-content\/uploads\/2023\/10\/RMC-500250.png","contentUrl":"https:\/\/repliquemangacine.fr\/wp-content\/uploads\/2023\/10\/RMC-500250.png","width":500,"height":250,"caption":"R\u00e9plique Manga Cin\u00e9"},"image":{"@id":"https:\/\/repliquemangacine.fr\/#\/schema\/logo\/image\/"},"sameAs":["https:\/\/www.facebook.com\/RepliqueMangaCine","https:\/\/www.instagram.com\/repliquemangacine.fr\/"]}]}},"_links":{"self":[{"href":"https:\/\/repliquemangacine.fr\/es\/wp-json\/wp\/v2\/product\/82989","targetHints":{"allow":["GET"]}}],"collection":[{"href":"https:\/\/repliquemangacine.fr\/es\/wp-json\/wp\/v2\/product"}],"about":[{"href":"https:\/\/repliquemangacine.fr\/es\/wp-json\/wp\/v2\/types\/product"}],"wp:featuredmedia":[{"embeddable":true,"href":"https:\/\/repliquemangacine.fr\/es\/wp-json\/wp\/v2\/media\/95435"}],"wp:attachment":[{"href":"https:\/\/repliquemangacine.fr\/es\/wp-json\/wp\/v2\/media?parent=82989"}],"wp:term":[{"taxonomy":"product_brand","embeddable":true,"href":"https:\/\/repliquemangacine.fr\/es\/wp-json\/wp\/v2\/product_brand?post=82989"},{"taxonomy":"product_cat","embeddable":true,"href":"https:\/\/repliquemangacine.fr\/es\/wp-json\/wp\/v2\/product_cat?post=82989"},{"taxonomy":"product_tag","embeddable":true,"href":"https:\/\/repliquemangacine.fr\/es\/wp-json\/wp\/v2\/product_tag?post=82989"}],"curies":[{"name":"wp","href":"https:\/\/api.w.org\/{rel}","templated":true}]}}