





{"id":82976,"date":"2025-03-24T18:39:29","date_gmt":"2025-03-24T17:39:29","guid":{"rendered":"https:\/\/repliquemangacine.fr\/?post_type=product&#038;p=82976"},"modified":"2026-01-11T20:46:40","modified_gmt":"2026-01-11T19:46:40","slug":"vaina-glamdring-espada-de-gandalf-lotr","status":"publish","type":"product","link":"https:\/\/repliquemangacine.fr\/es\/epees-seigneur-des-anneaux\/glamdring-fourreau-epee-de-gandalf-lotr\/","title":{"rendered":"Vaina Glamdring - Espada de Gandalf LOTR"},"content":{"rendered":"<h2>Glamdring Fourreau, la espada de Gandalf: una r\u00e9plica fiel de El Se\u00f1or de los Anillos<\/h2>\n<p>En primer lugar, descubre la r\u00e9plica de la vaina Glamdring, la legendaria espada de Gandalf el Gris, fiel compa\u00f1ero de Frodo y la Comunidad. Su hoja de acero inoxidable 440, con acanaladura central, garantiza un realismo impresionante y un acabado especialmente cuidado. Su guarda de acero macizo presenta un fino grabado en el centro, que a\u00f1ade un toque elegante y aut\u00e9ntico al conjunto. La empu\u00f1adura est\u00e1 recubierta de cuero de imitaci\u00f3n azul, que proporciona un agarre excelente para coleccionistas o cosplayers. El pomo de acero macizo especialmente dise\u00f1ado a\u00f1ade prestigio a esta espada \u00e9lfica. Se entrega con una vaina de madera recubierta de cuero artificial azul, adornada con detalles met\u00e1licos plateados. Con una longitud de hoja de 89 cm y una longitud total de 117 cm, esta pieza alcanza los 126 cm con vaina, con un peso de 1925 gramos. Una espada m\u00edtica que no puede faltar.<\/p>\n<h2>Las espadas legendarias de El Se\u00f1or de los Anillos: s\u00edmbolos de valor y destino<\/h2>\n<p>En la trilog\u00eda de El Se\u00f1or de los Anillos, cada espada tiene una profunda historia y un papel crucial en el destino de los h\u00e9roes. Glamdring, tambi\u00e9n conocida como la Divididora de Goblins, fue descubierta por Gandalf en una antigua cueva junto a Orcrist y Dard. Esta espada \u00e9lfica brilla en azul cuando se acerca el peligro, protegiendo a sus compa\u00f1eros. Gandalf, el poderoso mago y gu\u00eda de la Comunidad, la utiliza sabiamente para enfrentarse a la creciente oscuridad de la Tierra Media. Cada arma refleja el car\u00e1cter de su portador y contribuye a la fant\u00e1stica epopeya escrita por <a href=\"https:\/\/www.tolkiendil.com\/bienvenue\" target=\"_blank\" rel=\"noopener noreferrer\">Tolkien<\/a>. A trav\u00e9s de estas espadas se transmiten la herencia, el honor y la valent\u00eda. Poseer una r\u00e9plica como Glamdring es mucho m\u00e1s que un objeto decorativo; es sumergirse en un universo m\u00edtico. Gracias a su autenticidad, estas espadas siguen inspirando a generaciones de aficionados de todo el mundo.<\/p>\n<h2>R\u00e9plique Manga Cin\u00e9 : todas las espadas de El Se\u00f1or de los Anillos<\/h2>\n<p>En R\u00e9plique Manga Cin\u00e9, explora una amplia selecci\u00f3n de armas del m\u00e1gico mundo de El Se\u00f1or de los Anillos. Adem\u00e1s de Glamdring, encontrar\u00e1s el<a href=\"https:\/\/repliquemangacine.fr\/es\/espadas-y-dagas-los-anillos-del-poder\/espada-anduril-aragorn-el-senor-de-los-anillos\/\">And\u00faril<\/a>la espada reforjada para Aragorn por herreros elfos, s\u00edmbolo de la realeza recobrada. Descubre tambi\u00e9n la<a href=\"https:\/\/repliquemangacine.fr\/es\/espadas-del-senor-de-los-anillos\/espada-de-boromir\/\">La espada de Boromir<\/a>pesado y poderoso, fiel al guerrero de Gondor. Para los fans de Rohan, el<a href=\"https:\/\/repliquemangacine.fr\/es\/espadas-del-senor-de-los-anillos\/espada-theoden-espada-herugrim\/\">Espada Herugrim<\/a> del rey Th\u00e9oden es una pieza ic\u00f3nica que no debe perderse. Los fans de la agilidad apreciar\u00e1n las dagas de Legolas, esbeltas y elegantes, ideales para el combate cuerpo a cuerpo. Sin olvidar las <a href=\"https:\/\/repliquemangacine.fr\/es\/espadas-del-senor-de-los-anillos\/senor-de-los-anillos-espada-nazgul-espada-caballeros-negros\/\">espadas oscuras de los Nazg\u00fbl<\/a>amenazador y cargado de un aura de maldad. Y, por supuesto, el<a href=\"https:\/\/repliquemangacine.fr\/es\/espadas-del-senor-de-los-anillos\/espada-de-frodon-2\/\">espada Dard de Frodon<\/a>peque\u00f1o pero formidable, sigue siendo un cl\u00e1sico. En conclusi\u00f3n, en nuestro sitio web R\u00e9plique Manga Cin\u00e9 encontrar\u00e1 r\u00e9plicas fieles y de gran calidad, perfectas para aficionados, cosplayers o coleccionistas de leyendas del cine.<\/p>","protected":false},"excerpt":{"rendered":"<p>Magn\u00edfica r\u00e9plica de la espada Glamdring de Gandalf, de la trilog\u00eda de El Se\u00f1or de los Anillos.<\/p>\n<ul>\n<li>Hoja de acero inoxidable 440 con ranura<\/li>\n<li>Guarda de acero macizo con grabado fino en el centro<\/li>\n<li>Asa de polipiel azul para un agarre seguro<\/li>\n<li>Pomo de acero macizo con forma especial<\/li>\n<li>Se entrega con su funda de madera recubierta de polipiel azul y decoraci\u00f3n met\u00e1lica.<\/li>\n<li>Longitud de la hoja: 89 cm - Longitud total: 117 cm<\/li>\n<li>Longitud total con vaina: 126 cm - Peso: 1925 grs con vaina<\/li>\n<\/ul>","protected":false},"featured_media":82977,"template":"","meta":[],"product_brand":[896],"product_cat":[68,29],"product_tag":[],"class_list":{"0":"post-82976","1":"product","2":"type-product","3":"status-publish","4":"has-post-thumbnail","6":"product_brand-replique-manga-cine","7":"product_cat-epees-seigneur-des-anneaux","8":"product_cat-le-seigneur-des-anneaux","10":"first","11":"instock","12":"taxable","13":"shipping-taxable","14":"purchasable","15":"product-type-simple"},"yoast_head":"<!-- This site is optimized with the Yoast SEO plugin v27.4 - https:\/\/yoast.com\/product\/yoast-seo-wordpress\/ -->\n<title>Glamdring Fourreau - Ep\u00e9e de Gandalf LOTR | RMC<\/title>\n<meta name=\"description\" content=\"D\u00e9couvrez cette magnifique r\u00e9plique de l&#039;\u00e9p\u00e9e Glamdring Fourreau de Gqandalf dans Le Seigneur des Anneaux. Lame acier 440. Fourreau similicuir bleu. 126 cm\" \/>\n<meta name=\"robots\" content=\"index, follow, max-snippet:-1, max-image-preview:large, max-video-preview:-1\" \/>\n<link rel=\"canonical\" href=\"https:\/\/repliquemangacine.fr\/es\/espadas-del-senor-de-los-anillos\/vaina-glamdring-espada-de-gandalf-lotr\/\" \/>\n<meta property=\"og:locale\" content=\"es_ES\" \/>\n<meta property=\"og:type\" content=\"article\" \/>\n<meta property=\"og:title\" content=\"Glamdring Fourreau - Ep\u00e9e de Gandalf LOTR | RMC\" \/>\n<meta property=\"og:description\" content=\"D\u00e9couvrez cette magnifique r\u00e9plique de l&#039;\u00e9p\u00e9e Glamdring Fourreau de Gqandalf dans Le Seigneur des Anneaux. Lame acier 440. Fourreau similicuir bleu. 126 cm\" \/>\n<meta property=\"og:url\" content=\"https:\/\/repliquemangacine.fr\/es\/espadas-del-senor-de-los-anillos\/vaina-glamdring-espada-de-gandalf-lotr\/\" \/>\n<meta property=\"og:site_name\" content=\"R\u00e9plique Manga Cin\u00e9\" \/>\n<meta property=\"article:publisher\" content=\"https:\/\/www.facebook.com\/RepliqueMangaCine\" \/>\n<meta property=\"article:modified_time\" content=\"2026-01-11T19:46:40+00:00\" \/>\n<meta property=\"og:image\" content=\"https:\/\/repliquemangacine.fr\/wp-content\/uploads\/2025\/03\/epee-de-Gandalf-et-son-fourreau.jpg\" \/>\n\t<meta property=\"og:image:width\" content=\"500\" \/>\n\t<meta property=\"og:image:height\" content=\"500\" \/>\n\t<meta property=\"og:image:type\" content=\"image\/jpeg\" \/>\n<meta name=\"twitter:card\" content=\"summary_large_image\" \/>\n<meta name=\"twitter:label1\" content=\"Tiempo de lectura\" \/>\n\t<meta name=\"twitter:data1\" content=\"3 minutos\" \/>\n<script type=\"application\/ld+json\" class=\"yoast-schema-graph\">{\"@context\":\"https:\\\/\\\/schema.org\",\"@graph\":[{\"@type\":\"WebPage\",\"@id\":\"https:\\\/\\\/repliquemangacine.fr\\\/epees-seigneur-des-anneaux\\\/glamdring-fourreau-epee-de-gandalf-lotr\\\/\",\"url\":\"https:\\\/\\\/repliquemangacine.fr\\\/epees-seigneur-des-anneaux\\\/glamdring-fourreau-epee-de-gandalf-lotr\\\/\",\"name\":\"Glamdring Fourreau - Ep\u00e9e de Gandalf LOTR | RMC\",\"isPartOf\":{\"@id\":\"https:\\\/\\\/repliquemangacine.fr\\\/#website\"},\"primaryImageOfPage\":{\"@id\":\"https:\\\/\\\/repliquemangacine.fr\\\/epees-seigneur-des-anneaux\\\/glamdring-fourreau-epee-de-gandalf-lotr\\\/#primaryimage\"},\"image\":{\"@id\":\"https:\\\/\\\/repliquemangacine.fr\\\/epees-seigneur-des-anneaux\\\/glamdring-fourreau-epee-de-gandalf-lotr\\\/#primaryimage\"},\"thumbnailUrl\":\"https:\\\/\\\/repliquemangacine.fr\\\/wp-content\\\/uploads\\\/2025\\\/03\\\/epee-de-Gandalf-et-son-fourreau.jpg\",\"datePublished\":\"2025-03-24T17:39:29+00:00\",\"dateModified\":\"2026-01-11T19:46:40+00:00\",\"description\":\"D\u00e9couvrez cette magnifique r\u00e9plique de l'\u00e9p\u00e9e Glamdring Fourreau de Gqandalf dans Le Seigneur des Anneaux. Lame acier 440. Fourreau similicuir bleu. 126 cm\",\"breadcrumb\":{\"@id\":\"https:\\\/\\\/repliquemangacine.fr\\\/epees-seigneur-des-anneaux\\\/glamdring-fourreau-epee-de-gandalf-lotr\\\/#breadcrumb\"},\"inLanguage\":\"es\",\"potentialAction\":[{\"@type\":\"ReadAction\",\"target\":[\"https:\\\/\\\/repliquemangacine.fr\\\/epees-seigneur-des-anneaux\\\/glamdring-fourreau-epee-de-gandalf-lotr\\\/\"]}]},{\"@type\":\"ImageObject\",\"inLanguage\":\"es\",\"@id\":\"https:\\\/\\\/repliquemangacine.fr\\\/epees-seigneur-des-anneaux\\\/glamdring-fourreau-epee-de-gandalf-lotr\\\/#primaryimage\",\"url\":\"https:\\\/\\\/repliquemangacine.fr\\\/wp-content\\\/uploads\\\/2025\\\/03\\\/epee-de-Gandalf-et-son-fourreau.jpg\",\"contentUrl\":\"https:\\\/\\\/repliquemangacine.fr\\\/wp-content\\\/uploads\\\/2025\\\/03\\\/epee-de-Gandalf-et-son-fourreau.jpg\",\"width\":500,\"height\":500,\"caption\":\"Glamdring Fourreau \u00e9p\u00e9e de Gandalf - Le Seigneur des Anneaux\"},{\"@type\":\"BreadcrumbList\",\"@id\":\"https:\\\/\\\/repliquemangacine.fr\\\/epees-seigneur-des-anneaux\\\/glamdring-fourreau-epee-de-gandalf-lotr\\\/#breadcrumb\",\"itemListElement\":[{\"@type\":\"ListItem\",\"position\":1,\"name\":\"Accueil\",\"item\":\"https:\\\/\\\/repliquemangacine.fr\\\/\"},{\"@type\":\"ListItem\",\"position\":2,\"name\":\"Produits\",\"item\":\"https:\\\/\\\/repliquemangacine.fr\\\/boutique\\\/\"},{\"@type\":\"ListItem\",\"position\":3,\"name\":\"Glamdring Fourreau &#8211; Ep\u00e9e de Gandalf LOTR\"}]},{\"@type\":\"WebSite\",\"@id\":\"https:\\\/\\\/repliquemangacine.fr\\\/#website\",\"url\":\"https:\\\/\\\/repliquemangacine.fr\\\/\",\"name\":\"R\u00e9plique Manga Cin\u00e9\",\"description\":\"\",\"publisher\":{\"@id\":\"https:\\\/\\\/repliquemangacine.fr\\\/#organization\"},\"potentialAction\":[{\"@type\":\"SearchAction\",\"target\":{\"@type\":\"EntryPoint\",\"urlTemplate\":\"https:\\\/\\\/repliquemangacine.fr\\\/?s={search_term_string}\"},\"query-input\":{\"@type\":\"PropertyValueSpecification\",\"valueRequired\":true,\"valueName\":\"search_term_string\"}}],\"inLanguage\":\"es\"},{\"@type\":\"Organization\",\"@id\":\"https:\\\/\\\/repliquemangacine.fr\\\/#organization\",\"name\":\"R\u00e9plique Manga Cin\u00e9\",\"url\":\"https:\\\/\\\/repliquemangacine.fr\\\/\",\"logo\":{\"@type\":\"ImageObject\",\"inLanguage\":\"es\",\"@id\":\"https:\\\/\\\/repliquemangacine.fr\\\/#\\\/schema\\\/logo\\\/image\\\/\",\"url\":\"https:\\\/\\\/repliquemangacine.fr\\\/wp-content\\\/uploads\\\/2023\\\/10\\\/RMC-500250.png\",\"contentUrl\":\"https:\\\/\\\/repliquemangacine.fr\\\/wp-content\\\/uploads\\\/2023\\\/10\\\/RMC-500250.png\",\"width\":500,\"height\":250,\"caption\":\"R\u00e9plique Manga Cin\u00e9\"},\"image\":{\"@id\":\"https:\\\/\\\/repliquemangacine.fr\\\/#\\\/schema\\\/logo\\\/image\\\/\"},\"sameAs\":[\"https:\\\/\\\/www.facebook.com\\\/RepliqueMangaCine\",\"https:\\\/\\\/www.instagram.com\\\/repliquemangacine.fr\\\/\"]}]}<\/script>\n<!-- \/ Yoast SEO plugin. -->","yoast_head_json":{"title":"Vaina Glamdring - Espada de Gandalf LOTR | RMC","description":"Descubre esta magn\u00edfica r\u00e9plica de la espada Glamdring Scabbard utilizada por Gqandalf en El Se\u00f1or de los Anillos. Hoja de acero 440. Vaina de cuero artificial azul de 126 cm.","robots":{"index":"index","follow":"follow","max-snippet":"max-snippet:-1","max-image-preview":"max-image-preview:large","max-video-preview":"max-video-preview:-1"},"canonical":"https:\/\/repliquemangacine.fr\/es\/espadas-del-senor-de-los-anillos\/vaina-glamdring-espada-de-gandalf-lotr\/","og_locale":"es_ES","og_type":"article","og_title":"Glamdring Fourreau - Ep\u00e9e de Gandalf LOTR | RMC","og_description":"D\u00e9couvrez cette magnifique r\u00e9plique de l'\u00e9p\u00e9e Glamdring Fourreau de Gqandalf dans Le Seigneur des Anneaux. Lame acier 440. Fourreau similicuir bleu. 126 cm","og_url":"https:\/\/repliquemangacine.fr\/es\/espadas-del-senor-de-los-anillos\/vaina-glamdring-espada-de-gandalf-lotr\/","og_site_name":"R\u00e9plique Manga Cin\u00e9","article_publisher":"https:\/\/www.facebook.com\/RepliqueMangaCine","article_modified_time":"2026-01-11T19:46:40+00:00","og_image":[{"width":500,"height":500,"url":"https:\/\/repliquemangacine.fr\/wp-content\/uploads\/2025\/03\/epee-de-Gandalf-et-son-fourreau.jpg","type":"image\/jpeg"}],"twitter_card":"summary_large_image","twitter_misc":{"Tiempo de lectura":"3 minutos"},"schema":{"@context":"https:\/\/schema.org","@graph":[{"@type":"WebPage","@id":"https:\/\/repliquemangacine.fr\/epees-seigneur-des-anneaux\/glamdring-fourreau-epee-de-gandalf-lotr\/","url":"https:\/\/repliquemangacine.fr\/epees-seigneur-des-anneaux\/glamdring-fourreau-epee-de-gandalf-lotr\/","name":"Vaina Glamdring - Espada de Gandalf LOTR | RMC","isPartOf":{"@id":"https:\/\/repliquemangacine.fr\/#website"},"primaryImageOfPage":{"@id":"https:\/\/repliquemangacine.fr\/epees-seigneur-des-anneaux\/glamdring-fourreau-epee-de-gandalf-lotr\/#primaryimage"},"image":{"@id":"https:\/\/repliquemangacine.fr\/epees-seigneur-des-anneaux\/glamdring-fourreau-epee-de-gandalf-lotr\/#primaryimage"},"thumbnailUrl":"https:\/\/repliquemangacine.fr\/wp-content\/uploads\/2025\/03\/epee-de-Gandalf-et-son-fourreau.jpg","datePublished":"2025-03-24T17:39:29+00:00","dateModified":"2026-01-11T19:46:40+00:00","description":"Descubre esta magn\u00edfica r\u00e9plica de la espada Glamdring Scabbard utilizada por Gqandalf en El Se\u00f1or de los Anillos. Hoja de acero 440. Vaina de cuero artificial azul de 126 cm.","breadcrumb":{"@id":"https:\/\/repliquemangacine.fr\/epees-seigneur-des-anneaux\/glamdring-fourreau-epee-de-gandalf-lotr\/#breadcrumb"},"inLanguage":"es","potentialAction":[{"@type":"ReadAction","target":["https:\/\/repliquemangacine.fr\/epees-seigneur-des-anneaux\/glamdring-fourreau-epee-de-gandalf-lotr\/"]}]},{"@type":"ImageObject","inLanguage":"es","@id":"https:\/\/repliquemangacine.fr\/epees-seigneur-des-anneaux\/glamdring-fourreau-epee-de-gandalf-lotr\/#primaryimage","url":"https:\/\/repliquemangacine.fr\/wp-content\/uploads\/2025\/03\/epee-de-Gandalf-et-son-fourreau.jpg","contentUrl":"https:\/\/repliquemangacine.fr\/wp-content\/uploads\/2025\/03\/epee-de-Gandalf-et-son-fourreau.jpg","width":500,"height":500,"caption":"Glamdring Fourreau \u00e9p\u00e9e de Gandalf - Le Seigneur des Anneaux"},{"@type":"BreadcrumbList","@id":"https:\/\/repliquemangacine.fr\/epees-seigneur-des-anneaux\/glamdring-fourreau-epee-de-gandalf-lotr\/#breadcrumb","itemListElement":[{"@type":"ListItem","position":1,"name":"Accueil","item":"https:\/\/repliquemangacine.fr\/"},{"@type":"ListItem","position":2,"name":"Produits","item":"https:\/\/repliquemangacine.fr\/boutique\/"},{"@type":"ListItem","position":3,"name":"Glamdring Fourreau &#8211; Ep\u00e9e de Gandalf LOTR"}]},{"@type":"WebSite","@id":"https:\/\/repliquemangacine.fr\/#website","url":"https:\/\/repliquemangacine.fr\/","name":"R\u00e9plique Manga Cin\u00e9","description":"","publisher":{"@id":"https:\/\/repliquemangacine.fr\/#organization"},"potentialAction":[{"@type":"SearchAction","target":{"@type":"EntryPoint","urlTemplate":"https:\/\/repliquemangacine.fr\/?s={search_term_string}"},"query-input":{"@type":"PropertyValueSpecification","valueRequired":true,"valueName":"search_term_string"}}],"inLanguage":"es"},{"@type":"Organization","@id":"https:\/\/repliquemangacine.fr\/#organization","name":"R\u00e9plique Manga Cin\u00e9","url":"https:\/\/repliquemangacine.fr\/","logo":{"@type":"ImageObject","inLanguage":"es","@id":"https:\/\/repliquemangacine.fr\/#\/schema\/logo\/image\/","url":"https:\/\/repliquemangacine.fr\/wp-content\/uploads\/2023\/10\/RMC-500250.png","contentUrl":"https:\/\/repliquemangacine.fr\/wp-content\/uploads\/2023\/10\/RMC-500250.png","width":500,"height":250,"caption":"R\u00e9plique Manga Cin\u00e9"},"image":{"@id":"https:\/\/repliquemangacine.fr\/#\/schema\/logo\/image\/"},"sameAs":["https:\/\/www.facebook.com\/RepliqueMangaCine","https:\/\/www.instagram.com\/repliquemangacine.fr\/"]}]}},"_links":{"self":[{"href":"https:\/\/repliquemangacine.fr\/es\/wp-json\/wp\/v2\/product\/82976","targetHints":{"allow":["GET"]}}],"collection":[{"href":"https:\/\/repliquemangacine.fr\/es\/wp-json\/wp\/v2\/product"}],"about":[{"href":"https:\/\/repliquemangacine.fr\/es\/wp-json\/wp\/v2\/types\/product"}],"wp:featuredmedia":[{"embeddable":true,"href":"https:\/\/repliquemangacine.fr\/es\/wp-json\/wp\/v2\/media\/82977"}],"wp:attachment":[{"href":"https:\/\/repliquemangacine.fr\/es\/wp-json\/wp\/v2\/media?parent=82976"}],"wp:term":[{"taxonomy":"product_brand","embeddable":true,"href":"https:\/\/repliquemangacine.fr\/es\/wp-json\/wp\/v2\/product_brand?post=82976"},{"taxonomy":"product_cat","embeddable":true,"href":"https:\/\/repliquemangacine.fr\/es\/wp-json\/wp\/v2\/product_cat?post=82976"},{"taxonomy":"product_tag","embeddable":true,"href":"https:\/\/repliquemangacine.fr\/es\/wp-json\/wp\/v2\/product_tag?post=82976"}],"curies":[{"name":"wp","href":"https:\/\/api.w.org\/{rel}","templated":true}]}}