





{"id":82818,"date":"2025-03-17T19:19:15","date_gmt":"2025-03-17T18:19:15","guid":{"rendered":"https:\/\/repliquemangacine.fr\/?post_type=product&#038;p=82818"},"modified":"2025-11-13T01:19:50","modified_gmt":"2025-11-13T00:19:50","slug":"anillo-rapiere-de-rogier-elden","status":"publish","type":"product","link":"https:\/\/repliquemangacine.fr\/es\/elden-ring\/rapiere-de-rogier-elden-ring\/","title":{"rendered":"Estoque Rogier - Anillo Elden"},"content":{"rendered":"<h2>Estoque Rogier: una r\u00e9plica refinada y detallada para los entusiastas del Anillo de Elden<\/h2>\n<p>En primer lugar, sum\u00e9rjase en el mundo de Elden Ring con este magn\u00edfico <strong>Estoque Rogier<\/strong>. Una r\u00e9plica fiel del arma emblem\u00e1tica del famoso espadach\u00edn mago. Fabricada con materiales de calidad, esta hoja de acero inoxidable presenta un meticuloso grabado. Aporta un toque aut\u00e9ntico y elegante. Adem\u00e1s, su guarda de acero dorado le confiere un aspecto noble y majestuoso. En el centro de la guarda hay una piedra de resina roja, un rasgo distintivo que realza su atractivo est\u00e9tico. El mango de acero macizo chapado en oro est\u00e1 adornado con sofisticados grabados. El acabado es digno de las mejores hojas del mundo de Elden Ring. Su pomo de acero dorado especialmente dise\u00f1ado a\u00f1ade un armonioso toque final. Para completar el paquete, este estoque viene con una vaina de cuero artificial marr\u00f3n y un arn\u00e9s para facilitar su transporte.<\/p>\n<h2>El estoque de Rogier: un arma elegante impregnada de misterio y magia<\/h2>\n<p>En el fascinante mundo de<a href=\"https:\/\/eldenring.fandom.com\/fr\/wiki\/Wiki_Elden_Ring\" target=\"_blank\" rel=\"noopener noreferrer\">Anillo Elden<\/a>El estoque de Rogier es mucho m\u00e1s que un arma. Pertenece a Rogier, un temible espadach\u00edn conocido en la Mesa Redonda, el lugar emblem\u00e1tico del juego. A diferencia de otras espadas, este estoque est\u00e1 dise\u00f1ado para combinar elegancia y poder m\u00e1gico, lo que lo convierte en un arma \u00fanica. Su uso se basa en una refinada t\u00e9cnica de combate, que combina estocadas precisas y poderosos encantamientos. Gracias a sus grabados m\u00edsticos, est\u00e1 \u00edntimamente ligado a los secretos del Destino de la Muerte, un elemento clave en la historia de Elden Ring. Como tal, encarna no s\u00f3lo el poder del personaje de Rogier, sino tambi\u00e9n la influencia de las fuerzas ocultas que impregnan el juego. Tanto si eres un fan del combate cuerpo a cuerpo como un aficionado a Elden Ring, querr\u00e1s sacarle el m\u00e1ximo partido. Este <strong>Estoque Rogier<\/strong> es imprescindible en cualquier colecci\u00f3n que se precie.<\/p>\n<h2>R\u00e9plique Manga Cin\u00e9: una amplia selecci\u00f3n de armas m\u00edticas inspiradas en Elden Ring y los videojuegos<\/h2>\n<p>En R\u00e9plique Manga Cin\u00e9, rendimos homenaje a las armas emblem\u00e1ticas de los videojuegos ofreci\u00e9ndole una amplia selecci\u00f3n de r\u00e9plicas fieles y detalladas. Adem\u00e1s de las <strong>Estoque Rogier<\/strong>tambi\u00e9n encontrar\u00e1 el <a href=\"https:\/\/repliquemangacine.fr\/es\/katana-y-espada-videojuego-otros-videojuegos\/katana-moonveil-en-anillo-elden\/\">Katana Moonveil<\/a>una espada m\u00edstica apreciada por su velocidad y sus temibles ataques m\u00e1gicos. Del mismo modo, la<a href=\"https:\/\/repliquemangacine.fr\/es\/katana-y-espada-videojuego-otros-videojuegos\/elden-ring-gran-espada-espada\/\">Gran espada<\/a>un aut\u00e9ntico s\u00edmbolo de potencia bruta, es una visita obligada para los aficionados a las armas colosales. Adem\u00e1s, el<a href=\"https:\/\/repliquemangacine.fr\/es\/katana-y-espada-videojuego-otros-videojuegos\/espada-luna-oscura-gran-espada-anillo-elden\/\">Espada de la Luna Oscura<\/a>La Luna, impregnada de energ\u00edas lunares, atraer\u00e1 a los apasionados de la magia y las leyendas antiguas. Por \u00faltimo, para los que prefieren la agilidad y la delicadeza, la <a href=\"https:\/\/repliquemangacine.fr\/es\/katana-y-espada-videojuego-otros-videojuegos\/katana-uchigatana-elden-ring\/\">Katana Uchigatana<\/a> es la elecci\u00f3n perfecta, ya que combina velocidad y precisi\u00f3n. Explora nuestro cat\u00e1logo y encuentra el arma ideal para sumergirte en el mundo de tus juegos favoritos. R\u00e9plique Manga Cin\u00e9 es la tienda de referencia para los aficionados a las r\u00e9plicas de manga y videojuegos.<\/p>","protected":false},"excerpt":{"rendered":"<p>Magn\u00edfica r\u00e9plica del Estoque de Rogier en Elden Ring<\/p>\n<ul>\n<li>Hoja estriada de acero inoxidable con grabado<\/li>\n<li>Protector de acero chapado en oro<\/li>\n<li>En el centro de la guarda hay una piedra de resina roja.<\/li>\n<li>S\u00f3lido mango de acero dorado con grabados.<\/li>\n<li>Pomo de acero dorado con forma especial.<\/li>\n<li>Viene con su vaina de polipiel marr\u00f3n con arn\u00e9s para llevar la espada.<\/li>\n<li>Longitud de la hoja: 69 cm - Longitud total: 94 cm<\/li>\n<li>Peso : 988 gr<\/li>\n<\/ul>","protected":false},"featured_media":82821,"template":"","meta":[],"product_brand":[896],"product_cat":[876,67],"product_tag":[],"class_list":{"0":"post-82818","1":"product","2":"type-product","3":"status-publish","4":"has-post-thumbnail","6":"product_brand-replique-manga-cine","7":"product_cat-elden-ring","8":"product_cat-katana-et-epee-de-jeux-video-autre-jeux-video","10":"first","11":"instock","12":"taxable","13":"shipping-taxable","14":"purchasable","15":"product-type-simple"},"yoast_head":"<!-- This site is optimized with the Yoast SEO plugin v27.4 - https:\/\/yoast.com\/product\/yoast-seo-wordpress\/ -->\n<title>Rapi\u00e8re de Rogier - Elden Ring - R\u00e9plique Manga Cin\u00e9<\/title>\n<meta name=\"description\" content=\"Venez d\u00e9couvrir cette superbe Rapi\u00e8re de Rogier dans Elden Ring. Lame en acier avec gravures. Garde en m\u00e9tal dor\u00e9 finement d\u00e9cor\u00e9e. Fourreau en simili cuir.\" \/>\n<meta name=\"robots\" content=\"index, follow, max-snippet:-1, max-image-preview:large, max-video-preview:-1\" \/>\n<link rel=\"canonical\" href=\"https:\/\/repliquemangacine.fr\/es\/anillo-elden\/anillo-rapiere-de-rogier-elden\/\" \/>\n<meta property=\"og:locale\" content=\"es_ES\" \/>\n<meta property=\"og:type\" content=\"article\" \/>\n<meta property=\"og:title\" content=\"Rapi\u00e8re de Rogier - Elden Ring - R\u00e9plique Manga Cin\u00e9\" \/>\n<meta property=\"og:description\" content=\"Venez d\u00e9couvrir cette superbe Rapi\u00e8re de Rogier dans Elden Ring. Lame en acier avec gravures. Garde en m\u00e9tal dor\u00e9 finement d\u00e9cor\u00e9e. Fourreau en simili cuir.\" \/>\n<meta property=\"og:url\" content=\"https:\/\/repliquemangacine.fr\/es\/anillo-elden\/anillo-rapiere-de-rogier-elden\/\" \/>\n<meta property=\"og:site_name\" content=\"R\u00e9plique Manga Cin\u00e9\" \/>\n<meta property=\"article:publisher\" content=\"https:\/\/www.facebook.com\/RepliqueMangaCine\" \/>\n<meta property=\"article:modified_time\" content=\"2025-11-13T00:19:50+00:00\" \/>\n<meta property=\"og:image\" content=\"https:\/\/repliquemangacine.fr\/wp-content\/uploads\/2025\/03\/rapiere-de-Rogier-dans-Elden-Ring.jpg\" \/>\n\t<meta property=\"og:image:width\" content=\"500\" \/>\n\t<meta property=\"og:image:height\" content=\"500\" \/>\n\t<meta property=\"og:image:type\" content=\"image\/jpeg\" \/>\n<meta name=\"twitter:card\" content=\"summary_large_image\" \/>\n<meta name=\"twitter:label1\" content=\"Tiempo de lectura\" \/>\n\t<meta name=\"twitter:data1\" content=\"3 minutos\" \/>\n<script type=\"application\/ld+json\" class=\"yoast-schema-graph\">{\"@context\":\"https:\\\/\\\/schema.org\",\"@graph\":[{\"@type\":\"WebPage\",\"@id\":\"https:\\\/\\\/repliquemangacine.fr\\\/elden-ring\\\/rapiere-de-rogier-elden-ring\\\/\",\"url\":\"https:\\\/\\\/repliquemangacine.fr\\\/elden-ring\\\/rapiere-de-rogier-elden-ring\\\/\",\"name\":\"Rapi\u00e8re de Rogier - Elden Ring - R\u00e9plique Manga Cin\u00e9\",\"isPartOf\":{\"@id\":\"https:\\\/\\\/repliquemangacine.fr\\\/#website\"},\"primaryImageOfPage\":{\"@id\":\"https:\\\/\\\/repliquemangacine.fr\\\/elden-ring\\\/rapiere-de-rogier-elden-ring\\\/#primaryimage\"},\"image\":{\"@id\":\"https:\\\/\\\/repliquemangacine.fr\\\/elden-ring\\\/rapiere-de-rogier-elden-ring\\\/#primaryimage\"},\"thumbnailUrl\":\"https:\\\/\\\/repliquemangacine.fr\\\/wp-content\\\/uploads\\\/2025\\\/03\\\/rapiere-de-Rogier-dans-Elden-Ring.jpg\",\"datePublished\":\"2025-03-17T18:19:15+00:00\",\"dateModified\":\"2025-11-13T00:19:50+00:00\",\"description\":\"Venez d\u00e9couvrir cette superbe Rapi\u00e8re de Rogier dans Elden Ring. Lame en acier avec gravures. Garde en m\u00e9tal dor\u00e9 finement d\u00e9cor\u00e9e. Fourreau en simili cuir.\",\"breadcrumb\":{\"@id\":\"https:\\\/\\\/repliquemangacine.fr\\\/elden-ring\\\/rapiere-de-rogier-elden-ring\\\/#breadcrumb\"},\"inLanguage\":\"es\",\"potentialAction\":[{\"@type\":\"ReadAction\",\"target\":[\"https:\\\/\\\/repliquemangacine.fr\\\/elden-ring\\\/rapiere-de-rogier-elden-ring\\\/\"]}]},{\"@type\":\"ImageObject\",\"inLanguage\":\"es\",\"@id\":\"https:\\\/\\\/repliquemangacine.fr\\\/elden-ring\\\/rapiere-de-rogier-elden-ring\\\/#primaryimage\",\"url\":\"https:\\\/\\\/repliquemangacine.fr\\\/wp-content\\\/uploads\\\/2025\\\/03\\\/rapiere-de-Rogier-dans-Elden-Ring.jpg\",\"contentUrl\":\"https:\\\/\\\/repliquemangacine.fr\\\/wp-content\\\/uploads\\\/2025\\\/03\\\/rapiere-de-Rogier-dans-Elden-Ring.jpg\",\"width\":500,\"height\":500,\"caption\":\"Rapi\u00e8re de Rogier dans Elden Ring\"},{\"@type\":\"BreadcrumbList\",\"@id\":\"https:\\\/\\\/repliquemangacine.fr\\\/elden-ring\\\/rapiere-de-rogier-elden-ring\\\/#breadcrumb\",\"itemListElement\":[{\"@type\":\"ListItem\",\"position\":1,\"name\":\"Accueil\",\"item\":\"https:\\\/\\\/repliquemangacine.fr\\\/\"},{\"@type\":\"ListItem\",\"position\":2,\"name\":\"Produits\",\"item\":\"https:\\\/\\\/repliquemangacine.fr\\\/boutique\\\/\"},{\"@type\":\"ListItem\",\"position\":3,\"name\":\"Rapi\u00e8re de Rogier &#8211; Elden Ring\"}]},{\"@type\":\"WebSite\",\"@id\":\"https:\\\/\\\/repliquemangacine.fr\\\/#website\",\"url\":\"https:\\\/\\\/repliquemangacine.fr\\\/\",\"name\":\"R\u00e9plique Manga Cin\u00e9\",\"description\":\"\",\"publisher\":{\"@id\":\"https:\\\/\\\/repliquemangacine.fr\\\/#organization\"},\"potentialAction\":[{\"@type\":\"SearchAction\",\"target\":{\"@type\":\"EntryPoint\",\"urlTemplate\":\"https:\\\/\\\/repliquemangacine.fr\\\/?s={search_term_string}\"},\"query-input\":{\"@type\":\"PropertyValueSpecification\",\"valueRequired\":true,\"valueName\":\"search_term_string\"}}],\"inLanguage\":\"es\"},{\"@type\":\"Organization\",\"@id\":\"https:\\\/\\\/repliquemangacine.fr\\\/#organization\",\"name\":\"R\u00e9plique Manga Cin\u00e9\",\"url\":\"https:\\\/\\\/repliquemangacine.fr\\\/\",\"logo\":{\"@type\":\"ImageObject\",\"inLanguage\":\"es\",\"@id\":\"https:\\\/\\\/repliquemangacine.fr\\\/#\\\/schema\\\/logo\\\/image\\\/\",\"url\":\"https:\\\/\\\/repliquemangacine.fr\\\/wp-content\\\/uploads\\\/2023\\\/10\\\/RMC-500250.png\",\"contentUrl\":\"https:\\\/\\\/repliquemangacine.fr\\\/wp-content\\\/uploads\\\/2023\\\/10\\\/RMC-500250.png\",\"width\":500,\"height\":250,\"caption\":\"R\u00e9plique Manga Cin\u00e9\"},\"image\":{\"@id\":\"https:\\\/\\\/repliquemangacine.fr\\\/#\\\/schema\\\/logo\\\/image\\\/\"},\"sameAs\":[\"https:\\\/\\\/www.facebook.com\\\/RepliqueMangaCine\",\"https:\\\/\\\/www.instagram.com\\\/repliquemangacine.fr\\\/\"]}]}<\/script>\n<!-- \/ Yoast SEO plugin. -->","yoast_head_json":{"title":"Estoque Rogier - Anillo Elden - R\u00e9plique Manga Cin\u00e9","description":"Venga a descubrir este magn\u00edfico Estoque Rogier en Anillo de Elden. Hoja de acero con grabado. Guarda de metal dorado finamente decorada. Vaina de cuero artificial.","robots":{"index":"index","follow":"follow","max-snippet":"max-snippet:-1","max-image-preview":"max-image-preview:large","max-video-preview":"max-video-preview:-1"},"canonical":"https:\/\/repliquemangacine.fr\/es\/anillo-elden\/anillo-rapiere-de-rogier-elden\/","og_locale":"es_ES","og_type":"article","og_title":"Rapi\u00e8re de Rogier - Elden Ring - R\u00e9plique Manga Cin\u00e9","og_description":"Venez d\u00e9couvrir cette superbe Rapi\u00e8re de Rogier dans Elden Ring. Lame en acier avec gravures. Garde en m\u00e9tal dor\u00e9 finement d\u00e9cor\u00e9e. Fourreau en simili cuir.","og_url":"https:\/\/repliquemangacine.fr\/es\/anillo-elden\/anillo-rapiere-de-rogier-elden\/","og_site_name":"R\u00e9plique Manga Cin\u00e9","article_publisher":"https:\/\/www.facebook.com\/RepliqueMangaCine","article_modified_time":"2025-11-13T00:19:50+00:00","og_image":[{"width":500,"height":500,"url":"https:\/\/repliquemangacine.fr\/wp-content\/uploads\/2025\/03\/rapiere-de-Rogier-dans-Elden-Ring.jpg","type":"image\/jpeg"}],"twitter_card":"summary_large_image","twitter_misc":{"Tiempo de lectura":"3 minutos"},"schema":{"@context":"https:\/\/schema.org","@graph":[{"@type":"WebPage","@id":"https:\/\/repliquemangacine.fr\/elden-ring\/rapiere-de-rogier-elden-ring\/","url":"https:\/\/repliquemangacine.fr\/elden-ring\/rapiere-de-rogier-elden-ring\/","name":"Estoque Rogier - Anillo Elden - R\u00e9plique Manga Cin\u00e9","isPartOf":{"@id":"https:\/\/repliquemangacine.fr\/#website"},"primaryImageOfPage":{"@id":"https:\/\/repliquemangacine.fr\/elden-ring\/rapiere-de-rogier-elden-ring\/#primaryimage"},"image":{"@id":"https:\/\/repliquemangacine.fr\/elden-ring\/rapiere-de-rogier-elden-ring\/#primaryimage"},"thumbnailUrl":"https:\/\/repliquemangacine.fr\/wp-content\/uploads\/2025\/03\/rapiere-de-Rogier-dans-Elden-Ring.jpg","datePublished":"2025-03-17T18:19:15+00:00","dateModified":"2025-11-13T00:19:50+00:00","description":"Venga a descubrir este magn\u00edfico Estoque Rogier en Anillo de Elden. Hoja de acero con grabado. Guarda de metal dorado finamente decorada. Vaina de cuero artificial.","breadcrumb":{"@id":"https:\/\/repliquemangacine.fr\/elden-ring\/rapiere-de-rogier-elden-ring\/#breadcrumb"},"inLanguage":"es","potentialAction":[{"@type":"ReadAction","target":["https:\/\/repliquemangacine.fr\/elden-ring\/rapiere-de-rogier-elden-ring\/"]}]},{"@type":"ImageObject","inLanguage":"es","@id":"https:\/\/repliquemangacine.fr\/elden-ring\/rapiere-de-rogier-elden-ring\/#primaryimage","url":"https:\/\/repliquemangacine.fr\/wp-content\/uploads\/2025\/03\/rapiere-de-Rogier-dans-Elden-Ring.jpg","contentUrl":"https:\/\/repliquemangacine.fr\/wp-content\/uploads\/2025\/03\/rapiere-de-Rogier-dans-Elden-Ring.jpg","width":500,"height":500,"caption":"Rapi\u00e8re de Rogier dans Elden Ring"},{"@type":"BreadcrumbList","@id":"https:\/\/repliquemangacine.fr\/elden-ring\/rapiere-de-rogier-elden-ring\/#breadcrumb","itemListElement":[{"@type":"ListItem","position":1,"name":"Accueil","item":"https:\/\/repliquemangacine.fr\/"},{"@type":"ListItem","position":2,"name":"Produits","item":"https:\/\/repliquemangacine.fr\/boutique\/"},{"@type":"ListItem","position":3,"name":"Rapi\u00e8re de Rogier &#8211; Elden Ring"}]},{"@type":"WebSite","@id":"https:\/\/repliquemangacine.fr\/#website","url":"https:\/\/repliquemangacine.fr\/","name":"R\u00e9plique Manga Cin\u00e9","description":"","publisher":{"@id":"https:\/\/repliquemangacine.fr\/#organization"},"potentialAction":[{"@type":"SearchAction","target":{"@type":"EntryPoint","urlTemplate":"https:\/\/repliquemangacine.fr\/?s={search_term_string}"},"query-input":{"@type":"PropertyValueSpecification","valueRequired":true,"valueName":"search_term_string"}}],"inLanguage":"es"},{"@type":"Organization","@id":"https:\/\/repliquemangacine.fr\/#organization","name":"R\u00e9plique Manga Cin\u00e9","url":"https:\/\/repliquemangacine.fr\/","logo":{"@type":"ImageObject","inLanguage":"es","@id":"https:\/\/repliquemangacine.fr\/#\/schema\/logo\/image\/","url":"https:\/\/repliquemangacine.fr\/wp-content\/uploads\/2023\/10\/RMC-500250.png","contentUrl":"https:\/\/repliquemangacine.fr\/wp-content\/uploads\/2023\/10\/RMC-500250.png","width":500,"height":250,"caption":"R\u00e9plique Manga Cin\u00e9"},"image":{"@id":"https:\/\/repliquemangacine.fr\/#\/schema\/logo\/image\/"},"sameAs":["https:\/\/www.facebook.com\/RepliqueMangaCine","https:\/\/www.instagram.com\/repliquemangacine.fr\/"]}]}},"_links":{"self":[{"href":"https:\/\/repliquemangacine.fr\/es\/wp-json\/wp\/v2\/product\/82818","targetHints":{"allow":["GET"]}}],"collection":[{"href":"https:\/\/repliquemangacine.fr\/es\/wp-json\/wp\/v2\/product"}],"about":[{"href":"https:\/\/repliquemangacine.fr\/es\/wp-json\/wp\/v2\/types\/product"}],"wp:featuredmedia":[{"embeddable":true,"href":"https:\/\/repliquemangacine.fr\/es\/wp-json\/wp\/v2\/media\/82821"}],"wp:attachment":[{"href":"https:\/\/repliquemangacine.fr\/es\/wp-json\/wp\/v2\/media?parent=82818"}],"wp:term":[{"taxonomy":"product_brand","embeddable":true,"href":"https:\/\/repliquemangacine.fr\/es\/wp-json\/wp\/v2\/product_brand?post=82818"},{"taxonomy":"product_cat","embeddable":true,"href":"https:\/\/repliquemangacine.fr\/es\/wp-json\/wp\/v2\/product_cat?post=82818"},{"taxonomy":"product_tag","embeddable":true,"href":"https:\/\/repliquemangacine.fr\/es\/wp-json\/wp\/v2\/product_tag?post=82818"}],"curies":[{"name":"wp","href":"https:\/\/api.w.org\/{rel}","templated":true}]}}