





{"id":82741,"date":"2025-03-14T17:49:20","date_gmt":"2025-03-14T16:49:20","guid":{"rendered":"https:\/\/repliquemangacine.fr\/?post_type=product&#038;p=82741"},"modified":"2026-02-24T10:29:56","modified_gmt":"2026-02-24T09:29:56","slug":"mjollnir-de-metal-con-led-luminoso-martillo-thor","status":"publish","type":"product","link":"https:\/\/repliquemangacine.fr\/es\/super-heros-marvel\/mjollnir-en-metal-avec-leds-marteau-de-thor-lumineux\/","title":{"rendered":"Mj\u00f6llnir de metal con LED"},"content":{"rendered":"<h2>Mj\u00f6llnir de metal con LED: una r\u00e9plica impresionante para los fans de Thor<\/h2>\n<p>En primer lugar, sum\u00e9rjase en el mundo del <a href=\"https:\/\/marvel.fandom.com\/fr\/wiki\/Marvel_Wiki\" target=\"_blank\" rel=\"noopener noreferrer\">superh\u00e9roes<\/a> con esta excepcional r\u00e9plica met\u00e1lica de Mj\u00f6llnir con LED, el legendario martillo de Thor. Este modelo totalmente met\u00e1lico presenta un llamativo efecto craquelado, iluminado por LED. Gracias a un discreto bot\u00f3n de encendido\/apagado en el mango, la iluminaci\u00f3n es f\u00e1cil de activar. El martillo dispone de tres modos de iluminaci\u00f3n, perfectos para una inmersi\u00f3n total. Su mango de metal decorado y su correa de imitaci\u00f3n de cuero garantizan un agarre aut\u00e9ntico. Con un peso de 3,7 kg y una longitud de 45 cm, esta r\u00e9plica ofrece una presencia imponente. Mj\u00f6llnir descansa sobre una brillante base de ABS moldeado adornada con grietas. La base funciona con tres pilas (no incluidas) para un efecto a\u00fan m\u00e1s espectacular. El martillo de Thor viene con un mando a distancia y un cable USB para facilitar su recarga y prolongar su uso.<\/p>\n<h2>Un martillo legendario blandido por Thor y Jane Foster en el universo Marvel<\/h2>\n<p>Mj\u00f6llnir no es s\u00f3lo un arma, es un s\u00edmbolo de poder y divinidad. Forjado por los enanos de Asgard a partir del metal Uru, este martillo era el arma emblem\u00e1tica de Thor, dios del Trueno. Con \u00e9l, Thor canaliza el poder del rayo y defiende a Asgard de sus enemigos. S\u00f3lo quien es digno puede levantar Mj\u00f6llnir, lo que lo convierte en un artefacto sagrado. En la pel\u00edcula Thor: Amor y Trueno, Jane Foster, el amor de Thor, se convierte en Mighty Thor empu\u00f1ando este legendario martillo. Roto y reforjado, Mj\u00f6llnir le otorga una fuerza divina y la capacidad de lanzar sus fragmentos como temibles proyectiles. Esta r\u00e9plica de metal con LED capta toda la majestuosidad de esta m\u00edtica arma. Tanto si eres fan de Thor como de Mighty Thor, este martillo es un complemento esencial para tu colecci\u00f3n.<\/p>\n<h2>Explora el universo Marvel con r\u00e9plicas legendarias y detalladas<\/h2>\n<p>Para empezar, el martillo de Thor es s\u00f3lo uno de los tesoros de su colecci\u00f3n. Tambi\u00e9n encontrar\u00e1s el <a href=\"https:\/\/repliquemangacine.fr\/es\/superheroes-marvel\/dagas-drax-guardianes-de-la-galaxia\/\">Las emblem\u00e1ticas dagas de Drax<\/a>y sus vainas de Guardianes de la Galaxia. Para los fans de los objetos m\u00edticos, la <a href=\"https:\/\/repliquemangacine.fr\/es\/superheroes-marvel\/daquaman-tridente-210-cm-metal\/\">El tridente de Aquaman<\/a> de metal, que mide 210 cm, es una pieza imponente. Tambi\u00e9n est\u00e1 el<a href=\"https:\/\/repliquemangacine.fr\/es\/superheroes-marvel\/ojo-de-agamotto-amuleto-colgante-dr-strange\/\">Ojo de Agamotto<\/a> del Doctor Extra\u00f1o, fiel al artefacto m\u00e1gico de la pel\u00edcula, completa la colecci\u00f3n. Sin olvidar el legendario escudo del Capit\u00e1n Am\u00e9rica, s\u00edmbolo de fuerza y valent\u00eda. Cada pieza est\u00e1 fabricada con materiales de alta calidad para un acabado excepcional. Ya sea coleccionista o aficionado, estas r\u00e9plicas a\u00f1aden una dimensi\u00f3n \u00fanica a su universo. En conclusi\u00f3n, emb\u00e1rquese en una aventura y enriquezca su colecci\u00f3n con objetos ic\u00f3nicos de los m\u00e1s grandes h\u00e9roes.<\/p>","protected":false},"excerpt":{"rendered":"<p>Magn\u00edfica r\u00e9plica no oficial en metal de Mj\u00f6llnir con LED de Thor en el universo Marvel<\/p>\n<ul>\n<li>Cabeza de martillo totalmente met\u00e1lica con efecto craquelado e iluminaci\u00f3n LED.<\/li>\n<li>Bot\u00f3n de arranque\/parada en el cabezal del mango<\/li>\n<li>El martillo tiene 3 funciones Led posibles<\/li>\n<li>Asa de metal decorada con correa de polipiel<\/li>\n<li>Base expositora de ABS moldeado con grietas, tambi\u00e9n iluminada, funciona con 3 pilas (no incluidas)<\/li>\n<li>Mando a distancia y cable USB para cargar el martillo<\/li>\n<li>Dimensiones de la cabeza: 23 cm de ancho x 13,5 cm de fondo<\/li>\n<li>Longitud total sin correa 45 cm<\/li>\n<li>Peso: 3,7 kg<\/li>\n<\/ul>","protected":false},"featured_media":82745,"template":"","meta":[],"product_brand":[896],"product_cat":[59],"product_tag":[],"class_list":{"0":"post-82741","1":"product","2":"type-product","3":"status-publish","4":"has-post-thumbnail","6":"product_brand-replique-manga-cine","7":"product_cat-super-heros-marvel","9":"first","10":"instock","11":"taxable","12":"shipping-taxable","13":"purchasable","14":"product-type-simple"},"yoast_head":"<!-- This site is optimized with the Yoast SEO plugin v27.4 - https:\/\/yoast.com\/product\/yoast-seo-wordpress\/ -->\n<title>Mj\u00f6llnir en m\u00e9tal avec Leds - R\u00e9plique Manga Cin\u00e9<\/title>\n<meta name=\"description\" content=\"Magnifique ce marteau de Thor, Mj\u00f6llnir en m\u00e9tal avec Leds. 3 possibilit\u00e9s de fonction LED. Livr\u00e9 avec son support led, t\u00e9l\u00e9commande et fil USB. 3.7kg\" \/>\n<meta name=\"robots\" content=\"index, follow, max-snippet:-1, max-image-preview:large, max-video-preview:-1\" \/>\n<link rel=\"canonical\" href=\"https:\/\/repliquemangacine.fr\/es\/superheroes-marvel\/mjollnir-de-metal-con-led-luminoso-martillo-thor\/\" \/>\n<meta property=\"og:locale\" content=\"es_ES\" \/>\n<meta property=\"og:type\" content=\"article\" \/>\n<meta property=\"og:title\" content=\"Mj\u00f6llnir en m\u00e9tal avec Leds - R\u00e9plique Manga Cin\u00e9\" \/>\n<meta property=\"og:description\" content=\"Magnifique ce marteau de Thor, Mj\u00f6llnir en m\u00e9tal avec Leds. 3 possibilit\u00e9s de fonction LED. Livr\u00e9 avec son support led, t\u00e9l\u00e9commande et fil USB. 3.7kg\" \/>\n<meta property=\"og:url\" content=\"https:\/\/repliquemangacine.fr\/es\/superheroes-marvel\/mjollnir-de-metal-con-led-luminoso-martillo-thor\/\" \/>\n<meta property=\"og:site_name\" content=\"R\u00e9plique Manga Cin\u00e9\" \/>\n<meta property=\"article:publisher\" content=\"https:\/\/www.facebook.com\/RepliqueMangaCine\" \/>\n<meta property=\"article:modified_time\" content=\"2026-02-24T09:29:56+00:00\" \/>\n<meta property=\"og:image\" content=\"https:\/\/repliquemangacine.fr\/wp-content\/uploads\/2025\/03\/Mjollnir-en-metal-avec-Leds-sur-socle.jpg\" \/>\n\t<meta property=\"og:image:width\" content=\"500\" \/>\n\t<meta property=\"og:image:height\" content=\"500\" \/>\n\t<meta property=\"og:image:type\" content=\"image\/jpeg\" \/>\n<meta name=\"twitter:card\" content=\"summary_large_image\" \/>\n<meta name=\"twitter:label1\" content=\"Tiempo de lectura\" \/>\n\t<meta name=\"twitter:data1\" content=\"3 minutos\" \/>\n<script type=\"application\/ld+json\" class=\"yoast-schema-graph\">{\"@context\":\"https:\\\/\\\/schema.org\",\"@graph\":[{\"@type\":\"WebPage\",\"@id\":\"https:\\\/\\\/repliquemangacine.fr\\\/super-heros-marvel\\\/mjollnir-en-metal-avec-leds-marteau-de-thor-lumineux\\\/\",\"url\":\"https:\\\/\\\/repliquemangacine.fr\\\/super-heros-marvel\\\/mjollnir-en-metal-avec-leds-marteau-de-thor-lumineux\\\/\",\"name\":\"Mj\u00f6llnir en m\u00e9tal avec Leds - R\u00e9plique Manga Cin\u00e9\",\"isPartOf\":{\"@id\":\"https:\\\/\\\/repliquemangacine.fr\\\/#website\"},\"primaryImageOfPage\":{\"@id\":\"https:\\\/\\\/repliquemangacine.fr\\\/super-heros-marvel\\\/mjollnir-en-metal-avec-leds-marteau-de-thor-lumineux\\\/#primaryimage\"},\"image\":{\"@id\":\"https:\\\/\\\/repliquemangacine.fr\\\/super-heros-marvel\\\/mjollnir-en-metal-avec-leds-marteau-de-thor-lumineux\\\/#primaryimage\"},\"thumbnailUrl\":\"https:\\\/\\\/repliquemangacine.fr\\\/wp-content\\\/uploads\\\/2025\\\/03\\\/Mjollnir-en-metal-avec-Leds-sur-socle.jpg\",\"datePublished\":\"2025-03-14T16:49:20+00:00\",\"dateModified\":\"2026-02-24T09:29:56+00:00\",\"description\":\"Magnifique ce marteau de Thor, Mj\u00f6llnir en m\u00e9tal avec Leds. 3 possibilit\u00e9s de fonction LED. Livr\u00e9 avec son support led, t\u00e9l\u00e9commande et fil USB. 3.7kg\",\"breadcrumb\":{\"@id\":\"https:\\\/\\\/repliquemangacine.fr\\\/super-heros-marvel\\\/mjollnir-en-metal-avec-leds-marteau-de-thor-lumineux\\\/#breadcrumb\"},\"inLanguage\":\"es\",\"potentialAction\":[{\"@type\":\"ReadAction\",\"target\":[\"https:\\\/\\\/repliquemangacine.fr\\\/super-heros-marvel\\\/mjollnir-en-metal-avec-leds-marteau-de-thor-lumineux\\\/\"]}]},{\"@type\":\"ImageObject\",\"inLanguage\":\"es\",\"@id\":\"https:\\\/\\\/repliquemangacine.fr\\\/super-heros-marvel\\\/mjollnir-en-metal-avec-leds-marteau-de-thor-lumineux\\\/#primaryimage\",\"url\":\"https:\\\/\\\/repliquemangacine.fr\\\/wp-content\\\/uploads\\\/2025\\\/03\\\/Mjollnir-en-metal-avec-Leds-sur-socle.jpg\",\"contentUrl\":\"https:\\\/\\\/repliquemangacine.fr\\\/wp-content\\\/uploads\\\/2025\\\/03\\\/Mjollnir-en-metal-avec-Leds-sur-socle.jpg\",\"width\":500,\"height\":500,\"caption\":\"Mj\u00f6llnir en m\u00e9tal avec Leds Marteau de Thor\"},{\"@type\":\"BreadcrumbList\",\"@id\":\"https:\\\/\\\/repliquemangacine.fr\\\/super-heros-marvel\\\/mjollnir-en-metal-avec-leds-marteau-de-thor-lumineux\\\/#breadcrumb\",\"itemListElement\":[{\"@type\":\"ListItem\",\"position\":1,\"name\":\"Accueil\",\"item\":\"https:\\\/\\\/repliquemangacine.fr\\\/\"},{\"@type\":\"ListItem\",\"position\":2,\"name\":\"Produits\",\"item\":\"https:\\\/\\\/repliquemangacine.fr\\\/boutique\\\/\"},{\"@type\":\"ListItem\",\"position\":3,\"name\":\"Mj\u00f6llnir en m\u00e9tal avec Leds\"}]},{\"@type\":\"WebSite\",\"@id\":\"https:\\\/\\\/repliquemangacine.fr\\\/#website\",\"url\":\"https:\\\/\\\/repliquemangacine.fr\\\/\",\"name\":\"R\u00e9plique Manga Cin\u00e9\",\"description\":\"\",\"publisher\":{\"@id\":\"https:\\\/\\\/repliquemangacine.fr\\\/#organization\"},\"potentialAction\":[{\"@type\":\"SearchAction\",\"target\":{\"@type\":\"EntryPoint\",\"urlTemplate\":\"https:\\\/\\\/repliquemangacine.fr\\\/?s={search_term_string}\"},\"query-input\":{\"@type\":\"PropertyValueSpecification\",\"valueRequired\":true,\"valueName\":\"search_term_string\"}}],\"inLanguage\":\"es\"},{\"@type\":\"Organization\",\"@id\":\"https:\\\/\\\/repliquemangacine.fr\\\/#organization\",\"name\":\"R\u00e9plique Manga Cin\u00e9\",\"url\":\"https:\\\/\\\/repliquemangacine.fr\\\/\",\"logo\":{\"@type\":\"ImageObject\",\"inLanguage\":\"es\",\"@id\":\"https:\\\/\\\/repliquemangacine.fr\\\/#\\\/schema\\\/logo\\\/image\\\/\",\"url\":\"https:\\\/\\\/repliquemangacine.fr\\\/wp-content\\\/uploads\\\/2023\\\/10\\\/RMC-500250.png\",\"contentUrl\":\"https:\\\/\\\/repliquemangacine.fr\\\/wp-content\\\/uploads\\\/2023\\\/10\\\/RMC-500250.png\",\"width\":500,\"height\":250,\"caption\":\"R\u00e9plique Manga Cin\u00e9\"},\"image\":{\"@id\":\"https:\\\/\\\/repliquemangacine.fr\\\/#\\\/schema\\\/logo\\\/image\\\/\"},\"sameAs\":[\"https:\\\/\\\/www.facebook.com\\\/RepliqueMangaCine\",\"https:\\\/\\\/www.instagram.com\\\/repliquemangacine.fr\\\/\"]}]}<\/script>\n<!-- \/ Yoast SEO plugin. -->","yoast_head_json":{"title":"Mj\u00f6llnir de metal con LED - R\u00e9plique Manga Cin\u00e9","description":"Magn\u00edfico martillo de Thor, Mj\u00f6llnir de metal con LED. 3 funciones LED. Se entrega con soporte para LED, mando a distancia y cable USB. 3,7 kg","robots":{"index":"index","follow":"follow","max-snippet":"max-snippet:-1","max-image-preview":"max-image-preview:large","max-video-preview":"max-video-preview:-1"},"canonical":"https:\/\/repliquemangacine.fr\/es\/superheroes-marvel\/mjollnir-de-metal-con-led-luminoso-martillo-thor\/","og_locale":"es_ES","og_type":"article","og_title":"Mj\u00f6llnir en m\u00e9tal avec Leds - R\u00e9plique Manga Cin\u00e9","og_description":"Magnifique ce marteau de Thor, Mj\u00f6llnir en m\u00e9tal avec Leds. 3 possibilit\u00e9s de fonction LED. Livr\u00e9 avec son support led, t\u00e9l\u00e9commande et fil USB. 3.7kg","og_url":"https:\/\/repliquemangacine.fr\/es\/superheroes-marvel\/mjollnir-de-metal-con-led-luminoso-martillo-thor\/","og_site_name":"R\u00e9plique Manga Cin\u00e9","article_publisher":"https:\/\/www.facebook.com\/RepliqueMangaCine","article_modified_time":"2026-02-24T09:29:56+00:00","og_image":[{"width":500,"height":500,"url":"https:\/\/repliquemangacine.fr\/wp-content\/uploads\/2025\/03\/Mjollnir-en-metal-avec-Leds-sur-socle.jpg","type":"image\/jpeg"}],"twitter_card":"summary_large_image","twitter_misc":{"Tiempo de lectura":"3 minutos"},"schema":{"@context":"https:\/\/schema.org","@graph":[{"@type":"WebPage","@id":"https:\/\/repliquemangacine.fr\/super-heros-marvel\/mjollnir-en-metal-avec-leds-marteau-de-thor-lumineux\/","url":"https:\/\/repliquemangacine.fr\/super-heros-marvel\/mjollnir-en-metal-avec-leds-marteau-de-thor-lumineux\/","name":"Mj\u00f6llnir de metal con LED - R\u00e9plique Manga Cin\u00e9","isPartOf":{"@id":"https:\/\/repliquemangacine.fr\/#website"},"primaryImageOfPage":{"@id":"https:\/\/repliquemangacine.fr\/super-heros-marvel\/mjollnir-en-metal-avec-leds-marteau-de-thor-lumineux\/#primaryimage"},"image":{"@id":"https:\/\/repliquemangacine.fr\/super-heros-marvel\/mjollnir-en-metal-avec-leds-marteau-de-thor-lumineux\/#primaryimage"},"thumbnailUrl":"https:\/\/repliquemangacine.fr\/wp-content\/uploads\/2025\/03\/Mjollnir-en-metal-avec-Leds-sur-socle.jpg","datePublished":"2025-03-14T16:49:20+00:00","dateModified":"2026-02-24T09:29:56+00:00","description":"Magn\u00edfico martillo de Thor, Mj\u00f6llnir de metal con LED. 3 funciones LED. Se entrega con soporte para LED, mando a distancia y cable USB. 3,7 kg","breadcrumb":{"@id":"https:\/\/repliquemangacine.fr\/super-heros-marvel\/mjollnir-en-metal-avec-leds-marteau-de-thor-lumineux\/#breadcrumb"},"inLanguage":"es","potentialAction":[{"@type":"ReadAction","target":["https:\/\/repliquemangacine.fr\/super-heros-marvel\/mjollnir-en-metal-avec-leds-marteau-de-thor-lumineux\/"]}]},{"@type":"ImageObject","inLanguage":"es","@id":"https:\/\/repliquemangacine.fr\/super-heros-marvel\/mjollnir-en-metal-avec-leds-marteau-de-thor-lumineux\/#primaryimage","url":"https:\/\/repliquemangacine.fr\/wp-content\/uploads\/2025\/03\/Mjollnir-en-metal-avec-Leds-sur-socle.jpg","contentUrl":"https:\/\/repliquemangacine.fr\/wp-content\/uploads\/2025\/03\/Mjollnir-en-metal-avec-Leds-sur-socle.jpg","width":500,"height":500,"caption":"Mj\u00f6llnir en m\u00e9tal avec Leds Marteau de Thor"},{"@type":"BreadcrumbList","@id":"https:\/\/repliquemangacine.fr\/super-heros-marvel\/mjollnir-en-metal-avec-leds-marteau-de-thor-lumineux\/#breadcrumb","itemListElement":[{"@type":"ListItem","position":1,"name":"Accueil","item":"https:\/\/repliquemangacine.fr\/"},{"@type":"ListItem","position":2,"name":"Produits","item":"https:\/\/repliquemangacine.fr\/boutique\/"},{"@type":"ListItem","position":3,"name":"Mj\u00f6llnir en m\u00e9tal avec Leds"}]},{"@type":"WebSite","@id":"https:\/\/repliquemangacine.fr\/#website","url":"https:\/\/repliquemangacine.fr\/","name":"R\u00e9plique Manga Cin\u00e9","description":"","publisher":{"@id":"https:\/\/repliquemangacine.fr\/#organization"},"potentialAction":[{"@type":"SearchAction","target":{"@type":"EntryPoint","urlTemplate":"https:\/\/repliquemangacine.fr\/?s={search_term_string}"},"query-input":{"@type":"PropertyValueSpecification","valueRequired":true,"valueName":"search_term_string"}}],"inLanguage":"es"},{"@type":"Organization","@id":"https:\/\/repliquemangacine.fr\/#organization","name":"R\u00e9plique Manga Cin\u00e9","url":"https:\/\/repliquemangacine.fr\/","logo":{"@type":"ImageObject","inLanguage":"es","@id":"https:\/\/repliquemangacine.fr\/#\/schema\/logo\/image\/","url":"https:\/\/repliquemangacine.fr\/wp-content\/uploads\/2023\/10\/RMC-500250.png","contentUrl":"https:\/\/repliquemangacine.fr\/wp-content\/uploads\/2023\/10\/RMC-500250.png","width":500,"height":250,"caption":"R\u00e9plique Manga Cin\u00e9"},"image":{"@id":"https:\/\/repliquemangacine.fr\/#\/schema\/logo\/image\/"},"sameAs":["https:\/\/www.facebook.com\/RepliqueMangaCine","https:\/\/www.instagram.com\/repliquemangacine.fr\/"]}]}},"_links":{"self":[{"href":"https:\/\/repliquemangacine.fr\/es\/wp-json\/wp\/v2\/product\/82741","targetHints":{"allow":["GET"]}}],"collection":[{"href":"https:\/\/repliquemangacine.fr\/es\/wp-json\/wp\/v2\/product"}],"about":[{"href":"https:\/\/repliquemangacine.fr\/es\/wp-json\/wp\/v2\/types\/product"}],"wp:featuredmedia":[{"embeddable":true,"href":"https:\/\/repliquemangacine.fr\/es\/wp-json\/wp\/v2\/media\/82745"}],"wp:attachment":[{"href":"https:\/\/repliquemangacine.fr\/es\/wp-json\/wp\/v2\/media?parent=82741"}],"wp:term":[{"taxonomy":"product_brand","embeddable":true,"href":"https:\/\/repliquemangacine.fr\/es\/wp-json\/wp\/v2\/product_brand?post=82741"},{"taxonomy":"product_cat","embeddable":true,"href":"https:\/\/repliquemangacine.fr\/es\/wp-json\/wp\/v2\/product_cat?post=82741"},{"taxonomy":"product_tag","embeddable":true,"href":"https:\/\/repliquemangacine.fr\/es\/wp-json\/wp\/v2\/product_tag?post=82741"}],"curies":[{"name":"wp","href":"https:\/\/api.w.org\/{rel}","templated":true}]}}