





{"id":82583,"date":"2025-03-09T17:55:52","date_gmt":"2025-03-09T16:55:52","guid":{"rendered":"https:\/\/repliquemangacine.fr\/?post_type=product&#038;p=82583"},"modified":"2025-11-13T01:21:50","modified_gmt":"2025-11-13T00:21:50","slug":"katana-shodei-kitetsu-one-piece","status":"publish","type":"product","link":"https:\/\/repliquemangacine.fr\/es\/katana-en-metal-one-piece\/katana-shodei-kitetsu-one-piece\/","title":{"rendered":"Katana Shodei Kitetsu - One Piece"},"content":{"rendered":"<h2>Descubra la Katana Shodei Kitetsu, la m\u00edtica espada de los Gorosei<\/h2>\n<p>En primer lugar, d\u00e9jese cautivar por el legendario <strong>Katana Shodei Kitetsu<\/strong>, empu\u00f1ada por Gandhi, uno de los misteriosos Gorosei de One Piece. Considerada una de las espadas malditas m\u00e1s poderosas del mundo, esta hoja fascina tanto como inspira temor. De hecho,<\/p>\n<p>De las tres espadas Kitetsu de One Piece, se ha confirmado que la Shodai Kitetsu es la mejor. Esta espada es una de las <a href=\"https:\/\/manga-universe.net\/2023\/05\/11\/one-piece-15-epees-les-plus-fortes-a-ce-jour-classees\/\" target=\"_blank\" rel=\"noopener noreferrer\">12 espadas de grado supremo<\/a>Y para colmo, tambi\u00e9n es una espada maldita. Como el rango habla por s\u00ed solo, se trata en efecto de una espada extremadamente poderosa, lo que la convierte en una de las espadas de mayor calidad jam\u00e1s producidas en el mundo pirata. Fabricada por los herreros de Kitetsu en Wano, actualmente se desconoce su paradero.<\/p>\n<h2>Gorosei Gandhi, un enigm\u00e1tico personaje de One Piece<\/h2>\n<p>A continuaci\u00f3n, descubre el fascinante mundo de Gorosei Gandhi, un destacado miembro del Consejo de los Cinco Ancianos de One Piece. Misterioso y silencioso, se le reconoce al instante por su atuendo tradicional. Su katana Shodai Kitetsu simboliza su poder silencioso, despertando admiraci\u00f3n y preocupaci\u00f3n en sus oponentes. Gandhi encarna la sabidur\u00eda y el poder oculto de los dirigentes supremos del gobierno mundial. Aunque su verdadera historia y sus intenciones siguen siendo en gran parte desconocidas, su mera presencia sugiere una fuerza incre\u00edble. Esta enigm\u00e1tica figura despierta un inter\u00e9s creciente entre los aficionados, lo que hace que la <strong>Katana Shodei Kitetsu<\/strong> un objeto de deseo esencial para todos los coleccionistas.<\/p>\n<h2>Descubre las katanas m\u00e1s poderosas de One Piece en R\u00e9plique Manga Cin\u00e9<\/h2>\n<p>Por fin podr\u00e1s ampliar tu colecci\u00f3n con las katanas y espadas m\u00e1s poderosas del universo One Piece disponibles en R\u00e9plique Manga Cin\u00e9. Descubre las<a href=\"https:\/\/repliquemangacine.fr\/es\/replica-de-videojuegos-manga\/yoru-kokutou-espada-dracula-mihawk-hoja-ancha\/\">Espada Yoru<\/a>blandida con br\u00edo por Mihawk, con fama de ser la espada m\u00e1s afilada del mundo. No se pierda la famosa espada apodada \"El As\", emblem\u00e1tica de la regi\u00f3n. <a href=\"https:\/\/repliquemangacine.fr\/es\/katana-de-metal-de-una-pieza\/espada-pirata-rogers-dorada-espada-as\/\">espada del legendario pirata Gold Roger<\/a>con una historia rica en aventuras. Complete su selecci\u00f3n con el<a href=\"https:\/\/repliquemangacine.fr\/es\/replica-de-videojuegos-manga\/shanks-le-roux-espada\/\">Espada Grifo de Shanks le Roux<\/a>un s\u00edmbolo de carisma y poder indiscutible. Estas excepcionales r\u00e9plicas se encuentran entre las 12 espadas de calidad suprema, imprescindibles para cualquier fan que desee revivir los momentos \u00e9picos de One Piece en casa.<\/p>","protected":false},"excerpt":{"rendered":"<p>Magn\u00edfica r\u00e9plica de la Katana Shodei Kitetsu de One Piece<\/p>\n<ul>\n<li>Hoja de acero finamente decorada en tres tonos.<\/li>\n<li>Protecci\u00f3n met\u00e1lica espec\u00edfica para Kitetsu<\/li>\n<li>Asa de imitaci\u00f3n de piel de raya rodeada de trenza de algod\u00f3n verde<\/li>\n<li>Vaina de madera rodeada de un material sint\u00e9tico similar a la madera<\/li>\n<li>Longitud de la hoja: 67,5 cm - Longitud total con vaina: 104 cm<\/li>\n<\/ul>","protected":false},"featured_media":82584,"template":"","meta":[],"product_brand":[896],"product_cat":[123,23,36],"product_tag":[],"class_list":{"0":"post-82583","1":"product","2":"type-product","3":"status-publish","4":"has-post-thumbnail","6":"product_brand-replique-manga-cine","7":"product_cat-katana-en-metal-one-piece","8":"product_cat-repliques-manga-jeux-video","9":"product_cat-katana-one-piece","11":"first","12":"instock","13":"taxable","14":"shipping-taxable","15":"purchasable","16":"product-type-simple"},"yoast_head":"<!-- This site is optimized with the Yoast SEO plugin v27.4 - https:\/\/yoast.com\/product\/yoast-seo-wordpress\/ -->\n<title>Katana Shodei Kitetsu - One Piece - R\u00e9plique Manga Cin\u00e9<\/title>\n<meta name=\"description\" content=\"D\u00e9couvrez le Katana Shodei Kitetsu, katana maudit mani\u00e9 par Gandhi des Gorosei dans One Piece : une r\u00e9plique unique pour les collectionneurs !\" \/>\n<meta name=\"robots\" content=\"index, follow, max-snippet:-1, max-image-preview:large, max-video-preview:-1\" \/>\n<link rel=\"canonical\" href=\"https:\/\/repliquemangacine.fr\/es\/katana-de-metal-de-una-pieza\/katana-shodei-kitetsu-one-piece\/\" \/>\n<meta property=\"og:locale\" content=\"es_ES\" \/>\n<meta property=\"og:type\" content=\"article\" \/>\n<meta property=\"og:title\" content=\"Katana Shodei Kitetsu - One Piece - R\u00e9plique Manga Cin\u00e9\" \/>\n<meta property=\"og:description\" content=\"D\u00e9couvrez le Katana Shodei Kitetsu, katana maudit mani\u00e9 par Gandhi des Gorosei dans One Piece : une r\u00e9plique unique pour les collectionneurs !\" \/>\n<meta property=\"og:url\" content=\"https:\/\/repliquemangacine.fr\/es\/katana-de-metal-de-una-pieza\/katana-shodei-kitetsu-one-piece\/\" \/>\n<meta property=\"og:site_name\" content=\"R\u00e9plique Manga Cin\u00e9\" \/>\n<meta property=\"article:publisher\" content=\"https:\/\/www.facebook.com\/RepliqueMangaCine\" \/>\n<meta property=\"article:modified_time\" content=\"2025-11-13T00:21:50+00:00\" \/>\n<meta property=\"og:image\" content=\"https:\/\/repliquemangacine.fr\/wp-content\/uploads\/2025\/03\/katana-shodai-kitetsu.jpg\" \/>\n\t<meta property=\"og:image:width\" content=\"500\" \/>\n\t<meta property=\"og:image:height\" content=\"500\" \/>\n\t<meta property=\"og:image:type\" content=\"image\/jpeg\" \/>\n<meta name=\"twitter:card\" content=\"summary_large_image\" \/>\n<meta name=\"twitter:label1\" content=\"Tiempo de lectura\" \/>\n\t<meta name=\"twitter:data1\" content=\"3 minutos\" \/>\n<script type=\"application\/ld+json\" class=\"yoast-schema-graph\">{\"@context\":\"https:\\\/\\\/schema.org\",\"@graph\":[{\"@type\":\"WebPage\",\"@id\":\"https:\\\/\\\/repliquemangacine.fr\\\/katana-en-metal-one-piece\\\/katana-shodei-kitetsu-one-piece\\\/\",\"url\":\"https:\\\/\\\/repliquemangacine.fr\\\/katana-en-metal-one-piece\\\/katana-shodei-kitetsu-one-piece\\\/\",\"name\":\"Katana Shodei Kitetsu - One Piece - R\u00e9plique Manga Cin\u00e9\",\"isPartOf\":{\"@id\":\"https:\\\/\\\/repliquemangacine.fr\\\/#website\"},\"primaryImageOfPage\":{\"@id\":\"https:\\\/\\\/repliquemangacine.fr\\\/katana-en-metal-one-piece\\\/katana-shodei-kitetsu-one-piece\\\/#primaryimage\"},\"image\":{\"@id\":\"https:\\\/\\\/repliquemangacine.fr\\\/katana-en-metal-one-piece\\\/katana-shodei-kitetsu-one-piece\\\/#primaryimage\"},\"thumbnailUrl\":\"https:\\\/\\\/repliquemangacine.fr\\\/wp-content\\\/uploads\\\/2025\\\/03\\\/katana-shodai-kitetsu.jpg\",\"datePublished\":\"2025-03-09T16:55:52+00:00\",\"dateModified\":\"2025-11-13T00:21:50+00:00\",\"description\":\"D\u00e9couvrez le Katana Shodei Kitetsu, katana maudit mani\u00e9 par Gandhi des Gorosei dans One Piece : une r\u00e9plique unique pour les collectionneurs !\",\"breadcrumb\":{\"@id\":\"https:\\\/\\\/repliquemangacine.fr\\\/katana-en-metal-one-piece\\\/katana-shodei-kitetsu-one-piece\\\/#breadcrumb\"},\"inLanguage\":\"es\",\"potentialAction\":[{\"@type\":\"ReadAction\",\"target\":[\"https:\\\/\\\/repliquemangacine.fr\\\/katana-en-metal-one-piece\\\/katana-shodei-kitetsu-one-piece\\\/\"]}]},{\"@type\":\"ImageObject\",\"inLanguage\":\"es\",\"@id\":\"https:\\\/\\\/repliquemangacine.fr\\\/katana-en-metal-one-piece\\\/katana-shodei-kitetsu-one-piece\\\/#primaryimage\",\"url\":\"https:\\\/\\\/repliquemangacine.fr\\\/wp-content\\\/uploads\\\/2025\\\/03\\\/katana-shodai-kitetsu.jpg\",\"contentUrl\":\"https:\\\/\\\/repliquemangacine.fr\\\/wp-content\\\/uploads\\\/2025\\\/03\\\/katana-shodai-kitetsu.jpg\",\"width\":500,\"height\":500,\"caption\":\"Katana Shodei Kitetsu one piece\"},{\"@type\":\"BreadcrumbList\",\"@id\":\"https:\\\/\\\/repliquemangacine.fr\\\/katana-en-metal-one-piece\\\/katana-shodei-kitetsu-one-piece\\\/#breadcrumb\",\"itemListElement\":[{\"@type\":\"ListItem\",\"position\":1,\"name\":\"Accueil\",\"item\":\"https:\\\/\\\/repliquemangacine.fr\\\/\"},{\"@type\":\"ListItem\",\"position\":2,\"name\":\"Produits\",\"item\":\"https:\\\/\\\/repliquemangacine.fr\\\/boutique\\\/\"},{\"@type\":\"ListItem\",\"position\":3,\"name\":\"Katana Shodei Kitetsu &#8211; One Piece\"}]},{\"@type\":\"WebSite\",\"@id\":\"https:\\\/\\\/repliquemangacine.fr\\\/#website\",\"url\":\"https:\\\/\\\/repliquemangacine.fr\\\/\",\"name\":\"R\u00e9plique Manga Cin\u00e9\",\"description\":\"\",\"publisher\":{\"@id\":\"https:\\\/\\\/repliquemangacine.fr\\\/#organization\"},\"potentialAction\":[{\"@type\":\"SearchAction\",\"target\":{\"@type\":\"EntryPoint\",\"urlTemplate\":\"https:\\\/\\\/repliquemangacine.fr\\\/?s={search_term_string}\"},\"query-input\":{\"@type\":\"PropertyValueSpecification\",\"valueRequired\":true,\"valueName\":\"search_term_string\"}}],\"inLanguage\":\"es\"},{\"@type\":\"Organization\",\"@id\":\"https:\\\/\\\/repliquemangacine.fr\\\/#organization\",\"name\":\"R\u00e9plique Manga Cin\u00e9\",\"url\":\"https:\\\/\\\/repliquemangacine.fr\\\/\",\"logo\":{\"@type\":\"ImageObject\",\"inLanguage\":\"es\",\"@id\":\"https:\\\/\\\/repliquemangacine.fr\\\/#\\\/schema\\\/logo\\\/image\\\/\",\"url\":\"https:\\\/\\\/repliquemangacine.fr\\\/wp-content\\\/uploads\\\/2023\\\/10\\\/RMC-500250.png\",\"contentUrl\":\"https:\\\/\\\/repliquemangacine.fr\\\/wp-content\\\/uploads\\\/2023\\\/10\\\/RMC-500250.png\",\"width\":500,\"height\":250,\"caption\":\"R\u00e9plique Manga Cin\u00e9\"},\"image\":{\"@id\":\"https:\\\/\\\/repliquemangacine.fr\\\/#\\\/schema\\\/logo\\\/image\\\/\"},\"sameAs\":[\"https:\\\/\\\/www.facebook.com\\\/RepliqueMangaCine\",\"https:\\\/\\\/www.instagram.com\\\/repliquemangacine.fr\\\/\"]}]}<\/script>\n<!-- \/ Yoast SEO plugin. -->","yoast_head_json":{"title":"Katana Shodei Kitetsu - One Piece - R\u00e9plique Manga Cin\u00e9","description":"Descubre la Katana Shodei Kitetsu, la katana maldita que empu\u00f1a Gandhi de los Gorosei en One Piece: \u00a1una r\u00e9plica \u00fanica para coleccionistas!","robots":{"index":"index","follow":"follow","max-snippet":"max-snippet:-1","max-image-preview":"max-image-preview:large","max-video-preview":"max-video-preview:-1"},"canonical":"https:\/\/repliquemangacine.fr\/es\/katana-de-metal-de-una-pieza\/katana-shodei-kitetsu-one-piece\/","og_locale":"es_ES","og_type":"article","og_title":"Katana Shodei Kitetsu - One Piece - R\u00e9plique Manga Cin\u00e9","og_description":"D\u00e9couvrez le Katana Shodei Kitetsu, katana maudit mani\u00e9 par Gandhi des Gorosei dans One Piece : une r\u00e9plique unique pour les collectionneurs !","og_url":"https:\/\/repliquemangacine.fr\/es\/katana-de-metal-de-una-pieza\/katana-shodei-kitetsu-one-piece\/","og_site_name":"R\u00e9plique Manga Cin\u00e9","article_publisher":"https:\/\/www.facebook.com\/RepliqueMangaCine","article_modified_time":"2025-11-13T00:21:50+00:00","og_image":[{"width":500,"height":500,"url":"https:\/\/repliquemangacine.fr\/wp-content\/uploads\/2025\/03\/katana-shodai-kitetsu.jpg","type":"image\/jpeg"}],"twitter_card":"summary_large_image","twitter_misc":{"Tiempo de lectura":"3 minutos"},"schema":{"@context":"https:\/\/schema.org","@graph":[{"@type":"WebPage","@id":"https:\/\/repliquemangacine.fr\/katana-en-metal-one-piece\/katana-shodei-kitetsu-one-piece\/","url":"https:\/\/repliquemangacine.fr\/katana-en-metal-one-piece\/katana-shodei-kitetsu-one-piece\/","name":"Katana Shodei Kitetsu - One Piece - R\u00e9plique Manga Cin\u00e9","isPartOf":{"@id":"https:\/\/repliquemangacine.fr\/#website"},"primaryImageOfPage":{"@id":"https:\/\/repliquemangacine.fr\/katana-en-metal-one-piece\/katana-shodei-kitetsu-one-piece\/#primaryimage"},"image":{"@id":"https:\/\/repliquemangacine.fr\/katana-en-metal-one-piece\/katana-shodei-kitetsu-one-piece\/#primaryimage"},"thumbnailUrl":"https:\/\/repliquemangacine.fr\/wp-content\/uploads\/2025\/03\/katana-shodai-kitetsu.jpg","datePublished":"2025-03-09T16:55:52+00:00","dateModified":"2025-11-13T00:21:50+00:00","description":"Descubre la Katana Shodei Kitetsu, la katana maldita que empu\u00f1a Gandhi de los Gorosei en One Piece: \u00a1una r\u00e9plica \u00fanica para coleccionistas!","breadcrumb":{"@id":"https:\/\/repliquemangacine.fr\/katana-en-metal-one-piece\/katana-shodei-kitetsu-one-piece\/#breadcrumb"},"inLanguage":"es","potentialAction":[{"@type":"ReadAction","target":["https:\/\/repliquemangacine.fr\/katana-en-metal-one-piece\/katana-shodei-kitetsu-one-piece\/"]}]},{"@type":"ImageObject","inLanguage":"es","@id":"https:\/\/repliquemangacine.fr\/katana-en-metal-one-piece\/katana-shodei-kitetsu-one-piece\/#primaryimage","url":"https:\/\/repliquemangacine.fr\/wp-content\/uploads\/2025\/03\/katana-shodai-kitetsu.jpg","contentUrl":"https:\/\/repliquemangacine.fr\/wp-content\/uploads\/2025\/03\/katana-shodai-kitetsu.jpg","width":500,"height":500,"caption":"Katana Shodei Kitetsu one piece"},{"@type":"BreadcrumbList","@id":"https:\/\/repliquemangacine.fr\/katana-en-metal-one-piece\/katana-shodei-kitetsu-one-piece\/#breadcrumb","itemListElement":[{"@type":"ListItem","position":1,"name":"Accueil","item":"https:\/\/repliquemangacine.fr\/"},{"@type":"ListItem","position":2,"name":"Produits","item":"https:\/\/repliquemangacine.fr\/boutique\/"},{"@type":"ListItem","position":3,"name":"Katana Shodei Kitetsu &#8211; One Piece"}]},{"@type":"WebSite","@id":"https:\/\/repliquemangacine.fr\/#website","url":"https:\/\/repliquemangacine.fr\/","name":"R\u00e9plique Manga Cin\u00e9","description":"","publisher":{"@id":"https:\/\/repliquemangacine.fr\/#organization"},"potentialAction":[{"@type":"SearchAction","target":{"@type":"EntryPoint","urlTemplate":"https:\/\/repliquemangacine.fr\/?s={search_term_string}"},"query-input":{"@type":"PropertyValueSpecification","valueRequired":true,"valueName":"search_term_string"}}],"inLanguage":"es"},{"@type":"Organization","@id":"https:\/\/repliquemangacine.fr\/#organization","name":"R\u00e9plique Manga Cin\u00e9","url":"https:\/\/repliquemangacine.fr\/","logo":{"@type":"ImageObject","inLanguage":"es","@id":"https:\/\/repliquemangacine.fr\/#\/schema\/logo\/image\/","url":"https:\/\/repliquemangacine.fr\/wp-content\/uploads\/2023\/10\/RMC-500250.png","contentUrl":"https:\/\/repliquemangacine.fr\/wp-content\/uploads\/2023\/10\/RMC-500250.png","width":500,"height":250,"caption":"R\u00e9plique Manga Cin\u00e9"},"image":{"@id":"https:\/\/repliquemangacine.fr\/#\/schema\/logo\/image\/"},"sameAs":["https:\/\/www.facebook.com\/RepliqueMangaCine","https:\/\/www.instagram.com\/repliquemangacine.fr\/"]}]}},"_links":{"self":[{"href":"https:\/\/repliquemangacine.fr\/es\/wp-json\/wp\/v2\/product\/82583","targetHints":{"allow":["GET"]}}],"collection":[{"href":"https:\/\/repliquemangacine.fr\/es\/wp-json\/wp\/v2\/product"}],"about":[{"href":"https:\/\/repliquemangacine.fr\/es\/wp-json\/wp\/v2\/types\/product"}],"wp:featuredmedia":[{"embeddable":true,"href":"https:\/\/repliquemangacine.fr\/es\/wp-json\/wp\/v2\/media\/82584"}],"wp:attachment":[{"href":"https:\/\/repliquemangacine.fr\/es\/wp-json\/wp\/v2\/media?parent=82583"}],"wp:term":[{"taxonomy":"product_brand","embeddable":true,"href":"https:\/\/repliquemangacine.fr\/es\/wp-json\/wp\/v2\/product_brand?post=82583"},{"taxonomy":"product_cat","embeddable":true,"href":"https:\/\/repliquemangacine.fr\/es\/wp-json\/wp\/v2\/product_cat?post=82583"},{"taxonomy":"product_tag","embeddable":true,"href":"https:\/\/repliquemangacine.fr\/es\/wp-json\/wp\/v2\/product_tag?post=82583"}],"curies":[{"name":"wp","href":"https:\/\/api.w.org\/{rel}","templated":true}]}}