





{"id":82575,"date":"2025-03-09T16:12:40","date_gmt":"2025-03-09T15:12:40","guid":{"rendered":"https:\/\/repliquemangacine.fr\/?post_type=product&#038;p=82575"},"modified":"2026-03-25T15:57:41","modified_gmt":"2026-03-25T14:57:41","slug":"katana-enten-de-chihiro-kagurabachi","status":"publish","type":"product","link":"https:\/\/repliquemangacine.fr\/es\/katana-kagurabachi-metal\/katana-enten-de-chihiro-kagurabachi\/","title":{"rendered":"Katana Enten de Chihiro - Kagurabachi"},"content":{"rendered":"<h2>Descubre la Enten Katana, el arma definitiva de Chihiro.<\/h2>\n<p>En primer lugar, d\u00e9jate seducir por la katana Enten, la legendaria espada encantada que empu\u00f1a Chihiro en Kagurabachi. Forjada por <a href=\"https:\/\/kagurabachi.fandom.com\/wiki\/Kunishige_Rokuhira\" target=\"_blank\" rel=\"noopener noreferrer\">Kunishige Rokuhira<\/a>Esta excepcional katana ofrece a su usuario habilidades \u00fanicas y extraordinarias. Gracias a Enten, es posible realizar temibles cortes m\u00e1gicos en combate. Es m\u00e1s, esta hoja especial absorbe la energ\u00eda circundante, lo que permite utilizarla estrat\u00e9gicamente m\u00e1s adelante. Su poder m\u00edstico mejora enormemente las habilidades f\u00edsicas y la velocidad del usuario. Cada detalle de esta r\u00e9plica ha sido meticulosamente elaborado para reflejar el original. Poseer la katana Enten es, por tanto, un privilegio \u00fanico para cualquier fan o coleccionista que desee experimentar al m\u00e1ximo el cautivador mundo de Kagurabachi.<\/p>\n<h2>Chihiro Rokuhira, una \u00e9pica b\u00fasqueda de venganza<\/h2>\n<p>A continuaci\u00f3n, sum\u00e9rgete en la apasionante historia de Chihiro Rokuhira, protagonista del manga Kagurabachi. Tras el tr\u00e1gico asesinato de su padre Kunishige a manos de los hechiceros Hishaku, Chihiro se embarca en una implacable b\u00fasqueda de venganza. Armada con la katana Enten, la \u00faltima creaci\u00f3n de su padre, Chihiro se enfrenta valientemente a sus formidables enemigos. Por el camino, desarrolla sus t\u00e9cnicas de lucha, en particular el poderoso estilo Iai de la Pureza Blanca. Esta decidida hero\u00edna encarna el valor, la determinaci\u00f3n y la justicia en un mundo complejo y violento. Su cautivadora historia, rica en poderosas emociones, atraer\u00e1 de inmediato a todos los aficionados al manga y a las aventuras heroicas.<\/p>\n<h2>Completa tu colecci\u00f3n en R\u00e9plique Manga Cin\u00e9<\/h2>\n<p>Por \u00faltimo, descubre otras excepcionales r\u00e9plicas de katanas disponibles en R\u00e9plique Manga Cin\u00e9. Los fans de Berserk quedar\u00e1n impresionados por las enormes <a href=\"https:\/\/repliquemangacine.fr\/es\/katana-y-manga-espada-anime-otros-manga\/espada-dragon-slayer-berserk-guts\/\">legendaria espada de Guts<\/a>un verdadero s\u00edmbolo de fuerza bruta y determinaci\u00f3n. Los fans de Jujutsu Kaisen pueden adquirir el poderoso <a href=\"https:\/\/repliquemangacine.fr\/es\/replica-de-videojuegos-manga\/lanza-celestial-de-toji-jujutsu-kaisen\/\">Lanza celestial de Toji<\/a>un arma temible con detalles fascinantes. Para los fans de Dragon Ball Z, no se pierdan la ic\u00f3nica <a href=\"https:\/\/repliquemangacine.fr\/es\/katana-y-manga-espada-anime-otros-manga\/xeno-trunks-dbz-dragon-ball-z-espada\/\">La espada de Trunks<\/a>uno de los h\u00e9roes m\u00e1s queridos de la saga. R\u00e9plique Manga Cin\u00e9 te ofrece estas piezas \u00fanicas, ideales para revivir en casa las grandes aventuras de tu manga favorito.<\/p>","protected":false},"excerpt":{"rendered":"<p>Magn\u00edfica r\u00e9plica de la Enten Katana de Chihiro del manga Kagurabachi.<\/p>\n<ul>\n<li>Hoja de acero bicolor no afilada.<\/li>\n<li>Guarda de acero envejecido meticulosamente detallada.<\/li>\n<li>Mango de madera recubierto de imitaci\u00f3n de piel de raya, envuelto en trenza de polipiel negra.<\/li>\n<li>Vaina de madera recubierta de ABS negro<\/li>\n<li>Longitud de la hoja: 67,5 cm - Longitud total con vaina: 103 cm<\/li>\n<\/ul>","protected":false},"featured_media":82577,"template":"","meta":[],"product_brand":[896],"product_cat":[874,875],"product_tag":[],"class_list":{"0":"post-82575","1":"product","2":"type-product","3":"status-publish","4":"has-post-thumbnail","6":"product_brand-replique-manga-cine","7":"product_cat-kagurabachi","8":"product_cat-katana-kagurabachi-metal","10":"first","11":"instock","12":"taxable","13":"shipping-taxable","14":"purchasable","15":"product-type-simple"},"yoast_head":"<!-- This site is optimized with the Yoast SEO plugin v27.4 - https:\/\/yoast.com\/product\/yoast-seo-wordpress\/ -->\n<title>Katana Enten de Chihiro - Kagurabachi - R\u00e9plique Manga Cin\u00e9<\/title>\n<meta name=\"description\" content=\"D\u00e9couvrez le Katana Enten de Chihiro dans Kagurabachi. Ce katana enchant\u00e9 \u00e0 une lame en acier. R\u00e9plique unique pour passionn\u00e9s et collectionneurs.\" \/>\n<meta name=\"robots\" content=\"index, follow, max-snippet:-1, max-image-preview:large, max-video-preview:-1\" \/>\n<link rel=\"canonical\" href=\"https:\/\/repliquemangacine.fr\/es\/katana-kagurabachi-metal\/katana-enten-de-chihiro-kagurabachi\/\" \/>\n<meta property=\"og:locale\" content=\"es_ES\" \/>\n<meta property=\"og:type\" content=\"article\" \/>\n<meta property=\"og:title\" content=\"Katana Enten de Chihiro - Kagurabachi - R\u00e9plique Manga Cin\u00e9\" \/>\n<meta property=\"og:description\" content=\"D\u00e9couvrez le Katana Enten de Chihiro dans Kagurabachi. Ce katana enchant\u00e9 \u00e0 une lame en acier. R\u00e9plique unique pour passionn\u00e9s et collectionneurs.\" \/>\n<meta property=\"og:url\" content=\"https:\/\/repliquemangacine.fr\/es\/katana-kagurabachi-metal\/katana-enten-de-chihiro-kagurabachi\/\" \/>\n<meta property=\"og:site_name\" content=\"R\u00e9plique Manga Cin\u00e9\" \/>\n<meta property=\"article:publisher\" content=\"https:\/\/www.facebook.com\/RepliqueMangaCine\" \/>\n<meta property=\"article:modified_time\" content=\"2026-03-25T14:57:41+00:00\" \/>\n<meta property=\"og:image\" content=\"https:\/\/repliquemangacine.fr\/wp-content\/uploads\/2025\/03\/Katana-Chihiro-Rokuhira.jpg\" \/>\n\t<meta property=\"og:image:width\" content=\"500\" \/>\n\t<meta property=\"og:image:height\" content=\"500\" \/>\n\t<meta property=\"og:image:type\" content=\"image\/jpeg\" \/>\n<meta name=\"twitter:card\" content=\"summary_large_image\" \/>\n<meta name=\"twitter:label1\" content=\"Tiempo de lectura\" \/>\n\t<meta name=\"twitter:data1\" content=\"2 minutos\" \/>\n<script type=\"application\/ld+json\" class=\"yoast-schema-graph\">{\"@context\":\"https:\\\/\\\/schema.org\",\"@graph\":[{\"@type\":\"WebPage\",\"@id\":\"https:\\\/\\\/repliquemangacine.fr\\\/katana-kagurabachi-metal\\\/katana-enten-de-chihiro-kagurabachi\\\/\",\"url\":\"https:\\\/\\\/repliquemangacine.fr\\\/katana-kagurabachi-metal\\\/katana-enten-de-chihiro-kagurabachi\\\/\",\"name\":\"Katana Enten de Chihiro - Kagurabachi - R\u00e9plique Manga Cin\u00e9\",\"isPartOf\":{\"@id\":\"https:\\\/\\\/repliquemangacine.fr\\\/#website\"},\"primaryImageOfPage\":{\"@id\":\"https:\\\/\\\/repliquemangacine.fr\\\/katana-kagurabachi-metal\\\/katana-enten-de-chihiro-kagurabachi\\\/#primaryimage\"},\"image\":{\"@id\":\"https:\\\/\\\/repliquemangacine.fr\\\/katana-kagurabachi-metal\\\/katana-enten-de-chihiro-kagurabachi\\\/#primaryimage\"},\"thumbnailUrl\":\"https:\\\/\\\/repliquemangacine.fr\\\/wp-content\\\/uploads\\\/2025\\\/03\\\/Katana-Chihiro-Rokuhira.jpg\",\"datePublished\":\"2025-03-09T15:12:40+00:00\",\"dateModified\":\"2026-03-25T14:57:41+00:00\",\"description\":\"D\u00e9couvrez le Katana Enten de Chihiro dans Kagurabachi. Ce katana enchant\u00e9 \u00e0 une lame en acier. R\u00e9plique unique pour passionn\u00e9s et collectionneurs.\",\"breadcrumb\":{\"@id\":\"https:\\\/\\\/repliquemangacine.fr\\\/katana-kagurabachi-metal\\\/katana-enten-de-chihiro-kagurabachi\\\/#breadcrumb\"},\"inLanguage\":\"es\",\"potentialAction\":[{\"@type\":\"ReadAction\",\"target\":[\"https:\\\/\\\/repliquemangacine.fr\\\/katana-kagurabachi-metal\\\/katana-enten-de-chihiro-kagurabachi\\\/\"]}]},{\"@type\":\"ImageObject\",\"inLanguage\":\"es\",\"@id\":\"https:\\\/\\\/repliquemangacine.fr\\\/katana-kagurabachi-metal\\\/katana-enten-de-chihiro-kagurabachi\\\/#primaryimage\",\"url\":\"https:\\\/\\\/repliquemangacine.fr\\\/wp-content\\\/uploads\\\/2025\\\/03\\\/Katana-Chihiro-Rokuhira.jpg\",\"contentUrl\":\"https:\\\/\\\/repliquemangacine.fr\\\/wp-content\\\/uploads\\\/2025\\\/03\\\/Katana-Chihiro-Rokuhira.jpg\",\"width\":500,\"height\":500,\"caption\":\"Katana Enten de Chihiro dans Kagurabachi\"},{\"@type\":\"BreadcrumbList\",\"@id\":\"https:\\\/\\\/repliquemangacine.fr\\\/katana-kagurabachi-metal\\\/katana-enten-de-chihiro-kagurabachi\\\/#breadcrumb\",\"itemListElement\":[{\"@type\":\"ListItem\",\"position\":1,\"name\":\"Accueil\",\"item\":\"https:\\\/\\\/repliquemangacine.fr\\\/\"},{\"@type\":\"ListItem\",\"position\":2,\"name\":\"Produits\",\"item\":\"https:\\\/\\\/repliquemangacine.fr\\\/boutique\\\/\"},{\"@type\":\"ListItem\",\"position\":3,\"name\":\"Katana Enten de Chihiro &#8211; Kagurabachi\"}]},{\"@type\":\"WebSite\",\"@id\":\"https:\\\/\\\/repliquemangacine.fr\\\/#website\",\"url\":\"https:\\\/\\\/repliquemangacine.fr\\\/\",\"name\":\"R\u00e9plique Manga Cin\u00e9\",\"description\":\"\",\"publisher\":{\"@id\":\"https:\\\/\\\/repliquemangacine.fr\\\/#organization\"},\"potentialAction\":[{\"@type\":\"SearchAction\",\"target\":{\"@type\":\"EntryPoint\",\"urlTemplate\":\"https:\\\/\\\/repliquemangacine.fr\\\/?s={search_term_string}\"},\"query-input\":{\"@type\":\"PropertyValueSpecification\",\"valueRequired\":true,\"valueName\":\"search_term_string\"}}],\"inLanguage\":\"es\"},{\"@type\":\"Organization\",\"@id\":\"https:\\\/\\\/repliquemangacine.fr\\\/#organization\",\"name\":\"R\u00e9plique Manga Cin\u00e9\",\"url\":\"https:\\\/\\\/repliquemangacine.fr\\\/\",\"logo\":{\"@type\":\"ImageObject\",\"inLanguage\":\"es\",\"@id\":\"https:\\\/\\\/repliquemangacine.fr\\\/#\\\/schema\\\/logo\\\/image\\\/\",\"url\":\"https:\\\/\\\/repliquemangacine.fr\\\/wp-content\\\/uploads\\\/2023\\\/10\\\/RMC-500250.png\",\"contentUrl\":\"https:\\\/\\\/repliquemangacine.fr\\\/wp-content\\\/uploads\\\/2023\\\/10\\\/RMC-500250.png\",\"width\":500,\"height\":250,\"caption\":\"R\u00e9plique Manga Cin\u00e9\"},\"image\":{\"@id\":\"https:\\\/\\\/repliquemangacine.fr\\\/#\\\/schema\\\/logo\\\/image\\\/\"},\"sameAs\":[\"https:\\\/\\\/www.facebook.com\\\/RepliqueMangaCine\",\"https:\\\/\\\/www.instagram.com\\\/repliquemangacine.fr\\\/\"]}]}<\/script>\n<!-- \/ Yoast SEO plugin. -->","yoast_head_json":{"title":"Katana Enten de Chihiro - Kagurabachi - R\u00e9plique Manga Cin\u00e9","description":"Descubre la katana Enten de Chihiro en Kagurabachi. Esta katana encantada tiene una hoja de acero. Una r\u00e9plica \u00fanica para entusiastas y coleccionistas.","robots":{"index":"index","follow":"follow","max-snippet":"max-snippet:-1","max-image-preview":"max-image-preview:large","max-video-preview":"max-video-preview:-1"},"canonical":"https:\/\/repliquemangacine.fr\/es\/katana-kagurabachi-metal\/katana-enten-de-chihiro-kagurabachi\/","og_locale":"es_ES","og_type":"article","og_title":"Katana Enten de Chihiro - Kagurabachi - R\u00e9plique Manga Cin\u00e9","og_description":"D\u00e9couvrez le Katana Enten de Chihiro dans Kagurabachi. Ce katana enchant\u00e9 \u00e0 une lame en acier. R\u00e9plique unique pour passionn\u00e9s et collectionneurs.","og_url":"https:\/\/repliquemangacine.fr\/es\/katana-kagurabachi-metal\/katana-enten-de-chihiro-kagurabachi\/","og_site_name":"R\u00e9plique Manga Cin\u00e9","article_publisher":"https:\/\/www.facebook.com\/RepliqueMangaCine","article_modified_time":"2026-03-25T14:57:41+00:00","og_image":[{"width":500,"height":500,"url":"https:\/\/repliquemangacine.fr\/wp-content\/uploads\/2025\/03\/Katana-Chihiro-Rokuhira.jpg","type":"image\/jpeg"}],"twitter_card":"summary_large_image","twitter_misc":{"Tiempo de lectura":"2 minutos"},"schema":{"@context":"https:\/\/schema.org","@graph":[{"@type":"WebPage","@id":"https:\/\/repliquemangacine.fr\/katana-kagurabachi-metal\/katana-enten-de-chihiro-kagurabachi\/","url":"https:\/\/repliquemangacine.fr\/katana-kagurabachi-metal\/katana-enten-de-chihiro-kagurabachi\/","name":"Katana Enten de Chihiro - Kagurabachi - R\u00e9plique Manga Cin\u00e9","isPartOf":{"@id":"https:\/\/repliquemangacine.fr\/#website"},"primaryImageOfPage":{"@id":"https:\/\/repliquemangacine.fr\/katana-kagurabachi-metal\/katana-enten-de-chihiro-kagurabachi\/#primaryimage"},"image":{"@id":"https:\/\/repliquemangacine.fr\/katana-kagurabachi-metal\/katana-enten-de-chihiro-kagurabachi\/#primaryimage"},"thumbnailUrl":"https:\/\/repliquemangacine.fr\/wp-content\/uploads\/2025\/03\/Katana-Chihiro-Rokuhira.jpg","datePublished":"2025-03-09T15:12:40+00:00","dateModified":"2026-03-25T14:57:41+00:00","description":"Descubre la katana Enten de Chihiro en Kagurabachi. Esta katana encantada tiene una hoja de acero. Una r\u00e9plica \u00fanica para entusiastas y coleccionistas.","breadcrumb":{"@id":"https:\/\/repliquemangacine.fr\/katana-kagurabachi-metal\/katana-enten-de-chihiro-kagurabachi\/#breadcrumb"},"inLanguage":"es","potentialAction":[{"@type":"ReadAction","target":["https:\/\/repliquemangacine.fr\/katana-kagurabachi-metal\/katana-enten-de-chihiro-kagurabachi\/"]}]},{"@type":"ImageObject","inLanguage":"es","@id":"https:\/\/repliquemangacine.fr\/katana-kagurabachi-metal\/katana-enten-de-chihiro-kagurabachi\/#primaryimage","url":"https:\/\/repliquemangacine.fr\/wp-content\/uploads\/2025\/03\/Katana-Chihiro-Rokuhira.jpg","contentUrl":"https:\/\/repliquemangacine.fr\/wp-content\/uploads\/2025\/03\/Katana-Chihiro-Rokuhira.jpg","width":500,"height":500,"caption":"Katana Enten de Chihiro dans Kagurabachi"},{"@type":"BreadcrumbList","@id":"https:\/\/repliquemangacine.fr\/katana-kagurabachi-metal\/katana-enten-de-chihiro-kagurabachi\/#breadcrumb","itemListElement":[{"@type":"ListItem","position":1,"name":"Accueil","item":"https:\/\/repliquemangacine.fr\/"},{"@type":"ListItem","position":2,"name":"Produits","item":"https:\/\/repliquemangacine.fr\/boutique\/"},{"@type":"ListItem","position":3,"name":"Katana Enten de Chihiro &#8211; Kagurabachi"}]},{"@type":"WebSite","@id":"https:\/\/repliquemangacine.fr\/#website","url":"https:\/\/repliquemangacine.fr\/","name":"R\u00e9plique Manga Cin\u00e9","description":"","publisher":{"@id":"https:\/\/repliquemangacine.fr\/#organization"},"potentialAction":[{"@type":"SearchAction","target":{"@type":"EntryPoint","urlTemplate":"https:\/\/repliquemangacine.fr\/?s={search_term_string}"},"query-input":{"@type":"PropertyValueSpecification","valueRequired":true,"valueName":"search_term_string"}}],"inLanguage":"es"},{"@type":"Organization","@id":"https:\/\/repliquemangacine.fr\/#organization","name":"R\u00e9plique Manga Cin\u00e9","url":"https:\/\/repliquemangacine.fr\/","logo":{"@type":"ImageObject","inLanguage":"es","@id":"https:\/\/repliquemangacine.fr\/#\/schema\/logo\/image\/","url":"https:\/\/repliquemangacine.fr\/wp-content\/uploads\/2023\/10\/RMC-500250.png","contentUrl":"https:\/\/repliquemangacine.fr\/wp-content\/uploads\/2023\/10\/RMC-500250.png","width":500,"height":250,"caption":"R\u00e9plique Manga Cin\u00e9"},"image":{"@id":"https:\/\/repliquemangacine.fr\/#\/schema\/logo\/image\/"},"sameAs":["https:\/\/www.facebook.com\/RepliqueMangaCine","https:\/\/www.instagram.com\/repliquemangacine.fr\/"]}]}},"_links":{"self":[{"href":"https:\/\/repliquemangacine.fr\/es\/wp-json\/wp\/v2\/product\/82575","targetHints":{"allow":["GET"]}}],"collection":[{"href":"https:\/\/repliquemangacine.fr\/es\/wp-json\/wp\/v2\/product"}],"about":[{"href":"https:\/\/repliquemangacine.fr\/es\/wp-json\/wp\/v2\/types\/product"}],"wp:featuredmedia":[{"embeddable":true,"href":"https:\/\/repliquemangacine.fr\/es\/wp-json\/wp\/v2\/media\/82577"}],"wp:attachment":[{"href":"https:\/\/repliquemangacine.fr\/es\/wp-json\/wp\/v2\/media?parent=82575"}],"wp:term":[{"taxonomy":"product_brand","embeddable":true,"href":"https:\/\/repliquemangacine.fr\/es\/wp-json\/wp\/v2\/product_brand?post=82575"},{"taxonomy":"product_cat","embeddable":true,"href":"https:\/\/repliquemangacine.fr\/es\/wp-json\/wp\/v2\/product_cat?post=82575"},{"taxonomy":"product_tag","embeddable":true,"href":"https:\/\/repliquemangacine.fr\/es\/wp-json\/wp\/v2\/product_tag?post=82575"}],"curies":[{"name":"wp","href":"https:\/\/api.w.org\/{rel}","templated":true}]}}