





{"id":82552,"date":"2025-03-09T15:31:02","date_gmt":"2025-03-09T14:31:02","guid":{"rendered":"https:\/\/repliquemangacine.fr\/?post_type=product&#038;p=82552"},"modified":"2026-04-15T16:43:31","modified_gmt":"2026-04-15T14:43:31","slug":"katana-cloud-gouger-en-kagurabachi","status":"publish","type":"product","link":"https:\/\/repliquemangacine.fr\/es\/katana-kagurabachi-metal\/katana-cloud-gouger-dans-kagurabachi\/","title":{"rendered":"Katana Cloud Gouger en Kagurabachi"},"content":{"rendered":"<h2>Descubre la r\u00e9plica de la katana Cloud Gouger de Genichi Sojo<\/h2>\n<p>En primer lugar, d\u00e9jese seducir por la excepcional r\u00e9plica del <strong>Katana de Cloud Gouger<\/strong> de Genichi Sojo. Esta katana presenta una hoja de acero resistente, sin filo, minuciosamente decorada para reflejar fielmente la obra original. Su elegante empu\u00f1adura imita a la perfecci\u00f3n la piel de raya negra, recubierta con una trenza de algod\u00f3n blanco, lo que garantiza una comodidad \u00f3ptima y una est\u00e9tica aut\u00e9ntica. Adem\u00e1s, la guarda de acero luce magn\u00edficos detalles inspirados en los motivos del manga. La funda, por su parte, es de madera recubierta de ABS. Con una hoja de aproximadamente 67,5 cm y una longitud total de 103 cm, esta katana es una adquisici\u00f3n imprescindible para cualquier coleccionista o fan del manga Kagurabachi.<\/p>\n<p>Cabe destacar que Cloud Gouger es una de las siete espadas encantadas forjadas por Kunishige Rokuhira. Cloud Gouger es una katana especial impregnada de brujer\u00eda que pose\u00eda poderes sobrenaturales. Al activarla invocando el nombre de Cloud Gouger, hasta dos nubes con forma de dragones orientales emergen de la hoja y vuelan alrededor del inflador.<\/p>\n<h2>Reviva la cautivadora historia de Kagurabachi<\/h2>\n<p>Sum\u00e9rgete en el apasionante mundo del manga Kagurabachi. La dram\u00e1tica historia sigue a Chihiro Rokuhira en su b\u00fasqueda de venganza tras el asesinato de su padre a manos de los Hishaku. La Cloud Gouger, la legendaria katana forjada por <a href=\"https:\/\/kagurabachi.fandom.com\/wiki\/Kunishige_Rokuhira\" target=\"_blank\" rel=\"noopener noreferrer\">Kunishige<\/a>. Utilizada por Genichi Sojo, un temible traficante de armas hasta su fatal enfrentamiento con Chihiro. En ese momento decisivo, la katana se rompe, simbolizando el fin de una era oscura y el comienzo de una \u00e9pica b\u00fasqueda de la justicia. Kagurabachi mezcla h\u00e1bilmente acci\u00f3n intensa, drama conmovedor y combates espectaculares, cautivando de inmediato a su p\u00fablico con su rica trama y sus complejos personajes. Adoptar la r\u00e9plica de katana Cloud Gouger es abrazar plenamente esta profunda y poderosa historia.<\/p>\n<h2>Echa un vistazo a nuestras otras r\u00e9plicas manga imprescindibles<\/h2>\n<p>Por \u00faltimo, ampl\u00eda tu colecci\u00f3n con nuestras prestigiosas katanas inspiradas en mangas de culto como One Piece, Demon Slayer y Bleach. Encontrar\u00e1s los legendarios sables de Zoro, como la temible <a href=\"https:\/\/repliquemangacine.fr\/es\/replica-de-videojuegos-manga\/purpura-enma-katana-una-pieza\/\">Enma katana<\/a> o el fascinante Nidai Kitetsu. Los fans de Demon Slayer pueden hacerse con el <a href=\"https:\/\/repliquemangacine.fr\/es\/katana-de-acero-kimetsu-no-yaiba-metal-katana-demon-slayer\/katana-tanjiro-kamado-demon-slayer\/\">Katana de Tanjiro Kamado<\/a> o el Zenitsu, verdaderos s\u00edmbolos de valent\u00eda. Bleach tambi\u00e9n presenta algunas l\u00edneas llamativas, como la emblem\u00e1tica <a href=\"https:\/\/repliquemangacine.fr\/es\/blanqueador-katana\/katana-bankai-tensa-zangetsu-ichigo-104cm\/\">Zanpakut\u014d de Ichigo Kurosaki<\/a>una espada emblem\u00e1tica del legendario Shonen. Gracias a estas excepcionales r\u00e9plicas, podr\u00e1s sumergirte a\u00fan m\u00e1s en el mundo de tus h\u00e9roes favoritos y aumentar tu pasi\u00f3n con piezas \u00fanicas codiciadas por los aficionados de todo el mundo.<\/p>","protected":false},"excerpt":{"rendered":"<p>Magn\u00edfica r\u00e9plica de la katana Cloud Gouger de Genichi Sojo en Kagurabachi<\/p>\n<ul>\n<li>Hoja de acero bicolor<\/li>\n<li>Protecci\u00f3n espec\u00edfica de forma met\u00e1lica<\/li>\n<li>Mango de madera recubierto de imitaci\u00f3n de piel de raya y rodeado de trenzado de algod\u00f3n blanco<\/li>\n<li>Vaina de madera con cubierta de ABS<\/li>\n<li>Longitud de la hoja: 67,5 cm - Longitud total: 103 cm<\/li>\n<\/ul>","protected":false},"featured_media":82568,"template":"","meta":[],"product_brand":[896],"product_cat":[874,875],"product_tag":[],"class_list":{"0":"post-82552","1":"product","2":"type-product","3":"status-publish","4":"has-post-thumbnail","6":"product_brand-replique-manga-cine","7":"product_cat-kagurabachi","8":"product_cat-katana-kagurabachi-metal","10":"first","11":"instock","12":"taxable","13":"shipping-taxable","14":"purchasable","15":"product-type-simple"},"yoast_head":"<!-- This site is optimized with the Yoast SEO plugin v27.4 - https:\/\/yoast.com\/product\/yoast-seo-wordpress\/ -->\n<title>Katana Cloud Gouger dans Kagurabachi - R\u00e9plique Manga Cin\u00e9<\/title>\n<meta name=\"description\" content=\"Adoptez la r\u00e9plique collector du katana Cloud Gouger de Genichi Sojo, lame l\u00e9gendaire du manga Kagurabachi, pour une immersion ultime chez vous !\" \/>\n<meta name=\"robots\" content=\"index, follow, max-snippet:-1, max-image-preview:large, max-video-preview:-1\" \/>\n<link rel=\"canonical\" href=\"https:\/\/repliquemangacine.fr\/es\/katana-kagurabachi-metal\/katana-cloud-gouger-en-kagurabachi\/\" \/>\n<meta property=\"og:locale\" content=\"es_ES\" \/>\n<meta property=\"og:type\" content=\"article\" \/>\n<meta property=\"og:title\" content=\"Katana Cloud Gouger dans Kagurabachi - R\u00e9plique Manga Cin\u00e9\" \/>\n<meta property=\"og:description\" content=\"Adoptez la r\u00e9plique collector du katana Cloud Gouger de Genichi Sojo, lame l\u00e9gendaire du manga Kagurabachi, pour une immersion ultime chez vous !\" \/>\n<meta property=\"og:url\" content=\"https:\/\/repliquemangacine.fr\/es\/katana-kagurabachi-metal\/katana-cloud-gouger-en-kagurabachi\/\" \/>\n<meta property=\"og:site_name\" content=\"R\u00e9plique Manga Cin\u00e9\" \/>\n<meta property=\"article:publisher\" content=\"https:\/\/www.facebook.com\/RepliqueMangaCine\" \/>\n<meta property=\"article:modified_time\" content=\"2026-04-15T14:43:31+00:00\" \/>\n<meta property=\"og:image\" content=\"https:\/\/repliquemangacine.fr\/wp-content\/uploads\/2025\/03\/Katana-Genichi-Sojo.jpg\" \/>\n\t<meta property=\"og:image:width\" content=\"500\" \/>\n\t<meta property=\"og:image:height\" content=\"500\" \/>\n\t<meta property=\"og:image:type\" content=\"image\/jpeg\" \/>\n<meta name=\"twitter:card\" content=\"summary_large_image\" \/>\n<meta name=\"twitter:label1\" content=\"Tiempo de lectura\" \/>\n\t<meta name=\"twitter:data1\" content=\"3 minutos\" \/>\n<script type=\"application\/ld+json\" class=\"yoast-schema-graph\">{\"@context\":\"https:\\\/\\\/schema.org\",\"@graph\":[{\"@type\":\"WebPage\",\"@id\":\"https:\\\/\\\/repliquemangacine.fr\\\/katana-kagurabachi-metal\\\/katana-cloud-gouger-dans-kagurabachi\\\/\",\"url\":\"https:\\\/\\\/repliquemangacine.fr\\\/katana-kagurabachi-metal\\\/katana-cloud-gouger-dans-kagurabachi\\\/\",\"name\":\"Katana Cloud Gouger dans Kagurabachi - R\u00e9plique Manga Cin\u00e9\",\"isPartOf\":{\"@id\":\"https:\\\/\\\/repliquemangacine.fr\\\/#website\"},\"primaryImageOfPage\":{\"@id\":\"https:\\\/\\\/repliquemangacine.fr\\\/katana-kagurabachi-metal\\\/katana-cloud-gouger-dans-kagurabachi\\\/#primaryimage\"},\"image\":{\"@id\":\"https:\\\/\\\/repliquemangacine.fr\\\/katana-kagurabachi-metal\\\/katana-cloud-gouger-dans-kagurabachi\\\/#primaryimage\"},\"thumbnailUrl\":\"https:\\\/\\\/repliquemangacine.fr\\\/wp-content\\\/uploads\\\/2025\\\/03\\\/Katana-Genichi-Sojo.jpg\",\"datePublished\":\"2025-03-09T14:31:02+00:00\",\"dateModified\":\"2026-04-15T14:43:31+00:00\",\"description\":\"Adoptez la r\u00e9plique collector du katana Cloud Gouger de Genichi Sojo, lame l\u00e9gendaire du manga Kagurabachi, pour une immersion ultime chez vous !\",\"breadcrumb\":{\"@id\":\"https:\\\/\\\/repliquemangacine.fr\\\/katana-kagurabachi-metal\\\/katana-cloud-gouger-dans-kagurabachi\\\/#breadcrumb\"},\"inLanguage\":\"es\",\"potentialAction\":[{\"@type\":\"ReadAction\",\"target\":[\"https:\\\/\\\/repliquemangacine.fr\\\/katana-kagurabachi-metal\\\/katana-cloud-gouger-dans-kagurabachi\\\/\"]}]},{\"@type\":\"ImageObject\",\"inLanguage\":\"es\",\"@id\":\"https:\\\/\\\/repliquemangacine.fr\\\/katana-kagurabachi-metal\\\/katana-cloud-gouger-dans-kagurabachi\\\/#primaryimage\",\"url\":\"https:\\\/\\\/repliquemangacine.fr\\\/wp-content\\\/uploads\\\/2025\\\/03\\\/Katana-Genichi-Sojo.jpg\",\"contentUrl\":\"https:\\\/\\\/repliquemangacine.fr\\\/wp-content\\\/uploads\\\/2025\\\/03\\\/Katana-Genichi-Sojo.jpg\",\"width\":500,\"height\":500,\"caption\":\"Katana Cloud Gouger dans Kagurabachi\"},{\"@type\":\"BreadcrumbList\",\"@id\":\"https:\\\/\\\/repliquemangacine.fr\\\/katana-kagurabachi-metal\\\/katana-cloud-gouger-dans-kagurabachi\\\/#breadcrumb\",\"itemListElement\":[{\"@type\":\"ListItem\",\"position\":1,\"name\":\"Accueil\",\"item\":\"https:\\\/\\\/repliquemangacine.fr\\\/\"},{\"@type\":\"ListItem\",\"position\":2,\"name\":\"Produits\",\"item\":\"https:\\\/\\\/repliquemangacine.fr\\\/boutique\\\/\"},{\"@type\":\"ListItem\",\"position\":3,\"name\":\"Katana Cloud Gouger dans Kagurabachi\"}]},{\"@type\":\"WebSite\",\"@id\":\"https:\\\/\\\/repliquemangacine.fr\\\/#website\",\"url\":\"https:\\\/\\\/repliquemangacine.fr\\\/\",\"name\":\"R\u00e9plique Manga Cin\u00e9\",\"description\":\"\",\"publisher\":{\"@id\":\"https:\\\/\\\/repliquemangacine.fr\\\/#organization\"},\"potentialAction\":[{\"@type\":\"SearchAction\",\"target\":{\"@type\":\"EntryPoint\",\"urlTemplate\":\"https:\\\/\\\/repliquemangacine.fr\\\/?s={search_term_string}\"},\"query-input\":{\"@type\":\"PropertyValueSpecification\",\"valueRequired\":true,\"valueName\":\"search_term_string\"}}],\"inLanguage\":\"es\"},{\"@type\":\"Organization\",\"@id\":\"https:\\\/\\\/repliquemangacine.fr\\\/#organization\",\"name\":\"R\u00e9plique Manga Cin\u00e9\",\"url\":\"https:\\\/\\\/repliquemangacine.fr\\\/\",\"logo\":{\"@type\":\"ImageObject\",\"inLanguage\":\"es\",\"@id\":\"https:\\\/\\\/repliquemangacine.fr\\\/#\\\/schema\\\/logo\\\/image\\\/\",\"url\":\"https:\\\/\\\/repliquemangacine.fr\\\/wp-content\\\/uploads\\\/2023\\\/10\\\/RMC-500250.png\",\"contentUrl\":\"https:\\\/\\\/repliquemangacine.fr\\\/wp-content\\\/uploads\\\/2023\\\/10\\\/RMC-500250.png\",\"width\":500,\"height\":250,\"caption\":\"R\u00e9plique Manga Cin\u00e9\"},\"image\":{\"@id\":\"https:\\\/\\\/repliquemangacine.fr\\\/#\\\/schema\\\/logo\\\/image\\\/\"},\"sameAs\":[\"https:\\\/\\\/www.facebook.com\\\/RepliqueMangaCine\",\"https:\\\/\\\/www.instagram.com\\\/repliquemangacine.fr\\\/\"]}]}<\/script>\n<!-- \/ Yoast SEO plugin. -->","yoast_head_json":{"title":"Katana Nube Gouger en Kagurabachi - R\u00e9plique Manga Cin\u00e9","description":"Adopta la r\u00e9plica de coleccionista de la katana Cloud Gouger de Genichi Sojo, la legendaria espada del manga Kagurabachi, \u00a1para disfrutar de la m\u00e1xima inmersi\u00f3n en el hogar!","robots":{"index":"index","follow":"follow","max-snippet":"max-snippet:-1","max-image-preview":"max-image-preview:large","max-video-preview":"max-video-preview:-1"},"canonical":"https:\/\/repliquemangacine.fr\/es\/katana-kagurabachi-metal\/katana-cloud-gouger-en-kagurabachi\/","og_locale":"es_ES","og_type":"article","og_title":"Katana Cloud Gouger dans Kagurabachi - R\u00e9plique Manga Cin\u00e9","og_description":"Adoptez la r\u00e9plique collector du katana Cloud Gouger de Genichi Sojo, lame l\u00e9gendaire du manga Kagurabachi, pour une immersion ultime chez vous !","og_url":"https:\/\/repliquemangacine.fr\/es\/katana-kagurabachi-metal\/katana-cloud-gouger-en-kagurabachi\/","og_site_name":"R\u00e9plique Manga Cin\u00e9","article_publisher":"https:\/\/www.facebook.com\/RepliqueMangaCine","article_modified_time":"2026-04-15T14:43:31+00:00","og_image":[{"width":500,"height":500,"url":"https:\/\/repliquemangacine.fr\/wp-content\/uploads\/2025\/03\/Katana-Genichi-Sojo.jpg","type":"image\/jpeg"}],"twitter_card":"summary_large_image","twitter_misc":{"Tiempo de lectura":"3 minutos"},"schema":{"@context":"https:\/\/schema.org","@graph":[{"@type":"WebPage","@id":"https:\/\/repliquemangacine.fr\/katana-kagurabachi-metal\/katana-cloud-gouger-dans-kagurabachi\/","url":"https:\/\/repliquemangacine.fr\/katana-kagurabachi-metal\/katana-cloud-gouger-dans-kagurabachi\/","name":"Katana Nube Gouger en Kagurabachi - R\u00e9plique Manga Cin\u00e9","isPartOf":{"@id":"https:\/\/repliquemangacine.fr\/#website"},"primaryImageOfPage":{"@id":"https:\/\/repliquemangacine.fr\/katana-kagurabachi-metal\/katana-cloud-gouger-dans-kagurabachi\/#primaryimage"},"image":{"@id":"https:\/\/repliquemangacine.fr\/katana-kagurabachi-metal\/katana-cloud-gouger-dans-kagurabachi\/#primaryimage"},"thumbnailUrl":"https:\/\/repliquemangacine.fr\/wp-content\/uploads\/2025\/03\/Katana-Genichi-Sojo.jpg","datePublished":"2025-03-09T14:31:02+00:00","dateModified":"2026-04-15T14:43:31+00:00","description":"Adopta la r\u00e9plica de coleccionista de la katana Cloud Gouger de Genichi Sojo, la legendaria espada del manga Kagurabachi, \u00a1para disfrutar de la m\u00e1xima inmersi\u00f3n en el hogar!","breadcrumb":{"@id":"https:\/\/repliquemangacine.fr\/katana-kagurabachi-metal\/katana-cloud-gouger-dans-kagurabachi\/#breadcrumb"},"inLanguage":"es","potentialAction":[{"@type":"ReadAction","target":["https:\/\/repliquemangacine.fr\/katana-kagurabachi-metal\/katana-cloud-gouger-dans-kagurabachi\/"]}]},{"@type":"ImageObject","inLanguage":"es","@id":"https:\/\/repliquemangacine.fr\/katana-kagurabachi-metal\/katana-cloud-gouger-dans-kagurabachi\/#primaryimage","url":"https:\/\/repliquemangacine.fr\/wp-content\/uploads\/2025\/03\/Katana-Genichi-Sojo.jpg","contentUrl":"https:\/\/repliquemangacine.fr\/wp-content\/uploads\/2025\/03\/Katana-Genichi-Sojo.jpg","width":500,"height":500,"caption":"Katana Cloud Gouger dans Kagurabachi"},{"@type":"BreadcrumbList","@id":"https:\/\/repliquemangacine.fr\/katana-kagurabachi-metal\/katana-cloud-gouger-dans-kagurabachi\/#breadcrumb","itemListElement":[{"@type":"ListItem","position":1,"name":"Accueil","item":"https:\/\/repliquemangacine.fr\/"},{"@type":"ListItem","position":2,"name":"Produits","item":"https:\/\/repliquemangacine.fr\/boutique\/"},{"@type":"ListItem","position":3,"name":"Katana Cloud Gouger dans Kagurabachi"}]},{"@type":"WebSite","@id":"https:\/\/repliquemangacine.fr\/#website","url":"https:\/\/repliquemangacine.fr\/","name":"R\u00e9plique Manga Cin\u00e9","description":"","publisher":{"@id":"https:\/\/repliquemangacine.fr\/#organization"},"potentialAction":[{"@type":"SearchAction","target":{"@type":"EntryPoint","urlTemplate":"https:\/\/repliquemangacine.fr\/?s={search_term_string}"},"query-input":{"@type":"PropertyValueSpecification","valueRequired":true,"valueName":"search_term_string"}}],"inLanguage":"es"},{"@type":"Organization","@id":"https:\/\/repliquemangacine.fr\/#organization","name":"R\u00e9plique Manga Cin\u00e9","url":"https:\/\/repliquemangacine.fr\/","logo":{"@type":"ImageObject","inLanguage":"es","@id":"https:\/\/repliquemangacine.fr\/#\/schema\/logo\/image\/","url":"https:\/\/repliquemangacine.fr\/wp-content\/uploads\/2023\/10\/RMC-500250.png","contentUrl":"https:\/\/repliquemangacine.fr\/wp-content\/uploads\/2023\/10\/RMC-500250.png","width":500,"height":250,"caption":"R\u00e9plique Manga Cin\u00e9"},"image":{"@id":"https:\/\/repliquemangacine.fr\/#\/schema\/logo\/image\/"},"sameAs":["https:\/\/www.facebook.com\/RepliqueMangaCine","https:\/\/www.instagram.com\/repliquemangacine.fr\/"]}]}},"_links":{"self":[{"href":"https:\/\/repliquemangacine.fr\/es\/wp-json\/wp\/v2\/product\/82552","targetHints":{"allow":["GET"]}}],"collection":[{"href":"https:\/\/repliquemangacine.fr\/es\/wp-json\/wp\/v2\/product"}],"about":[{"href":"https:\/\/repliquemangacine.fr\/es\/wp-json\/wp\/v2\/types\/product"}],"wp:featuredmedia":[{"embeddable":true,"href":"https:\/\/repliquemangacine.fr\/es\/wp-json\/wp\/v2\/media\/82568"}],"wp:attachment":[{"href":"https:\/\/repliquemangacine.fr\/es\/wp-json\/wp\/v2\/media?parent=82552"}],"wp:term":[{"taxonomy":"product_brand","embeddable":true,"href":"https:\/\/repliquemangacine.fr\/es\/wp-json\/wp\/v2\/product_brand?post=82552"},{"taxonomy":"product_cat","embeddable":true,"href":"https:\/\/repliquemangacine.fr\/es\/wp-json\/wp\/v2\/product_cat?post=82552"},{"taxonomy":"product_tag","embeddable":true,"href":"https:\/\/repliquemangacine.fr\/es\/wp-json\/wp\/v2\/product_tag?post=82552"}],"curies":[{"name":"wp","href":"https:\/\/api.w.org\/{rel}","templated":true}]}}