





{"id":82540,"date":"2025-03-08T17:13:46","date_gmt":"2025-03-08T16:13:46","guid":{"rendered":"https:\/\/repliquemangacine.fr\/?post_type=product&#038;p=82540"},"modified":"2026-03-19T12:21:20","modified_gmt":"2026-03-19T11:21:20","slug":"mortal-blade-sekiro-sombras-morir-dos-veces-4","status":"publish","type":"product","link":"https:\/\/repliquemangacine.fr\/es\/katana-et-epee-de-jeux-video-autre-jeux-video\/mortal-blade-sekiro-shadows-die-twice-4\/","title":{"rendered":"Mortal Blade Sekiro - Las sombras mueren dos veces 4"},"content":{"rendered":"<h2>Descubre la legendaria hoja mortal de Sekiro<\/h2>\n<p>En primer lugar, explore el fascinante mundo del Jap\u00f3n feudal con el<strong> Hoja mortal de Sekiro<\/strong>. Esta excepcional katana tiene una hoja roma de acero. Adornada con magn\u00edficas y detalladas decoraciones, es perfecta para entusiastas y coleccionistas exigentes. La empu\u00f1adura es elegante y aut\u00e9ntica, imitando la piel de una raya negra cubierta con una fina trenza de algod\u00f3n blanco. El resultado es un agarre c\u00f3modo y realista. Adem\u00e1s, su guarda de acero envejecido est\u00e1 finamente esculpida. Delicadamente representada con p\u00e9talos de flores, evoca el esp\u00edritu tradicional de los samur\u00e1is. La vaina, de robusta madera recubierta de ABS imitaci\u00f3n madera, completa armoniosamente esta pieza de coleccionista con su rica y cuidada decoraci\u00f3n. Con una hoja de 66,5 cm y una longitud total de 105 cm incluida la vaina. Esta r\u00e9plica se convertir\u00e1 r\u00e1pidamente en una pieza imprescindible de su colecci\u00f3n, y atraer\u00e1 todas las miradas de sus invitados gracias a su autenticidad.<\/p>\n<h2>Sum\u00e9rgete en el cautivador mundo de Sekiro: Shadows Die Twice<\/h2>\n<p>Entonces d\u00e9jate transportar por el cautivador mundo de Sekiro: Shadows Die Twice. Creado por FromSoftware, el estudio responsable de las aclamadas series Dark Souls y Bloodborne. Ambientado en un <a href=\"https:\/\/www.worldhistory.org\/trans\/fr\/2-1438\/feodalisme-dans-le-japon-medieval\/\" target=\"_blank\" rel=\"noopener noreferrer\">Jap\u00f3n feudal<\/a> Este videojuego ficticio y m\u00edstico te sumerge en el coraz\u00f3n de una aventura \u00e9pica y oscura en la que la mitolog\u00eda y la realidad se entrecruzan. Juegas como Sekiro, un temible guerrero equipado con unas pr\u00f3tesis \u00fanicas y en busca de venganza y redenci\u00f3n personal. Gracias a una jugabilidad exigente pero gratificante, cada batalla se convierte en una aut\u00e9ntica prueba de habilidad, en la que la precisi\u00f3n y la capacidad de respuesta son esenciales. El juego tambi\u00e9n es famoso por sus suntuosos gr\u00e1ficos, sus detallados entornos y su profundo argumento, rico en misterio y cautivadores giros. Por eso, poseer una r\u00e9plica de la Death Blade es una oportunidad \u00fanica de encarnar plenamente el esp\u00edritu del juego en tu propia casa.<\/p>\n<h2>Completa tu colecci\u00f3n con nuestras otras r\u00e9plicas de videojuegos<\/h2>\n<p>Por \u00faltimo, si te apasiona el mundo de los videojuegos, echa un vistazo a nuestras otras r\u00e9plicas m\u00edticas que gustar\u00e1n a todos los aficionados. Para los fans del Anillo de Elden, el<a href=\"https:\/\/repliquemangacine.fr\/es\/katana-y-espada-videojuego-otros-videojuegos\/espada-luna-oscura-gran-espada-anillo-elden\/\">Espada de la Luna Oscura<\/a> te espera, un emblema legendario de incomparable poder m\u00e1gico, ideal para vivir la misteriosa atm\u00f3sfera de este juego de culto. Tambi\u00e9n disponible, el<a href=\"https:\/\/repliquemangacine.fr\/es\/katana-y-espada-videojuego-otros-videojuegos\/espada-fusion-nube-multiblade-buster-espada-final-fantasy-vii\/\">Espada de fusi\u00f3n Cloud Strife<\/a> de Final Fantasy. Una r\u00e9plica excepcional, perfecta para revivir las \u00e9picas aventuras del famoso h\u00e9roe e impresionar a tus amigos. Y no te pierdas el magn\u00edfico <a href=\"https:\/\/repliquemangacine.fr\/es\/katana-y-espada-videojuego-otros-videojuegos\/espada-roja-reina-diablo-mi-grito\/\">Espada Reina Roja<\/a> del legendario Nero en Devil May Cry. Reconocida por su dise\u00f1o \u00fanico y su excepcional acabado. Tanto si eres un coleccionista veterano como un reci\u00e9n llegado, cada r\u00e9plica te acerca a tus h\u00e9roes favoritos y a sus inolvidables aventuras, enriqueciendo tu colecci\u00f3n con objetos raros y fascinantes.<\/p>","protected":false},"excerpt":{"rendered":"<p>Magn\u00edfica r\u00e9plica de la katana de Sekiro en el videojuego Shadows Die Twice<\/p>\n<ul>\n<li>Hoja de acero no afilada con decoraci\u00f3n.<\/li>\n<li>Mango de imitaci\u00f3n de piel de raya negra, recubierto de trenzado de algod\u00f3n blanco.<\/li>\n<li>Empu\u00f1adura de acero antiguo que representa p\u00e9talos de flores.<\/li>\n<li>Vaina de madera recubierta de ABS imitaci\u00f3n madera y ricamente decorada.<\/li>\n<li>Longitud de la hoja: 66,5 cm - Longitud total: 105 cm con funda<\/li>\n<\/ul>","protected":false},"featured_media":82542,"template":"","meta":[],"product_brand":[896],"product_cat":[67],"product_tag":[],"class_list":{"0":"post-82540","1":"product","2":"type-product","3":"status-publish","4":"has-post-thumbnail","6":"product_brand-replique-manga-cine","7":"product_cat-katana-et-epee-de-jeux-video-autre-jeux-video","9":"first","10":"instock","11":"taxable","12":"shipping-taxable","13":"purchasable","14":"product-type-simple"},"yoast_head":"<!-- This site is optimized with the Yoast SEO plugin v27.5 - https:\/\/yoast.com\/product\/yoast-seo-wordpress\/ -->\n<title>Mortal Blade Sekiro - Shadows Die Twice 4 - R\u00e9plique Manga Cin\u00e9<\/title>\n<meta name=\"description\" content=\"Devenez ma\u00eetre samoura\u00ef avec la r\u00e9plique collector du katana Mortal Blade de Sekiro, pour une immersion ultime chez vous ! Lame acier. 105 cm\" \/>\n<meta name=\"robots\" content=\"index, follow, max-snippet:-1, max-image-preview:large, max-video-preview:-1\" \/>\n<link rel=\"canonical\" href=\"https:\/\/repliquemangacine.fr\/es\/katana-y-espada-videojuego-otros-videojuegos\/mortal-blade-sekiro-sombras-morir-dos-veces-4\/\" \/>\n<meta property=\"og:locale\" content=\"es_ES\" \/>\n<meta property=\"og:type\" content=\"article\" \/>\n<meta property=\"og:title\" content=\"Mortal Blade Sekiro - Shadows Die Twice 4 - R\u00e9plique Manga Cin\u00e9\" \/>\n<meta property=\"og:description\" content=\"Devenez ma\u00eetre samoura\u00ef avec la r\u00e9plique collector du katana Mortal Blade de Sekiro, pour une immersion ultime chez vous ! Lame acier. 105 cm\" \/>\n<meta property=\"og:url\" content=\"https:\/\/repliquemangacine.fr\/es\/katana-y-espada-videojuego-otros-videojuegos\/mortal-blade-sekiro-sombras-morir-dos-veces-4\/\" \/>\n<meta property=\"og:site_name\" content=\"R\u00e9plique Manga Cin\u00e9\" \/>\n<meta property=\"article:publisher\" content=\"https:\/\/www.facebook.com\/RepliqueMangaCine\" \/>\n<meta property=\"article:modified_time\" content=\"2026-03-19T11:21:20+00:00\" \/>\n<meta property=\"og:image\" content=\"https:\/\/repliquemangacine.fr\/wp-content\/uploads\/2025\/03\/katana-Sekiro-shadows-die-twice.jpg\" \/>\n\t<meta property=\"og:image:width\" content=\"500\" \/>\n\t<meta property=\"og:image:height\" content=\"500\" \/>\n\t<meta property=\"og:image:type\" content=\"image\/jpeg\" \/>\n<meta name=\"twitter:card\" content=\"summary_large_image\" \/>\n<meta name=\"twitter:label1\" content=\"Tiempo de lectura\" \/>\n\t<meta name=\"twitter:data1\" content=\"3 minutos\" \/>\n<script type=\"application\/ld+json\" class=\"yoast-schema-graph\">{\"@context\":\"https:\\\/\\\/schema.org\",\"@graph\":[{\"@type\":\"WebPage\",\"@id\":\"https:\\\/\\\/repliquemangacine.fr\\\/katana-et-epee-de-jeux-video-autre-jeux-video\\\/mortal-blade-sekiro-shadows-die-twice-4\\\/\",\"url\":\"https:\\\/\\\/repliquemangacine.fr\\\/katana-et-epee-de-jeux-video-autre-jeux-video\\\/mortal-blade-sekiro-shadows-die-twice-4\\\/\",\"name\":\"Mortal Blade Sekiro - Shadows Die Twice 4 - R\u00e9plique Manga Cin\u00e9\",\"isPartOf\":{\"@id\":\"https:\\\/\\\/repliquemangacine.fr\\\/#website\"},\"primaryImageOfPage\":{\"@id\":\"https:\\\/\\\/repliquemangacine.fr\\\/katana-et-epee-de-jeux-video-autre-jeux-video\\\/mortal-blade-sekiro-shadows-die-twice-4\\\/#primaryimage\"},\"image\":{\"@id\":\"https:\\\/\\\/repliquemangacine.fr\\\/katana-et-epee-de-jeux-video-autre-jeux-video\\\/mortal-blade-sekiro-shadows-die-twice-4\\\/#primaryimage\"},\"thumbnailUrl\":\"https:\\\/\\\/repliquemangacine.fr\\\/wp-content\\\/uploads\\\/2025\\\/03\\\/katana-Sekiro-shadows-die-twice.jpg\",\"datePublished\":\"2025-03-08T16:13:46+00:00\",\"dateModified\":\"2026-03-19T11:21:20+00:00\",\"description\":\"Devenez ma\u00eetre samoura\u00ef avec la r\u00e9plique collector du katana Mortal Blade de Sekiro, pour une immersion ultime chez vous ! Lame acier. 105 cm\",\"breadcrumb\":{\"@id\":\"https:\\\/\\\/repliquemangacine.fr\\\/katana-et-epee-de-jeux-video-autre-jeux-video\\\/mortal-blade-sekiro-shadows-die-twice-4\\\/#breadcrumb\"},\"inLanguage\":\"es\",\"potentialAction\":[{\"@type\":\"ReadAction\",\"target\":[\"https:\\\/\\\/repliquemangacine.fr\\\/katana-et-epee-de-jeux-video-autre-jeux-video\\\/mortal-blade-sekiro-shadows-die-twice-4\\\/\"]}]},{\"@type\":\"ImageObject\",\"inLanguage\":\"es\",\"@id\":\"https:\\\/\\\/repliquemangacine.fr\\\/katana-et-epee-de-jeux-video-autre-jeux-video\\\/mortal-blade-sekiro-shadows-die-twice-4\\\/#primaryimage\",\"url\":\"https:\\\/\\\/repliquemangacine.fr\\\/wp-content\\\/uploads\\\/2025\\\/03\\\/katana-Sekiro-shadows-die-twice.jpg\",\"contentUrl\":\"https:\\\/\\\/repliquemangacine.fr\\\/wp-content\\\/uploads\\\/2025\\\/03\\\/katana-Sekiro-shadows-die-twice.jpg\",\"width\":500,\"height\":500,\"caption\":\"Mortal Blade Sekiro\"},{\"@type\":\"BreadcrumbList\",\"@id\":\"https:\\\/\\\/repliquemangacine.fr\\\/katana-et-epee-de-jeux-video-autre-jeux-video\\\/mortal-blade-sekiro-shadows-die-twice-4\\\/#breadcrumb\",\"itemListElement\":[{\"@type\":\"ListItem\",\"position\":1,\"name\":\"Accueil\",\"item\":\"https:\\\/\\\/repliquemangacine.fr\\\/\"},{\"@type\":\"ListItem\",\"position\":2,\"name\":\"Produits\",\"item\":\"https:\\\/\\\/repliquemangacine.fr\\\/boutique\\\/\"},{\"@type\":\"ListItem\",\"position\":3,\"name\":\"Mortal Blade Sekiro &#8211; Shadows Die Twice 4\"}]},{\"@type\":\"WebSite\",\"@id\":\"https:\\\/\\\/repliquemangacine.fr\\\/#website\",\"url\":\"https:\\\/\\\/repliquemangacine.fr\\\/\",\"name\":\"R\u00e9plique Manga Cin\u00e9\",\"description\":\"\",\"publisher\":{\"@id\":\"https:\\\/\\\/repliquemangacine.fr\\\/#organization\"},\"potentialAction\":[{\"@type\":\"SearchAction\",\"target\":{\"@type\":\"EntryPoint\",\"urlTemplate\":\"https:\\\/\\\/repliquemangacine.fr\\\/?s={search_term_string}\"},\"query-input\":{\"@type\":\"PropertyValueSpecification\",\"valueRequired\":true,\"valueName\":\"search_term_string\"}}],\"inLanguage\":\"es\"},{\"@type\":\"Organization\",\"@id\":\"https:\\\/\\\/repliquemangacine.fr\\\/#organization\",\"name\":\"R\u00e9plique Manga Cin\u00e9\",\"url\":\"https:\\\/\\\/repliquemangacine.fr\\\/\",\"logo\":{\"@type\":\"ImageObject\",\"inLanguage\":\"es\",\"@id\":\"https:\\\/\\\/repliquemangacine.fr\\\/#\\\/schema\\\/logo\\\/image\\\/\",\"url\":\"https:\\\/\\\/repliquemangacine.fr\\\/wp-content\\\/uploads\\\/2023\\\/10\\\/RMC-500250.png\",\"contentUrl\":\"https:\\\/\\\/repliquemangacine.fr\\\/wp-content\\\/uploads\\\/2023\\\/10\\\/RMC-500250.png\",\"width\":500,\"height\":250,\"caption\":\"R\u00e9plique Manga Cin\u00e9\"},\"image\":{\"@id\":\"https:\\\/\\\/repliquemangacine.fr\\\/#\\\/schema\\\/logo\\\/image\\\/\"},\"sameAs\":[\"https:\\\/\\\/www.facebook.com\\\/RepliqueMangaCine\",\"https:\\\/\\\/www.instagram.com\\\/repliquemangacine.fr\\\/\"]}]}<\/script>\n<!-- \/ Yoast SEO plugin. -->","yoast_head_json":{"title":"Mortal Blade Sekiro - Las sombras mueren dos veces 4 - R\u00e9plique Manga Cin\u00e9","description":"Convi\u00e9rtete en un maestro samur\u00e1i con la r\u00e9plica de coleccionista de la katana Mortal Blade de Sekiro, \u00a1para vivir la experiencia de inmersi\u00f3n dom\u00e9stica definitiva! Hoja de acero. 105 cm de largo","robots":{"index":"index","follow":"follow","max-snippet":"max-snippet:-1","max-image-preview":"max-image-preview:large","max-video-preview":"max-video-preview:-1"},"canonical":"https:\/\/repliquemangacine.fr\/es\/katana-y-espada-videojuego-otros-videojuegos\/mortal-blade-sekiro-sombras-morir-dos-veces-4\/","og_locale":"es_ES","og_type":"article","og_title":"Mortal Blade Sekiro - Shadows Die Twice 4 - R\u00e9plique Manga Cin\u00e9","og_description":"Devenez ma\u00eetre samoura\u00ef avec la r\u00e9plique collector du katana Mortal Blade de Sekiro, pour une immersion ultime chez vous ! Lame acier. 105 cm","og_url":"https:\/\/repliquemangacine.fr\/es\/katana-y-espada-videojuego-otros-videojuegos\/mortal-blade-sekiro-sombras-morir-dos-veces-4\/","og_site_name":"R\u00e9plique Manga Cin\u00e9","article_publisher":"https:\/\/www.facebook.com\/RepliqueMangaCine","article_modified_time":"2026-03-19T11:21:20+00:00","og_image":[{"width":500,"height":500,"url":"https:\/\/repliquemangacine.fr\/wp-content\/uploads\/2025\/03\/katana-Sekiro-shadows-die-twice.jpg","type":"image\/jpeg"}],"twitter_card":"summary_large_image","twitter_misc":{"Tiempo de lectura":"3 minutos"},"schema":{"@context":"https:\/\/schema.org","@graph":[{"@type":"WebPage","@id":"https:\/\/repliquemangacine.fr\/katana-et-epee-de-jeux-video-autre-jeux-video\/mortal-blade-sekiro-shadows-die-twice-4\/","url":"https:\/\/repliquemangacine.fr\/katana-et-epee-de-jeux-video-autre-jeux-video\/mortal-blade-sekiro-shadows-die-twice-4\/","name":"Mortal Blade Sekiro - Las sombras mueren dos veces 4 - R\u00e9plique Manga Cin\u00e9","isPartOf":{"@id":"https:\/\/repliquemangacine.fr\/#website"},"primaryImageOfPage":{"@id":"https:\/\/repliquemangacine.fr\/katana-et-epee-de-jeux-video-autre-jeux-video\/mortal-blade-sekiro-shadows-die-twice-4\/#primaryimage"},"image":{"@id":"https:\/\/repliquemangacine.fr\/katana-et-epee-de-jeux-video-autre-jeux-video\/mortal-blade-sekiro-shadows-die-twice-4\/#primaryimage"},"thumbnailUrl":"https:\/\/repliquemangacine.fr\/wp-content\/uploads\/2025\/03\/katana-Sekiro-shadows-die-twice.jpg","datePublished":"2025-03-08T16:13:46+00:00","dateModified":"2026-03-19T11:21:20+00:00","description":"Convi\u00e9rtete en un maestro samur\u00e1i con la r\u00e9plica de coleccionista de la katana Mortal Blade de Sekiro, \u00a1para vivir la experiencia de inmersi\u00f3n dom\u00e9stica definitiva! Hoja de acero. 105 cm de largo","breadcrumb":{"@id":"https:\/\/repliquemangacine.fr\/katana-et-epee-de-jeux-video-autre-jeux-video\/mortal-blade-sekiro-shadows-die-twice-4\/#breadcrumb"},"inLanguage":"es","potentialAction":[{"@type":"ReadAction","target":["https:\/\/repliquemangacine.fr\/katana-et-epee-de-jeux-video-autre-jeux-video\/mortal-blade-sekiro-shadows-die-twice-4\/"]}]},{"@type":"ImageObject","inLanguage":"es","@id":"https:\/\/repliquemangacine.fr\/katana-et-epee-de-jeux-video-autre-jeux-video\/mortal-blade-sekiro-shadows-die-twice-4\/#primaryimage","url":"https:\/\/repliquemangacine.fr\/wp-content\/uploads\/2025\/03\/katana-Sekiro-shadows-die-twice.jpg","contentUrl":"https:\/\/repliquemangacine.fr\/wp-content\/uploads\/2025\/03\/katana-Sekiro-shadows-die-twice.jpg","width":500,"height":500,"caption":"Mortal Blade Sekiro"},{"@type":"BreadcrumbList","@id":"https:\/\/repliquemangacine.fr\/katana-et-epee-de-jeux-video-autre-jeux-video\/mortal-blade-sekiro-shadows-die-twice-4\/#breadcrumb","itemListElement":[{"@type":"ListItem","position":1,"name":"Accueil","item":"https:\/\/repliquemangacine.fr\/"},{"@type":"ListItem","position":2,"name":"Produits","item":"https:\/\/repliquemangacine.fr\/boutique\/"},{"@type":"ListItem","position":3,"name":"Mortal Blade Sekiro &#8211; Shadows Die Twice 4"}]},{"@type":"WebSite","@id":"https:\/\/repliquemangacine.fr\/#website","url":"https:\/\/repliquemangacine.fr\/","name":"R\u00e9plique Manga Cin\u00e9","description":"","publisher":{"@id":"https:\/\/repliquemangacine.fr\/#organization"},"potentialAction":[{"@type":"SearchAction","target":{"@type":"EntryPoint","urlTemplate":"https:\/\/repliquemangacine.fr\/?s={search_term_string}"},"query-input":{"@type":"PropertyValueSpecification","valueRequired":true,"valueName":"search_term_string"}}],"inLanguage":"es"},{"@type":"Organization","@id":"https:\/\/repliquemangacine.fr\/#organization","name":"R\u00e9plique Manga Cin\u00e9","url":"https:\/\/repliquemangacine.fr\/","logo":{"@type":"ImageObject","inLanguage":"es","@id":"https:\/\/repliquemangacine.fr\/#\/schema\/logo\/image\/","url":"https:\/\/repliquemangacine.fr\/wp-content\/uploads\/2023\/10\/RMC-500250.png","contentUrl":"https:\/\/repliquemangacine.fr\/wp-content\/uploads\/2023\/10\/RMC-500250.png","width":500,"height":250,"caption":"R\u00e9plique Manga Cin\u00e9"},"image":{"@id":"https:\/\/repliquemangacine.fr\/#\/schema\/logo\/image\/"},"sameAs":["https:\/\/www.facebook.com\/RepliqueMangaCine","https:\/\/www.instagram.com\/repliquemangacine.fr\/"]}]}},"_links":{"self":[{"href":"https:\/\/repliquemangacine.fr\/es\/wp-json\/wp\/v2\/product\/82540","targetHints":{"allow":["GET"]}}],"collection":[{"href":"https:\/\/repliquemangacine.fr\/es\/wp-json\/wp\/v2\/product"}],"about":[{"href":"https:\/\/repliquemangacine.fr\/es\/wp-json\/wp\/v2\/types\/product"}],"wp:featuredmedia":[{"embeddable":true,"href":"https:\/\/repliquemangacine.fr\/es\/wp-json\/wp\/v2\/media\/82542"}],"wp:attachment":[{"href":"https:\/\/repliquemangacine.fr\/es\/wp-json\/wp\/v2\/media?parent=82540"}],"wp:term":[{"taxonomy":"product_brand","embeddable":true,"href":"https:\/\/repliquemangacine.fr\/es\/wp-json\/wp\/v2\/product_brand?post=82540"},{"taxonomy":"product_cat","embeddable":true,"href":"https:\/\/repliquemangacine.fr\/es\/wp-json\/wp\/v2\/product_cat?post=82540"},{"taxonomy":"product_tag","embeddable":true,"href":"https:\/\/repliquemangacine.fr\/es\/wp-json\/wp\/v2\/product_tag?post=82540"}],"curies":[{"name":"wp","href":"https:\/\/api.w.org\/{rel}","templated":true}]}}