





{"id":82266,"date":"2025-02-21T17:59:48","date_gmt":"2025-02-21T16:59:48","guid":{"rendered":"https:\/\/repliquemangacine.fr\/?post_type=product&#038;p=82266"},"modified":"2025-11-13T01:25:53","modified_gmt":"2025-11-13T00:25:53","slug":"elden-ring-gran-espada-espada","status":"publish","type":"product","link":"https:\/\/repliquemangacine.fr\/es\/elden-ring\/epee-greatsword-elden-ring\/","title":{"rendered":"Gran Espada Anillo Elden"},"content":{"rendered":"<h2>Greatsword of Elden Ring: la espada colosal de los Guerreros de la Fuerza<\/h2>\n<p>En primer lugar, el<strong>Espada<\/strong> <strong>Gran espada de Elden Ring<\/strong> es una imponente espada colosal inspirada en la saga <a href=\"https:\/\/berserk.fandom.com\/fr\/wiki\/Wiki_Berserk\" target=\"_blank\" rel=\"noopener noreferrer\">Berserk<\/a>. Esta enorme arma tiene un poder destructivo sin igual. Su dise\u00f1o crudo e imponente recuerda a las espadas de los m\u00e1s grandes guerreros del universo de fantas\u00eda oscura. El Greatsword es el arma perfecta para los jugadores que buscan el m\u00e1ximo impacto en la batalla. Su enorme hoja le confiere un alcance formidable en el campo de batalla. Gracias a su escala de Fuerza, inflige un da\u00f1o tit\u00e1nico a los oponentes. Los ataques en salto con esta arma son formidables contra enemigos grandes y jefes. Adem\u00e1s, el Gran Espad\u00f3n es ideal para romper la postura de los oponentes con sus poderosos golpes. Con esta espada, cada golpe sacude el suelo y despista a los enemigos. Este emblem\u00e1tico artefacto es imprescindible para todos los jugadores amantes de la fuerza bruta.<\/p>\n<h2>Domina la Gran Espada Anillo de Elden y domina a tus oponentes<\/h2>\n<p>El Gran Espad\u00f3n es un arma formidable que destaca en el combate cuerpo a cuerpo y en los duelos intensos. Gracias a su peso colosal, ofrece un poder de ataque excepcional. Su ataque pesado es capaz de romper la guardia incluso de los enemigos m\u00e1s duros. Se puede combinar con varias Cenizas de Guerra para maximizar su potencial ofensivo. Garra de le\u00f3n es una de las mejores habilidades, ya que te permite realizar una serie de destructivos ataques acrob\u00e1ticos. Con un aumento de Fuerza a 50+, esta espada se convierte en el arma definitiva. Perfecta, pues, para builds de tanque capaces de recibir e infligir un da\u00f1o enorme. Su imponente dise\u00f1o recuerda a la espada legendaria de Guts en Berserk. Se puede conseguir muy al principio del juego explorando la regi\u00f3n de Caelid. Su versatilidad y brutalidad la convierten en un arma legendaria para cualquier aventurero que busque la dominaci\u00f3n total.<\/p>\n<h2>Otras espadas legendarias de los mejores videojuegos<\/h2>\n<p>Adem\u00e1s de la Gran Espada, hay otras espadas m\u00edticas que merecen un lugar en su colecci\u00f3n. La <a href=\"https:\/\/repliquemangacine.fr\/es\/katana-y-espada-videojuego-otros-videojuegos\/espada-luna-oscura-gran-espada-anillo-elden\/\">Luna Oscura<\/a> El Gran Espad\u00f3n es un arma emblem\u00e1tica del Anillo de los Eldes, imbuida de energ\u00eda lunar. Tambi\u00e9n est\u00e1 el <a href=\"https:\/\/repliquemangacine.fr\/es\/katana-y-espada-videojuego-otros-videojuegos\/katana-moonveil-en-anillo-elden\/\">Moonveil<\/a>una katana legendaria, puede infligir ataques m\u00e1gicos r\u00e1pidos y afilados. Adem\u00e1s de la<a href=\"https:\/\/repliquemangacine.fr\/es\/katana-y-espada-videojuego-otros-videojuegos\/katana-uchigatana-elden-ring\/\">Uchigatana<\/a>es un arma imprescindible para los fans de las construcciones sangrientas. En el universo de Final Fantasy, el<a href=\"https:\/\/repliquemangacine.fr\/es\/katana-y-espada-videojuego-otros-videojuegos\/espada-fusion-nube-multiblade-buster-espada-final-fantasy-vii\/\">Espada de fusi\u00f3n de Cloud Strife<\/a> impresiona por su dise\u00f1o ic\u00f3nico y su potencia bruta. Otras espadas de culto, como la Espada Maestra de Zelda, son igual de legendarias. Cada espada tiene sus propias caracter\u00edsticas, adaptadas a los estilos de combate de los jugadores. Cabe destacar que estas armas son objetos de coleccionista ideales para todos los entusiastas de los videojuegos. En conclusi\u00f3n, explora nuestra colecci\u00f3n y elige el arma que mejor se adapte a tu alma guerrera.<\/p>","protected":false},"excerpt":{"rendered":"<p>Magn\u00edfica r\u00e9plica de la Gran Espada en el Anillo de Elden<\/p>\n<ul>\n<li>Hoja ancha de doble bisel sin filo<\/li>\n<li>Protector met\u00e1lico con forma especial<\/li>\n<li>Asa y pomo de acero<\/li>\n<li>Se entrega con funda de polipiel negra<\/li>\n<li>Correa de transporte<\/li>\n<li>Longitud de la hoja: 65,5 cm - Longitud total: 138 cm<\/li>\n<li>Peso: 4670 g con funda<\/li>\n<\/ul>","protected":false},"featured_media":82269,"template":"","meta":[],"product_brand":[896],"product_cat":[876,67],"product_tag":[],"class_list":{"0":"post-82266","1":"product","2":"type-product","3":"status-publish","4":"has-post-thumbnail","6":"product_brand-replique-manga-cine","7":"product_cat-elden-ring","8":"product_cat-katana-et-epee-de-jeux-video-autre-jeux-video","10":"first","11":"instock","12":"taxable","13":"shipping-taxable","14":"purchasable","15":"product-type-simple"},"yoast_head":"<!-- This site is optimized with the Yoast SEO plugin v27.4 - https:\/\/yoast.com\/product\/yoast-seo-wordpress\/ -->\n<title>Ep\u00e9e Greatsword Elden Ring - R\u00e9plique Manga Cin\u00e9<\/title>\n<meta name=\"description\" content=\"Imposante cette Ep\u00e9e Greatsword d&#039;Elden Ring. Tout en acier. Lame large double biseaux non tranchant. Fourreau simili cuir. 138 cm - Poids : 4670 g\" \/>\n<meta name=\"robots\" content=\"index, follow, max-snippet:-1, max-image-preview:large, max-video-preview:-1\" \/>\n<link rel=\"canonical\" href=\"https:\/\/repliquemangacine.fr\/es\/anillo-elden\/elden-ring-gran-espada-espada\/\" \/>\n<meta property=\"og:locale\" content=\"es_ES\" \/>\n<meta property=\"og:type\" content=\"article\" \/>\n<meta property=\"og:title\" content=\"Ep\u00e9e Greatsword Elden Ring - R\u00e9plique Manga Cin\u00e9\" \/>\n<meta property=\"og:description\" content=\"Imposante cette Ep\u00e9e Greatsword d&#039;Elden Ring. Tout en acier. Lame large double biseaux non tranchant. Fourreau simili cuir. 138 cm - Poids : 4670 g\" \/>\n<meta property=\"og:url\" content=\"https:\/\/repliquemangacine.fr\/es\/anillo-elden\/elden-ring-gran-espada-espada\/\" \/>\n<meta property=\"og:site_name\" content=\"R\u00e9plique Manga Cin\u00e9\" \/>\n<meta property=\"article:publisher\" content=\"https:\/\/www.facebook.com\/RepliqueMangaCine\" \/>\n<meta property=\"article:modified_time\" content=\"2025-11-13T00:25:53+00:00\" \/>\n<meta property=\"og:image\" content=\"https:\/\/repliquemangacine.fr\/wp-content\/uploads\/2025\/02\/Epee-Greatsword-Elden-Ring.jpg\" \/>\n\t<meta property=\"og:image:width\" content=\"500\" \/>\n\t<meta property=\"og:image:height\" content=\"500\" \/>\n\t<meta property=\"og:image:type\" content=\"image\/jpeg\" \/>\n<meta name=\"twitter:card\" content=\"summary_large_image\" \/>\n<meta name=\"twitter:label1\" content=\"Tiempo de lectura\" \/>\n\t<meta name=\"twitter:data1\" content=\"3 minutos\" \/>\n<script type=\"application\/ld+json\" class=\"yoast-schema-graph\">{\"@context\":\"https:\\\/\\\/schema.org\",\"@graph\":[{\"@type\":\"WebPage\",\"@id\":\"https:\\\/\\\/repliquemangacine.fr\\\/elden-ring\\\/epee-greatsword-elden-ring\\\/\",\"url\":\"https:\\\/\\\/repliquemangacine.fr\\\/elden-ring\\\/epee-greatsword-elden-ring\\\/\",\"name\":\"Ep\u00e9e Greatsword Elden Ring - R\u00e9plique Manga Cin\u00e9\",\"isPartOf\":{\"@id\":\"https:\\\/\\\/repliquemangacine.fr\\\/#website\"},\"primaryImageOfPage\":{\"@id\":\"https:\\\/\\\/repliquemangacine.fr\\\/elden-ring\\\/epee-greatsword-elden-ring\\\/#primaryimage\"},\"image\":{\"@id\":\"https:\\\/\\\/repliquemangacine.fr\\\/elden-ring\\\/epee-greatsword-elden-ring\\\/#primaryimage\"},\"thumbnailUrl\":\"https:\\\/\\\/repliquemangacine.fr\\\/wp-content\\\/uploads\\\/2025\\\/02\\\/Epee-Greatsword-Elden-Ring.jpg\",\"datePublished\":\"2025-02-21T16:59:48+00:00\",\"dateModified\":\"2025-11-13T00:25:53+00:00\",\"description\":\"Imposante cette Ep\u00e9e Greatsword d'Elden Ring. Tout en acier. Lame large double biseaux non tranchant. Fourreau simili cuir. 138 cm - Poids : 4670 g\",\"breadcrumb\":{\"@id\":\"https:\\\/\\\/repliquemangacine.fr\\\/elden-ring\\\/epee-greatsword-elden-ring\\\/#breadcrumb\"},\"inLanguage\":\"es\",\"potentialAction\":[{\"@type\":\"ReadAction\",\"target\":[\"https:\\\/\\\/repliquemangacine.fr\\\/elden-ring\\\/epee-greatsword-elden-ring\\\/\"]}]},{\"@type\":\"ImageObject\",\"inLanguage\":\"es\",\"@id\":\"https:\\\/\\\/repliquemangacine.fr\\\/elden-ring\\\/epee-greatsword-elden-ring\\\/#primaryimage\",\"url\":\"https:\\\/\\\/repliquemangacine.fr\\\/wp-content\\\/uploads\\\/2025\\\/02\\\/Epee-Greatsword-Elden-Ring.jpg\",\"contentUrl\":\"https:\\\/\\\/repliquemangacine.fr\\\/wp-content\\\/uploads\\\/2025\\\/02\\\/Epee-Greatsword-Elden-Ring.jpg\",\"width\":500,\"height\":500,\"caption\":\"Ep\u00e9e Greatsword Elden Ring\"},{\"@type\":\"BreadcrumbList\",\"@id\":\"https:\\\/\\\/repliquemangacine.fr\\\/elden-ring\\\/epee-greatsword-elden-ring\\\/#breadcrumb\",\"itemListElement\":[{\"@type\":\"ListItem\",\"position\":1,\"name\":\"Accueil\",\"item\":\"https:\\\/\\\/repliquemangacine.fr\\\/\"},{\"@type\":\"ListItem\",\"position\":2,\"name\":\"Produits\",\"item\":\"https:\\\/\\\/repliquemangacine.fr\\\/boutique\\\/\"},{\"@type\":\"ListItem\",\"position\":3,\"name\":\"Ep\u00e9e Greatsword Elden Ring\"}]},{\"@type\":\"WebSite\",\"@id\":\"https:\\\/\\\/repliquemangacine.fr\\\/#website\",\"url\":\"https:\\\/\\\/repliquemangacine.fr\\\/\",\"name\":\"R\u00e9plique Manga Cin\u00e9\",\"description\":\"\",\"publisher\":{\"@id\":\"https:\\\/\\\/repliquemangacine.fr\\\/#organization\"},\"potentialAction\":[{\"@type\":\"SearchAction\",\"target\":{\"@type\":\"EntryPoint\",\"urlTemplate\":\"https:\\\/\\\/repliquemangacine.fr\\\/?s={search_term_string}\"},\"query-input\":{\"@type\":\"PropertyValueSpecification\",\"valueRequired\":true,\"valueName\":\"search_term_string\"}}],\"inLanguage\":\"es\"},{\"@type\":\"Organization\",\"@id\":\"https:\\\/\\\/repliquemangacine.fr\\\/#organization\",\"name\":\"R\u00e9plique Manga Cin\u00e9\",\"url\":\"https:\\\/\\\/repliquemangacine.fr\\\/\",\"logo\":{\"@type\":\"ImageObject\",\"inLanguage\":\"es\",\"@id\":\"https:\\\/\\\/repliquemangacine.fr\\\/#\\\/schema\\\/logo\\\/image\\\/\",\"url\":\"https:\\\/\\\/repliquemangacine.fr\\\/wp-content\\\/uploads\\\/2023\\\/10\\\/RMC-500250.png\",\"contentUrl\":\"https:\\\/\\\/repliquemangacine.fr\\\/wp-content\\\/uploads\\\/2023\\\/10\\\/RMC-500250.png\",\"width\":500,\"height\":250,\"caption\":\"R\u00e9plique Manga Cin\u00e9\"},\"image\":{\"@id\":\"https:\\\/\\\/repliquemangacine.fr\\\/#\\\/schema\\\/logo\\\/image\\\/\"},\"sameAs\":[\"https:\\\/\\\/www.facebook.com\\\/RepliqueMangaCine\",\"https:\\\/\\\/www.instagram.com\\\/repliquemangacine.fr\\\/\"]}]}<\/script>\n<!-- \/ Yoast SEO plugin. -->","yoast_head_json":{"title":"Gran Espada Anillo Elden - R\u00e9plique Manga Cin\u00e9","description":"Una imponente Gran Espada de Elden Ring. Todo de acero. Hoja ancha, doble bisel, sin filo. Vaina de imitaci\u00f3n de cuero. 138 cm - Peso : 4670 g","robots":{"index":"index","follow":"follow","max-snippet":"max-snippet:-1","max-image-preview":"max-image-preview:large","max-video-preview":"max-video-preview:-1"},"canonical":"https:\/\/repliquemangacine.fr\/es\/anillo-elden\/elden-ring-gran-espada-espada\/","og_locale":"es_ES","og_type":"article","og_title":"Ep\u00e9e Greatsword Elden Ring - R\u00e9plique Manga Cin\u00e9","og_description":"Imposante cette Ep\u00e9e Greatsword d'Elden Ring. Tout en acier. Lame large double biseaux non tranchant. Fourreau simili cuir. 138 cm - Poids : 4670 g","og_url":"https:\/\/repliquemangacine.fr\/es\/anillo-elden\/elden-ring-gran-espada-espada\/","og_site_name":"R\u00e9plique Manga Cin\u00e9","article_publisher":"https:\/\/www.facebook.com\/RepliqueMangaCine","article_modified_time":"2025-11-13T00:25:53+00:00","og_image":[{"width":500,"height":500,"url":"https:\/\/repliquemangacine.fr\/wp-content\/uploads\/2025\/02\/Epee-Greatsword-Elden-Ring.jpg","type":"image\/jpeg"}],"twitter_card":"summary_large_image","twitter_misc":{"Tiempo de lectura":"3 minutos"},"schema":{"@context":"https:\/\/schema.org","@graph":[{"@type":"WebPage","@id":"https:\/\/repliquemangacine.fr\/elden-ring\/epee-greatsword-elden-ring\/","url":"https:\/\/repliquemangacine.fr\/elden-ring\/epee-greatsword-elden-ring\/","name":"Gran Espada Anillo Elden - R\u00e9plique Manga Cin\u00e9","isPartOf":{"@id":"https:\/\/repliquemangacine.fr\/#website"},"primaryImageOfPage":{"@id":"https:\/\/repliquemangacine.fr\/elden-ring\/epee-greatsword-elden-ring\/#primaryimage"},"image":{"@id":"https:\/\/repliquemangacine.fr\/elden-ring\/epee-greatsword-elden-ring\/#primaryimage"},"thumbnailUrl":"https:\/\/repliquemangacine.fr\/wp-content\/uploads\/2025\/02\/Epee-Greatsword-Elden-Ring.jpg","datePublished":"2025-02-21T16:59:48+00:00","dateModified":"2025-11-13T00:25:53+00:00","description":"Una imponente Gran Espada de Elden Ring. Todo de acero. Hoja ancha, doble bisel, sin filo. Vaina de imitaci\u00f3n de cuero. 138 cm - Peso : 4670 g","breadcrumb":{"@id":"https:\/\/repliquemangacine.fr\/elden-ring\/epee-greatsword-elden-ring\/#breadcrumb"},"inLanguage":"es","potentialAction":[{"@type":"ReadAction","target":["https:\/\/repliquemangacine.fr\/elden-ring\/epee-greatsword-elden-ring\/"]}]},{"@type":"ImageObject","inLanguage":"es","@id":"https:\/\/repliquemangacine.fr\/elden-ring\/epee-greatsword-elden-ring\/#primaryimage","url":"https:\/\/repliquemangacine.fr\/wp-content\/uploads\/2025\/02\/Epee-Greatsword-Elden-Ring.jpg","contentUrl":"https:\/\/repliquemangacine.fr\/wp-content\/uploads\/2025\/02\/Epee-Greatsword-Elden-Ring.jpg","width":500,"height":500,"caption":"Ep\u00e9e Greatsword Elden Ring"},{"@type":"BreadcrumbList","@id":"https:\/\/repliquemangacine.fr\/elden-ring\/epee-greatsword-elden-ring\/#breadcrumb","itemListElement":[{"@type":"ListItem","position":1,"name":"Accueil","item":"https:\/\/repliquemangacine.fr\/"},{"@type":"ListItem","position":2,"name":"Produits","item":"https:\/\/repliquemangacine.fr\/boutique\/"},{"@type":"ListItem","position":3,"name":"Ep\u00e9e Greatsword Elden Ring"}]},{"@type":"WebSite","@id":"https:\/\/repliquemangacine.fr\/#website","url":"https:\/\/repliquemangacine.fr\/","name":"R\u00e9plique Manga Cin\u00e9","description":"","publisher":{"@id":"https:\/\/repliquemangacine.fr\/#organization"},"potentialAction":[{"@type":"SearchAction","target":{"@type":"EntryPoint","urlTemplate":"https:\/\/repliquemangacine.fr\/?s={search_term_string}"},"query-input":{"@type":"PropertyValueSpecification","valueRequired":true,"valueName":"search_term_string"}}],"inLanguage":"es"},{"@type":"Organization","@id":"https:\/\/repliquemangacine.fr\/#organization","name":"R\u00e9plique Manga Cin\u00e9","url":"https:\/\/repliquemangacine.fr\/","logo":{"@type":"ImageObject","inLanguage":"es","@id":"https:\/\/repliquemangacine.fr\/#\/schema\/logo\/image\/","url":"https:\/\/repliquemangacine.fr\/wp-content\/uploads\/2023\/10\/RMC-500250.png","contentUrl":"https:\/\/repliquemangacine.fr\/wp-content\/uploads\/2023\/10\/RMC-500250.png","width":500,"height":250,"caption":"R\u00e9plique Manga Cin\u00e9"},"image":{"@id":"https:\/\/repliquemangacine.fr\/#\/schema\/logo\/image\/"},"sameAs":["https:\/\/www.facebook.com\/RepliqueMangaCine","https:\/\/www.instagram.com\/repliquemangacine.fr\/"]}]}},"_links":{"self":[{"href":"https:\/\/repliquemangacine.fr\/es\/wp-json\/wp\/v2\/product\/82266","targetHints":{"allow":["GET"]}}],"collection":[{"href":"https:\/\/repliquemangacine.fr\/es\/wp-json\/wp\/v2\/product"}],"about":[{"href":"https:\/\/repliquemangacine.fr\/es\/wp-json\/wp\/v2\/types\/product"}],"wp:featuredmedia":[{"embeddable":true,"href":"https:\/\/repliquemangacine.fr\/es\/wp-json\/wp\/v2\/media\/82269"}],"wp:attachment":[{"href":"https:\/\/repliquemangacine.fr\/es\/wp-json\/wp\/v2\/media?parent=82266"}],"wp:term":[{"taxonomy":"product_brand","embeddable":true,"href":"https:\/\/repliquemangacine.fr\/es\/wp-json\/wp\/v2\/product_brand?post=82266"},{"taxonomy":"product_cat","embeddable":true,"href":"https:\/\/repliquemangacine.fr\/es\/wp-json\/wp\/v2\/product_cat?post=82266"},{"taxonomy":"product_tag","embeddable":true,"href":"https:\/\/repliquemangacine.fr\/es\/wp-json\/wp\/v2\/product_tag?post=82266"}],"curies":[{"name":"wp","href":"https:\/\/api.w.org\/{rel}","templated":true}]}}