





{"id":82140,"date":"2025-02-16T18:14:54","date_gmt":"2025-02-16T17:14:54","guid":{"rendered":"https:\/\/repliquemangacine.fr\/?post_type=product&#038;p=82140"},"modified":"2025-11-13T14:22:49","modified_gmt":"2025-11-13T13:22:49","slug":"duncan-higlander-katana-v2","status":"publish","type":"product","link":"https:\/\/repliquemangacine.fr\/es\/films-series-tv-vente-de-katana-epee-et-produits-derives\/katana-higlander-de-duncan-v2\/","title":{"rendered":"Katana Highlander por Duncan V2"},"content":{"rendered":"<h2>Katana Highlander de Duncan MacLeod - El arma de un inmortal<\/h2>\n<p>La primera es la Katana Highlander de Duncan MacLeod, una de las armas m\u00e1s emblem\u00e1ticas de la saga. Usada por Duncan, el primo de Connor <a href=\"https:\/\/fr.wikipedia.org\/wiki\/Clan_MacLeod\">MacLeod<\/a>en la serie de televisi\u00f3n. Esta katana se distingue por su elegancia y su fuerte simbolismo. Con su larga y afilada hoja de acero, encarna tanto la tradici\u00f3n japonesa como la fuerza bruta de los inmortales. Su empu\u00f1adura es especialmente reconocible gracias a su mango en forma de drag\u00f3n finamente esculpido. Este detalle \u00fanico la hace reconocible al instante. Heredada de su maestro Hideo Koto, ha acompa\u00f1ado a Duncan en su b\u00fasqueda del honor y la supervivencia a lo largo de los siglos. Le ha permitido derrotar a numerosos adversarios y cosechar su poder despu\u00e9s de cada duelo.<\/p>\n<h2>Una katana con una rica historia y un estilo \u00fanico<\/h2>\n<p>A diferencia de las espadas europeas, que suelen ser macizas y robustas, la katana de Duncan ofrece un enfoque m\u00e1s fluido y refinado del combate. Su hoja, dise\u00f1ada para ataques precisos y r\u00e1pidos, se adapta perfectamente a los duelos entre inmortales. Como resultado, cada golpe asestado con esta katana es una mezcla de gracia y poder, que ilustra el distintivo estilo de lucha de Duncan. Esta herencia samur\u00e1i se ve reforzada por la idea de que s\u00f3lo un verdadero guerrero puede blandir un arma as\u00ed con honor y disciplina. Ya sea en la serie Highlander o en la imaginaci\u00f3n de los fans, esta katana sigue siendo un referente de las armas m\u00edticas en el cine y la televisi\u00f3n.<\/p>\n<h2>Una legendaria katana de colecci\u00f3n<\/h2>\n<p>Si eres un entusiasta de los Highlanders o de las katanas hist\u00f3ricas, esta r\u00e9plica es el complemento perfecto para tu colecci\u00f3n. Con su meticuloso acabado, su empu\u00f1adura de drag\u00f3n esculpida y su afilada hoja. Representa una pieza excepcional para los aficionados a las armas ic\u00f3nicas. Junto a otras espadas legendarias como la <a href=\"https:\/\/repliquemangacine.fr\/es\/katana-y-espada-videojuego-otros-videojuegos\/katana-yamoto-vergil-dmc-devil-my-cry\/\">Katana Vergil Yamato<\/a> (Devil May Cry). Y la Enma katana de Zoro (One Piece). O la <a href=\"https:\/\/repliquemangacine.fr\/es\/katana-de-metal-de-una-pieza\/katana-luminosa-ley-de-trafalgar-una-pieza\/\">Sables de luz inspirados en la Ley de Trafalgar<\/a>, esta katana se impone como una pieza de culto que hay que tener. Tanto si eres coleccionista, cosplayer o simple admirador de la saga Highlander. Esta arma te permitir\u00e1 revivir la intensidad de los combates inmortales y a\u00f1adir un toque m\u00edtico a tu colecci\u00f3n.<\/p>\n<p>En conclusi\u00f3n, solo puede quedar uno... \u00bfSer\u00e1s t\u00fa quien posea esta legendaria katana?<\/p>","protected":false},"excerpt":{"rendered":"<p>Magn\u00edfica r\u00e9plica de la Katana Highlander Duncan inspirada en la serie.<\/p>\n<ul>\n<li>Hoja de acero inoxidable<\/li>\n<li>Mango de resina finamente esculpido<\/li>\n<li>Guarda de acero dorado con forma especial<\/li>\n<li>Pomo de resina con cabeza de serpiente y drag\u00f3n<\/li>\n<li>Vaina de madera lacada en negro con decoraci\u00f3n dorada<\/li>\n<li>Longitud de la hoja: 67 cm - Longitud total: 102 cm<\/li>\n<li>Peso 1035g con funda<\/li>\n<\/ul>","protected":false},"featured_media":82141,"template":"","meta":[],"product_brand":[896],"product_cat":[91,66,24],"product_tag":[],"class_list":{"0":"post-82140","1":"product","2":"type-product","3":"status-publish","4":"has-post-thumbnail","6":"product_brand-replique-manga-cine","7":"product_cat-katana-les-epees-de-films-et-series","8":"product_cat-repliques-d-armes-films-et-series","9":"product_cat-films-series-tv-vente-de-katana-epee-et-produits-derives","11":"first","12":"instock","13":"taxable","14":"shipping-taxable","15":"purchasable","16":"product-type-simple"},"yoast_head":"<!-- This site is optimized with the Yoast SEO plugin v27.4 - https:\/\/yoast.com\/product\/yoast-seo-wordpress\/ -->\n<title>Katana Highlander de Duncan V2 - R\u00e9plique Manga Cin\u00e9<\/title>\n<meta name=\"description\" content=\"Superbe r\u00e9plique du Katana Higlander Duncan. Lame en acier. Poign\u00e9e et pommeau en r\u00e9sine finement travaill\u00e9e. Garde en m\u00e9tal dor\u00e9. Longueur totale 102 cm\" \/>\n<meta name=\"robots\" content=\"index, follow, max-snippet:-1, max-image-preview:large, max-video-preview:-1\" \/>\n<link rel=\"canonical\" href=\"https:\/\/repliquemangacine.fr\/es\/peliculas-series-tv-venta-de-espadas-katana-y-productos-relacionados\/duncan-higlander-katana-v2\/\" \/>\n<meta property=\"og:locale\" content=\"es_ES\" \/>\n<meta property=\"og:type\" content=\"article\" \/>\n<meta property=\"og:title\" content=\"Katana Highlander de Duncan V2 - R\u00e9plique Manga Cin\u00e9\" \/>\n<meta property=\"og:description\" content=\"Superbe r\u00e9plique du Katana Higlander Duncan. Lame en acier. Poign\u00e9e et pommeau en r\u00e9sine finement travaill\u00e9e. Garde en m\u00e9tal dor\u00e9. Longueur totale 102 cm\" \/>\n<meta property=\"og:url\" content=\"https:\/\/repliquemangacine.fr\/es\/peliculas-series-tv-venta-de-espadas-katana-y-productos-relacionados\/duncan-higlander-katana-v2\/\" \/>\n<meta property=\"og:site_name\" content=\"R\u00e9plique Manga Cin\u00e9\" \/>\n<meta property=\"article:publisher\" content=\"https:\/\/www.facebook.com\/RepliqueMangaCine\" \/>\n<meta property=\"article:modified_time\" content=\"2025-11-13T13:22:49+00:00\" \/>\n<meta property=\"og:image\" content=\"https:\/\/repliquemangacine.fr\/wp-content\/uploads\/2025\/02\/Katana-Highlander-Duncan.jpg\" \/>\n\t<meta property=\"og:image:width\" content=\"500\" \/>\n\t<meta property=\"og:image:height\" content=\"500\" \/>\n\t<meta property=\"og:image:type\" content=\"image\/jpeg\" \/>\n<meta name=\"twitter:card\" content=\"summary_large_image\" \/>\n<meta name=\"twitter:label1\" content=\"Tiempo de lectura\" \/>\n\t<meta name=\"twitter:data1\" content=\"3 minutos\" \/>\n<script type=\"application\/ld+json\" class=\"yoast-schema-graph\">{\"@context\":\"https:\\\/\\\/schema.org\",\"@graph\":[{\"@type\":\"WebPage\",\"@id\":\"https:\\\/\\\/repliquemangacine.fr\\\/films-series-tv-vente-de-katana-epee-et-produits-derives\\\/katana-higlander-de-duncan-v2\\\/\",\"url\":\"https:\\\/\\\/repliquemangacine.fr\\\/films-series-tv-vente-de-katana-epee-et-produits-derives\\\/katana-higlander-de-duncan-v2\\\/\",\"name\":\"Katana Highlander de Duncan V2 - R\u00e9plique Manga Cin\u00e9\",\"isPartOf\":{\"@id\":\"https:\\\/\\\/repliquemangacine.fr\\\/#website\"},\"primaryImageOfPage\":{\"@id\":\"https:\\\/\\\/repliquemangacine.fr\\\/films-series-tv-vente-de-katana-epee-et-produits-derives\\\/katana-higlander-de-duncan-v2\\\/#primaryimage\"},\"image\":{\"@id\":\"https:\\\/\\\/repliquemangacine.fr\\\/films-series-tv-vente-de-katana-epee-et-produits-derives\\\/katana-higlander-de-duncan-v2\\\/#primaryimage\"},\"thumbnailUrl\":\"https:\\\/\\\/repliquemangacine.fr\\\/wp-content\\\/uploads\\\/2025\\\/02\\\/Katana-Highlander-Duncan.jpg\",\"datePublished\":\"2025-02-16T17:14:54+00:00\",\"dateModified\":\"2025-11-13T13:22:49+00:00\",\"description\":\"Superbe r\u00e9plique du Katana Higlander Duncan. Lame en acier. Poign\u00e9e et pommeau en r\u00e9sine finement travaill\u00e9e. Garde en m\u00e9tal dor\u00e9. Longueur totale 102 cm\",\"breadcrumb\":{\"@id\":\"https:\\\/\\\/repliquemangacine.fr\\\/films-series-tv-vente-de-katana-epee-et-produits-derives\\\/katana-higlander-de-duncan-v2\\\/#breadcrumb\"},\"inLanguage\":\"es\",\"potentialAction\":[{\"@type\":\"ReadAction\",\"target\":[\"https:\\\/\\\/repliquemangacine.fr\\\/films-series-tv-vente-de-katana-epee-et-produits-derives\\\/katana-higlander-de-duncan-v2\\\/\"]}]},{\"@type\":\"ImageObject\",\"inLanguage\":\"es\",\"@id\":\"https:\\\/\\\/repliquemangacine.fr\\\/films-series-tv-vente-de-katana-epee-et-produits-derives\\\/katana-higlander-de-duncan-v2\\\/#primaryimage\",\"url\":\"https:\\\/\\\/repliquemangacine.fr\\\/wp-content\\\/uploads\\\/2025\\\/02\\\/Katana-Highlander-Duncan.jpg\",\"contentUrl\":\"https:\\\/\\\/repliquemangacine.fr\\\/wp-content\\\/uploads\\\/2025\\\/02\\\/Katana-Highlander-Duncan.jpg\",\"width\":500,\"height\":500,\"caption\":\"Katana Higlander Duncan\"},{\"@type\":\"BreadcrumbList\",\"@id\":\"https:\\\/\\\/repliquemangacine.fr\\\/films-series-tv-vente-de-katana-epee-et-produits-derives\\\/katana-higlander-de-duncan-v2\\\/#breadcrumb\",\"itemListElement\":[{\"@type\":\"ListItem\",\"position\":1,\"name\":\"Accueil\",\"item\":\"https:\\\/\\\/repliquemangacine.fr\\\/\"},{\"@type\":\"ListItem\",\"position\":2,\"name\":\"Produits\",\"item\":\"https:\\\/\\\/repliquemangacine.fr\\\/boutique\\\/\"},{\"@type\":\"ListItem\",\"position\":3,\"name\":\"Katana Highlander de Duncan V2\"}]},{\"@type\":\"WebSite\",\"@id\":\"https:\\\/\\\/repliquemangacine.fr\\\/#website\",\"url\":\"https:\\\/\\\/repliquemangacine.fr\\\/\",\"name\":\"R\u00e9plique Manga Cin\u00e9\",\"description\":\"\",\"publisher\":{\"@id\":\"https:\\\/\\\/repliquemangacine.fr\\\/#organization\"},\"potentialAction\":[{\"@type\":\"SearchAction\",\"target\":{\"@type\":\"EntryPoint\",\"urlTemplate\":\"https:\\\/\\\/repliquemangacine.fr\\\/?s={search_term_string}\"},\"query-input\":{\"@type\":\"PropertyValueSpecification\",\"valueRequired\":true,\"valueName\":\"search_term_string\"}}],\"inLanguage\":\"es\"},{\"@type\":\"Organization\",\"@id\":\"https:\\\/\\\/repliquemangacine.fr\\\/#organization\",\"name\":\"R\u00e9plique Manga Cin\u00e9\",\"url\":\"https:\\\/\\\/repliquemangacine.fr\\\/\",\"logo\":{\"@type\":\"ImageObject\",\"inLanguage\":\"es\",\"@id\":\"https:\\\/\\\/repliquemangacine.fr\\\/#\\\/schema\\\/logo\\\/image\\\/\",\"url\":\"https:\\\/\\\/repliquemangacine.fr\\\/wp-content\\\/uploads\\\/2023\\\/10\\\/RMC-500250.png\",\"contentUrl\":\"https:\\\/\\\/repliquemangacine.fr\\\/wp-content\\\/uploads\\\/2023\\\/10\\\/RMC-500250.png\",\"width\":500,\"height\":250,\"caption\":\"R\u00e9plique Manga Cin\u00e9\"},\"image\":{\"@id\":\"https:\\\/\\\/repliquemangacine.fr\\\/#\\\/schema\\\/logo\\\/image\\\/\"},\"sameAs\":[\"https:\\\/\\\/www.facebook.com\\\/RepliqueMangaCine\",\"https:\\\/\\\/www.instagram.com\\\/repliquemangacine.fr\\\/\"]}]}<\/script>\n<!-- \/ Yoast SEO plugin. -->","yoast_head_json":{"title":"Katana Highlander V2 de Duncan - R\u00e9plique Manga Cin\u00e9","description":"Magn\u00edfica r\u00e9plica de la Katana Higlander Duncan. Hoja de acero. Empu\u00f1adura y pomo de resina finamente trabajada. Guarda de metal dorado. Longitud total 102 cm.","robots":{"index":"index","follow":"follow","max-snippet":"max-snippet:-1","max-image-preview":"max-image-preview:large","max-video-preview":"max-video-preview:-1"},"canonical":"https:\/\/repliquemangacine.fr\/es\/peliculas-series-tv-venta-de-espadas-katana-y-productos-relacionados\/duncan-higlander-katana-v2\/","og_locale":"es_ES","og_type":"article","og_title":"Katana Highlander de Duncan V2 - R\u00e9plique Manga Cin\u00e9","og_description":"Superbe r\u00e9plique du Katana Higlander Duncan. Lame en acier. Poign\u00e9e et pommeau en r\u00e9sine finement travaill\u00e9e. Garde en m\u00e9tal dor\u00e9. Longueur totale 102 cm","og_url":"https:\/\/repliquemangacine.fr\/es\/peliculas-series-tv-venta-de-espadas-katana-y-productos-relacionados\/duncan-higlander-katana-v2\/","og_site_name":"R\u00e9plique Manga Cin\u00e9","article_publisher":"https:\/\/www.facebook.com\/RepliqueMangaCine","article_modified_time":"2025-11-13T13:22:49+00:00","og_image":[{"width":500,"height":500,"url":"https:\/\/repliquemangacine.fr\/wp-content\/uploads\/2025\/02\/Katana-Highlander-Duncan.jpg","type":"image\/jpeg"}],"twitter_card":"summary_large_image","twitter_misc":{"Tiempo de lectura":"3 minutos"},"schema":{"@context":"https:\/\/schema.org","@graph":[{"@type":"WebPage","@id":"https:\/\/repliquemangacine.fr\/films-series-tv-vente-de-katana-epee-et-produits-derives\/katana-higlander-de-duncan-v2\/","url":"https:\/\/repliquemangacine.fr\/films-series-tv-vente-de-katana-epee-et-produits-derives\/katana-higlander-de-duncan-v2\/","name":"Katana Highlander V2 de Duncan - R\u00e9plique Manga Cin\u00e9","isPartOf":{"@id":"https:\/\/repliquemangacine.fr\/#website"},"primaryImageOfPage":{"@id":"https:\/\/repliquemangacine.fr\/films-series-tv-vente-de-katana-epee-et-produits-derives\/katana-higlander-de-duncan-v2\/#primaryimage"},"image":{"@id":"https:\/\/repliquemangacine.fr\/films-series-tv-vente-de-katana-epee-et-produits-derives\/katana-higlander-de-duncan-v2\/#primaryimage"},"thumbnailUrl":"https:\/\/repliquemangacine.fr\/wp-content\/uploads\/2025\/02\/Katana-Highlander-Duncan.jpg","datePublished":"2025-02-16T17:14:54+00:00","dateModified":"2025-11-13T13:22:49+00:00","description":"Magn\u00edfica r\u00e9plica de la Katana Higlander Duncan. Hoja de acero. Empu\u00f1adura y pomo de resina finamente trabajada. Guarda de metal dorado. Longitud total 102 cm.","breadcrumb":{"@id":"https:\/\/repliquemangacine.fr\/films-series-tv-vente-de-katana-epee-et-produits-derives\/katana-higlander-de-duncan-v2\/#breadcrumb"},"inLanguage":"es","potentialAction":[{"@type":"ReadAction","target":["https:\/\/repliquemangacine.fr\/films-series-tv-vente-de-katana-epee-et-produits-derives\/katana-higlander-de-duncan-v2\/"]}]},{"@type":"ImageObject","inLanguage":"es","@id":"https:\/\/repliquemangacine.fr\/films-series-tv-vente-de-katana-epee-et-produits-derives\/katana-higlander-de-duncan-v2\/#primaryimage","url":"https:\/\/repliquemangacine.fr\/wp-content\/uploads\/2025\/02\/Katana-Highlander-Duncan.jpg","contentUrl":"https:\/\/repliquemangacine.fr\/wp-content\/uploads\/2025\/02\/Katana-Highlander-Duncan.jpg","width":500,"height":500,"caption":"Katana Higlander Duncan"},{"@type":"BreadcrumbList","@id":"https:\/\/repliquemangacine.fr\/films-series-tv-vente-de-katana-epee-et-produits-derives\/katana-higlander-de-duncan-v2\/#breadcrumb","itemListElement":[{"@type":"ListItem","position":1,"name":"Accueil","item":"https:\/\/repliquemangacine.fr\/"},{"@type":"ListItem","position":2,"name":"Produits","item":"https:\/\/repliquemangacine.fr\/boutique\/"},{"@type":"ListItem","position":3,"name":"Katana Highlander de Duncan V2"}]},{"@type":"WebSite","@id":"https:\/\/repliquemangacine.fr\/#website","url":"https:\/\/repliquemangacine.fr\/","name":"R\u00e9plique Manga Cin\u00e9","description":"","publisher":{"@id":"https:\/\/repliquemangacine.fr\/#organization"},"potentialAction":[{"@type":"SearchAction","target":{"@type":"EntryPoint","urlTemplate":"https:\/\/repliquemangacine.fr\/?s={search_term_string}"},"query-input":{"@type":"PropertyValueSpecification","valueRequired":true,"valueName":"search_term_string"}}],"inLanguage":"es"},{"@type":"Organization","@id":"https:\/\/repliquemangacine.fr\/#organization","name":"R\u00e9plique Manga Cin\u00e9","url":"https:\/\/repliquemangacine.fr\/","logo":{"@type":"ImageObject","inLanguage":"es","@id":"https:\/\/repliquemangacine.fr\/#\/schema\/logo\/image\/","url":"https:\/\/repliquemangacine.fr\/wp-content\/uploads\/2023\/10\/RMC-500250.png","contentUrl":"https:\/\/repliquemangacine.fr\/wp-content\/uploads\/2023\/10\/RMC-500250.png","width":500,"height":250,"caption":"R\u00e9plique Manga Cin\u00e9"},"image":{"@id":"https:\/\/repliquemangacine.fr\/#\/schema\/logo\/image\/"},"sameAs":["https:\/\/www.facebook.com\/RepliqueMangaCine","https:\/\/www.instagram.com\/repliquemangacine.fr\/"]}]}},"_links":{"self":[{"href":"https:\/\/repliquemangacine.fr\/es\/wp-json\/wp\/v2\/product\/82140","targetHints":{"allow":["GET"]}}],"collection":[{"href":"https:\/\/repliquemangacine.fr\/es\/wp-json\/wp\/v2\/product"}],"about":[{"href":"https:\/\/repliquemangacine.fr\/es\/wp-json\/wp\/v2\/types\/product"}],"wp:featuredmedia":[{"embeddable":true,"href":"https:\/\/repliquemangacine.fr\/es\/wp-json\/wp\/v2\/media\/82141"}],"wp:attachment":[{"href":"https:\/\/repliquemangacine.fr\/es\/wp-json\/wp\/v2\/media?parent=82140"}],"wp:term":[{"taxonomy":"product_brand","embeddable":true,"href":"https:\/\/repliquemangacine.fr\/es\/wp-json\/wp\/v2\/product_brand?post=82140"},{"taxonomy":"product_cat","embeddable":true,"href":"https:\/\/repliquemangacine.fr\/es\/wp-json\/wp\/v2\/product_cat?post=82140"},{"taxonomy":"product_tag","embeddable":true,"href":"https:\/\/repliquemangacine.fr\/es\/wp-json\/wp\/v2\/product_tag?post=82140"}],"curies":[{"name":"wp","href":"https:\/\/api.w.org\/{rel}","templated":true}]}}