





{"id":82132,"date":"2025-02-16T16:44:52","date_gmt":"2025-02-16T15:44:52","guid":{"rendered":"https:\/\/repliquemangacine.fr\/?post_type=product&#038;p=82132"},"modified":"2025-11-13T14:23:43","modified_gmt":"2025-11-13T13:23:43","slug":"daga-espada-roja-reina-nero-diablo-mi-grito","status":"publish","type":"product","link":"https:\/\/repliquemangacine.fr\/es\/katana-et-epee-de-jeux-video-autre-jeux-video\/dague-epee-red-queen-nero-devil-my-cry\/","title":{"rendered":"Daga espada Red Queen Nero - Devil My Cry"},"content":{"rendered":"<h2>Daga-espada de la Reina Roja - El poder de Ner\u00f3n en formato compacto<\/h2>\n<p>Descubra el pu\u00f1al-espada de la Reina Roja, una reproducci\u00f3n excepcional del arma emblem\u00e1tica de Ner\u00f3n en <a href=\"https:\/\/devilmaycrydmc.fandom.com\/fr\/wiki\/Devil_May_Cry\" target=\"_blank\" rel=\"noopener noreferrer\">Devil May Cry<\/a>. Inspirada en el imponente dise\u00f1o de la espada Reina Roja, esta versi\u00f3n m\u00e1s compacta conserva todo el estilo y la agresividad del arma original. Con su hoja de metal finamente trabajada y decorada. Con su detallada empu\u00f1adura y su sistema de gatillo que imita al famoso Exceed, se trata de una aut\u00e9ntica pieza de coleccionista. Tanto si eres un fan de Devil May Cry como un amante de las hojas finas. Esta daga-espada es ideal para exposiciones, cosplay o simplemente para a\u00f1adir a tu colecci\u00f3n de armas de videojuegos. Gracias a su formato m\u00e1s manejable, te permite disfrutar de la cruda esencia de Red Queen sin el bulto de una enorme espada.<\/p>\n<h2>Dise\u00f1o inspirado en Exceed: una daga \u00fanica y poderosa<\/h2>\n<p>El sistema Exceed de la espada Red Queen es una de las caracter\u00edsticas m\u00e1s destacadas de Devil May Cry. Esta daga-espada reproduce fielmente este elemento distintivo. Gracias a su guarda dise\u00f1ada como el manillar de una motocicleta, recuerda inmediatamente al arma original de Nero, que le permite infligir ataques superpoderosos en el juego.<\/p>\n<p>Su dise\u00f1o futurista y brutal le confiere una presencia \u00fanica que lo convierte en mucho m\u00e1s que un simple cuchillo de colecci\u00f3n. Con detalles precisos y un acabado cuidado, esta r\u00e9plica de la Red Queen en versi\u00f3n daga-espada es una oportunidad \u00fanica para todos los fans de la saga. \u00a1A\u00f1\u00e1dela ahora mismo a tu colecci\u00f3n y encarna a Nero con estilo y poder!<\/p>\n<h2>Las otras armas ic\u00f3nicas de Devil May Cry - Yamato, Rebellion y la Espada del Diablo<\/h2>\n<p>Si eres fan de Devil May Cry, no querr\u00e1s perderte las otras armas legendarias de la saga. En primer lugar, la<a href=\"https:\/\/repliquemangacine.fr\/es\/katana-y-espada-videojuego-otros-videojuegos\/katana-vergil-yamato-v2\/\"> Katana Vergil Yamato<\/a>es el ep\u00edtome de la precisi\u00f3n y la elegancia en la lucha con espada. Abre grietas dimensionales para ataques devastadores. Por su parte, <a href=\"https:\/\/repliquemangacine.fr\/es\/katana-y-espada-videojuego-otros-videojuegos\/epee-rebellion-epee-de-dante-devil-may-cry\/\">Rebeli\u00f3n, la enorme espada de Dante<\/a>simboliza su estilo de lucha salvaje y avasallador. Por \u00faltimo, para los amantes de las armas a\u00fan m\u00e1s impresionantes. L'<a href=\"https:\/\/repliquemangacine.fr\/es\/katana-y-espada-videojuego-otros-videojuegos\/epee-du-diable-de-dante-devil-my-cry\/\">La espada del diablo de Dante<\/a>, una de las r\u00e9plicas m\u00e1s impresionantes, que fusiona el poder demon\u00edaco y un dise\u00f1o inimitable. Tanto si eres coleccionista como aficionado al cosplay, estas armas m\u00edticas est\u00e1n disponibles en nuestra tienda para que puedas revivir las batallas m\u00e1s \u00e9picas de Devil May Cry.<\/p>\n<p>Para terminar, \u00a1no pierdas la oportunidad de conseguir estas r\u00e9plicas excepcionales y sum\u00e9rgete en el brutal y elegante universo de DMC!<\/p>","protected":false},"excerpt":{"rendered":"<p>Magn\u00edfica r\u00e9plica de la daga espada de Nero en Devil My Cry<\/p>\n<ul>\n<li>Hoja de acero inoxidable 440 decorada<\/li>\n<li>Protector de acero con forma especial<\/li>\n<li>Mango de acero envuelto en imitaci\u00f3n de cuero para un agarre seguro<\/li>\n<li>Se entrega con soporte de madera<\/li>\n<li>Longitud de la hoja: 44,5 cm - Longitud total: 66,5 cm<\/li>\n<li>Peso: 970 g<\/li>\n<\/ul>","protected":false},"featured_media":82133,"template":"","meta":[],"product_brand":[896],"product_cat":[880,67],"product_tag":[],"class_list":{"0":"post-82132","1":"product","2":"type-product","3":"status-publish","4":"has-post-thumbnail","6":"product_brand-replique-manga-cine","7":"product_cat-devil-may-cry","8":"product_cat-katana-et-epee-de-jeux-video-autre-jeux-video","10":"first","11":"instock","12":"taxable","13":"shipping-taxable","14":"purchasable","15":"product-type-simple"},"yoast_head":"<!-- This site is optimized with the Yoast SEO plugin v27.5 - https:\/\/yoast.com\/product\/yoast-seo-wordpress\/ -->\n<title>Dague \u00e9p\u00e9e Red Queen Nero - Devil My Cry - R\u00e9plique Manga Cin\u00e9<\/title>\n<meta name=\"description\" content=\"Superbe Dague \u00e9p\u00e9e Red Queen de Nero inspir\u00e9 e Devil My Cry. Tout en acier. Lame non tranchante d\u00e9cor\u00e9e. Garde sp\u00e9cifique. Livr\u00e9 avec son support. 63,5 cm\" \/>\n<meta name=\"robots\" content=\"index, follow, max-snippet:-1, max-image-preview:large, max-video-preview:-1\" \/>\n<link rel=\"canonical\" href=\"https:\/\/repliquemangacine.fr\/es\/el-diablo-puede-llorar\/daga-espada-roja-reina-nero-diablo-mi-grito\/\" \/>\n<meta property=\"og:locale\" content=\"es_ES\" \/>\n<meta property=\"og:type\" content=\"article\" \/>\n<meta property=\"og:title\" content=\"Dague \u00e9p\u00e9e Red Queen Nero - Devil My Cry - R\u00e9plique Manga Cin\u00e9\" \/>\n<meta property=\"og:description\" content=\"Superbe Dague \u00e9p\u00e9e Red Queen de Nero inspir\u00e9 e Devil My Cry. Tout en acier. Lame non tranchante d\u00e9cor\u00e9e. Garde sp\u00e9cifique. Livr\u00e9 avec son support. 63,5 cm\" \/>\n<meta property=\"og:url\" content=\"https:\/\/repliquemangacine.fr\/es\/el-diablo-puede-llorar\/daga-espada-roja-reina-nero-diablo-mi-grito\/\" \/>\n<meta property=\"og:site_name\" content=\"R\u00e9plique Manga Cin\u00e9\" \/>\n<meta property=\"article:publisher\" content=\"https:\/\/www.facebook.com\/RepliqueMangaCine\" \/>\n<meta property=\"article:modified_time\" content=\"2025-11-13T13:23:43+00:00\" \/>\n<meta property=\"og:image\" content=\"https:\/\/repliquemangacine.fr\/wp-content\/uploads\/2025\/02\/Dague-Nero-Devil-My-Cry-avec-logo.jpg\" \/>\n\t<meta property=\"og:image:width\" content=\"500\" \/>\n\t<meta property=\"og:image:height\" content=\"500\" \/>\n\t<meta property=\"og:image:type\" content=\"image\/jpeg\" \/>\n<meta name=\"twitter:card\" content=\"summary_large_image\" \/>\n<meta name=\"twitter:label1\" content=\"Tiempo de lectura\" \/>\n\t<meta name=\"twitter:data1\" content=\"3 minutos\" \/>\n<script type=\"application\/ld+json\" class=\"yoast-schema-graph\">{\"@context\":\"https:\\\/\\\/schema.org\",\"@graph\":[{\"@type\":\"WebPage\",\"@id\":\"https:\\\/\\\/repliquemangacine.fr\\\/devil-may-cry\\\/dague-epee-red-queen-nero-devil-my-cry\\\/\",\"url\":\"https:\\\/\\\/repliquemangacine.fr\\\/devil-may-cry\\\/dague-epee-red-queen-nero-devil-my-cry\\\/\",\"name\":\"Dague \u00e9p\u00e9e Red Queen Nero - Devil My Cry - R\u00e9plique Manga Cin\u00e9\",\"isPartOf\":{\"@id\":\"https:\\\/\\\/repliquemangacine.fr\\\/#website\"},\"primaryImageOfPage\":{\"@id\":\"https:\\\/\\\/repliquemangacine.fr\\\/devil-may-cry\\\/dague-epee-red-queen-nero-devil-my-cry\\\/#primaryimage\"},\"image\":{\"@id\":\"https:\\\/\\\/repliquemangacine.fr\\\/devil-may-cry\\\/dague-epee-red-queen-nero-devil-my-cry\\\/#primaryimage\"},\"thumbnailUrl\":\"https:\\\/\\\/repliquemangacine.fr\\\/wp-content\\\/uploads\\\/2025\\\/02\\\/Dague-Nero-Devil-My-Cry-avec-logo.jpg\",\"datePublished\":\"2025-02-16T15:44:52+00:00\",\"dateModified\":\"2025-11-13T13:23:43+00:00\",\"description\":\"Superbe Dague \u00e9p\u00e9e Red Queen de Nero inspir\u00e9 e Devil My Cry. Tout en acier. Lame non tranchante d\u00e9cor\u00e9e. Garde sp\u00e9cifique. Livr\u00e9 avec son support. 63,5 cm\",\"breadcrumb\":{\"@id\":\"https:\\\/\\\/repliquemangacine.fr\\\/devil-may-cry\\\/dague-epee-red-queen-nero-devil-my-cry\\\/#breadcrumb\"},\"inLanguage\":\"es\",\"potentialAction\":[{\"@type\":\"ReadAction\",\"target\":[\"https:\\\/\\\/repliquemangacine.fr\\\/devil-may-cry\\\/dague-epee-red-queen-nero-devil-my-cry\\\/\"]}]},{\"@type\":\"ImageObject\",\"inLanguage\":\"es\",\"@id\":\"https:\\\/\\\/repliquemangacine.fr\\\/devil-may-cry\\\/dague-epee-red-queen-nero-devil-my-cry\\\/#primaryimage\",\"url\":\"https:\\\/\\\/repliquemangacine.fr\\\/wp-content\\\/uploads\\\/2025\\\/02\\\/Dague-Nero-Devil-My-Cry-avec-logo.jpg\",\"contentUrl\":\"https:\\\/\\\/repliquemangacine.fr\\\/wp-content\\\/uploads\\\/2025\\\/02\\\/Dague-Nero-Devil-My-Cry-avec-logo.jpg\",\"width\":500,\"height\":500,\"caption\":\"Dague \u00e9p\u00e9e Red Queen de Nero dans Devil My Cry\"},{\"@type\":\"BreadcrumbList\",\"@id\":\"https:\\\/\\\/repliquemangacine.fr\\\/devil-may-cry\\\/dague-epee-red-queen-nero-devil-my-cry\\\/#breadcrumb\",\"itemListElement\":[{\"@type\":\"ListItem\",\"position\":1,\"name\":\"Accueil\",\"item\":\"https:\\\/\\\/repliquemangacine.fr\\\/\"},{\"@type\":\"ListItem\",\"position\":2,\"name\":\"Produits\",\"item\":\"https:\\\/\\\/repliquemangacine.fr\\\/boutique\\\/\"},{\"@type\":\"ListItem\",\"position\":3,\"name\":\"Dague \u00e9p\u00e9e Red Queen Nero &#8211; Devil My Cry\"}]},{\"@type\":\"WebSite\",\"@id\":\"https:\\\/\\\/repliquemangacine.fr\\\/#website\",\"url\":\"https:\\\/\\\/repliquemangacine.fr\\\/\",\"name\":\"R\u00e9plique Manga Cin\u00e9\",\"description\":\"\",\"publisher\":{\"@id\":\"https:\\\/\\\/repliquemangacine.fr\\\/#organization\"},\"potentialAction\":[{\"@type\":\"SearchAction\",\"target\":{\"@type\":\"EntryPoint\",\"urlTemplate\":\"https:\\\/\\\/repliquemangacine.fr\\\/?s={search_term_string}\"},\"query-input\":{\"@type\":\"PropertyValueSpecification\",\"valueRequired\":true,\"valueName\":\"search_term_string\"}}],\"inLanguage\":\"es\"},{\"@type\":\"Organization\",\"@id\":\"https:\\\/\\\/repliquemangacine.fr\\\/#organization\",\"name\":\"R\u00e9plique Manga Cin\u00e9\",\"url\":\"https:\\\/\\\/repliquemangacine.fr\\\/\",\"logo\":{\"@type\":\"ImageObject\",\"inLanguage\":\"es\",\"@id\":\"https:\\\/\\\/repliquemangacine.fr\\\/#\\\/schema\\\/logo\\\/image\\\/\",\"url\":\"https:\\\/\\\/repliquemangacine.fr\\\/wp-content\\\/uploads\\\/2023\\\/10\\\/RMC-500250.png\",\"contentUrl\":\"https:\\\/\\\/repliquemangacine.fr\\\/wp-content\\\/uploads\\\/2023\\\/10\\\/RMC-500250.png\",\"width\":500,\"height\":250,\"caption\":\"R\u00e9plique Manga Cin\u00e9\"},\"image\":{\"@id\":\"https:\\\/\\\/repliquemangacine.fr\\\/#\\\/schema\\\/logo\\\/image\\\/\"},\"sameAs\":[\"https:\\\/\\\/www.facebook.com\\\/RepliqueMangaCine\",\"https:\\\/\\\/www.instagram.com\\\/repliquemangacine.fr\\\/\"]}]}<\/script>\n<!-- \/ Yoast SEO plugin. -->","yoast_head_json":{"title":"Daga espada Red Queen Nero - Devil My Cry - R\u00e9plique Manga Cin\u00e9","description":"Magn\u00edfica daga espada Red Queen de Nero inspirada en Devil My Cry. Todo de acero. Hoja decorada sin filo. Guarda especial. Se entrega con su soporte. 63,5 cm","robots":{"index":"index","follow":"follow","max-snippet":"max-snippet:-1","max-image-preview":"max-image-preview:large","max-video-preview":"max-video-preview:-1"},"canonical":"https:\/\/repliquemangacine.fr\/es\/el-diablo-puede-llorar\/daga-espada-roja-reina-nero-diablo-mi-grito\/","og_locale":"es_ES","og_type":"article","og_title":"Dague \u00e9p\u00e9e Red Queen Nero - Devil My Cry - R\u00e9plique Manga Cin\u00e9","og_description":"Superbe Dague \u00e9p\u00e9e Red Queen de Nero inspir\u00e9 e Devil My Cry. Tout en acier. Lame non tranchante d\u00e9cor\u00e9e. Garde sp\u00e9cifique. Livr\u00e9 avec son support. 63,5 cm","og_url":"https:\/\/repliquemangacine.fr\/es\/el-diablo-puede-llorar\/daga-espada-roja-reina-nero-diablo-mi-grito\/","og_site_name":"R\u00e9plique Manga Cin\u00e9","article_publisher":"https:\/\/www.facebook.com\/RepliqueMangaCine","article_modified_time":"2025-11-13T13:23:43+00:00","og_image":[{"width":500,"height":500,"url":"https:\/\/repliquemangacine.fr\/wp-content\/uploads\/2025\/02\/Dague-Nero-Devil-My-Cry-avec-logo.jpg","type":"image\/jpeg"}],"twitter_card":"summary_large_image","twitter_misc":{"Tiempo de lectura":"3 minutos"},"schema":{"@context":"https:\/\/schema.org","@graph":[{"@type":"WebPage","@id":"https:\/\/repliquemangacine.fr\/devil-may-cry\/dague-epee-red-queen-nero-devil-my-cry\/","url":"https:\/\/repliquemangacine.fr\/devil-may-cry\/dague-epee-red-queen-nero-devil-my-cry\/","name":"Daga espada Red Queen Nero - Devil My Cry - R\u00e9plique Manga Cin\u00e9","isPartOf":{"@id":"https:\/\/repliquemangacine.fr\/#website"},"primaryImageOfPage":{"@id":"https:\/\/repliquemangacine.fr\/devil-may-cry\/dague-epee-red-queen-nero-devil-my-cry\/#primaryimage"},"image":{"@id":"https:\/\/repliquemangacine.fr\/devil-may-cry\/dague-epee-red-queen-nero-devil-my-cry\/#primaryimage"},"thumbnailUrl":"https:\/\/repliquemangacine.fr\/wp-content\/uploads\/2025\/02\/Dague-Nero-Devil-My-Cry-avec-logo.jpg","datePublished":"2025-02-16T15:44:52+00:00","dateModified":"2025-11-13T13:23:43+00:00","description":"Magn\u00edfica daga espada Red Queen de Nero inspirada en Devil My Cry. Todo de acero. Hoja decorada sin filo. Guarda especial. Se entrega con su soporte. 63,5 cm","breadcrumb":{"@id":"https:\/\/repliquemangacine.fr\/devil-may-cry\/dague-epee-red-queen-nero-devil-my-cry\/#breadcrumb"},"inLanguage":"es","potentialAction":[{"@type":"ReadAction","target":["https:\/\/repliquemangacine.fr\/devil-may-cry\/dague-epee-red-queen-nero-devil-my-cry\/"]}]},{"@type":"ImageObject","inLanguage":"es","@id":"https:\/\/repliquemangacine.fr\/devil-may-cry\/dague-epee-red-queen-nero-devil-my-cry\/#primaryimage","url":"https:\/\/repliquemangacine.fr\/wp-content\/uploads\/2025\/02\/Dague-Nero-Devil-My-Cry-avec-logo.jpg","contentUrl":"https:\/\/repliquemangacine.fr\/wp-content\/uploads\/2025\/02\/Dague-Nero-Devil-My-Cry-avec-logo.jpg","width":500,"height":500,"caption":"Dague \u00e9p\u00e9e Red Queen de Nero dans Devil My Cry"},{"@type":"BreadcrumbList","@id":"https:\/\/repliquemangacine.fr\/devil-may-cry\/dague-epee-red-queen-nero-devil-my-cry\/#breadcrumb","itemListElement":[{"@type":"ListItem","position":1,"name":"Accueil","item":"https:\/\/repliquemangacine.fr\/"},{"@type":"ListItem","position":2,"name":"Produits","item":"https:\/\/repliquemangacine.fr\/boutique\/"},{"@type":"ListItem","position":3,"name":"Dague \u00e9p\u00e9e Red Queen Nero &#8211; Devil My Cry"}]},{"@type":"WebSite","@id":"https:\/\/repliquemangacine.fr\/#website","url":"https:\/\/repliquemangacine.fr\/","name":"R\u00e9plique Manga Cin\u00e9","description":"","publisher":{"@id":"https:\/\/repliquemangacine.fr\/#organization"},"potentialAction":[{"@type":"SearchAction","target":{"@type":"EntryPoint","urlTemplate":"https:\/\/repliquemangacine.fr\/?s={search_term_string}"},"query-input":{"@type":"PropertyValueSpecification","valueRequired":true,"valueName":"search_term_string"}}],"inLanguage":"es"},{"@type":"Organization","@id":"https:\/\/repliquemangacine.fr\/#organization","name":"R\u00e9plique Manga Cin\u00e9","url":"https:\/\/repliquemangacine.fr\/","logo":{"@type":"ImageObject","inLanguage":"es","@id":"https:\/\/repliquemangacine.fr\/#\/schema\/logo\/image\/","url":"https:\/\/repliquemangacine.fr\/wp-content\/uploads\/2023\/10\/RMC-500250.png","contentUrl":"https:\/\/repliquemangacine.fr\/wp-content\/uploads\/2023\/10\/RMC-500250.png","width":500,"height":250,"caption":"R\u00e9plique Manga Cin\u00e9"},"image":{"@id":"https:\/\/repliquemangacine.fr\/#\/schema\/logo\/image\/"},"sameAs":["https:\/\/www.facebook.com\/RepliqueMangaCine","https:\/\/www.instagram.com\/repliquemangacine.fr\/"]}]}},"_links":{"self":[{"href":"https:\/\/repliquemangacine.fr\/es\/wp-json\/wp\/v2\/product\/82132","targetHints":{"allow":["GET"]}}],"collection":[{"href":"https:\/\/repliquemangacine.fr\/es\/wp-json\/wp\/v2\/product"}],"about":[{"href":"https:\/\/repliquemangacine.fr\/es\/wp-json\/wp\/v2\/types\/product"}],"wp:featuredmedia":[{"embeddable":true,"href":"https:\/\/repliquemangacine.fr\/es\/wp-json\/wp\/v2\/media\/82133"}],"wp:attachment":[{"href":"https:\/\/repliquemangacine.fr\/es\/wp-json\/wp\/v2\/media?parent=82132"}],"wp:term":[{"taxonomy":"product_brand","embeddable":true,"href":"https:\/\/repliquemangacine.fr\/es\/wp-json\/wp\/v2\/product_brand?post=82132"},{"taxonomy":"product_cat","embeddable":true,"href":"https:\/\/repliquemangacine.fr\/es\/wp-json\/wp\/v2\/product_cat?post=82132"},{"taxonomy":"product_tag","embeddable":true,"href":"https:\/\/repliquemangacine.fr\/es\/wp-json\/wp\/v2\/product_tag?post=82132"}],"curies":[{"name":"wp","href":"https:\/\/api.w.org\/{rel}","templated":true}]}}