





{"id":82124,"date":"2025-02-16T15:33:30","date_gmt":"2025-02-16T14:33:30","guid":{"rendered":"https:\/\/repliquemangacine.fr\/?post_type=product&#038;p=82124"},"modified":"2026-03-23T19:07:02","modified_gmt":"2026-03-23T18:07:02","slug":"espada-fusion-nube-multiblade-buster-espada-final-fantasy-vii","status":"publish","type":"product","link":"https:\/\/repliquemangacine.fr\/es\/katana-et-epee-de-jeux-video-autre-jeux-video\/epee-de-fusion-cloud-multiblade-buster-sword-final-fantasy-vii\/","title":{"rendered":"Espada de fusi\u00f3n Cloud Strife - Multiblade Buster Sword"},"content":{"rendered":"<h2>La espada de fusi\u00f3n de Cloud Strife - Un arma legendaria de Final Fantasy<\/h2>\n<p>Para empezar, la Espada de Fusi\u00f3n de Cloud Strife, vista en <a href=\"https:\/\/finalfantasy.fandom.com\/fr\/wiki\/Final_Fantasy_VII\" target=\"_blank\" rel=\"noopener noreferrer\">Final Fantasy VII<\/a>: Advent Children. Una versi\u00f3n mejorada y espectacular de la famosa Buster Sword. Compuesta por seis hojas distintas (multiblade), se puede ensamblar en una sola arma masiva. Adem\u00e1s, se puede utilizar en diferentes configuraciones para un estilo de combate ultradin\u00e1mico.<\/p>\n<p>Cloud maneja esta espada con una agilidad impresionante. Con ella lanza r\u00e1pidos ataques contra sus adversarios, especialmente en su m\u00edtico enfrentamiento con Sephiroth. Su dise\u00f1o, a la vez brutal y mec\u00e1nico, la convierte en una pieza ic\u00f3nica, muy apreciada por los fans de la saga.<\/p>\n<p>Esta r\u00e9plica fiel al arma del juego es imprescindible para todos los fans de Final Fantasy.<\/p>\n<h2>Cloud Strife - H\u00e9roe decidido y guerrero excepcional<\/h2>\n<p>Cloud Strife es el personaje principal de Final Fantasy VII, un antiguo SOLDADO convertido en mercenario, conocido por su emblem\u00e1tico aspecto y su incre\u00edble fuerza en combate. Dotado de una personalidad atormentada, a lo largo de la historia se convierte en un valiente l\u00edder dispuesto a enfrentarse a Shinra y Sephiroth para proteger el planeta.<\/p>\n<p>Su Espada de Fusi\u00f3n simboliza a la perfecci\u00f3n su estilo de lucha \u00fanico: potente, r\u00e1pido y estrat\u00e9gico. Con esta arma, demuestra que ya no es solo un guerrero solitario, sino un aut\u00e9ntico h\u00e9roe dispuesto a todo para salvar a sus seres queridos. Su carisma y sus espectaculares t\u00e9cnicas lo convierten en uno de los personajes m\u00e1s emblem\u00e1ticos de los videojuegos.<\/p>\n<h2>Otras armas legendarias por descubrir en R\u00e9plique Manga Cin\u00e9<\/h2>\n<p>Si la Espada de Fusi\u00f3n de Nube te impresiona, te encantar\u00e1n las otras armas legendarias disponibles en nuestro sitio. Sum\u00e9rgete en el mundo de Warcraft con <a href=\"https:\/\/repliquemangacine.fr\/es\/espadas-de-world-of-warcraft\/frostmourne-deuillegivre-espada-espada-del-rey-lich\/\">Frostmourne<\/a>la espada maldita del Rey Ex\u00e1nime. Tambi\u00e9n puedes jugar como Kratos con la <a href=\"https:\/\/repliquemangacine.fr\/es\/katana-y-espada-videojuego-otros-videojuegos\/kratos-hacha-dios-de-la-guerra\/\">Hacha Leviat\u00e1n de God of War<\/a>una temible arma n\u00f3rdica. Los fans de Devil May Cry tambi\u00e9n estar\u00e1n encantados de dar la bienvenida de nuevo al<a href=\"https:\/\/repliquemangacine.fr\/es\/katana-y-espada-videojuego-otros-videojuegos\/epee-du-diable-de-dante-devil-my-cry\/\">La espada del diablo de Dante<\/a>, un arma demon\u00edaca con poderes sobrehumanos.<\/p>\n<p>Tanto si eres coleccionista, cosplayer o apasionado de las armas m\u00edticas, nuestra selecci\u00f3n te garantiza piezas excepcionales para exponer o manejar y revivir as\u00ed los combates m\u00e1s \u00e9picos de la cultura pop.<\/p>\n<p>En conclusi\u00f3n, \u00a1no pierdas la oportunidad de adquirir estas r\u00e9plicas excepcionales y a\u00f1adir un toque \u00e9pico a tu colecci\u00f3n!<\/p>","protected":false},"excerpt":{"rendered":"<p>La impresionante espada de fusi\u00f3n de Cloud Strife en Final Fantasy VII: Advent Children<\/p>\n<ul>\n<li>Todo de acero<\/li>\n<li>Compuesta por 6 hojas separadas que pueden ensamblarse en una sola espada enorme que recuerda a la Buster Sword.<\/li>\n<li>Desmonte o monte seg\u00fan sus necesidades.<\/li>\n<li>Una versi\u00f3n m\u00e1s t\u00e9cnica y avanzada de la Buster Sword.<\/li>\n<li>Instrucciones de montaje y desmontaje<\/li>\n<li>Longitud hoja montada: 81 cm - Longitud total: 110,5 cm<\/li>\n<li>Peso: 4500g<\/li>\n<\/ul>","protected":false},"featured_media":82125,"template":"","meta":[],"product_brand":[896],"product_cat":[1012,67],"product_tag":[],"class_list":{"0":"post-82124","1":"product","2":"type-product","3":"status-publish","4":"has-post-thumbnail","6":"product_brand-replique-manga-cine","7":"product_cat-final-fantasy-repliques-final-fantasy","8":"product_cat-katana-et-epee-de-jeux-video-autre-jeux-video","10":"first","11":"instock","12":"sale","13":"taxable","14":"shipping-taxable","15":"purchasable","16":"product-type-simple"},"yoast_head":"<!-- This site is optimized with the Yoast SEO plugin v27.4 - https:\/\/yoast.com\/product\/yoast-seo-wordpress\/ -->\n<title>\u00c9p\u00e9e de fusion Cloud Strife - Multiblade Buster Sword - FF7 | RMC<\/title>\n<meta name=\"description\" content=\"Impressionnante cette \u00c9p\u00e9e de fusion de Cloud Strife dans Final Fantasy VII. Multiblade compos\u00e9e de 6 lames distinctes qui s&#039;assemblent. Tout en acier\" \/>\n<meta name=\"robots\" content=\"index, follow, max-snippet:-1, max-image-preview:large, max-video-preview:-1\" \/>\n<link rel=\"canonical\" href=\"https:\/\/repliquemangacine.fr\/es\/katana-y-espada-videojuego-otros-videojuegos\/espada-fusion-nube-multiblade-buster-espada-final-fantasy-vii\/\" \/>\n<meta property=\"og:locale\" content=\"es_ES\" \/>\n<meta property=\"og:type\" content=\"article\" \/>\n<meta property=\"og:title\" content=\"\u00c9p\u00e9e de fusion Cloud Strife - Multiblade Buster Sword - FF7 | RMC\" \/>\n<meta property=\"og:description\" content=\"Impressionnante cette \u00c9p\u00e9e de fusion de Cloud Strife dans Final Fantasy VII. Multiblade compos\u00e9e de 6 lames distinctes qui s&#039;assemblent. Tout en acier\" \/>\n<meta property=\"og:url\" content=\"https:\/\/repliquemangacine.fr\/es\/katana-y-espada-videojuego-otros-videojuegos\/espada-fusion-nube-multiblade-buster-espada-final-fantasy-vii\/\" \/>\n<meta property=\"og:site_name\" content=\"R\u00e9plique Manga Cin\u00e9\" \/>\n<meta property=\"article:publisher\" content=\"https:\/\/www.facebook.com\/RepliqueMangaCine\" \/>\n<meta property=\"article:modified_time\" content=\"2026-03-23T18:07:02+00:00\" \/>\n<meta property=\"og:image\" content=\"https:\/\/repliquemangacine.fr\/wp-content\/uploads\/2025\/02\/Epee-de-Fusion-Cloud-FF7.jpg\" \/>\n\t<meta property=\"og:image:width\" content=\"500\" \/>\n\t<meta property=\"og:image:height\" content=\"500\" \/>\n\t<meta property=\"og:image:type\" content=\"image\/jpeg\" \/>\n<meta name=\"twitter:card\" content=\"summary_large_image\" \/>\n<meta name=\"twitter:label1\" content=\"Tiempo de lectura\" \/>\n\t<meta name=\"twitter:data1\" content=\"3 minutos\" \/>\n<script type=\"application\/ld+json\" class=\"yoast-schema-graph\">{\"@context\":\"https:\\\/\\\/schema.org\",\"@graph\":[{\"@type\":\"WebPage\",\"@id\":\"https:\\\/\\\/repliquemangacine.fr\\\/katana-et-epee-de-jeux-video-autre-jeux-video\\\/epee-de-fusion-cloud-multiblade-buster-sword-final-fantasy-vii\\\/\",\"url\":\"https:\\\/\\\/repliquemangacine.fr\\\/katana-et-epee-de-jeux-video-autre-jeux-video\\\/epee-de-fusion-cloud-multiblade-buster-sword-final-fantasy-vii\\\/\",\"name\":\"\u00c9p\u00e9e de fusion Cloud Strife - Multiblade Buster Sword - FF7 | RMC\",\"isPartOf\":{\"@id\":\"https:\\\/\\\/repliquemangacine.fr\\\/#website\"},\"primaryImageOfPage\":{\"@id\":\"https:\\\/\\\/repliquemangacine.fr\\\/katana-et-epee-de-jeux-video-autre-jeux-video\\\/epee-de-fusion-cloud-multiblade-buster-sword-final-fantasy-vii\\\/#primaryimage\"},\"image\":{\"@id\":\"https:\\\/\\\/repliquemangacine.fr\\\/katana-et-epee-de-jeux-video-autre-jeux-video\\\/epee-de-fusion-cloud-multiblade-buster-sword-final-fantasy-vii\\\/#primaryimage\"},\"thumbnailUrl\":\"https:\\\/\\\/repliquemangacine.fr\\\/wp-content\\\/uploads\\\/2025\\\/02\\\/Epee-de-Fusion-Cloud-FF7.jpg\",\"datePublished\":\"2025-02-16T14:33:30+00:00\",\"dateModified\":\"2026-03-23T18:07:02+00:00\",\"description\":\"Impressionnante cette \u00c9p\u00e9e de fusion de Cloud Strife dans Final Fantasy VII. Multiblade compos\u00e9e de 6 lames distinctes qui s'assemblent. Tout en acier\",\"breadcrumb\":{\"@id\":\"https:\\\/\\\/repliquemangacine.fr\\\/katana-et-epee-de-jeux-video-autre-jeux-video\\\/epee-de-fusion-cloud-multiblade-buster-sword-final-fantasy-vii\\\/#breadcrumb\"},\"inLanguage\":\"es\",\"potentialAction\":[{\"@type\":\"ReadAction\",\"target\":[\"https:\\\/\\\/repliquemangacine.fr\\\/katana-et-epee-de-jeux-video-autre-jeux-video\\\/epee-de-fusion-cloud-multiblade-buster-sword-final-fantasy-vii\\\/\"]}]},{\"@type\":\"ImageObject\",\"inLanguage\":\"es\",\"@id\":\"https:\\\/\\\/repliquemangacine.fr\\\/katana-et-epee-de-jeux-video-autre-jeux-video\\\/epee-de-fusion-cloud-multiblade-buster-sword-final-fantasy-vii\\\/#primaryimage\",\"url\":\"https:\\\/\\\/repliquemangacine.fr\\\/wp-content\\\/uploads\\\/2025\\\/02\\\/Epee-de-Fusion-Cloud-FF7.jpg\",\"contentUrl\":\"https:\\\/\\\/repliquemangacine.fr\\\/wp-content\\\/uploads\\\/2025\\\/02\\\/Epee-de-Fusion-Cloud-FF7.jpg\",\"width\":500,\"height\":500,\"caption\":\"Ep\u00e9e de fusion Cloud-Final Fantasy VII\"},{\"@type\":\"BreadcrumbList\",\"@id\":\"https:\\\/\\\/repliquemangacine.fr\\\/katana-et-epee-de-jeux-video-autre-jeux-video\\\/epee-de-fusion-cloud-multiblade-buster-sword-final-fantasy-vii\\\/#breadcrumb\",\"itemListElement\":[{\"@type\":\"ListItem\",\"position\":1,\"name\":\"Accueil\",\"item\":\"https:\\\/\\\/repliquemangacine.fr\\\/\"},{\"@type\":\"ListItem\",\"position\":2,\"name\":\"Produits\",\"item\":\"https:\\\/\\\/repliquemangacine.fr\\\/boutique\\\/\"},{\"@type\":\"ListItem\",\"position\":3,\"name\":\"\u00c9p\u00e9e de fusion Cloud Strife &#8211; Multiblade Buster Sword\"}]},{\"@type\":\"WebSite\",\"@id\":\"https:\\\/\\\/repliquemangacine.fr\\\/#website\",\"url\":\"https:\\\/\\\/repliquemangacine.fr\\\/\",\"name\":\"R\u00e9plique Manga Cin\u00e9\",\"description\":\"\",\"publisher\":{\"@id\":\"https:\\\/\\\/repliquemangacine.fr\\\/#organization\"},\"potentialAction\":[{\"@type\":\"SearchAction\",\"target\":{\"@type\":\"EntryPoint\",\"urlTemplate\":\"https:\\\/\\\/repliquemangacine.fr\\\/?s={search_term_string}\"},\"query-input\":{\"@type\":\"PropertyValueSpecification\",\"valueRequired\":true,\"valueName\":\"search_term_string\"}}],\"inLanguage\":\"es\"},{\"@type\":\"Organization\",\"@id\":\"https:\\\/\\\/repliquemangacine.fr\\\/#organization\",\"name\":\"R\u00e9plique Manga Cin\u00e9\",\"url\":\"https:\\\/\\\/repliquemangacine.fr\\\/\",\"logo\":{\"@type\":\"ImageObject\",\"inLanguage\":\"es\",\"@id\":\"https:\\\/\\\/repliquemangacine.fr\\\/#\\\/schema\\\/logo\\\/image\\\/\",\"url\":\"https:\\\/\\\/repliquemangacine.fr\\\/wp-content\\\/uploads\\\/2023\\\/10\\\/RMC-500250.png\",\"contentUrl\":\"https:\\\/\\\/repliquemangacine.fr\\\/wp-content\\\/uploads\\\/2023\\\/10\\\/RMC-500250.png\",\"width\":500,\"height\":250,\"caption\":\"R\u00e9plique Manga Cin\u00e9\"},\"image\":{\"@id\":\"https:\\\/\\\/repliquemangacine.fr\\\/#\\\/schema\\\/logo\\\/image\\\/\"},\"sameAs\":[\"https:\\\/\\\/www.facebook.com\\\/RepliqueMangaCine\",\"https:\\\/\\\/www.instagram.com\\\/repliquemangacine.fr\\\/\"]}]}<\/script>\n<!-- \/ Yoast SEO plugin. -->","yoast_head_json":{"title":"Fusion Sword Cloud Strife - Espada Buster multihoja - FF7 | RMC","description":"Impresionante espada de fusi\u00f3n de Cloud Strife en Final Fantasy VII. Multihoja compuesta por 6 hojas separadas que encajan entre s\u00ed. Toda de acero","robots":{"index":"index","follow":"follow","max-snippet":"max-snippet:-1","max-image-preview":"max-image-preview:large","max-video-preview":"max-video-preview:-1"},"canonical":"https:\/\/repliquemangacine.fr\/es\/katana-y-espada-videojuego-otros-videojuegos\/espada-fusion-nube-multiblade-buster-espada-final-fantasy-vii\/","og_locale":"es_ES","og_type":"article","og_title":"\u00c9p\u00e9e de fusion Cloud Strife - Multiblade Buster Sword - FF7 | RMC","og_description":"Impressionnante cette \u00c9p\u00e9e de fusion de Cloud Strife dans Final Fantasy VII. Multiblade compos\u00e9e de 6 lames distinctes qui s'assemblent. Tout en acier","og_url":"https:\/\/repliquemangacine.fr\/es\/katana-y-espada-videojuego-otros-videojuegos\/espada-fusion-nube-multiblade-buster-espada-final-fantasy-vii\/","og_site_name":"R\u00e9plique Manga Cin\u00e9","article_publisher":"https:\/\/www.facebook.com\/RepliqueMangaCine","article_modified_time":"2026-03-23T18:07:02+00:00","og_image":[{"width":500,"height":500,"url":"https:\/\/repliquemangacine.fr\/wp-content\/uploads\/2025\/02\/Epee-de-Fusion-Cloud-FF7.jpg","type":"image\/jpeg"}],"twitter_card":"summary_large_image","twitter_misc":{"Tiempo de lectura":"3 minutos"},"schema":{"@context":"https:\/\/schema.org","@graph":[{"@type":"WebPage","@id":"https:\/\/repliquemangacine.fr\/katana-et-epee-de-jeux-video-autre-jeux-video\/epee-de-fusion-cloud-multiblade-buster-sword-final-fantasy-vii\/","url":"https:\/\/repliquemangacine.fr\/katana-et-epee-de-jeux-video-autre-jeux-video\/epee-de-fusion-cloud-multiblade-buster-sword-final-fantasy-vii\/","name":"Fusion Sword Cloud Strife - Espada Buster multihoja - FF7 | RMC","isPartOf":{"@id":"https:\/\/repliquemangacine.fr\/#website"},"primaryImageOfPage":{"@id":"https:\/\/repliquemangacine.fr\/katana-et-epee-de-jeux-video-autre-jeux-video\/epee-de-fusion-cloud-multiblade-buster-sword-final-fantasy-vii\/#primaryimage"},"image":{"@id":"https:\/\/repliquemangacine.fr\/katana-et-epee-de-jeux-video-autre-jeux-video\/epee-de-fusion-cloud-multiblade-buster-sword-final-fantasy-vii\/#primaryimage"},"thumbnailUrl":"https:\/\/repliquemangacine.fr\/wp-content\/uploads\/2025\/02\/Epee-de-Fusion-Cloud-FF7.jpg","datePublished":"2025-02-16T14:33:30+00:00","dateModified":"2026-03-23T18:07:02+00:00","description":"Impresionante espada de fusi\u00f3n de Cloud Strife en Final Fantasy VII. Multihoja compuesta por 6 hojas separadas que encajan entre s\u00ed. Toda de acero","breadcrumb":{"@id":"https:\/\/repliquemangacine.fr\/katana-et-epee-de-jeux-video-autre-jeux-video\/epee-de-fusion-cloud-multiblade-buster-sword-final-fantasy-vii\/#breadcrumb"},"inLanguage":"es","potentialAction":[{"@type":"ReadAction","target":["https:\/\/repliquemangacine.fr\/katana-et-epee-de-jeux-video-autre-jeux-video\/epee-de-fusion-cloud-multiblade-buster-sword-final-fantasy-vii\/"]}]},{"@type":"ImageObject","inLanguage":"es","@id":"https:\/\/repliquemangacine.fr\/katana-et-epee-de-jeux-video-autre-jeux-video\/epee-de-fusion-cloud-multiblade-buster-sword-final-fantasy-vii\/#primaryimage","url":"https:\/\/repliquemangacine.fr\/wp-content\/uploads\/2025\/02\/Epee-de-Fusion-Cloud-FF7.jpg","contentUrl":"https:\/\/repliquemangacine.fr\/wp-content\/uploads\/2025\/02\/Epee-de-Fusion-Cloud-FF7.jpg","width":500,"height":500,"caption":"Ep\u00e9e de fusion Cloud-Final Fantasy VII"},{"@type":"BreadcrumbList","@id":"https:\/\/repliquemangacine.fr\/katana-et-epee-de-jeux-video-autre-jeux-video\/epee-de-fusion-cloud-multiblade-buster-sword-final-fantasy-vii\/#breadcrumb","itemListElement":[{"@type":"ListItem","position":1,"name":"Accueil","item":"https:\/\/repliquemangacine.fr\/"},{"@type":"ListItem","position":2,"name":"Produits","item":"https:\/\/repliquemangacine.fr\/boutique\/"},{"@type":"ListItem","position":3,"name":"\u00c9p\u00e9e de fusion Cloud Strife &#8211; Multiblade Buster Sword"}]},{"@type":"WebSite","@id":"https:\/\/repliquemangacine.fr\/#website","url":"https:\/\/repliquemangacine.fr\/","name":"R\u00e9plique Manga Cin\u00e9","description":"","publisher":{"@id":"https:\/\/repliquemangacine.fr\/#organization"},"potentialAction":[{"@type":"SearchAction","target":{"@type":"EntryPoint","urlTemplate":"https:\/\/repliquemangacine.fr\/?s={search_term_string}"},"query-input":{"@type":"PropertyValueSpecification","valueRequired":true,"valueName":"search_term_string"}}],"inLanguage":"es"},{"@type":"Organization","@id":"https:\/\/repliquemangacine.fr\/#organization","name":"R\u00e9plique Manga Cin\u00e9","url":"https:\/\/repliquemangacine.fr\/","logo":{"@type":"ImageObject","inLanguage":"es","@id":"https:\/\/repliquemangacine.fr\/#\/schema\/logo\/image\/","url":"https:\/\/repliquemangacine.fr\/wp-content\/uploads\/2023\/10\/RMC-500250.png","contentUrl":"https:\/\/repliquemangacine.fr\/wp-content\/uploads\/2023\/10\/RMC-500250.png","width":500,"height":250,"caption":"R\u00e9plique Manga Cin\u00e9"},"image":{"@id":"https:\/\/repliquemangacine.fr\/#\/schema\/logo\/image\/"},"sameAs":["https:\/\/www.facebook.com\/RepliqueMangaCine","https:\/\/www.instagram.com\/repliquemangacine.fr\/"]}]}},"_links":{"self":[{"href":"https:\/\/repliquemangacine.fr\/es\/wp-json\/wp\/v2\/product\/82124","targetHints":{"allow":["GET"]}}],"collection":[{"href":"https:\/\/repliquemangacine.fr\/es\/wp-json\/wp\/v2\/product"}],"about":[{"href":"https:\/\/repliquemangacine.fr\/es\/wp-json\/wp\/v2\/types\/product"}],"wp:featuredmedia":[{"embeddable":true,"href":"https:\/\/repliquemangacine.fr\/es\/wp-json\/wp\/v2\/media\/82125"}],"wp:attachment":[{"href":"https:\/\/repliquemangacine.fr\/es\/wp-json\/wp\/v2\/media?parent=82124"}],"wp:term":[{"taxonomy":"product_brand","embeddable":true,"href":"https:\/\/repliquemangacine.fr\/es\/wp-json\/wp\/v2\/product_brand?post=82124"},{"taxonomy":"product_cat","embeddable":true,"href":"https:\/\/repliquemangacine.fr\/es\/wp-json\/wp\/v2\/product_cat?post=82124"},{"taxonomy":"product_tag","embeddable":true,"href":"https:\/\/repliquemangacine.fr\/es\/wp-json\/wp\/v2\/product_tag?post=82124"}],"curies":[{"name":"wp","href":"https:\/\/api.w.org\/{rel}","templated":true}]}}