





{"id":81554,"date":"2025-01-26T18:41:31","date_gmt":"2025-01-26T17:41:31","guid":{"rendered":"https:\/\/repliquemangacine.fr\/?post_type=product&#038;p=81554"},"modified":"2025-12-12T16:40:08","modified_gmt":"2025-12-12T15:40:08","slug":"katana-cortante-highlander","status":"publish","type":"product","link":"https:\/\/repliquemangacine.fr\/es\/katana-forge\/katana-coupant-highlander\/","title":{"rendered":"Katana cortante Highlander"},"content":{"rendered":"<h2>Katana de corte Highlander: Hoja legendaria e ic\u00f3nica<\/h2>\n<p>En primer lugar, la katana Highlander, una espada legendaria y emblem\u00e1tica, arma de Connor MacLeod. Una katana excepcional, que se distingue de las espadas tradicionales por su mango de marfil tallado en forma de drag\u00f3n. Esta espada le fue regalada por su mentor, Juan S\u00e1nchez Villa-Lobos Ram\u00edrez (interpretado por Sean Connery). Un inmortal egipcio al servicio del rey de Espa\u00f1a.<\/p>\n<p>Connor MacLeod, protagonista emblem\u00e1tico de la pel\u00edcula Highlander (1986), interpretado por Christopher Lambert. Guerrero inmortal de origen escoc\u00e9s, nacido en el siglo XVI. Descubre su inmortalidad tras sobrevivir a una herida mortal durante una batalla. A partir de entonces, se convierte en el objetivo de otros inmortales, todos ellos inmersos en una lucha sin fin llamada \u201cEl Juego\u201d, en la que solo puede quedar uno.<\/p>\n<h2>Katana Cortante Highlander : Hojas legendarias para guerreros inmortales<\/h2>\n<p>Sum\u00e9rjase en el m\u00edtico mundo de Highlander con nuestras excepcionales r\u00e9plicas de katanas inspiradas en la saga de culto. Tanto si es un coleccionista apasionado como un entusiasta de las armas, nuestros modelos combinan autenticidad, calidad y potencia, igual que los inmortales de la pel\u00edcula. Descubra las <a href=\"https:\/\/repliquemangacine.fr\/es\/replicas-de-armas-peliculas-y-series\/katana-duncan-highlander\/\">katana de Duncan MacLeod<\/a>El heredero espiritual de Connor, con una hoja afilada y un dise\u00f1o fiel a la serie. Para los puristas, tambi\u00e9n ofrecemos la<a href=\"https:\/\/repliquemangacine.fr\/es\/espadas-katana-de-peliculas-y-series\/connor-macleod-espada-highlander\/\">La legendaria espada de Connor MacLeod<\/a>dise\u00f1ado por el prestigioso <a href=\"https:\/\/www.marto.es\/index.php\/es\/\" target=\"_blank\" rel=\"noopener noreferrer\">Marto<\/a>c\u00e9lebre por su excepcional fabricaci\u00f3n artesanal. Se entrega con un Certificado de Origen y Calidad, que garantiza una fabricaci\u00f3n de alta gama. Cada katana es una pieza de coleccionista \u00fanica, perfecta para exponer o manejar con respeto. \u00bfCon cu\u00e1l se queda?<\/p>\n<h2>\u00bfC\u00f3mo se mantiene la hoja de la katana?<\/h2>\n<p>En primer lugar, las katanas de colecci\u00f3n y decorativas se fabrican y ensamblan de forma simplificada. Como su uso es decorativo, carecen de las caracter\u00edsticas de seguridad que requiere una espada japonesa destinada al entrenamiento. Sin embargo, la katana de tu Connor en Highlander tiene una hoja de acero que hay que mantener para evitar que se da\u00f1e con el tiempo. De hecho, cuando ense\u00f1es tu katana, tus amigos sentir\u00e1n curiosidad por ver la hoja y tocarla. Aqu\u00ed es donde hay que tener cuidado, porque la acidez de los dedos es muy perjudicial para el acero, sea cual sea su calidad. Sin embargo, si esto ocurre, no te asustes, simplemente utiliza un pa\u00f1o humedecido con un poco de aceite y limpia las huellas de los dedos. Si haces esto, tu espada durar\u00e1 mucho tiempo.<\/p>\n<p>&nbsp;<\/p>","protected":false},"excerpt":{"rendered":"<p>Esta katana de corte Highlander de Connor Mcleod es realmente extraordinaria.<\/p>\n<ul>\n<li>Hoja de acero forjado 1045, alto contenido en carbono.<\/li>\n<li>Hecho a mano<\/li>\n<li>Vaina de madera lacada en rojo con una l\u00ednea negra en los extremos para mayor refinamiento.<\/li>\n<li>Empu\u00f1adura de resina finamente detallada que termina en una cabeza de drag\u00f3n en el pomo.<\/li>\n<li>Protector de acero negro decorado<\/li>\n<li>Se entrega en caja de madera con funda de sat\u00e9n decorada, kit de cuidados y soporte.<\/li>\n<li>Manual de mantenimiento<\/li>\n<li>Longitud de la hoja: 72,5 cm - Longitud total: 106,5 cm y 109,5 cm con vaina<\/li>\n<\/ul>","protected":false},"featured_media":81556,"template":"","meta":[],"product_brand":[896],"product_cat":[91,66,24,38],"product_tag":[],"class_list":{"0":"post-81554","1":"product","2":"type-product","3":"status-publish","4":"has-post-thumbnail","6":"product_brand-replique-manga-cine","7":"product_cat-katana-les-epees-de-films-et-series","8":"product_cat-repliques-d-armes-films-et-series","9":"product_cat-films-series-tv-vente-de-katana-epee-et-produits-derives","10":"product_cat-katana-forge","12":"first","13":"instock","14":"taxable","15":"shipping-taxable","16":"purchasable","17":"product-type-simple"},"yoast_head":"<!-- This site is optimized with the Yoast SEO plugin v27.4 - https:\/\/yoast.com\/product\/yoast-seo-wordpress\/ -->\n<title>Katana coupant Highlander - R\u00e9plique Manga Cin\u00e9<\/title>\n<meta name=\"description\" content=\"En exclusivit\u00e9 ! Retrouvez le Katana coupant Highlander de Connor McLeod. Lame tranchante en acier forg\u00e9 1045, haute teneur en carbone. Fait \u00e0 la main.\" \/>\n<meta name=\"robots\" content=\"index, follow, max-snippet:-1, max-image-preview:large, max-video-preview:-1\" \/>\n<link rel=\"canonical\" href=\"https:\/\/repliquemangacine.fr\/es\/forja-de-katanas\/katana-cortante-highlander\/\" \/>\n<meta property=\"og:locale\" content=\"es_ES\" \/>\n<meta property=\"og:type\" content=\"article\" \/>\n<meta property=\"og:title\" content=\"Katana coupant Highlander - R\u00e9plique Manga Cin\u00e9\" \/>\n<meta property=\"og:description\" content=\"En exclusivit\u00e9 ! Retrouvez le Katana coupant Highlander de Connor McLeod. Lame tranchante en acier forg\u00e9 1045, haute teneur en carbone. Fait \u00e0 la main.\" \/>\n<meta property=\"og:url\" content=\"https:\/\/repliquemangacine.fr\/es\/forja-de-katanas\/katana-cortante-highlander\/\" \/>\n<meta property=\"og:site_name\" content=\"R\u00e9plique Manga Cin\u00e9\" \/>\n<meta property=\"article:publisher\" content=\"https:\/\/www.facebook.com\/RepliqueMangaCine\" \/>\n<meta property=\"article:modified_time\" content=\"2025-12-12T15:40:08+00:00\" \/>\n<meta property=\"og:image\" content=\"https:\/\/repliquemangacine.fr\/wp-content\/uploads\/2025\/01\/Katana-Coupant-Highlander-hors-de-son-fourreau.jpg\" \/>\n\t<meta property=\"og:image:width\" content=\"500\" \/>\n\t<meta property=\"og:image:height\" content=\"500\" \/>\n\t<meta property=\"og:image:type\" content=\"image\/jpeg\" \/>\n<meta name=\"twitter:card\" content=\"summary_large_image\" \/>\n<meta name=\"twitter:label1\" content=\"Tiempo de lectura\" \/>\n\t<meta name=\"twitter:data1\" content=\"3 minutos\" \/>\n<script type=\"application\/ld+json\" class=\"yoast-schema-graph\">{\"@context\":\"https:\\\/\\\/schema.org\",\"@graph\":[{\"@type\":\"WebPage\",\"@id\":\"https:\\\/\\\/repliquemangacine.fr\\\/katana-forge\\\/katana-coupant-highlander\\\/\",\"url\":\"https:\\\/\\\/repliquemangacine.fr\\\/katana-forge\\\/katana-coupant-highlander\\\/\",\"name\":\"Katana coupant Highlander - R\u00e9plique Manga Cin\u00e9\",\"isPartOf\":{\"@id\":\"https:\\\/\\\/repliquemangacine.fr\\\/#website\"},\"primaryImageOfPage\":{\"@id\":\"https:\\\/\\\/repliquemangacine.fr\\\/katana-forge\\\/katana-coupant-highlander\\\/#primaryimage\"},\"image\":{\"@id\":\"https:\\\/\\\/repliquemangacine.fr\\\/katana-forge\\\/katana-coupant-highlander\\\/#primaryimage\"},\"thumbnailUrl\":\"https:\\\/\\\/repliquemangacine.fr\\\/wp-content\\\/uploads\\\/2025\\\/01\\\/Katana-Coupant-Highlander-hors-de-son-fourreau.jpg\",\"datePublished\":\"2025-01-26T17:41:31+00:00\",\"dateModified\":\"2025-12-12T15:40:08+00:00\",\"description\":\"En exclusivit\u00e9 ! Retrouvez le Katana coupant Highlander de Connor McLeod. Lame tranchante en acier forg\u00e9 1045, haute teneur en carbone. Fait \u00e0 la main.\",\"breadcrumb\":{\"@id\":\"https:\\\/\\\/repliquemangacine.fr\\\/katana-forge\\\/katana-coupant-highlander\\\/#breadcrumb\"},\"inLanguage\":\"es\",\"potentialAction\":[{\"@type\":\"ReadAction\",\"target\":[\"https:\\\/\\\/repliquemangacine.fr\\\/katana-forge\\\/katana-coupant-highlander\\\/\"]}]},{\"@type\":\"ImageObject\",\"inLanguage\":\"es\",\"@id\":\"https:\\\/\\\/repliquemangacine.fr\\\/katana-forge\\\/katana-coupant-highlander\\\/#primaryimage\",\"url\":\"https:\\\/\\\/repliquemangacine.fr\\\/wp-content\\\/uploads\\\/2025\\\/01\\\/Katana-Coupant-Highlander-hors-de-son-fourreau.jpg\",\"contentUrl\":\"https:\\\/\\\/repliquemangacine.fr\\\/wp-content\\\/uploads\\\/2025\\\/01\\\/Katana-Coupant-Highlander-hors-de-son-fourreau.jpg\",\"width\":500,\"height\":500,\"caption\":\"Katana coupant Highlander de connor Mcleod\"},{\"@type\":\"BreadcrumbList\",\"@id\":\"https:\\\/\\\/repliquemangacine.fr\\\/katana-forge\\\/katana-coupant-highlander\\\/#breadcrumb\",\"itemListElement\":[{\"@type\":\"ListItem\",\"position\":1,\"name\":\"Accueil\",\"item\":\"https:\\\/\\\/repliquemangacine.fr\\\/\"},{\"@type\":\"ListItem\",\"position\":2,\"name\":\"Produits\",\"item\":\"https:\\\/\\\/repliquemangacine.fr\\\/boutique\\\/\"},{\"@type\":\"ListItem\",\"position\":3,\"name\":\"Katana coupant Highlander\"}]},{\"@type\":\"WebSite\",\"@id\":\"https:\\\/\\\/repliquemangacine.fr\\\/#website\",\"url\":\"https:\\\/\\\/repliquemangacine.fr\\\/\",\"name\":\"R\u00e9plique Manga Cin\u00e9\",\"description\":\"\",\"publisher\":{\"@id\":\"https:\\\/\\\/repliquemangacine.fr\\\/#organization\"},\"potentialAction\":[{\"@type\":\"SearchAction\",\"target\":{\"@type\":\"EntryPoint\",\"urlTemplate\":\"https:\\\/\\\/repliquemangacine.fr\\\/?s={search_term_string}\"},\"query-input\":{\"@type\":\"PropertyValueSpecification\",\"valueRequired\":true,\"valueName\":\"search_term_string\"}}],\"inLanguage\":\"es\"},{\"@type\":\"Organization\",\"@id\":\"https:\\\/\\\/repliquemangacine.fr\\\/#organization\",\"name\":\"R\u00e9plique Manga Cin\u00e9\",\"url\":\"https:\\\/\\\/repliquemangacine.fr\\\/\",\"logo\":{\"@type\":\"ImageObject\",\"inLanguage\":\"es\",\"@id\":\"https:\\\/\\\/repliquemangacine.fr\\\/#\\\/schema\\\/logo\\\/image\\\/\",\"url\":\"https:\\\/\\\/repliquemangacine.fr\\\/wp-content\\\/uploads\\\/2023\\\/10\\\/RMC-500250.png\",\"contentUrl\":\"https:\\\/\\\/repliquemangacine.fr\\\/wp-content\\\/uploads\\\/2023\\\/10\\\/RMC-500250.png\",\"width\":500,\"height\":250,\"caption\":\"R\u00e9plique Manga Cin\u00e9\"},\"image\":{\"@id\":\"https:\\\/\\\/repliquemangacine.fr\\\/#\\\/schema\\\/logo\\\/image\\\/\"},\"sameAs\":[\"https:\\\/\\\/www.facebook.com\\\/RepliqueMangaCine\",\"https:\\\/\\\/www.instagram.com\\\/repliquemangacine.fr\\\/\"]}]}<\/script>\n<!-- \/ Yoast SEO plugin. -->","yoast_head_json":{"title":"Katana de corte Highlander - R\u00e9plique Manga Cin\u00e9","description":"\u00a1Exclusiva! Katana de corte Highlander de Connor McLeod. Hoja de acero 1045 forjado, alto contenido en carbono. Hecha a mano.","robots":{"index":"index","follow":"follow","max-snippet":"max-snippet:-1","max-image-preview":"max-image-preview:large","max-video-preview":"max-video-preview:-1"},"canonical":"https:\/\/repliquemangacine.fr\/es\/forja-de-katanas\/katana-cortante-highlander\/","og_locale":"es_ES","og_type":"article","og_title":"Katana coupant Highlander - R\u00e9plique Manga Cin\u00e9","og_description":"En exclusivit\u00e9 ! Retrouvez le Katana coupant Highlander de Connor McLeod. Lame tranchante en acier forg\u00e9 1045, haute teneur en carbone. Fait \u00e0 la main.","og_url":"https:\/\/repliquemangacine.fr\/es\/forja-de-katanas\/katana-cortante-highlander\/","og_site_name":"R\u00e9plique Manga Cin\u00e9","article_publisher":"https:\/\/www.facebook.com\/RepliqueMangaCine","article_modified_time":"2025-12-12T15:40:08+00:00","og_image":[{"width":500,"height":500,"url":"https:\/\/repliquemangacine.fr\/wp-content\/uploads\/2025\/01\/Katana-Coupant-Highlander-hors-de-son-fourreau.jpg","type":"image\/jpeg"}],"twitter_card":"summary_large_image","twitter_misc":{"Tiempo de lectura":"3 minutos"},"schema":{"@context":"https:\/\/schema.org","@graph":[{"@type":"WebPage","@id":"https:\/\/repliquemangacine.fr\/katana-forge\/katana-coupant-highlander\/","url":"https:\/\/repliquemangacine.fr\/katana-forge\/katana-coupant-highlander\/","name":"Katana de corte Highlander - R\u00e9plique Manga Cin\u00e9","isPartOf":{"@id":"https:\/\/repliquemangacine.fr\/#website"},"primaryImageOfPage":{"@id":"https:\/\/repliquemangacine.fr\/katana-forge\/katana-coupant-highlander\/#primaryimage"},"image":{"@id":"https:\/\/repliquemangacine.fr\/katana-forge\/katana-coupant-highlander\/#primaryimage"},"thumbnailUrl":"https:\/\/repliquemangacine.fr\/wp-content\/uploads\/2025\/01\/Katana-Coupant-Highlander-hors-de-son-fourreau.jpg","datePublished":"2025-01-26T17:41:31+00:00","dateModified":"2025-12-12T15:40:08+00:00","description":"\u00a1Exclusiva! Katana de corte Highlander de Connor McLeod. Hoja de acero 1045 forjado, alto contenido en carbono. Hecha a mano.","breadcrumb":{"@id":"https:\/\/repliquemangacine.fr\/katana-forge\/katana-coupant-highlander\/#breadcrumb"},"inLanguage":"es","potentialAction":[{"@type":"ReadAction","target":["https:\/\/repliquemangacine.fr\/katana-forge\/katana-coupant-highlander\/"]}]},{"@type":"ImageObject","inLanguage":"es","@id":"https:\/\/repliquemangacine.fr\/katana-forge\/katana-coupant-highlander\/#primaryimage","url":"https:\/\/repliquemangacine.fr\/wp-content\/uploads\/2025\/01\/Katana-Coupant-Highlander-hors-de-son-fourreau.jpg","contentUrl":"https:\/\/repliquemangacine.fr\/wp-content\/uploads\/2025\/01\/Katana-Coupant-Highlander-hors-de-son-fourreau.jpg","width":500,"height":500,"caption":"Katana coupant Highlander de connor Mcleod"},{"@type":"BreadcrumbList","@id":"https:\/\/repliquemangacine.fr\/katana-forge\/katana-coupant-highlander\/#breadcrumb","itemListElement":[{"@type":"ListItem","position":1,"name":"Accueil","item":"https:\/\/repliquemangacine.fr\/"},{"@type":"ListItem","position":2,"name":"Produits","item":"https:\/\/repliquemangacine.fr\/boutique\/"},{"@type":"ListItem","position":3,"name":"Katana coupant Highlander"}]},{"@type":"WebSite","@id":"https:\/\/repliquemangacine.fr\/#website","url":"https:\/\/repliquemangacine.fr\/","name":"R\u00e9plique Manga Cin\u00e9","description":"","publisher":{"@id":"https:\/\/repliquemangacine.fr\/#organization"},"potentialAction":[{"@type":"SearchAction","target":{"@type":"EntryPoint","urlTemplate":"https:\/\/repliquemangacine.fr\/?s={search_term_string}"},"query-input":{"@type":"PropertyValueSpecification","valueRequired":true,"valueName":"search_term_string"}}],"inLanguage":"es"},{"@type":"Organization","@id":"https:\/\/repliquemangacine.fr\/#organization","name":"R\u00e9plique Manga Cin\u00e9","url":"https:\/\/repliquemangacine.fr\/","logo":{"@type":"ImageObject","inLanguage":"es","@id":"https:\/\/repliquemangacine.fr\/#\/schema\/logo\/image\/","url":"https:\/\/repliquemangacine.fr\/wp-content\/uploads\/2023\/10\/RMC-500250.png","contentUrl":"https:\/\/repliquemangacine.fr\/wp-content\/uploads\/2023\/10\/RMC-500250.png","width":500,"height":250,"caption":"R\u00e9plique Manga Cin\u00e9"},"image":{"@id":"https:\/\/repliquemangacine.fr\/#\/schema\/logo\/image\/"},"sameAs":["https:\/\/www.facebook.com\/RepliqueMangaCine","https:\/\/www.instagram.com\/repliquemangacine.fr\/"]}]}},"_links":{"self":[{"href":"https:\/\/repliquemangacine.fr\/es\/wp-json\/wp\/v2\/product\/81554","targetHints":{"allow":["GET"]}}],"collection":[{"href":"https:\/\/repliquemangacine.fr\/es\/wp-json\/wp\/v2\/product"}],"about":[{"href":"https:\/\/repliquemangacine.fr\/es\/wp-json\/wp\/v2\/types\/product"}],"wp:featuredmedia":[{"embeddable":true,"href":"https:\/\/repliquemangacine.fr\/es\/wp-json\/wp\/v2\/media\/81556"}],"wp:attachment":[{"href":"https:\/\/repliquemangacine.fr\/es\/wp-json\/wp\/v2\/media?parent=81554"}],"wp:term":[{"taxonomy":"product_brand","embeddable":true,"href":"https:\/\/repliquemangacine.fr\/es\/wp-json\/wp\/v2\/product_brand?post=81554"},{"taxonomy":"product_cat","embeddable":true,"href":"https:\/\/repliquemangacine.fr\/es\/wp-json\/wp\/v2\/product_cat?post=81554"},{"taxonomy":"product_tag","embeddable":true,"href":"https:\/\/repliquemangacine.fr\/es\/wp-json\/wp\/v2\/product_tag?post=81554"}],"curies":[{"name":"wp","href":"https:\/\/api.w.org\/{rel}","templated":true}]}}