





{"id":81501,"date":"2025-01-23T18:36:22","date_gmt":"2025-01-23T17:36:22","guid":{"rendered":"https:\/\/repliquemangacine.fr\/?post_type=product&#038;p=81501"},"modified":"2026-04-15T12:19:50","modified_gmt":"2026-04-15T10:19:50","slug":"espada-sangrienta-luz-de-luna-sagrada","status":"publish","type":"product","link":"https:\/\/repliquemangacine.fr\/es\/katana-et-epee-de-jeux-video-autre-jeux-video\/epee-holy-moonlight-bloodborne\/","title":{"rendered":"Espada Sagrada Luz de Luna - Bloodborne"},"content":{"rendered":"<h2>Holy Moonlight Sword: una espada de misterio y poder<\/h2>\n<p>Para empezar, el<strong>Espada Santa Luz de Luna<\/strong>una de las armas m\u00e1s emblem\u00e1ticas de la <a href=\"https:\/\/bloodborne.fandom.com\/fr\/wiki\/Bloodborne\" target=\"_blank\" rel=\"noopener noreferrer\">Transmisi\u00f3n sangu\u00ednea<\/a>. Especialmente apreciada por los jugadores por su est\u00e9tica \u00fanica y su formidable potencia. Aparece en el DLC The Old Hunters y es una referencia directa a la espada Moonlight Greatsword, un cl\u00e1sico de la saga Souls de FromSoftware.<\/p>\n<p>Esta espada legendaria fusiona la brutalidad de una gran espada con una energ\u00eda m\u00edstica lunar. Ofrece un estilo de combate vers\u00e1til. Tiene dos modos:<\/p>\n<ul>\n<li>Forma est\u00e1ndar: una espada maciza de aspecto desgastado y antiguo, ideal para un poderoso combate cuerpo a cuerpo.<\/li>\n<li>Forma lunar: cuando la espada se carga con una luz espectral verdosa. Desata ondas de energ\u00eda m\u00e1gica, perfectas para ataques a distancia.<\/li>\n<\/ul>\n<p>Esta arma, asociada a Ludwig, el primer cazador de la Iglesia del Remedio, la bland\u00eda en su lucha contra criaturas de pesadilla. Es un s\u00edmbolo de luz en un mundo sumido en la oscuridad, lo que refuerza su aura m\u00edtica.<\/p>\n<h2>Espadas y Armas Legendarias de Videojuegos: Recoge el Poder de los H\u00e9roes<\/h2>\n<p>Sum\u00e9rgete en el mundo de los videojuegos con nuestras ic\u00f3nicas r\u00e9plicas de armas, fieles a las leyendas que encarnan. Descubre las <a href=\"https:\/\/repliquemangacine.fr\/es\/katana-y-espada-videojuego-otros-videojuegos\/espada-roja-reina-diablo-mi-grito\/\">Reina Roja,<\/a> La espada superpoderosa de Nero en Devil May Cry. Con la emblem\u00e1tica empu\u00f1adura de aceleraci\u00f3n para golpes devastadores. Para los fans de Elden Ring, la<a href=\"https:\/\/repliquemangacine.fr\/es\/katana-y-espada-videojuego-otros-videojuegos\/espada-luna-oscura-gran-espada-anillo-elden\/\">Espada Luna Oscura<\/a>inspirada en la bruja Ranni, ofrece un dise\u00f1o m\u00edstico con su hoja imbuida de energ\u00eda lunar. Y para los amantes de las batallas \u00e9picas, la <a href=\"https:\/\/repliquemangacine.fr\/es\/katana-y-espada-videojuego-otros-videojuegos\/kratos-hacha-dios-de-la-guerra\/\">Hacha de Kratos<\/a>de God of War, destaca con su versi\u00f3n fluorescente, que rinde homenaje a los efectos r\u00fanicos del juego. Tanto si eres un coleccionista como un entusiasta de la fantas\u00eda, estas r\u00e9plicas est\u00e1n dise\u00f1adas para capturar el poder y el carisma de tus h\u00e9roes favoritos. En conclusi\u00f3n, \u00a1toma las riendas de tu destino y a\u00f1ade un arma legendaria a tu colecci\u00f3n!<\/p>\n<h2>\u00bfC\u00f3mo mantengo la hoja de mi espada Luz de Luna Sagrada?<\/h2>\n<p>En primer lugar, las katanas de colecci\u00f3n y decorativas se fabrican y ensamblan de forma simplificada. Como su uso es decorativo, no disponen de los elementos de seguridad exigidos a una espada japonesa destinada al entrenamiento. Sin embargo, su <strong>Espada Santa Luz de Luna<\/strong> a una hoja de acero que hay que cuidar para evitar que se estropee con el tiempo. Cuando exponga su katana, sus amigos sentir\u00e1n curiosidad por ver la hoja y tocarla. Aqu\u00ed es donde hay que tener cuidado, porque la acidez de los dedos es muy perjudicial para el acero, sea cual sea su calidad. Sin embargo, si esto ocurre, que no cunda el p\u00e1nico, todo lo que necesita es un pa\u00f1o humedecido con un poco de<a href=\"https:\/\/repliquemangacine.fr\/es\/armas-historicas\/aceite-ballistol-universal\/\">Aceite universal Ballistol<\/a> y limpie las huellas dactilares. Si haces esto, tu espada durar\u00e1 mucho tiempo.<\/p>","protected":false},"excerpt":{"rendered":"<p>Magn\u00edfica r\u00e9plica de la Espada de la Luz de la Luna Sagrada del videojuego Bloodborne.<\/p>\n<ul>\n<li>Hoja de acero inoxidable azul finamente decorada.<\/li>\n<li>Guarda, empu\u00f1adura y pomo de forma especial.<\/li>\n<li>Se suministra con soporte de pared de madera decorada.<\/li>\n<li>Longitud de la hoja: 75,5 cm - Longitud total: 105 cm<\/li>\n<li>Peso: 1500 g<\/li>\n<\/ul>","protected":false},"featured_media":81502,"template":"","meta":[],"product_brand":[896],"product_cat":[67],"product_tag":[],"class_list":{"0":"post-81501","1":"product","2":"type-product","3":"status-publish","4":"has-post-thumbnail","6":"product_brand-replique-manga-cine","7":"product_cat-katana-et-epee-de-jeux-video-autre-jeux-video","9":"first","10":"instock","11":"taxable","12":"shipping-taxable","13":"purchasable","14":"product-type-simple"},"yoast_head":"<!-- This site is optimized with the Yoast SEO plugin v27.5 - https:\/\/yoast.com\/product\/yoast-seo-wordpress\/ -->\n<title>Epe\u0301e Holy Moonlight - Bloodborne - R\u00e9plique Manga Cin\u00e9<\/title>\n<meta name=\"description\" content=\"D\u00e9couvrez l&#039; Epe\u0301e Holy Moonlight dans le jeu vid\u00e9o Bloodborne. Lame en acier inoxydable bleue avec d\u00e9cors. Garde et pommeau de forme sp\u00e9cifique. 100cm\" \/>\n<meta name=\"robots\" content=\"index, follow, max-snippet:-1, max-image-preview:large, max-video-preview:-1\" \/>\n<link rel=\"canonical\" href=\"https:\/\/repliquemangacine.fr\/es\/katana-y-espada-videojuego-otros-videojuegos\/espada-sangrienta-luz-de-luna-sagrada\/\" \/>\n<meta property=\"og:locale\" content=\"es_ES\" \/>\n<meta property=\"og:type\" content=\"article\" \/>\n<meta property=\"og:title\" content=\"Epe\u0301e Holy Moonlight - Bloodborne - R\u00e9plique Manga Cin\u00e9\" \/>\n<meta property=\"og:description\" content=\"D\u00e9couvrez l&#039; Epe\u0301e Holy Moonlight dans le jeu vid\u00e9o Bloodborne. Lame en acier inoxydable bleue avec d\u00e9cors. Garde et pommeau de forme sp\u00e9cifique. 100cm\" \/>\n<meta property=\"og:url\" content=\"https:\/\/repliquemangacine.fr\/es\/katana-y-espada-videojuego-otros-videojuegos\/espada-sangrienta-luz-de-luna-sagrada\/\" \/>\n<meta property=\"og:site_name\" content=\"R\u00e9plique Manga Cin\u00e9\" \/>\n<meta property=\"article:publisher\" content=\"https:\/\/www.facebook.com\/RepliqueMangaCine\" \/>\n<meta property=\"article:modified_time\" content=\"2026-04-15T10:19:50+00:00\" \/>\n<meta property=\"og:image\" content=\"https:\/\/repliquemangacine.fr\/wp-content\/uploads\/2025\/01\/Epee-Holy-Moonlight-Bloodborne.jpg\" \/>\n\t<meta property=\"og:image:width\" content=\"500\" \/>\n\t<meta property=\"og:image:height\" content=\"500\" \/>\n\t<meta property=\"og:image:type\" content=\"image\/jpeg\" \/>\n<meta name=\"twitter:card\" content=\"summary_large_image\" \/>\n<meta name=\"twitter:label1\" content=\"Tiempo de lectura\" \/>\n\t<meta name=\"twitter:data1\" content=\"3 minutos\" \/>\n<script type=\"application\/ld+json\" class=\"yoast-schema-graph\">{\"@context\":\"https:\\\/\\\/schema.org\",\"@graph\":[{\"@type\":\"WebPage\",\"@id\":\"https:\\\/\\\/repliquemangacine.fr\\\/katana-et-epee-de-jeux-video-autre-jeux-video\\\/epee-holy-moonlight-bloodborne\\\/\",\"url\":\"https:\\\/\\\/repliquemangacine.fr\\\/katana-et-epee-de-jeux-video-autre-jeux-video\\\/epee-holy-moonlight-bloodborne\\\/\",\"name\":\"Epe\u0301e Holy Moonlight - Bloodborne - R\u00e9plique Manga Cin\u00e9\",\"isPartOf\":{\"@id\":\"https:\\\/\\\/repliquemangacine.fr\\\/#website\"},\"primaryImageOfPage\":{\"@id\":\"https:\\\/\\\/repliquemangacine.fr\\\/katana-et-epee-de-jeux-video-autre-jeux-video\\\/epee-holy-moonlight-bloodborne\\\/#primaryimage\"},\"image\":{\"@id\":\"https:\\\/\\\/repliquemangacine.fr\\\/katana-et-epee-de-jeux-video-autre-jeux-video\\\/epee-holy-moonlight-bloodborne\\\/#primaryimage\"},\"thumbnailUrl\":\"https:\\\/\\\/repliquemangacine.fr\\\/wp-content\\\/uploads\\\/2025\\\/01\\\/Epee-Holy-Moonlight-Bloodborne.jpg\",\"datePublished\":\"2025-01-23T17:36:22+00:00\",\"dateModified\":\"2026-04-15T10:19:50+00:00\",\"description\":\"D\u00e9couvrez l' Epe\u0301e Holy Moonlight dans le jeu vid\u00e9o Bloodborne. Lame en acier inoxydable bleue avec d\u00e9cors. Garde et pommeau de forme sp\u00e9cifique. 100cm\",\"breadcrumb\":{\"@id\":\"https:\\\/\\\/repliquemangacine.fr\\\/katana-et-epee-de-jeux-video-autre-jeux-video\\\/epee-holy-moonlight-bloodborne\\\/#breadcrumb\"},\"inLanguage\":\"es\",\"potentialAction\":[{\"@type\":\"ReadAction\",\"target\":[\"https:\\\/\\\/repliquemangacine.fr\\\/katana-et-epee-de-jeux-video-autre-jeux-video\\\/epee-holy-moonlight-bloodborne\\\/\"]}]},{\"@type\":\"ImageObject\",\"inLanguage\":\"es\",\"@id\":\"https:\\\/\\\/repliquemangacine.fr\\\/katana-et-epee-de-jeux-video-autre-jeux-video\\\/epee-holy-moonlight-bloodborne\\\/#primaryimage\",\"url\":\"https:\\\/\\\/repliquemangacine.fr\\\/wp-content\\\/uploads\\\/2025\\\/01\\\/Epee-Holy-Moonlight-Bloodborne.jpg\",\"contentUrl\":\"https:\\\/\\\/repliquemangacine.fr\\\/wp-content\\\/uploads\\\/2025\\\/01\\\/Epee-Holy-Moonlight-Bloodborne.jpg\",\"width\":500,\"height\":500,\"caption\":\"Epe\u0301e Holy Moonlight - Bloodborne\"},{\"@type\":\"BreadcrumbList\",\"@id\":\"https:\\\/\\\/repliquemangacine.fr\\\/katana-et-epee-de-jeux-video-autre-jeux-video\\\/epee-holy-moonlight-bloodborne\\\/#breadcrumb\",\"itemListElement\":[{\"@type\":\"ListItem\",\"position\":1,\"name\":\"Accueil\",\"item\":\"https:\\\/\\\/repliquemangacine.fr\\\/\"},{\"@type\":\"ListItem\",\"position\":2,\"name\":\"Produits\",\"item\":\"https:\\\/\\\/repliquemangacine.fr\\\/boutique\\\/\"},{\"@type\":\"ListItem\",\"position\":3,\"name\":\"Epe\u0301e Holy Moonlight &#8211; Bloodborne\"}]},{\"@type\":\"WebSite\",\"@id\":\"https:\\\/\\\/repliquemangacine.fr\\\/#website\",\"url\":\"https:\\\/\\\/repliquemangacine.fr\\\/\",\"name\":\"R\u00e9plique Manga Cin\u00e9\",\"description\":\"\",\"publisher\":{\"@id\":\"https:\\\/\\\/repliquemangacine.fr\\\/#organization\"},\"potentialAction\":[{\"@type\":\"SearchAction\",\"target\":{\"@type\":\"EntryPoint\",\"urlTemplate\":\"https:\\\/\\\/repliquemangacine.fr\\\/?s={search_term_string}\"},\"query-input\":{\"@type\":\"PropertyValueSpecification\",\"valueRequired\":true,\"valueName\":\"search_term_string\"}}],\"inLanguage\":\"es\"},{\"@type\":\"Organization\",\"@id\":\"https:\\\/\\\/repliquemangacine.fr\\\/#organization\",\"name\":\"R\u00e9plique Manga Cin\u00e9\",\"url\":\"https:\\\/\\\/repliquemangacine.fr\\\/\",\"logo\":{\"@type\":\"ImageObject\",\"inLanguage\":\"es\",\"@id\":\"https:\\\/\\\/repliquemangacine.fr\\\/#\\\/schema\\\/logo\\\/image\\\/\",\"url\":\"https:\\\/\\\/repliquemangacine.fr\\\/wp-content\\\/uploads\\\/2023\\\/10\\\/RMC-500250.png\",\"contentUrl\":\"https:\\\/\\\/repliquemangacine.fr\\\/wp-content\\\/uploads\\\/2023\\\/10\\\/RMC-500250.png\",\"width\":500,\"height\":250,\"caption\":\"R\u00e9plique Manga Cin\u00e9\"},\"image\":{\"@id\":\"https:\\\/\\\/repliquemangacine.fr\\\/#\\\/schema\\\/logo\\\/image\\\/\"},\"sameAs\":[\"https:\\\/\\\/www.facebook.com\\\/RepliqueMangaCine\",\"https:\\\/\\\/www.instagram.com\\\/repliquemangacine.fr\\\/\"]}]}<\/script>\n<!-- \/ Yoast SEO plugin. -->","yoast_head_json":{"title":"Espada de la Luz de la Luna - Bloodborne - R\u00e9plique Manga Cin\u00e9","description":"Descubre la Espada de la Luz de la Luna Sagrada en el videojuego Bloodborne. Hoja de acero inoxidable azul con decoraci\u00f3n. Guarda y pomo con forma especial. 100 cm de largo","robots":{"index":"index","follow":"follow","max-snippet":"max-snippet:-1","max-image-preview":"max-image-preview:large","max-video-preview":"max-video-preview:-1"},"canonical":"https:\/\/repliquemangacine.fr\/es\/katana-y-espada-videojuego-otros-videojuegos\/espada-sangrienta-luz-de-luna-sagrada\/","og_locale":"es_ES","og_type":"article","og_title":"Epe\u0301e Holy Moonlight - Bloodborne - R\u00e9plique Manga Cin\u00e9","og_description":"D\u00e9couvrez l' Epe\u0301e Holy Moonlight dans le jeu vid\u00e9o Bloodborne. Lame en acier inoxydable bleue avec d\u00e9cors. Garde et pommeau de forme sp\u00e9cifique. 100cm","og_url":"https:\/\/repliquemangacine.fr\/es\/katana-y-espada-videojuego-otros-videojuegos\/espada-sangrienta-luz-de-luna-sagrada\/","og_site_name":"R\u00e9plique Manga Cin\u00e9","article_publisher":"https:\/\/www.facebook.com\/RepliqueMangaCine","article_modified_time":"2026-04-15T10:19:50+00:00","og_image":[{"width":500,"height":500,"url":"https:\/\/repliquemangacine.fr\/wp-content\/uploads\/2025\/01\/Epee-Holy-Moonlight-Bloodborne.jpg","type":"image\/jpeg"}],"twitter_card":"summary_large_image","twitter_misc":{"Tiempo de lectura":"3 minutos"},"schema":{"@context":"https:\/\/schema.org","@graph":[{"@type":"WebPage","@id":"https:\/\/repliquemangacine.fr\/katana-et-epee-de-jeux-video-autre-jeux-video\/epee-holy-moonlight-bloodborne\/","url":"https:\/\/repliquemangacine.fr\/katana-et-epee-de-jeux-video-autre-jeux-video\/epee-holy-moonlight-bloodborne\/","name":"Espada de la Luz de la Luna - Bloodborne - R\u00e9plique Manga Cin\u00e9","isPartOf":{"@id":"https:\/\/repliquemangacine.fr\/#website"},"primaryImageOfPage":{"@id":"https:\/\/repliquemangacine.fr\/katana-et-epee-de-jeux-video-autre-jeux-video\/epee-holy-moonlight-bloodborne\/#primaryimage"},"image":{"@id":"https:\/\/repliquemangacine.fr\/katana-et-epee-de-jeux-video-autre-jeux-video\/epee-holy-moonlight-bloodborne\/#primaryimage"},"thumbnailUrl":"https:\/\/repliquemangacine.fr\/wp-content\/uploads\/2025\/01\/Epee-Holy-Moonlight-Bloodborne.jpg","datePublished":"2025-01-23T17:36:22+00:00","dateModified":"2026-04-15T10:19:50+00:00","description":"Descubre la Espada de la Luz de la Luna Sagrada en el videojuego Bloodborne. Hoja de acero inoxidable azul con decoraci\u00f3n. Guarda y pomo con forma especial. 100 cm de largo","breadcrumb":{"@id":"https:\/\/repliquemangacine.fr\/katana-et-epee-de-jeux-video-autre-jeux-video\/epee-holy-moonlight-bloodborne\/#breadcrumb"},"inLanguage":"es","potentialAction":[{"@type":"ReadAction","target":["https:\/\/repliquemangacine.fr\/katana-et-epee-de-jeux-video-autre-jeux-video\/epee-holy-moonlight-bloodborne\/"]}]},{"@type":"ImageObject","inLanguage":"es","@id":"https:\/\/repliquemangacine.fr\/katana-et-epee-de-jeux-video-autre-jeux-video\/epee-holy-moonlight-bloodborne\/#primaryimage","url":"https:\/\/repliquemangacine.fr\/wp-content\/uploads\/2025\/01\/Epee-Holy-Moonlight-Bloodborne.jpg","contentUrl":"https:\/\/repliquemangacine.fr\/wp-content\/uploads\/2025\/01\/Epee-Holy-Moonlight-Bloodborne.jpg","width":500,"height":500,"caption":"Epe\u0301e Holy Moonlight - Bloodborne"},{"@type":"BreadcrumbList","@id":"https:\/\/repliquemangacine.fr\/katana-et-epee-de-jeux-video-autre-jeux-video\/epee-holy-moonlight-bloodborne\/#breadcrumb","itemListElement":[{"@type":"ListItem","position":1,"name":"Accueil","item":"https:\/\/repliquemangacine.fr\/"},{"@type":"ListItem","position":2,"name":"Produits","item":"https:\/\/repliquemangacine.fr\/boutique\/"},{"@type":"ListItem","position":3,"name":"Epe\u0301e Holy Moonlight &#8211; Bloodborne"}]},{"@type":"WebSite","@id":"https:\/\/repliquemangacine.fr\/#website","url":"https:\/\/repliquemangacine.fr\/","name":"R\u00e9plique Manga Cin\u00e9","description":"","publisher":{"@id":"https:\/\/repliquemangacine.fr\/#organization"},"potentialAction":[{"@type":"SearchAction","target":{"@type":"EntryPoint","urlTemplate":"https:\/\/repliquemangacine.fr\/?s={search_term_string}"},"query-input":{"@type":"PropertyValueSpecification","valueRequired":true,"valueName":"search_term_string"}}],"inLanguage":"es"},{"@type":"Organization","@id":"https:\/\/repliquemangacine.fr\/#organization","name":"R\u00e9plique Manga Cin\u00e9","url":"https:\/\/repliquemangacine.fr\/","logo":{"@type":"ImageObject","inLanguage":"es","@id":"https:\/\/repliquemangacine.fr\/#\/schema\/logo\/image\/","url":"https:\/\/repliquemangacine.fr\/wp-content\/uploads\/2023\/10\/RMC-500250.png","contentUrl":"https:\/\/repliquemangacine.fr\/wp-content\/uploads\/2023\/10\/RMC-500250.png","width":500,"height":250,"caption":"R\u00e9plique Manga Cin\u00e9"},"image":{"@id":"https:\/\/repliquemangacine.fr\/#\/schema\/logo\/image\/"},"sameAs":["https:\/\/www.facebook.com\/RepliqueMangaCine","https:\/\/www.instagram.com\/repliquemangacine.fr\/"]}]}},"_links":{"self":[{"href":"https:\/\/repliquemangacine.fr\/es\/wp-json\/wp\/v2\/product\/81501","targetHints":{"allow":["GET"]}}],"collection":[{"href":"https:\/\/repliquemangacine.fr\/es\/wp-json\/wp\/v2\/product"}],"about":[{"href":"https:\/\/repliquemangacine.fr\/es\/wp-json\/wp\/v2\/types\/product"}],"wp:featuredmedia":[{"embeddable":true,"href":"https:\/\/repliquemangacine.fr\/es\/wp-json\/wp\/v2\/media\/81502"}],"wp:attachment":[{"href":"https:\/\/repliquemangacine.fr\/es\/wp-json\/wp\/v2\/media?parent=81501"}],"wp:term":[{"taxonomy":"product_brand","embeddable":true,"href":"https:\/\/repliquemangacine.fr\/es\/wp-json\/wp\/v2\/product_brand?post=81501"},{"taxonomy":"product_cat","embeddable":true,"href":"https:\/\/repliquemangacine.fr\/es\/wp-json\/wp\/v2\/product_cat?post=81501"},{"taxonomy":"product_tag","embeddable":true,"href":"https:\/\/repliquemangacine.fr\/es\/wp-json\/wp\/v2\/product_tag?post=81501"}],"curies":[{"name":"wp","href":"https:\/\/api.w.org\/{rel}","templated":true}]}}