





{"id":81495,"date":"2025-01-23T14:32:44","date_gmt":"2025-01-23T13:32:44","guid":{"rendered":"https:\/\/repliquemangacine.fr\/?post_type=product&#038;p=81495"},"modified":"2026-04-20T19:31:41","modified_gmt":"2026-04-20T17:31:41","slug":"funda-unica-para-zurdos","status":"publish","type":"product","link":"https:\/\/repliquemangacine.fr\/es\/holster-western-ceinturon\/holster-simple-pour-gaucher\/","title":{"rendered":"Funda sencilla para zurdos"},"content":{"rendered":"<h2>Funda de cuero simple para zurdos.<\/h2>\n<p>Para empezar, esta sencilla funda para zurdos, especialmente dise\u00f1ada para llevar un rev\u00f3lver, pero en el lado izquierdo. Este cintur\u00f3n tiene una cartuchera para insertar balas de fogueo.<\/p>\n<p>Generalmente dise\u00f1adas para ser utilizadas con una sola mano. Esto permite extraer y\/o volver a colocar la pistola con la misma mano. Para volver a colocar la pistola en su funda con una sola mano se requiere un material r\u00edgido. Tradicionalmente se sujeta al cintur\u00f3n mediante un arn\u00e9s.<\/p>\n<p>Popular en las pel\u00edculas del Oeste y en famosas escenas de duelos. La extracci\u00f3n de la pistola en algunas pel\u00edculas es bastante espectacular, y hay algunas proezas t\u00e9cnicas para volver a colocarla.<\/p>\n<h2>Su Funda Individual para Zurdos al mejor precio.<\/h2>\n<p>Ofrecemos una amplia gama de accesorios Westerns.<\/p>\n<p>Lo primero y m\u00e1s importante,<\/p>\n<ul>\n<li>Para su funda, necesita un rev\u00f3lver como el <a href=\"https:\/\/repliquemangacine.fr\/es\/pistola-kolser\/estuche-colt-45-pulido-4-75-pulgadas-1873-kolser\/\">Peacekeeper Colt 45 pulido<\/a> la marca <a href=\"https:\/\/kolser.com\/\" target=\"_blank\" rel=\"noopener noreferrer\">Kolser<\/a>.<\/li>\n<li>Tambi\u00e9n hay <a href=\"https:\/\/repliquemangacine.fr\/es\/denix\/colt-denix-dummy-bullets-western-accessory\/\">balas de prueba para Colt Denix<\/a> para llenar la bolsa de cartuchos.<\/li>\n<li>As\u00ed como el <a href=\"https:\/\/repliquemangacine.fr\/es\/denix\/soporte-de-madera-para-potro\/\">apoyo a la presentaci\u00f3n<\/a> de tu Colt.<\/li>\n<li>Y muchos m\u00e1s por descubrir en nuestra tienda en l\u00ednea.<\/li>\n<\/ul>\n<p>Por eso es una magn\u00edfica idea de regalo para todos los amantes de las armas del oeste.<\/p>\n<p>En conclusi\u00f3n, puede utilizar esta sencilla funda Colt para sus recreaciones y representaciones del oeste. Ante todo, esta arma es una pieza de colecci\u00f3n y decoraci\u00f3n.<\/p>\n<p>R\u00e9plique Manga Cin\u00e9 es una empresa francesa, distribuidora oficial de las marcas Denix y Kolser.<\/p>\n<h2>\u00bfC\u00f3mo se fabrican los accesorios de sus westerns?<\/h2>\n<p>Para empezar, todos nuestros productos derivados son de la m\u00e1xima calidad, fabricados con meticulosa atenci\u00f3n al detalle. Una parte se hace a mano, para reproducir hasta el m\u00e1s m\u00ednimo detalle. Las partes m\u00e1s importantes se mecanizan con m\u00e1quinas muy precisas. Los grabados se hacen generalmente con punta de diamante o l\u00e1ser.<\/p>\n<p>Su funda simple Colt fabricada para reproducir con exactitud todos los detalles. Con el fin de estar a la altura del legado de las obras maestras originales. Se hace hincapi\u00e9 en la creaci\u00f3n de r\u00e9plicas de alta calidad que sean lo m\u00e1s precisas posible desde el punto de vista hist\u00f3rico.<\/p>\n<p>En conclusi\u00f3n, importadas de China, Espa\u00f1a o la India, \u00a1nuestras r\u00e9plicas le sorprender\u00e1n!<\/p>","protected":false},"excerpt":{"rendered":"<p>Este cintur\u00f3n occidental especial para zurdos est\u00e1 fabricado en cuero grueso moldeado y es de la m\u00e1xima calidad.<\/p>\n<ul>\n<li>Hecho y cosido a mano.<\/li>\n<li><strong>Especial para zurdos<\/strong><\/li>\n<li>Con adornos de cuero aut\u00e9ntico.<\/li>\n<li>Hebilla de cintur\u00f3n met\u00e1lica.<\/li>\n<li>Correas de soporte.<\/li>\n<li>Cinta de cartuchos.<\/li>\n<li>Se suministra sin balas de prueba.<\/li>\n<li>Largo 112 cm.<\/li>\n<\/ul>","protected":false},"featured_media":81496,"template":"","meta":[],"product_brand":[896],"product_cat":[45,90,64],"product_tag":[],"class_list":{"0":"post-81495","1":"product","2":"type-product","3":"status-publish","4":"has-post-thumbnail","6":"product_brand-replique-manga-cine","7":"product_cat-holster-western-ceinturon","8":"product_cat-holster-accessoires-western","9":"product_cat-western-repliques-armes","11":"first","12":"outofstock","13":"taxable","14":"shipping-taxable","15":"purchasable","16":"product-type-simple"},"yoast_head":"<!-- This site is optimized with the Yoast SEO plugin v27.4 - https:\/\/yoast.com\/product\/yoast-seo-wordpress\/ -->\n<title>Holster simple pour Gaucher - R\u00e9plique Manga Cin\u00e9<\/title>\n<meta name=\"description\" content=\"Superbe Holster simple pour Gaucher. Cartouchi\u00e8re. Muni de pi\u00e8ces d\u00e9coratives en cuir v\u00e9ritable. Boucle de ceinturon en m\u00e9tal. Lani\u00e8res de maintien. 112 cm\" \/>\n<meta name=\"robots\" content=\"index, follow, max-snippet:-1, max-image-preview:large, max-video-preview:-1\" \/>\n<link rel=\"canonical\" href=\"https:\/\/repliquemangacine.fr\/es\/funda-de-cinturon-western\/funda-unica-para-zurdos\/\" \/>\n<meta property=\"og:locale\" content=\"es_ES\" \/>\n<meta property=\"og:type\" content=\"article\" \/>\n<meta property=\"og:title\" content=\"Holster simple pour Gaucher - R\u00e9plique Manga Cin\u00e9\" \/>\n<meta property=\"og:description\" content=\"Superbe Holster simple pour Gaucher. Cartouchi\u00e8re. Muni de pi\u00e8ces d\u00e9coratives en cuir v\u00e9ritable. Boucle de ceinturon en m\u00e9tal. Lani\u00e8res de maintien. 112 cm\" \/>\n<meta property=\"og:url\" content=\"https:\/\/repliquemangacine.fr\/es\/funda-de-cinturon-western\/funda-unica-para-zurdos\/\" \/>\n<meta property=\"og:site_name\" content=\"R\u00e9plique Manga Cin\u00e9\" \/>\n<meta property=\"article:publisher\" content=\"https:\/\/www.facebook.com\/RepliqueMangaCine\" \/>\n<meta property=\"article:modified_time\" content=\"2026-04-20T17:31:41+00:00\" \/>\n<meta property=\"og:image\" content=\"https:\/\/repliquemangacine.fr\/wp-content\/uploads\/2025\/01\/Holster-simple-pour-gaucher.jpg\" \/>\n\t<meta property=\"og:image:width\" content=\"500\" \/>\n\t<meta property=\"og:image:height\" content=\"500\" \/>\n\t<meta property=\"og:image:type\" content=\"image\/jpeg\" \/>\n<meta name=\"twitter:card\" content=\"summary_large_image\" \/>\n<meta name=\"twitter:label1\" content=\"Tiempo de lectura\" \/>\n\t<meta name=\"twitter:data1\" content=\"2 minutos\" \/>\n<script type=\"application\/ld+json\" class=\"yoast-schema-graph\">{\"@context\":\"https:\\\/\\\/schema.org\",\"@graph\":[{\"@type\":\"WebPage\",\"@id\":\"https:\\\/\\\/repliquemangacine.fr\\\/holster-western-ceinturon\\\/holster-simple-pour-gaucher\\\/\",\"url\":\"https:\\\/\\\/repliquemangacine.fr\\\/holster-western-ceinturon\\\/holster-simple-pour-gaucher\\\/\",\"name\":\"Holster simple pour Gaucher - R\u00e9plique Manga Cin\u00e9\",\"isPartOf\":{\"@id\":\"https:\\\/\\\/repliquemangacine.fr\\\/#website\"},\"primaryImageOfPage\":{\"@id\":\"https:\\\/\\\/repliquemangacine.fr\\\/holster-western-ceinturon\\\/holster-simple-pour-gaucher\\\/#primaryimage\"},\"image\":{\"@id\":\"https:\\\/\\\/repliquemangacine.fr\\\/holster-western-ceinturon\\\/holster-simple-pour-gaucher\\\/#primaryimage\"},\"thumbnailUrl\":\"https:\\\/\\\/repliquemangacine.fr\\\/wp-content\\\/uploads\\\/2025\\\/01\\\/Holster-simple-pour-gaucher.jpg\",\"datePublished\":\"2025-01-23T13:32:44+00:00\",\"dateModified\":\"2026-04-20T17:31:41+00:00\",\"description\":\"Superbe Holster simple pour Gaucher. Cartouchi\u00e8re. Muni de pi\u00e8ces d\u00e9coratives en cuir v\u00e9ritable. Boucle de ceinturon en m\u00e9tal. Lani\u00e8res de maintien. 112 cm\",\"breadcrumb\":{\"@id\":\"https:\\\/\\\/repliquemangacine.fr\\\/holster-western-ceinturon\\\/holster-simple-pour-gaucher\\\/#breadcrumb\"},\"inLanguage\":\"es\",\"potentialAction\":[{\"@type\":\"ReadAction\",\"target\":[\"https:\\\/\\\/repliquemangacine.fr\\\/holster-western-ceinturon\\\/holster-simple-pour-gaucher\\\/\"]}]},{\"@type\":\"ImageObject\",\"inLanguage\":\"es\",\"@id\":\"https:\\\/\\\/repliquemangacine.fr\\\/holster-western-ceinturon\\\/holster-simple-pour-gaucher\\\/#primaryimage\",\"url\":\"https:\\\/\\\/repliquemangacine.fr\\\/wp-content\\\/uploads\\\/2025\\\/01\\\/Holster-simple-pour-gaucher.jpg\",\"contentUrl\":\"https:\\\/\\\/repliquemangacine.fr\\\/wp-content\\\/uploads\\\/2025\\\/01\\\/Holster-simple-pour-gaucher.jpg\",\"width\":500,\"height\":500,\"caption\":\"Holster simple pour gaucher\"},{\"@type\":\"BreadcrumbList\",\"@id\":\"https:\\\/\\\/repliquemangacine.fr\\\/holster-western-ceinturon\\\/holster-simple-pour-gaucher\\\/#breadcrumb\",\"itemListElement\":[{\"@type\":\"ListItem\",\"position\":1,\"name\":\"Accueil\",\"item\":\"https:\\\/\\\/repliquemangacine.fr\\\/\"},{\"@type\":\"ListItem\",\"position\":2,\"name\":\"Produits\",\"item\":\"https:\\\/\\\/repliquemangacine.fr\\\/boutique\\\/\"},{\"@type\":\"ListItem\",\"position\":3,\"name\":\"Holster simple pour Gaucher\"}]},{\"@type\":\"WebSite\",\"@id\":\"https:\\\/\\\/repliquemangacine.fr\\\/#website\",\"url\":\"https:\\\/\\\/repliquemangacine.fr\\\/\",\"name\":\"R\u00e9plique Manga Cin\u00e9\",\"description\":\"\",\"publisher\":{\"@id\":\"https:\\\/\\\/repliquemangacine.fr\\\/#organization\"},\"potentialAction\":[{\"@type\":\"SearchAction\",\"target\":{\"@type\":\"EntryPoint\",\"urlTemplate\":\"https:\\\/\\\/repliquemangacine.fr\\\/?s={search_term_string}\"},\"query-input\":{\"@type\":\"PropertyValueSpecification\",\"valueRequired\":true,\"valueName\":\"search_term_string\"}}],\"inLanguage\":\"es\"},{\"@type\":\"Organization\",\"@id\":\"https:\\\/\\\/repliquemangacine.fr\\\/#organization\",\"name\":\"R\u00e9plique Manga Cin\u00e9\",\"url\":\"https:\\\/\\\/repliquemangacine.fr\\\/\",\"logo\":{\"@type\":\"ImageObject\",\"inLanguage\":\"es\",\"@id\":\"https:\\\/\\\/repliquemangacine.fr\\\/#\\\/schema\\\/logo\\\/image\\\/\",\"url\":\"https:\\\/\\\/repliquemangacine.fr\\\/wp-content\\\/uploads\\\/2023\\\/10\\\/RMC-500250.png\",\"contentUrl\":\"https:\\\/\\\/repliquemangacine.fr\\\/wp-content\\\/uploads\\\/2023\\\/10\\\/RMC-500250.png\",\"width\":500,\"height\":250,\"caption\":\"R\u00e9plique Manga Cin\u00e9\"},\"image\":{\"@id\":\"https:\\\/\\\/repliquemangacine.fr\\\/#\\\/schema\\\/logo\\\/image\\\/\"},\"sameAs\":[\"https:\\\/\\\/www.facebook.com\\\/RepliqueMangaCine\",\"https:\\\/\\\/www.instagram.com\\\/repliquemangacine.fr\\\/\"]}]}<\/script>\n<!-- \/ Yoast SEO plugin. -->","yoast_head_json":{"title":"Funda individual para zurdos - R\u00e9plique Manga Cin\u00e9","description":"Magn\u00edfica funda individual para zurdos. Cartuchera. Con adornos de cuero aut\u00e9ntico. Hebilla met\u00e1lica. Correas de sujeci\u00f3n. 112 cm de largo","robots":{"index":"index","follow":"follow","max-snippet":"max-snippet:-1","max-image-preview":"max-image-preview:large","max-video-preview":"max-video-preview:-1"},"canonical":"https:\/\/repliquemangacine.fr\/es\/funda-de-cinturon-western\/funda-unica-para-zurdos\/","og_locale":"es_ES","og_type":"article","og_title":"Holster simple pour Gaucher - R\u00e9plique Manga Cin\u00e9","og_description":"Superbe Holster simple pour Gaucher. Cartouchi\u00e8re. Muni de pi\u00e8ces d\u00e9coratives en cuir v\u00e9ritable. Boucle de ceinturon en m\u00e9tal. Lani\u00e8res de maintien. 112 cm","og_url":"https:\/\/repliquemangacine.fr\/es\/funda-de-cinturon-western\/funda-unica-para-zurdos\/","og_site_name":"R\u00e9plique Manga Cin\u00e9","article_publisher":"https:\/\/www.facebook.com\/RepliqueMangaCine","article_modified_time":"2026-04-20T17:31:41+00:00","og_image":[{"width":500,"height":500,"url":"https:\/\/repliquemangacine.fr\/wp-content\/uploads\/2025\/01\/Holster-simple-pour-gaucher.jpg","type":"image\/jpeg"}],"twitter_card":"summary_large_image","twitter_misc":{"Tiempo de lectura":"2 minutos"},"schema":{"@context":"https:\/\/schema.org","@graph":[{"@type":"WebPage","@id":"https:\/\/repliquemangacine.fr\/holster-western-ceinturon\/holster-simple-pour-gaucher\/","url":"https:\/\/repliquemangacine.fr\/holster-western-ceinturon\/holster-simple-pour-gaucher\/","name":"Funda individual para zurdos - R\u00e9plique Manga Cin\u00e9","isPartOf":{"@id":"https:\/\/repliquemangacine.fr\/#website"},"primaryImageOfPage":{"@id":"https:\/\/repliquemangacine.fr\/holster-western-ceinturon\/holster-simple-pour-gaucher\/#primaryimage"},"image":{"@id":"https:\/\/repliquemangacine.fr\/holster-western-ceinturon\/holster-simple-pour-gaucher\/#primaryimage"},"thumbnailUrl":"https:\/\/repliquemangacine.fr\/wp-content\/uploads\/2025\/01\/Holster-simple-pour-gaucher.jpg","datePublished":"2025-01-23T13:32:44+00:00","dateModified":"2026-04-20T17:31:41+00:00","description":"Magn\u00edfica funda individual para zurdos. Cartuchera. Con adornos de cuero aut\u00e9ntico. Hebilla met\u00e1lica. Correas de sujeci\u00f3n. 112 cm de largo","breadcrumb":{"@id":"https:\/\/repliquemangacine.fr\/holster-western-ceinturon\/holster-simple-pour-gaucher\/#breadcrumb"},"inLanguage":"es","potentialAction":[{"@type":"ReadAction","target":["https:\/\/repliquemangacine.fr\/holster-western-ceinturon\/holster-simple-pour-gaucher\/"]}]},{"@type":"ImageObject","inLanguage":"es","@id":"https:\/\/repliquemangacine.fr\/holster-western-ceinturon\/holster-simple-pour-gaucher\/#primaryimage","url":"https:\/\/repliquemangacine.fr\/wp-content\/uploads\/2025\/01\/Holster-simple-pour-gaucher.jpg","contentUrl":"https:\/\/repliquemangacine.fr\/wp-content\/uploads\/2025\/01\/Holster-simple-pour-gaucher.jpg","width":500,"height":500,"caption":"Holster simple pour gaucher"},{"@type":"BreadcrumbList","@id":"https:\/\/repliquemangacine.fr\/holster-western-ceinturon\/holster-simple-pour-gaucher\/#breadcrumb","itemListElement":[{"@type":"ListItem","position":1,"name":"Accueil","item":"https:\/\/repliquemangacine.fr\/"},{"@type":"ListItem","position":2,"name":"Produits","item":"https:\/\/repliquemangacine.fr\/boutique\/"},{"@type":"ListItem","position":3,"name":"Holster simple pour Gaucher"}]},{"@type":"WebSite","@id":"https:\/\/repliquemangacine.fr\/#website","url":"https:\/\/repliquemangacine.fr\/","name":"R\u00e9plique Manga Cin\u00e9","description":"","publisher":{"@id":"https:\/\/repliquemangacine.fr\/#organization"},"potentialAction":[{"@type":"SearchAction","target":{"@type":"EntryPoint","urlTemplate":"https:\/\/repliquemangacine.fr\/?s={search_term_string}"},"query-input":{"@type":"PropertyValueSpecification","valueRequired":true,"valueName":"search_term_string"}}],"inLanguage":"es"},{"@type":"Organization","@id":"https:\/\/repliquemangacine.fr\/#organization","name":"R\u00e9plique Manga Cin\u00e9","url":"https:\/\/repliquemangacine.fr\/","logo":{"@type":"ImageObject","inLanguage":"es","@id":"https:\/\/repliquemangacine.fr\/#\/schema\/logo\/image\/","url":"https:\/\/repliquemangacine.fr\/wp-content\/uploads\/2023\/10\/RMC-500250.png","contentUrl":"https:\/\/repliquemangacine.fr\/wp-content\/uploads\/2023\/10\/RMC-500250.png","width":500,"height":250,"caption":"R\u00e9plique Manga Cin\u00e9"},"image":{"@id":"https:\/\/repliquemangacine.fr\/#\/schema\/logo\/image\/"},"sameAs":["https:\/\/www.facebook.com\/RepliqueMangaCine","https:\/\/www.instagram.com\/repliquemangacine.fr\/"]}]}},"_links":{"self":[{"href":"https:\/\/repliquemangacine.fr\/es\/wp-json\/wp\/v2\/product\/81495","targetHints":{"allow":["GET"]}}],"collection":[{"href":"https:\/\/repliquemangacine.fr\/es\/wp-json\/wp\/v2\/product"}],"about":[{"href":"https:\/\/repliquemangacine.fr\/es\/wp-json\/wp\/v2\/types\/product"}],"wp:featuredmedia":[{"embeddable":true,"href":"https:\/\/repliquemangacine.fr\/es\/wp-json\/wp\/v2\/media\/81496"}],"wp:attachment":[{"href":"https:\/\/repliquemangacine.fr\/es\/wp-json\/wp\/v2\/media?parent=81495"}],"wp:term":[{"taxonomy":"product_brand","embeddable":true,"href":"https:\/\/repliquemangacine.fr\/es\/wp-json\/wp\/v2\/product_brand?post=81495"},{"taxonomy":"product_cat","embeddable":true,"href":"https:\/\/repliquemangacine.fr\/es\/wp-json\/wp\/v2\/product_cat?post=81495"},{"taxonomy":"product_tag","embeddable":true,"href":"https:\/\/repliquemangacine.fr\/es\/wp-json\/wp\/v2\/product_tag?post=81495"}],"curies":[{"name":"wp","href":"https:\/\/api.w.org\/{rel}","templated":true}]}}