





{"id":81448,"date":"2025-01-21T20:03:17","date_gmt":"2025-01-21T19:03:17","guid":{"rendered":"https:\/\/repliquemangacine.fr\/?post_type=product&#038;p=81448"},"modified":"2025-12-28T14:42:59","modified_gmt":"2025-12-28T13:42:59","slug":"ame-no-habakiri-luz-led-una-pieza","status":"publish","type":"product","link":"https:\/\/repliquemangacine.fr\/es\/katana-lumineux-one-piece\/ame-no-habakiri-lumineux-leds-one-piece\/","title":{"rendered":"Ame no Habakiri Luminous (Led) - De una pieza"},"content":{"rendered":"<h2>Katana Ame no Habakiri Luminous en One Piece<\/h2>\n<p>Aqu\u00ed hay un nuevo art\u00edculo: la katana\u00a0 <strong>Ame no Habakiri light<\/strong>, legendaria en el universo de One Piece. Esta r\u00e9plica \u00fanica funciona con pilas y se ilumina gracias a unos LED integrados, lo que aporta un toque espectacular a esta m\u00edtica arma. Con solo pulsar un bot\u00f3n de encendido\/apagado, discretamente oculto para preservar la est\u00e9tica de la katana, la hoja se ilumina instant\u00e1neamente, recreando el poder sagrado de Ame no Habakiri.<\/p>\n<p>Portada por Kozuki Oden y reconocida por ser capaz de cortar incluso los cielos. Esta katana simboliza la grandeza y la leyenda de los samur\u00e1is de Wano. Ame no Habakiri forma parte de las 21 \u00f4 Wazamono, las <a href=\"https:\/\/onepiece.fandom.com\/fr\/wiki\/Meito\" target=\"_blank\" rel=\"noopener noreferrer\">Meito<\/a> de clase inferior a los Saijo \u00f4 Wazamono, pero superior a los Ryo Wazamono.<\/p>\n<p>Con esta innovaci\u00f3n tecnol\u00f3gica, tendr\u00e1s mucho m\u00e1s que una simple r\u00e9plica: se trata de un aut\u00e9ntico objeto de colecci\u00f3n interactivo que combina una calidad excepcional con una inmersi\u00f3n visual. Una novedad para los fans de One Piece, ideal para enriquecer una colecci\u00f3n o completar un cosplay \u00e9pico.<\/p>\n<h2>Descubre las otras katanas ligeras de Demon Slayer<\/h2>\n<p>Adem\u00e1s de la katana Ame no Habakiri, la gama de katanas luminosas de One Piece incluye otras impresionantes r\u00e9plicas.<\/p>\n<ul>\n<li>Le<a href=\"https:\/\/repliquemangacine.fr\/es\/katana-de-una-pieza\/katana-shusui-luminosa-de-una-pieza\/\"> katana Shusui luminosa<\/a> conocida como \"la maldita\", con su hoja decorada y sus LED rosas, \u00a1absolutamente sublime!<\/li>\n<li>Adem\u00e1s de lo esencial <a href=\"https:\/\/repliquemangacine.fr\/es\/katana-ligera-de-una-pieza\/katana-ichimonji-pieza-unica-luminosa\/\">Katana luminosa Ichimonji<\/a> El celio de Zoro, que sostiene entre los dientes.<\/li>\n<li>Tambi\u00e9n existe la <a href=\"https:\/\/repliquemangacine.fr\/es\/katana-ligera-de-una-pieza\/katana-enma-led-luz-una-pieza\/\">Enma katana ligera<\/a> en su versi\u00f3n morada, con la hoja decorada y LED blancos.<\/li>\n<li>Y muchas m\u00e1s por descubrir en nuestra tienda online. Encuentra todos los modelos de One Piece, desde minikatanas hasta katanas de madera o metal, afiladas o no.<\/li>\n<\/ul>\n<p>En conclusi\u00f3n, tambi\u00e9n puedes usar esta Katana Ame no Habakiri para tus desfiles de cosplay o fiestas tem\u00e1ticas. Pero sobre todo, la Katana de Zoro es tambi\u00e9n un objeto de colecci\u00f3n y una pieza decorativa.<\/p>\n<h2>La innovaci\u00f3n al servicio de los aficionados: excepcionales katanas luminosas<\/h2>\n<p>El mundo de las r\u00e9plicas de katanas ha dado un paso m\u00e1s con estos modelos luminosos. Y es toda una revoluci\u00f3n para los fans de Demon Slayer. Tanto por su calidad de construcci\u00f3n como por su fidelidad a las armas vistas en el anime. Estas katanas est\u00e1n equipadas con tecnolog\u00eda LED que a\u00f1ade toda una nueva dimensi\u00f3n inmersiva. Cada katana se convierte en mucho m\u00e1s que un simple objeto de coleccionista. Es un elemento verdaderamente interactivo, capaz de brillar y evocar el poder de los personajes que representa. Los LED se activan f\u00e1cilmente mediante un discreto bot\u00f3n, para disfrutar al m\u00e1ximo de la experiencia. Ya sea para exposiciones, fotos o incluso cosplays. Esta innovaci\u00f3n, que combina tradici\u00f3n y tecnolog\u00eda, convierte a las katanas luminosas en una revoluci\u00f3n para los aficionados que buscan r\u00e9plicas aut\u00e9nticas a la vez que innovadoras. Si buscas mejorar tu colecci\u00f3n con algo tan \u00fanico como llamativo, \u00a1estas katanas luminosas son para ti!<\/p>","protected":false},"excerpt":{"rendered":"<p>Magn\u00edfica r\u00e9plica de la Katana Ame no Habakiri en versi\u00f3n luminosa (LEDs) en One Piece<\/p>\n<ul>\n<li>Hoja met\u00e1lica en la parte superior con decoraciones, parte inferior en ABS grueso con LEDs en el interior.<br \/>\nBot\u00f3n de encendido\/apagado discreto y f\u00e1cil de usar<br \/>\nProtector met\u00e1lico con forma especial<br \/>\nAsa decorada y lacada<br \/>\nEl extremo del mango se puede separar para insertar dos pilas AAA (no suministradas)<br \/>\nVaina de madera lacada en blanco con adorno.<br \/>\nLongitud de la hoja: 67 cm - Longitud total: 103 cm - Peso: 1040 gr (con funda)<\/li>\n<\/ul>\n<p>&nbsp;<\/p>","protected":false},"featured_media":81449,"template":"","meta":[],"product_brand":[896],"product_cat":[868,871,36],"product_tag":[],"class_list":{"0":"post-81448","1":"product","2":"type-product","3":"status-publish","4":"has-post-thumbnail","6":"product_brand-replique-manga-cine","7":"product_cat-katana-lumineux","8":"product_cat-katana-lumineux-one-piece","9":"product_cat-katana-one-piece","11":"first","12":"instock","13":"sale","14":"taxable","15":"shipping-taxable","16":"purchasable","17":"product-type-simple"},"yoast_head":"<!-- This site is optimized with the Yoast SEO plugin v27.4 - https:\/\/yoast.com\/product\/yoast-seo-wordpress\/ -->\n<title>Ame no Habakiri Lumineux (Leds) - One-piece - R\u00e9plique Manga Cin\u00e9<\/title>\n<meta name=\"description\" content=\"En exclusivit\u00e9 ! Ce katana Ame no Habakiri Lumineux dans One Piece. Lame en acier et ABS contenant les Leds. Bouton marche\/arr\u00eat. Fourreau laqu\u00e9. 103 cm\" \/>\n<meta name=\"robots\" content=\"index, follow, max-snippet:-1, max-image-preview:large, max-video-preview:-1\" \/>\n<link rel=\"canonical\" href=\"https:\/\/repliquemangacine.fr\/es\/katana-ligera-de-una-pieza\/ame-no-habakiri-luz-led-una-pieza\/\" \/>\n<meta property=\"og:locale\" content=\"es_ES\" \/>\n<meta property=\"og:type\" content=\"article\" \/>\n<meta property=\"og:title\" content=\"Ame no Habakiri Lumineux (Leds) - One-piece - R\u00e9plique Manga Cin\u00e9\" \/>\n<meta property=\"og:description\" content=\"En exclusivit\u00e9 ! Ce katana Ame no Habakiri Lumineux dans One Piece. Lame en acier et ABS contenant les Leds. Bouton marche\/arr\u00eat. Fourreau laqu\u00e9. 103 cm\" \/>\n<meta property=\"og:url\" content=\"https:\/\/repliquemangacine.fr\/es\/katana-ligera-de-una-pieza\/ame-no-habakiri-luz-led-una-pieza\/\" \/>\n<meta property=\"og:site_name\" content=\"R\u00e9plique Manga Cin\u00e9\" \/>\n<meta property=\"article:publisher\" content=\"https:\/\/www.facebook.com\/RepliqueMangaCine\" \/>\n<meta property=\"article:modified_time\" content=\"2025-12-28T13:42:59+00:00\" \/>\n<meta property=\"og:image\" content=\"https:\/\/repliquemangacine.fr\/wp-content\/uploads\/2025\/01\/Ame-no-Habakiri-Lumineux-One-piece.jpg\" \/>\n\t<meta property=\"og:image:width\" content=\"500\" \/>\n\t<meta property=\"og:image:height\" content=\"500\" \/>\n\t<meta property=\"og:image:type\" content=\"image\/jpeg\" \/>\n<meta name=\"twitter:card\" content=\"summary_large_image\" \/>\n<meta name=\"twitter:label1\" content=\"Tiempo de lectura\" \/>\n\t<meta name=\"twitter:data1\" content=\"3 minutos\" \/>\n<script type=\"application\/ld+json\" class=\"yoast-schema-graph\">{\"@context\":\"https:\\\/\\\/schema.org\",\"@graph\":[{\"@type\":\"WebPage\",\"@id\":\"https:\\\/\\\/repliquemangacine.fr\\\/katana-lumineux-one-piece\\\/ame-no-habakiri-lumineux-leds-one-piece\\\/\",\"url\":\"https:\\\/\\\/repliquemangacine.fr\\\/katana-lumineux-one-piece\\\/ame-no-habakiri-lumineux-leds-one-piece\\\/\",\"name\":\"Ame no Habakiri Lumineux (Leds) - One-piece - R\u00e9plique Manga Cin\u00e9\",\"isPartOf\":{\"@id\":\"https:\\\/\\\/repliquemangacine.fr\\\/#website\"},\"primaryImageOfPage\":{\"@id\":\"https:\\\/\\\/repliquemangacine.fr\\\/katana-lumineux-one-piece\\\/ame-no-habakiri-lumineux-leds-one-piece\\\/#primaryimage\"},\"image\":{\"@id\":\"https:\\\/\\\/repliquemangacine.fr\\\/katana-lumineux-one-piece\\\/ame-no-habakiri-lumineux-leds-one-piece\\\/#primaryimage\"},\"thumbnailUrl\":\"https:\\\/\\\/repliquemangacine.fr\\\/wp-content\\\/uploads\\\/2025\\\/01\\\/Ame-no-Habakiri-Lumineux-One-piece.jpg\",\"datePublished\":\"2025-01-21T19:03:17+00:00\",\"dateModified\":\"2025-12-28T13:42:59+00:00\",\"description\":\"En exclusivit\u00e9 ! Ce katana Ame no Habakiri Lumineux dans One Piece. Lame en acier et ABS contenant les Leds. Bouton marche\\\/arr\u00eat. Fourreau laqu\u00e9. 103 cm\",\"breadcrumb\":{\"@id\":\"https:\\\/\\\/repliquemangacine.fr\\\/katana-lumineux-one-piece\\\/ame-no-habakiri-lumineux-leds-one-piece\\\/#breadcrumb\"},\"inLanguage\":\"es\",\"potentialAction\":[{\"@type\":\"ReadAction\",\"target\":[\"https:\\\/\\\/repliquemangacine.fr\\\/katana-lumineux-one-piece\\\/ame-no-habakiri-lumineux-leds-one-piece\\\/\"]}]},{\"@type\":\"ImageObject\",\"inLanguage\":\"es\",\"@id\":\"https:\\\/\\\/repliquemangacine.fr\\\/katana-lumineux-one-piece\\\/ame-no-habakiri-lumineux-leds-one-piece\\\/#primaryimage\",\"url\":\"https:\\\/\\\/repliquemangacine.fr\\\/wp-content\\\/uploads\\\/2025\\\/01\\\/Ame-no-Habakiri-Lumineux-One-piece.jpg\",\"contentUrl\":\"https:\\\/\\\/repliquemangacine.fr\\\/wp-content\\\/uploads\\\/2025\\\/01\\\/Ame-no-Habakiri-Lumineux-One-piece.jpg\",\"width\":500,\"height\":500,\"caption\":\"Ame no Habakiri Lumineux One Piece\"},{\"@type\":\"BreadcrumbList\",\"@id\":\"https:\\\/\\\/repliquemangacine.fr\\\/katana-lumineux-one-piece\\\/ame-no-habakiri-lumineux-leds-one-piece\\\/#breadcrumb\",\"itemListElement\":[{\"@type\":\"ListItem\",\"position\":1,\"name\":\"Accueil\",\"item\":\"https:\\\/\\\/repliquemangacine.fr\\\/\"},{\"@type\":\"ListItem\",\"position\":2,\"name\":\"Produits\",\"item\":\"https:\\\/\\\/repliquemangacine.fr\\\/boutique\\\/\"},{\"@type\":\"ListItem\",\"position\":3,\"name\":\"Ame no Habakiri Lumineux (Leds) &#8211; One-piece\"}]},{\"@type\":\"WebSite\",\"@id\":\"https:\\\/\\\/repliquemangacine.fr\\\/#website\",\"url\":\"https:\\\/\\\/repliquemangacine.fr\\\/\",\"name\":\"R\u00e9plique Manga Cin\u00e9\",\"description\":\"\",\"publisher\":{\"@id\":\"https:\\\/\\\/repliquemangacine.fr\\\/#organization\"},\"potentialAction\":[{\"@type\":\"SearchAction\",\"target\":{\"@type\":\"EntryPoint\",\"urlTemplate\":\"https:\\\/\\\/repliquemangacine.fr\\\/?s={search_term_string}\"},\"query-input\":{\"@type\":\"PropertyValueSpecification\",\"valueRequired\":true,\"valueName\":\"search_term_string\"}}],\"inLanguage\":\"es\"},{\"@type\":\"Organization\",\"@id\":\"https:\\\/\\\/repliquemangacine.fr\\\/#organization\",\"name\":\"R\u00e9plique Manga Cin\u00e9\",\"url\":\"https:\\\/\\\/repliquemangacine.fr\\\/\",\"logo\":{\"@type\":\"ImageObject\",\"inLanguage\":\"es\",\"@id\":\"https:\\\/\\\/repliquemangacine.fr\\\/#\\\/schema\\\/logo\\\/image\\\/\",\"url\":\"https:\\\/\\\/repliquemangacine.fr\\\/wp-content\\\/uploads\\\/2023\\\/10\\\/RMC-500250.png\",\"contentUrl\":\"https:\\\/\\\/repliquemangacine.fr\\\/wp-content\\\/uploads\\\/2023\\\/10\\\/RMC-500250.png\",\"width\":500,\"height\":250,\"caption\":\"R\u00e9plique Manga Cin\u00e9\"},\"image\":{\"@id\":\"https:\\\/\\\/repliquemangacine.fr\\\/#\\\/schema\\\/logo\\\/image\\\/\"},\"sameAs\":[\"https:\\\/\\\/www.facebook.com\\\/RepliqueMangaCine\",\"https:\\\/\\\/www.instagram.com\\\/repliquemangacine.fr\\\/\"]}]}<\/script>\n<!-- \/ Yoast SEO plugin. -->","yoast_head_json":{"title":"Ame no Habakiri Luminoso (LED) - Una pieza - R\u00e9plique Manga Cin\u00e9","description":"\u00a1Exclusiva! Esta katana luminosa de Ame no Habakiri en One Piece. Hoja de acero y ABS con LED. Bot\u00f3n de encendido\/apagado. Vaina lacada. 103 cm","robots":{"index":"index","follow":"follow","max-snippet":"max-snippet:-1","max-image-preview":"max-image-preview:large","max-video-preview":"max-video-preview:-1"},"canonical":"https:\/\/repliquemangacine.fr\/es\/katana-ligera-de-una-pieza\/ame-no-habakiri-luz-led-una-pieza\/","og_locale":"es_ES","og_type":"article","og_title":"Ame no Habakiri Lumineux (Leds) - One-piece - R\u00e9plique Manga Cin\u00e9","og_description":"En exclusivit\u00e9 ! Ce katana Ame no Habakiri Lumineux dans One Piece. Lame en acier et ABS contenant les Leds. Bouton marche\/arr\u00eat. Fourreau laqu\u00e9. 103 cm","og_url":"https:\/\/repliquemangacine.fr\/es\/katana-ligera-de-una-pieza\/ame-no-habakiri-luz-led-una-pieza\/","og_site_name":"R\u00e9plique Manga Cin\u00e9","article_publisher":"https:\/\/www.facebook.com\/RepliqueMangaCine","article_modified_time":"2025-12-28T13:42:59+00:00","og_image":[{"width":500,"height":500,"url":"https:\/\/repliquemangacine.fr\/wp-content\/uploads\/2025\/01\/Ame-no-Habakiri-Lumineux-One-piece.jpg","type":"image\/jpeg"}],"twitter_card":"summary_large_image","twitter_misc":{"Tiempo de lectura":"3 minutos"},"schema":{"@context":"https:\/\/schema.org","@graph":[{"@type":"WebPage","@id":"https:\/\/repliquemangacine.fr\/katana-lumineux-one-piece\/ame-no-habakiri-lumineux-leds-one-piece\/","url":"https:\/\/repliquemangacine.fr\/katana-lumineux-one-piece\/ame-no-habakiri-lumineux-leds-one-piece\/","name":"Ame no Habakiri Luminoso (LED) - Una pieza - R\u00e9plique Manga Cin\u00e9","isPartOf":{"@id":"https:\/\/repliquemangacine.fr\/#website"},"primaryImageOfPage":{"@id":"https:\/\/repliquemangacine.fr\/katana-lumineux-one-piece\/ame-no-habakiri-lumineux-leds-one-piece\/#primaryimage"},"image":{"@id":"https:\/\/repliquemangacine.fr\/katana-lumineux-one-piece\/ame-no-habakiri-lumineux-leds-one-piece\/#primaryimage"},"thumbnailUrl":"https:\/\/repliquemangacine.fr\/wp-content\/uploads\/2025\/01\/Ame-no-Habakiri-Lumineux-One-piece.jpg","datePublished":"2025-01-21T19:03:17+00:00","dateModified":"2025-12-28T13:42:59+00:00","description":"\u00a1Exclusiva! Esta katana luminosa de Ame no Habakiri en One Piece. Hoja de acero y ABS con LED. Bot\u00f3n de encendido\/apagado. Vaina lacada. 103 cm","breadcrumb":{"@id":"https:\/\/repliquemangacine.fr\/katana-lumineux-one-piece\/ame-no-habakiri-lumineux-leds-one-piece\/#breadcrumb"},"inLanguage":"es","potentialAction":[{"@type":"ReadAction","target":["https:\/\/repliquemangacine.fr\/katana-lumineux-one-piece\/ame-no-habakiri-lumineux-leds-one-piece\/"]}]},{"@type":"ImageObject","inLanguage":"es","@id":"https:\/\/repliquemangacine.fr\/katana-lumineux-one-piece\/ame-no-habakiri-lumineux-leds-one-piece\/#primaryimage","url":"https:\/\/repliquemangacine.fr\/wp-content\/uploads\/2025\/01\/Ame-no-Habakiri-Lumineux-One-piece.jpg","contentUrl":"https:\/\/repliquemangacine.fr\/wp-content\/uploads\/2025\/01\/Ame-no-Habakiri-Lumineux-One-piece.jpg","width":500,"height":500,"caption":"Ame no Habakiri Lumineux One Piece"},{"@type":"BreadcrumbList","@id":"https:\/\/repliquemangacine.fr\/katana-lumineux-one-piece\/ame-no-habakiri-lumineux-leds-one-piece\/#breadcrumb","itemListElement":[{"@type":"ListItem","position":1,"name":"Accueil","item":"https:\/\/repliquemangacine.fr\/"},{"@type":"ListItem","position":2,"name":"Produits","item":"https:\/\/repliquemangacine.fr\/boutique\/"},{"@type":"ListItem","position":3,"name":"Ame no Habakiri Lumineux (Leds) &#8211; One-piece"}]},{"@type":"WebSite","@id":"https:\/\/repliquemangacine.fr\/#website","url":"https:\/\/repliquemangacine.fr\/","name":"R\u00e9plique Manga Cin\u00e9","description":"","publisher":{"@id":"https:\/\/repliquemangacine.fr\/#organization"},"potentialAction":[{"@type":"SearchAction","target":{"@type":"EntryPoint","urlTemplate":"https:\/\/repliquemangacine.fr\/?s={search_term_string}"},"query-input":{"@type":"PropertyValueSpecification","valueRequired":true,"valueName":"search_term_string"}}],"inLanguage":"es"},{"@type":"Organization","@id":"https:\/\/repliquemangacine.fr\/#organization","name":"R\u00e9plique Manga Cin\u00e9","url":"https:\/\/repliquemangacine.fr\/","logo":{"@type":"ImageObject","inLanguage":"es","@id":"https:\/\/repliquemangacine.fr\/#\/schema\/logo\/image\/","url":"https:\/\/repliquemangacine.fr\/wp-content\/uploads\/2023\/10\/RMC-500250.png","contentUrl":"https:\/\/repliquemangacine.fr\/wp-content\/uploads\/2023\/10\/RMC-500250.png","width":500,"height":250,"caption":"R\u00e9plique Manga Cin\u00e9"},"image":{"@id":"https:\/\/repliquemangacine.fr\/#\/schema\/logo\/image\/"},"sameAs":["https:\/\/www.facebook.com\/RepliqueMangaCine","https:\/\/www.instagram.com\/repliquemangacine.fr\/"]}]}},"_links":{"self":[{"href":"https:\/\/repliquemangacine.fr\/es\/wp-json\/wp\/v2\/product\/81448","targetHints":{"allow":["GET"]}}],"collection":[{"href":"https:\/\/repliquemangacine.fr\/es\/wp-json\/wp\/v2\/product"}],"about":[{"href":"https:\/\/repliquemangacine.fr\/es\/wp-json\/wp\/v2\/types\/product"}],"wp:featuredmedia":[{"embeddable":true,"href":"https:\/\/repliquemangacine.fr\/es\/wp-json\/wp\/v2\/media\/81449"}],"wp:attachment":[{"href":"https:\/\/repliquemangacine.fr\/es\/wp-json\/wp\/v2\/media?parent=81448"}],"wp:term":[{"taxonomy":"product_brand","embeddable":true,"href":"https:\/\/repliquemangacine.fr\/es\/wp-json\/wp\/v2\/product_brand?post=81448"},{"taxonomy":"product_cat","embeddable":true,"href":"https:\/\/repliquemangacine.fr\/es\/wp-json\/wp\/v2\/product_cat?post=81448"},{"taxonomy":"product_tag","embeddable":true,"href":"https:\/\/repliquemangacine.fr\/es\/wp-json\/wp\/v2\/product_tag?post=81448"}],"curies":[{"name":"wp","href":"https:\/\/api.w.org\/{rel}","templated":true}]}}