





{"id":81436,"date":"2025-01-21T19:39:31","date_gmt":"2025-01-21T18:39:31","guid":{"rendered":"https:\/\/repliquemangacine.fr\/?post_type=product&#038;p=81436"},"modified":"2025-11-13T14:36:44","modified_gmt":"2025-11-13T13:36:44","slug":"katana-enma-led-luz-una-pieza","status":"publish","type":"product","link":"https:\/\/repliquemangacine.fr\/es\/katana-lumineux-one-piece\/katana-enma-lumineux-leds-one-piece\/","title":{"rendered":"Katana Enma Luminous (LED) - Una pieza"},"content":{"rendered":"<h2>Katana Enma luminosa - La legendaria espada de Zoro finalmente disponible<\/h2>\n<p>Para empezar, descubre la luminosa katana Enma, el arma m\u00edtica de Roronoa Zoro en <a href=\"https:\/\/onepiece.fandom.com\/fr\/wiki\/One_Piece_Encyclop%C3%A9die\" target=\"_blank\" rel=\"noopener noreferrer\">Una pieza<\/a>, ahora disponible en una r\u00e9plica excepcional. Esta espada, conocida por haber pertenecido a Kozuki Oden, es una de las m\u00e1s poderosas que Zoro haya empu\u00f1ado jam\u00e1s. Su hoja met\u00e1lica decorada en la parte superior y su parte inferior de ABS grueso con LED integrados le confieren un efecto luminoso impresionante. Perfecto para coleccionistas y aficionados al cosplay. Su discreto bot\u00f3n de encendido\/apagado, f\u00e1cil de usar, permite activar la iluminaci\u00f3n en un abrir y cerrar de ojos.<\/p>\n<p>La guarda met\u00e1lica de forma \u00fanica y la empu\u00f1adura lacada y decorada ofrecen un acabado fiel al temible arma del espadach\u00edn. Su funda de madera lacada en color violeta y adornada con detalles dorados aporta un toque de prestigio a esta r\u00e9plica excepcional. Esta katana es imprescindible para cualquier fan de One Piece que desee poseer una pieza \u00fanica inspirada en el legendario manga.<\/p>\n<h2>Una espada excepcional con un dise\u00f1o fiel y envolvente<\/h2>\n<p>La katana Enma luminosa destaca por su impresionante est\u00e9tica y su cuidado dise\u00f1o. Su hoja de 67 cm luce detalles fieles al manga. Mientras que su sistema de iluminaci\u00f3n LED integrado realza cada curva de la espada. Su empu\u00f1adura extra\u00edble, dise\u00f1ada para insertar dos pilas AAA (no incluidas), garantiza una instalaci\u00f3n sencilla y r\u00e1pida. Todo ello sin alterar la integridad del dise\u00f1o. Cabe destacar que se trata de una novedad en el mundo de las katanas.<\/p>\n<p>Dise\u00f1ada para los aficionados m\u00e1s exigentes, esta katana es ideal tanto para decoraci\u00f3n como para cosplay o escenificaciones. Su funda de madera lacada en color violeta, decorada con motivos dorados, recuerda el aura m\u00edstica y sobrepoderosa de Enma, una espada capaz de drenar la energ\u00eda de quien la empu\u00f1a. Combina calidad de fabricaci\u00f3n, materiales resistentes y acabados de alta gama. Esta katana luminosa es una pieza de colecci\u00f3n imprescindible para los apasionados de One Piece y los amantes de las armas legendarias.<\/p>\n<h2>Completa tu colecci\u00f3n con las otras espadas legendarias de Zoro<\/h2>\n<p>Si la luminosa katana Enma es una joya de autenticidad, \u00bfpor qu\u00e9 no completar tu colecci\u00f3n con las otras espadas m\u00edticas de Roronoa Zoro? Encontrar\u00e1 la <a href=\"https:\/\/repliquemangacine.fr\/es\/katana-ligera-de-una-pieza\/katana-ichimonji-pieza-unica-luminosa\/\">katana leds Wado Ichimonji<\/a>Sostiene su espada blanca entre los dientes, s\u00edmbolo de su juramento a Kuina. A continuaci\u00f3n, sum\u00e9rgete en la leyenda con <a href=\"https:\/\/repliquemangacine.fr\/es\/katana-de-una-pieza\/katana-shusui-luminosa-de-una-pieza\/\">Shusui, la hoja maldita<\/a>un temible sable negro que perteneci\u00f3 al legendario samur\u00e1i Ryuma. Siente el poder de <a href=\"https:\/\/repliquemangacine.fr\/es\/katana-luminosa\/katana-sandai-kitetsu-luminosa-led-una-pieza\/\">Sandai Kitetsu<\/a>, una espada demon\u00edaca famosa por su sed de sangre.<\/p>\n<p>En nuestra p\u00e1gina web, te ofrecemos una colecci\u00f3n completa de katanas luminosas inspiradas en One Piece. Cada una de ellas est\u00e1 dise\u00f1ada con materiales de alta calidad y un impresionante cuidado por los detalles. Tanto si eres coleccionista como si eres aficionado al cosplay ultrarrealista, estas espadas son perfectas para enriquecer tu universo y encarnar plenamente el esp\u00edritu del mejor espadach\u00edn de los mares. En definitiva, \u00a1no te pierdas estas r\u00e9plicas \u00fanicas y equ\u00edpate como el futuro Rey de las Espadas!<\/p>","protected":false},"excerpt":{"rendered":"<p>Magn\u00edfica r\u00e9plica de la Katana Enma en versi\u00f3n luminosa (LEDs) en One Piece<\/p>\n<ul>\n<li>Hoja met\u00e1lica en la parte superior con decoraciones, parte inferior en ABS grueso con LEDs en el interior.<\/li>\n<li>Bot\u00f3n de encendido\/apagado discreto y f\u00e1cil de usar<\/li>\n<li>Protector met\u00e1lico con forma especial<\/li>\n<li>Asa decorada y lacada<\/li>\n<li>El extremo del mango se puede separar para insertar dos pilas AAA (no suministradas)<\/li>\n<li>Vaina de madera lacada p\u00farpura con adorno.<\/li>\n<li>Longitud de la hoja: 67 cm - Longitud total: 103 cm<\/li>\n<li>Peso: 1040 g (con funda)<\/li>\n<\/ul>","protected":false},"featured_media":81437,"template":"","meta":[],"product_brand":[896],"product_cat":[868,871,36],"product_tag":[],"class_list":{"0":"post-81436","1":"product","2":"type-product","3":"status-publish","4":"has-post-thumbnail","6":"product_brand-replique-manga-cine","7":"product_cat-katana-lumineux","8":"product_cat-katana-lumineux-one-piece","9":"product_cat-katana-one-piece","11":"first","12":"instock","13":"sale","14":"taxable","15":"shipping-taxable","16":"purchasable","17":"product-type-simple"},"yoast_head":"<!-- This site is optimized with the Yoast SEO plugin v27.5 - https:\/\/yoast.com\/product\/yoast-seo-wordpress\/ -->\n<title>Katana Enma Lumineux (Leds) - One-Piece - R\u00e9plique Manga Cin\u00e9<\/title>\n<meta name=\"description\" content=\"Exceptionnelle ! Ce Katana Enma Lumineux (Leds) dans One Piece. Lame acier et ABS contenant les Leds. Bouton marche\/arr\u00eat. Fourreau laqu\u00e9 violet. 103 cm\" \/>\n<meta name=\"robots\" content=\"index, follow, max-snippet:-1, max-image-preview:large, max-video-preview:-1\" \/>\n<link rel=\"canonical\" href=\"https:\/\/repliquemangacine.fr\/es\/katana-ligera-de-una-pieza\/katana-enma-led-luz-una-pieza\/\" \/>\n<meta property=\"og:locale\" content=\"es_ES\" \/>\n<meta property=\"og:type\" content=\"article\" \/>\n<meta property=\"og:title\" content=\"Katana Enma Lumineux (Leds) - One-Piece - R\u00e9plique Manga Cin\u00e9\" \/>\n<meta property=\"og:description\" content=\"Exceptionnelle ! Ce Katana Enma Lumineux (Leds) dans One Piece. Lame acier et ABS contenant les Leds. Bouton marche\/arr\u00eat. Fourreau laqu\u00e9 violet. 103 cm\" \/>\n<meta property=\"og:url\" content=\"https:\/\/repliquemangacine.fr\/es\/katana-ligera-de-una-pieza\/katana-enma-led-luz-una-pieza\/\" \/>\n<meta property=\"og:site_name\" content=\"R\u00e9plique Manga Cin\u00e9\" \/>\n<meta property=\"article:publisher\" content=\"https:\/\/www.facebook.com\/RepliqueMangaCine\" \/>\n<meta property=\"article:modified_time\" content=\"2025-11-13T13:36:44+00:00\" \/>\n<meta property=\"og:image\" content=\"https:\/\/repliquemangacine.fr\/wp-content\/uploads\/2025\/01\/Katana-Enma-Lumineux-One-Piece.jpg\" \/>\n\t<meta property=\"og:image:width\" content=\"500\" \/>\n\t<meta property=\"og:image:height\" content=\"500\" \/>\n\t<meta property=\"og:image:type\" content=\"image\/jpeg\" \/>\n<meta name=\"twitter:card\" content=\"summary_large_image\" \/>\n<meta name=\"twitter:label1\" content=\"Tiempo de lectura\" \/>\n\t<meta name=\"twitter:data1\" content=\"3 minutos\" \/>\n<script type=\"application\/ld+json\" class=\"yoast-schema-graph\">{\"@context\":\"https:\\\/\\\/schema.org\",\"@graph\":[{\"@type\":\"WebPage\",\"@id\":\"https:\\\/\\\/repliquemangacine.fr\\\/katana-lumineux-one-piece\\\/katana-enma-lumineux-leds-one-piece\\\/\",\"url\":\"https:\\\/\\\/repliquemangacine.fr\\\/katana-lumineux-one-piece\\\/katana-enma-lumineux-leds-one-piece\\\/\",\"name\":\"Katana Enma Lumineux (Leds) - One-Piece - R\u00e9plique Manga Cin\u00e9\",\"isPartOf\":{\"@id\":\"https:\\\/\\\/repliquemangacine.fr\\\/#website\"},\"primaryImageOfPage\":{\"@id\":\"https:\\\/\\\/repliquemangacine.fr\\\/katana-lumineux-one-piece\\\/katana-enma-lumineux-leds-one-piece\\\/#primaryimage\"},\"image\":{\"@id\":\"https:\\\/\\\/repliquemangacine.fr\\\/katana-lumineux-one-piece\\\/katana-enma-lumineux-leds-one-piece\\\/#primaryimage\"},\"thumbnailUrl\":\"https:\\\/\\\/repliquemangacine.fr\\\/wp-content\\\/uploads\\\/2025\\\/01\\\/Katana-Enma-Lumineux-One-Piece.jpg\",\"datePublished\":\"2025-01-21T18:39:31+00:00\",\"dateModified\":\"2025-11-13T13:36:44+00:00\",\"description\":\"Exceptionnelle ! Ce Katana Enma Lumineux (Leds) dans One Piece. Lame acier et ABS contenant les Leds. Bouton marche\\\/arr\u00eat. Fourreau laqu\u00e9 violet. 103 cm\",\"breadcrumb\":{\"@id\":\"https:\\\/\\\/repliquemangacine.fr\\\/katana-lumineux-one-piece\\\/katana-enma-lumineux-leds-one-piece\\\/#breadcrumb\"},\"inLanguage\":\"es\",\"potentialAction\":[{\"@type\":\"ReadAction\",\"target\":[\"https:\\\/\\\/repliquemangacine.fr\\\/katana-lumineux-one-piece\\\/katana-enma-lumineux-leds-one-piece\\\/\"]}]},{\"@type\":\"ImageObject\",\"inLanguage\":\"es\",\"@id\":\"https:\\\/\\\/repliquemangacine.fr\\\/katana-lumineux-one-piece\\\/katana-enma-lumineux-leds-one-piece\\\/#primaryimage\",\"url\":\"https:\\\/\\\/repliquemangacine.fr\\\/wp-content\\\/uploads\\\/2025\\\/01\\\/Katana-Enma-Lumineux-One-Piece.jpg\",\"contentUrl\":\"https:\\\/\\\/repliquemangacine.fr\\\/wp-content\\\/uploads\\\/2025\\\/01\\\/Katana-Enma-Lumineux-One-Piece.jpg\",\"width\":500,\"height\":500,\"caption\":\"Katana Enma Lumineux One Piece\"},{\"@type\":\"BreadcrumbList\",\"@id\":\"https:\\\/\\\/repliquemangacine.fr\\\/katana-lumineux-one-piece\\\/katana-enma-lumineux-leds-one-piece\\\/#breadcrumb\",\"itemListElement\":[{\"@type\":\"ListItem\",\"position\":1,\"name\":\"Accueil\",\"item\":\"https:\\\/\\\/repliquemangacine.fr\\\/\"},{\"@type\":\"ListItem\",\"position\":2,\"name\":\"Produits\",\"item\":\"https:\\\/\\\/repliquemangacine.fr\\\/boutique\\\/\"},{\"@type\":\"ListItem\",\"position\":3,\"name\":\"Katana Enma Lumineux (Leds) &#8211; One-Piece\"}]},{\"@type\":\"WebSite\",\"@id\":\"https:\\\/\\\/repliquemangacine.fr\\\/#website\",\"url\":\"https:\\\/\\\/repliquemangacine.fr\\\/\",\"name\":\"R\u00e9plique Manga Cin\u00e9\",\"description\":\"\",\"publisher\":{\"@id\":\"https:\\\/\\\/repliquemangacine.fr\\\/#organization\"},\"potentialAction\":[{\"@type\":\"SearchAction\",\"target\":{\"@type\":\"EntryPoint\",\"urlTemplate\":\"https:\\\/\\\/repliquemangacine.fr\\\/?s={search_term_string}\"},\"query-input\":{\"@type\":\"PropertyValueSpecification\",\"valueRequired\":true,\"valueName\":\"search_term_string\"}}],\"inLanguage\":\"es\"},{\"@type\":\"Organization\",\"@id\":\"https:\\\/\\\/repliquemangacine.fr\\\/#organization\",\"name\":\"R\u00e9plique Manga Cin\u00e9\",\"url\":\"https:\\\/\\\/repliquemangacine.fr\\\/\",\"logo\":{\"@type\":\"ImageObject\",\"inLanguage\":\"es\",\"@id\":\"https:\\\/\\\/repliquemangacine.fr\\\/#\\\/schema\\\/logo\\\/image\\\/\",\"url\":\"https:\\\/\\\/repliquemangacine.fr\\\/wp-content\\\/uploads\\\/2023\\\/10\\\/RMC-500250.png\",\"contentUrl\":\"https:\\\/\\\/repliquemangacine.fr\\\/wp-content\\\/uploads\\\/2023\\\/10\\\/RMC-500250.png\",\"width\":500,\"height\":250,\"caption\":\"R\u00e9plique Manga Cin\u00e9\"},\"image\":{\"@id\":\"https:\\\/\\\/repliquemangacine.fr\\\/#\\\/schema\\\/logo\\\/image\\\/\"},\"sameAs\":[\"https:\\\/\\\/www.facebook.com\\\/RepliqueMangaCine\",\"https:\\\/\\\/www.instagram.com\\\/repliquemangacine.fr\\\/\"]}]}<\/script>\n<!-- \/ Yoast SEO plugin. -->","yoast_head_json":{"title":"Katana Enma Luminosa (LED) - Una pieza - R\u00e9plique Manga Cin\u00e9","description":"\u00a1Excepcional! Esta Katana Enma Luminosa (Leds) en una sola pieza. Hoja de acero y ABS que contiene LEDs. Bot\u00f3n de encendido\/apagado. Funda lacada p\u00farpura. 103 cm","robots":{"index":"index","follow":"follow","max-snippet":"max-snippet:-1","max-image-preview":"max-image-preview:large","max-video-preview":"max-video-preview:-1"},"canonical":"https:\/\/repliquemangacine.fr\/es\/katana-ligera-de-una-pieza\/katana-enma-led-luz-una-pieza\/","og_locale":"es_ES","og_type":"article","og_title":"Katana Enma Lumineux (Leds) - One-Piece - R\u00e9plique Manga Cin\u00e9","og_description":"Exceptionnelle ! Ce Katana Enma Lumineux (Leds) dans One Piece. Lame acier et ABS contenant les Leds. Bouton marche\/arr\u00eat. Fourreau laqu\u00e9 violet. 103 cm","og_url":"https:\/\/repliquemangacine.fr\/es\/katana-ligera-de-una-pieza\/katana-enma-led-luz-una-pieza\/","og_site_name":"R\u00e9plique Manga Cin\u00e9","article_publisher":"https:\/\/www.facebook.com\/RepliqueMangaCine","article_modified_time":"2025-11-13T13:36:44+00:00","og_image":[{"width":500,"height":500,"url":"https:\/\/repliquemangacine.fr\/wp-content\/uploads\/2025\/01\/Katana-Enma-Lumineux-One-Piece.jpg","type":"image\/jpeg"}],"twitter_card":"summary_large_image","twitter_misc":{"Tiempo de lectura":"3 minutos"},"schema":{"@context":"https:\/\/schema.org","@graph":[{"@type":"WebPage","@id":"https:\/\/repliquemangacine.fr\/katana-lumineux-one-piece\/katana-enma-lumineux-leds-one-piece\/","url":"https:\/\/repliquemangacine.fr\/katana-lumineux-one-piece\/katana-enma-lumineux-leds-one-piece\/","name":"Katana Enma Luminosa (LED) - Una pieza - R\u00e9plique Manga Cin\u00e9","isPartOf":{"@id":"https:\/\/repliquemangacine.fr\/#website"},"primaryImageOfPage":{"@id":"https:\/\/repliquemangacine.fr\/katana-lumineux-one-piece\/katana-enma-lumineux-leds-one-piece\/#primaryimage"},"image":{"@id":"https:\/\/repliquemangacine.fr\/katana-lumineux-one-piece\/katana-enma-lumineux-leds-one-piece\/#primaryimage"},"thumbnailUrl":"https:\/\/repliquemangacine.fr\/wp-content\/uploads\/2025\/01\/Katana-Enma-Lumineux-One-Piece.jpg","datePublished":"2025-01-21T18:39:31+00:00","dateModified":"2025-11-13T13:36:44+00:00","description":"\u00a1Excepcional! Esta Katana Enma Luminosa (Leds) en una sola pieza. Hoja de acero y ABS que contiene LEDs. Bot\u00f3n de encendido\/apagado. Funda lacada p\u00farpura. 103 cm","breadcrumb":{"@id":"https:\/\/repliquemangacine.fr\/katana-lumineux-one-piece\/katana-enma-lumineux-leds-one-piece\/#breadcrumb"},"inLanguage":"es","potentialAction":[{"@type":"ReadAction","target":["https:\/\/repliquemangacine.fr\/katana-lumineux-one-piece\/katana-enma-lumineux-leds-one-piece\/"]}]},{"@type":"ImageObject","inLanguage":"es","@id":"https:\/\/repliquemangacine.fr\/katana-lumineux-one-piece\/katana-enma-lumineux-leds-one-piece\/#primaryimage","url":"https:\/\/repliquemangacine.fr\/wp-content\/uploads\/2025\/01\/Katana-Enma-Lumineux-One-Piece.jpg","contentUrl":"https:\/\/repliquemangacine.fr\/wp-content\/uploads\/2025\/01\/Katana-Enma-Lumineux-One-Piece.jpg","width":500,"height":500,"caption":"Katana Enma Lumineux One Piece"},{"@type":"BreadcrumbList","@id":"https:\/\/repliquemangacine.fr\/katana-lumineux-one-piece\/katana-enma-lumineux-leds-one-piece\/#breadcrumb","itemListElement":[{"@type":"ListItem","position":1,"name":"Accueil","item":"https:\/\/repliquemangacine.fr\/"},{"@type":"ListItem","position":2,"name":"Produits","item":"https:\/\/repliquemangacine.fr\/boutique\/"},{"@type":"ListItem","position":3,"name":"Katana Enma Lumineux (Leds) &#8211; One-Piece"}]},{"@type":"WebSite","@id":"https:\/\/repliquemangacine.fr\/#website","url":"https:\/\/repliquemangacine.fr\/","name":"R\u00e9plique Manga Cin\u00e9","description":"","publisher":{"@id":"https:\/\/repliquemangacine.fr\/#organization"},"potentialAction":[{"@type":"SearchAction","target":{"@type":"EntryPoint","urlTemplate":"https:\/\/repliquemangacine.fr\/?s={search_term_string}"},"query-input":{"@type":"PropertyValueSpecification","valueRequired":true,"valueName":"search_term_string"}}],"inLanguage":"es"},{"@type":"Organization","@id":"https:\/\/repliquemangacine.fr\/#organization","name":"R\u00e9plique Manga Cin\u00e9","url":"https:\/\/repliquemangacine.fr\/","logo":{"@type":"ImageObject","inLanguage":"es","@id":"https:\/\/repliquemangacine.fr\/#\/schema\/logo\/image\/","url":"https:\/\/repliquemangacine.fr\/wp-content\/uploads\/2023\/10\/RMC-500250.png","contentUrl":"https:\/\/repliquemangacine.fr\/wp-content\/uploads\/2023\/10\/RMC-500250.png","width":500,"height":250,"caption":"R\u00e9plique Manga Cin\u00e9"},"image":{"@id":"https:\/\/repliquemangacine.fr\/#\/schema\/logo\/image\/"},"sameAs":["https:\/\/www.facebook.com\/RepliqueMangaCine","https:\/\/www.instagram.com\/repliquemangacine.fr\/"]}]}},"_links":{"self":[{"href":"https:\/\/repliquemangacine.fr\/es\/wp-json\/wp\/v2\/product\/81436","targetHints":{"allow":["GET"]}}],"collection":[{"href":"https:\/\/repliquemangacine.fr\/es\/wp-json\/wp\/v2\/product"}],"about":[{"href":"https:\/\/repliquemangacine.fr\/es\/wp-json\/wp\/v2\/types\/product"}],"wp:featuredmedia":[{"embeddable":true,"href":"https:\/\/repliquemangacine.fr\/es\/wp-json\/wp\/v2\/media\/81437"}],"wp:attachment":[{"href":"https:\/\/repliquemangacine.fr\/es\/wp-json\/wp\/v2\/media?parent=81436"}],"wp:term":[{"taxonomy":"product_brand","embeddable":true,"href":"https:\/\/repliquemangacine.fr\/es\/wp-json\/wp\/v2\/product_brand?post=81436"},{"taxonomy":"product_cat","embeddable":true,"href":"https:\/\/repliquemangacine.fr\/es\/wp-json\/wp\/v2\/product_cat?post=81436"},{"taxonomy":"product_tag","embeddable":true,"href":"https:\/\/repliquemangacine.fr\/es\/wp-json\/wp\/v2\/product_tag?post=81436"}],"curies":[{"name":"wp","href":"https:\/\/api.w.org\/{rel}","templated":true}]}}