





{"id":81430,"date":"2025-01-21T19:27:53","date_gmt":"2025-01-21T18:27:53","guid":{"rendered":"https:\/\/repliquemangacine.fr\/?post_type=product&#038;p=81430"},"modified":"2026-04-16T18:24:34","modified_gmt":"2026-04-16T16:24:34","slug":"katana-sandai-kitetsu-luminosa-led-una-pieza","status":"publish","type":"product","link":"https:\/\/repliquemangacine.fr\/es\/katana-lumineux\/katana-sandai-kitetsu-lumineux-leds-one-piece\/","title":{"rendered":"Katana Sanda\u00ef Kitetsu Luminous (Leds) - Una pieza"},"content":{"rendered":"<h2>Katana Sanda\u00ef Kitetsu luminosa - La espada maldita de Zoro por fin en tus manos<\/h2>\n<p>Para empezar, descubre la katana luminosa Sanda\u00ef Kitetsu, una de las espadas m\u00e1s temidas de One Piece. Ahora disponible en una r\u00e9plica fiel y detallada. Esta espada legendaria, conocida por estar maldita y sedienta de sangre. Una de las tres Kitetsu, espadas famosas por su poder y peligrosidad. Su dise\u00f1o \u00fanico se ve realzado por una hoja de metal decorada en la parte superior. Mientras que su parte inferior, de ABS grueso con LED integrados, ofrece un impresionante efecto luminoso. Gracias a su discreto y f\u00e1cil de usar bot\u00f3n de encendido\/apagado, la activaci\u00f3n de la iluminaci\u00f3n es muy sencilla. Esto hace que esta r\u00e9plica sea perfecta para el cosplay y para coleccionar.<\/p>\n<p>Esta katana se distingue por su guarda met\u00e1lica de forma espec\u00edfica, su empu\u00f1adura ornamentada y trenzada, as\u00ed como por su vaina de madera roja con acabados negros y dorados, que evocan el siniestro poder de esta m\u00edtica espada. Con una longitud total de 105 cm, esta espada es una aut\u00e9ntica pieza de colecci\u00f3n para todos los apasionados de One Piece y los amantes de las armas ic\u00f3nicas del manga.<\/p>\n<h2>Una hoja maldita con un dise\u00f1o cautivador y envolvente<\/h2>\n<p>La luminosa katana Sanda\u00ef Kitetsu impresiona tanto por su dise\u00f1o como por su historia en One Piece. Esta espada, con fama de traer la desgracia a sus due\u00f1os, es una pieza fascinante e imprescindible para los fans de One Piece. <a href=\"https:\/\/onepiece.fandom.com\/fr\/wiki\/Roronoa_Zoro\" target=\"_blank\" rel=\"noopener noreferrer\">Zoro<\/a> y su estilo de lucha con tres espadas. Su hoja de 72,5 cm, decorada con motivos distintivos, se vuelve a\u00fan m\u00e1s llamativa cuando se ilumina, gracias a los LED integrados en su estructura de ABS grueso.<\/p>\n<p>Con un extremo del mango extra\u00edble que permite insertar dos pilas AAA (no incluidas). Esta r\u00e9plica combina practicidad y fidelidad al dise\u00f1o original del manga. Su funda de madera roja con extremos negros y dorados le da un toque de autenticidad. Resaltando as\u00ed su aura m\u00edstica y maldita. Tanto si eres coleccionista, aficionado al cosplay o simple amante de las armas legendarias, esta katana luminosa es imprescindible para completar tu colecci\u00f3n y enfrentarte a tu destino como Zoro.<\/p>\n<h2>Toda la colecci\u00f3n de katanas de Zoro y mucho m\u00e1s<\/h2>\n<p>Si la luminosa katana Sanda\u00ef Kitetsu te atrae por su historia y dise\u00f1o, debes saber que nuestra colecci\u00f3n incluye todas las r\u00e9plicas emblem\u00e1ticas de One Piece. Encuentre la <a href=\"https:\/\/repliquemangacine.fr\/es\/katana-ligera-de-una-pieza\/katana-wado-ichimonji-pieza-unica-luminosa\/\">katana Wado Ichimonji<\/a>la noble y refinada espada blanca que Zoro lleva entre los dientes. Y la espada maldita Shusui, que una vez empu\u00f1\u00f3 el legendario samur\u00e1i Ryuma. Y no te pierdas la <a href=\"https:\/\/repliquemangacine.fr\/es\/katana-ligera-de-una-pieza\/katana-enma-led-luz-una-pieza\/\">Enma katana<\/a>, el arma devastadora que perteneci\u00f3 a Kozuki Oden, que empuj\u00f3 a Zoro a superar sus l\u00edmites.<\/p>\n<p>Nuestra tienda ofrece una amplia gama de katanas One Piece, con modelos luminosos equipados con LED, versiones con hojas de metal detalladas y espadas de madera ideales para el cosplay. Cada pieza est\u00e1 fabricada con un excepcional cuidado por los detalles, lo que garantiza la autenticidad, la calidad y la inmersi\u00f3n total en el universo del manga. \u00a1Elige tu espada y sigue los pasos del mejor espadach\u00edn de Grand Line!<\/p>","protected":false},"excerpt":{"rendered":"<p>Magn\u00edfica r\u00e9plica de la Katana Sanda\u00ef Kitetsu en versi\u00f3n luminosa (Leds) de One Piece<\/p>\n<ul>\n<li>Hoja met\u00e1lica en la parte superior con decoraciones, parte inferior en ABS grueso con LEDs en el interior.<br \/>\nBot\u00f3n de encendido\/apagado discreto y f\u00e1cil de usar<br \/>\nProtector met\u00e1lico con forma especial<br \/>\nMango recubierto de trenza de algod\u00f3n rojo<br \/>\nEl extremo del mango se puede separar para insertar dos pilas AAA (no suministradas)<br \/>\nVaina de madera lacada en burdeos decorada.<br \/>\nLongitud de la hoja: 67,5 cm - Longitud total: 104 cm - Peso: 1150 gr (con vaina)<\/li> <li><\/li>\n<\/ul>","protected":false},"featured_media":81431,"template":"","meta":[],"product_brand":[896],"product_cat":[868,871,36],"product_tag":[],"class_list":{"0":"post-81430","1":"product","2":"type-product","3":"status-publish","4":"has-post-thumbnail","6":"product_brand-replique-manga-cine","7":"product_cat-katana-lumineux","8":"product_cat-katana-lumineux-one-piece","9":"product_cat-katana-one-piece","11":"first","12":"instock","13":"sale","14":"taxable","15":"shipping-taxable","16":"purchasable","17":"product-type-simple"},"yoast_head":"<!-- This site is optimized with the Yoast SEO plugin v27.5 - https:\/\/yoast.com\/product\/yoast-seo-wordpress\/ -->\n<title>Katana Sanda\u00ef Kitetsu Lumineux (Leds) - One-Piece - R\u00e9plique Manga Cin\u00e9<\/title>\n<meta name=\"description\" content=\"Exclusif ! D\u00e9couvrez ce Katana Sanda\u00ef Kitetsu Lumineux de One Piece. Lame en acier et ABS avec Leds \u00e0 l&#039;int\u00e9rieur. Bouton marche\/arr\u00eat. 104 cm\" \/>\n<meta name=\"robots\" content=\"index, follow, max-snippet:-1, max-image-preview:large, max-video-preview:-1\" \/>\n<link rel=\"canonical\" href=\"https:\/\/repliquemangacine.fr\/es\/katana-luminosa\/katana-sandai-kitetsu-luminosa-led-una-pieza\/\" \/>\n<meta property=\"og:locale\" content=\"es_ES\" \/>\n<meta property=\"og:type\" content=\"article\" \/>\n<meta property=\"og:title\" content=\"Katana Sanda\u00ef Kitetsu Lumineux (Leds) - One-Piece - R\u00e9plique Manga Cin\u00e9\" \/>\n<meta property=\"og:description\" content=\"Exclusif ! D\u00e9couvrez ce Katana Sanda\u00ef Kitetsu Lumineux de One Piece. Lame en acier et ABS avec Leds \u00e0 l&#039;int\u00e9rieur. Bouton marche\/arr\u00eat. 104 cm\" \/>\n<meta property=\"og:url\" content=\"https:\/\/repliquemangacine.fr\/es\/katana-luminosa\/katana-sandai-kitetsu-luminosa-led-una-pieza\/\" \/>\n<meta property=\"og:site_name\" content=\"R\u00e9plique Manga Cin\u00e9\" \/>\n<meta property=\"article:publisher\" content=\"https:\/\/www.facebook.com\/RepliqueMangaCine\" \/>\n<meta property=\"article:modified_time\" content=\"2026-04-16T16:24:34+00:00\" \/>\n<meta property=\"og:image\" content=\"https:\/\/repliquemangacine.fr\/wp-content\/uploads\/2025\/01\/Katana-Sandai-Kitetsu-Lumineux-One-Piece.jpg\" \/>\n\t<meta property=\"og:image:width\" content=\"500\" \/>\n\t<meta property=\"og:image:height\" content=\"500\" \/>\n\t<meta property=\"og:image:type\" content=\"image\/jpeg\" \/>\n<meta name=\"twitter:card\" content=\"summary_large_image\" \/>\n<meta name=\"twitter:label1\" content=\"Tiempo de lectura\" \/>\n\t<meta name=\"twitter:data1\" content=\"3 minutos\" \/>\n<script type=\"application\/ld+json\" class=\"yoast-schema-graph\">{\"@context\":\"https:\\\/\\\/schema.org\",\"@graph\":[{\"@type\":\"WebPage\",\"@id\":\"https:\\\/\\\/repliquemangacine.fr\\\/katana-lumineux\\\/katana-sandai-kitetsu-lumineux-leds-one-piece\\\/\",\"url\":\"https:\\\/\\\/repliquemangacine.fr\\\/katana-lumineux\\\/katana-sandai-kitetsu-lumineux-leds-one-piece\\\/\",\"name\":\"Katana Sanda\u00ef Kitetsu Lumineux (Leds) - One-Piece - R\u00e9plique Manga Cin\u00e9\",\"isPartOf\":{\"@id\":\"https:\\\/\\\/repliquemangacine.fr\\\/#website\"},\"primaryImageOfPage\":{\"@id\":\"https:\\\/\\\/repliquemangacine.fr\\\/katana-lumineux\\\/katana-sandai-kitetsu-lumineux-leds-one-piece\\\/#primaryimage\"},\"image\":{\"@id\":\"https:\\\/\\\/repliquemangacine.fr\\\/katana-lumineux\\\/katana-sandai-kitetsu-lumineux-leds-one-piece\\\/#primaryimage\"},\"thumbnailUrl\":\"https:\\\/\\\/repliquemangacine.fr\\\/wp-content\\\/uploads\\\/2025\\\/01\\\/Katana-Sandai-Kitetsu-Lumineux-One-Piece.jpg\",\"datePublished\":\"2025-01-21T18:27:53+00:00\",\"dateModified\":\"2026-04-16T16:24:34+00:00\",\"description\":\"Exclusif ! D\u00e9couvrez ce Katana Sanda\u00ef Kitetsu Lumineux de One Piece. Lame en acier et ABS avec Leds \u00e0 l'int\u00e9rieur. Bouton marche\\\/arr\u00eat. 104 cm\",\"breadcrumb\":{\"@id\":\"https:\\\/\\\/repliquemangacine.fr\\\/katana-lumineux\\\/katana-sandai-kitetsu-lumineux-leds-one-piece\\\/#breadcrumb\"},\"inLanguage\":\"es\",\"potentialAction\":[{\"@type\":\"ReadAction\",\"target\":[\"https:\\\/\\\/repliquemangacine.fr\\\/katana-lumineux\\\/katana-sandai-kitetsu-lumineux-leds-one-piece\\\/\"]}]},{\"@type\":\"ImageObject\",\"inLanguage\":\"es\",\"@id\":\"https:\\\/\\\/repliquemangacine.fr\\\/katana-lumineux\\\/katana-sandai-kitetsu-lumineux-leds-one-piece\\\/#primaryimage\",\"url\":\"https:\\\/\\\/repliquemangacine.fr\\\/wp-content\\\/uploads\\\/2025\\\/01\\\/Katana-Sandai-Kitetsu-Lumineux-One-Piece.jpg\",\"contentUrl\":\"https:\\\/\\\/repliquemangacine.fr\\\/wp-content\\\/uploads\\\/2025\\\/01\\\/Katana-Sandai-Kitetsu-Lumineux-One-Piece.jpg\",\"width\":500,\"height\":500,\"caption\":\"Katana Sanda\u00ef Kitetsu Lumineux One Pi\u00e8ce\"},{\"@type\":\"BreadcrumbList\",\"@id\":\"https:\\\/\\\/repliquemangacine.fr\\\/katana-lumineux\\\/katana-sandai-kitetsu-lumineux-leds-one-piece\\\/#breadcrumb\",\"itemListElement\":[{\"@type\":\"ListItem\",\"position\":1,\"name\":\"Accueil\",\"item\":\"https:\\\/\\\/repliquemangacine.fr\\\/\"},{\"@type\":\"ListItem\",\"position\":2,\"name\":\"Produits\",\"item\":\"https:\\\/\\\/repliquemangacine.fr\\\/boutique\\\/\"},{\"@type\":\"ListItem\",\"position\":3,\"name\":\"Katana Sanda\u00ef Kitetsu Lumineux (Leds) &#8211; One-Piece\"}]},{\"@type\":\"WebSite\",\"@id\":\"https:\\\/\\\/repliquemangacine.fr\\\/#website\",\"url\":\"https:\\\/\\\/repliquemangacine.fr\\\/\",\"name\":\"R\u00e9plique Manga Cin\u00e9\",\"description\":\"\",\"publisher\":{\"@id\":\"https:\\\/\\\/repliquemangacine.fr\\\/#organization\"},\"potentialAction\":[{\"@type\":\"SearchAction\",\"target\":{\"@type\":\"EntryPoint\",\"urlTemplate\":\"https:\\\/\\\/repliquemangacine.fr\\\/?s={search_term_string}\"},\"query-input\":{\"@type\":\"PropertyValueSpecification\",\"valueRequired\":true,\"valueName\":\"search_term_string\"}}],\"inLanguage\":\"es\"},{\"@type\":\"Organization\",\"@id\":\"https:\\\/\\\/repliquemangacine.fr\\\/#organization\",\"name\":\"R\u00e9plique Manga Cin\u00e9\",\"url\":\"https:\\\/\\\/repliquemangacine.fr\\\/\",\"logo\":{\"@type\":\"ImageObject\",\"inLanguage\":\"es\",\"@id\":\"https:\\\/\\\/repliquemangacine.fr\\\/#\\\/schema\\\/logo\\\/image\\\/\",\"url\":\"https:\\\/\\\/repliquemangacine.fr\\\/wp-content\\\/uploads\\\/2023\\\/10\\\/RMC-500250.png\",\"contentUrl\":\"https:\\\/\\\/repliquemangacine.fr\\\/wp-content\\\/uploads\\\/2023\\\/10\\\/RMC-500250.png\",\"width\":500,\"height\":250,\"caption\":\"R\u00e9plique Manga Cin\u00e9\"},\"image\":{\"@id\":\"https:\\\/\\\/repliquemangacine.fr\\\/#\\\/schema\\\/logo\\\/image\\\/\"},\"sameAs\":[\"https:\\\/\\\/www.facebook.com\\\/RepliqueMangaCine\",\"https:\\\/\\\/www.instagram.com\\\/repliquemangacine.fr\\\/\"]}]}<\/script>\n<!-- \/ Yoast SEO plugin. -->","yoast_head_json":{"title":"Katana Sanda\u00ef Kitetsu Iluminada (LED) - Una pieza - R\u00e9plique Manga Cin\u00e9","description":"En exclusiva Descubre esta brillante Katana Sanda\u00ef Kitetsu de One Piece. Hoja de acero y ABS con LEDs en el interior. Bot\u00f3n de encendido\/apagado. 104 cm de largo","robots":{"index":"index","follow":"follow","max-snippet":"max-snippet:-1","max-image-preview":"max-image-preview:large","max-video-preview":"max-video-preview:-1"},"canonical":"https:\/\/repliquemangacine.fr\/es\/katana-luminosa\/katana-sandai-kitetsu-luminosa-led-una-pieza\/","og_locale":"es_ES","og_type":"article","og_title":"Katana Sanda\u00ef Kitetsu Lumineux (Leds) - One-Piece - R\u00e9plique Manga Cin\u00e9","og_description":"Exclusif ! D\u00e9couvrez ce Katana Sanda\u00ef Kitetsu Lumineux de One Piece. Lame en acier et ABS avec Leds \u00e0 l'int\u00e9rieur. Bouton marche\/arr\u00eat. 104 cm","og_url":"https:\/\/repliquemangacine.fr\/es\/katana-luminosa\/katana-sandai-kitetsu-luminosa-led-una-pieza\/","og_site_name":"R\u00e9plique Manga Cin\u00e9","article_publisher":"https:\/\/www.facebook.com\/RepliqueMangaCine","article_modified_time":"2026-04-16T16:24:34+00:00","og_image":[{"width":500,"height":500,"url":"https:\/\/repliquemangacine.fr\/wp-content\/uploads\/2025\/01\/Katana-Sandai-Kitetsu-Lumineux-One-Piece.jpg","type":"image\/jpeg"}],"twitter_card":"summary_large_image","twitter_misc":{"Tiempo de lectura":"3 minutos"},"schema":{"@context":"https:\/\/schema.org","@graph":[{"@type":"WebPage","@id":"https:\/\/repliquemangacine.fr\/katana-lumineux\/katana-sandai-kitetsu-lumineux-leds-one-piece\/","url":"https:\/\/repliquemangacine.fr\/katana-lumineux\/katana-sandai-kitetsu-lumineux-leds-one-piece\/","name":"Katana Sanda\u00ef Kitetsu Iluminada (LED) - Una pieza - R\u00e9plique Manga Cin\u00e9","isPartOf":{"@id":"https:\/\/repliquemangacine.fr\/#website"},"primaryImageOfPage":{"@id":"https:\/\/repliquemangacine.fr\/katana-lumineux\/katana-sandai-kitetsu-lumineux-leds-one-piece\/#primaryimage"},"image":{"@id":"https:\/\/repliquemangacine.fr\/katana-lumineux\/katana-sandai-kitetsu-lumineux-leds-one-piece\/#primaryimage"},"thumbnailUrl":"https:\/\/repliquemangacine.fr\/wp-content\/uploads\/2025\/01\/Katana-Sandai-Kitetsu-Lumineux-One-Piece.jpg","datePublished":"2025-01-21T18:27:53+00:00","dateModified":"2026-04-16T16:24:34+00:00","description":"En exclusiva Descubre esta brillante Katana Sanda\u00ef Kitetsu de One Piece. Hoja de acero y ABS con LEDs en el interior. Bot\u00f3n de encendido\/apagado. 104 cm de largo","breadcrumb":{"@id":"https:\/\/repliquemangacine.fr\/katana-lumineux\/katana-sandai-kitetsu-lumineux-leds-one-piece\/#breadcrumb"},"inLanguage":"es","potentialAction":[{"@type":"ReadAction","target":["https:\/\/repliquemangacine.fr\/katana-lumineux\/katana-sandai-kitetsu-lumineux-leds-one-piece\/"]}]},{"@type":"ImageObject","inLanguage":"es","@id":"https:\/\/repliquemangacine.fr\/katana-lumineux\/katana-sandai-kitetsu-lumineux-leds-one-piece\/#primaryimage","url":"https:\/\/repliquemangacine.fr\/wp-content\/uploads\/2025\/01\/Katana-Sandai-Kitetsu-Lumineux-One-Piece.jpg","contentUrl":"https:\/\/repliquemangacine.fr\/wp-content\/uploads\/2025\/01\/Katana-Sandai-Kitetsu-Lumineux-One-Piece.jpg","width":500,"height":500,"caption":"Katana Sanda\u00ef Kitetsu Lumineux One Pi\u00e8ce"},{"@type":"BreadcrumbList","@id":"https:\/\/repliquemangacine.fr\/katana-lumineux\/katana-sandai-kitetsu-lumineux-leds-one-piece\/#breadcrumb","itemListElement":[{"@type":"ListItem","position":1,"name":"Accueil","item":"https:\/\/repliquemangacine.fr\/"},{"@type":"ListItem","position":2,"name":"Produits","item":"https:\/\/repliquemangacine.fr\/boutique\/"},{"@type":"ListItem","position":3,"name":"Katana Sanda\u00ef Kitetsu Lumineux (Leds) &#8211; One-Piece"}]},{"@type":"WebSite","@id":"https:\/\/repliquemangacine.fr\/#website","url":"https:\/\/repliquemangacine.fr\/","name":"R\u00e9plique Manga Cin\u00e9","description":"","publisher":{"@id":"https:\/\/repliquemangacine.fr\/#organization"},"potentialAction":[{"@type":"SearchAction","target":{"@type":"EntryPoint","urlTemplate":"https:\/\/repliquemangacine.fr\/?s={search_term_string}"},"query-input":{"@type":"PropertyValueSpecification","valueRequired":true,"valueName":"search_term_string"}}],"inLanguage":"es"},{"@type":"Organization","@id":"https:\/\/repliquemangacine.fr\/#organization","name":"R\u00e9plique Manga Cin\u00e9","url":"https:\/\/repliquemangacine.fr\/","logo":{"@type":"ImageObject","inLanguage":"es","@id":"https:\/\/repliquemangacine.fr\/#\/schema\/logo\/image\/","url":"https:\/\/repliquemangacine.fr\/wp-content\/uploads\/2023\/10\/RMC-500250.png","contentUrl":"https:\/\/repliquemangacine.fr\/wp-content\/uploads\/2023\/10\/RMC-500250.png","width":500,"height":250,"caption":"R\u00e9plique Manga Cin\u00e9"},"image":{"@id":"https:\/\/repliquemangacine.fr\/#\/schema\/logo\/image\/"},"sameAs":["https:\/\/www.facebook.com\/RepliqueMangaCine","https:\/\/www.instagram.com\/repliquemangacine.fr\/"]}]}},"_links":{"self":[{"href":"https:\/\/repliquemangacine.fr\/es\/wp-json\/wp\/v2\/product\/81430","targetHints":{"allow":["GET"]}}],"collection":[{"href":"https:\/\/repliquemangacine.fr\/es\/wp-json\/wp\/v2\/product"}],"about":[{"href":"https:\/\/repliquemangacine.fr\/es\/wp-json\/wp\/v2\/types\/product"}],"wp:featuredmedia":[{"embeddable":true,"href":"https:\/\/repliquemangacine.fr\/es\/wp-json\/wp\/v2\/media\/81431"}],"wp:attachment":[{"href":"https:\/\/repliquemangacine.fr\/es\/wp-json\/wp\/v2\/media?parent=81430"}],"wp:term":[{"taxonomy":"product_brand","embeddable":true,"href":"https:\/\/repliquemangacine.fr\/es\/wp-json\/wp\/v2\/product_brand?post=81430"},{"taxonomy":"product_cat","embeddable":true,"href":"https:\/\/repliquemangacine.fr\/es\/wp-json\/wp\/v2\/product_cat?post=81430"},{"taxonomy":"product_tag","embeddable":true,"href":"https:\/\/repliquemangacine.fr\/es\/wp-json\/wp\/v2\/product_tag?post=81430"}],"curies":[{"name":"wp","href":"https:\/\/api.w.org\/{rel}","templated":true}]}}