





{"id":81422,"date":"2025-01-21T19:12:35","date_gmt":"2025-01-21T18:12:35","guid":{"rendered":"https:\/\/repliquemangacine.fr\/?post_type=product&#038;p=81422"},"modified":"2026-03-08T11:37:38","modified_gmt":"2026-03-08T10:37:38","slug":"katana-wado-ichimonji-pieza-unica-luminosa","status":"publish","type":"product","link":"https:\/\/repliquemangacine.fr\/es\/katana-lumineux-one-piece\/katana-wado-ichimonji-lumineux-one-piece\/","title":{"rendered":"Katana Iluminada Wado Ichimonji (Leds)- One Piece"},"content":{"rendered":"<h2>Katana Wado Ichimonji luminosa - La emblem\u00e1tica espada de Zoro finalmente disponible<\/h2>\n<p>En primer lugar, la luminosa katana Wado Ichimonji, una de las espadas m\u00e1s emblem\u00e1ticas de Roronoa Zoro en <a href=\"https:\/\/onepiece.fandom.com\/fr\/wiki\/One_Piece_Encyclop%C3%A9die\" target=\"_blank\" rel=\"noopener noreferrer\">Una pieza<\/a>. Heredada de su amiga de la infancia Kuina, esta espada de alta calidad es una r\u00e9plica fiel, con un dise\u00f1o cuidado y unos acabados excepcionales. Su hoja met\u00e1lica en la parte superior y su parte inferior de ABS grueso con LED integrados le confieren un efecto luminoso impresionante. Perfecto para coleccionistas y cosplayers. Su discreto bot\u00f3n de encendido\/apagado, muy f\u00e1cil de usar, permite activar la iluminaci\u00f3n con total sencillez.<\/p>\n<p>La guarda met\u00e1lica de forma espec\u00edfica. La empu\u00f1adura recubierta con una trenza de algod\u00f3n blanco. La funda de madera blanca adornada con dorados rinde homenaje al dise\u00f1o noble y elegante de esta legendaria espada. Con una longitud total de 105 cm y un peso de 1306 g con funda. Esta katana luminosa es una pieza ideal para cualquier aficionado a One Piece.<\/p>\n<h2>Una espada legendaria con un dise\u00f1o aut\u00e9ntico y luminoso<\/h2>\n<p>La katana Wado Ichimonji luminosa, una pieza \u00fanica que combina tradici\u00f3n y modernidad gracias a su sistema LED integrado. Su hoja de 72,5 cm se ilumina para ofrecer un efecto espectacular en puestas en escena o exposiciones. La punta del mango es extra\u00edble, lo que permite insertar dos pilas AAA (no incluidas). De este modo, se garantiza un uso sencillo y pr\u00e1ctico sin alterar el dise\u00f1o aut\u00e9ntico de la katana.<\/p>\n<p>Esta espada es ideal para los fans de One Piece, ya sean coleccionistas o cosplayers. Su funda de madera blanca con adornos dorados refleja la nobleza y el poder de la katana de Zoro, una de las 21 O Wazamono, espadas excepcionales del universo del manga. Con un acabado de alta gama, materiales resistentes y un realismo impresionante, esta r\u00e9plica realzar\u00e1 tu colecci\u00f3n y te sumergir\u00e1 en el coraz\u00f3n de la aventura de Grand Line.<\/p>\n<h2>Una colecci\u00f3n completa de katanas de One Piece para todos los aficionados<\/h2>\n<p>Si eres fan de One Piece, no te pierdas nuestra colecci\u00f3n de katanas inspiradas en el mundo del manga. Adem\u00e1s de la luminosa katana Wado Ichimonji, encontrar\u00e1s otras espadas legendarias. Como la <a href=\"https:\/\/repliquemangacine.fr\/es\/katana-ligera-de-una-pieza\/katana-enma-led-luz-una-pieza\/\">Enma katana ligera<\/a>la poderosa hoja violeta, y <a href=\"https:\/\/repliquemangacine.fr\/es\/katana-de-una-pieza\/katana-shusui-luminosa-de-una-pieza\/\">Shusui, la espada negra maldita<\/a>. Tambi\u00e9n est\u00e1 la Sandai Kitetsu, una katana maldita con una hoja temible, as\u00ed como otras armas emblem\u00e1ticas como Yoru, la gigantesca espada de Dracule Mihawk.<\/p>\n<p>Tanto si buscas una r\u00e9plica con hoja de metal, una katana de madera para cosplay o un modelo luminoso con LED integrados, nuestra colecci\u00f3n te ofrece una gama completa para satisfacer a todos los aficionados. Cada pieza est\u00e1 fabricada con un cuidado excepcional por los detalles, lo que garantiza su autenticidad y calidad. En resumen, \u00a1m\u00e9tete en la piel del mejor espadach\u00edn de Grand Line y elige tu espada ahora mismo!<\/p>","protected":false},"excerpt":{"rendered":"<p>Magn\u00edfica r\u00e9plica de la Katana Ichimonji en versi\u00f3n luminosa (LEDs) de One Piece<\/p>\n<ul>\n<li>Hoja met\u00e1lica en la parte superior, fondo grueso de ABS con LED en el interior.<\/li>\n<li>Bot\u00f3n de encendido\/apagado discreto y f\u00e1cil de usar<\/li>\n<li>Protector met\u00e1lico con forma especial<\/li>\n<li>Mango recubierto de trenza de algod\u00f3n blanco&amp;amp;amp;amp;amp;amp;lt;\/li&gt;<\/li>\n<li>El extremo del mango se puede separar para insertar dos pilas AAA (no incluidas)<\/li><li>Funda de madera blanca con extremos dorados.<\/li>\n<li>Longitud de la hoja: 72,5<\/li>\n<li>cm - Longitud total: 105 cm - Peso: 1306 g (con vaina)<\/li>\n<\/ul>","protected":false},"featured_media":81423,"template":"","meta":[],"product_brand":[896],"product_cat":[868,871,36],"product_tag":[],"class_list":{"0":"post-81422","1":"product","2":"type-product","3":"status-publish","4":"has-post-thumbnail","6":"product_brand-replique-manga-cine","7":"product_cat-katana-lumineux","8":"product_cat-katana-lumineux-one-piece","9":"product_cat-katana-one-piece","11":"first","12":"instock","13":"sale","14":"taxable","15":"shipping-taxable","16":"purchasable","17":"product-type-simple"},"yoast_head":"<!-- This site is optimized with the Yoast SEO plugin v27.4 - https:\/\/yoast.com\/product\/yoast-seo-wordpress\/ -->\n<title>Katana Wado Ichimonji Lumineux (Leds)- One Piece - R\u00e9plique Manga Cin\u00e9<\/title>\n<meta name=\"description\" content=\"En exclusivit\u00e9 ! Retrouvez le Katana Wado Ichimonji Lumineux dans One Piece. Bouton marche arr\u00eat. Lame en acier et ABS contenant les Leds. 105 cm\" \/>\n<meta name=\"robots\" content=\"index, follow, max-snippet:-1, max-image-preview:large, max-video-preview:-1\" \/>\n<link rel=\"canonical\" href=\"https:\/\/repliquemangacine.fr\/es\/katana-ligera-de-una-pieza\/katana-wado-ichimonji-pieza-unica-luminosa\/\" \/>\n<meta property=\"og:locale\" content=\"es_ES\" \/>\n<meta property=\"og:type\" content=\"article\" \/>\n<meta property=\"og:title\" content=\"Katana Wado Ichimonji Lumineux (Leds)- One Piece - R\u00e9plique Manga Cin\u00e9\" \/>\n<meta property=\"og:description\" content=\"En exclusivit\u00e9 ! Retrouvez le Katana Wado Ichimonji Lumineux dans One Piece. Bouton marche arr\u00eat. Lame en acier et ABS contenant les Leds. 105 cm\" \/>\n<meta property=\"og:url\" content=\"https:\/\/repliquemangacine.fr\/es\/katana-ligera-de-una-pieza\/katana-wado-ichimonji-pieza-unica-luminosa\/\" \/>\n<meta property=\"og:site_name\" content=\"R\u00e9plique Manga Cin\u00e9\" \/>\n<meta property=\"article:publisher\" content=\"https:\/\/www.facebook.com\/RepliqueMangaCine\" \/>\n<meta property=\"article:modified_time\" content=\"2026-03-08T10:37:38+00:00\" \/>\n<meta property=\"og:image\" content=\"https:\/\/repliquemangacine.fr\/wp-content\/uploads\/2025\/01\/Katana-Ichimonji-Lumineux-One-Piece.jpg\" \/>\n\t<meta property=\"og:image:width\" content=\"500\" \/>\n\t<meta property=\"og:image:height\" content=\"500\" \/>\n\t<meta property=\"og:image:type\" content=\"image\/jpeg\" \/>\n<meta name=\"twitter:card\" content=\"summary_large_image\" \/>\n<meta name=\"twitter:label1\" content=\"Tiempo de lectura\" \/>\n\t<meta name=\"twitter:data1\" content=\"3 minutos\" \/>\n<script type=\"application\/ld+json\" class=\"yoast-schema-graph\">{\"@context\":\"https:\\\/\\\/schema.org\",\"@graph\":[{\"@type\":\"WebPage\",\"@id\":\"https:\\\/\\\/repliquemangacine.fr\\\/katana-lumineux-one-piece\\\/katana-wado-ichimonji-lumineux-one-piece\\\/\",\"url\":\"https:\\\/\\\/repliquemangacine.fr\\\/katana-lumineux-one-piece\\\/katana-wado-ichimonji-lumineux-one-piece\\\/\",\"name\":\"Katana Wado Ichimonji Lumineux (Leds)- One Piece - R\u00e9plique Manga Cin\u00e9\",\"isPartOf\":{\"@id\":\"https:\\\/\\\/repliquemangacine.fr\\\/#website\"},\"primaryImageOfPage\":{\"@id\":\"https:\\\/\\\/repliquemangacine.fr\\\/katana-lumineux-one-piece\\\/katana-wado-ichimonji-lumineux-one-piece\\\/#primaryimage\"},\"image\":{\"@id\":\"https:\\\/\\\/repliquemangacine.fr\\\/katana-lumineux-one-piece\\\/katana-wado-ichimonji-lumineux-one-piece\\\/#primaryimage\"},\"thumbnailUrl\":\"https:\\\/\\\/repliquemangacine.fr\\\/wp-content\\\/uploads\\\/2025\\\/01\\\/Katana-Ichimonji-Lumineux-One-Piece.jpg\",\"datePublished\":\"2025-01-21T18:12:35+00:00\",\"dateModified\":\"2026-03-08T10:37:38+00:00\",\"description\":\"En exclusivit\u00e9 ! Retrouvez le Katana Wado Ichimonji Lumineux dans One Piece. Bouton marche arr\u00eat. Lame en acier et ABS contenant les Leds. 105 cm\",\"breadcrumb\":{\"@id\":\"https:\\\/\\\/repliquemangacine.fr\\\/katana-lumineux-one-piece\\\/katana-wado-ichimonji-lumineux-one-piece\\\/#breadcrumb\"},\"inLanguage\":\"es\",\"potentialAction\":[{\"@type\":\"ReadAction\",\"target\":[\"https:\\\/\\\/repliquemangacine.fr\\\/katana-lumineux-one-piece\\\/katana-wado-ichimonji-lumineux-one-piece\\\/\"]}]},{\"@type\":\"ImageObject\",\"inLanguage\":\"es\",\"@id\":\"https:\\\/\\\/repliquemangacine.fr\\\/katana-lumineux-one-piece\\\/katana-wado-ichimonji-lumineux-one-piece\\\/#primaryimage\",\"url\":\"https:\\\/\\\/repliquemangacine.fr\\\/wp-content\\\/uploads\\\/2025\\\/01\\\/Katana-Ichimonji-Lumineux-One-Piece.jpg\",\"contentUrl\":\"https:\\\/\\\/repliquemangacine.fr\\\/wp-content\\\/uploads\\\/2025\\\/01\\\/Katana-Ichimonji-Lumineux-One-Piece.jpg\",\"width\":500,\"height\":500,\"caption\":\"Katana Ichimonji Lumineux One Piece\"},{\"@type\":\"BreadcrumbList\",\"@id\":\"https:\\\/\\\/repliquemangacine.fr\\\/katana-lumineux-one-piece\\\/katana-wado-ichimonji-lumineux-one-piece\\\/#breadcrumb\",\"itemListElement\":[{\"@type\":\"ListItem\",\"position\":1,\"name\":\"Accueil\",\"item\":\"https:\\\/\\\/repliquemangacine.fr\\\/\"},{\"@type\":\"ListItem\",\"position\":2,\"name\":\"Produits\",\"item\":\"https:\\\/\\\/repliquemangacine.fr\\\/boutique\\\/\"},{\"@type\":\"ListItem\",\"position\":3,\"name\":\"Katana Wado Ichimonji Lumineux (Leds)- One Piece\"}]},{\"@type\":\"WebSite\",\"@id\":\"https:\\\/\\\/repliquemangacine.fr\\\/#website\",\"url\":\"https:\\\/\\\/repliquemangacine.fr\\\/\",\"name\":\"R\u00e9plique Manga Cin\u00e9\",\"description\":\"\",\"publisher\":{\"@id\":\"https:\\\/\\\/repliquemangacine.fr\\\/#organization\"},\"potentialAction\":[{\"@type\":\"SearchAction\",\"target\":{\"@type\":\"EntryPoint\",\"urlTemplate\":\"https:\\\/\\\/repliquemangacine.fr\\\/?s={search_term_string}\"},\"query-input\":{\"@type\":\"PropertyValueSpecification\",\"valueRequired\":true,\"valueName\":\"search_term_string\"}}],\"inLanguage\":\"es\"},{\"@type\":\"Organization\",\"@id\":\"https:\\\/\\\/repliquemangacine.fr\\\/#organization\",\"name\":\"R\u00e9plique Manga Cin\u00e9\",\"url\":\"https:\\\/\\\/repliquemangacine.fr\\\/\",\"logo\":{\"@type\":\"ImageObject\",\"inLanguage\":\"es\",\"@id\":\"https:\\\/\\\/repliquemangacine.fr\\\/#\\\/schema\\\/logo\\\/image\\\/\",\"url\":\"https:\\\/\\\/repliquemangacine.fr\\\/wp-content\\\/uploads\\\/2023\\\/10\\\/RMC-500250.png\",\"contentUrl\":\"https:\\\/\\\/repliquemangacine.fr\\\/wp-content\\\/uploads\\\/2023\\\/10\\\/RMC-500250.png\",\"width\":500,\"height\":250,\"caption\":\"R\u00e9plique Manga Cin\u00e9\"},\"image\":{\"@id\":\"https:\\\/\\\/repliquemangacine.fr\\\/#\\\/schema\\\/logo\\\/image\\\/\"},\"sameAs\":[\"https:\\\/\\\/www.facebook.com\\\/RepliqueMangaCine\",\"https:\\\/\\\/www.instagram.com\\\/repliquemangacine.fr\\\/\"]}]}<\/script>\n<!-- \/ Yoast SEO plugin. -->","yoast_head_json":{"title":"Katana Iluminada Wado Ichimonji (Leds)- One Piece - R\u00e9plique Manga Cin\u00e9","description":"\u00a1Exclusivo! Encuentra la Katana Luminosa Wado Ichimonji en One Piece. Bot\u00f3n de encendido\/apagado. Hoja de acero y ABS con LED. 105 cm de largo","robots":{"index":"index","follow":"follow","max-snippet":"max-snippet:-1","max-image-preview":"max-image-preview:large","max-video-preview":"max-video-preview:-1"},"canonical":"https:\/\/repliquemangacine.fr\/es\/katana-ligera-de-una-pieza\/katana-wado-ichimonji-pieza-unica-luminosa\/","og_locale":"es_ES","og_type":"article","og_title":"Katana Wado Ichimonji Lumineux (Leds)- One Piece - R\u00e9plique Manga Cin\u00e9","og_description":"En exclusivit\u00e9 ! Retrouvez le Katana Wado Ichimonji Lumineux dans One Piece. Bouton marche arr\u00eat. Lame en acier et ABS contenant les Leds. 105 cm","og_url":"https:\/\/repliquemangacine.fr\/es\/katana-ligera-de-una-pieza\/katana-wado-ichimonji-pieza-unica-luminosa\/","og_site_name":"R\u00e9plique Manga Cin\u00e9","article_publisher":"https:\/\/www.facebook.com\/RepliqueMangaCine","article_modified_time":"2026-03-08T10:37:38+00:00","og_image":[{"width":500,"height":500,"url":"https:\/\/repliquemangacine.fr\/wp-content\/uploads\/2025\/01\/Katana-Ichimonji-Lumineux-One-Piece.jpg","type":"image\/jpeg"}],"twitter_card":"summary_large_image","twitter_misc":{"Tiempo de lectura":"3 minutos"},"schema":{"@context":"https:\/\/schema.org","@graph":[{"@type":"WebPage","@id":"https:\/\/repliquemangacine.fr\/katana-lumineux-one-piece\/katana-wado-ichimonji-lumineux-one-piece\/","url":"https:\/\/repliquemangacine.fr\/katana-lumineux-one-piece\/katana-wado-ichimonji-lumineux-one-piece\/","name":"Katana Iluminada Wado Ichimonji (Leds)- One Piece - R\u00e9plique Manga Cin\u00e9","isPartOf":{"@id":"https:\/\/repliquemangacine.fr\/#website"},"primaryImageOfPage":{"@id":"https:\/\/repliquemangacine.fr\/katana-lumineux-one-piece\/katana-wado-ichimonji-lumineux-one-piece\/#primaryimage"},"image":{"@id":"https:\/\/repliquemangacine.fr\/katana-lumineux-one-piece\/katana-wado-ichimonji-lumineux-one-piece\/#primaryimage"},"thumbnailUrl":"https:\/\/repliquemangacine.fr\/wp-content\/uploads\/2025\/01\/Katana-Ichimonji-Lumineux-One-Piece.jpg","datePublished":"2025-01-21T18:12:35+00:00","dateModified":"2026-03-08T10:37:38+00:00","description":"\u00a1Exclusivo! Encuentra la Katana Luminosa Wado Ichimonji en One Piece. Bot\u00f3n de encendido\/apagado. Hoja de acero y ABS con LED. 105 cm de largo","breadcrumb":{"@id":"https:\/\/repliquemangacine.fr\/katana-lumineux-one-piece\/katana-wado-ichimonji-lumineux-one-piece\/#breadcrumb"},"inLanguage":"es","potentialAction":[{"@type":"ReadAction","target":["https:\/\/repliquemangacine.fr\/katana-lumineux-one-piece\/katana-wado-ichimonji-lumineux-one-piece\/"]}]},{"@type":"ImageObject","inLanguage":"es","@id":"https:\/\/repliquemangacine.fr\/katana-lumineux-one-piece\/katana-wado-ichimonji-lumineux-one-piece\/#primaryimage","url":"https:\/\/repliquemangacine.fr\/wp-content\/uploads\/2025\/01\/Katana-Ichimonji-Lumineux-One-Piece.jpg","contentUrl":"https:\/\/repliquemangacine.fr\/wp-content\/uploads\/2025\/01\/Katana-Ichimonji-Lumineux-One-Piece.jpg","width":500,"height":500,"caption":"Katana Ichimonji Lumineux One Piece"},{"@type":"BreadcrumbList","@id":"https:\/\/repliquemangacine.fr\/katana-lumineux-one-piece\/katana-wado-ichimonji-lumineux-one-piece\/#breadcrumb","itemListElement":[{"@type":"ListItem","position":1,"name":"Accueil","item":"https:\/\/repliquemangacine.fr\/"},{"@type":"ListItem","position":2,"name":"Produits","item":"https:\/\/repliquemangacine.fr\/boutique\/"},{"@type":"ListItem","position":3,"name":"Katana Wado Ichimonji Lumineux (Leds)- One Piece"}]},{"@type":"WebSite","@id":"https:\/\/repliquemangacine.fr\/#website","url":"https:\/\/repliquemangacine.fr\/","name":"R\u00e9plique Manga Cin\u00e9","description":"","publisher":{"@id":"https:\/\/repliquemangacine.fr\/#organization"},"potentialAction":[{"@type":"SearchAction","target":{"@type":"EntryPoint","urlTemplate":"https:\/\/repliquemangacine.fr\/?s={search_term_string}"},"query-input":{"@type":"PropertyValueSpecification","valueRequired":true,"valueName":"search_term_string"}}],"inLanguage":"es"},{"@type":"Organization","@id":"https:\/\/repliquemangacine.fr\/#organization","name":"R\u00e9plique Manga Cin\u00e9","url":"https:\/\/repliquemangacine.fr\/","logo":{"@type":"ImageObject","inLanguage":"es","@id":"https:\/\/repliquemangacine.fr\/#\/schema\/logo\/image\/","url":"https:\/\/repliquemangacine.fr\/wp-content\/uploads\/2023\/10\/RMC-500250.png","contentUrl":"https:\/\/repliquemangacine.fr\/wp-content\/uploads\/2023\/10\/RMC-500250.png","width":500,"height":250,"caption":"R\u00e9plique Manga Cin\u00e9"},"image":{"@id":"https:\/\/repliquemangacine.fr\/#\/schema\/logo\/image\/"},"sameAs":["https:\/\/www.facebook.com\/RepliqueMangaCine","https:\/\/www.instagram.com\/repliquemangacine.fr\/"]}]}},"_links":{"self":[{"href":"https:\/\/repliquemangacine.fr\/es\/wp-json\/wp\/v2\/product\/81422","targetHints":{"allow":["GET"]}}],"collection":[{"href":"https:\/\/repliquemangacine.fr\/es\/wp-json\/wp\/v2\/product"}],"about":[{"href":"https:\/\/repliquemangacine.fr\/es\/wp-json\/wp\/v2\/types\/product"}],"wp:featuredmedia":[{"embeddable":true,"href":"https:\/\/repliquemangacine.fr\/es\/wp-json\/wp\/v2\/media\/81423"}],"wp:attachment":[{"href":"https:\/\/repliquemangacine.fr\/es\/wp-json\/wp\/v2\/media?parent=81422"}],"wp:term":[{"taxonomy":"product_brand","embeddable":true,"href":"https:\/\/repliquemangacine.fr\/es\/wp-json\/wp\/v2\/product_brand?post=81422"},{"taxonomy":"product_cat","embeddable":true,"href":"https:\/\/repliquemangacine.fr\/es\/wp-json\/wp\/v2\/product_cat?post=81422"},{"taxonomy":"product_tag","embeddable":true,"href":"https:\/\/repliquemangacine.fr\/es\/wp-json\/wp\/v2\/product_tag?post=81422"}],"curies":[{"name":"wp","href":"https:\/\/api.w.org\/{rel}","templated":true}]}}