





{"id":81413,"date":"2025-01-21T19:00:16","date_gmt":"2025-01-21T18:00:16","guid":{"rendered":"https:\/\/repliquemangacine.fr\/?post_type=product&#038;p=81413"},"modified":"2026-03-31T19:53:57","modified_gmt":"2026-03-31T17:53:57","slug":"katana-shusui-luminosa-de-una-pieza","status":"publish","type":"product","link":"https:\/\/repliquemangacine.fr\/es\/katana-one-piece\/katana-shusui-lumineux-one-piece\/","title":{"rendered":"Katana Shusui Iluminada (Leds)- One Piece"},"content":{"rendered":"<h2>Katana Shusui luminosa - La espada maldita del samur\u00e1i legendario<\/h2>\n<p>En primer lugar, descubre la katana luminosa Shusui, una r\u00e9plica impresionante de la m\u00edtica espada de Roronoa Zoro en One Piece. Antiguamente empu\u00f1ada por el famoso samur\u00e1i Ryuma. Esta espada negra, considerada un tesoro nacional del Pa\u00eds de Wano, es una de las espadas m\u00e1s poderosas que Zoro ha empu\u00f1ado jam\u00e1s. Su hoja de metal est\u00e1 finamente decorada en la parte superior y combinada con una parte inferior de ABS grueso con LED rosas integrados. De este modo, ofrece un efecto visual espectacular cuando se ilumina. Su discreto bot\u00f3n de encendido\/apagado es f\u00e1cil de usar. Permite activar la iluminaci\u00f3n con total sencillez, reforzando el aura m\u00edstica e imponente de esta espada legendaria.<\/p>\n<p>Con su distintiva guarda met\u00e1lica, su empu\u00f1adura recubierta de una trenza de algod\u00f3n negro y su funda lacada en negro magn\u00edficamente decorada. Esta katana es una pieza excepcional para coleccionistas y fans de One Piece. Con una longitud total de 104 cm y un peso equilibrado de 1160 g, esta r\u00e9plica combina est\u00e9tica, calidad y fidelidad a la obra original, para una inmersi\u00f3n total en el universo de los espadachines de Grand Line.<\/p>\n<h2>Una katana m\u00edtica con un dise\u00f1o impresionante y envolvente<\/h2>\n<p>La katana luminosa Shusui no solo destaca por su historia, sino tambi\u00e9n por su suntuoso dise\u00f1o y su acabado de alta gama. El efecto LED rosa integrado en la parte inferior de la hoja de ABS grueso le confiere una dimensi\u00f3n m\u00edstica y sobrenatural. Adem\u00e1s, recuerda el aura intimidante de esta espada negra. Su hoja de 67 cm, minuciosamente decorada, refleja a la perfecci\u00f3n la est\u00e9tica de Shusui en One Piece. Esto hace que esta r\u00e9plica sea ideal para cosplay, exposiciones o escenificaciones \u00e9picas.<\/p>\n<p>Gracias a su empu\u00f1adura extra\u00edble, que permite insertar dos pilas AAA (no incluidas), esta katana combina autenticidad y modernidad para ofrecer una experiencia inmersiva. Su vaina lacada en negro decorada a\u00f1ade un toque de elegancia y prestigio a esta ya de por s\u00ed impresionante arma. Tanto si eres coleccionista como si eres fan de One Piece, esta espada maldita realzar\u00e1 tu colecci\u00f3n y te sumergir\u00e1 en el universo de los m\u00e1s grandes samur\u00e1is del Pa\u00eds de Wano.<\/p>\n<h2>Una colecci\u00f3n completa de katanas luminosas y cl\u00e1sicas inspiradas en One Piece<\/h2>\n<p>Si le fascina la katana iluminada Shusui, le encantar\u00e1 descubrir nuestra completa gama de r\u00e9plicas fieles de las armas de <a href=\"https:\/\/onepiece.fandom.com\/fr\/wiki\/Roronoa_Zoro\" target=\"_blank\" rel=\"noopener noreferrer\">Roronoa Zoro<\/a> y otros espadachines legendarios. Descubre la luminosa katana Enma, la legendaria hoja que oblig\u00f3 a Zoro a superar sus l\u00edmites. Tambi\u00e9n est\u00e1 la <a href=\"https:\/\/repliquemangacine.fr\/es\/katana-luminosa\/katana-sandai-kitetsu-luminosa-led-una-pieza\/\">Sandai Kitetsu<\/a>, la espada maldita conocida por su temperamento impredecible. Sin olvidar la Wado Ichimonji, su emblem\u00e1tica katana blanca que sostiene entre los dientes, herencia de su juramento a Kuina.<\/p>\n<p>Nuestra colecci\u00f3n tambi\u00e9n incluye versiones met\u00e1licas para los puristas, modelos de madera para los cosplayers, as\u00ed como <a href=\"https:\/\/repliquemangacine.fr\/es\/katana-luminosa\/\">katanas luminosas<\/a> equipadas con LED para una inmersi\u00f3n total. Cada pieza est\u00e1 dise\u00f1ada con una excepcional atenci\u00f3n al detalle, garantizando calidad, realismo y robustez. \u00a1\u00danete a la \u00e9lite de los espadachines de Grand Line y elige ya tu katana!<\/p>","protected":false},"excerpt":{"rendered":"<p>Magn\u00edfica r\u00e9plica de la katana Shusui en versi\u00f3n luminosa (Leds) de One Piece<\/p>\n<ul>\n<li>Hoja met\u00e1lica decorada en la parte superior, fondo grueso de ABS con LED rosas en el interior.<\/li>\n<li>Bot\u00f3n de encendido\/apagado discreto y f\u00e1cil de usar<\/li>\n<li>Protector met\u00e1lico con forma especial<\/li>\n<li>Mango recubierto de trenza de algod\u00f3n negro<\/li>\n<li>El extremo del mango se puede separar para insertar dos pilas AAA (no suministradas)<\/li>\n<li>Vaina lacada y decorada en negro.<\/li>\n<li>Longitud de la hoja: 67 cm - Longitud total: 104 cm - Peso: 1160 g<\/li>\n<\/ul>","protected":false},"featured_media":81414,"template":"","meta":[],"product_brand":[896],"product_cat":[868,871,36],"product_tag":[],"class_list":{"0":"post-81413","1":"product","2":"type-product","3":"status-publish","4":"has-post-thumbnail","6":"product_brand-replique-manga-cine","7":"product_cat-katana-lumineux","8":"product_cat-katana-lumineux-one-piece","9":"product_cat-katana-one-piece","11":"first","12":"instock","13":"sale","14":"taxable","15":"shipping-taxable","16":"purchasable","17":"product-type-simple"},"yoast_head":"<!-- This site is optimized with the Yoast SEO plugin v27.4 - https:\/\/yoast.com\/product\/yoast-seo-wordpress\/ -->\n<title>Katana Shusui Lumineux (Leds)- One Piece - R\u00e9plique Manga Cin\u00e9<\/title>\n<meta name=\"description\" content=\"Exclusivit\u00e9 ! Katana Shusui Lumineux dans One piece. Bouton marche\/arr\u00eat. Lame en acier et en ABS contenant les LEDS. Fourreau Laqu\u00e9 d\u00e9cor\u00e9. 104 cm\" \/>\n<meta name=\"robots\" content=\"index, follow, max-snippet:-1, max-image-preview:large, max-video-preview:-1\" \/>\n<link rel=\"canonical\" href=\"https:\/\/repliquemangacine.fr\/es\/katana-de-una-pieza\/katana-shusui-luminosa-de-una-pieza\/\" \/>\n<meta property=\"og:locale\" content=\"es_ES\" \/>\n<meta property=\"og:type\" content=\"article\" \/>\n<meta property=\"og:title\" content=\"Katana Shusui Lumineux (Leds)- One Piece - R\u00e9plique Manga Cin\u00e9\" \/>\n<meta property=\"og:description\" content=\"Exclusivit\u00e9 ! Katana Shusui Lumineux dans One piece. Bouton marche\/arr\u00eat. Lame en acier et en ABS contenant les LEDS. Fourreau Laqu\u00e9 d\u00e9cor\u00e9. 104 cm\" \/>\n<meta property=\"og:url\" content=\"https:\/\/repliquemangacine.fr\/es\/katana-de-una-pieza\/katana-shusui-luminosa-de-una-pieza\/\" \/>\n<meta property=\"og:site_name\" content=\"R\u00e9plique Manga Cin\u00e9\" \/>\n<meta property=\"article:publisher\" content=\"https:\/\/www.facebook.com\/RepliqueMangaCine\" \/>\n<meta property=\"article:modified_time\" content=\"2026-03-31T17:53:57+00:00\" \/>\n<meta property=\"og:image\" content=\"https:\/\/repliquemangacine.fr\/wp-content\/uploads\/2025\/01\/Katana-Shusui-Lumineux-One-Piece.jpg\" \/>\n\t<meta property=\"og:image:width\" content=\"500\" \/>\n\t<meta property=\"og:image:height\" content=\"500\" \/>\n\t<meta property=\"og:image:type\" content=\"image\/jpeg\" \/>\n<meta name=\"twitter:card\" content=\"summary_large_image\" \/>\n<meta name=\"twitter:label1\" content=\"Tiempo de lectura\" \/>\n\t<meta name=\"twitter:data1\" content=\"3 minutos\" \/>\n<script type=\"application\/ld+json\" class=\"yoast-schema-graph\">{\"@context\":\"https:\\\/\\\/schema.org\",\"@graph\":[{\"@type\":\"WebPage\",\"@id\":\"https:\\\/\\\/repliquemangacine.fr\\\/katana-one-piece\\\/katana-shusui-lumineux-one-piece\\\/\",\"url\":\"https:\\\/\\\/repliquemangacine.fr\\\/katana-one-piece\\\/katana-shusui-lumineux-one-piece\\\/\",\"name\":\"Katana Shusui Lumineux (Leds)- One Piece - R\u00e9plique Manga Cin\u00e9\",\"isPartOf\":{\"@id\":\"https:\\\/\\\/repliquemangacine.fr\\\/#website\"},\"primaryImageOfPage\":{\"@id\":\"https:\\\/\\\/repliquemangacine.fr\\\/katana-one-piece\\\/katana-shusui-lumineux-one-piece\\\/#primaryimage\"},\"image\":{\"@id\":\"https:\\\/\\\/repliquemangacine.fr\\\/katana-one-piece\\\/katana-shusui-lumineux-one-piece\\\/#primaryimage\"},\"thumbnailUrl\":\"https:\\\/\\\/repliquemangacine.fr\\\/wp-content\\\/uploads\\\/2025\\\/01\\\/Katana-Shusui-Lumineux-One-Piece.jpg\",\"datePublished\":\"2025-01-21T18:00:16+00:00\",\"dateModified\":\"2026-03-31T17:53:57+00:00\",\"description\":\"Exclusivit\u00e9 ! Katana Shusui Lumineux dans One piece. Bouton marche\\\/arr\u00eat. Lame en acier et en ABS contenant les LEDS. Fourreau Laqu\u00e9 d\u00e9cor\u00e9. 104 cm\",\"breadcrumb\":{\"@id\":\"https:\\\/\\\/repliquemangacine.fr\\\/katana-one-piece\\\/katana-shusui-lumineux-one-piece\\\/#breadcrumb\"},\"inLanguage\":\"es\",\"potentialAction\":[{\"@type\":\"ReadAction\",\"target\":[\"https:\\\/\\\/repliquemangacine.fr\\\/katana-one-piece\\\/katana-shusui-lumineux-one-piece\\\/\"]}]},{\"@type\":\"ImageObject\",\"inLanguage\":\"es\",\"@id\":\"https:\\\/\\\/repliquemangacine.fr\\\/katana-one-piece\\\/katana-shusui-lumineux-one-piece\\\/#primaryimage\",\"url\":\"https:\\\/\\\/repliquemangacine.fr\\\/wp-content\\\/uploads\\\/2025\\\/01\\\/Katana-Shusui-Lumineux-One-Piece.jpg\",\"contentUrl\":\"https:\\\/\\\/repliquemangacine.fr\\\/wp-content\\\/uploads\\\/2025\\\/01\\\/Katana-Shusui-Lumineux-One-Piece.jpg\",\"width\":500,\"height\":500,\"caption\":\"Katana Shusui Lumineux One Piece\"},{\"@type\":\"BreadcrumbList\",\"@id\":\"https:\\\/\\\/repliquemangacine.fr\\\/katana-one-piece\\\/katana-shusui-lumineux-one-piece\\\/#breadcrumb\",\"itemListElement\":[{\"@type\":\"ListItem\",\"position\":1,\"name\":\"Accueil\",\"item\":\"https:\\\/\\\/repliquemangacine.fr\\\/\"},{\"@type\":\"ListItem\",\"position\":2,\"name\":\"Produits\",\"item\":\"https:\\\/\\\/repliquemangacine.fr\\\/boutique\\\/\"},{\"@type\":\"ListItem\",\"position\":3,\"name\":\"Katana Shusui Lumineux (Leds)- One Piece\"}]},{\"@type\":\"WebSite\",\"@id\":\"https:\\\/\\\/repliquemangacine.fr\\\/#website\",\"url\":\"https:\\\/\\\/repliquemangacine.fr\\\/\",\"name\":\"R\u00e9plique Manga Cin\u00e9\",\"description\":\"\",\"publisher\":{\"@id\":\"https:\\\/\\\/repliquemangacine.fr\\\/#organization\"},\"potentialAction\":[{\"@type\":\"SearchAction\",\"target\":{\"@type\":\"EntryPoint\",\"urlTemplate\":\"https:\\\/\\\/repliquemangacine.fr\\\/?s={search_term_string}\"},\"query-input\":{\"@type\":\"PropertyValueSpecification\",\"valueRequired\":true,\"valueName\":\"search_term_string\"}}],\"inLanguage\":\"es\"},{\"@type\":\"Organization\",\"@id\":\"https:\\\/\\\/repliquemangacine.fr\\\/#organization\",\"name\":\"R\u00e9plique Manga Cin\u00e9\",\"url\":\"https:\\\/\\\/repliquemangacine.fr\\\/\",\"logo\":{\"@type\":\"ImageObject\",\"inLanguage\":\"es\",\"@id\":\"https:\\\/\\\/repliquemangacine.fr\\\/#\\\/schema\\\/logo\\\/image\\\/\",\"url\":\"https:\\\/\\\/repliquemangacine.fr\\\/wp-content\\\/uploads\\\/2023\\\/10\\\/RMC-500250.png\",\"contentUrl\":\"https:\\\/\\\/repliquemangacine.fr\\\/wp-content\\\/uploads\\\/2023\\\/10\\\/RMC-500250.png\",\"width\":500,\"height\":250,\"caption\":\"R\u00e9plique Manga Cin\u00e9\"},\"image\":{\"@id\":\"https:\\\/\\\/repliquemangacine.fr\\\/#\\\/schema\\\/logo\\\/image\\\/\"},\"sameAs\":[\"https:\\\/\\\/www.facebook.com\\\/RepliqueMangaCine\",\"https:\\\/\\\/www.instagram.com\\\/repliquemangacine.fr\\\/\"]}]}<\/script>\n<!-- \/ Yoast SEO plugin. -->","yoast_head_json":{"title":"Katana Shusui Iluminada (Leds)- One Piece - R\u00e9plique Manga Cin\u00e9","description":"\u00a1Exclusivo! Katana Shusui luminosa de una pieza. Bot\u00f3n de encendido\/apagado. Hoja de acero y ABS con LED. Vaina lacada decorada. 104 cm","robots":{"index":"index","follow":"follow","max-snippet":"max-snippet:-1","max-image-preview":"max-image-preview:large","max-video-preview":"max-video-preview:-1"},"canonical":"https:\/\/repliquemangacine.fr\/es\/katana-de-una-pieza\/katana-shusui-luminosa-de-una-pieza\/","og_locale":"es_ES","og_type":"article","og_title":"Katana Shusui Lumineux (Leds)- One Piece - R\u00e9plique Manga Cin\u00e9","og_description":"Exclusivit\u00e9 ! Katana Shusui Lumineux dans One piece. Bouton marche\/arr\u00eat. Lame en acier et en ABS contenant les LEDS. Fourreau Laqu\u00e9 d\u00e9cor\u00e9. 104 cm","og_url":"https:\/\/repliquemangacine.fr\/es\/katana-de-una-pieza\/katana-shusui-luminosa-de-una-pieza\/","og_site_name":"R\u00e9plique Manga Cin\u00e9","article_publisher":"https:\/\/www.facebook.com\/RepliqueMangaCine","article_modified_time":"2026-03-31T17:53:57+00:00","og_image":[{"width":500,"height":500,"url":"https:\/\/repliquemangacine.fr\/wp-content\/uploads\/2025\/01\/Katana-Shusui-Lumineux-One-Piece.jpg","type":"image\/jpeg"}],"twitter_card":"summary_large_image","twitter_misc":{"Tiempo de lectura":"3 minutos"},"schema":{"@context":"https:\/\/schema.org","@graph":[{"@type":"WebPage","@id":"https:\/\/repliquemangacine.fr\/katana-one-piece\/katana-shusui-lumineux-one-piece\/","url":"https:\/\/repliquemangacine.fr\/katana-one-piece\/katana-shusui-lumineux-one-piece\/","name":"Katana Shusui Iluminada (Leds)- One Piece - R\u00e9plique Manga Cin\u00e9","isPartOf":{"@id":"https:\/\/repliquemangacine.fr\/#website"},"primaryImageOfPage":{"@id":"https:\/\/repliquemangacine.fr\/katana-one-piece\/katana-shusui-lumineux-one-piece\/#primaryimage"},"image":{"@id":"https:\/\/repliquemangacine.fr\/katana-one-piece\/katana-shusui-lumineux-one-piece\/#primaryimage"},"thumbnailUrl":"https:\/\/repliquemangacine.fr\/wp-content\/uploads\/2025\/01\/Katana-Shusui-Lumineux-One-Piece.jpg","datePublished":"2025-01-21T18:00:16+00:00","dateModified":"2026-03-31T17:53:57+00:00","description":"\u00a1Exclusivo! Katana Shusui luminosa de una pieza. Bot\u00f3n de encendido\/apagado. Hoja de acero y ABS con LED. Vaina lacada decorada. 104 cm","breadcrumb":{"@id":"https:\/\/repliquemangacine.fr\/katana-one-piece\/katana-shusui-lumineux-one-piece\/#breadcrumb"},"inLanguage":"es","potentialAction":[{"@type":"ReadAction","target":["https:\/\/repliquemangacine.fr\/katana-one-piece\/katana-shusui-lumineux-one-piece\/"]}]},{"@type":"ImageObject","inLanguage":"es","@id":"https:\/\/repliquemangacine.fr\/katana-one-piece\/katana-shusui-lumineux-one-piece\/#primaryimage","url":"https:\/\/repliquemangacine.fr\/wp-content\/uploads\/2025\/01\/Katana-Shusui-Lumineux-One-Piece.jpg","contentUrl":"https:\/\/repliquemangacine.fr\/wp-content\/uploads\/2025\/01\/Katana-Shusui-Lumineux-One-Piece.jpg","width":500,"height":500,"caption":"Katana Shusui Lumineux One Piece"},{"@type":"BreadcrumbList","@id":"https:\/\/repliquemangacine.fr\/katana-one-piece\/katana-shusui-lumineux-one-piece\/#breadcrumb","itemListElement":[{"@type":"ListItem","position":1,"name":"Accueil","item":"https:\/\/repliquemangacine.fr\/"},{"@type":"ListItem","position":2,"name":"Produits","item":"https:\/\/repliquemangacine.fr\/boutique\/"},{"@type":"ListItem","position":3,"name":"Katana Shusui Lumineux (Leds)- One Piece"}]},{"@type":"WebSite","@id":"https:\/\/repliquemangacine.fr\/#website","url":"https:\/\/repliquemangacine.fr\/","name":"R\u00e9plique Manga Cin\u00e9","description":"","publisher":{"@id":"https:\/\/repliquemangacine.fr\/#organization"},"potentialAction":[{"@type":"SearchAction","target":{"@type":"EntryPoint","urlTemplate":"https:\/\/repliquemangacine.fr\/?s={search_term_string}"},"query-input":{"@type":"PropertyValueSpecification","valueRequired":true,"valueName":"search_term_string"}}],"inLanguage":"es"},{"@type":"Organization","@id":"https:\/\/repliquemangacine.fr\/#organization","name":"R\u00e9plique Manga Cin\u00e9","url":"https:\/\/repliquemangacine.fr\/","logo":{"@type":"ImageObject","inLanguage":"es","@id":"https:\/\/repliquemangacine.fr\/#\/schema\/logo\/image\/","url":"https:\/\/repliquemangacine.fr\/wp-content\/uploads\/2023\/10\/RMC-500250.png","contentUrl":"https:\/\/repliquemangacine.fr\/wp-content\/uploads\/2023\/10\/RMC-500250.png","width":500,"height":250,"caption":"R\u00e9plique Manga Cin\u00e9"},"image":{"@id":"https:\/\/repliquemangacine.fr\/#\/schema\/logo\/image\/"},"sameAs":["https:\/\/www.facebook.com\/RepliqueMangaCine","https:\/\/www.instagram.com\/repliquemangacine.fr\/"]}]}},"_links":{"self":[{"href":"https:\/\/repliquemangacine.fr\/es\/wp-json\/wp\/v2\/product\/81413","targetHints":{"allow":["GET"]}}],"collection":[{"href":"https:\/\/repliquemangacine.fr\/es\/wp-json\/wp\/v2\/product"}],"about":[{"href":"https:\/\/repliquemangacine.fr\/es\/wp-json\/wp\/v2\/types\/product"}],"wp:featuredmedia":[{"embeddable":true,"href":"https:\/\/repliquemangacine.fr\/es\/wp-json\/wp\/v2\/media\/81414"}],"wp:attachment":[{"href":"https:\/\/repliquemangacine.fr\/es\/wp-json\/wp\/v2\/media?parent=81413"}],"wp:term":[{"taxonomy":"product_brand","embeddable":true,"href":"https:\/\/repliquemangacine.fr\/es\/wp-json\/wp\/v2\/product_brand?post=81413"},{"taxonomy":"product_cat","embeddable":true,"href":"https:\/\/repliquemangacine.fr\/es\/wp-json\/wp\/v2\/product_cat?post=81413"},{"taxonomy":"product_tag","embeddable":true,"href":"https:\/\/repliquemangacine.fr\/es\/wp-json\/wp\/v2\/product_tag?post=81413"}],"curies":[{"name":"wp","href":"https:\/\/api.w.org\/{rel}","templated":true}]}}