





{"id":81327,"date":"2025-01-18T19:21:33","date_gmt":"2025-01-18T18:21:33","guid":{"rendered":"https:\/\/repliquemangacine.fr\/?post_type=product&#038;p=81327"},"modified":"2025-11-13T14:44:42","modified_gmt":"2025-11-13T13:44:42","slug":"zelda-princesa-del-crepusculo-espada-la-leyenda-de-zelda","status":"publish","type":"product","link":"https:\/\/repliquemangacine.fr\/es\/epee-zelda\/epee-princesse-zelda-twilight-princess-la-legende-de-zelda\/","title":{"rendered":"Espada de la Princesa Zelda - Twilight Princess"},"content":{"rendered":"<h2>La Espada de la Princesa Zelda - Una r\u00e9plica majestuosa y refinada<\/h2>\n<p>En primer lugar, descubre la Espada de la Princesa Zelda, una suntuosa r\u00e9plica inspirada en el legendario juego The Legend of Zelda: Twilight Princess. Esta elegante espada encarna a la perfecci\u00f3n la nobleza y el poder de la soberana de<a href=\"https:\/\/zelda.fandom.com\/fr\/wiki\/Hyrule_(Breath_of_the_Wild)\" target=\"_blank\" rel=\"noopener noreferrer\">Hyrule<\/a>. Esto convierte a esta espada en un objeto imprescindible para coleccionistas y aficionados al universo Zelda. Fabricada \u00edntegramente en fibra de vidrio, ofrece un equilibrio perfecto entre ligereza, solidez y realismo, lo que garantiza un agarre c\u00f3modo y una durabilidad excepcional.<\/p>\n<p>Con una hoja de 85 cm de largo y una longitud total de 116 cm, esta r\u00e9plica destaca por su aspecto majestuoso y sus cuidados acabados. Tanto si desea exhibirla, enriquecer su colecci\u00f3n o llevarla en sus cosplays de la princesa Zelda o de un caballero de Hyrule, esta espada le transportar\u00e1 instant\u00e1neamente al m\u00e1gico universo de la saga. Gracias a su ligero peso de 715 g, es tan manejable como impresionante, ideal para dar vida a sus aventuras.<\/p>\n<h2>Dise\u00f1o meticuloso y materiales de alta calidad<\/h2>\n<p>La espada de la princesa Zelda no es una simple r\u00e9plica. Es el resultado de un minucioso trabajo destinado a capturar toda la elegancia y majestuosidad del arma legendaria. Fabricada en fibra de vidrio, ofrece una resistencia extraordinaria sin dejar de ser ligera, lo que la convierte en una espada tan est\u00e9tica como pr\u00e1ctica. Su refinado dise\u00f1o, inspirado en el juego Twilight Princess, evoca a la perfecci\u00f3n el aura real de Zelda y el legado de la Trifuerza.<\/p>\n<p>Adem\u00e1s, los detalles de esta espada est\u00e1n finamente reproducidos, lo que ofrece una inmersi\u00f3n total a los fans de la franquicia. Ya sea para adornar tu colecci\u00f3n, acompa\u00f1ar un disfraz de cosplay o simplemente poseer un objeto excepcional, esta r\u00e9plica seducir\u00e1 a los amantes del universo Zelda y a los apasionados de las armas fant\u00e1sticas. Su mezcla de detalles hist\u00f3ricos y toques heroicos la convierten en una verdadera joya que vale la pena poseer.<\/p>\n<h2>Completa tu colecci\u00f3n con otras armas emblem\u00e1ticas de Zelda y los videojuegos<\/h2>\n<p>La Espada de la Princesa Zelda es una pieza \u00fanica que enriquecer\u00e1 tu colecci\u00f3n, pero \u00bfpor qu\u00e9 detenerse ah\u00ed? Encontrar\u00e1s otras armas ic\u00f3nicas del universo de The Legend of Zelda, como la imperdible <a href=\"https:\/\/repliquemangacine.fr\/es\/espada-de-zelda\/espada-maestra-espada-zelda\/\">Espada maestra<\/a>La famosa espada de Link. Y accesorios emblem\u00e1ticos como el <a href=\"https:\/\/repliquemangacine.fr\/es\/espada-de-zelda\/escudo-hylia-zelda-escudo-hylia\/\">Escudo de Hylia<\/a>. Sum\u00e9rgete en la magia de la saga reuniendo los artefactos m\u00e1s poderosos y emblem\u00e1ticos de Hyrule.<\/p>\n<p>Y si te apasionan las espadas de los videojuegos, no te pierdas nuestras r\u00e9plicas inspiradas en universos legendarios como Final Fantasy, Elden Ring, Devil May Cry y muchos m\u00e1s. Tanto si eres coleccionista, aficionado al cosplay o fan\u00e1tico de la fantas\u00eda. Cabe destacar que nuestra selecci\u00f3n te ofrece piezas de alta calidad, fieles a los dise\u00f1os originales y concebidas para capturar toda la magia de los mundos virtuales. En conclusi\u00f3n, \u00a1a\u00f1ade la espada de la princesa Zelda a tu colecci\u00f3n y encarna la elegancia y el poder de la soberana de Hyrule!<\/p>","protected":false},"excerpt":{"rendered":"<p>La espada de la princesa Zelda en Twilight Princess es sorprendente.<\/p>\n<p>&nbsp;<\/p>\n<ul>\n<li>Todo fibra de vidrio<\/li>\n<li>Materiales de alta calidad<\/li>\n<li>Combina elegancia, ligereza y durabilidad.<\/li>\n<li>Ideal para tus cosplays&lt;<\/li>\n<\/ul>\n<p>&nbsp;<\/p>\n<ul>\/li&gt;<\/p>\n<li>Longitud de la hoja: 85 cm - Longitud total: 116 cm<\/li>\n<li>Peso: 715 g<\/li>\n<\/ul>","protected":false},"featured_media":81329,"template":"","meta":[],"product_brand":[896],"product_cat":[56],"product_tag":[],"class_list":{"0":"post-81327","1":"product","2":"type-product","3":"status-publish","4":"has-post-thumbnail","6":"product_brand-replique-manga-cine","7":"product_cat-epee-zelda","9":"first","10":"instock","11":"taxable","12":"shipping-taxable","13":"purchasable","14":"product-type-simple"},"yoast_head":"<!-- This site is optimized with the Yoast SEO plugin v27.4 - https:\/\/yoast.com\/product\/yoast-seo-wordpress\/ -->\n<title>\u00c9p\u00e9e Princesse Zelda - Twilight Princess - R\u00e9plique Manga Cin\u00e9<\/title>\n<meta name=\"description\" content=\"D\u00e9couvrez l&#039;\u00c9p\u00e9e Princesse Zelda dans le jeu vid\u00e9o Legend of Zelda: Twilight Princess. Tout en fibre de verre. Haute qualit\u00e9. 116 cm\" \/>\n<meta name=\"robots\" content=\"index, follow, max-snippet:-1, max-image-preview:large, max-video-preview:-1\" \/>\n<link rel=\"canonical\" href=\"https:\/\/repliquemangacine.fr\/es\/espada-de-zelda\/zelda-princesa-del-crepusculo-espada-la-leyenda-de-zelda\/\" \/>\n<meta property=\"og:locale\" content=\"es_ES\" \/>\n<meta property=\"og:type\" content=\"article\" \/>\n<meta property=\"og:title\" content=\"\u00c9p\u00e9e Princesse Zelda - Twilight Princess - R\u00e9plique Manga Cin\u00e9\" \/>\n<meta property=\"og:description\" content=\"D\u00e9couvrez l&#039;\u00c9p\u00e9e Princesse Zelda dans le jeu vid\u00e9o Legend of Zelda: Twilight Princess. Tout en fibre de verre. Haute qualit\u00e9. 116 cm\" \/>\n<meta property=\"og:url\" content=\"https:\/\/repliquemangacine.fr\/es\/espada-de-zelda\/zelda-princesa-del-crepusculo-espada-la-leyenda-de-zelda\/\" \/>\n<meta property=\"og:site_name\" content=\"R\u00e9plique Manga Cin\u00e9\" \/>\n<meta property=\"article:publisher\" content=\"https:\/\/www.facebook.com\/RepliqueMangaCine\" \/>\n<meta property=\"article:modified_time\" content=\"2025-11-13T13:44:42+00:00\" \/>\n<meta property=\"og:image\" content=\"https:\/\/repliquemangacine.fr\/wp-content\/uploads\/2025\/01\/Epee-Princesse-Zelda-Twilight-Princess.jpg\" \/>\n\t<meta property=\"og:image:width\" content=\"500\" \/>\n\t<meta property=\"og:image:height\" content=\"500\" \/>\n\t<meta property=\"og:image:type\" content=\"image\/jpeg\" \/>\n<meta name=\"twitter:card\" content=\"summary_large_image\" \/>\n<meta name=\"twitter:label1\" content=\"Tiempo de lectura\" \/>\n\t<meta name=\"twitter:data1\" content=\"3 minutos\" \/>\n<script type=\"application\/ld+json\" class=\"yoast-schema-graph\">{\"@context\":\"https:\\\/\\\/schema.org\",\"@graph\":[{\"@type\":\"WebPage\",\"@id\":\"https:\\\/\\\/repliquemangacine.fr\\\/epee-zelda\\\/epee-princesse-zelda-twilight-princess-la-legende-de-zelda\\\/\",\"url\":\"https:\\\/\\\/repliquemangacine.fr\\\/epee-zelda\\\/epee-princesse-zelda-twilight-princess-la-legende-de-zelda\\\/\",\"name\":\"\u00c9p\u00e9e Princesse Zelda - Twilight Princess - R\u00e9plique Manga Cin\u00e9\",\"isPartOf\":{\"@id\":\"https:\\\/\\\/repliquemangacine.fr\\\/#website\"},\"primaryImageOfPage\":{\"@id\":\"https:\\\/\\\/repliquemangacine.fr\\\/epee-zelda\\\/epee-princesse-zelda-twilight-princess-la-legende-de-zelda\\\/#primaryimage\"},\"image\":{\"@id\":\"https:\\\/\\\/repliquemangacine.fr\\\/epee-zelda\\\/epee-princesse-zelda-twilight-princess-la-legende-de-zelda\\\/#primaryimage\"},\"thumbnailUrl\":\"https:\\\/\\\/repliquemangacine.fr\\\/wp-content\\\/uploads\\\/2025\\\/01\\\/Epee-Princesse-Zelda-Twilight-Princess.jpg\",\"datePublished\":\"2025-01-18T18:21:33+00:00\",\"dateModified\":\"2025-11-13T13:44:42+00:00\",\"description\":\"D\u00e9couvrez l'\u00c9p\u00e9e Princesse Zelda dans le jeu vid\u00e9o Legend of Zelda: Twilight Princess. Tout en fibre de verre. Haute qualit\u00e9. 116 cm\",\"breadcrumb\":{\"@id\":\"https:\\\/\\\/repliquemangacine.fr\\\/epee-zelda\\\/epee-princesse-zelda-twilight-princess-la-legende-de-zelda\\\/#breadcrumb\"},\"inLanguage\":\"es\",\"potentialAction\":[{\"@type\":\"ReadAction\",\"target\":[\"https:\\\/\\\/repliquemangacine.fr\\\/epee-zelda\\\/epee-princesse-zelda-twilight-princess-la-legende-de-zelda\\\/\"]}]},{\"@type\":\"ImageObject\",\"inLanguage\":\"es\",\"@id\":\"https:\\\/\\\/repliquemangacine.fr\\\/epee-zelda\\\/epee-princesse-zelda-twilight-princess-la-legende-de-zelda\\\/#primaryimage\",\"url\":\"https:\\\/\\\/repliquemangacine.fr\\\/wp-content\\\/uploads\\\/2025\\\/01\\\/Epee-Princesse-Zelda-Twilight-Princess.jpg\",\"contentUrl\":\"https:\\\/\\\/repliquemangacine.fr\\\/wp-content\\\/uploads\\\/2025\\\/01\\\/Epee-Princesse-Zelda-Twilight-Princess.jpg\",\"width\":500,\"height\":500,\"caption\":\"\u00c9p\u00e9e-Princesse-Zelda-Twilight-Princess\"},{\"@type\":\"BreadcrumbList\",\"@id\":\"https:\\\/\\\/repliquemangacine.fr\\\/epee-zelda\\\/epee-princesse-zelda-twilight-princess-la-legende-de-zelda\\\/#breadcrumb\",\"itemListElement\":[{\"@type\":\"ListItem\",\"position\":1,\"name\":\"Accueil\",\"item\":\"https:\\\/\\\/repliquemangacine.fr\\\/\"},{\"@type\":\"ListItem\",\"position\":2,\"name\":\"Produits\",\"item\":\"https:\\\/\\\/repliquemangacine.fr\\\/boutique\\\/\"},{\"@type\":\"ListItem\",\"position\":3,\"name\":\"\u00c9p\u00e9e Princesse Zelda &#8211; Twilight Princess\"}]},{\"@type\":\"WebSite\",\"@id\":\"https:\\\/\\\/repliquemangacine.fr\\\/#website\",\"url\":\"https:\\\/\\\/repliquemangacine.fr\\\/\",\"name\":\"R\u00e9plique Manga Cin\u00e9\",\"description\":\"\",\"publisher\":{\"@id\":\"https:\\\/\\\/repliquemangacine.fr\\\/#organization\"},\"potentialAction\":[{\"@type\":\"SearchAction\",\"target\":{\"@type\":\"EntryPoint\",\"urlTemplate\":\"https:\\\/\\\/repliquemangacine.fr\\\/?s={search_term_string}\"},\"query-input\":{\"@type\":\"PropertyValueSpecification\",\"valueRequired\":true,\"valueName\":\"search_term_string\"}}],\"inLanguage\":\"es\"},{\"@type\":\"Organization\",\"@id\":\"https:\\\/\\\/repliquemangacine.fr\\\/#organization\",\"name\":\"R\u00e9plique Manga Cin\u00e9\",\"url\":\"https:\\\/\\\/repliquemangacine.fr\\\/\",\"logo\":{\"@type\":\"ImageObject\",\"inLanguage\":\"es\",\"@id\":\"https:\\\/\\\/repliquemangacine.fr\\\/#\\\/schema\\\/logo\\\/image\\\/\",\"url\":\"https:\\\/\\\/repliquemangacine.fr\\\/wp-content\\\/uploads\\\/2023\\\/10\\\/RMC-500250.png\",\"contentUrl\":\"https:\\\/\\\/repliquemangacine.fr\\\/wp-content\\\/uploads\\\/2023\\\/10\\\/RMC-500250.png\",\"width\":500,\"height\":250,\"caption\":\"R\u00e9plique Manga Cin\u00e9\"},\"image\":{\"@id\":\"https:\\\/\\\/repliquemangacine.fr\\\/#\\\/schema\\\/logo\\\/image\\\/\"},\"sameAs\":[\"https:\\\/\\\/www.facebook.com\\\/RepliqueMangaCine\",\"https:\\\/\\\/www.instagram.com\\\/repliquemangacine.fr\\\/\"]}]}<\/script>\n<!-- \/ Yoast SEO plugin. -->","yoast_head_json":{"title":"Espada de la Princesa Zelda - Twilight Princess - R\u00e9plique Manga Cin\u00e9","description":"Descubre la Espada de la Princesa Zelda en el videojuego Legend of Zelda: Twilight Princess. Toda de fibra de vidrio. Alta calidad. 116 cm de largo","robots":{"index":"index","follow":"follow","max-snippet":"max-snippet:-1","max-image-preview":"max-image-preview:large","max-video-preview":"max-video-preview:-1"},"canonical":"https:\/\/repliquemangacine.fr\/es\/espada-de-zelda\/zelda-princesa-del-crepusculo-espada-la-leyenda-de-zelda\/","og_locale":"es_ES","og_type":"article","og_title":"\u00c9p\u00e9e Princesse Zelda - Twilight Princess - R\u00e9plique Manga Cin\u00e9","og_description":"D\u00e9couvrez l'\u00c9p\u00e9e Princesse Zelda dans le jeu vid\u00e9o Legend of Zelda: Twilight Princess. Tout en fibre de verre. Haute qualit\u00e9. 116 cm","og_url":"https:\/\/repliquemangacine.fr\/es\/espada-de-zelda\/zelda-princesa-del-crepusculo-espada-la-leyenda-de-zelda\/","og_site_name":"R\u00e9plique Manga Cin\u00e9","article_publisher":"https:\/\/www.facebook.com\/RepliqueMangaCine","article_modified_time":"2025-11-13T13:44:42+00:00","og_image":[{"width":500,"height":500,"url":"https:\/\/repliquemangacine.fr\/wp-content\/uploads\/2025\/01\/Epee-Princesse-Zelda-Twilight-Princess.jpg","type":"image\/jpeg"}],"twitter_card":"summary_large_image","twitter_misc":{"Tiempo de lectura":"3 minutos"},"schema":{"@context":"https:\/\/schema.org","@graph":[{"@type":"WebPage","@id":"https:\/\/repliquemangacine.fr\/epee-zelda\/epee-princesse-zelda-twilight-princess-la-legende-de-zelda\/","url":"https:\/\/repliquemangacine.fr\/epee-zelda\/epee-princesse-zelda-twilight-princess-la-legende-de-zelda\/","name":"Espada de la Princesa Zelda - Twilight Princess - R\u00e9plique Manga Cin\u00e9","isPartOf":{"@id":"https:\/\/repliquemangacine.fr\/#website"},"primaryImageOfPage":{"@id":"https:\/\/repliquemangacine.fr\/epee-zelda\/epee-princesse-zelda-twilight-princess-la-legende-de-zelda\/#primaryimage"},"image":{"@id":"https:\/\/repliquemangacine.fr\/epee-zelda\/epee-princesse-zelda-twilight-princess-la-legende-de-zelda\/#primaryimage"},"thumbnailUrl":"https:\/\/repliquemangacine.fr\/wp-content\/uploads\/2025\/01\/Epee-Princesse-Zelda-Twilight-Princess.jpg","datePublished":"2025-01-18T18:21:33+00:00","dateModified":"2025-11-13T13:44:42+00:00","description":"Descubre la Espada de la Princesa Zelda en el videojuego Legend of Zelda: Twilight Princess. Toda de fibra de vidrio. Alta calidad. 116 cm de largo","breadcrumb":{"@id":"https:\/\/repliquemangacine.fr\/epee-zelda\/epee-princesse-zelda-twilight-princess-la-legende-de-zelda\/#breadcrumb"},"inLanguage":"es","potentialAction":[{"@type":"ReadAction","target":["https:\/\/repliquemangacine.fr\/epee-zelda\/epee-princesse-zelda-twilight-princess-la-legende-de-zelda\/"]}]},{"@type":"ImageObject","inLanguage":"es","@id":"https:\/\/repliquemangacine.fr\/epee-zelda\/epee-princesse-zelda-twilight-princess-la-legende-de-zelda\/#primaryimage","url":"https:\/\/repliquemangacine.fr\/wp-content\/uploads\/2025\/01\/Epee-Princesse-Zelda-Twilight-Princess.jpg","contentUrl":"https:\/\/repliquemangacine.fr\/wp-content\/uploads\/2025\/01\/Epee-Princesse-Zelda-Twilight-Princess.jpg","width":500,"height":500,"caption":"\u00c9p\u00e9e-Princesse-Zelda-Twilight-Princess"},{"@type":"BreadcrumbList","@id":"https:\/\/repliquemangacine.fr\/epee-zelda\/epee-princesse-zelda-twilight-princess-la-legende-de-zelda\/#breadcrumb","itemListElement":[{"@type":"ListItem","position":1,"name":"Accueil","item":"https:\/\/repliquemangacine.fr\/"},{"@type":"ListItem","position":2,"name":"Produits","item":"https:\/\/repliquemangacine.fr\/boutique\/"},{"@type":"ListItem","position":3,"name":"\u00c9p\u00e9e Princesse Zelda &#8211; Twilight Princess"}]},{"@type":"WebSite","@id":"https:\/\/repliquemangacine.fr\/#website","url":"https:\/\/repliquemangacine.fr\/","name":"R\u00e9plique Manga Cin\u00e9","description":"","publisher":{"@id":"https:\/\/repliquemangacine.fr\/#organization"},"potentialAction":[{"@type":"SearchAction","target":{"@type":"EntryPoint","urlTemplate":"https:\/\/repliquemangacine.fr\/?s={search_term_string}"},"query-input":{"@type":"PropertyValueSpecification","valueRequired":true,"valueName":"search_term_string"}}],"inLanguage":"es"},{"@type":"Organization","@id":"https:\/\/repliquemangacine.fr\/#organization","name":"R\u00e9plique Manga Cin\u00e9","url":"https:\/\/repliquemangacine.fr\/","logo":{"@type":"ImageObject","inLanguage":"es","@id":"https:\/\/repliquemangacine.fr\/#\/schema\/logo\/image\/","url":"https:\/\/repliquemangacine.fr\/wp-content\/uploads\/2023\/10\/RMC-500250.png","contentUrl":"https:\/\/repliquemangacine.fr\/wp-content\/uploads\/2023\/10\/RMC-500250.png","width":500,"height":250,"caption":"R\u00e9plique Manga Cin\u00e9"},"image":{"@id":"https:\/\/repliquemangacine.fr\/#\/schema\/logo\/image\/"},"sameAs":["https:\/\/www.facebook.com\/RepliqueMangaCine","https:\/\/www.instagram.com\/repliquemangacine.fr\/"]}]}},"_links":{"self":[{"href":"https:\/\/repliquemangacine.fr\/es\/wp-json\/wp\/v2\/product\/81327","targetHints":{"allow":["GET"]}}],"collection":[{"href":"https:\/\/repliquemangacine.fr\/es\/wp-json\/wp\/v2\/product"}],"about":[{"href":"https:\/\/repliquemangacine.fr\/es\/wp-json\/wp\/v2\/types\/product"}],"wp:featuredmedia":[{"embeddable":true,"href":"https:\/\/repliquemangacine.fr\/es\/wp-json\/wp\/v2\/media\/81329"}],"wp:attachment":[{"href":"https:\/\/repliquemangacine.fr\/es\/wp-json\/wp\/v2\/media?parent=81327"}],"wp:term":[{"taxonomy":"product_brand","embeddable":true,"href":"https:\/\/repliquemangacine.fr\/es\/wp-json\/wp\/v2\/product_brand?post=81327"},{"taxonomy":"product_cat","embeddable":true,"href":"https:\/\/repliquemangacine.fr\/es\/wp-json\/wp\/v2\/product_cat?post=81327"},{"taxonomy":"product_tag","embeddable":true,"href":"https:\/\/repliquemangacine.fr\/es\/wp-json\/wp\/v2\/product_tag?post=81327"}],"curies":[{"name":"wp","href":"https:\/\/api.w.org\/{rel}","templated":true}]}}