





{"id":81322,"date":"2025-01-18T19:08:36","date_gmt":"2025-01-18T18:08:36","guid":{"rendered":"https:\/\/repliquemangacine.fr\/?post_type=product&#038;p=81322"},"modified":"2026-04-15T12:24:11","modified_gmt":"2026-04-15T10:24:11","slug":"daga-daedrica-en-elder-scrolls-v-skyrim","status":"publish","type":"product","link":"https:\/\/repliquemangacine.fr\/es\/katana-et-epee-de-jeux-video-autre-jeux-video\/dague-daedric-dans-elder-scrolls-v-skyrim\/","title":{"rendered":"Daga d\u00e9drica en Elder Scrolls V: Skyrim"},"content":{"rendered":"<h2>Daedric Dagger - El arma m\u00edtica de Skyrim ahora disponible como r\u00e9plica<\/h2>\n<p>Sum\u00e9rgete en el \u00e9pico mundo de <a href=\"https:\/\/elderscrolls.fandom.com\/fr\/wiki\/The_Elder_Scrolls_V:_Skyrim\" target=\"_blank\" rel=\"noopener noreferrer\">The Elder Scrolls V: Skyrim<\/a> con esta r\u00e9plica de la Daga Daedric. Arma emblem\u00e1tica muy apreciada por los guerreros y asesinos del juego. Forjada con un dise\u00f1o temible y un acabado envejecido. Esta daga encarna toda la oscuridad y el poder de los artefactos daedricos.<\/p>\n<p>Con su hoja dentada de 44 cm, su acabado en acero envejecido y sus cuidados detalles. Su mango recubierto de hilo de algod\u00f3n negro decorado garantiza un agarre c\u00f3modo y un aspecto m\u00edstico. Para completar esta r\u00e9plica, hay una peque\u00f1a hoja en el extremo del mango. Esto acent\u00faa el aura mal\u00e9vola de esta arma legendaria. Se entrega con un soporte de pared de madera decorado, esta daga ocupar\u00e1 un lugar de honor entre sus piezas de colecci\u00f3n m\u00e1s bellas.<\/p>\n<h2>Un dise\u00f1o fiel a los artefactos da\u00e9dricos de Skyrim<\/h2>\n<p>Inspirada directamente en las armas malditas del juego. La daga Daedric reproduce cada detalle que la hace tan \u00fanica en el universo de Skyrim. Su hoja envejecida y dentada, que parece haber sido forjada por las fuerzas oscuras de los Daedra, refuerza su aspecto m\u00edstico y despiadado. Con una longitud total de 60,5 cm, impone cierto carisma sin dejar de ser f\u00e1cil de manejar.<\/p>\n<p>Los amantes del cosplay y las colecciones, seducidos por la calidad de fabricaci\u00f3n y la fidelidad del dise\u00f1o. Su soporte de pared decorado en madera permite una elegante exposici\u00f3n, ideal para realzar esta prestigiosa r\u00e9plica. Tanto si eres un fan incondicional de Skyrim como un coleccionista apasionado, esta daga a\u00f1adir\u00e1 un toque \u00e9pico y oscuro a tu universo.<\/p>\n<p>\u00a1No te pierdas esta pieza imprescindible y equ\u00edpate como un aut\u00e9ntico campe\u00f3n de Tamriel!<\/p>\n<h2>Una colecci\u00f3n de armas legendarias para aut\u00e9nticos entusiastas<\/h2>\n<p>Si la Daga D\u00e9drica de Skyrim te fascina, te encantar\u00e1 descubrir otras r\u00e9plicas igualmente m\u00edticas disponibles en nuestro sitio. Sum\u00e9rgete en el mundo de Devil May Cry con la incre\u00edble <a href=\"https:\/\/repliquemangacine.fr\/es\/katana-y-espada-videojuego-otros-videojuegos\/epee-du-diable-de-dante-devil-my-cry\/\">La espada del diablo de Dante<\/a>. Un arma tan majestuosa como temible, que encarna todo el poder del hijo de Sparda. Si eres un fan de los mundos oscuros y hechizantes, el<a href=\"https:\/\/repliquemangacine.fr\/es\/katana-y-espada-videojuego-otros-videojuegos\/espada-luna-oscura-gran-espada-anillo-elden\/\">Espada de luna oscura de Elden Ring<\/a> te llevar\u00e1 directamente al coraz\u00f3n de las Tierras Prohibidas, mientras que el <a href=\"https:\/\/repliquemangacine.fr\/es\/katana-y-espada-videojuego-otros-videojuegos\/espada-sangrienta-luz-de-luna-sagrada\/\">Espada de la Luz de la Luna de Bloodborne<\/a> deleitar\u00e1 a los cazadores que buscan un artefacto legendario.<\/p>\n<p>Nuestro cat\u00e1logo est\u00e1 repleto de r\u00e9plicas ic\u00f3nicas de los videojuegos y sagas fant\u00e1sticas m\u00e1s importantes, desde katanas luminosas inspiradas en One Piece hasta las emblem\u00e1ticas espadas de The Witcher, Zelda, Final Fantasy y mucho m\u00e1s. De hecho, cada pieza est\u00e1 dise\u00f1ada con un excepcional cuidado por los detalles, ideal para coleccionistas, cosplayers y apasionados de las armas legendarias. \u00a1Explora nuestra selecci\u00f3n y encuentra el arma que completar\u00e1 tu colecci\u00f3n!<\/p>","protected":false},"excerpt":{"rendered":"<p>Una magn\u00edfica r\u00e9plica de la daga da\u00e9drica del videojuego The Elder Scrolls V: Skyrim.<\/p>\n<ul>\n<li>Todo en acero envejecido<\/li>\n<li>Asa recubierta de hilo de algod\u00f3n negro decorado<\/li>\n<li>En el extremo del mango hay una peque\u00f1a hoja.<\/li>\n<li>Hoja con forma espec\u00edfica, envejecida y dentada<\/li>\n<li>Se suministra con soporte de pared de madera decorada.<\/li>\n<li>Longitud de la hoja: 44 cm - Longitud total: 60,5 cm<\/li>\n<li>Peso: 1310 g<\/li>\n<\/ul>","protected":false},"featured_media":81323,"template":"","meta":[],"product_brand":[896],"product_cat":[67],"product_tag":[],"class_list":{"0":"post-81322","1":"product","2":"type-product","3":"status-publish","4":"has-post-thumbnail","6":"product_brand-replique-manga-cine","7":"product_cat-katana-et-epee-de-jeux-video-autre-jeux-video","9":"first","10":"instock","11":"taxable","12":"shipping-taxable","13":"purchasable","14":"product-type-simple"},"yoast_head":"<!-- This site is optimized with the Yoast SEO plugin v27.5 - https:\/\/yoast.com\/product\/yoast-seo-wordpress\/ -->\n<title>Dague Daedric dans Elder Scrolls V : Skyrim - R\u00e9plique Manga Cin\u00e9<\/title>\n<meta name=\"description\" content=\"Superbe dague Daedric dans le jeu vid\u00e9o The Elder Scrolls V: Skyrim. Tout en acier vieilli. Lame dentel\u00e9e de 44 cm. Support plaque en bois. 60.5 cm\" \/>\n<meta name=\"robots\" content=\"index, follow, max-snippet:-1, max-image-preview:large, max-video-preview:-1\" \/>\n<link rel=\"canonical\" href=\"https:\/\/repliquemangacine.fr\/es\/katana-y-espada-videojuego-otros-videojuegos\/daga-daedrica-en-elder-scrolls-v-skyrim\/\" \/>\n<meta property=\"og:locale\" content=\"es_ES\" \/>\n<meta property=\"og:type\" content=\"article\" \/>\n<meta property=\"og:title\" content=\"Dague Daedric dans Elder Scrolls V : Skyrim - R\u00e9plique Manga Cin\u00e9\" \/>\n<meta property=\"og:description\" content=\"Superbe dague Daedric dans le jeu vid\u00e9o The Elder Scrolls V: Skyrim. Tout en acier vieilli. Lame dentel\u00e9e de 44 cm. Support plaque en bois. 60.5 cm\" \/>\n<meta property=\"og:url\" content=\"https:\/\/repliquemangacine.fr\/es\/katana-y-espada-videojuego-otros-videojuegos\/daga-daedrica-en-elder-scrolls-v-skyrim\/\" \/>\n<meta property=\"og:site_name\" content=\"R\u00e9plique Manga Cin\u00e9\" \/>\n<meta property=\"article:publisher\" content=\"https:\/\/www.facebook.com\/RepliqueMangaCine\" \/>\n<meta property=\"article:modified_time\" content=\"2026-04-15T10:24:11+00:00\" \/>\n<meta property=\"og:image\" content=\"https:\/\/repliquemangacine.fr\/wp-content\/uploads\/2025\/01\/Dague-Daedric-dans-Elder-Scrolls-V.jpg\" \/>\n\t<meta property=\"og:image:width\" content=\"500\" \/>\n\t<meta property=\"og:image:height\" content=\"500\" \/>\n\t<meta property=\"og:image:type\" content=\"image\/jpeg\" \/>\n<meta name=\"twitter:card\" content=\"summary_large_image\" \/>\n<meta name=\"twitter:label1\" content=\"Tiempo de lectura\" \/>\n\t<meta name=\"twitter:data1\" content=\"3 minutos\" \/>\n<script type=\"application\/ld+json\" class=\"yoast-schema-graph\">{\"@context\":\"https:\\\/\\\/schema.org\",\"@graph\":[{\"@type\":\"WebPage\",\"@id\":\"https:\\\/\\\/repliquemangacine.fr\\\/katana-et-epee-de-jeux-video-autre-jeux-video\\\/dague-daedric-dans-elder-scrolls-v-skyrim\\\/\",\"url\":\"https:\\\/\\\/repliquemangacine.fr\\\/katana-et-epee-de-jeux-video-autre-jeux-video\\\/dague-daedric-dans-elder-scrolls-v-skyrim\\\/\",\"name\":\"Dague Daedric dans Elder Scrolls V : Skyrim - R\u00e9plique Manga Cin\u00e9\",\"isPartOf\":{\"@id\":\"https:\\\/\\\/repliquemangacine.fr\\\/#website\"},\"primaryImageOfPage\":{\"@id\":\"https:\\\/\\\/repliquemangacine.fr\\\/katana-et-epee-de-jeux-video-autre-jeux-video\\\/dague-daedric-dans-elder-scrolls-v-skyrim\\\/#primaryimage\"},\"image\":{\"@id\":\"https:\\\/\\\/repliquemangacine.fr\\\/katana-et-epee-de-jeux-video-autre-jeux-video\\\/dague-daedric-dans-elder-scrolls-v-skyrim\\\/#primaryimage\"},\"thumbnailUrl\":\"https:\\\/\\\/repliquemangacine.fr\\\/wp-content\\\/uploads\\\/2025\\\/01\\\/Dague-Daedric-dans-Elder-Scrolls-V.jpg\",\"datePublished\":\"2025-01-18T18:08:36+00:00\",\"dateModified\":\"2026-04-15T10:24:11+00:00\",\"description\":\"Superbe dague Daedric dans le jeu vid\u00e9o The Elder Scrolls V: Skyrim. Tout en acier vieilli. Lame dentel\u00e9e de 44 cm. Support plaque en bois. 60.5 cm\",\"breadcrumb\":{\"@id\":\"https:\\\/\\\/repliquemangacine.fr\\\/katana-et-epee-de-jeux-video-autre-jeux-video\\\/dague-daedric-dans-elder-scrolls-v-skyrim\\\/#breadcrumb\"},\"inLanguage\":\"es\",\"potentialAction\":[{\"@type\":\"ReadAction\",\"target\":[\"https:\\\/\\\/repliquemangacine.fr\\\/katana-et-epee-de-jeux-video-autre-jeux-video\\\/dague-daedric-dans-elder-scrolls-v-skyrim\\\/\"]}]},{\"@type\":\"ImageObject\",\"inLanguage\":\"es\",\"@id\":\"https:\\\/\\\/repliquemangacine.fr\\\/katana-et-epee-de-jeux-video-autre-jeux-video\\\/dague-daedric-dans-elder-scrolls-v-skyrim\\\/#primaryimage\",\"url\":\"https:\\\/\\\/repliquemangacine.fr\\\/wp-content\\\/uploads\\\/2025\\\/01\\\/Dague-Daedric-dans-Elder-Scrolls-V.jpg\",\"contentUrl\":\"https:\\\/\\\/repliquemangacine.fr\\\/wp-content\\\/uploads\\\/2025\\\/01\\\/Dague-Daedric-dans-Elder-Scrolls-V.jpg\",\"width\":500,\"height\":500,\"caption\":\"Dague-Daedric-dans-Elder-Scrolls-V : Skyrim\"},{\"@type\":\"BreadcrumbList\",\"@id\":\"https:\\\/\\\/repliquemangacine.fr\\\/katana-et-epee-de-jeux-video-autre-jeux-video\\\/dague-daedric-dans-elder-scrolls-v-skyrim\\\/#breadcrumb\",\"itemListElement\":[{\"@type\":\"ListItem\",\"position\":1,\"name\":\"Accueil\",\"item\":\"https:\\\/\\\/repliquemangacine.fr\\\/\"},{\"@type\":\"ListItem\",\"position\":2,\"name\":\"Produits\",\"item\":\"https:\\\/\\\/repliquemangacine.fr\\\/boutique\\\/\"},{\"@type\":\"ListItem\",\"position\":3,\"name\":\"Dague Daedric dans Elder Scrolls V : Skyrim\"}]},{\"@type\":\"WebSite\",\"@id\":\"https:\\\/\\\/repliquemangacine.fr\\\/#website\",\"url\":\"https:\\\/\\\/repliquemangacine.fr\\\/\",\"name\":\"R\u00e9plique Manga Cin\u00e9\",\"description\":\"\",\"publisher\":{\"@id\":\"https:\\\/\\\/repliquemangacine.fr\\\/#organization\"},\"potentialAction\":[{\"@type\":\"SearchAction\",\"target\":{\"@type\":\"EntryPoint\",\"urlTemplate\":\"https:\\\/\\\/repliquemangacine.fr\\\/?s={search_term_string}\"},\"query-input\":{\"@type\":\"PropertyValueSpecification\",\"valueRequired\":true,\"valueName\":\"search_term_string\"}}],\"inLanguage\":\"es\"},{\"@type\":\"Organization\",\"@id\":\"https:\\\/\\\/repliquemangacine.fr\\\/#organization\",\"name\":\"R\u00e9plique Manga Cin\u00e9\",\"url\":\"https:\\\/\\\/repliquemangacine.fr\\\/\",\"logo\":{\"@type\":\"ImageObject\",\"inLanguage\":\"es\",\"@id\":\"https:\\\/\\\/repliquemangacine.fr\\\/#\\\/schema\\\/logo\\\/image\\\/\",\"url\":\"https:\\\/\\\/repliquemangacine.fr\\\/wp-content\\\/uploads\\\/2023\\\/10\\\/RMC-500250.png\",\"contentUrl\":\"https:\\\/\\\/repliquemangacine.fr\\\/wp-content\\\/uploads\\\/2023\\\/10\\\/RMC-500250.png\",\"width\":500,\"height\":250,\"caption\":\"R\u00e9plique Manga Cin\u00e9\"},\"image\":{\"@id\":\"https:\\\/\\\/repliquemangacine.fr\\\/#\\\/schema\\\/logo\\\/image\\\/\"},\"sameAs\":[\"https:\\\/\\\/www.facebook.com\\\/RepliqueMangaCine\",\"https:\\\/\\\/www.instagram.com\\\/repliquemangacine.fr\\\/\"]}]}<\/script>\n<!-- \/ Yoast SEO plugin. -->","yoast_head_json":{"title":"Daga d\u00e9drica en Elder Scrolls V: Skyrim - R\u00e9plique Manga Cin\u00e9","description":"Magn\u00edfica daga da\u00e9drica del videojuego The Elder Scrolls V: Skyrim. Todo en acero envejecido. Hoja dentada de 44 cm. Soporte de placa de madera. 60,5 cm","robots":{"index":"index","follow":"follow","max-snippet":"max-snippet:-1","max-image-preview":"max-image-preview:large","max-video-preview":"max-video-preview:-1"},"canonical":"https:\/\/repliquemangacine.fr\/es\/katana-y-espada-videojuego-otros-videojuegos\/daga-daedrica-en-elder-scrolls-v-skyrim\/","og_locale":"es_ES","og_type":"article","og_title":"Dague Daedric dans Elder Scrolls V : Skyrim - R\u00e9plique Manga Cin\u00e9","og_description":"Superbe dague Daedric dans le jeu vid\u00e9o The Elder Scrolls V: Skyrim. Tout en acier vieilli. Lame dentel\u00e9e de 44 cm. Support plaque en bois. 60.5 cm","og_url":"https:\/\/repliquemangacine.fr\/es\/katana-y-espada-videojuego-otros-videojuegos\/daga-daedrica-en-elder-scrolls-v-skyrim\/","og_site_name":"R\u00e9plique Manga Cin\u00e9","article_publisher":"https:\/\/www.facebook.com\/RepliqueMangaCine","article_modified_time":"2026-04-15T10:24:11+00:00","og_image":[{"width":500,"height":500,"url":"https:\/\/repliquemangacine.fr\/wp-content\/uploads\/2025\/01\/Dague-Daedric-dans-Elder-Scrolls-V.jpg","type":"image\/jpeg"}],"twitter_card":"summary_large_image","twitter_misc":{"Tiempo de lectura":"3 minutos"},"schema":{"@context":"https:\/\/schema.org","@graph":[{"@type":"WebPage","@id":"https:\/\/repliquemangacine.fr\/katana-et-epee-de-jeux-video-autre-jeux-video\/dague-daedric-dans-elder-scrolls-v-skyrim\/","url":"https:\/\/repliquemangacine.fr\/katana-et-epee-de-jeux-video-autre-jeux-video\/dague-daedric-dans-elder-scrolls-v-skyrim\/","name":"Daga d\u00e9drica en Elder Scrolls V: Skyrim - R\u00e9plique Manga Cin\u00e9","isPartOf":{"@id":"https:\/\/repliquemangacine.fr\/#website"},"primaryImageOfPage":{"@id":"https:\/\/repliquemangacine.fr\/katana-et-epee-de-jeux-video-autre-jeux-video\/dague-daedric-dans-elder-scrolls-v-skyrim\/#primaryimage"},"image":{"@id":"https:\/\/repliquemangacine.fr\/katana-et-epee-de-jeux-video-autre-jeux-video\/dague-daedric-dans-elder-scrolls-v-skyrim\/#primaryimage"},"thumbnailUrl":"https:\/\/repliquemangacine.fr\/wp-content\/uploads\/2025\/01\/Dague-Daedric-dans-Elder-Scrolls-V.jpg","datePublished":"2025-01-18T18:08:36+00:00","dateModified":"2026-04-15T10:24:11+00:00","description":"Magn\u00edfica daga da\u00e9drica del videojuego The Elder Scrolls V: Skyrim. Todo en acero envejecido. Hoja dentada de 44 cm. Soporte de placa de madera. 60,5 cm","breadcrumb":{"@id":"https:\/\/repliquemangacine.fr\/katana-et-epee-de-jeux-video-autre-jeux-video\/dague-daedric-dans-elder-scrolls-v-skyrim\/#breadcrumb"},"inLanguage":"es","potentialAction":[{"@type":"ReadAction","target":["https:\/\/repliquemangacine.fr\/katana-et-epee-de-jeux-video-autre-jeux-video\/dague-daedric-dans-elder-scrolls-v-skyrim\/"]}]},{"@type":"ImageObject","inLanguage":"es","@id":"https:\/\/repliquemangacine.fr\/katana-et-epee-de-jeux-video-autre-jeux-video\/dague-daedric-dans-elder-scrolls-v-skyrim\/#primaryimage","url":"https:\/\/repliquemangacine.fr\/wp-content\/uploads\/2025\/01\/Dague-Daedric-dans-Elder-Scrolls-V.jpg","contentUrl":"https:\/\/repliquemangacine.fr\/wp-content\/uploads\/2025\/01\/Dague-Daedric-dans-Elder-Scrolls-V.jpg","width":500,"height":500,"caption":"Dague-Daedric-dans-Elder-Scrolls-V : Skyrim"},{"@type":"BreadcrumbList","@id":"https:\/\/repliquemangacine.fr\/katana-et-epee-de-jeux-video-autre-jeux-video\/dague-daedric-dans-elder-scrolls-v-skyrim\/#breadcrumb","itemListElement":[{"@type":"ListItem","position":1,"name":"Accueil","item":"https:\/\/repliquemangacine.fr\/"},{"@type":"ListItem","position":2,"name":"Produits","item":"https:\/\/repliquemangacine.fr\/boutique\/"},{"@type":"ListItem","position":3,"name":"Dague Daedric dans Elder Scrolls V : Skyrim"}]},{"@type":"WebSite","@id":"https:\/\/repliquemangacine.fr\/#website","url":"https:\/\/repliquemangacine.fr\/","name":"R\u00e9plique Manga Cin\u00e9","description":"","publisher":{"@id":"https:\/\/repliquemangacine.fr\/#organization"},"potentialAction":[{"@type":"SearchAction","target":{"@type":"EntryPoint","urlTemplate":"https:\/\/repliquemangacine.fr\/?s={search_term_string}"},"query-input":{"@type":"PropertyValueSpecification","valueRequired":true,"valueName":"search_term_string"}}],"inLanguage":"es"},{"@type":"Organization","@id":"https:\/\/repliquemangacine.fr\/#organization","name":"R\u00e9plique Manga Cin\u00e9","url":"https:\/\/repliquemangacine.fr\/","logo":{"@type":"ImageObject","inLanguage":"es","@id":"https:\/\/repliquemangacine.fr\/#\/schema\/logo\/image\/","url":"https:\/\/repliquemangacine.fr\/wp-content\/uploads\/2023\/10\/RMC-500250.png","contentUrl":"https:\/\/repliquemangacine.fr\/wp-content\/uploads\/2023\/10\/RMC-500250.png","width":500,"height":250,"caption":"R\u00e9plique Manga Cin\u00e9"},"image":{"@id":"https:\/\/repliquemangacine.fr\/#\/schema\/logo\/image\/"},"sameAs":["https:\/\/www.facebook.com\/RepliqueMangaCine","https:\/\/www.instagram.com\/repliquemangacine.fr\/"]}]}},"_links":{"self":[{"href":"https:\/\/repliquemangacine.fr\/es\/wp-json\/wp\/v2\/product\/81322","targetHints":{"allow":["GET"]}}],"collection":[{"href":"https:\/\/repliquemangacine.fr\/es\/wp-json\/wp\/v2\/product"}],"about":[{"href":"https:\/\/repliquemangacine.fr\/es\/wp-json\/wp\/v2\/types\/product"}],"wp:featuredmedia":[{"embeddable":true,"href":"https:\/\/repliquemangacine.fr\/es\/wp-json\/wp\/v2\/media\/81323"}],"wp:attachment":[{"href":"https:\/\/repliquemangacine.fr\/es\/wp-json\/wp\/v2\/media?parent=81322"}],"wp:term":[{"taxonomy":"product_brand","embeddable":true,"href":"https:\/\/repliquemangacine.fr\/es\/wp-json\/wp\/v2\/product_brand?post=81322"},{"taxonomy":"product_cat","embeddable":true,"href":"https:\/\/repliquemangacine.fr\/es\/wp-json\/wp\/v2\/product_cat?post=81322"},{"taxonomy":"product_tag","embeddable":true,"href":"https:\/\/repliquemangacine.fr\/es\/wp-json\/wp\/v2\/product_tag?post=81322"}],"curies":[{"name":"wp","href":"https:\/\/api.w.org\/{rel}","templated":true}]}}