





{"id":81312,"date":"2025-01-18T17:22:17","date_gmt":"2025-01-18T16:22:17","guid":{"rendered":"https:\/\/repliquemangacine.fr\/?post_type=product&#038;p=81312"},"modified":"2025-11-13T14:49:13","modified_gmt":"2025-11-13T13:49:13","slug":"ruan-mei-laud-honkai-serie-star-rail","status":"publish","type":"product","link":"https:\/\/repliquemangacine.fr\/es\/katana-et-epee-de-jeux-video-autre-jeux-video\/luth-de-ruan-mei-honkai-star-rail-series\/","title":{"rendered":"La\u00fad Ruan Mei - Serie Honkai Star Rail"},"content":{"rendered":"<h2>El la\u00fad de Ruan Mei: una r\u00e9plica pulcra y elegante para los fans de Honkai Star Rail<\/h2>\n<p>En primer lugar, descubra la <strong>La\u00fad Ruan Mei<\/strong>una r\u00e9plica \u00fanica y refinada inspirada en el mundo po\u00e9tico y tecnol\u00f3gico de<a href=\"https:\/\/honkai-star-rail.fandom.com\/wiki\/Honkai:_Star_Rail_Wiki\" target=\"_blank\" rel=\"noopener noreferrer\">Honkai Star Rail<\/a>. Fabricado \u00edntegramente en fibra de vidrio, este la\u00fad combina ligereza, durabilidad y atractivo est\u00e9tico, por lo que resulta ideal para coleccionismo o cosplay. Cada pieza est\u00e1 pintada a mano, lo que garantiza un acabado artesanal \u00fanico y fiel al modelo del juego. Los materiales de alta calidad utilizados garantizan su duraci\u00f3n durante a\u00f1os, incluso tras una exposici\u00f3n repetida. Gracias a su elegante dise\u00f1o y sublime acabado, esta r\u00e9plica aportar\u00e1 un verdadero toque art\u00edstico a su colecci\u00f3n. Adem\u00e1s, este la\u00fad es ligero y f\u00e1cil de manejar, con una longitud total de 80 cm y un peso de s\u00f3lo 960 gramos. Tanto si es un amante de los objetos raros como un entusiasta del cosplay, esta es la pieza para usted. Encarna el esp\u00edritu refinado y poderoso de Ruan Mei en el juego.<\/p>\n<h2>Un instrumento simb\u00f3lico en el coraz\u00f3n del poder de Ruan Mei en Honkai Star Rail<\/h2>\n<p>En Honkai Star Rail, Ruan Mei es mucho m\u00e1s que una brillante cient\u00edfica: es una fuerza de armon\u00eda y estrategia. Su la\u00fad, llevado y manejado con delicadeza, encarna el equilibrio entre belleza, poder y conocimiento. Este instrumento es mucho m\u00e1s que un objeto decorativo: est\u00e1 profundamente ligado a su capacidad para apoyar y dominar el campo de batalla. De hecho, durante la batalla, el la\u00fad se convierte en una herramienta de control e inspiraci\u00f3n, que influye con precisi\u00f3n en el desarrollo del combate. Simboliza la fusi\u00f3n del arte y la tecnolog\u00eda, dos pilares del universo Honkai. Cada nota que toca Ruan Mei est\u00e1 impregnada de misterio y poder, reforzando el papel estrat\u00e9gico del personaje. Poseer esta r\u00e9plica es abrazar una parte del alma del juego y celebrar la elegancia t\u00e1ctica de uno de los personajes m\u00e1s queridos de la serie.<\/p>\n<h2>R\u00e9plique Manga Cin\u00e9: armas y objetos de culto de los mejores videojuegos<\/h2>\n<p>En R\u00e9plique Manga Cin\u00e9, encontrar\u00e1 una selecci\u00f3n excepcional de r\u00e9plicas de videojuegos y licencias de culto. Adem\u00e1s del Ruan Mei Lute, descubra el <a href=\"https:\/\/repliquemangacine.fr\/es\/katana-y-espada-videojuego-otros-videojuegos\/daga-daedrica-en-elder-scrolls-v-skyrim\/\">Daga da\u00e9drica<\/a>el ic\u00f3nico personaje del oscuro mundo de Skyrim. Explora el poder de<a href=\"https:\/\/repliquemangacine.fr\/es\/katana-y-espada-videojuego-otros-videojuegos\/espada-fusion-nube-multiblade-buster-espada-final-fantasy-vii\/\">Espada de fusi\u00f3n de Cloud Strife<\/a>la Espada Buster de m\u00faltiples hojas, impresionante y maciza. D\u00e9jese seducir por la<a href=\"https:\/\/repliquemangacine.fr\/es\/impacto-genshin\/espada-de-impacto-genshin-rugido-de-leon\/\">Espada Rugido de Le\u00f3n<\/a> de Genshin Impact, tan elegante como afilada. Tambi\u00e9n encontrar\u00e1 el legendario <a href=\"https:\/\/repliquemangacine.fr\/es\/katana-y-espada-videojuego-otros-videojuegos\/espada-roja-reina-diablo-mi-grito\/\">Reina Roja de Nero<\/a>fiel y con estilo. Sum\u00e9rgete en la saga Fate Stay Night con el <a href=\"https:\/\/repliquemangacine.fr\/es\/katana-y-espada-videojuego-otros-videojuegos\/epees-darcher-yin-yang-fate-stay-night\/\">Espadas Arquero Yin Yang<\/a>s\u00edmbolos de equilibrio y maestr\u00eda. Y eso no es todo: nuestro cat\u00e1logo est\u00e1 repleto de armas legendarias cuidadosamente reproducidas. R\u00e9plique Manga Cin\u00e9 es el lugar al que acudir para los amantes del cosplay, los coleccionables y los videojuegos. En definitiva, descubre objetos \u00fanicos para revivir tus aventuras favoritas con realismo y estilo.<\/p>","protected":false},"excerpt":{"rendered":"<p>Magn\u00edfica r\u00e9plica del la\u00fad de Ruan Mei en la serie Honkai: Star Rail.<\/p>\n<ul>\n<li>Totalmente de fibra de vidrio<\/li>\n<li>Pintado a mano<\/li>\n<li>Materiales de alta calidad<\/li>\n<li>Combina elegancia, ligereza y durabilidad<\/li>\n<li>Acabado sublime<\/li>\n<li>Longitud total: 80 cm - Peso: 960 g<\/li>\n<\/ul>","protected":false},"featured_media":81313,"template":"","meta":[],"product_brand":[896],"product_cat":[67],"product_tag":[],"class_list":{"0":"post-81312","1":"product","2":"type-product","3":"status-publish","4":"has-post-thumbnail","6":"product_brand-replique-manga-cine","7":"product_cat-katana-et-epee-de-jeux-video-autre-jeux-video","9":"first","10":"instock","11":"taxable","12":"shipping-taxable","13":"purchasable","14":"product-type-simple"},"yoast_head":"<!-- This site is optimized with the Yoast SEO plugin v27.5 - https:\/\/yoast.com\/product\/yoast-seo-wordpress\/ -->\n<title>Luth de Ruan Mei - Honkai Star Rail series - R\u00e9plique Manga Cin\u00e9<\/title>\n<meta name=\"description\" content=\"Superbe r\u00e9plique du Luth de Ruan Mei dans le Honkai : Star Rail s\u00e9rie. Tout en fibre de verre. Mat\u00e9riaux de haute qualit\u00e9, finitions exceptionnelles. 80cm\" \/>\n<meta name=\"robots\" content=\"index, follow, max-snippet:-1, max-image-preview:large, max-video-preview:-1\" \/>\n<link rel=\"canonical\" href=\"https:\/\/repliquemangacine.fr\/es\/katana-y-espada-videojuego-otros-videojuegos\/ruan-mei-laud-honkai-serie-star-rail\/\" \/>\n<meta property=\"og:locale\" content=\"es_ES\" \/>\n<meta property=\"og:type\" content=\"article\" \/>\n<meta property=\"og:title\" content=\"Luth de Ruan Mei - Honkai Star Rail series - R\u00e9plique Manga Cin\u00e9\" \/>\n<meta property=\"og:description\" content=\"Superbe r\u00e9plique du Luth de Ruan Mei dans le Honkai : Star Rail s\u00e9rie. Tout en fibre de verre. Mat\u00e9riaux de haute qualit\u00e9, finitions exceptionnelles. 80cm\" \/>\n<meta property=\"og:url\" content=\"https:\/\/repliquemangacine.fr\/es\/katana-y-espada-videojuego-otros-videojuegos\/ruan-mei-laud-honkai-serie-star-rail\/\" \/>\n<meta property=\"og:site_name\" content=\"R\u00e9plique Manga Cin\u00e9\" \/>\n<meta property=\"article:publisher\" content=\"https:\/\/www.facebook.com\/RepliqueMangaCine\" \/>\n<meta property=\"article:modified_time\" content=\"2025-11-13T13:49:13+00:00\" \/>\n<meta property=\"og:image\" content=\"https:\/\/repliquemangacine.fr\/wp-content\/uploads\/2025\/01\/Luth-de-Ruan-Mei-Honkau-Starrail.jpg\" \/>\n\t<meta property=\"og:image:width\" content=\"500\" \/>\n\t<meta property=\"og:image:height\" content=\"500\" \/>\n\t<meta property=\"og:image:type\" content=\"image\/jpeg\" \/>\n<meta name=\"twitter:card\" content=\"summary_large_image\" \/>\n<meta name=\"twitter:label1\" content=\"Tiempo de lectura\" \/>\n\t<meta name=\"twitter:data1\" content=\"3 minutos\" \/>\n<script type=\"application\/ld+json\" class=\"yoast-schema-graph\">{\"@context\":\"https:\\\/\\\/schema.org\",\"@graph\":[{\"@type\":\"WebPage\",\"@id\":\"https:\\\/\\\/repliquemangacine.fr\\\/katana-et-epee-de-jeux-video-autre-jeux-video\\\/luth-de-ruan-mei-honkai-star-rail-series\\\/\",\"url\":\"https:\\\/\\\/repliquemangacine.fr\\\/katana-et-epee-de-jeux-video-autre-jeux-video\\\/luth-de-ruan-mei-honkai-star-rail-series\\\/\",\"name\":\"Luth de Ruan Mei - Honkai Star Rail series - R\u00e9plique Manga Cin\u00e9\",\"isPartOf\":{\"@id\":\"https:\\\/\\\/repliquemangacine.fr\\\/#website\"},\"primaryImageOfPage\":{\"@id\":\"https:\\\/\\\/repliquemangacine.fr\\\/katana-et-epee-de-jeux-video-autre-jeux-video\\\/luth-de-ruan-mei-honkai-star-rail-series\\\/#primaryimage\"},\"image\":{\"@id\":\"https:\\\/\\\/repliquemangacine.fr\\\/katana-et-epee-de-jeux-video-autre-jeux-video\\\/luth-de-ruan-mei-honkai-star-rail-series\\\/#primaryimage\"},\"thumbnailUrl\":\"https:\\\/\\\/repliquemangacine.fr\\\/wp-content\\\/uploads\\\/2025\\\/01\\\/Luth-de-Ruan-Mei-Honkau-Starrail.jpg\",\"datePublished\":\"2025-01-18T16:22:17+00:00\",\"dateModified\":\"2025-11-13T13:49:13+00:00\",\"description\":\"Superbe r\u00e9plique du Luth de Ruan Mei dans le Honkai : Star Rail s\u00e9rie. Tout en fibre de verre. Mat\u00e9riaux de haute qualit\u00e9, finitions exceptionnelles. 80cm\",\"breadcrumb\":{\"@id\":\"https:\\\/\\\/repliquemangacine.fr\\\/katana-et-epee-de-jeux-video-autre-jeux-video\\\/luth-de-ruan-mei-honkai-star-rail-series\\\/#breadcrumb\"},\"inLanguage\":\"es\",\"potentialAction\":[{\"@type\":\"ReadAction\",\"target\":[\"https:\\\/\\\/repliquemangacine.fr\\\/katana-et-epee-de-jeux-video-autre-jeux-video\\\/luth-de-ruan-mei-honkai-star-rail-series\\\/\"]}]},{\"@type\":\"ImageObject\",\"inLanguage\":\"es\",\"@id\":\"https:\\\/\\\/repliquemangacine.fr\\\/katana-et-epee-de-jeux-video-autre-jeux-video\\\/luth-de-ruan-mei-honkai-star-rail-series\\\/#primaryimage\",\"url\":\"https:\\\/\\\/repliquemangacine.fr\\\/wp-content\\\/uploads\\\/2025\\\/01\\\/Luth-de-Ruan-Mei-Honkau-Starrail.jpg\",\"contentUrl\":\"https:\\\/\\\/repliquemangacine.fr\\\/wp-content\\\/uploads\\\/2025\\\/01\\\/Luth-de-Ruan-Mei-Honkau-Starrail.jpg\",\"width\":500,\"height\":500,\"caption\":\"Luth de Ruan Mei Honkai Starrail\"},{\"@type\":\"BreadcrumbList\",\"@id\":\"https:\\\/\\\/repliquemangacine.fr\\\/katana-et-epee-de-jeux-video-autre-jeux-video\\\/luth-de-ruan-mei-honkai-star-rail-series\\\/#breadcrumb\",\"itemListElement\":[{\"@type\":\"ListItem\",\"position\":1,\"name\":\"Accueil\",\"item\":\"https:\\\/\\\/repliquemangacine.fr\\\/\"},{\"@type\":\"ListItem\",\"position\":2,\"name\":\"Produits\",\"item\":\"https:\\\/\\\/repliquemangacine.fr\\\/boutique\\\/\"},{\"@type\":\"ListItem\",\"position\":3,\"name\":\"Luth de Ruan Mei &#8211; Honkai Star Rail series\"}]},{\"@type\":\"WebSite\",\"@id\":\"https:\\\/\\\/repliquemangacine.fr\\\/#website\",\"url\":\"https:\\\/\\\/repliquemangacine.fr\\\/\",\"name\":\"R\u00e9plique Manga Cin\u00e9\",\"description\":\"\",\"publisher\":{\"@id\":\"https:\\\/\\\/repliquemangacine.fr\\\/#organization\"},\"potentialAction\":[{\"@type\":\"SearchAction\",\"target\":{\"@type\":\"EntryPoint\",\"urlTemplate\":\"https:\\\/\\\/repliquemangacine.fr\\\/?s={search_term_string}\"},\"query-input\":{\"@type\":\"PropertyValueSpecification\",\"valueRequired\":true,\"valueName\":\"search_term_string\"}}],\"inLanguage\":\"es\"},{\"@type\":\"Organization\",\"@id\":\"https:\\\/\\\/repliquemangacine.fr\\\/#organization\",\"name\":\"R\u00e9plique Manga Cin\u00e9\",\"url\":\"https:\\\/\\\/repliquemangacine.fr\\\/\",\"logo\":{\"@type\":\"ImageObject\",\"inLanguage\":\"es\",\"@id\":\"https:\\\/\\\/repliquemangacine.fr\\\/#\\\/schema\\\/logo\\\/image\\\/\",\"url\":\"https:\\\/\\\/repliquemangacine.fr\\\/wp-content\\\/uploads\\\/2023\\\/10\\\/RMC-500250.png\",\"contentUrl\":\"https:\\\/\\\/repliquemangacine.fr\\\/wp-content\\\/uploads\\\/2023\\\/10\\\/RMC-500250.png\",\"width\":500,\"height\":250,\"caption\":\"R\u00e9plique Manga Cin\u00e9\"},\"image\":{\"@id\":\"https:\\\/\\\/repliquemangacine.fr\\\/#\\\/schema\\\/logo\\\/image\\\/\"},\"sameAs\":[\"https:\\\/\\\/www.facebook.com\\\/RepliqueMangaCine\",\"https:\\\/\\\/www.instagram.com\\\/repliquemangacine.fr\\\/\"]}]}<\/script>\n<!-- \/ Yoast SEO plugin. -->","yoast_head_json":{"title":"La\u00fad Ruan Mei - Serie Honkai Star Rail - R\u00e9plique Manga Cin\u00e9","description":"Magn\u00edfica r\u00e9plica del La\u00fad de Ruan Mei en la serie Honkai: Star Rail. Todo en fibra de vidrio. Materiales de alta calidad, acabado excepcional. 80cm","robots":{"index":"index","follow":"follow","max-snippet":"max-snippet:-1","max-image-preview":"max-image-preview:large","max-video-preview":"max-video-preview:-1"},"canonical":"https:\/\/repliquemangacine.fr\/es\/katana-y-espada-videojuego-otros-videojuegos\/ruan-mei-laud-honkai-serie-star-rail\/","og_locale":"es_ES","og_type":"article","og_title":"Luth de Ruan Mei - Honkai Star Rail series - R\u00e9plique Manga Cin\u00e9","og_description":"Superbe r\u00e9plique du Luth de Ruan Mei dans le Honkai : Star Rail s\u00e9rie. Tout en fibre de verre. Mat\u00e9riaux de haute qualit\u00e9, finitions exceptionnelles. 80cm","og_url":"https:\/\/repliquemangacine.fr\/es\/katana-y-espada-videojuego-otros-videojuegos\/ruan-mei-laud-honkai-serie-star-rail\/","og_site_name":"R\u00e9plique Manga Cin\u00e9","article_publisher":"https:\/\/www.facebook.com\/RepliqueMangaCine","article_modified_time":"2025-11-13T13:49:13+00:00","og_image":[{"width":500,"height":500,"url":"https:\/\/repliquemangacine.fr\/wp-content\/uploads\/2025\/01\/Luth-de-Ruan-Mei-Honkau-Starrail.jpg","type":"image\/jpeg"}],"twitter_card":"summary_large_image","twitter_misc":{"Tiempo de lectura":"3 minutos"},"schema":{"@context":"https:\/\/schema.org","@graph":[{"@type":"WebPage","@id":"https:\/\/repliquemangacine.fr\/katana-et-epee-de-jeux-video-autre-jeux-video\/luth-de-ruan-mei-honkai-star-rail-series\/","url":"https:\/\/repliquemangacine.fr\/katana-et-epee-de-jeux-video-autre-jeux-video\/luth-de-ruan-mei-honkai-star-rail-series\/","name":"La\u00fad Ruan Mei - Serie Honkai Star Rail - R\u00e9plique Manga Cin\u00e9","isPartOf":{"@id":"https:\/\/repliquemangacine.fr\/#website"},"primaryImageOfPage":{"@id":"https:\/\/repliquemangacine.fr\/katana-et-epee-de-jeux-video-autre-jeux-video\/luth-de-ruan-mei-honkai-star-rail-series\/#primaryimage"},"image":{"@id":"https:\/\/repliquemangacine.fr\/katana-et-epee-de-jeux-video-autre-jeux-video\/luth-de-ruan-mei-honkai-star-rail-series\/#primaryimage"},"thumbnailUrl":"https:\/\/repliquemangacine.fr\/wp-content\/uploads\/2025\/01\/Luth-de-Ruan-Mei-Honkau-Starrail.jpg","datePublished":"2025-01-18T16:22:17+00:00","dateModified":"2025-11-13T13:49:13+00:00","description":"Magn\u00edfica r\u00e9plica del La\u00fad de Ruan Mei en la serie Honkai: Star Rail. Todo en fibra de vidrio. Materiales de alta calidad, acabado excepcional. 80cm","breadcrumb":{"@id":"https:\/\/repliquemangacine.fr\/katana-et-epee-de-jeux-video-autre-jeux-video\/luth-de-ruan-mei-honkai-star-rail-series\/#breadcrumb"},"inLanguage":"es","potentialAction":[{"@type":"ReadAction","target":["https:\/\/repliquemangacine.fr\/katana-et-epee-de-jeux-video-autre-jeux-video\/luth-de-ruan-mei-honkai-star-rail-series\/"]}]},{"@type":"ImageObject","inLanguage":"es","@id":"https:\/\/repliquemangacine.fr\/katana-et-epee-de-jeux-video-autre-jeux-video\/luth-de-ruan-mei-honkai-star-rail-series\/#primaryimage","url":"https:\/\/repliquemangacine.fr\/wp-content\/uploads\/2025\/01\/Luth-de-Ruan-Mei-Honkau-Starrail.jpg","contentUrl":"https:\/\/repliquemangacine.fr\/wp-content\/uploads\/2025\/01\/Luth-de-Ruan-Mei-Honkau-Starrail.jpg","width":500,"height":500,"caption":"Luth de Ruan Mei Honkai Starrail"},{"@type":"BreadcrumbList","@id":"https:\/\/repliquemangacine.fr\/katana-et-epee-de-jeux-video-autre-jeux-video\/luth-de-ruan-mei-honkai-star-rail-series\/#breadcrumb","itemListElement":[{"@type":"ListItem","position":1,"name":"Accueil","item":"https:\/\/repliquemangacine.fr\/"},{"@type":"ListItem","position":2,"name":"Produits","item":"https:\/\/repliquemangacine.fr\/boutique\/"},{"@type":"ListItem","position":3,"name":"Luth de Ruan Mei &#8211; Honkai Star Rail series"}]},{"@type":"WebSite","@id":"https:\/\/repliquemangacine.fr\/#website","url":"https:\/\/repliquemangacine.fr\/","name":"R\u00e9plique Manga Cin\u00e9","description":"","publisher":{"@id":"https:\/\/repliquemangacine.fr\/#organization"},"potentialAction":[{"@type":"SearchAction","target":{"@type":"EntryPoint","urlTemplate":"https:\/\/repliquemangacine.fr\/?s={search_term_string}"},"query-input":{"@type":"PropertyValueSpecification","valueRequired":true,"valueName":"search_term_string"}}],"inLanguage":"es"},{"@type":"Organization","@id":"https:\/\/repliquemangacine.fr\/#organization","name":"R\u00e9plique Manga Cin\u00e9","url":"https:\/\/repliquemangacine.fr\/","logo":{"@type":"ImageObject","inLanguage":"es","@id":"https:\/\/repliquemangacine.fr\/#\/schema\/logo\/image\/","url":"https:\/\/repliquemangacine.fr\/wp-content\/uploads\/2023\/10\/RMC-500250.png","contentUrl":"https:\/\/repliquemangacine.fr\/wp-content\/uploads\/2023\/10\/RMC-500250.png","width":500,"height":250,"caption":"R\u00e9plique Manga Cin\u00e9"},"image":{"@id":"https:\/\/repliquemangacine.fr\/#\/schema\/logo\/image\/"},"sameAs":["https:\/\/www.facebook.com\/RepliqueMangaCine","https:\/\/www.instagram.com\/repliquemangacine.fr\/"]}]}},"_links":{"self":[{"href":"https:\/\/repliquemangacine.fr\/es\/wp-json\/wp\/v2\/product\/81312","targetHints":{"allow":["GET"]}}],"collection":[{"href":"https:\/\/repliquemangacine.fr\/es\/wp-json\/wp\/v2\/product"}],"about":[{"href":"https:\/\/repliquemangacine.fr\/es\/wp-json\/wp\/v2\/types\/product"}],"wp:featuredmedia":[{"embeddable":true,"href":"https:\/\/repliquemangacine.fr\/es\/wp-json\/wp\/v2\/media\/81313"}],"wp:attachment":[{"href":"https:\/\/repliquemangacine.fr\/es\/wp-json\/wp\/v2\/media?parent=81312"}],"wp:term":[{"taxonomy":"product_brand","embeddable":true,"href":"https:\/\/repliquemangacine.fr\/es\/wp-json\/wp\/v2\/product_brand?post=81312"},{"taxonomy":"product_cat","embeddable":true,"href":"https:\/\/repliquemangacine.fr\/es\/wp-json\/wp\/v2\/product_cat?post=81312"},{"taxonomy":"product_tag","embeddable":true,"href":"https:\/\/repliquemangacine.fr\/es\/wp-json\/wp\/v2\/product_tag?post=81312"}],"curies":[{"name":"wp","href":"https:\/\/api.w.org\/{rel}","templated":true}]}}