





{"id":81303,"date":"2025-01-18T16:36:28","date_gmt":"2025-01-18T15:36:28","guid":{"rendered":"https:\/\/repliquemangacine.fr\/?post_type=product&#038;p=81303"},"modified":"2025-12-30T13:38:10","modified_gmt":"2025-12-30T12:38:10","slug":"kratos-hacha-dios-de-la-guerra","status":"publish","type":"product","link":"https:\/\/repliquemangacine.fr\/es\/katana-et-epee-de-jeux-video-autre-jeux-video\/hache-de-kratos-god-of-war\/","title":{"rendered":"Hacha de Kratos God of War"},"content":{"rendered":"<h2>El hacha Leviat\u00e1n de Kratos: una r\u00e9plica fiel e impresionante<\/h2>\n<p>En primer lugar, el hacha Leviat\u00e1n de Kratos es una pieza excepcional para todos los fans de <a href=\"https:\/\/godofwar.fandom.com\/fr\/wiki\/Wiki_God_of_War\" target=\"_blank\" rel=\"noopener noreferrer\">God of War<\/a>. Su cabeza de acero inoxidable est\u00e1 grabada con aut\u00e9nticos motivos n\u00f3rdicos. Gracias a un efecto fluorescente, brilla en la oscuridad para un aspecto a\u00fan m\u00e1s realista. Su mango de fibra de vidrio est\u00e1 reforzado con metal en el interior, lo que le confiere una gran robustez. Una correa de polipiel garantiza un agarre c\u00f3modo y ergon\u00f3mico. Se suministra con un discreto soporte de madera que atrae todas las miradas. La cabeza del hacha mide 30 cm, mientras que la longitud total es de 105 cm. Con un peso de 8.000 g, esta hacha es un verdadero s\u00edmbolo de poder. Cada detalle se ha dise\u00f1ado para respetar la est\u00e9tica del arma legendaria del juego.<\/p>\n<h2>La importancia de las armas en el universo God of War<\/h2>\n<p>De hecho, en God of War, las armas son algo m\u00e1s que simples herramientas de combate. Son una extensi\u00f3n de Kratos y de su furia vengativa. Es m\u00e1s, el hacha Leviat\u00e1n es la heredera de las armas n\u00f3rdicas m\u00e1s poderosas, capaz de congelar a los enemigos y volver a la mano de su portador. As\u00ed, a lo largo de la saga, cada arma tiene una rica historia y un profundo impacto en el desarrollo de los personajes. Adem\u00e1s, las Espadas del Caos, marcadas por la tragedia, son un s\u00edmbolo del pasado de Kratos. Cada arma encarna una parte de su destino y de su lucha interior. La mec\u00e1nica de combate de God of War se basa en estas armas ic\u00f3nicas, lo que permite una gran variedad de estilos de ataque. El dominio de estas armas es esencial para progresar y enfrentarse a los numerosos enemigos. Hacen de Kratos un guerrero temible e implacable.<\/p>\n<h2>Descubre otras armas legendarias en R\u00e9plique Manga Cin\u00e9<\/h2>\n<p>En R\u00e9plique Manga Cin\u00e9 encontrar\u00e1s una selecci\u00f3n \u00fanica de armas de videojuegos fielmente reproducidas. Podr\u00e1s empu\u00f1ar las<a href=\"https:\/\/repliquemangacine.fr\/es\/katana-y-espada-videojuego-otros-videojuegos\/cloud-strife-hardedge-sword-final-fantasy-vii-remake\/\">Espada Hardedge de Cloud Strife<\/a> de Final Fantasy VII Remake, fabricado con espuma de alta densidad para un agarre seguro. Para los fans de Genshin Impact, <a href=\"https:\/\/repliquemangacine.fr\/es\/impacto-genshin\/fredom-espada-jurada-en-impacto-genshin\/\">los Guerreros de la Libertad<\/a> tambi\u00e9n est\u00e1 disponible en nuestra colecci\u00f3n. Los fans de Ghost of Tsushima apreciar\u00e1n el <a href=\"https:\/\/repliquemangacine.fr\/es\/katana-y-espada-videojuego-otros-videojuegos\/katana-sakai-forge-fantasma-de-tsushima\/\">katana de Jin Saka\u00ef<\/a>Disponible en versi\u00f3n afilada en lugar de cortante. Y, por supuesto, no podemos olvidar el <a href=\"https:\/\/repliquemangacine.fr\/es\/replica-de-videojuegos-manga\/kratos-hojas-del-caos\/\">Hojas del Caos de Kratos<\/a>disponibles en versiones de metal y espuma para satisfacer a todos los coleccionistas. Tanto si eres fan de God of War como de otros t\u00edtulos de culto, nuestro cat\u00e1logo est\u00e1 repleto de armas ic\u00f3nicas. En conclusi\u00f3n, haz de tu colecci\u00f3n un homenaje a los mejores videojuegos de la historia.<\/p>","protected":false},"excerpt":{"rendered":"<p>Impresionante hacha Leviat\u00e1n de Kratos en God of War<\/p>\n<ul>\n<li>Cabeza de hacha de acero inoxidable grabada y fluorescente.<\/li>\n<li>Mango de fibra de vidrio con interior letal.<\/li>\n<li>Correa de polipiel para un agarre seguro<\/li>\n<li>Se suministra con un peque\u00f1o y discreto soporte de madera para dejar espacio suficiente para el hacha.<\/li>\n<li>Longitud de la cabeza: 30 cm - Longitud del hacha: 105 cm<\/li>\n<li>Peso: 8000 g<\/li>\n<\/ul>","protected":false},"featured_media":81305,"template":"","meta":[],"product_brand":[896],"product_cat":[67],"product_tag":[],"class_list":{"0":"post-81303","1":"product","2":"type-product","3":"status-publish","4":"has-post-thumbnail","6":"product_brand-replique-manga-cine","7":"product_cat-katana-et-epee-de-jeux-video-autre-jeux-video","9":"first","10":"outofstock","11":"taxable","12":"shipping-taxable","13":"purchasable","14":"product-type-simple"},"yoast_head":"<!-- This site is optimized with the Yoast SEO plugin v27.5 - https:\/\/yoast.com\/product\/yoast-seo-wordpress\/ -->\n<title>Hache de Kratos God of War - R\u00e9plique Manga Cin\u00e9<\/title>\n<meta name=\"description\" content=\"En exclusivit\u00e9, cette Hache de Kratos Leviathan dans God of War. T\u00eate de hache en acier inoxydable, grav\u00e9e et fluosrescente. Poids : 8 kg - 105 cm\" \/>\n<meta name=\"robots\" content=\"index, follow, max-snippet:-1, max-image-preview:large, max-video-preview:-1\" \/>\n<link rel=\"canonical\" href=\"https:\/\/repliquemangacine.fr\/es\/katana-y-espada-videojuego-otros-videojuegos\/kratos-hacha-dios-de-la-guerra\/\" \/>\n<meta property=\"og:locale\" content=\"es_ES\" \/>\n<meta property=\"og:type\" content=\"article\" \/>\n<meta property=\"og:title\" content=\"Hache de Kratos God of War - R\u00e9plique Manga Cin\u00e9\" \/>\n<meta property=\"og:description\" content=\"En exclusivit\u00e9, cette Hache de Kratos Leviathan dans God of War. T\u00eate de hache en acier inoxydable, grav\u00e9e et fluosrescente. Poids : 8 kg - 105 cm\" \/>\n<meta property=\"og:url\" content=\"https:\/\/repliquemangacine.fr\/es\/katana-y-espada-videojuego-otros-videojuegos\/kratos-hacha-dios-de-la-guerra\/\" \/>\n<meta property=\"og:site_name\" content=\"R\u00e9plique Manga Cin\u00e9\" \/>\n<meta property=\"article:publisher\" content=\"https:\/\/www.facebook.com\/RepliqueMangaCine\" \/>\n<meta property=\"article:modified_time\" content=\"2025-12-30T12:38:10+00:00\" \/>\n<meta property=\"og:image\" content=\"https:\/\/repliquemangacine.fr\/wp-content\/uploads\/2025\/01\/Hache-de-Kratos-God-of-War-hache-leviathan.jpg\" \/>\n\t<meta property=\"og:image:width\" content=\"500\" \/>\n\t<meta property=\"og:image:height\" content=\"500\" \/>\n\t<meta property=\"og:image:type\" content=\"image\/jpeg\" \/>\n<meta name=\"twitter:card\" content=\"summary_large_image\" \/>\n<meta name=\"twitter:label1\" content=\"Tiempo de lectura\" \/>\n\t<meta name=\"twitter:data1\" content=\"3 minutos\" \/>\n<script type=\"application\/ld+json\" class=\"yoast-schema-graph\">{\"@context\":\"https:\\\/\\\/schema.org\",\"@graph\":[{\"@type\":\"WebPage\",\"@id\":\"https:\\\/\\\/repliquemangacine.fr\\\/katana-et-epee-de-jeux-video-autre-jeux-video\\\/hache-de-kratos-god-of-war\\\/\",\"url\":\"https:\\\/\\\/repliquemangacine.fr\\\/katana-et-epee-de-jeux-video-autre-jeux-video\\\/hache-de-kratos-god-of-war\\\/\",\"name\":\"Hache de Kratos God of War - R\u00e9plique Manga Cin\u00e9\",\"isPartOf\":{\"@id\":\"https:\\\/\\\/repliquemangacine.fr\\\/#website\"},\"primaryImageOfPage\":{\"@id\":\"https:\\\/\\\/repliquemangacine.fr\\\/katana-et-epee-de-jeux-video-autre-jeux-video\\\/hache-de-kratos-god-of-war\\\/#primaryimage\"},\"image\":{\"@id\":\"https:\\\/\\\/repliquemangacine.fr\\\/katana-et-epee-de-jeux-video-autre-jeux-video\\\/hache-de-kratos-god-of-war\\\/#primaryimage\"},\"thumbnailUrl\":\"https:\\\/\\\/repliquemangacine.fr\\\/wp-content\\\/uploads\\\/2025\\\/01\\\/Hache-de-Kratos-God-of-War-hache-leviathan.jpg\",\"datePublished\":\"2025-01-18T15:36:28+00:00\",\"dateModified\":\"2025-12-30T12:38:10+00:00\",\"description\":\"En exclusivit\u00e9, cette Hache de Kratos Leviathan dans God of War. T\u00eate de hache en acier inoxydable, grav\u00e9e et fluosrescente. Poids : 8 kg - 105 cm\",\"breadcrumb\":{\"@id\":\"https:\\\/\\\/repliquemangacine.fr\\\/katana-et-epee-de-jeux-video-autre-jeux-video\\\/hache-de-kratos-god-of-war\\\/#breadcrumb\"},\"inLanguage\":\"es\",\"potentialAction\":[{\"@type\":\"ReadAction\",\"target\":[\"https:\\\/\\\/repliquemangacine.fr\\\/katana-et-epee-de-jeux-video-autre-jeux-video\\\/hache-de-kratos-god-of-war\\\/\"]}]},{\"@type\":\"ImageObject\",\"inLanguage\":\"es\",\"@id\":\"https:\\\/\\\/repliquemangacine.fr\\\/katana-et-epee-de-jeux-video-autre-jeux-video\\\/hache-de-kratos-god-of-war\\\/#primaryimage\",\"url\":\"https:\\\/\\\/repliquemangacine.fr\\\/wp-content\\\/uploads\\\/2025\\\/01\\\/Hache-de-Kratos-God-of-War-hache-leviathan.jpg\",\"contentUrl\":\"https:\\\/\\\/repliquemangacine.fr\\\/wp-content\\\/uploads\\\/2025\\\/01\\\/Hache-de-Kratos-God-of-War-hache-leviathan.jpg\",\"width\":500,\"height\":500,\"caption\":\"Hache de Kratos dans God of War\"},{\"@type\":\"BreadcrumbList\",\"@id\":\"https:\\\/\\\/repliquemangacine.fr\\\/katana-et-epee-de-jeux-video-autre-jeux-video\\\/hache-de-kratos-god-of-war\\\/#breadcrumb\",\"itemListElement\":[{\"@type\":\"ListItem\",\"position\":1,\"name\":\"Accueil\",\"item\":\"https:\\\/\\\/repliquemangacine.fr\\\/\"},{\"@type\":\"ListItem\",\"position\":2,\"name\":\"Produits\",\"item\":\"https:\\\/\\\/repliquemangacine.fr\\\/boutique\\\/\"},{\"@type\":\"ListItem\",\"position\":3,\"name\":\"Hache de Kratos God of War\"}]},{\"@type\":\"WebSite\",\"@id\":\"https:\\\/\\\/repliquemangacine.fr\\\/#website\",\"url\":\"https:\\\/\\\/repliquemangacine.fr\\\/\",\"name\":\"R\u00e9plique Manga Cin\u00e9\",\"description\":\"\",\"publisher\":{\"@id\":\"https:\\\/\\\/repliquemangacine.fr\\\/#organization\"},\"potentialAction\":[{\"@type\":\"SearchAction\",\"target\":{\"@type\":\"EntryPoint\",\"urlTemplate\":\"https:\\\/\\\/repliquemangacine.fr\\\/?s={search_term_string}\"},\"query-input\":{\"@type\":\"PropertyValueSpecification\",\"valueRequired\":true,\"valueName\":\"search_term_string\"}}],\"inLanguage\":\"es\"},{\"@type\":\"Organization\",\"@id\":\"https:\\\/\\\/repliquemangacine.fr\\\/#organization\",\"name\":\"R\u00e9plique Manga Cin\u00e9\",\"url\":\"https:\\\/\\\/repliquemangacine.fr\\\/\",\"logo\":{\"@type\":\"ImageObject\",\"inLanguage\":\"es\",\"@id\":\"https:\\\/\\\/repliquemangacine.fr\\\/#\\\/schema\\\/logo\\\/image\\\/\",\"url\":\"https:\\\/\\\/repliquemangacine.fr\\\/wp-content\\\/uploads\\\/2023\\\/10\\\/RMC-500250.png\",\"contentUrl\":\"https:\\\/\\\/repliquemangacine.fr\\\/wp-content\\\/uploads\\\/2023\\\/10\\\/RMC-500250.png\",\"width\":500,\"height\":250,\"caption\":\"R\u00e9plique Manga Cin\u00e9\"},\"image\":{\"@id\":\"https:\\\/\\\/repliquemangacine.fr\\\/#\\\/schema\\\/logo\\\/image\\\/\"},\"sameAs\":[\"https:\\\/\\\/www.facebook.com\\\/RepliqueMangaCine\",\"https:\\\/\\\/www.instagram.com\\\/repliquemangacine.fr\\\/\"]}]}<\/script>\n<!-- \/ Yoast SEO plugin. -->","yoast_head_json":{"title":"Hacha Kratos God of War - R\u00e9plique Manga Cin\u00e9","description":"En exclusiva esta Hacha del Leviat\u00e1n de Kratos en God of War. Cabeza de hacha de acero inoxidable, grabada y fluorescente. Peso: 8 kg - 105 cm","robots":{"index":"index","follow":"follow","max-snippet":"max-snippet:-1","max-image-preview":"max-image-preview:large","max-video-preview":"max-video-preview:-1"},"canonical":"https:\/\/repliquemangacine.fr\/es\/katana-y-espada-videojuego-otros-videojuegos\/kratos-hacha-dios-de-la-guerra\/","og_locale":"es_ES","og_type":"article","og_title":"Hache de Kratos God of War - R\u00e9plique Manga Cin\u00e9","og_description":"En exclusivit\u00e9, cette Hache de Kratos Leviathan dans God of War. T\u00eate de hache en acier inoxydable, grav\u00e9e et fluosrescente. Poids : 8 kg - 105 cm","og_url":"https:\/\/repliquemangacine.fr\/es\/katana-y-espada-videojuego-otros-videojuegos\/kratos-hacha-dios-de-la-guerra\/","og_site_name":"R\u00e9plique Manga Cin\u00e9","article_publisher":"https:\/\/www.facebook.com\/RepliqueMangaCine","article_modified_time":"2025-12-30T12:38:10+00:00","og_image":[{"width":500,"height":500,"url":"https:\/\/repliquemangacine.fr\/wp-content\/uploads\/2025\/01\/Hache-de-Kratos-God-of-War-hache-leviathan.jpg","type":"image\/jpeg"}],"twitter_card":"summary_large_image","twitter_misc":{"Tiempo de lectura":"3 minutos"},"schema":{"@context":"https:\/\/schema.org","@graph":[{"@type":"WebPage","@id":"https:\/\/repliquemangacine.fr\/katana-et-epee-de-jeux-video-autre-jeux-video\/hache-de-kratos-god-of-war\/","url":"https:\/\/repliquemangacine.fr\/katana-et-epee-de-jeux-video-autre-jeux-video\/hache-de-kratos-god-of-war\/","name":"Hacha Kratos God of War - R\u00e9plique Manga Cin\u00e9","isPartOf":{"@id":"https:\/\/repliquemangacine.fr\/#website"},"primaryImageOfPage":{"@id":"https:\/\/repliquemangacine.fr\/katana-et-epee-de-jeux-video-autre-jeux-video\/hache-de-kratos-god-of-war\/#primaryimage"},"image":{"@id":"https:\/\/repliquemangacine.fr\/katana-et-epee-de-jeux-video-autre-jeux-video\/hache-de-kratos-god-of-war\/#primaryimage"},"thumbnailUrl":"https:\/\/repliquemangacine.fr\/wp-content\/uploads\/2025\/01\/Hache-de-Kratos-God-of-War-hache-leviathan.jpg","datePublished":"2025-01-18T15:36:28+00:00","dateModified":"2025-12-30T12:38:10+00:00","description":"En exclusiva esta Hacha del Leviat\u00e1n de Kratos en God of War. Cabeza de hacha de acero inoxidable, grabada y fluorescente. Peso: 8 kg - 105 cm","breadcrumb":{"@id":"https:\/\/repliquemangacine.fr\/katana-et-epee-de-jeux-video-autre-jeux-video\/hache-de-kratos-god-of-war\/#breadcrumb"},"inLanguage":"es","potentialAction":[{"@type":"ReadAction","target":["https:\/\/repliquemangacine.fr\/katana-et-epee-de-jeux-video-autre-jeux-video\/hache-de-kratos-god-of-war\/"]}]},{"@type":"ImageObject","inLanguage":"es","@id":"https:\/\/repliquemangacine.fr\/katana-et-epee-de-jeux-video-autre-jeux-video\/hache-de-kratos-god-of-war\/#primaryimage","url":"https:\/\/repliquemangacine.fr\/wp-content\/uploads\/2025\/01\/Hache-de-Kratos-God-of-War-hache-leviathan.jpg","contentUrl":"https:\/\/repliquemangacine.fr\/wp-content\/uploads\/2025\/01\/Hache-de-Kratos-God-of-War-hache-leviathan.jpg","width":500,"height":500,"caption":"Hache de Kratos dans God of War"},{"@type":"BreadcrumbList","@id":"https:\/\/repliquemangacine.fr\/katana-et-epee-de-jeux-video-autre-jeux-video\/hache-de-kratos-god-of-war\/#breadcrumb","itemListElement":[{"@type":"ListItem","position":1,"name":"Accueil","item":"https:\/\/repliquemangacine.fr\/"},{"@type":"ListItem","position":2,"name":"Produits","item":"https:\/\/repliquemangacine.fr\/boutique\/"},{"@type":"ListItem","position":3,"name":"Hache de Kratos God of War"}]},{"@type":"WebSite","@id":"https:\/\/repliquemangacine.fr\/#website","url":"https:\/\/repliquemangacine.fr\/","name":"R\u00e9plique Manga Cin\u00e9","description":"","publisher":{"@id":"https:\/\/repliquemangacine.fr\/#organization"},"potentialAction":[{"@type":"SearchAction","target":{"@type":"EntryPoint","urlTemplate":"https:\/\/repliquemangacine.fr\/?s={search_term_string}"},"query-input":{"@type":"PropertyValueSpecification","valueRequired":true,"valueName":"search_term_string"}}],"inLanguage":"es"},{"@type":"Organization","@id":"https:\/\/repliquemangacine.fr\/#organization","name":"R\u00e9plique Manga Cin\u00e9","url":"https:\/\/repliquemangacine.fr\/","logo":{"@type":"ImageObject","inLanguage":"es","@id":"https:\/\/repliquemangacine.fr\/#\/schema\/logo\/image\/","url":"https:\/\/repliquemangacine.fr\/wp-content\/uploads\/2023\/10\/RMC-500250.png","contentUrl":"https:\/\/repliquemangacine.fr\/wp-content\/uploads\/2023\/10\/RMC-500250.png","width":500,"height":250,"caption":"R\u00e9plique Manga Cin\u00e9"},"image":{"@id":"https:\/\/repliquemangacine.fr\/#\/schema\/logo\/image\/"},"sameAs":["https:\/\/www.facebook.com\/RepliqueMangaCine","https:\/\/www.instagram.com\/repliquemangacine.fr\/"]}]}},"_links":{"self":[{"href":"https:\/\/repliquemangacine.fr\/es\/wp-json\/wp\/v2\/product\/81303","targetHints":{"allow":["GET"]}}],"collection":[{"href":"https:\/\/repliquemangacine.fr\/es\/wp-json\/wp\/v2\/product"}],"about":[{"href":"https:\/\/repliquemangacine.fr\/es\/wp-json\/wp\/v2\/types\/product"}],"wp:featuredmedia":[{"embeddable":true,"href":"https:\/\/repliquemangacine.fr\/es\/wp-json\/wp\/v2\/media\/81305"}],"wp:attachment":[{"href":"https:\/\/repliquemangacine.fr\/es\/wp-json\/wp\/v2\/media?parent=81303"}],"wp:term":[{"taxonomy":"product_brand","embeddable":true,"href":"https:\/\/repliquemangacine.fr\/es\/wp-json\/wp\/v2\/product_brand?post=81303"},{"taxonomy":"product_cat","embeddable":true,"href":"https:\/\/repliquemangacine.fr\/es\/wp-json\/wp\/v2\/product_cat?post=81303"},{"taxonomy":"product_tag","embeddable":true,"href":"https:\/\/repliquemangacine.fr\/es\/wp-json\/wp\/v2\/product_tag?post=81303"}],"curies":[{"name":"wp","href":"https:\/\/api.w.org\/{rel}","templated":true}]}}