





{"id":81274,"date":"2025-01-18T15:32:39","date_gmt":"2025-01-18T14:32:39","guid":{"rendered":"https:\/\/repliquemangacine.fr\/?post_type=product&#038;p=81274"},"modified":"2025-11-13T14:51:47","modified_gmt":"2025-11-13T13:51:47","slug":"espada-sagrada-excalibur-kirito-en-alfheim-online-sword-art-online","status":"publish","type":"product","link":"https:\/\/repliquemangacine.fr\/es\/epee-sword-art-online\/epee-sacree-excalibur-kirito-dans-alfheim-online-sword-art-online\/","title":{"rendered":"Espada sagrada Excalibur Kirito en Alfheim Online"},"content":{"rendered":"<h2>Espada sagrada Excalibur Kirito en Alfheim Online (SAO Fractured Daydream )<\/h2>\n<p>Ante todo, la espada sagrada Excalibur es el ep\u00edtome del armamento legendario. Forjada por el dios de los herreros, V\u00f6lundr. Esta majestuosa espada es la m\u00e1s poderosa del reino, superando incluso a la espada demon\u00edaca Gram. Su dise\u00f1o \u00fanico combina una larga hoja de oro deslumbrante con una empu\u00f1adura en forma de ala adornada con tres brillantes gemas. La empu\u00f1adura est\u00e1 asegurada por un refinado mango dorado. Refleja toda la nobleza de esta m\u00edtica arma. La recompensa definitiva de la misi\u00f3n \"La espada sagrada del Palacio de Hielo\". La espada Excalibur est\u00e1 actualmente en manos del h\u00e9roe Kirito. La obtuvo al completar una misi\u00f3n en <a href=\"https:\/\/swordartonline-fandom-com.translate.goog\/wiki\/J%C3%B6tunheimr?_x_tr_sl=en&amp;_x_tr_tl=fr&amp;_x_tr_hl=fr&amp;_x_tr_pto=sc\" target=\"_blank\" rel=\"noopener noreferrer\">J\u00f6tunheimr<\/a>. S\u00edmbolo de poder y gloria, esta espada es el objeto de todos los deseos en el mundo de los jugadores.<\/p>\n<h2>Otras armas ic\u00f3nicas del universo SAO<\/h2>\n<p>Para empezar, el mundo de SAO est\u00e1 lleno de armas tan fascinantes como la espada sagrada Excalibur. Entre ellas se encuentran la <a href=\"https:\/\/repliquemangacine.fr\/es\/sword-art-online-2\/kirito-sao-espada-repulsora-oscura\/\">Repulsor oscuro<\/a> y el<a href=\"https:\/\/repliquemangacine.fr\/es\/sword-art-online-2\/epee-elucidator-kirito-sao\/\">Espada Elucidator<\/a>dos armas legendarias empu\u00f1adas por Kirito. Ambas se distinguen por su est\u00e9tica y su poder. Elucidator, con su imponente hoja negra, encarna la determinaci\u00f3n y la eficacia. Dark Repulser, creada a partir del raro cristal Crystalite Ingot, destaca por su singular brillo turquesa. Por su parte, Asuna, el rayo de SAO, blande con gracia el <a href=\"https:\/\/repliquemangacine.fr\/es\/sword-art-online-2\/lambent-light-rapiere-espada-asuna-sao\/\">Lambent Estoque ligero<\/a>Un arma ligera y precisa, perfecta para ataques r\u00e1pidos y devastadores. Estas armas no son meras herramientas de combate, sino que son fundamentales para la identidad de los personajes, ya que reflejan su fuerza y su historia.<\/p>\n<h2>Sacred Sword Excalibur: Una experiencia de compra \u00fanica en nuestro sitio web<\/h2>\n<p>En R\u00e9plique Manga Cin\u00e9, le ofrecemos la r\u00e9plica perfecta de la espada sagrada Excalibur. Combinando calidad y autenticidad. Hacemos un punto de honor para satisfacer a nuestros clientes con entrega r\u00e1pida 24\/48 horas. Pago seguro 100%, y opiniones garantizadas para ayudarle a hacer su elecci\u00f3n. Nuestro sitio cuenta con una amplia selecci\u00f3n de r\u00e9plicas de armas de tus franquicias favoritas.  Tambi\u00e9n hay descripciones detalladas y fotos precisas. En conclusi\u00f3n, tanto si eres un coleccionista apasionado como un fan de los objetos m\u00edticos. Tenemos lo que necesita. Conf\u00ede en nuestra experiencia para enriquecer su colecci\u00f3n con objetos \u00fanicos e ic\u00f3nicos.<\/p>\n<p>&nbsp;<\/p>","protected":false},"excerpt":{"rendered":"<p>R\u00e9plica id\u00e9ntica de la espada sagrada Excalibur en Alfheim Online (SAO Fractured Daydream )<\/p>\n<ul>\n<li>Totalmente de metal dorado<\/li>\n<li>Hoja de acero sin filo<\/li>\n<li>La guarda de la cruz tiene forma de un peque\u00f1o par de alas y lleva una peque\u00f1a placa triangular verde con tres gemas.<\/li>\n<li>Pomo con forma especial y protecci\u00f3n superior<\/li>\n<li>Se entrega con funda de polipiel negra<\/li>\n<li>Longitud de la hoja: 76 cm - Longitud total: 108,5 cm<\/li>\n<li>Peso: 2180 g<\/li>\n<\/ul>","protected":false},"featured_media":81276,"template":"","meta":[],"product_brand":[896],"product_cat":[53],"product_tag":[],"class_list":{"0":"post-81274","1":"product","2":"type-product","3":"status-publish","4":"has-post-thumbnail","6":"product_brand-replique-manga-cine","7":"product_cat-epee-sword-art-online","9":"first","10":"instock","11":"taxable","12":"shipping-taxable","13":"purchasable","14":"product-type-simple"},"yoast_head":"<!-- This site is optimized with the Yoast SEO plugin v27.3 - https:\/\/yoast.com\/product\/yoast-seo-wordpress\/ -->\n<title>\u00c9p\u00e9e sacr\u00e9e Excalibur Kirito dans Alfheim Online - R\u00e9plique Manga Cin\u00e9<\/title>\n<meta name=\"description\" content=\"D\u00e9couvrez la r\u00e9plique de l\u2019\u00e9p\u00e9e sacr\u00e9e Excalibur issue de l&#039;univers de Alfheim Online dans Sword Art Online: Fractured Daydream. Tout en acier. 108.5 cm\" \/>\n<meta name=\"robots\" content=\"index, follow, max-snippet:-1, max-image-preview:large, max-video-preview:-1\" \/>\n<link rel=\"canonical\" href=\"https:\/\/repliquemangacine.fr\/es\/sword-art-online-2\/espada-sagrada-excalibur-kirito-en-alfheim-online-sword-art-online\/\" \/>\n<meta property=\"og:locale\" content=\"es_ES\" \/>\n<meta property=\"og:type\" content=\"article\" \/>\n<meta property=\"og:title\" content=\"\u00c9p\u00e9e sacr\u00e9e Excalibur Kirito dans Alfheim Online - R\u00e9plique Manga Cin\u00e9\" \/>\n<meta property=\"og:description\" content=\"D\u00e9couvrez la r\u00e9plique de l\u2019\u00e9p\u00e9e sacr\u00e9e Excalibur issue de l&#039;univers de Alfheim Online dans Sword Art Online: Fractured Daydream. Tout en acier. 108.5 cm\" \/>\n<meta property=\"og:url\" content=\"https:\/\/repliquemangacine.fr\/es\/sword-art-online-2\/espada-sagrada-excalibur-kirito-en-alfheim-online-sword-art-online\/\" \/>\n<meta property=\"og:site_name\" content=\"R\u00e9plique Manga Cin\u00e9\" \/>\n<meta property=\"article:publisher\" content=\"https:\/\/www.facebook.com\/RepliqueMangaCine\" \/>\n<meta property=\"article:modified_time\" content=\"2025-11-13T13:51:47+00:00\" \/>\n<meta property=\"og:image\" content=\"https:\/\/repliquemangacine.fr\/wp-content\/uploads\/2025\/01\/Epee-sacree-Excalibur-Kirito-dans-Alfheim-Online-1.jpg\" \/>\n\t<meta property=\"og:image:width\" content=\"500\" \/>\n\t<meta property=\"og:image:height\" content=\"500\" \/>\n\t<meta property=\"og:image:type\" content=\"image\/jpeg\" \/>\n<meta name=\"twitter:card\" content=\"summary_large_image\" \/>\n<meta name=\"twitter:label1\" content=\"Tiempo de lectura\" \/>\n\t<meta name=\"twitter:data1\" content=\"3 minutos\" \/>\n<script type=\"application\/ld+json\" class=\"yoast-schema-graph\">{\"@context\":\"https:\\\/\\\/schema.org\",\"@graph\":[{\"@type\":\"WebPage\",\"@id\":\"https:\\\/\\\/repliquemangacine.fr\\\/epee-sword-art-online\\\/epee-sacree-excalibur-kirito-dans-alfheim-online-sword-art-online\\\/\",\"url\":\"https:\\\/\\\/repliquemangacine.fr\\\/epee-sword-art-online\\\/epee-sacree-excalibur-kirito-dans-alfheim-online-sword-art-online\\\/\",\"name\":\"\u00c9p\u00e9e sacr\u00e9e Excalibur Kirito dans Alfheim Online - R\u00e9plique Manga Cin\u00e9\",\"isPartOf\":{\"@id\":\"https:\\\/\\\/repliquemangacine.fr\\\/#website\"},\"primaryImageOfPage\":{\"@id\":\"https:\\\/\\\/repliquemangacine.fr\\\/epee-sword-art-online\\\/epee-sacree-excalibur-kirito-dans-alfheim-online-sword-art-online\\\/#primaryimage\"},\"image\":{\"@id\":\"https:\\\/\\\/repliquemangacine.fr\\\/epee-sword-art-online\\\/epee-sacree-excalibur-kirito-dans-alfheim-online-sword-art-online\\\/#primaryimage\"},\"thumbnailUrl\":\"https:\\\/\\\/repliquemangacine.fr\\\/wp-content\\\/uploads\\\/2025\\\/01\\\/Epee-sacree-Excalibur-Kirito-dans-Alfheim-Online-1.jpg\",\"datePublished\":\"2025-01-18T14:32:39+00:00\",\"dateModified\":\"2025-11-13T13:51:47+00:00\",\"description\":\"D\u00e9couvrez la r\u00e9plique de l\u2019\u00e9p\u00e9e sacr\u00e9e Excalibur issue de l'univers de Alfheim Online dans Sword Art Online: Fractured Daydream. Tout en acier. 108.5 cm\",\"breadcrumb\":{\"@id\":\"https:\\\/\\\/repliquemangacine.fr\\\/epee-sword-art-online\\\/epee-sacree-excalibur-kirito-dans-alfheim-online-sword-art-online\\\/#breadcrumb\"},\"inLanguage\":\"es\",\"potentialAction\":[{\"@type\":\"ReadAction\",\"target\":[\"https:\\\/\\\/repliquemangacine.fr\\\/epee-sword-art-online\\\/epee-sacree-excalibur-kirito-dans-alfheim-online-sword-art-online\\\/\"]}]},{\"@type\":\"ImageObject\",\"inLanguage\":\"es\",\"@id\":\"https:\\\/\\\/repliquemangacine.fr\\\/epee-sword-art-online\\\/epee-sacree-excalibur-kirito-dans-alfheim-online-sword-art-online\\\/#primaryimage\",\"url\":\"https:\\\/\\\/repliquemangacine.fr\\\/wp-content\\\/uploads\\\/2025\\\/01\\\/Epee-sacree-Excalibur-Kirito-dans-Alfheim-Online-1.jpg\",\"contentUrl\":\"https:\\\/\\\/repliquemangacine.fr\\\/wp-content\\\/uploads\\\/2025\\\/01\\\/Epee-sacree-Excalibur-Kirito-dans-Alfheim-Online-1.jpg\",\"width\":500,\"height\":500,\"caption\":\"\u00c9p\u00e9e-sacr\u00e9e-Excalibur-Kirito-dans-Alfheim-Online\"},{\"@type\":\"BreadcrumbList\",\"@id\":\"https:\\\/\\\/repliquemangacine.fr\\\/epee-sword-art-online\\\/epee-sacree-excalibur-kirito-dans-alfheim-online-sword-art-online\\\/#breadcrumb\",\"itemListElement\":[{\"@type\":\"ListItem\",\"position\":1,\"name\":\"Accueil\",\"item\":\"https:\\\/\\\/repliquemangacine.fr\\\/\"},{\"@type\":\"ListItem\",\"position\":2,\"name\":\"Produits\",\"item\":\"https:\\\/\\\/repliquemangacine.fr\\\/boutique\\\/\"},{\"@type\":\"ListItem\",\"position\":3,\"name\":\"\u00c9p\u00e9e sacr\u00e9e Excalibur Kirito dans Alfheim Online\"}]},{\"@type\":\"WebSite\",\"@id\":\"https:\\\/\\\/repliquemangacine.fr\\\/#website\",\"url\":\"https:\\\/\\\/repliquemangacine.fr\\\/\",\"name\":\"R\u00e9plique Manga Cin\u00e9\",\"description\":\"\",\"publisher\":{\"@id\":\"https:\\\/\\\/repliquemangacine.fr\\\/#organization\"},\"potentialAction\":[{\"@type\":\"SearchAction\",\"target\":{\"@type\":\"EntryPoint\",\"urlTemplate\":\"https:\\\/\\\/repliquemangacine.fr\\\/?s={search_term_string}\"},\"query-input\":{\"@type\":\"PropertyValueSpecification\",\"valueRequired\":true,\"valueName\":\"search_term_string\"}}],\"inLanguage\":\"es\"},{\"@type\":\"Organization\",\"@id\":\"https:\\\/\\\/repliquemangacine.fr\\\/#organization\",\"name\":\"R\u00e9plique Manga Cin\u00e9\",\"url\":\"https:\\\/\\\/repliquemangacine.fr\\\/\",\"logo\":{\"@type\":\"ImageObject\",\"inLanguage\":\"es\",\"@id\":\"https:\\\/\\\/repliquemangacine.fr\\\/#\\\/schema\\\/logo\\\/image\\\/\",\"url\":\"https:\\\/\\\/repliquemangacine.fr\\\/wp-content\\\/uploads\\\/2023\\\/10\\\/RMC-500250.png\",\"contentUrl\":\"https:\\\/\\\/repliquemangacine.fr\\\/wp-content\\\/uploads\\\/2023\\\/10\\\/RMC-500250.png\",\"width\":500,\"height\":250,\"caption\":\"R\u00e9plique Manga Cin\u00e9\"},\"image\":{\"@id\":\"https:\\\/\\\/repliquemangacine.fr\\\/#\\\/schema\\\/logo\\\/image\\\/\"},\"sameAs\":[\"https:\\\/\\\/www.facebook.com\\\/RepliqueMangaCine\",\"https:\\\/\\\/www.instagram.com\\\/repliquemangacine.fr\\\/\"]}]}<\/script>\n<!-- \/ Yoast SEO plugin. -->","yoast_head_json":{"title":"Espada Sagrada Excalibur Kirito en Alfheim Online - R\u00e9plique Manga Cin\u00e9","description":"Descubre la r\u00e9plica de la espada sagrada Excalibur del mundo de Alfheim Online en Sword Art Online: Fractured Daydream. Toda de acero. 108,5 cm de largo","robots":{"index":"index","follow":"follow","max-snippet":"max-snippet:-1","max-image-preview":"max-image-preview:large","max-video-preview":"max-video-preview:-1"},"canonical":"https:\/\/repliquemangacine.fr\/es\/sword-art-online-2\/espada-sagrada-excalibur-kirito-en-alfheim-online-sword-art-online\/","og_locale":"es_ES","og_type":"article","og_title":"\u00c9p\u00e9e sacr\u00e9e Excalibur Kirito dans Alfheim Online - R\u00e9plique Manga Cin\u00e9","og_description":"D\u00e9couvrez la r\u00e9plique de l\u2019\u00e9p\u00e9e sacr\u00e9e Excalibur issue de l'univers de Alfheim Online dans Sword Art Online: Fractured Daydream. Tout en acier. 108.5 cm","og_url":"https:\/\/repliquemangacine.fr\/es\/sword-art-online-2\/espada-sagrada-excalibur-kirito-en-alfheim-online-sword-art-online\/","og_site_name":"R\u00e9plique Manga Cin\u00e9","article_publisher":"https:\/\/www.facebook.com\/RepliqueMangaCine","article_modified_time":"2025-11-13T13:51:47+00:00","og_image":[{"width":500,"height":500,"url":"https:\/\/repliquemangacine.fr\/wp-content\/uploads\/2025\/01\/Epee-sacree-Excalibur-Kirito-dans-Alfheim-Online-1.jpg","type":"image\/jpeg"}],"twitter_card":"summary_large_image","twitter_misc":{"Tiempo de lectura":"3 minutos"},"schema":{"@context":"https:\/\/schema.org","@graph":[{"@type":"WebPage","@id":"https:\/\/repliquemangacine.fr\/epee-sword-art-online\/epee-sacree-excalibur-kirito-dans-alfheim-online-sword-art-online\/","url":"https:\/\/repliquemangacine.fr\/epee-sword-art-online\/epee-sacree-excalibur-kirito-dans-alfheim-online-sword-art-online\/","name":"Espada Sagrada Excalibur Kirito en Alfheim Online - R\u00e9plique Manga Cin\u00e9","isPartOf":{"@id":"https:\/\/repliquemangacine.fr\/#website"},"primaryImageOfPage":{"@id":"https:\/\/repliquemangacine.fr\/epee-sword-art-online\/epee-sacree-excalibur-kirito-dans-alfheim-online-sword-art-online\/#primaryimage"},"image":{"@id":"https:\/\/repliquemangacine.fr\/epee-sword-art-online\/epee-sacree-excalibur-kirito-dans-alfheim-online-sword-art-online\/#primaryimage"},"thumbnailUrl":"https:\/\/repliquemangacine.fr\/wp-content\/uploads\/2025\/01\/Epee-sacree-Excalibur-Kirito-dans-Alfheim-Online-1.jpg","datePublished":"2025-01-18T14:32:39+00:00","dateModified":"2025-11-13T13:51:47+00:00","description":"Descubre la r\u00e9plica de la espada sagrada Excalibur del mundo de Alfheim Online en Sword Art Online: Fractured Daydream. Toda de acero. 108,5 cm de largo","breadcrumb":{"@id":"https:\/\/repliquemangacine.fr\/epee-sword-art-online\/epee-sacree-excalibur-kirito-dans-alfheim-online-sword-art-online\/#breadcrumb"},"inLanguage":"es","potentialAction":[{"@type":"ReadAction","target":["https:\/\/repliquemangacine.fr\/epee-sword-art-online\/epee-sacree-excalibur-kirito-dans-alfheim-online-sword-art-online\/"]}]},{"@type":"ImageObject","inLanguage":"es","@id":"https:\/\/repliquemangacine.fr\/epee-sword-art-online\/epee-sacree-excalibur-kirito-dans-alfheim-online-sword-art-online\/#primaryimage","url":"https:\/\/repliquemangacine.fr\/wp-content\/uploads\/2025\/01\/Epee-sacree-Excalibur-Kirito-dans-Alfheim-Online-1.jpg","contentUrl":"https:\/\/repliquemangacine.fr\/wp-content\/uploads\/2025\/01\/Epee-sacree-Excalibur-Kirito-dans-Alfheim-Online-1.jpg","width":500,"height":500,"caption":"\u00c9p\u00e9e-sacr\u00e9e-Excalibur-Kirito-dans-Alfheim-Online"},{"@type":"BreadcrumbList","@id":"https:\/\/repliquemangacine.fr\/epee-sword-art-online\/epee-sacree-excalibur-kirito-dans-alfheim-online-sword-art-online\/#breadcrumb","itemListElement":[{"@type":"ListItem","position":1,"name":"Accueil","item":"https:\/\/repliquemangacine.fr\/"},{"@type":"ListItem","position":2,"name":"Produits","item":"https:\/\/repliquemangacine.fr\/boutique\/"},{"@type":"ListItem","position":3,"name":"\u00c9p\u00e9e sacr\u00e9e Excalibur Kirito dans Alfheim Online"}]},{"@type":"WebSite","@id":"https:\/\/repliquemangacine.fr\/#website","url":"https:\/\/repliquemangacine.fr\/","name":"R\u00e9plique Manga Cin\u00e9","description":"","publisher":{"@id":"https:\/\/repliquemangacine.fr\/#organization"},"potentialAction":[{"@type":"SearchAction","target":{"@type":"EntryPoint","urlTemplate":"https:\/\/repliquemangacine.fr\/?s={search_term_string}"},"query-input":{"@type":"PropertyValueSpecification","valueRequired":true,"valueName":"search_term_string"}}],"inLanguage":"es"},{"@type":"Organization","@id":"https:\/\/repliquemangacine.fr\/#organization","name":"R\u00e9plique Manga Cin\u00e9","url":"https:\/\/repliquemangacine.fr\/","logo":{"@type":"ImageObject","inLanguage":"es","@id":"https:\/\/repliquemangacine.fr\/#\/schema\/logo\/image\/","url":"https:\/\/repliquemangacine.fr\/wp-content\/uploads\/2023\/10\/RMC-500250.png","contentUrl":"https:\/\/repliquemangacine.fr\/wp-content\/uploads\/2023\/10\/RMC-500250.png","width":500,"height":250,"caption":"R\u00e9plique Manga Cin\u00e9"},"image":{"@id":"https:\/\/repliquemangacine.fr\/#\/schema\/logo\/image\/"},"sameAs":["https:\/\/www.facebook.com\/RepliqueMangaCine","https:\/\/www.instagram.com\/repliquemangacine.fr\/"]}]}},"_links":{"self":[{"href":"https:\/\/repliquemangacine.fr\/es\/wp-json\/wp\/v2\/product\/81274","targetHints":{"allow":["GET"]}}],"collection":[{"href":"https:\/\/repliquemangacine.fr\/es\/wp-json\/wp\/v2\/product"}],"about":[{"href":"https:\/\/repliquemangacine.fr\/es\/wp-json\/wp\/v2\/types\/product"}],"wp:featuredmedia":[{"embeddable":true,"href":"https:\/\/repliquemangacine.fr\/es\/wp-json\/wp\/v2\/media\/81276"}],"wp:attachment":[{"href":"https:\/\/repliquemangacine.fr\/es\/wp-json\/wp\/v2\/media?parent=81274"}],"wp:term":[{"taxonomy":"product_brand","embeddable":true,"href":"https:\/\/repliquemangacine.fr\/es\/wp-json\/wp\/v2\/product_brand?post=81274"},{"taxonomy":"product_cat","embeddable":true,"href":"https:\/\/repliquemangacine.fr\/es\/wp-json\/wp\/v2\/product_cat?post=81274"},{"taxonomy":"product_tag","embeddable":true,"href":"https:\/\/repliquemangacine.fr\/es\/wp-json\/wp\/v2\/product_tag?post=81274"}],"curies":[{"name":"wp","href":"https:\/\/api.w.org\/{rel}","templated":true}]}}