





{"id":81092,"date":"2025-01-09T18:22:58","date_gmt":"2025-01-09T17:22:58","guid":{"rendered":"https:\/\/repliquemangacine.fr\/?post_type=product&#038;p=81092"},"modified":"2025-11-13T14:56:24","modified_gmt":"2025-11-13T13:56:24","slug":"pistola-genya-shinazugawa-demon-slayer","status":"publish","type":"product","link":"https:\/\/repliquemangacine.fr\/es\/katana-demon-slayer\/pistolet-genya-shinazugawa-demon-slayer\/","title":{"rendered":"Pistola Genya Shinazugawa - Cazademonios"},"content":{"rendered":"<h2>La pistola de Genya Shinazugawa: una r\u00e9plica fiel y detallada para los fans de Demon Slayer<\/h2>\n<p>En primer lugar, descubre la pistola de Genya Shinazugawa. Una impresionante r\u00e9plica inspirada en el arma \u00fanica del Cazador de Demonios en <a href=\"https:\/\/kimetsu-no-yaiba.fandom.com\/fr\/wiki\/Wiki_Kimetsu_no_Yaiba\" target=\"_blank\" rel=\"noopener noreferrer\">Cazador de demonios<\/a>. Este modelo est\u00e1 fabricado \u00edntegramente en fibra de vidrio, lo que le confiere ligereza y resistencia. Su cuidado dise\u00f1o incluye un llamativo efecto de lava, sangre y carne en el ca\u00f1\u00f3n, fiel a la oscura est\u00e9tica del anime. No funcional y puramente decorativa, esta pistola es ideal para cosplayers y coleccionistas que deseen poseer una pieza \u00fanica. Con una longitud total de 29,5 cm, es el accesorio perfecto para completar un cosplay de Genya Shinazugawa. Su dise\u00f1o realista y su impecable acabado la convierten en una pieza imprescindible para los fans de Demon Slayer y las r\u00e9plicas de armas m\u00edticas.<\/p>\n<h2>La pistola de Genya Shinazugawa: un arma inusual en Demon Slayer<\/h2>\n<p>A diferencia de los dem\u00e1s Pilares y asesinos de demonios, Genya Shinazugawa no empu\u00f1a una katana, sino un rifle de combate para enfrentarse a los Oni. Su exclusiva pistola est\u00e1 cargada con balas forjadas con el mismo mineral que las Nichirin Blades, lo que le permite neutralizar a los demonios. Su dise\u00f1o, marcado por un efecto de carne y lava, refleja su v\u00ednculo especial con las t\u00e9cnicas de regeneraci\u00f3n demon\u00edacas. De hecho, Genya es uno de los pocos cazadores capaces de consumir carne de demonio. Esto le otorga habilidades sobrenaturales en la batalla. Esta arma le ayuda a compensar su incapacidad para respirar, lo que le permite luchar contra los Oni a distancia. Esta ic\u00f3nica pistola es, por tanto, un elemento clave en el estilo de lucha \u00fanico de Genya Shinazugawa en Demon Slayer. Esta r\u00e9plica es la forma perfecta de inmortalizar a este ic\u00f3nico personaje y su enfoque diferente de la lucha contra los demonios.<\/p>\n<h2>R\u00e9plique Manga Cin\u00e9: el para\u00edso para los fans de Demon Slayer y las katanas legendarias<\/h2>\n<p>En R\u00e9plique Manga Cin\u00e9, encontrar\u00e1s una selecci\u00f3n excepcional de katanas y armas de Demon Slayer. Colecci\u00f3nalas <a href=\"https:\/\/repliquemangacine.fr\/es\/katana-de-acero-kimetsu-no-yaiba-metal-katana-demon-slayer\/espadas-gemelas-de-tengen\/\">Espadas gemelas de Tengen<\/a> Uzui, un conjunto impresionante para los fans del Pilar del Sonido. Tambi\u00e9n podr\u00e1 descubrir las imperdibles katanas de Tanjiro y <a href=\"https:\/\/repliquemangacine.fr\/es\/katana-de-acero-kimetsu-no-yaiba-metal-katana-demon-slayer\/zenitsu-agatsuma-katana-mata-demonios\/\">Zenitsu<\/a>dise\u00f1ado con especial atenci\u00f3n al detalle. Para un toque moderno, el <a href=\"https:\/\/repliquemangacine.fr\/es\/katana-luz-cazademonios\/sanemi-demon-slayer-katana-luminosa\/\">La katana luminosa de Sanemi<\/a>Nuestras katanas, equipadas con LED verdes, ofrecen un efecto espectacular y \u00fanico. Ofrecemos katanas de metal, madera, forjadas o equipadas con LED, adecuadas tanto para coleccionistas como para cosplayers. Adem\u00e1s de las espadas tradicionales, nuestra tienda tambi\u00e9n ofrece tantos y r\u00e9plicas \u00fanicas inspiradas en Demon Slayer. En conclusi\u00f3n, R\u00e9plique Manga Cin\u00e9 es la tienda de visita obligada para todos los aficionados a las armas m\u00edticas y al mundo de los cazadores de demonios.<\/p>","protected":false},"excerpt":{"rendered":"<p>Incre\u00edble r\u00e9plica de la pistola Genya Shinazugawa en Demon Slayer<\/p>\n<ul>\n<li>Totalmente de fibra de vidrio<\/li>\n<li>Un efecto de lava, sangre y carne en la parte superior del barril<\/li>\n<li>No funcional, puramente decorativo.<\/li>\n<li>Ideal para cosplayers<\/li>\n<li>Longitud total: 29,5 cm<\/li>\n<li>Peso: 525 g<\/li>\n<\/ul>","protected":false},"featured_media":81097,"template":"","meta":[],"product_brand":[896],"product_cat":[63],"product_tag":[],"class_list":{"0":"post-81092","1":"product","2":"type-product","3":"status-publish","4":"has-post-thumbnail","6":"product_brand-replique-manga-cine","7":"product_cat-katana-demon-slayer","9":"first","10":"instock","11":"taxable","12":"shipping-taxable","13":"purchasable","14":"product-type-simple"},"yoast_head":"<!-- This site is optimized with the Yoast SEO plugin v27.4 - https:\/\/yoast.com\/product\/yoast-seo-wordpress\/ -->\n<title>Pistolet Genya Shinazugawa - Demon Slayer - R\u00e9plique Manga Cin\u00e9<\/title>\n<meta name=\"description\" content=\"Bluffant ! Ce Pistolet Genya Shinazugawa dans Demon Slayer. Tout en fibre de verre. Effet sur le canon de lave de sang et de chair. 29.5 cm Id\u00e9al Cosplay.\" \/>\n<meta name=\"robots\" content=\"index, follow, max-snippet:-1, max-image-preview:large, max-video-preview:-1\" \/>\n<link rel=\"canonical\" href=\"https:\/\/repliquemangacine.fr\/es\/katana-cazademonios\/pistola-genya-shinazugawa-demon-slayer\/\" \/>\n<meta property=\"og:locale\" content=\"es_ES\" \/>\n<meta property=\"og:type\" content=\"article\" \/>\n<meta property=\"og:title\" content=\"Pistolet Genya Shinazugawa - Demon Slayer - R\u00e9plique Manga Cin\u00e9\" \/>\n<meta property=\"og:description\" content=\"Bluffant ! Ce Pistolet Genya Shinazugawa dans Demon Slayer. Tout en fibre de verre. Effet sur le canon de lave de sang et de chair. 29.5 cm Id\u00e9al Cosplay.\" \/>\n<meta property=\"og:url\" content=\"https:\/\/repliquemangacine.fr\/es\/katana-cazademonios\/pistola-genya-shinazugawa-demon-slayer\/\" \/>\n<meta property=\"og:site_name\" content=\"R\u00e9plique Manga Cin\u00e9\" \/>\n<meta property=\"article:publisher\" content=\"https:\/\/www.facebook.com\/RepliqueMangaCine\" \/>\n<meta property=\"article:modified_time\" content=\"2025-11-13T13:56:24+00:00\" \/>\n<meta property=\"og:image\" content=\"https:\/\/repliquemangacine.fr\/wp-content\/uploads\/2025\/01\/Pistolet-de-Genya-Shinazugawa.jpg\" \/>\n\t<meta property=\"og:image:width\" content=\"500\" \/>\n\t<meta property=\"og:image:height\" content=\"500\" \/>\n\t<meta property=\"og:image:type\" content=\"image\/jpeg\" \/>\n<meta name=\"twitter:card\" content=\"summary_large_image\" \/>\n<meta name=\"twitter:label1\" content=\"Tiempo de lectura\" \/>\n\t<meta name=\"twitter:data1\" content=\"3 minutos\" \/>\n<script type=\"application\/ld+json\" class=\"yoast-schema-graph\">{\"@context\":\"https:\\\/\\\/schema.org\",\"@graph\":[{\"@type\":\"WebPage\",\"@id\":\"https:\\\/\\\/repliquemangacine.fr\\\/katana-demon-slayer\\\/pistolet-genya-shinazugawa-demon-slayer\\\/\",\"url\":\"https:\\\/\\\/repliquemangacine.fr\\\/katana-demon-slayer\\\/pistolet-genya-shinazugawa-demon-slayer\\\/\",\"name\":\"Pistolet Genya Shinazugawa - Demon Slayer - R\u00e9plique Manga Cin\u00e9\",\"isPartOf\":{\"@id\":\"https:\\\/\\\/repliquemangacine.fr\\\/#website\"},\"primaryImageOfPage\":{\"@id\":\"https:\\\/\\\/repliquemangacine.fr\\\/katana-demon-slayer\\\/pistolet-genya-shinazugawa-demon-slayer\\\/#primaryimage\"},\"image\":{\"@id\":\"https:\\\/\\\/repliquemangacine.fr\\\/katana-demon-slayer\\\/pistolet-genya-shinazugawa-demon-slayer\\\/#primaryimage\"},\"thumbnailUrl\":\"https:\\\/\\\/repliquemangacine.fr\\\/wp-content\\\/uploads\\\/2025\\\/01\\\/Pistolet-de-Genya-Shinazugawa.jpg\",\"datePublished\":\"2025-01-09T17:22:58+00:00\",\"dateModified\":\"2025-11-13T13:56:24+00:00\",\"description\":\"Bluffant ! Ce Pistolet Genya Shinazugawa dans Demon Slayer. Tout en fibre de verre. Effet sur le canon de lave de sang et de chair. 29.5 cm Id\u00e9al Cosplay.\",\"breadcrumb\":{\"@id\":\"https:\\\/\\\/repliquemangacine.fr\\\/katana-demon-slayer\\\/pistolet-genya-shinazugawa-demon-slayer\\\/#breadcrumb\"},\"inLanguage\":\"es\",\"potentialAction\":[{\"@type\":\"ReadAction\",\"target\":[\"https:\\\/\\\/repliquemangacine.fr\\\/katana-demon-slayer\\\/pistolet-genya-shinazugawa-demon-slayer\\\/\"]}]},{\"@type\":\"ImageObject\",\"inLanguage\":\"es\",\"@id\":\"https:\\\/\\\/repliquemangacine.fr\\\/katana-demon-slayer\\\/pistolet-genya-shinazugawa-demon-slayer\\\/#primaryimage\",\"url\":\"https:\\\/\\\/repliquemangacine.fr\\\/wp-content\\\/uploads\\\/2025\\\/01\\\/Pistolet-de-Genya-Shinazugawa.jpg\",\"contentUrl\":\"https:\\\/\\\/repliquemangacine.fr\\\/wp-content\\\/uploads\\\/2025\\\/01\\\/Pistolet-de-Genya-Shinazugawa.jpg\",\"width\":500,\"height\":500,\"caption\":\"Pistolet de Genya Shinazugawa Demon Slayer\"},{\"@type\":\"BreadcrumbList\",\"@id\":\"https:\\\/\\\/repliquemangacine.fr\\\/katana-demon-slayer\\\/pistolet-genya-shinazugawa-demon-slayer\\\/#breadcrumb\",\"itemListElement\":[{\"@type\":\"ListItem\",\"position\":1,\"name\":\"Accueil\",\"item\":\"https:\\\/\\\/repliquemangacine.fr\\\/\"},{\"@type\":\"ListItem\",\"position\":2,\"name\":\"Produits\",\"item\":\"https:\\\/\\\/repliquemangacine.fr\\\/boutique\\\/\"},{\"@type\":\"ListItem\",\"position\":3,\"name\":\"Pistolet Genya Shinazugawa &#8211; Demon Slayer\"}]},{\"@type\":\"WebSite\",\"@id\":\"https:\\\/\\\/repliquemangacine.fr\\\/#website\",\"url\":\"https:\\\/\\\/repliquemangacine.fr\\\/\",\"name\":\"R\u00e9plique Manga Cin\u00e9\",\"description\":\"\",\"publisher\":{\"@id\":\"https:\\\/\\\/repliquemangacine.fr\\\/#organization\"},\"potentialAction\":[{\"@type\":\"SearchAction\",\"target\":{\"@type\":\"EntryPoint\",\"urlTemplate\":\"https:\\\/\\\/repliquemangacine.fr\\\/?s={search_term_string}\"},\"query-input\":{\"@type\":\"PropertyValueSpecification\",\"valueRequired\":true,\"valueName\":\"search_term_string\"}}],\"inLanguage\":\"es\"},{\"@type\":\"Organization\",\"@id\":\"https:\\\/\\\/repliquemangacine.fr\\\/#organization\",\"name\":\"R\u00e9plique Manga Cin\u00e9\",\"url\":\"https:\\\/\\\/repliquemangacine.fr\\\/\",\"logo\":{\"@type\":\"ImageObject\",\"inLanguage\":\"es\",\"@id\":\"https:\\\/\\\/repliquemangacine.fr\\\/#\\\/schema\\\/logo\\\/image\\\/\",\"url\":\"https:\\\/\\\/repliquemangacine.fr\\\/wp-content\\\/uploads\\\/2023\\\/10\\\/RMC-500250.png\",\"contentUrl\":\"https:\\\/\\\/repliquemangacine.fr\\\/wp-content\\\/uploads\\\/2023\\\/10\\\/RMC-500250.png\",\"width\":500,\"height\":250,\"caption\":\"R\u00e9plique Manga Cin\u00e9\"},\"image\":{\"@id\":\"https:\\\/\\\/repliquemangacine.fr\\\/#\\\/schema\\\/logo\\\/image\\\/\"},\"sameAs\":[\"https:\\\/\\\/www.facebook.com\\\/RepliqueMangaCine\",\"https:\\\/\\\/www.instagram.com\\\/repliquemangacine.fr\\\/\"]}]}<\/script>\n<!-- \/ Yoast SEO plugin. -->","yoast_head_json":{"title":"Pistola Genya Shinazugawa - Cazademonios - R\u00e9plique Manga Cin\u00e9","description":"\u00a1Incre\u00edble! Esta pistola de Genya Shinazugawa en Demon Slayer. Toda en fibra de vidrio. Efecto de lava de sangre y carne en el ca\u00f1\u00f3n. 29,5 cm Ideal para Cosplay.","robots":{"index":"index","follow":"follow","max-snippet":"max-snippet:-1","max-image-preview":"max-image-preview:large","max-video-preview":"max-video-preview:-1"},"canonical":"https:\/\/repliquemangacine.fr\/es\/katana-cazademonios\/pistola-genya-shinazugawa-demon-slayer\/","og_locale":"es_ES","og_type":"article","og_title":"Pistolet Genya Shinazugawa - Demon Slayer - R\u00e9plique Manga Cin\u00e9","og_description":"Bluffant ! Ce Pistolet Genya Shinazugawa dans Demon Slayer. Tout en fibre de verre. Effet sur le canon de lave de sang et de chair. 29.5 cm Id\u00e9al Cosplay.","og_url":"https:\/\/repliquemangacine.fr\/es\/katana-cazademonios\/pistola-genya-shinazugawa-demon-slayer\/","og_site_name":"R\u00e9plique Manga Cin\u00e9","article_publisher":"https:\/\/www.facebook.com\/RepliqueMangaCine","article_modified_time":"2025-11-13T13:56:24+00:00","og_image":[{"width":500,"height":500,"url":"https:\/\/repliquemangacine.fr\/wp-content\/uploads\/2025\/01\/Pistolet-de-Genya-Shinazugawa.jpg","type":"image\/jpeg"}],"twitter_card":"summary_large_image","twitter_misc":{"Tiempo de lectura":"3 minutos"},"schema":{"@context":"https:\/\/schema.org","@graph":[{"@type":"WebPage","@id":"https:\/\/repliquemangacine.fr\/katana-demon-slayer\/pistolet-genya-shinazugawa-demon-slayer\/","url":"https:\/\/repliquemangacine.fr\/katana-demon-slayer\/pistolet-genya-shinazugawa-demon-slayer\/","name":"Pistola Genya Shinazugawa - Cazademonios - R\u00e9plique Manga Cin\u00e9","isPartOf":{"@id":"https:\/\/repliquemangacine.fr\/#website"},"primaryImageOfPage":{"@id":"https:\/\/repliquemangacine.fr\/katana-demon-slayer\/pistolet-genya-shinazugawa-demon-slayer\/#primaryimage"},"image":{"@id":"https:\/\/repliquemangacine.fr\/katana-demon-slayer\/pistolet-genya-shinazugawa-demon-slayer\/#primaryimage"},"thumbnailUrl":"https:\/\/repliquemangacine.fr\/wp-content\/uploads\/2025\/01\/Pistolet-de-Genya-Shinazugawa.jpg","datePublished":"2025-01-09T17:22:58+00:00","dateModified":"2025-11-13T13:56:24+00:00","description":"\u00a1Incre\u00edble! Esta pistola de Genya Shinazugawa en Demon Slayer. Toda en fibra de vidrio. Efecto de lava de sangre y carne en el ca\u00f1\u00f3n. 29,5 cm Ideal para Cosplay.","breadcrumb":{"@id":"https:\/\/repliquemangacine.fr\/katana-demon-slayer\/pistolet-genya-shinazugawa-demon-slayer\/#breadcrumb"},"inLanguage":"es","potentialAction":[{"@type":"ReadAction","target":["https:\/\/repliquemangacine.fr\/katana-demon-slayer\/pistolet-genya-shinazugawa-demon-slayer\/"]}]},{"@type":"ImageObject","inLanguage":"es","@id":"https:\/\/repliquemangacine.fr\/katana-demon-slayer\/pistolet-genya-shinazugawa-demon-slayer\/#primaryimage","url":"https:\/\/repliquemangacine.fr\/wp-content\/uploads\/2025\/01\/Pistolet-de-Genya-Shinazugawa.jpg","contentUrl":"https:\/\/repliquemangacine.fr\/wp-content\/uploads\/2025\/01\/Pistolet-de-Genya-Shinazugawa.jpg","width":500,"height":500,"caption":"Pistolet de Genya Shinazugawa Demon Slayer"},{"@type":"BreadcrumbList","@id":"https:\/\/repliquemangacine.fr\/katana-demon-slayer\/pistolet-genya-shinazugawa-demon-slayer\/#breadcrumb","itemListElement":[{"@type":"ListItem","position":1,"name":"Accueil","item":"https:\/\/repliquemangacine.fr\/"},{"@type":"ListItem","position":2,"name":"Produits","item":"https:\/\/repliquemangacine.fr\/boutique\/"},{"@type":"ListItem","position":3,"name":"Pistolet Genya Shinazugawa &#8211; Demon Slayer"}]},{"@type":"WebSite","@id":"https:\/\/repliquemangacine.fr\/#website","url":"https:\/\/repliquemangacine.fr\/","name":"R\u00e9plique Manga Cin\u00e9","description":"","publisher":{"@id":"https:\/\/repliquemangacine.fr\/#organization"},"potentialAction":[{"@type":"SearchAction","target":{"@type":"EntryPoint","urlTemplate":"https:\/\/repliquemangacine.fr\/?s={search_term_string}"},"query-input":{"@type":"PropertyValueSpecification","valueRequired":true,"valueName":"search_term_string"}}],"inLanguage":"es"},{"@type":"Organization","@id":"https:\/\/repliquemangacine.fr\/#organization","name":"R\u00e9plique Manga Cin\u00e9","url":"https:\/\/repliquemangacine.fr\/","logo":{"@type":"ImageObject","inLanguage":"es","@id":"https:\/\/repliquemangacine.fr\/#\/schema\/logo\/image\/","url":"https:\/\/repliquemangacine.fr\/wp-content\/uploads\/2023\/10\/RMC-500250.png","contentUrl":"https:\/\/repliquemangacine.fr\/wp-content\/uploads\/2023\/10\/RMC-500250.png","width":500,"height":250,"caption":"R\u00e9plique Manga Cin\u00e9"},"image":{"@id":"https:\/\/repliquemangacine.fr\/#\/schema\/logo\/image\/"},"sameAs":["https:\/\/www.facebook.com\/RepliqueMangaCine","https:\/\/www.instagram.com\/repliquemangacine.fr\/"]}]}},"_links":{"self":[{"href":"https:\/\/repliquemangacine.fr\/es\/wp-json\/wp\/v2\/product\/81092","targetHints":{"allow":["GET"]}}],"collection":[{"href":"https:\/\/repliquemangacine.fr\/es\/wp-json\/wp\/v2\/product"}],"about":[{"href":"https:\/\/repliquemangacine.fr\/es\/wp-json\/wp\/v2\/types\/product"}],"wp:featuredmedia":[{"embeddable":true,"href":"https:\/\/repliquemangacine.fr\/es\/wp-json\/wp\/v2\/media\/81097"}],"wp:attachment":[{"href":"https:\/\/repliquemangacine.fr\/es\/wp-json\/wp\/v2\/media?parent=81092"}],"wp:term":[{"taxonomy":"product_brand","embeddable":true,"href":"https:\/\/repliquemangacine.fr\/es\/wp-json\/wp\/v2\/product_brand?post=81092"},{"taxonomy":"product_cat","embeddable":true,"href":"https:\/\/repliquemangacine.fr\/es\/wp-json\/wp\/v2\/product_cat?post=81092"},{"taxonomy":"product_tag","embeddable":true,"href":"https:\/\/repliquemangacine.fr\/es\/wp-json\/wp\/v2\/product_tag?post=81092"}],"curies":[{"name":"wp","href":"https:\/\/api.w.org\/{rel}","templated":true}]}}