





{"id":81084,"date":"2025-01-09T17:28:57","date_gmt":"2025-01-09T16:28:57","guid":{"rendered":"https:\/\/repliquemangacine.fr\/?post_type=product&#038;p=81084"},"modified":"2026-02-17T15:20:22","modified_gmt":"2026-02-17T14:20:22","slug":"espada-isildur-del-senor-de-los-anillos","status":"publish","type":"product","link":"https:\/\/repliquemangacine.fr\/es\/epees-seigneur-des-anneaux\/epee-de-isildur-le-seigneur-des-anneaux\/","title":{"rendered":"Espada de Isildur El Se\u00f1or de los Anillos"},"content":{"rendered":"<h2>La Espada de Isildur: una majestuosa r\u00e9plica con un dise\u00f1o fiel<\/h2>\n<p>En primer lugar, descubre la legendaria Espada de Isildur, fiel r\u00e9plica del arma utilizada por el rey de los <a href=\"https:\/\/lotr.fandom.com\/fr\/wiki\/Gondor\" target=\"_blank\" rel=\"noopener noreferrer\">Gondor<\/a> en El Se\u00f1or de los Anillos. Su hoja de acero inoxidable, con una ranura central, garantiza un aspecto realista y una resistencia ejemplar. Su guarda de acero macizo finamente decorada y el pomo a juego reflejan la elegancia de las forjas de Gondor. El mango cincelado, dise\u00f1ado para un agarre c\u00f3modo, combina est\u00e9tica y ergonom\u00eda. Se suministra con un magn\u00edfico soporte de pared de madera, decorado con el \u00c1rbol Blanco de Gondor, y se convertir\u00e1 en una pieza de exposici\u00f3n imprescindible. Con una longitud de hoja de 94 cm y una longitud total de 121 cm, esta espada es tan majestuosa como imponente. Su peso de 1.775 gramos aumenta la sensaci\u00f3n de realismo. Ya sea para una colecci\u00f3n o para un escenario \u00e9pico, esta espada Isildur es un digno homenaje a la Tierra Media.<\/p>\n<h2>Isildur y su espada: el arma que cambi\u00f3 el destino de la Tierra Media<\/h2>\n<p>En la trilog\u00eda, las espadas no son s\u00f3lo armas, sino poderosos s\u00edmbolos de poder y destino. Isildur, heredero de Elendil, fue quien cort\u00f3 el Anillo \u00danico de la mano de Sauron, gracias a esta misma espada. Mucho m\u00e1s que un arma, es testigo de las grandes batallas contra la oscuridad y de la lucha por la supervivencia humana. La espada de Isildur representa la carga de la herencia real y las dif\u00edciles decisiones asociadas al poder. Cada espada de la saga es portadora de una historia profunda, y \u00e9sta fue la premisa de la gran aventura de Frodo. A trav\u00e9s de ella, el destino del mundo cambia, lo que convierte a esta espada en un objeto imprescindible para todo entusiasta de las espadas. Poseer esta r\u00e9plica es revivir los or\u00edgenes de la leyenda. En pocas palabras, encarna el honor, la tragedia y el legado del reino ca\u00eddo de Gondor.<\/p>\n<h2>R\u00e9plique Manga Cin\u00e9: todas las espadas de culto de El Se\u00f1or de los Anillos te est\u00e1n esperando<\/h2>\n<p>En R\u00e9plique Manga Cin\u00e9, sum\u00e9rgete en el m\u00edtico mundo de El Se\u00f1or de los Anillos con fieles y detalladas r\u00e9plicas llenas de car\u00e1cter. Descubre la imponente <a href=\"https:\/\/repliquemangacine.fr\/es\/espadas-del-senor-de-los-anillos\/funda-de-lujo-anduril\/\">Funda de lujo And\u00faril<\/a>la espada reforjada para Aragorn, s\u00edmbolo del regreso del rey leg\u00edtimo. Tambi\u00e9n puede descubrir la <a href=\"https:\/\/repliquemangacine.fr\/es\/el-senor-de-los-anillos\/uruk-hai-cimitarra-senor-de-los-anillos\/\">Cimitarra Uruk-Hai<\/a>Es una fuerza brutal y salvaje salida directamente de las forjas de Isengard. Las dagas de Legolas, finas y temibles, har\u00e1n las delicias de los fans del \u00e1gil elfo. Imprescindible <a href=\"https:\/\/repliquemangacine.fr\/es\/espadas-del-senor-de-los-anillos\/senor-de-los-anillos-rey-brujo-espada\/\">Espada del Rey Brujo<\/a>Lord of the Nazg\u00fbls, tambi\u00e9n est\u00e1 disponible en toda su oscuridad. Sin olvidar el majestuoso <a href=\"https:\/\/repliquemangacine.fr\/es\/espadas-del-senor-de-los-anillos\/vaina-glamdring-espada-de-gandalf-lotr\/\">Glamdring Vaina de Gandalf<\/a>el arma legendaria del mago blanco. Nuestra tienda ofrece armas de metal decorativas y funcionales para coleccionistas, aficionados y cosplayers. Gracias a R\u00e9plique Manga Cin\u00e9, podr\u00e1s vivir tu pasi\u00f3n a trav\u00e9s de art\u00edculos excepcionales de las mayores leyendas de la fantas\u00eda.<\/p>","protected":false},"excerpt":{"rendered":"<p>R\u00e9plica absolutamente extraordinaria de la Espada de Isildur en la trilog\u00eda de El Se\u00f1or del Anillo.<\/p>\n<ul>\n<li style=\"list-style-type: none;\">\n<ul>\n<li>Hoja de acero inoxidable, ranura central.<\/li>\n<li>Empu\u00f1adura y pomo de acero macizo finamente decorados.<\/li>\n<li>Mango cincelado y decorado para un buen agarre.<\/li>\n<li>Incluye un magn\u00edfico soporte de pared de madera con el \u00e1rbol de Gondor.<\/li>\n<li>Longitud de la hoja: 94 cm - Longitud total: 121 cm<\/li>\n<li>Peso: 1775 g<\/li>\n<\/ul>\n<\/li>\n<\/ul>","protected":false},"featured_media":81086,"template":"","meta":[],"product_brand":[896],"product_cat":[68,29,106],"product_tag":[],"class_list":{"0":"post-81084","1":"product","2":"type-product","3":"status-publish","4":"has-post-thumbnail","6":"product_brand-replique-manga-cine","7":"product_cat-epees-seigneur-des-anneaux","8":"product_cat-le-seigneur-des-anneaux","9":"product_cat-epees-et-dague-les-anneaux-de-pouvoir","11":"first","12":"instock","13":"taxable","14":"shipping-taxable","15":"purchasable","16":"product-type-simple"},"yoast_head":"<!-- This site is optimized with the Yoast SEO plugin v27.3 - https:\/\/yoast.com\/product\/yoast-seo-wordpress\/ -->\n<title>Ep\u00e9e de Isildur Le Seigneur des Anneaux - R\u00e9plique Manga Cin\u00e9<\/title>\n<meta name=\"description\" content=\"Superbe r\u00e9plique de l&#039;Ep\u00e9e d&#039;Isildur dans Le Seigneur des Anneaux. Lame en acier stainless. Garde et pommeau en acier plein d\u00e9cor\u00e9. Support. 121 cm\" \/>\n<meta name=\"robots\" content=\"index, follow, max-snippet:-1, max-image-preview:large, max-video-preview:-1\" \/>\n<link rel=\"canonical\" href=\"https:\/\/repliquemangacine.fr\/es\/espadas-del-senor-de-los-anillos\/espada-isildur-del-senor-de-los-anillos\/\" \/>\n<meta property=\"og:locale\" content=\"es_ES\" \/>\n<meta property=\"og:type\" content=\"article\" \/>\n<meta property=\"og:title\" content=\"Ep\u00e9e de Isildur Le Seigneur des Anneaux - R\u00e9plique Manga Cin\u00e9\" \/>\n<meta property=\"og:description\" content=\"Superbe r\u00e9plique de l&#039;Ep\u00e9e d&#039;Isildur dans Le Seigneur des Anneaux. Lame en acier stainless. Garde et pommeau en acier plein d\u00e9cor\u00e9. Support. 121 cm\" \/>\n<meta property=\"og:url\" content=\"https:\/\/repliquemangacine.fr\/es\/espadas-del-senor-de-los-anillos\/espada-isildur-del-senor-de-los-anillos\/\" \/>\n<meta property=\"og:site_name\" content=\"R\u00e9plique Manga Cin\u00e9\" \/>\n<meta property=\"article:publisher\" content=\"https:\/\/www.facebook.com\/RepliqueMangaCine\" \/>\n<meta property=\"article:modified_time\" content=\"2026-02-17T14:20:22+00:00\" \/>\n<meta property=\"og:image\" content=\"https:\/\/repliquemangacine.fr\/wp-content\/uploads\/2025\/01\/Epee-dIsildur.jpg\" \/>\n\t<meta property=\"og:image:width\" content=\"500\" \/>\n\t<meta property=\"og:image:height\" content=\"500\" \/>\n\t<meta property=\"og:image:type\" content=\"image\/jpeg\" \/>\n<meta name=\"twitter:card\" content=\"summary_large_image\" \/>\n<meta name=\"twitter:label1\" content=\"Tiempo de lectura\" \/>\n\t<meta name=\"twitter:data1\" content=\"3 minutos\" \/>\n<script type=\"application\/ld+json\" class=\"yoast-schema-graph\">{\"@context\":\"https:\\\/\\\/schema.org\",\"@graph\":[{\"@type\":\"WebPage\",\"@id\":\"https:\\\/\\\/repliquemangacine.fr\\\/epees-seigneur-des-anneaux\\\/epee-de-isildur-le-seigneur-des-anneaux\\\/\",\"url\":\"https:\\\/\\\/repliquemangacine.fr\\\/epees-seigneur-des-anneaux\\\/epee-de-isildur-le-seigneur-des-anneaux\\\/\",\"name\":\"Ep\u00e9e de Isildur Le Seigneur des Anneaux - R\u00e9plique Manga Cin\u00e9\",\"isPartOf\":{\"@id\":\"https:\\\/\\\/repliquemangacine.fr\\\/#website\"},\"primaryImageOfPage\":{\"@id\":\"https:\\\/\\\/repliquemangacine.fr\\\/epees-seigneur-des-anneaux\\\/epee-de-isildur-le-seigneur-des-anneaux\\\/#primaryimage\"},\"image\":{\"@id\":\"https:\\\/\\\/repliquemangacine.fr\\\/epees-seigneur-des-anneaux\\\/epee-de-isildur-le-seigneur-des-anneaux\\\/#primaryimage\"},\"thumbnailUrl\":\"https:\\\/\\\/repliquemangacine.fr\\\/wp-content\\\/uploads\\\/2025\\\/01\\\/Epee-dIsildur.jpg\",\"datePublished\":\"2025-01-09T16:28:57+00:00\",\"dateModified\":\"2026-02-17T14:20:22+00:00\",\"description\":\"Superbe r\u00e9plique de l'Ep\u00e9e d'Isildur dans Le Seigneur des Anneaux. Lame en acier stainless. Garde et pommeau en acier plein d\u00e9cor\u00e9. Support. 121 cm\",\"breadcrumb\":{\"@id\":\"https:\\\/\\\/repliquemangacine.fr\\\/epees-seigneur-des-anneaux\\\/epee-de-isildur-le-seigneur-des-anneaux\\\/#breadcrumb\"},\"inLanguage\":\"es\",\"potentialAction\":[{\"@type\":\"ReadAction\",\"target\":[\"https:\\\/\\\/repliquemangacine.fr\\\/epees-seigneur-des-anneaux\\\/epee-de-isildur-le-seigneur-des-anneaux\\\/\"]}]},{\"@type\":\"ImageObject\",\"inLanguage\":\"es\",\"@id\":\"https:\\\/\\\/repliquemangacine.fr\\\/epees-seigneur-des-anneaux\\\/epee-de-isildur-le-seigneur-des-anneaux\\\/#primaryimage\",\"url\":\"https:\\\/\\\/repliquemangacine.fr\\\/wp-content\\\/uploads\\\/2025\\\/01\\\/Epee-dIsildur.jpg\",\"contentUrl\":\"https:\\\/\\\/repliquemangacine.fr\\\/wp-content\\\/uploads\\\/2025\\\/01\\\/Epee-dIsildur.jpg\",\"width\":500,\"height\":500,\"caption\":\"Ep\u00e9e d'Isildur le Seigneur des Anneaux\"},{\"@type\":\"BreadcrumbList\",\"@id\":\"https:\\\/\\\/repliquemangacine.fr\\\/epees-seigneur-des-anneaux\\\/epee-de-isildur-le-seigneur-des-anneaux\\\/#breadcrumb\",\"itemListElement\":[{\"@type\":\"ListItem\",\"position\":1,\"name\":\"Accueil\",\"item\":\"https:\\\/\\\/repliquemangacine.fr\\\/\"},{\"@type\":\"ListItem\",\"position\":2,\"name\":\"Produits\",\"item\":\"https:\\\/\\\/repliquemangacine.fr\\\/boutique\\\/\"},{\"@type\":\"ListItem\",\"position\":3,\"name\":\"Ep\u00e9e de Isildur Le Seigneur des Anneaux\"}]},{\"@type\":\"WebSite\",\"@id\":\"https:\\\/\\\/repliquemangacine.fr\\\/#website\",\"url\":\"https:\\\/\\\/repliquemangacine.fr\\\/\",\"name\":\"R\u00e9plique Manga Cin\u00e9\",\"description\":\"\",\"publisher\":{\"@id\":\"https:\\\/\\\/repliquemangacine.fr\\\/#organization\"},\"potentialAction\":[{\"@type\":\"SearchAction\",\"target\":{\"@type\":\"EntryPoint\",\"urlTemplate\":\"https:\\\/\\\/repliquemangacine.fr\\\/?s={search_term_string}\"},\"query-input\":{\"@type\":\"PropertyValueSpecification\",\"valueRequired\":true,\"valueName\":\"search_term_string\"}}],\"inLanguage\":\"es\"},{\"@type\":\"Organization\",\"@id\":\"https:\\\/\\\/repliquemangacine.fr\\\/#organization\",\"name\":\"R\u00e9plique Manga Cin\u00e9\",\"url\":\"https:\\\/\\\/repliquemangacine.fr\\\/\",\"logo\":{\"@type\":\"ImageObject\",\"inLanguage\":\"es\",\"@id\":\"https:\\\/\\\/repliquemangacine.fr\\\/#\\\/schema\\\/logo\\\/image\\\/\",\"url\":\"https:\\\/\\\/repliquemangacine.fr\\\/wp-content\\\/uploads\\\/2023\\\/10\\\/RMC-500250.png\",\"contentUrl\":\"https:\\\/\\\/repliquemangacine.fr\\\/wp-content\\\/uploads\\\/2023\\\/10\\\/RMC-500250.png\",\"width\":500,\"height\":250,\"caption\":\"R\u00e9plique Manga Cin\u00e9\"},\"image\":{\"@id\":\"https:\\\/\\\/repliquemangacine.fr\\\/#\\\/schema\\\/logo\\\/image\\\/\"},\"sameAs\":[\"https:\\\/\\\/www.facebook.com\\\/RepliqueMangaCine\",\"https:\\\/\\\/www.instagram.com\\\/repliquemangacine.fr\\\/\"]}]}<\/script>\n<!-- \/ Yoast SEO plugin. -->","yoast_head_json":{"title":"Espada de Isildur El Se\u00f1or de los Anillos - R\u00e9plique Manga Cin\u00e9","description":"Magn\u00edfica r\u00e9plica de la espada de Isildur de El Se\u00f1or de los Anillos. Hoja de acero inoxidable. Empu\u00f1adura y pomo de acero decorados. Soporte. 121 cm de largo","robots":{"index":"index","follow":"follow","max-snippet":"max-snippet:-1","max-image-preview":"max-image-preview:large","max-video-preview":"max-video-preview:-1"},"canonical":"https:\/\/repliquemangacine.fr\/es\/espadas-del-senor-de-los-anillos\/espada-isildur-del-senor-de-los-anillos\/","og_locale":"es_ES","og_type":"article","og_title":"Ep\u00e9e de Isildur Le Seigneur des Anneaux - R\u00e9plique Manga Cin\u00e9","og_description":"Superbe r\u00e9plique de l'Ep\u00e9e d'Isildur dans Le Seigneur des Anneaux. Lame en acier stainless. Garde et pommeau en acier plein d\u00e9cor\u00e9. Support. 121 cm","og_url":"https:\/\/repliquemangacine.fr\/es\/espadas-del-senor-de-los-anillos\/espada-isildur-del-senor-de-los-anillos\/","og_site_name":"R\u00e9plique Manga Cin\u00e9","article_publisher":"https:\/\/www.facebook.com\/RepliqueMangaCine","article_modified_time":"2026-02-17T14:20:22+00:00","og_image":[{"width":500,"height":500,"url":"https:\/\/repliquemangacine.fr\/wp-content\/uploads\/2025\/01\/Epee-dIsildur.jpg","type":"image\/jpeg"}],"twitter_card":"summary_large_image","twitter_misc":{"Tiempo de lectura":"3 minutos"},"schema":{"@context":"https:\/\/schema.org","@graph":[{"@type":"WebPage","@id":"https:\/\/repliquemangacine.fr\/epees-seigneur-des-anneaux\/epee-de-isildur-le-seigneur-des-anneaux\/","url":"https:\/\/repliquemangacine.fr\/epees-seigneur-des-anneaux\/epee-de-isildur-le-seigneur-des-anneaux\/","name":"Espada de Isildur El Se\u00f1or de los Anillos - R\u00e9plique Manga Cin\u00e9","isPartOf":{"@id":"https:\/\/repliquemangacine.fr\/#website"},"primaryImageOfPage":{"@id":"https:\/\/repliquemangacine.fr\/epees-seigneur-des-anneaux\/epee-de-isildur-le-seigneur-des-anneaux\/#primaryimage"},"image":{"@id":"https:\/\/repliquemangacine.fr\/epees-seigneur-des-anneaux\/epee-de-isildur-le-seigneur-des-anneaux\/#primaryimage"},"thumbnailUrl":"https:\/\/repliquemangacine.fr\/wp-content\/uploads\/2025\/01\/Epee-dIsildur.jpg","datePublished":"2025-01-09T16:28:57+00:00","dateModified":"2026-02-17T14:20:22+00:00","description":"Magn\u00edfica r\u00e9plica de la espada de Isildur de El Se\u00f1or de los Anillos. Hoja de acero inoxidable. Empu\u00f1adura y pomo de acero decorados. Soporte. 121 cm de largo","breadcrumb":{"@id":"https:\/\/repliquemangacine.fr\/epees-seigneur-des-anneaux\/epee-de-isildur-le-seigneur-des-anneaux\/#breadcrumb"},"inLanguage":"es","potentialAction":[{"@type":"ReadAction","target":["https:\/\/repliquemangacine.fr\/epees-seigneur-des-anneaux\/epee-de-isildur-le-seigneur-des-anneaux\/"]}]},{"@type":"ImageObject","inLanguage":"es","@id":"https:\/\/repliquemangacine.fr\/epees-seigneur-des-anneaux\/epee-de-isildur-le-seigneur-des-anneaux\/#primaryimage","url":"https:\/\/repliquemangacine.fr\/wp-content\/uploads\/2025\/01\/Epee-dIsildur.jpg","contentUrl":"https:\/\/repliquemangacine.fr\/wp-content\/uploads\/2025\/01\/Epee-dIsildur.jpg","width":500,"height":500,"caption":"Ep\u00e9e d'Isildur le Seigneur des Anneaux"},{"@type":"BreadcrumbList","@id":"https:\/\/repliquemangacine.fr\/epees-seigneur-des-anneaux\/epee-de-isildur-le-seigneur-des-anneaux\/#breadcrumb","itemListElement":[{"@type":"ListItem","position":1,"name":"Accueil","item":"https:\/\/repliquemangacine.fr\/"},{"@type":"ListItem","position":2,"name":"Produits","item":"https:\/\/repliquemangacine.fr\/boutique\/"},{"@type":"ListItem","position":3,"name":"Ep\u00e9e de Isildur Le Seigneur des Anneaux"}]},{"@type":"WebSite","@id":"https:\/\/repliquemangacine.fr\/#website","url":"https:\/\/repliquemangacine.fr\/","name":"R\u00e9plique Manga Cin\u00e9","description":"","publisher":{"@id":"https:\/\/repliquemangacine.fr\/#organization"},"potentialAction":[{"@type":"SearchAction","target":{"@type":"EntryPoint","urlTemplate":"https:\/\/repliquemangacine.fr\/?s={search_term_string}"},"query-input":{"@type":"PropertyValueSpecification","valueRequired":true,"valueName":"search_term_string"}}],"inLanguage":"es"},{"@type":"Organization","@id":"https:\/\/repliquemangacine.fr\/#organization","name":"R\u00e9plique Manga Cin\u00e9","url":"https:\/\/repliquemangacine.fr\/","logo":{"@type":"ImageObject","inLanguage":"es","@id":"https:\/\/repliquemangacine.fr\/#\/schema\/logo\/image\/","url":"https:\/\/repliquemangacine.fr\/wp-content\/uploads\/2023\/10\/RMC-500250.png","contentUrl":"https:\/\/repliquemangacine.fr\/wp-content\/uploads\/2023\/10\/RMC-500250.png","width":500,"height":250,"caption":"R\u00e9plique Manga Cin\u00e9"},"image":{"@id":"https:\/\/repliquemangacine.fr\/#\/schema\/logo\/image\/"},"sameAs":["https:\/\/www.facebook.com\/RepliqueMangaCine","https:\/\/www.instagram.com\/repliquemangacine.fr\/"]}]}},"_links":{"self":[{"href":"https:\/\/repliquemangacine.fr\/es\/wp-json\/wp\/v2\/product\/81084","targetHints":{"allow":["GET"]}}],"collection":[{"href":"https:\/\/repliquemangacine.fr\/es\/wp-json\/wp\/v2\/product"}],"about":[{"href":"https:\/\/repliquemangacine.fr\/es\/wp-json\/wp\/v2\/types\/product"}],"wp:featuredmedia":[{"embeddable":true,"href":"https:\/\/repliquemangacine.fr\/es\/wp-json\/wp\/v2\/media\/81086"}],"wp:attachment":[{"href":"https:\/\/repliquemangacine.fr\/es\/wp-json\/wp\/v2\/media?parent=81084"}],"wp:term":[{"taxonomy":"product_brand","embeddable":true,"href":"https:\/\/repliquemangacine.fr\/es\/wp-json\/wp\/v2\/product_brand?post=81084"},{"taxonomy":"product_cat","embeddable":true,"href":"https:\/\/repliquemangacine.fr\/es\/wp-json\/wp\/v2\/product_cat?post=81084"},{"taxonomy":"product_tag","embeddable":true,"href":"https:\/\/repliquemangacine.fr\/es\/wp-json\/wp\/v2\/product_tag?post=81084"}],"curies":[{"name":"wp","href":"https:\/\/api.w.org\/{rel}","templated":true}]}}