





{"id":81057,"date":"2025-01-08T22:55:16","date_gmt":"2025-01-08T21:55:16","guid":{"rendered":"https:\/\/repliquemangacine.fr\/?post_type=product&#038;p=81057"},"modified":"2026-04-26T15:57:43","modified_gmt":"2026-04-26T13:57:43","slug":"la-espada-del-padre-de-conan-el-barbaro","status":"publish","type":"product","link":"https:\/\/repliquemangacine.fr\/es\/katana-les-epees-de-films-et-series\/epee-du-pere-de-conan-le-barbare\/","title":{"rendered":"La espada del padre de Conan el B\u00e1rbaro"},"content":{"rendered":"<h2>Una r\u00e9plica excepcional: la Espada del Padre de Conan el B\u00e1rbaro<\/h2>\n<p>En primer lugar, el<strong>La espada del padre de Conan<\/strong>, impresiona a primera vista por su presencia y sus acabados realistas. Esta espada ic\u00f3nica no deja indiferente a nadie. De hecho, su hoja de acero inoxidable est\u00e1 decorada con una magn\u00edfica serigraf\u00eda. Recordando as\u00ed los grabados ancestrales de las forjas del mundo b\u00e1rbaro. Adem\u00e1s, su guarda de acero macizo representa la cabeza de un ciervo, con sus majestuosos cuernos con acabado de bronce envejecido para un efecto crudo. El pomo, tambi\u00e9n de acero, presenta un nivel de detalle excepcional, reforzado por una p\u00e1tina de bronce antiguo de gran efecto. El mango est\u00e1 recubierto con una envoltura de cuero sint\u00e9tico beige, lo que garantiza un agarre firme y c\u00f3modo durante su uso.<\/p>\n<p>Adem\u00e1s, cada detalle evoca la fuerza bruta y el legado de un guerrero m\u00edtico, con un acabado ideal para los apasionados. Una r\u00e9plica de alta calidad, decorativa, cinematogr\u00e1fica y fiel al universo de Conan el B\u00e1rbaro.<\/p>\n<h2>Un legado grabado en la memoria de los fans de Conan<\/h2>\n<p>En el brutal y m\u00edtico universo de Conan el B\u00e1rbaro, la espada de su padre no es un arma como las dem\u00e1s. Es la primera que ve forjar, un s\u00edmbolo de fuerza, de transmisi\u00f3n y de la dura educaci\u00f3n del joven Conan. Su padre le ense\u00f1a la verdad del mundo: solo la fuerza y el acero nunca traicionan. Esta lecci\u00f3n marca al h\u00e9roe para siempre. Cuando el pueblo es atacado, Conan lo pierde todo. Pero esa espada permanece grabada en su memoria como el \u00faltimo legado paterno. M\u00e1s tarde, cuando descubre la Espada Atlante, un arma antigua, encarna plenamente al b\u00e1rbaro convertido en guerrero invencible.<\/p>\n<p>Pero es precisamente esa primera espada, la del padre, la que lo inicia todo. Representa el comienzo de un destino legendario. Su estilo tosco y macizo es el reflejo mismo del universo en el que evoluciona Conan: duro, despiadado, sin concesiones. Esta r\u00e9plica, fiel al dise\u00f1o de la pel\u00edcula, encarna la fuerza bruta y los or\u00edgenes profundos de uno de los h\u00e9roes m\u00e1s grandes de\u2019<a href=\"https:\/\/www.audible.fr\/blog\/heroic-fantasy-le-guide\" target=\"_blank\" rel=\"noopener noreferrer\">fantas\u00eda heroica<\/a>.<\/p>\n<h2>El arma perfecta para a\u00f1adir a su colecci\u00f3n de r\u00e9plicas de cine<\/h2>\n<p>En nuestro sitio R\u00e9plique Manga Cin\u00e9, tenemos el honor de ofrecer armas de colecci\u00f3n de las mayores sagas. L'<strong>La espada del padre de Conan<\/strong> Acomp\u00e1\u00f1enos en una selecci\u00f3n de piezas \u00fanicas, decorativas, cinematogr\u00e1ficas y cargadas de historia. Tambi\u00e9n encontrar\u00e1 el<a href=\"https:\/\/repliquemangacine.fr\/es\/espada-templaria-medieval\/robin-des-bois-espada\/\">La espada de Robin Hood<\/a>Robin Hood\", una elegante r\u00e9plica de un h\u00e9roe tan astuto como valiente. \u00bfEs usted fan de Highlander? Visite <a href=\"https:\/\/repliquemangacine.fr\/es\/peliculas-series-tv-venta-de-espadas-katana-y-productos-relacionados\/duncan-higlander-katana-v2\/\">katana de Duncan MacLeod<\/a>con su mango en forma de serpiente, tambi\u00e9n le espera en nuestro sitio. Sin olvidar el legendario <a href=\"https:\/\/repliquemangacine.fr\/es\/katana-kill-bill\/\">espadas de Kill Bill.\u00a0<\/a><\/p>\n<p>Cada producto se selecciona por su calidad, su fidelidad al modelo original y su capacidad para emocionar a los aficionados. <strong>R\u00e9plique Manga Cin\u00e9<\/strong>Es donde el cine se encuentra con la leyenda, la aventura y el placer de coleccionar objetos reales. No esperes m\u00e1s para enriquecer tu universo personal con esta espada m\u00edtica. Y como dijo Conan: \"Lo que no te mata te hace m\u00e1s fuerte\"... \u00a1sobre todo con una espada as\u00ed en tus manos!<\/p>","protected":false},"excerpt":{"rendered":"<p>Esta r\u00e9plica de la espada del padre de Conan es absolutamente extraordinaria.<\/p>\n<ul>\n<li>Hoja de acero inoxidable con serigraf\u00eda<\/li>\n<li>Empu\u00f1adura de acero macizo que representa la cabeza de un ciervo con sus cuernos en acabado bronce envejecido<\/li>\n<li>Pomo de acero con finos detalles en acabado bronce envejecido<\/li>\n<li>Asa cubierta con una tira de polipiel beige para un buen agarre.<\/li>\n<li>Se suministra con soporte mural de madera<\/li>\n<li>Longitud de la hoja: 74 cm - Longitud total: 98 cm<\/li>\n<li>Peso: 1870 g<\/li>\n<\/ul>","protected":false},"featured_media":81058,"template":"","meta":[],"product_brand":[896],"product_cat":[91,24],"product_tag":[],"class_list":{"0":"post-81057","1":"product","2":"type-product","3":"status-publish","4":"has-post-thumbnail","6":"product_brand-replique-manga-cine","7":"product_cat-katana-les-epees-de-films-et-series","8":"product_cat-films-series-tv-vente-de-katana-epee-et-produits-derives","10":"first","11":"instock","12":"taxable","13":"shipping-taxable","14":"purchasable","15":"product-type-simple"},"yoast_head":"<!-- This site is optimized with the Yoast SEO plugin v27.5 - https:\/\/yoast.com\/product\/yoast-seo-wordpress\/ -->\n<title>Ep\u00e9e du p\u00e8re de Conan le Barbare - R\u00e9plique Manga Cin\u00e9<\/title>\n<meta name=\"description\" content=\"Remarquable cette r\u00e9plique de l&#039;Ep\u00e9e du p\u00e8re de Conan le Barbare. Lame en acier s\u00e9rigraphi\u00e9e. Garde et pommeau en acier bronze vieilli. Support - 98 cm\" \/>\n<meta name=\"robots\" content=\"index, follow, max-snippet:-1, max-image-preview:large, max-video-preview:-1\" \/>\n<link rel=\"canonical\" href=\"https:\/\/repliquemangacine.fr\/es\/espadas-katana-de-peliculas-y-series\/la-espada-del-padre-de-conan-el-barbaro\/\" \/>\n<meta property=\"og:locale\" content=\"es_ES\" \/>\n<meta property=\"og:type\" content=\"article\" \/>\n<meta property=\"og:title\" content=\"Ep\u00e9e du p\u00e8re de Conan le Barbare - R\u00e9plique Manga Cin\u00e9\" \/>\n<meta property=\"og:description\" content=\"Remarquable cette r\u00e9plique de l&#039;Ep\u00e9e du p\u00e8re de Conan le Barbare. Lame en acier s\u00e9rigraphi\u00e9e. Garde et pommeau en acier bronze vieilli. Support - 98 cm\" \/>\n<meta property=\"og:url\" content=\"https:\/\/repliquemangacine.fr\/es\/espadas-katana-de-peliculas-y-series\/la-espada-del-padre-de-conan-el-barbaro\/\" \/>\n<meta property=\"og:site_name\" content=\"R\u00e9plique Manga Cin\u00e9\" \/>\n<meta property=\"article:publisher\" content=\"https:\/\/www.facebook.com\/RepliqueMangaCine\" \/>\n<meta property=\"article:modified_time\" content=\"2026-04-26T13:57:43+00:00\" \/>\n<meta property=\"og:image\" content=\"https:\/\/repliquemangacine.fr\/wp-content\/uploads\/2025\/01\/conan-fathers-sword.jpg\" \/>\n\t<meta property=\"og:image:width\" content=\"1000\" \/>\n\t<meta property=\"og:image:height\" content=\"1000\" \/>\n\t<meta property=\"og:image:type\" content=\"image\/jpeg\" \/>\n<meta name=\"twitter:card\" content=\"summary_large_image\" \/>\n<meta name=\"twitter:label1\" content=\"Tiempo de lectura\" \/>\n\t<meta name=\"twitter:data1\" content=\"3 minutos\" \/>\n<script type=\"application\/ld+json\" class=\"yoast-schema-graph\">{\"@context\":\"https:\\\/\\\/schema.org\",\"@graph\":[{\"@type\":\"WebPage\",\"@id\":\"https:\\\/\\\/repliquemangacine.fr\\\/katana-les-epees-de-films-et-series\\\/epee-du-pere-de-conan-le-barbare\\\/\",\"url\":\"https:\\\/\\\/repliquemangacine.fr\\\/katana-les-epees-de-films-et-series\\\/epee-du-pere-de-conan-le-barbare\\\/\",\"name\":\"Ep\u00e9e du p\u00e8re de Conan le Barbare - R\u00e9plique Manga Cin\u00e9\",\"isPartOf\":{\"@id\":\"https:\\\/\\\/repliquemangacine.fr\\\/#website\"},\"primaryImageOfPage\":{\"@id\":\"https:\\\/\\\/repliquemangacine.fr\\\/katana-les-epees-de-films-et-series\\\/epee-du-pere-de-conan-le-barbare\\\/#primaryimage\"},\"image\":{\"@id\":\"https:\\\/\\\/repliquemangacine.fr\\\/katana-les-epees-de-films-et-series\\\/epee-du-pere-de-conan-le-barbare\\\/#primaryimage\"},\"thumbnailUrl\":\"https:\\\/\\\/repliquemangacine.fr\\\/wp-content\\\/uploads\\\/2025\\\/01\\\/conan-fathers-sword.jpg\",\"datePublished\":\"2025-01-08T21:55:16+00:00\",\"dateModified\":\"2026-04-26T13:57:43+00:00\",\"description\":\"Remarquable cette r\u00e9plique de l'Ep\u00e9e du p\u00e8re de Conan le Barbare. Lame en acier s\u00e9rigraphi\u00e9e. Garde et pommeau en acier bronze vieilli. Support - 98 cm\",\"breadcrumb\":{\"@id\":\"https:\\\/\\\/repliquemangacine.fr\\\/katana-les-epees-de-films-et-series\\\/epee-du-pere-de-conan-le-barbare\\\/#breadcrumb\"},\"inLanguage\":\"es\",\"potentialAction\":[{\"@type\":\"ReadAction\",\"target\":[\"https:\\\/\\\/repliquemangacine.fr\\\/katana-les-epees-de-films-et-series\\\/epee-du-pere-de-conan-le-barbare\\\/\"]}]},{\"@type\":\"ImageObject\",\"inLanguage\":\"es\",\"@id\":\"https:\\\/\\\/repliquemangacine.fr\\\/katana-les-epees-de-films-et-series\\\/epee-du-pere-de-conan-le-barbare\\\/#primaryimage\",\"url\":\"https:\\\/\\\/repliquemangacine.fr\\\/wp-content\\\/uploads\\\/2025\\\/01\\\/conan-fathers-sword.jpg\",\"contentUrl\":\"https:\\\/\\\/repliquemangacine.fr\\\/wp-content\\\/uploads\\\/2025\\\/01\\\/conan-fathers-sword.jpg\",\"width\":1000,\"height\":1000,\"caption\":\"Ep\u00e9e du p\u00e8re de Conan\"},{\"@type\":\"BreadcrumbList\",\"@id\":\"https:\\\/\\\/repliquemangacine.fr\\\/katana-les-epees-de-films-et-series\\\/epee-du-pere-de-conan-le-barbare\\\/#breadcrumb\",\"itemListElement\":[{\"@type\":\"ListItem\",\"position\":1,\"name\":\"Accueil\",\"item\":\"https:\\\/\\\/repliquemangacine.fr\\\/\"},{\"@type\":\"ListItem\",\"position\":2,\"name\":\"Produits\",\"item\":\"https:\\\/\\\/repliquemangacine.fr\\\/boutique\\\/\"},{\"@type\":\"ListItem\",\"position\":3,\"name\":\"Ep\u00e9e du p\u00e8re de Conan le Barbare\"}]},{\"@type\":\"WebSite\",\"@id\":\"https:\\\/\\\/repliquemangacine.fr\\\/#website\",\"url\":\"https:\\\/\\\/repliquemangacine.fr\\\/\",\"name\":\"R\u00e9plique Manga Cin\u00e9\",\"description\":\"\",\"publisher\":{\"@id\":\"https:\\\/\\\/repliquemangacine.fr\\\/#organization\"},\"potentialAction\":[{\"@type\":\"SearchAction\",\"target\":{\"@type\":\"EntryPoint\",\"urlTemplate\":\"https:\\\/\\\/repliquemangacine.fr\\\/?s={search_term_string}\"},\"query-input\":{\"@type\":\"PropertyValueSpecification\",\"valueRequired\":true,\"valueName\":\"search_term_string\"}}],\"inLanguage\":\"es\"},{\"@type\":\"Organization\",\"@id\":\"https:\\\/\\\/repliquemangacine.fr\\\/#organization\",\"name\":\"R\u00e9plique Manga Cin\u00e9\",\"url\":\"https:\\\/\\\/repliquemangacine.fr\\\/\",\"logo\":{\"@type\":\"ImageObject\",\"inLanguage\":\"es\",\"@id\":\"https:\\\/\\\/repliquemangacine.fr\\\/#\\\/schema\\\/logo\\\/image\\\/\",\"url\":\"https:\\\/\\\/repliquemangacine.fr\\\/wp-content\\\/uploads\\\/2023\\\/10\\\/RMC-500250.png\",\"contentUrl\":\"https:\\\/\\\/repliquemangacine.fr\\\/wp-content\\\/uploads\\\/2023\\\/10\\\/RMC-500250.png\",\"width\":500,\"height\":250,\"caption\":\"R\u00e9plique Manga Cin\u00e9\"},\"image\":{\"@id\":\"https:\\\/\\\/repliquemangacine.fr\\\/#\\\/schema\\\/logo\\\/image\\\/\"},\"sameAs\":[\"https:\\\/\\\/www.facebook.com\\\/RepliqueMangaCine\",\"https:\\\/\\\/www.instagram.com\\\/repliquemangacine.fr\\\/\"]}]}<\/script>\n<!-- \/ Yoast SEO plugin. -->","yoast_head_json":{"title":"Espada del padre de Conan el B\u00e1rbaro - R\u00e9plique Manga Cin\u00e9","description":"Notable r\u00e9plica de la espada utilizada por el padre de Conan el B\u00e1rbaro. Hoja de acero serigrafiado. Empu\u00f1adura y pomo de acero bronceado envejecido. Soporte - 98 cm","robots":{"index":"index","follow":"follow","max-snippet":"max-snippet:-1","max-image-preview":"max-image-preview:large","max-video-preview":"max-video-preview:-1"},"canonical":"https:\/\/repliquemangacine.fr\/es\/espadas-katana-de-peliculas-y-series\/la-espada-del-padre-de-conan-el-barbaro\/","og_locale":"es_ES","og_type":"article","og_title":"Ep\u00e9e du p\u00e8re de Conan le Barbare - R\u00e9plique Manga Cin\u00e9","og_description":"Remarquable cette r\u00e9plique de l'Ep\u00e9e du p\u00e8re de Conan le Barbare. Lame en acier s\u00e9rigraphi\u00e9e. Garde et pommeau en acier bronze vieilli. Support - 98 cm","og_url":"https:\/\/repliquemangacine.fr\/es\/espadas-katana-de-peliculas-y-series\/la-espada-del-padre-de-conan-el-barbaro\/","og_site_name":"R\u00e9plique Manga Cin\u00e9","article_publisher":"https:\/\/www.facebook.com\/RepliqueMangaCine","article_modified_time":"2026-04-26T13:57:43+00:00","og_image":[{"width":1000,"height":1000,"url":"https:\/\/repliquemangacine.fr\/wp-content\/uploads\/2025\/01\/conan-fathers-sword.jpg","type":"image\/jpeg"}],"twitter_card":"summary_large_image","twitter_misc":{"Tiempo de lectura":"3 minutos"},"schema":{"@context":"https:\/\/schema.org","@graph":[{"@type":"WebPage","@id":"https:\/\/repliquemangacine.fr\/katana-les-epees-de-films-et-series\/epee-du-pere-de-conan-le-barbare\/","url":"https:\/\/repliquemangacine.fr\/katana-les-epees-de-films-et-series\/epee-du-pere-de-conan-le-barbare\/","name":"Espada del padre de Conan el B\u00e1rbaro - R\u00e9plique Manga Cin\u00e9","isPartOf":{"@id":"https:\/\/repliquemangacine.fr\/#website"},"primaryImageOfPage":{"@id":"https:\/\/repliquemangacine.fr\/katana-les-epees-de-films-et-series\/epee-du-pere-de-conan-le-barbare\/#primaryimage"},"image":{"@id":"https:\/\/repliquemangacine.fr\/katana-les-epees-de-films-et-series\/epee-du-pere-de-conan-le-barbare\/#primaryimage"},"thumbnailUrl":"https:\/\/repliquemangacine.fr\/wp-content\/uploads\/2025\/01\/conan-fathers-sword.jpg","datePublished":"2025-01-08T21:55:16+00:00","dateModified":"2026-04-26T13:57:43+00:00","description":"Notable r\u00e9plica de la espada utilizada por el padre de Conan el B\u00e1rbaro. Hoja de acero serigrafiado. Empu\u00f1adura y pomo de acero bronceado envejecido. Soporte - 98 cm","breadcrumb":{"@id":"https:\/\/repliquemangacine.fr\/katana-les-epees-de-films-et-series\/epee-du-pere-de-conan-le-barbare\/#breadcrumb"},"inLanguage":"es","potentialAction":[{"@type":"ReadAction","target":["https:\/\/repliquemangacine.fr\/katana-les-epees-de-films-et-series\/epee-du-pere-de-conan-le-barbare\/"]}]},{"@type":"ImageObject","inLanguage":"es","@id":"https:\/\/repliquemangacine.fr\/katana-les-epees-de-films-et-series\/epee-du-pere-de-conan-le-barbare\/#primaryimage","url":"https:\/\/repliquemangacine.fr\/wp-content\/uploads\/2025\/01\/conan-fathers-sword.jpg","contentUrl":"https:\/\/repliquemangacine.fr\/wp-content\/uploads\/2025\/01\/conan-fathers-sword.jpg","width":1000,"height":1000,"caption":"Ep\u00e9e du p\u00e8re de Conan"},{"@type":"BreadcrumbList","@id":"https:\/\/repliquemangacine.fr\/katana-les-epees-de-films-et-series\/epee-du-pere-de-conan-le-barbare\/#breadcrumb","itemListElement":[{"@type":"ListItem","position":1,"name":"Accueil","item":"https:\/\/repliquemangacine.fr\/"},{"@type":"ListItem","position":2,"name":"Produits","item":"https:\/\/repliquemangacine.fr\/boutique\/"},{"@type":"ListItem","position":3,"name":"Ep\u00e9e du p\u00e8re de Conan le Barbare"}]},{"@type":"WebSite","@id":"https:\/\/repliquemangacine.fr\/#website","url":"https:\/\/repliquemangacine.fr\/","name":"R\u00e9plique Manga Cin\u00e9","description":"","publisher":{"@id":"https:\/\/repliquemangacine.fr\/#organization"},"potentialAction":[{"@type":"SearchAction","target":{"@type":"EntryPoint","urlTemplate":"https:\/\/repliquemangacine.fr\/?s={search_term_string}"},"query-input":{"@type":"PropertyValueSpecification","valueRequired":true,"valueName":"search_term_string"}}],"inLanguage":"es"},{"@type":"Organization","@id":"https:\/\/repliquemangacine.fr\/#organization","name":"R\u00e9plique Manga Cin\u00e9","url":"https:\/\/repliquemangacine.fr\/","logo":{"@type":"ImageObject","inLanguage":"es","@id":"https:\/\/repliquemangacine.fr\/#\/schema\/logo\/image\/","url":"https:\/\/repliquemangacine.fr\/wp-content\/uploads\/2023\/10\/RMC-500250.png","contentUrl":"https:\/\/repliquemangacine.fr\/wp-content\/uploads\/2023\/10\/RMC-500250.png","width":500,"height":250,"caption":"R\u00e9plique Manga Cin\u00e9"},"image":{"@id":"https:\/\/repliquemangacine.fr\/#\/schema\/logo\/image\/"},"sameAs":["https:\/\/www.facebook.com\/RepliqueMangaCine","https:\/\/www.instagram.com\/repliquemangacine.fr\/"]}]}},"_links":{"self":[{"href":"https:\/\/repliquemangacine.fr\/es\/wp-json\/wp\/v2\/product\/81057","targetHints":{"allow":["GET"]}}],"collection":[{"href":"https:\/\/repliquemangacine.fr\/es\/wp-json\/wp\/v2\/product"}],"about":[{"href":"https:\/\/repliquemangacine.fr\/es\/wp-json\/wp\/v2\/types\/product"}],"wp:featuredmedia":[{"embeddable":true,"href":"https:\/\/repliquemangacine.fr\/es\/wp-json\/wp\/v2\/media\/81058"}],"wp:attachment":[{"href":"https:\/\/repliquemangacine.fr\/es\/wp-json\/wp\/v2\/media?parent=81057"}],"wp:term":[{"taxonomy":"product_brand","embeddable":true,"href":"https:\/\/repliquemangacine.fr\/es\/wp-json\/wp\/v2\/product_brand?post=81057"},{"taxonomy":"product_cat","embeddable":true,"href":"https:\/\/repliquemangacine.fr\/es\/wp-json\/wp\/v2\/product_cat?post=81057"},{"taxonomy":"product_tag","embeddable":true,"href":"https:\/\/repliquemangacine.fr\/es\/wp-json\/wp\/v2\/product_tag?post=81057"}],"curies":[{"name":"wp","href":"https:\/\/api.w.org\/{rel}","templated":true}]}}