





{"id":81049,"date":"2025-01-08T22:13:53","date_gmt":"2025-01-08T21:13:53","guid":{"rendered":"https:\/\/repliquemangacine.fr\/?post_type=product&#038;p=81049"},"modified":"2026-04-01T18:28:33","modified_gmt":"2026-04-01T16:28:33","slug":"espada-dragon-slayer-berserk-guts","status":"publish","type":"product","link":"https:\/\/repliquemangacine.fr\/es\/berserk\/epee-de-guts-dragon-slayer-berserk\/","title":{"rendered":"Dragon Slayer Guts Sword - Berserk"},"content":{"rendered":"<h2>Espada Dragon Slayer de Guts - Una r\u00e9plica legendaria de Berserk<\/h2>\n<p>En primer lugar, el<strong>Espada Guts Dragon Slayer<\/strong> es una r\u00e9plica impresionante para todos los fans de <a href=\"https:\/\/encyclopedia-anime.fandom.com\/fr\/wiki\/Berserk\" target=\"_blank\" rel=\"noopener noreferrer\">Berserk<\/a>. Su hoja de acero de doble filo (no cortante) tiene una presencia inigualable. La guarda y el pomo son de acero macizo, fieles a la versi\u00f3n original. La empu\u00f1adura met\u00e1lica est\u00e1 rodeada de una tira de algod\u00f3n beige para un agarre c\u00f3modo. La vaina de cuero negro protege la espada al tiempo que le aporta un estilo aut\u00e9ntico. Con una longitud de hoja de 116 cm y una longitud total de 150 cm, esta r\u00e9plica impone respeto. Su peso de 7260 g refuerza su realismo y su aspecto imponente. Cada detalle est\u00e1 dise\u00f1ado para ofrecer una fidelidad absoluta al arma emblem\u00e1tica del guerrero negro. Esta pieza es ideal para coleccionistas y entusiastas del cosplay.<\/p>\n<h2>La importancia de las armas en el universo Berserk<\/h2>\n<p>En Berserk, las armas desempe\u00f1an un papel fundamental e influyen en todas las batallas. Definen la fuerza y la voluntad de los guerreros. La espada Dragon Slayer encarna el poder destructivo de Guts frente a sus formidables adversarios. Esta enorme arma se convierte en una extensi\u00f3n de su cuerpo, simbolizando su incesante lucha. Adem\u00e1s, cada golpe asestado con esta espada es testigo de la rabia y el atormentado pasado del personaje. En consecuencia, desempe\u00f1a un papel fundamental en la narrativa y el desarrollo de Guts. Al dominar esta arma, supera a enemigos cada vez m\u00e1s poderosos y despiadados. Por \u00faltimo, las armas de Berserk son m\u00e1s que simples herramientas: reflejan el alma de los guerreros. Forjan su destino e influyen en el curso de la historia con notable intensidad.<\/p>\n<h2>Descubre otras espadas legendarias en R\u00e9plique Manga Cin\u00e9<\/h2>\n<p>En R\u00e9plique Manga Cin\u00e9 encontrar\u00e1s una colecci\u00f3n \u00fanica de armas ic\u00f3nicas de videojuegos y manga. Descubre las magistrales <a href=\"https:\/\/repliquemangacine.fr\/es\/katana-y-espada-videojuego-otros-videojuegos\/epee-du-diable-de-dante-devil-my-cry\/\">La espada del diablo de Dante<\/a>directamente inspirado en Devil May Cry. Para los fans de Final Fantasy, el<a href=\"https:\/\/repliquemangacine.fr\/es\/katana-y-espada-videojuego-otros-videojuegos\/espada-fusion-nube-multiblade-buster-espada-final-fantasy-vii\/\">espada de fusi\u00f3n<\/a> (Espada Fusi\u00f3n) de Cloud Strife es una pieza impresionante. Compuesta por seis hojas separadas, se puede montar y desmontar a tu antojo. Sum\u00e9rgete en el mundo de Warcraft con la <a href=\"https:\/\/repliquemangacine.fr\/es\/espadas-de-world-of-warcraft\/frostmourne-deuillegivre-espada-espada-del-rey-lich\/\">Frostmourne del Rey Ex\u00e1nime<\/a>una espada legendaria con un poder aplastante. Y hay muchas otras espadas por descubrir en nuestro cat\u00e1logo. Cada r\u00e9plica est\u00e1 meticulosamente dise\u00f1ada para ser absolutamente fiel a su obra original. Tanto si eres un coleccionista como un entusiasta del cosplay, en nuestro sitio encontrar\u00e1s armas m\u00edticas que no querr\u00e1s perderte. \u00a1Ven y enriquece tu colecci\u00f3n con piezas \u00fanicas e impresionantes!<\/p>","protected":false},"excerpt":{"rendered":"<p>A\u00fan m\u00e1s impresionante es esta espada a tama\u00f1o real de Guts, el cazadragones de Berserk.<\/p>\n<ul>\n<li>Hoja de acero de doble filo (no cortante)<\/li>\n<li>Guarda y pomo de acero con forma especial<\/li>\n<li>Asa de metal rodeada por una banda de algod\u00f3n beige<\/li>\n<li>Vaina de cuero negro.<\/li>\n<li>Tama\u00f1o real<\/li>\n<li>Longitud de la hoja: 116 cm - Longitud total: 150 cm<\/li>\n<li>Peso : 7260 gr<\/li>\n<\/ul>","protected":false},"featured_media":81050,"template":"","meta":[],"product_brand":[896],"product_cat":[878,23],"product_tag":[],"class_list":{"0":"post-81049","1":"product","2":"type-product","3":"status-publish","4":"has-post-thumbnail","6":"product_brand-replique-manga-cine","7":"product_cat-berserk","8":"product_cat-repliques-manga-jeux-video","10":"first","11":"instock","12":"taxable","13":"shipping-taxable","14":"purchasable","15":"product-type-simple"},"yoast_head":"<!-- This site is optimized with the Yoast SEO plugin v27.4 - https:\/\/yoast.com\/product\/yoast-seo-wordpress\/ -->\n<title>\u00c9p\u00e9e de Guts Dragon Slayer - Berserk - R\u00e9plique Manga Cin\u00e9<\/title>\n<meta name=\"description\" content=\"\u00c9poustouflante cette \u00c9p\u00e9e de Guts en taille r\u00e9elle dans Berserk. Full m\u00e9tal. Lame large double tranchant. Longueur totale : 150 cm - Poids : 7260 g\" \/>\n<meta name=\"robots\" content=\"index, follow, max-snippet:-1, max-image-preview:large, max-video-preview:-1\" \/>\n<link rel=\"canonical\" href=\"https:\/\/repliquemangacine.fr\/es\/berserk\/espada-dragon-slayer-berserk-guts\/\" \/>\n<meta property=\"og:locale\" content=\"es_ES\" \/>\n<meta property=\"og:type\" content=\"article\" \/>\n<meta property=\"og:title\" content=\"\u00c9p\u00e9e de Guts Dragon Slayer - Berserk - R\u00e9plique Manga Cin\u00e9\" \/>\n<meta property=\"og:description\" content=\"\u00c9poustouflante cette \u00c9p\u00e9e de Guts en taille r\u00e9elle dans Berserk. Full m\u00e9tal. Lame large double tranchant. Longueur totale : 150 cm - Poids : 7260 g\" \/>\n<meta property=\"og:url\" content=\"https:\/\/repliquemangacine.fr\/es\/berserk\/espada-dragon-slayer-berserk-guts\/\" \/>\n<meta property=\"og:site_name\" content=\"R\u00e9plique Manga Cin\u00e9\" \/>\n<meta property=\"article:publisher\" content=\"https:\/\/www.facebook.com\/RepliqueMangaCine\" \/>\n<meta property=\"article:modified_time\" content=\"2026-04-01T16:28:33+00:00\" \/>\n<meta property=\"og:image\" content=\"https:\/\/repliquemangacine.fr\/wp-content\/uploads\/2025\/01\/Epee-de-Guts-Dragon-Slayer-Berserk.jpg\" \/>\n\t<meta property=\"og:image:width\" content=\"500\" \/>\n\t<meta property=\"og:image:height\" content=\"500\" \/>\n\t<meta property=\"og:image:type\" content=\"image\/jpeg\" \/>\n<meta name=\"twitter:card\" content=\"summary_large_image\" \/>\n<meta name=\"twitter:label1\" content=\"Tiempo de lectura\" \/>\n\t<meta name=\"twitter:data1\" content=\"3 minutos\" \/>\n<script type=\"application\/ld+json\" class=\"yoast-schema-graph\">{\"@context\":\"https:\\\/\\\/schema.org\",\"@graph\":[{\"@type\":\"WebPage\",\"@id\":\"https:\\\/\\\/repliquemangacine.fr\\\/berserk\\\/epee-de-guts-dragon-slayer-berserk\\\/\",\"url\":\"https:\\\/\\\/repliquemangacine.fr\\\/berserk\\\/epee-de-guts-dragon-slayer-berserk\\\/\",\"name\":\"\u00c9p\u00e9e de Guts Dragon Slayer - Berserk - R\u00e9plique Manga Cin\u00e9\",\"isPartOf\":{\"@id\":\"https:\\\/\\\/repliquemangacine.fr\\\/#website\"},\"primaryImageOfPage\":{\"@id\":\"https:\\\/\\\/repliquemangacine.fr\\\/berserk\\\/epee-de-guts-dragon-slayer-berserk\\\/#primaryimage\"},\"image\":{\"@id\":\"https:\\\/\\\/repliquemangacine.fr\\\/berserk\\\/epee-de-guts-dragon-slayer-berserk\\\/#primaryimage\"},\"thumbnailUrl\":\"https:\\\/\\\/repliquemangacine.fr\\\/wp-content\\\/uploads\\\/2025\\\/01\\\/Epee-de-Guts-Dragon-Slayer-Berserk.jpg\",\"datePublished\":\"2025-01-08T21:13:53+00:00\",\"dateModified\":\"2026-04-01T16:28:33+00:00\",\"description\":\"\u00c9poustouflante cette \u00c9p\u00e9e de Guts en taille r\u00e9elle dans Berserk. Full m\u00e9tal. Lame large double tranchant. Longueur totale : 150 cm - Poids : 7260 g\",\"breadcrumb\":{\"@id\":\"https:\\\/\\\/repliquemangacine.fr\\\/berserk\\\/epee-de-guts-dragon-slayer-berserk\\\/#breadcrumb\"},\"inLanguage\":\"es\",\"potentialAction\":[{\"@type\":\"ReadAction\",\"target\":[\"https:\\\/\\\/repliquemangacine.fr\\\/berserk\\\/epee-de-guts-dragon-slayer-berserk\\\/\"]}]},{\"@type\":\"ImageObject\",\"inLanguage\":\"es\",\"@id\":\"https:\\\/\\\/repliquemangacine.fr\\\/berserk\\\/epee-de-guts-dragon-slayer-berserk\\\/#primaryimage\",\"url\":\"https:\\\/\\\/repliquemangacine.fr\\\/wp-content\\\/uploads\\\/2025\\\/01\\\/Epee-de-Guts-Dragon-Slayer-Berserk.jpg\",\"contentUrl\":\"https:\\\/\\\/repliquemangacine.fr\\\/wp-content\\\/uploads\\\/2025\\\/01\\\/Epee-de-Guts-Dragon-Slayer-Berserk.jpg\",\"width\":500,\"height\":500,\"caption\":\"\u00c9p\u00e9e de Guts Dragon Slayer - Berserk\"},{\"@type\":\"BreadcrumbList\",\"@id\":\"https:\\\/\\\/repliquemangacine.fr\\\/berserk\\\/epee-de-guts-dragon-slayer-berserk\\\/#breadcrumb\",\"itemListElement\":[{\"@type\":\"ListItem\",\"position\":1,\"name\":\"Accueil\",\"item\":\"https:\\\/\\\/repliquemangacine.fr\\\/\"},{\"@type\":\"ListItem\",\"position\":2,\"name\":\"Produits\",\"item\":\"https:\\\/\\\/repliquemangacine.fr\\\/boutique\\\/\"},{\"@type\":\"ListItem\",\"position\":3,\"name\":\"\u00c9p\u00e9e de Guts Dragon Slayer &#8211; Berserk\"}]},{\"@type\":\"WebSite\",\"@id\":\"https:\\\/\\\/repliquemangacine.fr\\\/#website\",\"url\":\"https:\\\/\\\/repliquemangacine.fr\\\/\",\"name\":\"R\u00e9plique Manga Cin\u00e9\",\"description\":\"\",\"publisher\":{\"@id\":\"https:\\\/\\\/repliquemangacine.fr\\\/#organization\"},\"potentialAction\":[{\"@type\":\"SearchAction\",\"target\":{\"@type\":\"EntryPoint\",\"urlTemplate\":\"https:\\\/\\\/repliquemangacine.fr\\\/?s={search_term_string}\"},\"query-input\":{\"@type\":\"PropertyValueSpecification\",\"valueRequired\":true,\"valueName\":\"search_term_string\"}}],\"inLanguage\":\"es\"},{\"@type\":\"Organization\",\"@id\":\"https:\\\/\\\/repliquemangacine.fr\\\/#organization\",\"name\":\"R\u00e9plique Manga Cin\u00e9\",\"url\":\"https:\\\/\\\/repliquemangacine.fr\\\/\",\"logo\":{\"@type\":\"ImageObject\",\"inLanguage\":\"es\",\"@id\":\"https:\\\/\\\/repliquemangacine.fr\\\/#\\\/schema\\\/logo\\\/image\\\/\",\"url\":\"https:\\\/\\\/repliquemangacine.fr\\\/wp-content\\\/uploads\\\/2023\\\/10\\\/RMC-500250.png\",\"contentUrl\":\"https:\\\/\\\/repliquemangacine.fr\\\/wp-content\\\/uploads\\\/2023\\\/10\\\/RMC-500250.png\",\"width\":500,\"height\":250,\"caption\":\"R\u00e9plique Manga Cin\u00e9\"},\"image\":{\"@id\":\"https:\\\/\\\/repliquemangacine.fr\\\/#\\\/schema\\\/logo\\\/image\\\/\"},\"sameAs\":[\"https:\\\/\\\/www.facebook.com\\\/RepliqueMangaCine\",\"https:\\\/\\\/www.instagram.com\\\/repliquemangacine.fr\\\/\"]}]}<\/script>\n<!-- \/ Yoast SEO plugin. -->","yoast_head_json":{"title":"Espada Tripa Cazadragones - Berserk - R\u00e9plique Manga Cin\u00e9","description":"Impresionante Espada de Tripas a tama\u00f1o real en Berserk. Completamente met\u00e1lica. Hoja ancha de doble filo. Longitud total: 150 cm - Peso: 7260 g","robots":{"index":"index","follow":"follow","max-snippet":"max-snippet:-1","max-image-preview":"max-image-preview:large","max-video-preview":"max-video-preview:-1"},"canonical":"https:\/\/repliquemangacine.fr\/es\/berserk\/espada-dragon-slayer-berserk-guts\/","og_locale":"es_ES","og_type":"article","og_title":"\u00c9p\u00e9e de Guts Dragon Slayer - Berserk - R\u00e9plique Manga Cin\u00e9","og_description":"\u00c9poustouflante cette \u00c9p\u00e9e de Guts en taille r\u00e9elle dans Berserk. Full m\u00e9tal. Lame large double tranchant. Longueur totale : 150 cm - Poids : 7260 g","og_url":"https:\/\/repliquemangacine.fr\/es\/berserk\/espada-dragon-slayer-berserk-guts\/","og_site_name":"R\u00e9plique Manga Cin\u00e9","article_publisher":"https:\/\/www.facebook.com\/RepliqueMangaCine","article_modified_time":"2026-04-01T16:28:33+00:00","og_image":[{"width":500,"height":500,"url":"https:\/\/repliquemangacine.fr\/wp-content\/uploads\/2025\/01\/Epee-de-Guts-Dragon-Slayer-Berserk.jpg","type":"image\/jpeg"}],"twitter_card":"summary_large_image","twitter_misc":{"Tiempo de lectura":"3 minutos"},"schema":{"@context":"https:\/\/schema.org","@graph":[{"@type":"WebPage","@id":"https:\/\/repliquemangacine.fr\/berserk\/epee-de-guts-dragon-slayer-berserk\/","url":"https:\/\/repliquemangacine.fr\/berserk\/epee-de-guts-dragon-slayer-berserk\/","name":"Espada Tripa Cazadragones - Berserk - R\u00e9plique Manga Cin\u00e9","isPartOf":{"@id":"https:\/\/repliquemangacine.fr\/#website"},"primaryImageOfPage":{"@id":"https:\/\/repliquemangacine.fr\/berserk\/epee-de-guts-dragon-slayer-berserk\/#primaryimage"},"image":{"@id":"https:\/\/repliquemangacine.fr\/berserk\/epee-de-guts-dragon-slayer-berserk\/#primaryimage"},"thumbnailUrl":"https:\/\/repliquemangacine.fr\/wp-content\/uploads\/2025\/01\/Epee-de-Guts-Dragon-Slayer-Berserk.jpg","datePublished":"2025-01-08T21:13:53+00:00","dateModified":"2026-04-01T16:28:33+00:00","description":"Impresionante Espada de Tripas a tama\u00f1o real en Berserk. Completamente met\u00e1lica. Hoja ancha de doble filo. Longitud total: 150 cm - Peso: 7260 g","breadcrumb":{"@id":"https:\/\/repliquemangacine.fr\/berserk\/epee-de-guts-dragon-slayer-berserk\/#breadcrumb"},"inLanguage":"es","potentialAction":[{"@type":"ReadAction","target":["https:\/\/repliquemangacine.fr\/berserk\/epee-de-guts-dragon-slayer-berserk\/"]}]},{"@type":"ImageObject","inLanguage":"es","@id":"https:\/\/repliquemangacine.fr\/berserk\/epee-de-guts-dragon-slayer-berserk\/#primaryimage","url":"https:\/\/repliquemangacine.fr\/wp-content\/uploads\/2025\/01\/Epee-de-Guts-Dragon-Slayer-Berserk.jpg","contentUrl":"https:\/\/repliquemangacine.fr\/wp-content\/uploads\/2025\/01\/Epee-de-Guts-Dragon-Slayer-Berserk.jpg","width":500,"height":500,"caption":"\u00c9p\u00e9e de Guts Dragon Slayer - Berserk"},{"@type":"BreadcrumbList","@id":"https:\/\/repliquemangacine.fr\/berserk\/epee-de-guts-dragon-slayer-berserk\/#breadcrumb","itemListElement":[{"@type":"ListItem","position":1,"name":"Accueil","item":"https:\/\/repliquemangacine.fr\/"},{"@type":"ListItem","position":2,"name":"Produits","item":"https:\/\/repliquemangacine.fr\/boutique\/"},{"@type":"ListItem","position":3,"name":"\u00c9p\u00e9e de Guts Dragon Slayer &#8211; Berserk"}]},{"@type":"WebSite","@id":"https:\/\/repliquemangacine.fr\/#website","url":"https:\/\/repliquemangacine.fr\/","name":"R\u00e9plique Manga Cin\u00e9","description":"","publisher":{"@id":"https:\/\/repliquemangacine.fr\/#organization"},"potentialAction":[{"@type":"SearchAction","target":{"@type":"EntryPoint","urlTemplate":"https:\/\/repliquemangacine.fr\/?s={search_term_string}"},"query-input":{"@type":"PropertyValueSpecification","valueRequired":true,"valueName":"search_term_string"}}],"inLanguage":"es"},{"@type":"Organization","@id":"https:\/\/repliquemangacine.fr\/#organization","name":"R\u00e9plique Manga Cin\u00e9","url":"https:\/\/repliquemangacine.fr\/","logo":{"@type":"ImageObject","inLanguage":"es","@id":"https:\/\/repliquemangacine.fr\/#\/schema\/logo\/image\/","url":"https:\/\/repliquemangacine.fr\/wp-content\/uploads\/2023\/10\/RMC-500250.png","contentUrl":"https:\/\/repliquemangacine.fr\/wp-content\/uploads\/2023\/10\/RMC-500250.png","width":500,"height":250,"caption":"R\u00e9plique Manga Cin\u00e9"},"image":{"@id":"https:\/\/repliquemangacine.fr\/#\/schema\/logo\/image\/"},"sameAs":["https:\/\/www.facebook.com\/RepliqueMangaCine","https:\/\/www.instagram.com\/repliquemangacine.fr\/"]}]}},"_links":{"self":[{"href":"https:\/\/repliquemangacine.fr\/es\/wp-json\/wp\/v2\/product\/81049","targetHints":{"allow":["GET"]}}],"collection":[{"href":"https:\/\/repliquemangacine.fr\/es\/wp-json\/wp\/v2\/product"}],"about":[{"href":"https:\/\/repliquemangacine.fr\/es\/wp-json\/wp\/v2\/types\/product"}],"wp:featuredmedia":[{"embeddable":true,"href":"https:\/\/repliquemangacine.fr\/es\/wp-json\/wp\/v2\/media\/81050"}],"wp:attachment":[{"href":"https:\/\/repliquemangacine.fr\/es\/wp-json\/wp\/v2\/media?parent=81049"}],"wp:term":[{"taxonomy":"product_brand","embeddable":true,"href":"https:\/\/repliquemangacine.fr\/es\/wp-json\/wp\/v2\/product_brand?post=81049"},{"taxonomy":"product_cat","embeddable":true,"href":"https:\/\/repliquemangacine.fr\/es\/wp-json\/wp\/v2\/product_cat?post=81049"},{"taxonomy":"product_tag","embeddable":true,"href":"https:\/\/repliquemangacine.fr\/es\/wp-json\/wp\/v2\/product_tag?post=81049"}],"curies":[{"name":"wp","href":"https:\/\/api.w.org\/{rel}","templated":true}]}}