





{"id":79532,"date":"2024-12-08T21:17:01","date_gmt":"2024-12-08T20:17:01","guid":{"rendered":"https:\/\/repliquemangacine.fr\/?post_type=product&#038;p=79532"},"modified":"2026-04-15T10:34:07","modified_gmt":"2026-04-15T08:34:07","slug":"lanza-celestial-de-toji-jujutsu-kaisen","status":"publish","type":"product","link":"https:\/\/repliquemangacine.fr\/es\/jujutsu-kaisen\/lance-celeste-de-toji-jujutsu-kaisen\/","title":{"rendered":"Lanza Celestial de Toji - Jujutsu Kaisen"},"content":{"rendered":"<h2>Una r\u00e9plica fiel y formidable: Lanza Celestial de Toji - Jujutsu Kaisen<\/h2>\n<p>En primer lugar, esta sublime r\u00e9plica del <strong>Lanza Celestial de Toji<\/strong> Impresiona por su hoja de acero con un magn\u00edfico efecto martillado aut\u00e9ntico. En la parte superior de la hoja, un ideograma dorado llama inmediatamente la atenci\u00f3n y refuerza la autenticidad de esta arma legendaria. La guarda y el pomo est\u00e1n fabricados en metal s\u00f3lido, para un acabado realista, duradero y una agradable sensaci\u00f3n en la mano. Mango de metal, recubierto de imitaci\u00f3n de cuero marr\u00f3n que garantiza comodidad, estabilidad y un agarre \u00f3ptimo durante el uso. Adem\u00e1s, en el extremo del pomo, una cadena met\u00e1lica a\u00f1ade car\u00e1cter al conjunto y respeta perfectamente el dise\u00f1o original del manga. Se entrega con su funda de cuero, pr\u00e1ctica y elegante, ideal para una exposici\u00f3n o un cosplay de alto nivel.<\/p>\n<p>Un arma fiel, envolvente y elegante que aporta potencia y realismo a cualquier colecci\u00f3n dedicada al manga o al anime. A\u00f1ade esta pieza \u00fanica a tu vitrina y siente toda la fuerza del m\u00edtico personaje del universo Jujutsu Kaisen.<\/p>\n<h2>Toji Fushiguro y su lanza celestial: un arma digna de su poder<\/h2>\n<p>Toji Fushiguro, apodado \u201cel asesino de brujos\u201d, impresiona por su fuerza bruta y su estilo de lucha implacable. Sin energ\u00eda oculta, domina a los usuarios de maldiciones gracias a su f\u00edsico sobrehumano y sus temibles t\u00e9cnicas. Su Lanza Celestial se convierte r\u00e1pidamente en un s\u00edmbolo.<\/p>\n<p>En el anime <a href=\"https:\/\/jujutsu-kaisen.fandom.com\/fr\/wiki\/Wiki_Jujutsu_Kaisen\" target=\"_blank\" rel=\"noopener noreferrer\">Jujutsu Kaisen<\/a>, simboliza a la perfecci\u00f3n el contraste entre su falta de energ\u00eda oculta y su dominio absoluto del cuerpo. Cada combate en el que aparece es espectacular, impulsado por el aura g\u00e9lida e implacable del misterioso y peligroso Toji Fushiguro. Su manejo preciso y brutal confiere a cada escena una tensi\u00f3n \u00fanica, en la que la lanza se convierte en una extensi\u00f3n de su voluntad asesina.<br \/>\nEsta arma impresiona a los fans tanto por su eficacia como por el aura oscura y fascinante que rodea al personaje. Poseer esta r\u00e9plica es apropiarse de un fragmento del universo Jujutsu Kaisen y sentir todo el poder de un guerrero solitario.<\/p>\n<h2>R\u00e9plique Manga Cin\u00e9: todas las armas de culto de los mejores mangas animados<\/h2>\n<p>En nuestra p\u00e1gina web R\u00e9plique Manga Cin\u00e9 encontrar\u00e1s una incre\u00edble selecci\u00f3n de armas procedentes de los animes y mangas m\u00e1s populares. Ofrecemos las legendarias katanas de Demon Slayer, fieles a las espadas de los cazadores de demonios. Las katanas de One Piece, como Enma o Wado Ichimonji, tambi\u00e9n est\u00e1n disponibles, perfectas para los fans de Roronoa Zoro. Las emblem\u00e1ticas espadas de Bleach, como las de Ichigo o Byakuya, tambi\u00e9n forman parte de nuestro prestigioso cat\u00e1logo.<\/p>\n<p>Tambi\u00e9n existe la <a href=\"https:\/\/repliquemangacine.fr\/es\/katana-y-manga-espada-anime-otros-manga\/daga-del-demonio-de-la-matanza\/\">Pu\u00f1al del demonio de la matanza<\/a> de Yuji Itadori, utilizado para cortar maldiciones en Jujutsu Kaisen. As\u00ed como el famoso <a href=\"https:\/\/repliquemangacine.fr\/es\/katana-y-manga-espada-anime-otros-manga\/xeno-trunks-dbz-dragon-ball-z-espada\/\">La espada de Trunks<\/a> en Dragon Ball Z, reconocible al instante por su estilizada guardia futurista. Sin olvidar el<a href=\"https:\/\/repliquemangacine.fr\/es\/katana-y-manga-espada-anime-otros-manga\/thundercats-espada-omens-cosmocats-starlion-espada\/\">sword Omens de Cosmocats<\/a>, pieza m\u00edtica para los nost\u00e1lgicos de los dibujos animados de culto de los a\u00f1os 80.<\/p>\n<p>En conclusi\u00f3n, R\u00e9plique Manga Cin\u00e9 es la referencia para coleccionistas exigentes, aficionados al shonen y amantes de la cultura japonesa. Explore nuestra tienda y descubra un mundo en el que la animaci\u00f3n cobra vida a trav\u00e9s de r\u00e9plicas excepcionales, listas para ser expuestas.<\/p>","protected":false},"excerpt":{"rendered":"<p>La magn\u00edfica Lanza Celestial de Toji en el manga animado Jujutsu Kaisen.<\/p>\n<ul>\n<li>Hoja de acero con efecto martillado.<\/li>\n<li>Ideograma dorado en la parte superior de la hoja<\/li>\n<li>Empu\u00f1adura y pomo de metal<\/li>\n<li>Mango met\u00e1lico recubierto de imitaci\u00f3n de cuero marr\u00f3n para un agarre seguro.<\/li>\n<li>Cadena en el extremo del pomo<\/li>\n<li>Se suministra con funda de cuero<\/li>\n<li>Longitud de la hoja: 31 cm - Longitud total: 57,5 cm<\/li>\n<li>Peso : 975 gr<\/li>\n<\/ul>","protected":false},"featured_media":79534,"template":"","meta":[],"product_brand":[896],"product_cat":[879,23],"product_tag":[],"class_list":{"0":"post-79532","1":"product","2":"type-product","3":"status-publish","4":"has-post-thumbnail","6":"product_brand-replique-manga-cine","7":"product_cat-jujutsu-kaisen","8":"product_cat-repliques-manga-jeux-video","10":"first","11":"instock","12":"taxable","13":"shipping-taxable","14":"purchasable","15":"product-type-simple"},"yoast_head":"<!-- This site is optimized with the Yoast SEO plugin v27.4 - https:\/\/yoast.com\/product\/yoast-seo-wordpress\/ -->\n<title>Lance C\u00e9leste de Toji - Jujutsu Kaisen - R\u00e9plique Manga Cin\u00e9<\/title>\n<meta name=\"description\" content=\"Magnifique Lance Celeste de Toji dans Jujutsu Kaisen dans sa version luxe. Lame en acier effet martel\u00e9. Garde m\u00e9tal. Chainette. Fourreau en cuir. 57.5 cm\" \/>\n<meta name=\"robots\" content=\"index, follow, max-snippet:-1, max-image-preview:large, max-video-preview:-1\" \/>\n<link rel=\"canonical\" href=\"https:\/\/repliquemangacine.fr\/es\/jujutsu-kaisen\/lanza-celestial-de-toji-jujutsu-kaisen\/\" \/>\n<meta property=\"og:locale\" content=\"es_ES\" \/>\n<meta property=\"og:type\" content=\"article\" \/>\n<meta property=\"og:title\" content=\"Lance C\u00e9leste de Toji - Jujutsu Kaisen - R\u00e9plique Manga Cin\u00e9\" \/>\n<meta property=\"og:description\" content=\"Magnifique Lance Celeste de Toji dans Jujutsu Kaisen dans sa version luxe. Lame en acier effet martel\u00e9. Garde m\u00e9tal. Chainette. Fourreau en cuir. 57.5 cm\" \/>\n<meta property=\"og:url\" content=\"https:\/\/repliquemangacine.fr\/es\/jujutsu-kaisen\/lanza-celestial-de-toji-jujutsu-kaisen\/\" \/>\n<meta property=\"og:site_name\" content=\"R\u00e9plique Manga Cin\u00e9\" \/>\n<meta property=\"article:publisher\" content=\"https:\/\/www.facebook.com\/RepliqueMangaCine\" \/>\n<meta property=\"article:modified_time\" content=\"2026-04-15T08:34:07+00:00\" \/>\n<meta property=\"og:image\" content=\"https:\/\/repliquemangacine.fr\/wp-content\/uploads\/2024\/12\/Lance-Celeste-de-Toji-Jujutsu-Kaisen.jpg\" \/>\n\t<meta property=\"og:image:width\" content=\"510\" \/>\n\t<meta property=\"og:image:height\" content=\"510\" \/>\n\t<meta property=\"og:image:type\" content=\"image\/jpeg\" \/>\n<meta name=\"twitter:card\" content=\"summary_large_image\" \/>\n<meta name=\"twitter:label1\" content=\"Tiempo de lectura\" \/>\n\t<meta name=\"twitter:data1\" content=\"3 minutos\" \/>\n<script type=\"application\/ld+json\" class=\"yoast-schema-graph\">{\"@context\":\"https:\\\/\\\/schema.org\",\"@graph\":[{\"@type\":\"WebPage\",\"@id\":\"https:\\\/\\\/repliquemangacine.fr\\\/jujutsu-kaisen\\\/lance-celeste-de-toji-jujutsu-kaisen\\\/\",\"url\":\"https:\\\/\\\/repliquemangacine.fr\\\/jujutsu-kaisen\\\/lance-celeste-de-toji-jujutsu-kaisen\\\/\",\"name\":\"Lance C\u00e9leste de Toji - Jujutsu Kaisen - R\u00e9plique Manga Cin\u00e9\",\"isPartOf\":{\"@id\":\"https:\\\/\\\/repliquemangacine.fr\\\/#website\"},\"primaryImageOfPage\":{\"@id\":\"https:\\\/\\\/repliquemangacine.fr\\\/jujutsu-kaisen\\\/lance-celeste-de-toji-jujutsu-kaisen\\\/#primaryimage\"},\"image\":{\"@id\":\"https:\\\/\\\/repliquemangacine.fr\\\/jujutsu-kaisen\\\/lance-celeste-de-toji-jujutsu-kaisen\\\/#primaryimage\"},\"thumbnailUrl\":\"https:\\\/\\\/repliquemangacine.fr\\\/wp-content\\\/uploads\\\/2024\\\/12\\\/Lance-Celeste-de-Toji-Jujutsu-Kaisen.jpg\",\"datePublished\":\"2024-12-08T20:17:01+00:00\",\"dateModified\":\"2026-04-15T08:34:07+00:00\",\"description\":\"Magnifique Lance Celeste de Toji dans Jujutsu Kaisen dans sa version luxe. Lame en acier effet martel\u00e9. Garde m\u00e9tal. Chainette. Fourreau en cuir. 57.5 cm\",\"breadcrumb\":{\"@id\":\"https:\\\/\\\/repliquemangacine.fr\\\/jujutsu-kaisen\\\/lance-celeste-de-toji-jujutsu-kaisen\\\/#breadcrumb\"},\"inLanguage\":\"es\",\"potentialAction\":[{\"@type\":\"ReadAction\",\"target\":[\"https:\\\/\\\/repliquemangacine.fr\\\/jujutsu-kaisen\\\/lance-celeste-de-toji-jujutsu-kaisen\\\/\"]}]},{\"@type\":\"ImageObject\",\"inLanguage\":\"es\",\"@id\":\"https:\\\/\\\/repliquemangacine.fr\\\/jujutsu-kaisen\\\/lance-celeste-de-toji-jujutsu-kaisen\\\/#primaryimage\",\"url\":\"https:\\\/\\\/repliquemangacine.fr\\\/wp-content\\\/uploads\\\/2024\\\/12\\\/Lance-Celeste-de-Toji-Jujutsu-Kaisen.jpg\",\"contentUrl\":\"https:\\\/\\\/repliquemangacine.fr\\\/wp-content\\\/uploads\\\/2024\\\/12\\\/Lance-Celeste-de-Toji-Jujutsu-Kaisen.jpg\",\"width\":510,\"height\":510,\"caption\":\"Lance Celeste de Toji - Jujutsu Kaisen\"},{\"@type\":\"BreadcrumbList\",\"@id\":\"https:\\\/\\\/repliquemangacine.fr\\\/jujutsu-kaisen\\\/lance-celeste-de-toji-jujutsu-kaisen\\\/#breadcrumb\",\"itemListElement\":[{\"@type\":\"ListItem\",\"position\":1,\"name\":\"Accueil\",\"item\":\"https:\\\/\\\/repliquemangacine.fr\\\/\"},{\"@type\":\"ListItem\",\"position\":2,\"name\":\"Produits\",\"item\":\"https:\\\/\\\/repliquemangacine.fr\\\/boutique\\\/\"},{\"@type\":\"ListItem\",\"position\":3,\"name\":\"Lance C\u00e9leste de Toji &#8211; Jujutsu Kaisen\"}]},{\"@type\":\"WebSite\",\"@id\":\"https:\\\/\\\/repliquemangacine.fr\\\/#website\",\"url\":\"https:\\\/\\\/repliquemangacine.fr\\\/\",\"name\":\"R\u00e9plique Manga Cin\u00e9\",\"description\":\"\",\"publisher\":{\"@id\":\"https:\\\/\\\/repliquemangacine.fr\\\/#organization\"},\"potentialAction\":[{\"@type\":\"SearchAction\",\"target\":{\"@type\":\"EntryPoint\",\"urlTemplate\":\"https:\\\/\\\/repliquemangacine.fr\\\/?s={search_term_string}\"},\"query-input\":{\"@type\":\"PropertyValueSpecification\",\"valueRequired\":true,\"valueName\":\"search_term_string\"}}],\"inLanguage\":\"es\"},{\"@type\":\"Organization\",\"@id\":\"https:\\\/\\\/repliquemangacine.fr\\\/#organization\",\"name\":\"R\u00e9plique Manga Cin\u00e9\",\"url\":\"https:\\\/\\\/repliquemangacine.fr\\\/\",\"logo\":{\"@type\":\"ImageObject\",\"inLanguage\":\"es\",\"@id\":\"https:\\\/\\\/repliquemangacine.fr\\\/#\\\/schema\\\/logo\\\/image\\\/\",\"url\":\"https:\\\/\\\/repliquemangacine.fr\\\/wp-content\\\/uploads\\\/2023\\\/10\\\/RMC-500250.png\",\"contentUrl\":\"https:\\\/\\\/repliquemangacine.fr\\\/wp-content\\\/uploads\\\/2023\\\/10\\\/RMC-500250.png\",\"width\":500,\"height\":250,\"caption\":\"R\u00e9plique Manga Cin\u00e9\"},\"image\":{\"@id\":\"https:\\\/\\\/repliquemangacine.fr\\\/#\\\/schema\\\/logo\\\/image\\\/\"},\"sameAs\":[\"https:\\\/\\\/www.facebook.com\\\/RepliqueMangaCine\",\"https:\\\/\\\/www.instagram.com\\\/repliquemangacine.fr\\\/\"]}]}<\/script>\n<!-- \/ Yoast SEO plugin. -->","yoast_head_json":{"title":"Lanza Celestial de Toji - Jujutsu Kaisen - R\u00e9plique Manga Cin\u00e9","description":"Magn\u00edfica lanza celestial de Toji en Jujutsu Kaisen en su versi\u00f3n de lujo. Hoja de acero con efecto martillado. Guarda de metal. Cadena. Funda de cuero. 57,5 cm","robots":{"index":"index","follow":"follow","max-snippet":"max-snippet:-1","max-image-preview":"max-image-preview:large","max-video-preview":"max-video-preview:-1"},"canonical":"https:\/\/repliquemangacine.fr\/es\/jujutsu-kaisen\/lanza-celestial-de-toji-jujutsu-kaisen\/","og_locale":"es_ES","og_type":"article","og_title":"Lance C\u00e9leste de Toji - Jujutsu Kaisen - R\u00e9plique Manga Cin\u00e9","og_description":"Magnifique Lance Celeste de Toji dans Jujutsu Kaisen dans sa version luxe. Lame en acier effet martel\u00e9. Garde m\u00e9tal. Chainette. Fourreau en cuir. 57.5 cm","og_url":"https:\/\/repliquemangacine.fr\/es\/jujutsu-kaisen\/lanza-celestial-de-toji-jujutsu-kaisen\/","og_site_name":"R\u00e9plique Manga Cin\u00e9","article_publisher":"https:\/\/www.facebook.com\/RepliqueMangaCine","article_modified_time":"2026-04-15T08:34:07+00:00","og_image":[{"width":510,"height":510,"url":"https:\/\/repliquemangacine.fr\/wp-content\/uploads\/2024\/12\/Lance-Celeste-de-Toji-Jujutsu-Kaisen.jpg","type":"image\/jpeg"}],"twitter_card":"summary_large_image","twitter_misc":{"Tiempo de lectura":"3 minutos"},"schema":{"@context":"https:\/\/schema.org","@graph":[{"@type":"WebPage","@id":"https:\/\/repliquemangacine.fr\/jujutsu-kaisen\/lance-celeste-de-toji-jujutsu-kaisen\/","url":"https:\/\/repliquemangacine.fr\/jujutsu-kaisen\/lance-celeste-de-toji-jujutsu-kaisen\/","name":"Lanza Celestial de Toji - Jujutsu Kaisen - R\u00e9plique Manga Cin\u00e9","isPartOf":{"@id":"https:\/\/repliquemangacine.fr\/#website"},"primaryImageOfPage":{"@id":"https:\/\/repliquemangacine.fr\/jujutsu-kaisen\/lance-celeste-de-toji-jujutsu-kaisen\/#primaryimage"},"image":{"@id":"https:\/\/repliquemangacine.fr\/jujutsu-kaisen\/lance-celeste-de-toji-jujutsu-kaisen\/#primaryimage"},"thumbnailUrl":"https:\/\/repliquemangacine.fr\/wp-content\/uploads\/2024\/12\/Lance-Celeste-de-Toji-Jujutsu-Kaisen.jpg","datePublished":"2024-12-08T20:17:01+00:00","dateModified":"2026-04-15T08:34:07+00:00","description":"Magn\u00edfica lanza celestial de Toji en Jujutsu Kaisen en su versi\u00f3n de lujo. Hoja de acero con efecto martillado. Guarda de metal. Cadena. Funda de cuero. 57,5 cm","breadcrumb":{"@id":"https:\/\/repliquemangacine.fr\/jujutsu-kaisen\/lance-celeste-de-toji-jujutsu-kaisen\/#breadcrumb"},"inLanguage":"es","potentialAction":[{"@type":"ReadAction","target":["https:\/\/repliquemangacine.fr\/jujutsu-kaisen\/lance-celeste-de-toji-jujutsu-kaisen\/"]}]},{"@type":"ImageObject","inLanguage":"es","@id":"https:\/\/repliquemangacine.fr\/jujutsu-kaisen\/lance-celeste-de-toji-jujutsu-kaisen\/#primaryimage","url":"https:\/\/repliquemangacine.fr\/wp-content\/uploads\/2024\/12\/Lance-Celeste-de-Toji-Jujutsu-Kaisen.jpg","contentUrl":"https:\/\/repliquemangacine.fr\/wp-content\/uploads\/2024\/12\/Lance-Celeste-de-Toji-Jujutsu-Kaisen.jpg","width":510,"height":510,"caption":"Lance Celeste de Toji - Jujutsu Kaisen"},{"@type":"BreadcrumbList","@id":"https:\/\/repliquemangacine.fr\/jujutsu-kaisen\/lance-celeste-de-toji-jujutsu-kaisen\/#breadcrumb","itemListElement":[{"@type":"ListItem","position":1,"name":"Accueil","item":"https:\/\/repliquemangacine.fr\/"},{"@type":"ListItem","position":2,"name":"Produits","item":"https:\/\/repliquemangacine.fr\/boutique\/"},{"@type":"ListItem","position":3,"name":"Lance C\u00e9leste de Toji &#8211; Jujutsu Kaisen"}]},{"@type":"WebSite","@id":"https:\/\/repliquemangacine.fr\/#website","url":"https:\/\/repliquemangacine.fr\/","name":"R\u00e9plique Manga Cin\u00e9","description":"","publisher":{"@id":"https:\/\/repliquemangacine.fr\/#organization"},"potentialAction":[{"@type":"SearchAction","target":{"@type":"EntryPoint","urlTemplate":"https:\/\/repliquemangacine.fr\/?s={search_term_string}"},"query-input":{"@type":"PropertyValueSpecification","valueRequired":true,"valueName":"search_term_string"}}],"inLanguage":"es"},{"@type":"Organization","@id":"https:\/\/repliquemangacine.fr\/#organization","name":"R\u00e9plique Manga Cin\u00e9","url":"https:\/\/repliquemangacine.fr\/","logo":{"@type":"ImageObject","inLanguage":"es","@id":"https:\/\/repliquemangacine.fr\/#\/schema\/logo\/image\/","url":"https:\/\/repliquemangacine.fr\/wp-content\/uploads\/2023\/10\/RMC-500250.png","contentUrl":"https:\/\/repliquemangacine.fr\/wp-content\/uploads\/2023\/10\/RMC-500250.png","width":500,"height":250,"caption":"R\u00e9plique Manga Cin\u00e9"},"image":{"@id":"https:\/\/repliquemangacine.fr\/#\/schema\/logo\/image\/"},"sameAs":["https:\/\/www.facebook.com\/RepliqueMangaCine","https:\/\/www.instagram.com\/repliquemangacine.fr\/"]}]}},"_links":{"self":[{"href":"https:\/\/repliquemangacine.fr\/es\/wp-json\/wp\/v2\/product\/79532","targetHints":{"allow":["GET"]}}],"collection":[{"href":"https:\/\/repliquemangacine.fr\/es\/wp-json\/wp\/v2\/product"}],"about":[{"href":"https:\/\/repliquemangacine.fr\/es\/wp-json\/wp\/v2\/types\/product"}],"wp:featuredmedia":[{"embeddable":true,"href":"https:\/\/repliquemangacine.fr\/es\/wp-json\/wp\/v2\/media\/79534"}],"wp:attachment":[{"href":"https:\/\/repliquemangacine.fr\/es\/wp-json\/wp\/v2\/media?parent=79532"}],"wp:term":[{"taxonomy":"product_brand","embeddable":true,"href":"https:\/\/repliquemangacine.fr\/es\/wp-json\/wp\/v2\/product_brand?post=79532"},{"taxonomy":"product_cat","embeddable":true,"href":"https:\/\/repliquemangacine.fr\/es\/wp-json\/wp\/v2\/product_cat?post=79532"},{"taxonomy":"product_tag","embeddable":true,"href":"https:\/\/repliquemangacine.fr\/es\/wp-json\/wp\/v2\/product_tag?post=79532"}],"curies":[{"name":"wp","href":"https:\/\/api.w.org\/{rel}","templated":true}]}}