





{"id":79522,"date":"2024-12-08T20:53:51","date_gmt":"2024-12-08T19:53:51","guid":{"rendered":"https:\/\/repliquemangacine.fr\/?post_type=product&#038;p=79522"},"modified":"2026-04-15T12:24:56","modified_gmt":"2026-04-15T10:24:56","slug":"kaigaku-katana-en-demon-slayer","status":"publish","type":"product","link":"https:\/\/repliquemangacine.fr\/es\/katana-demon-slayer-metal\/katana-de-kaigaku-dans-demon-slayer\/","title":{"rendered":"Katana de Kaigaku en Demon Slayer"},"content":{"rendered":"<h2>Katana de Kaigaku - Una hoja oscura con un dise\u00f1o deslumbrante<\/h2>\n<p>En primer lugar, el <strong>Katana Kaigaku<\/strong>antiguo alumno del maestro Zenitsu convertido en demonio y miembro de las Doce Lunas Demon\u00edacas, no es una excepci\u00f3n. Fiel al estilo gr\u00e1fico y a la intensidad dram\u00e1tica del anime. Esta r\u00e9plica ofrece tanto poder visual como un profundo simbolismo. Esta katana impresiona de inmediato con su hoja de acero al carbono de tres tonos, que combina delicadeza, potencia y un estilo ultralimpio. Una impresi\u00f3n de llama negra recorre la hoja, evocando a la perfecci\u00f3n el aura oscura y electrizante de Kaigaku en <a href=\"https:\/\/kimetsu-no-yaiba.fandom.com\/fr\/wiki\/Wiki_Kimetsu_no_Yaiba\" target=\"_blank\" rel=\"noopener noreferrer\">Cazador de demonios<\/a>. Su guarda de acero decorada presenta detalles cuidados, lo que refuerza el efecto visual amenazante y elegante de esta temible arma.<\/p>\n<p>Cabe destacar que, en el universo de Demon Slayer, cada katana cuenta una historia, revela una personalidad, encarna una t\u00e9cnica y deja huella. A\u00f1ade esta espada a tu colecci\u00f3n y encarna el poder oscuro de Kaigaku, el antiguo alumno convertido en demonio.<\/p>\n<h2>Kaigaku: antiguo cazavampiros convertido en demonio... y portador de una espada negra como el rayo.<\/h2>\n<p>Kaigaku, antiguo alumno del mismo maestro que Zenitsu, eligi\u00f3 un camino diferente, el de la traici\u00f3n y la oscuridad. Al convertirse en uno de los Doce Lunas Demon\u00edacas, conserva su katana, s\u00edmbolo deformado de su pasado como humano cazador de demonios. Esta katana se convierte en la expresi\u00f3n directa de su odio, su ambici\u00f3n y su voluntad de superar a sus antiguos compa\u00f1eros.<br \/>\nCada golpe que da con esta arma en el anime est\u00e1 cargado de rabia, velocidad y un estilo electrizante extraordinario.<\/p>\n<p>Esta r\u00e9plica encarna toda la tensi\u00f3n dram\u00e1tica que rodea a su personaje, dividido entre el poder, la traici\u00f3n y la rivalidad. Kaigaku simboliza los peligros de la ambici\u00f3n mal canalizada, transformada en una fuerza destructiva al servicio del mal absoluto. Poseer esta r\u00e9plica es tambi\u00e9n explorar el lado oscuro del fascinante y tr\u00e1gico universo de Demon Slayer.*<\/p>\n<h2>R\u00e9plique Manga Cin\u00e9: las mejores katanas manga en una sola tienda<\/h2>\n<p>R\u00e9plique Manga Cin\u00e9 te ofrece una amplia selecci\u00f3n de katanas inspiradas en las mejores sagas de manga y anime.  Adem\u00e1s de las numerosas katanas Demon Slayer, encontrar\u00e1s modelos para todos los personajes, desde versiones LED hasta katanas de madera. Tambi\u00e9n tenemos todas las <a href=\"https:\/\/repliquemangacine.fr\/es\/katana-de-una-pieza\/\">katanas de One Piece<\/a>Hemos creado una amplia gama de personajes de fantas\u00eda, como Enma, Wado Ichimonji y Shusui, fielmente reproducidos y acabados al m\u00e1s alto nivel. A los aficionados a la fantas\u00eda les encantar\u00e1n nuestros <a href=\"https:\/\/repliquemangacine.fr\/es\/anillo-elden\/\">Katanas Elden Ring<\/a>Nuestras espadas son oscuras, misteriosas y est\u00e1n imbuidas de un poder sobrenatural. Nuestra tienda tambi\u00e9n ofrece espadas inspiradas en la nueva ola del manga, en particular el <a href=\"https:\/\/repliquemangacine.fr\/es\/kagurabachi\/\">Katanas kagurabachi<\/a>, con un dise\u00f1o devastador.<\/p>\n<p>R\u00e9plique Manga Cin\u00e9 es la referencia para encontrar tus armas favoritas y vivir al m\u00e1ximo tus universos preferidos. A\u00f1ade ahora mismo la espada de Kaigaku a tu colecci\u00f3n y explora nuestro cat\u00e1logo en constante evoluci\u00f3n. Regularmente llegan nuevos modelos para satisfacer a los fans de los animes m\u00e1s cultos y recientes.<\/p>","protected":false},"excerpt":{"rendered":"<p>Magn\u00edfica r\u00e9plica de la Katana de Kaigaku en Demon Slayer<\/p>\n<ul>\n<li>Hoja de acero al carbono de tres tonos<\/li>\n<li>Impresi\u00f3n de llama negra en la hoja.<\/li>\n<li>Protector de acero decorado<\/li>\n<li>Vaina de madera negra.<\/li>\n<li>Longitud de la hoja: 65 cm - Longitud total: 103 cm<\/li>\n<li>Peso : 1050 gr<\/li>\n<\/ul>","protected":false},"featured_media":79526,"template":"","meta":[],"product_brand":[896],"product_cat":[63,117],"product_tag":[],"class_list":{"0":"post-79522","1":"product","2":"type-product","3":"status-publish","4":"has-post-thumbnail","6":"product_brand-replique-manga-cine","7":"product_cat-katana-demon-slayer","8":"product_cat-katana-demon-slayer-metal","10":"first","11":"instock","12":"taxable","13":"shipping-taxable","14":"purchasable","15":"product-type-simple"},"yoast_head":"<!-- This site is optimized with the Yoast SEO plugin v27.4 - https:\/\/yoast.com\/product\/yoast-seo-wordpress\/ -->\n<title>Katana de Kaigaku dans Demon Slayer - R\u00e9plique Manga Cin\u00e9<\/title>\n<meta name=\"description\" content=\"Superbe r\u00e9plique du Katana de Kaigaku dans Demon Slayer. Lame en acier carbone trois tons. Garde m\u00e9tal. Fourreau. Longueur totale : 103 cm\" \/>\n<meta name=\"robots\" content=\"index, follow, max-snippet:-1, max-image-preview:large, max-video-preview:-1\" \/>\n<link rel=\"canonical\" href=\"https:\/\/repliquemangacine.fr\/es\/katana-demon-slayer-metal\/kaigaku-katana-en-demon-slayer\/\" \/>\n<meta property=\"og:locale\" content=\"es_ES\" \/>\n<meta property=\"og:type\" content=\"article\" \/>\n<meta property=\"og:title\" content=\"Katana de Kaigaku dans Demon Slayer - R\u00e9plique Manga Cin\u00e9\" \/>\n<meta property=\"og:description\" content=\"Superbe r\u00e9plique du Katana de Kaigaku dans Demon Slayer. Lame en acier carbone trois tons. Garde m\u00e9tal. Fourreau. Longueur totale : 103 cm\" \/>\n<meta property=\"og:url\" content=\"https:\/\/repliquemangacine.fr\/es\/katana-demon-slayer-metal\/kaigaku-katana-en-demon-slayer\/\" \/>\n<meta property=\"og:site_name\" content=\"R\u00e9plique Manga Cin\u00e9\" \/>\n<meta property=\"article:publisher\" content=\"https:\/\/www.facebook.com\/RepliqueMangaCine\" \/>\n<meta property=\"article:modified_time\" content=\"2026-04-15T10:24:56+00:00\" \/>\n<meta property=\"og:image\" content=\"https:\/\/repliquemangacine.fr\/wp-content\/uploads\/2024\/12\/Katana-de-Kaigaku-dans-Demon-Slayer.jpg\" \/>\n\t<meta property=\"og:image:width\" content=\"500\" \/>\n\t<meta property=\"og:image:height\" content=\"500\" \/>\n\t<meta property=\"og:image:type\" content=\"image\/jpeg\" \/>\n<meta name=\"twitter:card\" content=\"summary_large_image\" \/>\n<meta name=\"twitter:label1\" content=\"Tiempo de lectura\" \/>\n\t<meta name=\"twitter:data1\" content=\"3 minutos\" \/>\n<script type=\"application\/ld+json\" class=\"yoast-schema-graph\">{\"@context\":\"https:\\\/\\\/schema.org\",\"@graph\":[{\"@type\":\"WebPage\",\"@id\":\"https:\\\/\\\/repliquemangacine.fr\\\/katana-demon-slayer-metal\\\/katana-de-kaigaku-dans-demon-slayer\\\/\",\"url\":\"https:\\\/\\\/repliquemangacine.fr\\\/katana-demon-slayer-metal\\\/katana-de-kaigaku-dans-demon-slayer\\\/\",\"name\":\"Katana de Kaigaku dans Demon Slayer - R\u00e9plique Manga Cin\u00e9\",\"isPartOf\":{\"@id\":\"https:\\\/\\\/repliquemangacine.fr\\\/#website\"},\"primaryImageOfPage\":{\"@id\":\"https:\\\/\\\/repliquemangacine.fr\\\/katana-demon-slayer-metal\\\/katana-de-kaigaku-dans-demon-slayer\\\/#primaryimage\"},\"image\":{\"@id\":\"https:\\\/\\\/repliquemangacine.fr\\\/katana-demon-slayer-metal\\\/katana-de-kaigaku-dans-demon-slayer\\\/#primaryimage\"},\"thumbnailUrl\":\"https:\\\/\\\/repliquemangacine.fr\\\/wp-content\\\/uploads\\\/2024\\\/12\\\/Katana-de-Kaigaku-dans-Demon-Slayer.jpg\",\"datePublished\":\"2024-12-08T19:53:51+00:00\",\"dateModified\":\"2026-04-15T10:24:56+00:00\",\"description\":\"Superbe r\u00e9plique du Katana de Kaigaku dans Demon Slayer. Lame en acier carbone trois tons. Garde m\u00e9tal. Fourreau. Longueur totale : 103 cm\",\"breadcrumb\":{\"@id\":\"https:\\\/\\\/repliquemangacine.fr\\\/katana-demon-slayer-metal\\\/katana-de-kaigaku-dans-demon-slayer\\\/#breadcrumb\"},\"inLanguage\":\"es\",\"potentialAction\":[{\"@type\":\"ReadAction\",\"target\":[\"https:\\\/\\\/repliquemangacine.fr\\\/katana-demon-slayer-metal\\\/katana-de-kaigaku-dans-demon-slayer\\\/\"]}]},{\"@type\":\"ImageObject\",\"inLanguage\":\"es\",\"@id\":\"https:\\\/\\\/repliquemangacine.fr\\\/katana-demon-slayer-metal\\\/katana-de-kaigaku-dans-demon-slayer\\\/#primaryimage\",\"url\":\"https:\\\/\\\/repliquemangacine.fr\\\/wp-content\\\/uploads\\\/2024\\\/12\\\/Katana-de-Kaigaku-dans-Demon-Slayer.jpg\",\"contentUrl\":\"https:\\\/\\\/repliquemangacine.fr\\\/wp-content\\\/uploads\\\/2024\\\/12\\\/Katana-de-Kaigaku-dans-Demon-Slayer.jpg\",\"width\":500,\"height\":500,\"caption\":\"Katana de Kaigaku dans Demon Slayer\"},{\"@type\":\"BreadcrumbList\",\"@id\":\"https:\\\/\\\/repliquemangacine.fr\\\/katana-demon-slayer-metal\\\/katana-de-kaigaku-dans-demon-slayer\\\/#breadcrumb\",\"itemListElement\":[{\"@type\":\"ListItem\",\"position\":1,\"name\":\"Accueil\",\"item\":\"https:\\\/\\\/repliquemangacine.fr\\\/\"},{\"@type\":\"ListItem\",\"position\":2,\"name\":\"Produits\",\"item\":\"https:\\\/\\\/repliquemangacine.fr\\\/boutique\\\/\"},{\"@type\":\"ListItem\",\"position\":3,\"name\":\"Katana de Kaigaku dans Demon Slayer\"}]},{\"@type\":\"WebSite\",\"@id\":\"https:\\\/\\\/repliquemangacine.fr\\\/#website\",\"url\":\"https:\\\/\\\/repliquemangacine.fr\\\/\",\"name\":\"R\u00e9plique Manga Cin\u00e9\",\"description\":\"\",\"publisher\":{\"@id\":\"https:\\\/\\\/repliquemangacine.fr\\\/#organization\"},\"potentialAction\":[{\"@type\":\"SearchAction\",\"target\":{\"@type\":\"EntryPoint\",\"urlTemplate\":\"https:\\\/\\\/repliquemangacine.fr\\\/?s={search_term_string}\"},\"query-input\":{\"@type\":\"PropertyValueSpecification\",\"valueRequired\":true,\"valueName\":\"search_term_string\"}}],\"inLanguage\":\"es\"},{\"@type\":\"Organization\",\"@id\":\"https:\\\/\\\/repliquemangacine.fr\\\/#organization\",\"name\":\"R\u00e9plique Manga Cin\u00e9\",\"url\":\"https:\\\/\\\/repliquemangacine.fr\\\/\",\"logo\":{\"@type\":\"ImageObject\",\"inLanguage\":\"es\",\"@id\":\"https:\\\/\\\/repliquemangacine.fr\\\/#\\\/schema\\\/logo\\\/image\\\/\",\"url\":\"https:\\\/\\\/repliquemangacine.fr\\\/wp-content\\\/uploads\\\/2023\\\/10\\\/RMC-500250.png\",\"contentUrl\":\"https:\\\/\\\/repliquemangacine.fr\\\/wp-content\\\/uploads\\\/2023\\\/10\\\/RMC-500250.png\",\"width\":500,\"height\":250,\"caption\":\"R\u00e9plique Manga Cin\u00e9\"},\"image\":{\"@id\":\"https:\\\/\\\/repliquemangacine.fr\\\/#\\\/schema\\\/logo\\\/image\\\/\"},\"sameAs\":[\"https:\\\/\\\/www.facebook.com\\\/RepliqueMangaCine\",\"https:\\\/\\\/www.instagram.com\\\/repliquemangacine.fr\\\/\"]}]}<\/script>\n<!-- \/ Yoast SEO plugin. -->","yoast_head_json":{"title":"Katana de Kaigaku en Demon Slayer - R\u00e9plique Manga Cin\u00e9","description":"Magn\u00edfica r\u00e9plica de la Katana de Kaigaku de Demon Slayer. Hoja de acero al carbono de tres tonos. Guarda de metal. Vaina. Longitud total: 103 cm","robots":{"index":"index","follow":"follow","max-snippet":"max-snippet:-1","max-image-preview":"max-image-preview:large","max-video-preview":"max-video-preview:-1"},"canonical":"https:\/\/repliquemangacine.fr\/es\/katana-demon-slayer-metal\/kaigaku-katana-en-demon-slayer\/","og_locale":"es_ES","og_type":"article","og_title":"Katana de Kaigaku dans Demon Slayer - R\u00e9plique Manga Cin\u00e9","og_description":"Superbe r\u00e9plique du Katana de Kaigaku dans Demon Slayer. Lame en acier carbone trois tons. Garde m\u00e9tal. Fourreau. Longueur totale : 103 cm","og_url":"https:\/\/repliquemangacine.fr\/es\/katana-demon-slayer-metal\/kaigaku-katana-en-demon-slayer\/","og_site_name":"R\u00e9plique Manga Cin\u00e9","article_publisher":"https:\/\/www.facebook.com\/RepliqueMangaCine","article_modified_time":"2026-04-15T10:24:56+00:00","og_image":[{"width":500,"height":500,"url":"https:\/\/repliquemangacine.fr\/wp-content\/uploads\/2024\/12\/Katana-de-Kaigaku-dans-Demon-Slayer.jpg","type":"image\/jpeg"}],"twitter_card":"summary_large_image","twitter_misc":{"Tiempo de lectura":"3 minutos"},"schema":{"@context":"https:\/\/schema.org","@graph":[{"@type":"WebPage","@id":"https:\/\/repliquemangacine.fr\/katana-demon-slayer-metal\/katana-de-kaigaku-dans-demon-slayer\/","url":"https:\/\/repliquemangacine.fr\/katana-demon-slayer-metal\/katana-de-kaigaku-dans-demon-slayer\/","name":"Katana de Kaigaku en Demon Slayer - R\u00e9plique Manga Cin\u00e9","isPartOf":{"@id":"https:\/\/repliquemangacine.fr\/#website"},"primaryImageOfPage":{"@id":"https:\/\/repliquemangacine.fr\/katana-demon-slayer-metal\/katana-de-kaigaku-dans-demon-slayer\/#primaryimage"},"image":{"@id":"https:\/\/repliquemangacine.fr\/katana-demon-slayer-metal\/katana-de-kaigaku-dans-demon-slayer\/#primaryimage"},"thumbnailUrl":"https:\/\/repliquemangacine.fr\/wp-content\/uploads\/2024\/12\/Katana-de-Kaigaku-dans-Demon-Slayer.jpg","datePublished":"2024-12-08T19:53:51+00:00","dateModified":"2026-04-15T10:24:56+00:00","description":"Magn\u00edfica r\u00e9plica de la Katana de Kaigaku de Demon Slayer. Hoja de acero al carbono de tres tonos. Guarda de metal. Vaina. Longitud total: 103 cm","breadcrumb":{"@id":"https:\/\/repliquemangacine.fr\/katana-demon-slayer-metal\/katana-de-kaigaku-dans-demon-slayer\/#breadcrumb"},"inLanguage":"es","potentialAction":[{"@type":"ReadAction","target":["https:\/\/repliquemangacine.fr\/katana-demon-slayer-metal\/katana-de-kaigaku-dans-demon-slayer\/"]}]},{"@type":"ImageObject","inLanguage":"es","@id":"https:\/\/repliquemangacine.fr\/katana-demon-slayer-metal\/katana-de-kaigaku-dans-demon-slayer\/#primaryimage","url":"https:\/\/repliquemangacine.fr\/wp-content\/uploads\/2024\/12\/Katana-de-Kaigaku-dans-Demon-Slayer.jpg","contentUrl":"https:\/\/repliquemangacine.fr\/wp-content\/uploads\/2024\/12\/Katana-de-Kaigaku-dans-Demon-Slayer.jpg","width":500,"height":500,"caption":"Katana de Kaigaku dans Demon Slayer"},{"@type":"BreadcrumbList","@id":"https:\/\/repliquemangacine.fr\/katana-demon-slayer-metal\/katana-de-kaigaku-dans-demon-slayer\/#breadcrumb","itemListElement":[{"@type":"ListItem","position":1,"name":"Accueil","item":"https:\/\/repliquemangacine.fr\/"},{"@type":"ListItem","position":2,"name":"Produits","item":"https:\/\/repliquemangacine.fr\/boutique\/"},{"@type":"ListItem","position":3,"name":"Katana de Kaigaku dans Demon Slayer"}]},{"@type":"WebSite","@id":"https:\/\/repliquemangacine.fr\/#website","url":"https:\/\/repliquemangacine.fr\/","name":"R\u00e9plique Manga Cin\u00e9","description":"","publisher":{"@id":"https:\/\/repliquemangacine.fr\/#organization"},"potentialAction":[{"@type":"SearchAction","target":{"@type":"EntryPoint","urlTemplate":"https:\/\/repliquemangacine.fr\/?s={search_term_string}"},"query-input":{"@type":"PropertyValueSpecification","valueRequired":true,"valueName":"search_term_string"}}],"inLanguage":"es"},{"@type":"Organization","@id":"https:\/\/repliquemangacine.fr\/#organization","name":"R\u00e9plique Manga Cin\u00e9","url":"https:\/\/repliquemangacine.fr\/","logo":{"@type":"ImageObject","inLanguage":"es","@id":"https:\/\/repliquemangacine.fr\/#\/schema\/logo\/image\/","url":"https:\/\/repliquemangacine.fr\/wp-content\/uploads\/2023\/10\/RMC-500250.png","contentUrl":"https:\/\/repliquemangacine.fr\/wp-content\/uploads\/2023\/10\/RMC-500250.png","width":500,"height":250,"caption":"R\u00e9plique Manga Cin\u00e9"},"image":{"@id":"https:\/\/repliquemangacine.fr\/#\/schema\/logo\/image\/"},"sameAs":["https:\/\/www.facebook.com\/RepliqueMangaCine","https:\/\/www.instagram.com\/repliquemangacine.fr\/"]}]}},"_links":{"self":[{"href":"https:\/\/repliquemangacine.fr\/es\/wp-json\/wp\/v2\/product\/79522","targetHints":{"allow":["GET"]}}],"collection":[{"href":"https:\/\/repliquemangacine.fr\/es\/wp-json\/wp\/v2\/product"}],"about":[{"href":"https:\/\/repliquemangacine.fr\/es\/wp-json\/wp\/v2\/types\/product"}],"wp:featuredmedia":[{"embeddable":true,"href":"https:\/\/repliquemangacine.fr\/es\/wp-json\/wp\/v2\/media\/79526"}],"wp:attachment":[{"href":"https:\/\/repliquemangacine.fr\/es\/wp-json\/wp\/v2\/media?parent=79522"}],"wp:term":[{"taxonomy":"product_brand","embeddable":true,"href":"https:\/\/repliquemangacine.fr\/es\/wp-json\/wp\/v2\/product_brand?post=79522"},{"taxonomy":"product_cat","embeddable":true,"href":"https:\/\/repliquemangacine.fr\/es\/wp-json\/wp\/v2\/product_cat?post=79522"},{"taxonomy":"product_tag","embeddable":true,"href":"https:\/\/repliquemangacine.fr\/es\/wp-json\/wp\/v2\/product_tag?post=79522"}],"curies":[{"name":"wp","href":"https:\/\/api.w.org\/{rel}","templated":true}]}}