





{"id":79503,"date":"2024-12-08T20:06:28","date_gmt":"2024-12-08T19:06:28","guid":{"rendered":"https:\/\/repliquemangacine.fr\/?post_type=product&#038;p=79503"},"modified":"2026-04-15T12:21:27","modified_gmt":"2026-04-15T10:21:27","slug":"devil-sword-epee-du-diable-de-dante-devil-my-cry","status":"publish","type":"product","link":"https:\/\/repliquemangacine.fr\/es\/katana-et-epee-de-jeux-video-autre-jeux-video\/epee-devil-sword-epee-du-diable-de-dante-devil-my-cry\/","title":{"rendered":"Espada del Diablo Dante - Devil My Cry 5"},"content":{"rendered":"<h2>Devil Sword Dante - Una r\u00e9plica masiva para los fans del cosplay y la acci\u00f3n<\/h2>\n<p>En primer lugar, la Devil Sword Dante, una imponente r\u00e9plica fabricada \u00edntegramente en fibra de vidrio, lo que la hace ligera y resistente a la vez. Contiene una estructura met\u00e1lica interior que le confiere una excelente rigidez, al tiempo que mantiene un peso adecuado para los cosplayers. Cada ejemplar est\u00e1 pintado a mano, con detalles precisos para recrear fielmente el aspecto infernal de la espada del juego. Dise\u00f1ada para los apasionados del cosplay, esta emblem\u00e1tica arma permite encarnar a Dante en todo su poder y carisma \u00fanico.<br \/>\nDante, mitad demonio, mitad humano, es un temible y elegante cazador de demonios que se ha convertido en una leyenda en el universo de <a href=\"https:\/\/devilmaycrydmc.fandom.com\/fr\/wiki\/Devil_May_Cry\" target=\"_blank\" rel=\"noopener noreferrer\">Devil May Cry<\/a><\/p>\n<p>Poseer esta r\u00e9plica significa revivir las fren\u00e9ticas batallas de Dante y su temible presencia frente a los demonios. L\u00facela con orgullo o \u00fasala para realzar tus trajes de cosplay en convenciones o sesiones fotogr\u00e1ficas especializadas.<\/p>\n<h2>Una espada m\u00edtica en el coraz\u00f3n de la historia de Devil May Cry 5<\/h2>\n<p>La Espada del Diablo de Dante aparece en Devil May Cry 5 como el arma definitiva, una fusi\u00f3n entre la Rebeli\u00f3n y el demonio Sparda. Marca una etapa clave en la evoluci\u00f3n de Dante, simbolizando su plena aceptaci\u00f3n de su herencia demon\u00edaca y sus poderes. Visualmente espectacular, tiene una forma amenazadora y org\u00e1nica, con efectos materiales que recuerdan a una espada oscura y viva. Su rasgo distintivo es su capacidad de transformaci\u00f3n. Esto crea ataques explosivos y movimientos \u00fanicos vinculados a la energ\u00eda demon\u00edaca.<br class=\"yoast-text-mark\" \/>lass=\u201dyoast-text-mark\u201d \/&gt;&gt;Est\u00e1 relacionada con la historia familiar de Dante, ya que representa el poder de su padre Sparda, transmitido y sublimado a trav\u00e9s del tiempo. Su dise\u00f1o ic\u00f3nico la convierte en una de las armas m\u00e1s memorables de la saga, a la vez imponente, g\u00f3tica e infernal.<\/p>\n<p>Para terminar, exp\u00f3ngala con orgullo o util\u00edcela para realzar sus trajes de cosplay en convenciones o sesiones fotogr\u00e1ficas especializadas.<\/p>\n<h2>R\u00e9plique Manga Cin\u00e9: las armas de videojuegos m\u00e1s de culto en una sola tienda<\/h2>\n<p>R\u00e9plique Manga Cin\u00e9 te trae las mayores armas ic\u00f3nicas de los mejores videojuegos del momento y de cultos ancestrales. Adem\u00e1s de la Espada del Diablo Dante, descubre la impresionante <a href=\"https:\/\/repliquemangacine.fr\/es\/anillo-elden\/elden-ring-gran-espada-espada\/\">Gran espada de Elden Ring<\/a>, ideal para los amantes de los universos oscuros y \u00e9picos.<\/p>\n<p>Tambi\u00e9n ofrecemos la legendaria <a href=\"https:\/\/repliquemangacine.fr\/es\/katana-y-espada-videojuego-otros-videojuegos\/espada-fusion-nube-multiblade-buster-espada-final-fantasy-vii\/\">Espada de fusi\u00f3n de Cloud Strife<\/a>que apareci\u00f3 en Final Fantasy VII: Advent Children. Esta espada futurista de hoja segmentada fascina tanto por su dise\u00f1o como por su fuerte simbolismo. Tambi\u00e9n est\u00e1 la <a href=\"https:\/\/repliquemangacine.fr\/es\/katana-y-espada-videojuego-otros-videojuegos\/kratos-hacha-dios-de-la-guerra\/\">Hacha Leviat\u00e1n de Kratos<\/a>, extra\u00edda del videojuego God of War, potente y perfectamente detallada.<\/p>\n<p>R\u00e9plique Manga Cin\u00e9 es tu referencia para armas de colecci\u00f3n procedentes de juegos de culto imprescindibles del mundo del videojuego. En resumen, r\u00e9plicas espectaculares, listas para ser expuestas o utilizadas en tus eventos de cosplay.<\/p>","protected":false},"excerpt":{"rendered":"<p>La magistral Espada del Diablo de Dante en Devil My Cry 5<\/p>\n<ul>\n<li>Totalmente de fibra de vidrio<\/li>\n<li>Estructura met\u00e1lica interior<\/li>\n<li>Pintado a mano<\/li>\n<li>Ideal para cosplayers<\/li>\n<li>Longitud de la hoja: 97 cm - Longitud total: 140 cm<\/li>\n<li>Peso : 3040 gr<\/li>\n<\/ul>","protected":false},"featured_media":79508,"template":"","meta":[],"product_brand":[896],"product_cat":[880,23,67],"product_tag":[],"class_list":{"0":"post-79503","1":"product","2":"type-product","3":"status-publish","4":"has-post-thumbnail","6":"product_brand-replique-manga-cine","7":"product_cat-devil-may-cry","8":"product_cat-repliques-manga-jeux-video","9":"product_cat-katana-et-epee-de-jeux-video-autre-jeux-video","11":"first","12":"instock","13":"sale","14":"taxable","15":"shipping-taxable","16":"purchasable","17":"product-type-simple"},"yoast_head":"<!-- This site is optimized with the Yoast SEO plugin v27.4 - https:\/\/yoast.com\/product\/yoast-seo-wordpress\/ -->\n<title>Devil Sword Dante - Devil My Cry 5 - R\u00e9plique Manga Cin\u00e9<\/title>\n<meta name=\"description\" content=\"Superbe Ep\u00e9e Devil Sword Dante dans Devil My Cry. Tout en fibre de verre au design embl\u00e9matique. Id\u00e9al pour les cosplayeurs. Longueur totale : 139 cm\" \/>\n<meta name=\"robots\" content=\"index, follow, max-snippet:-1, max-image-preview:large, max-video-preview:-1\" \/>\n<link rel=\"canonical\" href=\"https:\/\/repliquemangacine.fr\/es\/katana-y-espada-videojuego-otros-videojuegos\/devil-sword-epee-du-diable-de-dante-devil-my-cry\/\" \/>\n<meta property=\"og:locale\" content=\"es_ES\" \/>\n<meta property=\"og:type\" content=\"article\" \/>\n<meta property=\"og:title\" content=\"Devil Sword Dante - Devil My Cry 5 - R\u00e9plique Manga Cin\u00e9\" \/>\n<meta property=\"og:description\" content=\"Superbe Ep\u00e9e Devil Sword Dante dans Devil My Cry. Tout en fibre de verre au design embl\u00e9matique. Id\u00e9al pour les cosplayeurs. Longueur totale : 139 cm\" \/>\n<meta property=\"og:url\" content=\"https:\/\/repliquemangacine.fr\/es\/katana-y-espada-videojuego-otros-videojuegos\/devil-sword-epee-du-diable-de-dante-devil-my-cry\/\" \/>\n<meta property=\"og:site_name\" content=\"R\u00e9plique Manga Cin\u00e9\" \/>\n<meta property=\"article:publisher\" content=\"https:\/\/www.facebook.com\/RepliqueMangaCine\" \/>\n<meta property=\"article:modified_time\" content=\"2026-04-15T10:21:27+00:00\" \/>\n<meta property=\"og:image\" content=\"https:\/\/repliquemangacine.fr\/wp-content\/uploads\/2024\/12\/Epee-du-Diable-de-Dante.jpg\" \/>\n\t<meta property=\"og:image:width\" content=\"500\" \/>\n\t<meta property=\"og:image:height\" content=\"500\" \/>\n\t<meta property=\"og:image:type\" content=\"image\/jpeg\" \/>\n<meta name=\"twitter:card\" content=\"summary_large_image\" \/>\n<meta name=\"twitter:label1\" content=\"Tiempo de lectura\" \/>\n\t<meta name=\"twitter:data1\" content=\"3 minutos\" \/>\n<script type=\"application\/ld+json\" class=\"yoast-schema-graph\">{\"@context\":\"https:\\\/\\\/schema.org\",\"@graph\":[{\"@type\":\"WebPage\",\"@id\":\"https:\\\/\\\/repliquemangacine.fr\\\/katana-et-epee-de-jeux-video-autre-jeux-video\\\/epee-devil-sword-epee-du-diable-de-dante-devil-my-cry\\\/\",\"url\":\"https:\\\/\\\/repliquemangacine.fr\\\/katana-et-epee-de-jeux-video-autre-jeux-video\\\/epee-devil-sword-epee-du-diable-de-dante-devil-my-cry\\\/\",\"name\":\"Devil Sword Dante - Devil My Cry 5 - R\u00e9plique Manga Cin\u00e9\",\"isPartOf\":{\"@id\":\"https:\\\/\\\/repliquemangacine.fr\\\/#website\"},\"primaryImageOfPage\":{\"@id\":\"https:\\\/\\\/repliquemangacine.fr\\\/katana-et-epee-de-jeux-video-autre-jeux-video\\\/epee-devil-sword-epee-du-diable-de-dante-devil-my-cry\\\/#primaryimage\"},\"image\":{\"@id\":\"https:\\\/\\\/repliquemangacine.fr\\\/katana-et-epee-de-jeux-video-autre-jeux-video\\\/epee-devil-sword-epee-du-diable-de-dante-devil-my-cry\\\/#primaryimage\"},\"thumbnailUrl\":\"https:\\\/\\\/repliquemangacine.fr\\\/wp-content\\\/uploads\\\/2024\\\/12\\\/Epee-du-Diable-de-Dante.jpg\",\"datePublished\":\"2024-12-08T19:06:28+00:00\",\"dateModified\":\"2026-04-15T10:21:27+00:00\",\"description\":\"Superbe Ep\u00e9e Devil Sword Dante dans Devil My Cry. Tout en fibre de verre au design embl\u00e9matique. Id\u00e9al pour les cosplayeurs. Longueur totale : 139 cm\",\"breadcrumb\":{\"@id\":\"https:\\\/\\\/repliquemangacine.fr\\\/katana-et-epee-de-jeux-video-autre-jeux-video\\\/epee-devil-sword-epee-du-diable-de-dante-devil-my-cry\\\/#breadcrumb\"},\"inLanguage\":\"es\",\"potentialAction\":[{\"@type\":\"ReadAction\",\"target\":[\"https:\\\/\\\/repliquemangacine.fr\\\/katana-et-epee-de-jeux-video-autre-jeux-video\\\/epee-devil-sword-epee-du-diable-de-dante-devil-my-cry\\\/\"]}]},{\"@type\":\"ImageObject\",\"inLanguage\":\"es\",\"@id\":\"https:\\\/\\\/repliquemangacine.fr\\\/katana-et-epee-de-jeux-video-autre-jeux-video\\\/epee-devil-sword-epee-du-diable-de-dante-devil-my-cry\\\/#primaryimage\",\"url\":\"https:\\\/\\\/repliquemangacine.fr\\\/wp-content\\\/uploads\\\/2024\\\/12\\\/Epee-du-Diable-de-Dante.jpg\",\"contentUrl\":\"https:\\\/\\\/repliquemangacine.fr\\\/wp-content\\\/uploads\\\/2024\\\/12\\\/Epee-du-Diable-de-Dante.jpg\",\"width\":500,\"height\":500,\"caption\":\"Ep\u00e9e du Diable de Dante dans Devil My Cry 5\"},{\"@type\":\"BreadcrumbList\",\"@id\":\"https:\\\/\\\/repliquemangacine.fr\\\/katana-et-epee-de-jeux-video-autre-jeux-video\\\/epee-devil-sword-epee-du-diable-de-dante-devil-my-cry\\\/#breadcrumb\",\"itemListElement\":[{\"@type\":\"ListItem\",\"position\":1,\"name\":\"Accueil\",\"item\":\"https:\\\/\\\/repliquemangacine.fr\\\/\"},{\"@type\":\"ListItem\",\"position\":2,\"name\":\"Produits\",\"item\":\"https:\\\/\\\/repliquemangacine.fr\\\/boutique\\\/\"},{\"@type\":\"ListItem\",\"position\":3,\"name\":\"Devil Sword Dante &#8211; Devil My Cry 5\"}]},{\"@type\":\"WebSite\",\"@id\":\"https:\\\/\\\/repliquemangacine.fr\\\/#website\",\"url\":\"https:\\\/\\\/repliquemangacine.fr\\\/\",\"name\":\"R\u00e9plique Manga Cin\u00e9\",\"description\":\"\",\"publisher\":{\"@id\":\"https:\\\/\\\/repliquemangacine.fr\\\/#organization\"},\"potentialAction\":[{\"@type\":\"SearchAction\",\"target\":{\"@type\":\"EntryPoint\",\"urlTemplate\":\"https:\\\/\\\/repliquemangacine.fr\\\/?s={search_term_string}\"},\"query-input\":{\"@type\":\"PropertyValueSpecification\",\"valueRequired\":true,\"valueName\":\"search_term_string\"}}],\"inLanguage\":\"es\"},{\"@type\":\"Organization\",\"@id\":\"https:\\\/\\\/repliquemangacine.fr\\\/#organization\",\"name\":\"R\u00e9plique Manga Cin\u00e9\",\"url\":\"https:\\\/\\\/repliquemangacine.fr\\\/\",\"logo\":{\"@type\":\"ImageObject\",\"inLanguage\":\"es\",\"@id\":\"https:\\\/\\\/repliquemangacine.fr\\\/#\\\/schema\\\/logo\\\/image\\\/\",\"url\":\"https:\\\/\\\/repliquemangacine.fr\\\/wp-content\\\/uploads\\\/2023\\\/10\\\/RMC-500250.png\",\"contentUrl\":\"https:\\\/\\\/repliquemangacine.fr\\\/wp-content\\\/uploads\\\/2023\\\/10\\\/RMC-500250.png\",\"width\":500,\"height\":250,\"caption\":\"R\u00e9plique Manga Cin\u00e9\"},\"image\":{\"@id\":\"https:\\\/\\\/repliquemangacine.fr\\\/#\\\/schema\\\/logo\\\/image\\\/\"},\"sameAs\":[\"https:\\\/\\\/www.facebook.com\\\/RepliqueMangaCine\",\"https:\\\/\\\/www.instagram.com\\\/repliquemangacine.fr\\\/\"]}]}<\/script>\n<!-- \/ Yoast SEO plugin. -->","yoast_head_json":{"title":"Espada del Diablo Dante - Devil My Cry 5 - R\u00e9plique Manga Cin\u00e9","description":"Magn\u00edfica Espada del Diablo Dante en Devil My Cry. Toda de fibra de vidrio con un dise\u00f1o ic\u00f3nico. Ideal para cosplayers. Longitud total: 139 cm","robots":{"index":"index","follow":"follow","max-snippet":"max-snippet:-1","max-image-preview":"max-image-preview:large","max-video-preview":"max-video-preview:-1"},"canonical":"https:\/\/repliquemangacine.fr\/es\/katana-y-espada-videojuego-otros-videojuegos\/devil-sword-epee-du-diable-de-dante-devil-my-cry\/","og_locale":"es_ES","og_type":"article","og_title":"Devil Sword Dante - Devil My Cry 5 - R\u00e9plique Manga Cin\u00e9","og_description":"Superbe Ep\u00e9e Devil Sword Dante dans Devil My Cry. Tout en fibre de verre au design embl\u00e9matique. Id\u00e9al pour les cosplayeurs. Longueur totale : 139 cm","og_url":"https:\/\/repliquemangacine.fr\/es\/katana-y-espada-videojuego-otros-videojuegos\/devil-sword-epee-du-diable-de-dante-devil-my-cry\/","og_site_name":"R\u00e9plique Manga Cin\u00e9","article_publisher":"https:\/\/www.facebook.com\/RepliqueMangaCine","article_modified_time":"2026-04-15T10:21:27+00:00","og_image":[{"width":500,"height":500,"url":"https:\/\/repliquemangacine.fr\/wp-content\/uploads\/2024\/12\/Epee-du-Diable-de-Dante.jpg","type":"image\/jpeg"}],"twitter_card":"summary_large_image","twitter_misc":{"Tiempo de lectura":"3 minutos"},"schema":{"@context":"https:\/\/schema.org","@graph":[{"@type":"WebPage","@id":"https:\/\/repliquemangacine.fr\/katana-et-epee-de-jeux-video-autre-jeux-video\/epee-devil-sword-epee-du-diable-de-dante-devil-my-cry\/","url":"https:\/\/repliquemangacine.fr\/katana-et-epee-de-jeux-video-autre-jeux-video\/epee-devil-sword-epee-du-diable-de-dante-devil-my-cry\/","name":"Espada del Diablo Dante - Devil My Cry 5 - R\u00e9plique Manga Cin\u00e9","isPartOf":{"@id":"https:\/\/repliquemangacine.fr\/#website"},"primaryImageOfPage":{"@id":"https:\/\/repliquemangacine.fr\/katana-et-epee-de-jeux-video-autre-jeux-video\/epee-devil-sword-epee-du-diable-de-dante-devil-my-cry\/#primaryimage"},"image":{"@id":"https:\/\/repliquemangacine.fr\/katana-et-epee-de-jeux-video-autre-jeux-video\/epee-devil-sword-epee-du-diable-de-dante-devil-my-cry\/#primaryimage"},"thumbnailUrl":"https:\/\/repliquemangacine.fr\/wp-content\/uploads\/2024\/12\/Epee-du-Diable-de-Dante.jpg","datePublished":"2024-12-08T19:06:28+00:00","dateModified":"2026-04-15T10:21:27+00:00","description":"Magn\u00edfica Espada del Diablo Dante en Devil My Cry. Toda de fibra de vidrio con un dise\u00f1o ic\u00f3nico. Ideal para cosplayers. Longitud total: 139 cm","breadcrumb":{"@id":"https:\/\/repliquemangacine.fr\/katana-et-epee-de-jeux-video-autre-jeux-video\/epee-devil-sword-epee-du-diable-de-dante-devil-my-cry\/#breadcrumb"},"inLanguage":"es","potentialAction":[{"@type":"ReadAction","target":["https:\/\/repliquemangacine.fr\/katana-et-epee-de-jeux-video-autre-jeux-video\/epee-devil-sword-epee-du-diable-de-dante-devil-my-cry\/"]}]},{"@type":"ImageObject","inLanguage":"es","@id":"https:\/\/repliquemangacine.fr\/katana-et-epee-de-jeux-video-autre-jeux-video\/epee-devil-sword-epee-du-diable-de-dante-devil-my-cry\/#primaryimage","url":"https:\/\/repliquemangacine.fr\/wp-content\/uploads\/2024\/12\/Epee-du-Diable-de-Dante.jpg","contentUrl":"https:\/\/repliquemangacine.fr\/wp-content\/uploads\/2024\/12\/Epee-du-Diable-de-Dante.jpg","width":500,"height":500,"caption":"Ep\u00e9e du Diable de Dante dans Devil My Cry 5"},{"@type":"BreadcrumbList","@id":"https:\/\/repliquemangacine.fr\/katana-et-epee-de-jeux-video-autre-jeux-video\/epee-devil-sword-epee-du-diable-de-dante-devil-my-cry\/#breadcrumb","itemListElement":[{"@type":"ListItem","position":1,"name":"Accueil","item":"https:\/\/repliquemangacine.fr\/"},{"@type":"ListItem","position":2,"name":"Produits","item":"https:\/\/repliquemangacine.fr\/boutique\/"},{"@type":"ListItem","position":3,"name":"Devil Sword Dante &#8211; Devil My Cry 5"}]},{"@type":"WebSite","@id":"https:\/\/repliquemangacine.fr\/#website","url":"https:\/\/repliquemangacine.fr\/","name":"R\u00e9plique Manga Cin\u00e9","description":"","publisher":{"@id":"https:\/\/repliquemangacine.fr\/#organization"},"potentialAction":[{"@type":"SearchAction","target":{"@type":"EntryPoint","urlTemplate":"https:\/\/repliquemangacine.fr\/?s={search_term_string}"},"query-input":{"@type":"PropertyValueSpecification","valueRequired":true,"valueName":"search_term_string"}}],"inLanguage":"es"},{"@type":"Organization","@id":"https:\/\/repliquemangacine.fr\/#organization","name":"R\u00e9plique Manga Cin\u00e9","url":"https:\/\/repliquemangacine.fr\/","logo":{"@type":"ImageObject","inLanguage":"es","@id":"https:\/\/repliquemangacine.fr\/#\/schema\/logo\/image\/","url":"https:\/\/repliquemangacine.fr\/wp-content\/uploads\/2023\/10\/RMC-500250.png","contentUrl":"https:\/\/repliquemangacine.fr\/wp-content\/uploads\/2023\/10\/RMC-500250.png","width":500,"height":250,"caption":"R\u00e9plique Manga Cin\u00e9"},"image":{"@id":"https:\/\/repliquemangacine.fr\/#\/schema\/logo\/image\/"},"sameAs":["https:\/\/www.facebook.com\/RepliqueMangaCine","https:\/\/www.instagram.com\/repliquemangacine.fr\/"]}]}},"_links":{"self":[{"href":"https:\/\/repliquemangacine.fr\/es\/wp-json\/wp\/v2\/product\/79503","targetHints":{"allow":["GET"]}}],"collection":[{"href":"https:\/\/repliquemangacine.fr\/es\/wp-json\/wp\/v2\/product"}],"about":[{"href":"https:\/\/repliquemangacine.fr\/es\/wp-json\/wp\/v2\/types\/product"}],"wp:featuredmedia":[{"embeddable":true,"href":"https:\/\/repliquemangacine.fr\/es\/wp-json\/wp\/v2\/media\/79508"}],"wp:attachment":[{"href":"https:\/\/repliquemangacine.fr\/es\/wp-json\/wp\/v2\/media?parent=79503"}],"wp:term":[{"taxonomy":"product_brand","embeddable":true,"href":"https:\/\/repliquemangacine.fr\/es\/wp-json\/wp\/v2\/product_brand?post=79503"},{"taxonomy":"product_cat","embeddable":true,"href":"https:\/\/repliquemangacine.fr\/es\/wp-json\/wp\/v2\/product_cat?post=79503"},{"taxonomy":"product_tag","embeddable":true,"href":"https:\/\/repliquemangacine.fr\/es\/wp-json\/wp\/v2\/product_tag?post=79503"}],"curies":[{"name":"wp","href":"https:\/\/api.w.org\/{rel}","templated":true}]}}