





{"id":79470,"date":"2024-12-08T17:59:38","date_gmt":"2024-12-08T16:59:38","guid":{"rendered":"https:\/\/repliquemangacine.fr\/?post_type=product&#038;p=79470"},"modified":"2025-11-09T18:28:58","modified_gmt":"2025-11-09T17:28:58","slug":"sajin-bleach-tengen-zanpakuto-espada","status":"publish","type":"product","link":"https:\/\/repliquemangacine.fr\/es\/katana-bleach\/epee-tengen-zanpakuto-de-sajin-bleach\/","title":{"rendered":"Espada Tengen Zanpakuto de Sajin - Bleach"},"content":{"rendered":"","protected":false},"excerpt":{"rendered":"<p>Magn\u00edfica espada Tengen - Zanpakuto de Sajin en Bleach<\/p>\n<ul>\n<li>Hoja de acero inoxidable 440<\/li>\n<li>Guarda de acero macizo con forma espec\u00edfica<\/li>\n<li>Mango recubierto de trenza de algod\u00f3n rojo<\/li>\n<li>Se entrega con soporte de madera<\/li>\n<li>Longitud de la hoja: 64 cm - Longitud total: 94 cm<\/li>\n<li>Peso : 1125 gr<\/li>\n<\/ul>","protected":false},"featured_media":79471,"template":"","meta":[],"product_brand":[896],"product_cat":[30],"product_tag":[],"class_list":{"0":"post-79470","1":"product","2":"type-product","3":"status-publish","4":"has-post-thumbnail","6":"product_brand-replique-manga-cine","7":"product_cat-katana-bleach","9":"first","10":"instock","11":"taxable","12":"shipping-taxable","13":"purchasable","14":"product-type-simple"},"yoast_head":"<!-- This site is optimized with the Yoast SEO plugin v27.4 - https:\/\/yoast.com\/product\/yoast-seo-wordpress\/ -->\n<title>Ep\u00e9e Tengen Zanpakuto de Sajin - Bleach - R\u00e9plique Manga Cin\u00e9<\/title>\n<meta name=\"description\" content=\"Venez d\u00e9couvrir l&#039;Ep\u00e9e Tengen Zanpakuto de Sajin dans Bleach. Lame en acier deux tons. Poign\u00e9e recouverte d&#039;une tresse en coton. Livr\u00e9 avec support. 94 cm\" \/>\n<meta name=\"robots\" content=\"index, follow, max-snippet:-1, max-image-preview:large, max-video-preview:-1\" \/>\n<link rel=\"canonical\" href=\"https:\/\/repliquemangacine.fr\/es\/blanqueador-katana\/sajin-bleach-tengen-zanpakuto-espada\/\" \/>\n<meta property=\"og:locale\" content=\"es_ES\" \/>\n<meta property=\"og:type\" content=\"article\" \/>\n<meta property=\"og:title\" content=\"Ep\u00e9e Tengen Zanpakuto de Sajin - Bleach - R\u00e9plique Manga Cin\u00e9\" \/>\n<meta property=\"og:description\" content=\"Venez d\u00e9couvrir l&#039;Ep\u00e9e Tengen Zanpakuto de Sajin dans Bleach. Lame en acier deux tons. Poign\u00e9e recouverte d&#039;une tresse en coton. Livr\u00e9 avec support. 94 cm\" \/>\n<meta property=\"og:url\" content=\"https:\/\/repliquemangacine.fr\/es\/blanqueador-katana\/sajin-bleach-tengen-zanpakuto-espada\/\" \/>\n<meta property=\"og:site_name\" content=\"R\u00e9plique Manga Cin\u00e9\" \/>\n<meta property=\"article:publisher\" content=\"https:\/\/www.facebook.com\/RepliqueMangaCine\" \/>\n<meta property=\"article:modified_time\" content=\"2025-11-09T17:28:58+00:00\" \/>\n<meta property=\"og:image\" content=\"https:\/\/repliquemangacine.fr\/wp-content\/uploads\/2024\/12\/Epee-Tengen-zanpakuto-de-Sajin-Bleach.jpg\" \/>\n\t<meta property=\"og:image:width\" content=\"500\" \/>\n\t<meta property=\"og:image:height\" content=\"500\" \/>\n\t<meta property=\"og:image:type\" content=\"image\/jpeg\" \/>\n<meta name=\"twitter:card\" content=\"summary_large_image\" \/>\n<meta name=\"twitter:label1\" content=\"Tiempo de lectura\" \/>\n\t<meta name=\"twitter:data1\" content=\"1 minuto\" \/>\n<script type=\"application\/ld+json\" class=\"yoast-schema-graph\">{\"@context\":\"https:\\\/\\\/schema.org\",\"@graph\":[{\"@type\":\"WebPage\",\"@id\":\"https:\\\/\\\/repliquemangacine.fr\\\/katana-bleach\\\/epee-tengen-zanpakuto-de-sajin-bleach\\\/\",\"url\":\"https:\\\/\\\/repliquemangacine.fr\\\/katana-bleach\\\/epee-tengen-zanpakuto-de-sajin-bleach\\\/\",\"name\":\"Ep\u00e9e Tengen Zanpakuto de Sajin - Bleach - R\u00e9plique Manga Cin\u00e9\",\"isPartOf\":{\"@id\":\"https:\\\/\\\/repliquemangacine.fr\\\/#website\"},\"primaryImageOfPage\":{\"@id\":\"https:\\\/\\\/repliquemangacine.fr\\\/katana-bleach\\\/epee-tengen-zanpakuto-de-sajin-bleach\\\/#primaryimage\"},\"image\":{\"@id\":\"https:\\\/\\\/repliquemangacine.fr\\\/katana-bleach\\\/epee-tengen-zanpakuto-de-sajin-bleach\\\/#primaryimage\"},\"thumbnailUrl\":\"https:\\\/\\\/repliquemangacine.fr\\\/wp-content\\\/uploads\\\/2024\\\/12\\\/Epee-Tengen-zanpakuto-de-Sajin-Bleach.jpg\",\"datePublished\":\"2024-12-08T16:59:38+00:00\",\"dateModified\":\"2025-11-09T17:28:58+00:00\",\"description\":\"Venez d\u00e9couvrir l'Ep\u00e9e Tengen Zanpakuto de Sajin dans Bleach. Lame en acier deux tons. Poign\u00e9e recouverte d'une tresse en coton. Livr\u00e9 avec support. 94 cm\",\"breadcrumb\":{\"@id\":\"https:\\\/\\\/repliquemangacine.fr\\\/katana-bleach\\\/epee-tengen-zanpakuto-de-sajin-bleach\\\/#breadcrumb\"},\"inLanguage\":\"es\",\"potentialAction\":[{\"@type\":\"ReadAction\",\"target\":[\"https:\\\/\\\/repliquemangacine.fr\\\/katana-bleach\\\/epee-tengen-zanpakuto-de-sajin-bleach\\\/\"]}]},{\"@type\":\"ImageObject\",\"inLanguage\":\"es\",\"@id\":\"https:\\\/\\\/repliquemangacine.fr\\\/katana-bleach\\\/epee-tengen-zanpakuto-de-sajin-bleach\\\/#primaryimage\",\"url\":\"https:\\\/\\\/repliquemangacine.fr\\\/wp-content\\\/uploads\\\/2024\\\/12\\\/Epee-Tengen-zanpakuto-de-Sajin-Bleach.jpg\",\"contentUrl\":\"https:\\\/\\\/repliquemangacine.fr\\\/wp-content\\\/uploads\\\/2024\\\/12\\\/Epee-Tengen-zanpakuto-de-Sajin-Bleach.jpg\",\"width\":500,\"height\":500,\"caption\":\"Ep\u00e9e Tengen Zanpakuto de Sajin dans Bleach\"},{\"@type\":\"BreadcrumbList\",\"@id\":\"https:\\\/\\\/repliquemangacine.fr\\\/katana-bleach\\\/epee-tengen-zanpakuto-de-sajin-bleach\\\/#breadcrumb\",\"itemListElement\":[{\"@type\":\"ListItem\",\"position\":1,\"name\":\"Accueil\",\"item\":\"https:\\\/\\\/repliquemangacine.fr\\\/\"},{\"@type\":\"ListItem\",\"position\":2,\"name\":\"Produits\",\"item\":\"https:\\\/\\\/repliquemangacine.fr\\\/boutique\\\/\"},{\"@type\":\"ListItem\",\"position\":3,\"name\":\"Ep\u00e9e Tengen Zanpakuto de Sajin &#8211; Bleach\"}]},{\"@type\":\"WebSite\",\"@id\":\"https:\\\/\\\/repliquemangacine.fr\\\/#website\",\"url\":\"https:\\\/\\\/repliquemangacine.fr\\\/\",\"name\":\"R\u00e9plique Manga Cin\u00e9\",\"description\":\"\",\"publisher\":{\"@id\":\"https:\\\/\\\/repliquemangacine.fr\\\/#organization\"},\"potentialAction\":[{\"@type\":\"SearchAction\",\"target\":{\"@type\":\"EntryPoint\",\"urlTemplate\":\"https:\\\/\\\/repliquemangacine.fr\\\/?s={search_term_string}\"},\"query-input\":{\"@type\":\"PropertyValueSpecification\",\"valueRequired\":true,\"valueName\":\"search_term_string\"}}],\"inLanguage\":\"es\"},{\"@type\":\"Organization\",\"@id\":\"https:\\\/\\\/repliquemangacine.fr\\\/#organization\",\"name\":\"R\u00e9plique Manga Cin\u00e9\",\"url\":\"https:\\\/\\\/repliquemangacine.fr\\\/\",\"logo\":{\"@type\":\"ImageObject\",\"inLanguage\":\"es\",\"@id\":\"https:\\\/\\\/repliquemangacine.fr\\\/#\\\/schema\\\/logo\\\/image\\\/\",\"url\":\"https:\\\/\\\/repliquemangacine.fr\\\/wp-content\\\/uploads\\\/2023\\\/10\\\/RMC-500250.png\",\"contentUrl\":\"https:\\\/\\\/repliquemangacine.fr\\\/wp-content\\\/uploads\\\/2023\\\/10\\\/RMC-500250.png\",\"width\":500,\"height\":250,\"caption\":\"R\u00e9plique Manga Cin\u00e9\"},\"image\":{\"@id\":\"https:\\\/\\\/repliquemangacine.fr\\\/#\\\/schema\\\/logo\\\/image\\\/\"},\"sameAs\":[\"https:\\\/\\\/www.facebook.com\\\/RepliqueMangaCine\",\"https:\\\/\\\/www.instagram.com\\\/repliquemangacine.fr\\\/\"]}]}<\/script>\n<!-- \/ Yoast SEO plugin. -->","yoast_head_json":{"title":"Espada Tengen Zanpakuto de Sajin - Bleach - R\u00e9plique Manga Cin\u00e9","description":"Descubre la espada Tengen Zanpakuto de Sajin en Bleach. Hoja de acero bicolor. Empu\u00f1adura recubierta de trenza de algod\u00f3n. Se entrega con peana. 94 cm de longitud","robots":{"index":"index","follow":"follow","max-snippet":"max-snippet:-1","max-image-preview":"max-image-preview:large","max-video-preview":"max-video-preview:-1"},"canonical":"https:\/\/repliquemangacine.fr\/es\/blanqueador-katana\/sajin-bleach-tengen-zanpakuto-espada\/","og_locale":"es_ES","og_type":"article","og_title":"Ep\u00e9e Tengen Zanpakuto de Sajin - Bleach - R\u00e9plique Manga Cin\u00e9","og_description":"Venez d\u00e9couvrir l'Ep\u00e9e Tengen Zanpakuto de Sajin dans Bleach. Lame en acier deux tons. Poign\u00e9e recouverte d'une tresse en coton. Livr\u00e9 avec support. 94 cm","og_url":"https:\/\/repliquemangacine.fr\/es\/blanqueador-katana\/sajin-bleach-tengen-zanpakuto-espada\/","og_site_name":"R\u00e9plique Manga Cin\u00e9","article_publisher":"https:\/\/www.facebook.com\/RepliqueMangaCine","article_modified_time":"2025-11-09T17:28:58+00:00","og_image":[{"width":500,"height":500,"url":"https:\/\/repliquemangacine.fr\/wp-content\/uploads\/2024\/12\/Epee-Tengen-zanpakuto-de-Sajin-Bleach.jpg","type":"image\/jpeg"}],"twitter_card":"summary_large_image","twitter_misc":{"Tiempo de lectura":"1 minuto"},"schema":{"@context":"https:\/\/schema.org","@graph":[{"@type":"WebPage","@id":"https:\/\/repliquemangacine.fr\/katana-bleach\/epee-tengen-zanpakuto-de-sajin-bleach\/","url":"https:\/\/repliquemangacine.fr\/katana-bleach\/epee-tengen-zanpakuto-de-sajin-bleach\/","name":"Espada Tengen Zanpakuto de Sajin - Bleach - R\u00e9plique Manga Cin\u00e9","isPartOf":{"@id":"https:\/\/repliquemangacine.fr\/#website"},"primaryImageOfPage":{"@id":"https:\/\/repliquemangacine.fr\/katana-bleach\/epee-tengen-zanpakuto-de-sajin-bleach\/#primaryimage"},"image":{"@id":"https:\/\/repliquemangacine.fr\/katana-bleach\/epee-tengen-zanpakuto-de-sajin-bleach\/#primaryimage"},"thumbnailUrl":"https:\/\/repliquemangacine.fr\/wp-content\/uploads\/2024\/12\/Epee-Tengen-zanpakuto-de-Sajin-Bleach.jpg","datePublished":"2024-12-08T16:59:38+00:00","dateModified":"2025-11-09T17:28:58+00:00","description":"Descubre la espada Tengen Zanpakuto de Sajin en Bleach. Hoja de acero bicolor. Empu\u00f1adura recubierta de trenza de algod\u00f3n. Se entrega con peana. 94 cm de longitud","breadcrumb":{"@id":"https:\/\/repliquemangacine.fr\/katana-bleach\/epee-tengen-zanpakuto-de-sajin-bleach\/#breadcrumb"},"inLanguage":"es","potentialAction":[{"@type":"ReadAction","target":["https:\/\/repliquemangacine.fr\/katana-bleach\/epee-tengen-zanpakuto-de-sajin-bleach\/"]}]},{"@type":"ImageObject","inLanguage":"es","@id":"https:\/\/repliquemangacine.fr\/katana-bleach\/epee-tengen-zanpakuto-de-sajin-bleach\/#primaryimage","url":"https:\/\/repliquemangacine.fr\/wp-content\/uploads\/2024\/12\/Epee-Tengen-zanpakuto-de-Sajin-Bleach.jpg","contentUrl":"https:\/\/repliquemangacine.fr\/wp-content\/uploads\/2024\/12\/Epee-Tengen-zanpakuto-de-Sajin-Bleach.jpg","width":500,"height":500,"caption":"Ep\u00e9e Tengen Zanpakuto de Sajin dans Bleach"},{"@type":"BreadcrumbList","@id":"https:\/\/repliquemangacine.fr\/katana-bleach\/epee-tengen-zanpakuto-de-sajin-bleach\/#breadcrumb","itemListElement":[{"@type":"ListItem","position":1,"name":"Accueil","item":"https:\/\/repliquemangacine.fr\/"},{"@type":"ListItem","position":2,"name":"Produits","item":"https:\/\/repliquemangacine.fr\/boutique\/"},{"@type":"ListItem","position":3,"name":"Ep\u00e9e Tengen Zanpakuto de Sajin &#8211; Bleach"}]},{"@type":"WebSite","@id":"https:\/\/repliquemangacine.fr\/#website","url":"https:\/\/repliquemangacine.fr\/","name":"R\u00e9plique Manga Cin\u00e9","description":"","publisher":{"@id":"https:\/\/repliquemangacine.fr\/#organization"},"potentialAction":[{"@type":"SearchAction","target":{"@type":"EntryPoint","urlTemplate":"https:\/\/repliquemangacine.fr\/?s={search_term_string}"},"query-input":{"@type":"PropertyValueSpecification","valueRequired":true,"valueName":"search_term_string"}}],"inLanguage":"es"},{"@type":"Organization","@id":"https:\/\/repliquemangacine.fr\/#organization","name":"R\u00e9plique Manga Cin\u00e9","url":"https:\/\/repliquemangacine.fr\/","logo":{"@type":"ImageObject","inLanguage":"es","@id":"https:\/\/repliquemangacine.fr\/#\/schema\/logo\/image\/","url":"https:\/\/repliquemangacine.fr\/wp-content\/uploads\/2023\/10\/RMC-500250.png","contentUrl":"https:\/\/repliquemangacine.fr\/wp-content\/uploads\/2023\/10\/RMC-500250.png","width":500,"height":250,"caption":"R\u00e9plique Manga Cin\u00e9"},"image":{"@id":"https:\/\/repliquemangacine.fr\/#\/schema\/logo\/image\/"},"sameAs":["https:\/\/www.facebook.com\/RepliqueMangaCine","https:\/\/www.instagram.com\/repliquemangacine.fr\/"]}]}},"_links":{"self":[{"href":"https:\/\/repliquemangacine.fr\/es\/wp-json\/wp\/v2\/product\/79470","targetHints":{"allow":["GET"]}}],"collection":[{"href":"https:\/\/repliquemangacine.fr\/es\/wp-json\/wp\/v2\/product"}],"about":[{"href":"https:\/\/repliquemangacine.fr\/es\/wp-json\/wp\/v2\/types\/product"}],"wp:featuredmedia":[{"embeddable":true,"href":"https:\/\/repliquemangacine.fr\/es\/wp-json\/wp\/v2\/media\/79471"}],"wp:attachment":[{"href":"https:\/\/repliquemangacine.fr\/es\/wp-json\/wp\/v2\/media?parent=79470"}],"wp:term":[{"taxonomy":"product_brand","embeddable":true,"href":"https:\/\/repliquemangacine.fr\/es\/wp-json\/wp\/v2\/product_brand?post=79470"},{"taxonomy":"product_cat","embeddable":true,"href":"https:\/\/repliquemangacine.fr\/es\/wp-json\/wp\/v2\/product_cat?post=79470"},{"taxonomy":"product_tag","embeddable":true,"href":"https:\/\/repliquemangacine.fr\/es\/wp-json\/wp\/v2\/product_tag?post=79470"}],"curies":[{"name":"wp","href":"https:\/\/api.w.org\/{rel}","templated":true}]}}