





{"id":79459,"date":"2024-12-08T17:38:47","date_gmt":"2024-12-08T16:38:47","guid":{"rendered":"https:\/\/repliquemangacine.fr\/?post_type=product&#038;p=79459"},"modified":"2025-11-09T18:29:12","modified_gmt":"2025-11-09T17:29:12","slug":"epees-darcher-yin-yang-fate-stay-night","status":"publish","type":"product","link":"https:\/\/repliquemangacine.fr\/es\/katana-et-epee-de-jeux-video-autre-jeux-video\/epees-darcher-yin-yang-fate-stay-night\/","title":{"rendered":"Espadas Arquero Yin Yang - Destino Noche de Estancia"},"content":{"rendered":"<h2>Espadas Yin Yang de Archer: r\u00e9plicas fieles de las emblem\u00e1ticas espadas de Fate Stay Night.<\/h2>\n<p>En primer lugar, descubre las Espadas Yin Yang de Archer, fieles r\u00e9plicas inspiradas en el legendario Sirviente de <a href=\"https:\/\/encyclopedia-anime.fandom.com\/fr\/wiki\/Fate\/Stay_Night\" target=\"_blank\" rel=\"noopener noreferrer\">Fate Stay Night<\/a>. Estas dos espadas tienen un dise\u00f1o \u00fanico, perfectamente reflejado en esta versi\u00f3n de acero macizo. La primera hoja es roja y negra, y lleva cerca del filo el logotipo del Yin Yang, s\u00edmbolo de dualidad y equilibrio. La segunda espada, de acero, tambi\u00e9n lleva el mismo emblema. Las empu\u00f1aduras est\u00e1n recubiertas de cuero, lo que garantiza un agarre c\u00f3modo y seguro. Estas r\u00e9plicas vienen con vainas de cuero y una correa de cordura para facilitar su transporte. Con una longitud de hoja de 43,5 cm y una longitud total de 65,5 cm, estas espadas son piezas impresionantes. Tanto si eres un coleccionista como un entusiasta del cosplay, estas espadas te sumergir\u00e1n de lleno en el mundo de Fate Stay Night.<\/p>\n<h2>Las espadas Yin Yang de Archer: armas emblem\u00e1ticas de Fate Stay Night<\/h2>\n<p>Las espadas Yin Yang, tambi\u00e9n conocidas como Kansh\u014d y Bakuya, son las armas caracter\u00edsticas de Archer en Fate Stay Night. Este misterioso sirviente blande estas espadas gemelas con temible precisi\u00f3n. Forjadas a imagen del Yin y el Yang, simbolizan el equilibrio y la oposici\u00f3n de fuerzas. Archer las invoca con su magia de proyecci\u00f3n, capaz de crear al instante r\u00e9plicas perfectas de armas legendarias. En el videojuego y el anime, estas espadas desempe\u00f1an un papel crucial en sus batallas contra Shirou Emiya. De hecho, no son s\u00f3lo armas, sino una extensi\u00f3n de su filosof\u00eda y su tr\u00e1gico destino. Su dise\u00f1o \u00fanico y su importancia para la historia las convierten en espadas ic\u00f3nicas del universo de Fate Stay Night. En conclusi\u00f3n, estas r\u00e9plicas de acero capturan toda la esencia de estas armas m\u00edticas, ofreciendo a los fans una pieza de coleccionista imprescindible.<\/p>\n<h2>R\u00e9plique Manga Cin\u00e9: una amplia selecci\u00f3n de espadas legendarias de videojuegos<\/h2>\n<p>En R\u00e9plique Manga Cin\u00e9 encontrar\u00e1s una excepcional colecci\u00f3n de espadas inspiradas en los mejores videojuegos. Descubre la Holy Moonlight Sword de Bloodborne, un s\u00edmbolo de poder divino y fuerza m\u00edstica. Sum\u00e9rgete en Elden Ring con la <a href=\"https:\/\/repliquemangacine.fr\/es\/katana-y-espada-videojuego-otros-videojuegos\/elden-ring-gran-espada-espada\/\">Gran espada<\/a>un arma colosal, o la <a href=\"https:\/\/repliquemangacine.fr\/es\/katana-y-espada-videojuego-otros-videojuegos\/espada-luna-oscura-gran-espada-anillo-elden\/\">Espada de la Luna Oscura<\/a>con impresionantes poderes lunares. Tambi\u00e9n est\u00e1 el<a href=\"https:\/\/repliquemangacine.fr\/es\/katana-y-espada-videojuego-otros-videojuegos\/espada-trituradora-cloud-ff7\/\">Espada Trituradora de Nubes<\/a> en Final Fantasy VII, una enorme espada que encarna el poder en bruto. Para los fans de World of Warcraft, la Frostmourne - Deuillegivre, el arma del Rey Ex\u00e1nime, es imprescindible. Los fans de Zelda podr\u00e1n elegir entre la <a href=\"https:\/\/repliquemangacine.fr\/es\/espada-de-zelda\/espada-maestra-zelda-lagrimas-del-reino\/\">Espada maestra<\/a> y la Espada de Dark Link, ambas fielmente reproducidas. Por \u00faltimo, nuestra tienda ofrece muchas otras r\u00e9plicas de armas emblem\u00e1ticas. R\u00e9plique Manga Cin\u00e9 es la referencia para los aficionados a las espadas, sables y armas legendarias de los mayores universos de videojuegos.<\/p>","protected":false},"excerpt":{"rendered":"<p>Magn\u00edficas r\u00e9plicas de las dos espadas de Archer en Fate Stay Night<\/p>\n<ul>\n<li>Todo el acero con una forma espec\u00edfica<\/li>\n<li>La espada es roja y negra con el logotipo del Yin Yang en la parte superior de la hoja.<\/li>\n<li>La otra espada es de color acero y tambi\u00e9n lleva el logotipo del Yin Yang.<\/li>\n<li>Empu\u00f1adura recubierta de cuero para un agarre seguro<\/li>\n<li>Se suministra con fundas de cuero y correas de cordura.<\/li>\n<li>Longitud de cada hoja: 43,5 cm - Longitud total: 65,5 cm<\/li>\n<li>Peso individual: 1235 gr<\/li>\n<\/ul>","protected":false},"featured_media":79466,"template":"","meta":[],"product_brand":[896],"product_cat":[67],"product_tag":[],"class_list":{"0":"post-79459","1":"product","2":"type-product","3":"status-publish","4":"has-post-thumbnail","6":"product_brand-replique-manga-cine","7":"product_cat-katana-et-epee-de-jeux-video-autre-jeux-video","9":"first","10":"instock","11":"sale","12":"taxable","13":"shipping-taxable","14":"purchasable","15":"product-type-simple"},"yoast_head":"<!-- This site is optimized with the Yoast SEO plugin v27.5 - https:\/\/yoast.com\/product\/yoast-seo-wordpress\/ -->\n<title>\u00c9p\u00e9es d&#039;Archer Yin Yang - Fate Stay Night - R\u00e9plique Manga Cin\u00e9<\/title>\n<meta name=\"description\" content=\"Magnifiques r\u00e9pliques des deux \u00c9p\u00e9es d&#039;Archer &quot;Yin Yang&quot; dans Fate Stay Night. Tout en acier. Livr\u00e9 avec fourreau en cuir. Longueur de chaque \u00e9p\u00e9e 65 cm\" \/>\n<meta name=\"robots\" content=\"index, follow, max-snippet:-1, max-image-preview:large, max-video-preview:-1\" \/>\n<link rel=\"canonical\" href=\"https:\/\/repliquemangacine.fr\/es\/katana-y-espada-videojuego-otros-videojuegos\/epees-darcher-yin-yang-fate-stay-night\/\" \/>\n<meta property=\"og:locale\" content=\"es_ES\" \/>\n<meta property=\"og:type\" content=\"article\" \/>\n<meta property=\"og:title\" content=\"\u00c9p\u00e9es d&#039;Archer Yin Yang - Fate Stay Night - R\u00e9plique Manga Cin\u00e9\" \/>\n<meta property=\"og:description\" content=\"Magnifiques r\u00e9pliques des deux \u00c9p\u00e9es d&#039;Archer &quot;Yin Yang&quot; dans Fate Stay Night. Tout en acier. Livr\u00e9 avec fourreau en cuir. Longueur de chaque \u00e9p\u00e9e 65 cm\" \/>\n<meta property=\"og:url\" content=\"https:\/\/repliquemangacine.fr\/es\/katana-y-espada-videojuego-otros-videojuegos\/epees-darcher-yin-yang-fate-stay-night\/\" \/>\n<meta property=\"og:site_name\" content=\"R\u00e9plique Manga Cin\u00e9\" \/>\n<meta property=\"article:publisher\" content=\"https:\/\/www.facebook.com\/RepliqueMangaCine\" \/>\n<meta property=\"article:modified_time\" content=\"2025-11-09T17:29:12+00:00\" \/>\n<meta property=\"og:image\" content=\"https:\/\/repliquemangacine.fr\/wp-content\/uploads\/2024\/12\/Epees-dArcher-Yin-Yang-Fate-stay-Night.jpg\" \/>\n\t<meta property=\"og:image:width\" content=\"500\" \/>\n\t<meta property=\"og:image:height\" content=\"500\" \/>\n\t<meta property=\"og:image:type\" content=\"image\/jpeg\" \/>\n<meta name=\"twitter:card\" content=\"summary_large_image\" \/>\n<meta name=\"twitter:label1\" content=\"Tiempo de lectura\" \/>\n\t<meta name=\"twitter:data1\" content=\"3 minutos\" \/>\n<script type=\"application\/ld+json\" class=\"yoast-schema-graph\">{\"@context\":\"https:\\\/\\\/schema.org\",\"@graph\":[{\"@type\":\"WebPage\",\"@id\":\"https:\\\/\\\/repliquemangacine.fr\\\/katana-et-epee-de-jeux-video-autre-jeux-video\\\/epees-darcher-yin-yang-fate-stay-night\\\/\",\"url\":\"https:\\\/\\\/repliquemangacine.fr\\\/katana-et-epee-de-jeux-video-autre-jeux-video\\\/epees-darcher-yin-yang-fate-stay-night\\\/\",\"name\":\"\u00c9p\u00e9es d'Archer Yin Yang - Fate Stay Night - R\u00e9plique Manga Cin\u00e9\",\"isPartOf\":{\"@id\":\"https:\\\/\\\/repliquemangacine.fr\\\/#website\"},\"primaryImageOfPage\":{\"@id\":\"https:\\\/\\\/repliquemangacine.fr\\\/katana-et-epee-de-jeux-video-autre-jeux-video\\\/epees-darcher-yin-yang-fate-stay-night\\\/#primaryimage\"},\"image\":{\"@id\":\"https:\\\/\\\/repliquemangacine.fr\\\/katana-et-epee-de-jeux-video-autre-jeux-video\\\/epees-darcher-yin-yang-fate-stay-night\\\/#primaryimage\"},\"thumbnailUrl\":\"https:\\\/\\\/repliquemangacine.fr\\\/wp-content\\\/uploads\\\/2024\\\/12\\\/Epees-dArcher-Yin-Yang-Fate-stay-Night.jpg\",\"datePublished\":\"2024-12-08T16:38:47+00:00\",\"dateModified\":\"2025-11-09T17:29:12+00:00\",\"description\":\"Magnifiques r\u00e9pliques des deux \u00c9p\u00e9es d'Archer \\\"Yin Yang\\\" dans Fate Stay Night. Tout en acier. Livr\u00e9 avec fourreau en cuir. Longueur de chaque \u00e9p\u00e9e 65 cm\",\"breadcrumb\":{\"@id\":\"https:\\\/\\\/repliquemangacine.fr\\\/katana-et-epee-de-jeux-video-autre-jeux-video\\\/epees-darcher-yin-yang-fate-stay-night\\\/#breadcrumb\"},\"inLanguage\":\"es\",\"potentialAction\":[{\"@type\":\"ReadAction\",\"target\":[\"https:\\\/\\\/repliquemangacine.fr\\\/katana-et-epee-de-jeux-video-autre-jeux-video\\\/epees-darcher-yin-yang-fate-stay-night\\\/\"]}]},{\"@type\":\"ImageObject\",\"inLanguage\":\"es\",\"@id\":\"https:\\\/\\\/repliquemangacine.fr\\\/katana-et-epee-de-jeux-video-autre-jeux-video\\\/epees-darcher-yin-yang-fate-stay-night\\\/#primaryimage\",\"url\":\"https:\\\/\\\/repliquemangacine.fr\\\/wp-content\\\/uploads\\\/2024\\\/12\\\/Epees-dArcher-Yin-Yang-Fate-stay-Night.jpg\",\"contentUrl\":\"https:\\\/\\\/repliquemangacine.fr\\\/wp-content\\\/uploads\\\/2024\\\/12\\\/Epees-dArcher-Yin-Yang-Fate-stay-Night.jpg\",\"width\":500,\"height\":500,\"caption\":\"\u00c9p\u00e9es d'Archer Yin Yang\"},{\"@type\":\"BreadcrumbList\",\"@id\":\"https:\\\/\\\/repliquemangacine.fr\\\/katana-et-epee-de-jeux-video-autre-jeux-video\\\/epees-darcher-yin-yang-fate-stay-night\\\/#breadcrumb\",\"itemListElement\":[{\"@type\":\"ListItem\",\"position\":1,\"name\":\"Accueil\",\"item\":\"https:\\\/\\\/repliquemangacine.fr\\\/\"},{\"@type\":\"ListItem\",\"position\":2,\"name\":\"Produits\",\"item\":\"https:\\\/\\\/repliquemangacine.fr\\\/boutique\\\/\"},{\"@type\":\"ListItem\",\"position\":3,\"name\":\"\u00c9p\u00e9es d&#8217;Archer Yin Yang &#8211; Fate Stay Night\"}]},{\"@type\":\"WebSite\",\"@id\":\"https:\\\/\\\/repliquemangacine.fr\\\/#website\",\"url\":\"https:\\\/\\\/repliquemangacine.fr\\\/\",\"name\":\"R\u00e9plique Manga Cin\u00e9\",\"description\":\"\",\"publisher\":{\"@id\":\"https:\\\/\\\/repliquemangacine.fr\\\/#organization\"},\"potentialAction\":[{\"@type\":\"SearchAction\",\"target\":{\"@type\":\"EntryPoint\",\"urlTemplate\":\"https:\\\/\\\/repliquemangacine.fr\\\/?s={search_term_string}\"},\"query-input\":{\"@type\":\"PropertyValueSpecification\",\"valueRequired\":true,\"valueName\":\"search_term_string\"}}],\"inLanguage\":\"es\"},{\"@type\":\"Organization\",\"@id\":\"https:\\\/\\\/repliquemangacine.fr\\\/#organization\",\"name\":\"R\u00e9plique Manga Cin\u00e9\",\"url\":\"https:\\\/\\\/repliquemangacine.fr\\\/\",\"logo\":{\"@type\":\"ImageObject\",\"inLanguage\":\"es\",\"@id\":\"https:\\\/\\\/repliquemangacine.fr\\\/#\\\/schema\\\/logo\\\/image\\\/\",\"url\":\"https:\\\/\\\/repliquemangacine.fr\\\/wp-content\\\/uploads\\\/2023\\\/10\\\/RMC-500250.png\",\"contentUrl\":\"https:\\\/\\\/repliquemangacine.fr\\\/wp-content\\\/uploads\\\/2023\\\/10\\\/RMC-500250.png\",\"width\":500,\"height\":250,\"caption\":\"R\u00e9plique Manga Cin\u00e9\"},\"image\":{\"@id\":\"https:\\\/\\\/repliquemangacine.fr\\\/#\\\/schema\\\/logo\\\/image\\\/\"},\"sameAs\":[\"https:\\\/\\\/www.facebook.com\\\/RepliqueMangaCine\",\"https:\\\/\\\/www.instagram.com\\\/repliquemangacine.fr\\\/\"]}]}<\/script>\n<!-- \/ Yoast SEO plugin. -->","yoast_head_json":{"title":"Espadas Arquero Yin Yang - Destino Noche de Estancia - R\u00e9plique Manga Cin\u00e9","description":"Magn\u00edficas r\u00e9plicas de las dos Espadas Arquero \"Yin Yang\" de Fate Stay Night. Totalmente de acero. Se entregan con vaina de cuero. Longitud de cada espada 65 cm","robots":{"index":"index","follow":"follow","max-snippet":"max-snippet:-1","max-image-preview":"max-image-preview:large","max-video-preview":"max-video-preview:-1"},"canonical":"https:\/\/repliquemangacine.fr\/es\/katana-y-espada-videojuego-otros-videojuegos\/epees-darcher-yin-yang-fate-stay-night\/","og_locale":"es_ES","og_type":"article","og_title":"\u00c9p\u00e9es d'Archer Yin Yang - Fate Stay Night - R\u00e9plique Manga Cin\u00e9","og_description":"Magnifiques r\u00e9pliques des deux \u00c9p\u00e9es d'Archer \"Yin Yang\" dans Fate Stay Night. Tout en acier. Livr\u00e9 avec fourreau en cuir. Longueur de chaque \u00e9p\u00e9e 65 cm","og_url":"https:\/\/repliquemangacine.fr\/es\/katana-y-espada-videojuego-otros-videojuegos\/epees-darcher-yin-yang-fate-stay-night\/","og_site_name":"R\u00e9plique Manga Cin\u00e9","article_publisher":"https:\/\/www.facebook.com\/RepliqueMangaCine","article_modified_time":"2025-11-09T17:29:12+00:00","og_image":[{"width":500,"height":500,"url":"https:\/\/repliquemangacine.fr\/wp-content\/uploads\/2024\/12\/Epees-dArcher-Yin-Yang-Fate-stay-Night.jpg","type":"image\/jpeg"}],"twitter_card":"summary_large_image","twitter_misc":{"Tiempo de lectura":"3 minutos"},"schema":{"@context":"https:\/\/schema.org","@graph":[{"@type":"WebPage","@id":"https:\/\/repliquemangacine.fr\/katana-et-epee-de-jeux-video-autre-jeux-video\/epees-darcher-yin-yang-fate-stay-night\/","url":"https:\/\/repliquemangacine.fr\/katana-et-epee-de-jeux-video-autre-jeux-video\/epees-darcher-yin-yang-fate-stay-night\/","name":"Espadas Arquero Yin Yang - Destino Noche de Estancia - R\u00e9plique Manga Cin\u00e9","isPartOf":{"@id":"https:\/\/repliquemangacine.fr\/#website"},"primaryImageOfPage":{"@id":"https:\/\/repliquemangacine.fr\/katana-et-epee-de-jeux-video-autre-jeux-video\/epees-darcher-yin-yang-fate-stay-night\/#primaryimage"},"image":{"@id":"https:\/\/repliquemangacine.fr\/katana-et-epee-de-jeux-video-autre-jeux-video\/epees-darcher-yin-yang-fate-stay-night\/#primaryimage"},"thumbnailUrl":"https:\/\/repliquemangacine.fr\/wp-content\/uploads\/2024\/12\/Epees-dArcher-Yin-Yang-Fate-stay-Night.jpg","datePublished":"2024-12-08T16:38:47+00:00","dateModified":"2025-11-09T17:29:12+00:00","description":"Magn\u00edficas r\u00e9plicas de las dos Espadas Arquero \"Yin Yang\" de Fate Stay Night. Totalmente de acero. Se entregan con vaina de cuero. Longitud de cada espada 65 cm","breadcrumb":{"@id":"https:\/\/repliquemangacine.fr\/katana-et-epee-de-jeux-video-autre-jeux-video\/epees-darcher-yin-yang-fate-stay-night\/#breadcrumb"},"inLanguage":"es","potentialAction":[{"@type":"ReadAction","target":["https:\/\/repliquemangacine.fr\/katana-et-epee-de-jeux-video-autre-jeux-video\/epees-darcher-yin-yang-fate-stay-night\/"]}]},{"@type":"ImageObject","inLanguage":"es","@id":"https:\/\/repliquemangacine.fr\/katana-et-epee-de-jeux-video-autre-jeux-video\/epees-darcher-yin-yang-fate-stay-night\/#primaryimage","url":"https:\/\/repliquemangacine.fr\/wp-content\/uploads\/2024\/12\/Epees-dArcher-Yin-Yang-Fate-stay-Night.jpg","contentUrl":"https:\/\/repliquemangacine.fr\/wp-content\/uploads\/2024\/12\/Epees-dArcher-Yin-Yang-Fate-stay-Night.jpg","width":500,"height":500,"caption":"\u00c9p\u00e9es d'Archer Yin Yang"},{"@type":"BreadcrumbList","@id":"https:\/\/repliquemangacine.fr\/katana-et-epee-de-jeux-video-autre-jeux-video\/epees-darcher-yin-yang-fate-stay-night\/#breadcrumb","itemListElement":[{"@type":"ListItem","position":1,"name":"Accueil","item":"https:\/\/repliquemangacine.fr\/"},{"@type":"ListItem","position":2,"name":"Produits","item":"https:\/\/repliquemangacine.fr\/boutique\/"},{"@type":"ListItem","position":3,"name":"\u00c9p\u00e9es d&#8217;Archer Yin Yang &#8211; Fate Stay Night"}]},{"@type":"WebSite","@id":"https:\/\/repliquemangacine.fr\/#website","url":"https:\/\/repliquemangacine.fr\/","name":"R\u00e9plique Manga Cin\u00e9","description":"","publisher":{"@id":"https:\/\/repliquemangacine.fr\/#organization"},"potentialAction":[{"@type":"SearchAction","target":{"@type":"EntryPoint","urlTemplate":"https:\/\/repliquemangacine.fr\/?s={search_term_string}"},"query-input":{"@type":"PropertyValueSpecification","valueRequired":true,"valueName":"search_term_string"}}],"inLanguage":"es"},{"@type":"Organization","@id":"https:\/\/repliquemangacine.fr\/#organization","name":"R\u00e9plique Manga Cin\u00e9","url":"https:\/\/repliquemangacine.fr\/","logo":{"@type":"ImageObject","inLanguage":"es","@id":"https:\/\/repliquemangacine.fr\/#\/schema\/logo\/image\/","url":"https:\/\/repliquemangacine.fr\/wp-content\/uploads\/2023\/10\/RMC-500250.png","contentUrl":"https:\/\/repliquemangacine.fr\/wp-content\/uploads\/2023\/10\/RMC-500250.png","width":500,"height":250,"caption":"R\u00e9plique Manga Cin\u00e9"},"image":{"@id":"https:\/\/repliquemangacine.fr\/#\/schema\/logo\/image\/"},"sameAs":["https:\/\/www.facebook.com\/RepliqueMangaCine","https:\/\/www.instagram.com\/repliquemangacine.fr\/"]}]}},"_links":{"self":[{"href":"https:\/\/repliquemangacine.fr\/es\/wp-json\/wp\/v2\/product\/79459","targetHints":{"allow":["GET"]}}],"collection":[{"href":"https:\/\/repliquemangacine.fr\/es\/wp-json\/wp\/v2\/product"}],"about":[{"href":"https:\/\/repliquemangacine.fr\/es\/wp-json\/wp\/v2\/types\/product"}],"wp:featuredmedia":[{"embeddable":true,"href":"https:\/\/repliquemangacine.fr\/es\/wp-json\/wp\/v2\/media\/79466"}],"wp:attachment":[{"href":"https:\/\/repliquemangacine.fr\/es\/wp-json\/wp\/v2\/media?parent=79459"}],"wp:term":[{"taxonomy":"product_brand","embeddable":true,"href":"https:\/\/repliquemangacine.fr\/es\/wp-json\/wp\/v2\/product_brand?post=79459"},{"taxonomy":"product_cat","embeddable":true,"href":"https:\/\/repliquemangacine.fr\/es\/wp-json\/wp\/v2\/product_cat?post=79459"},{"taxonomy":"product_tag","embeddable":true,"href":"https:\/\/repliquemangacine.fr\/es\/wp-json\/wp\/v2\/product_tag?post=79459"}],"curies":[{"name":"wp","href":"https:\/\/api.w.org\/{rel}","templated":true}]}}