





{"id":79441,"date":"2024-12-08T15:19:27","date_gmt":"2024-12-08T14:19:27","guid":{"rendered":"https:\/\/repliquemangacine.fr\/?post_type=product&#038;p=79441"},"modified":"2025-12-21T23:00:23","modified_gmt":"2025-12-21T22:00:23","slug":"espada-pirata-rogers-dorada-espada-as","status":"publish","type":"product","link":"https:\/\/repliquemangacine.fr\/es\/katana-en-metal-one-piece\/sabre-du-pirate-gold-rogers-epee-de-ace\/","title":{"rendered":"Espada pirata Gold Rogers"},"content":{"rendered":"<h2>Gold Rogers Espada Pirata: Una leyenda afilada<\/h2>\n<p>Ante todo, la Espada Pirata Gold Rogers encarna el poder y el misterio del legendario Rey de los Piratas de \"One Piece\". Llamada Ace, es una de las 12 mejores espadas del mundo. Su t\u00e9cnica con esta espada es \"Tr\u00e9pas divin\", sostiene su espada en la mano derecha. Roger la balancea, creando una poderosa onda de choque para golpear a su oponente. De hecho, esta espada ha sido testigo de algunas de las batallas m\u00e1s duras y de aventuras mar\u00edtimas sin parang\u00f3n. Por eso sigue siendo un s\u00edmbolo de fuerza incomparable en el mundo de los piratas. Las historias en torno a la espada de Gold Roger no s\u00f3lo hablan de su incomparable habilidad como esgrimista. Sino tambi\u00e9n de la capacidad de la espada para resistir el paso del tiempo, despertando admiraci\u00f3n y codicia.  La reputaci\u00f3n de la espada, como la de su due\u00f1o, estimula la imaginaci\u00f3n de los aficionados. La espada es el centro de historias de valor y aventuras sin fin.<\/p>\n<h2>Espada pirata Gold Rogers: el \u00fanico se\u00f1or de los piratas<\/h2>\n<p>En primer lugar, Gold Roger, m\u00e1s correctamente conocido como Gol D. Roger. Una figura central y legendaria en el universo de \"One Piece\", el manga y el anime creados por Eiichiro Oda. Conocido como el \"Rey de los Piratas\", Rogers es el hombre que lleg\u00f3 al fin del mundo, Laughtale, la isla del tesoro definitiva donde yace el misterioso tesoro conocido como \"One Piece\".<a href=\"https:\/\/onepiece.fandom.com\/fr\/wiki\/One_Piece_Encyclop%C3%A9die\" target=\"_blank\" rel=\"noopener noreferrer\">Una pieza<\/a>\". Hacia el final de su vida, opt\u00f3 por entregarse a la Marina tras enterarse de que padec\u00eda una enfermedad incurable. Antes de su ejecuci\u00f3n, pronunci\u00f3 sus famosas \u00faltimas palabras, que inspiraron a gente de todo el mundo a hacerse a la mar en busca de \"One Piece\". Dijo: \"\u00bfMi tesoro? Si lo quieres, puedes tenerlo. B\u00fasquenlo. Lo he dejado todo en un lugar\". Estas palabras dieron inicio a la Gran Era Pirata.<\/p>\n<h2>Armas legendarias de One Piece<\/h2>\n<p>Para empezar, el universo de \"One Piece\" est\u00e1 lleno de armas legendarias.  Desde la espada de Gold Roger hasta armas antiguas que esconden poderes devastadores. Cabe destacar que cada pieza revela un fragmento de la rica y compleja historia del mundo de \"One Piece\".  Entre ellas se incluyen las<a href=\"https:\/\/repliquemangacine.fr\/es\/replica-de-videojuegos-manga\/purpura-enma-katana-una-pieza\/\">Espada Enma<\/a>en poder de Roronoa Zoro, destaca por su capacidad para drenar el Haki de su usuario. Tambi\u00e9n est\u00e1 Kikoku, la katana de Trafalgar Law, una espada maldita con un oscuro pasado.  Y el bast\u00f3n de Brook, el m\u00fasico esqueleto de la tripulaci\u00f3n. Para terminar, no olvidemos el famoso <a href=\"https:\/\/repliquemangacine.fr\/es\/replica-de-videojuegos-manga\/3-katanas-zoro\/\">tres espadas Zoro<\/a>. Juntas, estas espadas ilustran el camino de Zoro hacia la maestr\u00eda y su evoluci\u00f3n como espadach\u00edn. De hecho, cada espada contribuye a su leyenda en el mundo de \"One Piece\". En conclusi\u00f3n, sus armas ic\u00f3nicas son una adici\u00f3n esencial a tu colecci\u00f3n.<\/p>","protected":false},"excerpt":{"rendered":"<p>Magn\u00edfica r\u00e9plica de la espada pirata Gold Rogers de One Piece<\/p>\n<ul>\n<li>Hoja estrecha de acero tricolor<\/li>\n<li>Soporte de acero para ollas<\/li>\n<li>Mango recubierto de trenza de algod\u00f3n marr\u00f3n<\/li>\n<li>Vaina de madera lacada en negro con adornos amarillos.<\/li>\n<li>Longitud de la hoja: 65 cm - Longitud total: 101 cm con vaina<\/li>\n<li>Peso: 1075 g (1335 g con funda)<\/li>\n<\/ul>","protected":false},"featured_media":79443,"template":"","meta":[],"product_brand":[896],"product_cat":[123,36],"product_tag":[],"class_list":{"0":"post-79441","1":"product","2":"type-product","3":"status-publish","4":"has-post-thumbnail","6":"product_brand-replique-manga-cine","7":"product_cat-katana-en-metal-one-piece","8":"product_cat-katana-one-piece","10":"first","11":"instock","12":"taxable","13":"shipping-taxable","14":"purchasable","15":"product-type-simple"},"yoast_head":"<!-- This site is optimized with the Yoast SEO plugin v27.4 - https:\/\/yoast.com\/product\/yoast-seo-wordpress\/ -->\n<title>Sabre du pirate Gold Rogers - One Piece - R\u00e9plique Manga Cin\u00e9<\/title>\n<meta name=\"description\" content=\"Superbe Sabre du pirate Gold Rogers dans One Piece. Lame \u00e9troite en acier trois tons. Fourreau laqu\u00e9 noir. Garde cuill\u00e8re \u00e0 pot. 101 cm\" \/>\n<meta name=\"robots\" content=\"index, follow, max-snippet:-1, max-image-preview:large, max-video-preview:-1\" \/>\n<link rel=\"canonical\" href=\"https:\/\/repliquemangacine.fr\/es\/katana-de-metal-de-una-pieza\/espada-pirata-rogers-dorada-espada-as\/\" \/>\n<meta property=\"og:locale\" content=\"es_ES\" \/>\n<meta property=\"og:type\" content=\"article\" \/>\n<meta property=\"og:title\" content=\"Sabre du pirate Gold Rogers - One Piece - R\u00e9plique Manga Cin\u00e9\" \/>\n<meta property=\"og:description\" content=\"Superbe Sabre du pirate Gold Rogers dans One Piece. Lame \u00e9troite en acier trois tons. Fourreau laqu\u00e9 noir. Garde cuill\u00e8re \u00e0 pot. 101 cm\" \/>\n<meta property=\"og:url\" content=\"https:\/\/repliquemangacine.fr\/es\/katana-de-metal-de-una-pieza\/espada-pirata-rogers-dorada-espada-as\/\" \/>\n<meta property=\"og:site_name\" content=\"R\u00e9plique Manga Cin\u00e9\" \/>\n<meta property=\"article:publisher\" content=\"https:\/\/www.facebook.com\/RepliqueMangaCine\" \/>\n<meta property=\"article:modified_time\" content=\"2025-12-21T22:00:23+00:00\" \/>\n<meta property=\"og:image\" content=\"https:\/\/repliquemangacine.fr\/wp-content\/uploads\/2024\/12\/Sabre-du-pirate-Gold-Rogers-One-piece.jpg\" \/>\n\t<meta property=\"og:image:width\" content=\"500\" \/>\n\t<meta property=\"og:image:height\" content=\"500\" \/>\n\t<meta property=\"og:image:type\" content=\"image\/jpeg\" \/>\n<meta name=\"twitter:card\" content=\"summary_large_image\" \/>\n<meta name=\"twitter:label1\" content=\"Tiempo de lectura\" \/>\n\t<meta name=\"twitter:data1\" content=\"3 minutos\" \/>\n<script type=\"application\/ld+json\" class=\"yoast-schema-graph\">{\"@context\":\"https:\\\/\\\/schema.org\",\"@graph\":[{\"@type\":\"WebPage\",\"@id\":\"https:\\\/\\\/repliquemangacine.fr\\\/katana-en-metal-one-piece\\\/sabre-du-pirate-gold-rogers-epee-de-ace\\\/\",\"url\":\"https:\\\/\\\/repliquemangacine.fr\\\/katana-en-metal-one-piece\\\/sabre-du-pirate-gold-rogers-epee-de-ace\\\/\",\"name\":\"Sabre du pirate Gold Rogers - One Piece - R\u00e9plique Manga Cin\u00e9\",\"isPartOf\":{\"@id\":\"https:\\\/\\\/repliquemangacine.fr\\\/#website\"},\"primaryImageOfPage\":{\"@id\":\"https:\\\/\\\/repliquemangacine.fr\\\/katana-en-metal-one-piece\\\/sabre-du-pirate-gold-rogers-epee-de-ace\\\/#primaryimage\"},\"image\":{\"@id\":\"https:\\\/\\\/repliquemangacine.fr\\\/katana-en-metal-one-piece\\\/sabre-du-pirate-gold-rogers-epee-de-ace\\\/#primaryimage\"},\"thumbnailUrl\":\"https:\\\/\\\/repliquemangacine.fr\\\/wp-content\\\/uploads\\\/2024\\\/12\\\/Sabre-du-pirate-Gold-Rogers-One-piece.jpg\",\"datePublished\":\"2024-12-08T14:19:27+00:00\",\"dateModified\":\"2025-12-21T22:00:23+00:00\",\"description\":\"Superbe Sabre du pirate Gold Rogers dans One Piece. Lame \u00e9troite en acier trois tons. Fourreau laqu\u00e9 noir. Garde cuill\u00e8re \u00e0 pot. 101 cm\",\"breadcrumb\":{\"@id\":\"https:\\\/\\\/repliquemangacine.fr\\\/katana-en-metal-one-piece\\\/sabre-du-pirate-gold-rogers-epee-de-ace\\\/#breadcrumb\"},\"inLanguage\":\"es\",\"potentialAction\":[{\"@type\":\"ReadAction\",\"target\":[\"https:\\\/\\\/repliquemangacine.fr\\\/katana-en-metal-one-piece\\\/sabre-du-pirate-gold-rogers-epee-de-ace\\\/\"]}]},{\"@type\":\"ImageObject\",\"inLanguage\":\"es\",\"@id\":\"https:\\\/\\\/repliquemangacine.fr\\\/katana-en-metal-one-piece\\\/sabre-du-pirate-gold-rogers-epee-de-ace\\\/#primaryimage\",\"url\":\"https:\\\/\\\/repliquemangacine.fr\\\/wp-content\\\/uploads\\\/2024\\\/12\\\/Sabre-du-pirate-Gold-Rogers-One-piece.jpg\",\"contentUrl\":\"https:\\\/\\\/repliquemangacine.fr\\\/wp-content\\\/uploads\\\/2024\\\/12\\\/Sabre-du-pirate-Gold-Rogers-One-piece.jpg\",\"width\":500,\"height\":500,\"caption\":\"Sabre du pirate Gold Rogers dans One Piece\"},{\"@type\":\"BreadcrumbList\",\"@id\":\"https:\\\/\\\/repliquemangacine.fr\\\/katana-en-metal-one-piece\\\/sabre-du-pirate-gold-rogers-epee-de-ace\\\/#breadcrumb\",\"itemListElement\":[{\"@type\":\"ListItem\",\"position\":1,\"name\":\"Accueil\",\"item\":\"https:\\\/\\\/repliquemangacine.fr\\\/\"},{\"@type\":\"ListItem\",\"position\":2,\"name\":\"Produits\",\"item\":\"https:\\\/\\\/repliquemangacine.fr\\\/boutique\\\/\"},{\"@type\":\"ListItem\",\"position\":3,\"name\":\"Sabre du pirate Gold Rogers\"}]},{\"@type\":\"WebSite\",\"@id\":\"https:\\\/\\\/repliquemangacine.fr\\\/#website\",\"url\":\"https:\\\/\\\/repliquemangacine.fr\\\/\",\"name\":\"R\u00e9plique Manga Cin\u00e9\",\"description\":\"\",\"publisher\":{\"@id\":\"https:\\\/\\\/repliquemangacine.fr\\\/#organization\"},\"potentialAction\":[{\"@type\":\"SearchAction\",\"target\":{\"@type\":\"EntryPoint\",\"urlTemplate\":\"https:\\\/\\\/repliquemangacine.fr\\\/?s={search_term_string}\"},\"query-input\":{\"@type\":\"PropertyValueSpecification\",\"valueRequired\":true,\"valueName\":\"search_term_string\"}}],\"inLanguage\":\"es\"},{\"@type\":\"Organization\",\"@id\":\"https:\\\/\\\/repliquemangacine.fr\\\/#organization\",\"name\":\"R\u00e9plique Manga Cin\u00e9\",\"url\":\"https:\\\/\\\/repliquemangacine.fr\\\/\",\"logo\":{\"@type\":\"ImageObject\",\"inLanguage\":\"es\",\"@id\":\"https:\\\/\\\/repliquemangacine.fr\\\/#\\\/schema\\\/logo\\\/image\\\/\",\"url\":\"https:\\\/\\\/repliquemangacine.fr\\\/wp-content\\\/uploads\\\/2023\\\/10\\\/RMC-500250.png\",\"contentUrl\":\"https:\\\/\\\/repliquemangacine.fr\\\/wp-content\\\/uploads\\\/2023\\\/10\\\/RMC-500250.png\",\"width\":500,\"height\":250,\"caption\":\"R\u00e9plique Manga Cin\u00e9\"},\"image\":{\"@id\":\"https:\\\/\\\/repliquemangacine.fr\\\/#\\\/schema\\\/logo\\\/image\\\/\"},\"sameAs\":[\"https:\\\/\\\/www.facebook.com\\\/RepliqueMangaCine\",\"https:\\\/\\\/www.instagram.com\\\/repliquemangacine.fr\\\/\"]}]}<\/script>\n<!-- \/ Yoast SEO plugin. -->","yoast_head_json":{"title":"Gold Rogers Espada Pirata - One Piece - R\u00e9plique Manga Cin\u00e9","description":"Magn\u00edfica espada pirata Gold Rogers de One Piece. Hoja estrecha de acero tricolor. Vaina lacada en negro. Guarda de cuchara. 101 cm de largo","robots":{"index":"index","follow":"follow","max-snippet":"max-snippet:-1","max-image-preview":"max-image-preview:large","max-video-preview":"max-video-preview:-1"},"canonical":"https:\/\/repliquemangacine.fr\/es\/katana-de-metal-de-una-pieza\/espada-pirata-rogers-dorada-espada-as\/","og_locale":"es_ES","og_type":"article","og_title":"Sabre du pirate Gold Rogers - One Piece - R\u00e9plique Manga Cin\u00e9","og_description":"Superbe Sabre du pirate Gold Rogers dans One Piece. Lame \u00e9troite en acier trois tons. Fourreau laqu\u00e9 noir. Garde cuill\u00e8re \u00e0 pot. 101 cm","og_url":"https:\/\/repliquemangacine.fr\/es\/katana-de-metal-de-una-pieza\/espada-pirata-rogers-dorada-espada-as\/","og_site_name":"R\u00e9plique Manga Cin\u00e9","article_publisher":"https:\/\/www.facebook.com\/RepliqueMangaCine","article_modified_time":"2025-12-21T22:00:23+00:00","og_image":[{"width":500,"height":500,"url":"https:\/\/repliquemangacine.fr\/wp-content\/uploads\/2024\/12\/Sabre-du-pirate-Gold-Rogers-One-piece.jpg","type":"image\/jpeg"}],"twitter_card":"summary_large_image","twitter_misc":{"Tiempo de lectura":"3 minutos"},"schema":{"@context":"https:\/\/schema.org","@graph":[{"@type":"WebPage","@id":"https:\/\/repliquemangacine.fr\/katana-en-metal-one-piece\/sabre-du-pirate-gold-rogers-epee-de-ace\/","url":"https:\/\/repliquemangacine.fr\/katana-en-metal-one-piece\/sabre-du-pirate-gold-rogers-epee-de-ace\/","name":"Gold Rogers Espada Pirata - One Piece - R\u00e9plique Manga Cin\u00e9","isPartOf":{"@id":"https:\/\/repliquemangacine.fr\/#website"},"primaryImageOfPage":{"@id":"https:\/\/repliquemangacine.fr\/katana-en-metal-one-piece\/sabre-du-pirate-gold-rogers-epee-de-ace\/#primaryimage"},"image":{"@id":"https:\/\/repliquemangacine.fr\/katana-en-metal-one-piece\/sabre-du-pirate-gold-rogers-epee-de-ace\/#primaryimage"},"thumbnailUrl":"https:\/\/repliquemangacine.fr\/wp-content\/uploads\/2024\/12\/Sabre-du-pirate-Gold-Rogers-One-piece.jpg","datePublished":"2024-12-08T14:19:27+00:00","dateModified":"2025-12-21T22:00:23+00:00","description":"Magn\u00edfica espada pirata Gold Rogers de One Piece. Hoja estrecha de acero tricolor. Vaina lacada en negro. Guarda de cuchara. 101 cm de largo","breadcrumb":{"@id":"https:\/\/repliquemangacine.fr\/katana-en-metal-one-piece\/sabre-du-pirate-gold-rogers-epee-de-ace\/#breadcrumb"},"inLanguage":"es","potentialAction":[{"@type":"ReadAction","target":["https:\/\/repliquemangacine.fr\/katana-en-metal-one-piece\/sabre-du-pirate-gold-rogers-epee-de-ace\/"]}]},{"@type":"ImageObject","inLanguage":"es","@id":"https:\/\/repliquemangacine.fr\/katana-en-metal-one-piece\/sabre-du-pirate-gold-rogers-epee-de-ace\/#primaryimage","url":"https:\/\/repliquemangacine.fr\/wp-content\/uploads\/2024\/12\/Sabre-du-pirate-Gold-Rogers-One-piece.jpg","contentUrl":"https:\/\/repliquemangacine.fr\/wp-content\/uploads\/2024\/12\/Sabre-du-pirate-Gold-Rogers-One-piece.jpg","width":500,"height":500,"caption":"Sabre du pirate Gold Rogers dans One Piece"},{"@type":"BreadcrumbList","@id":"https:\/\/repliquemangacine.fr\/katana-en-metal-one-piece\/sabre-du-pirate-gold-rogers-epee-de-ace\/#breadcrumb","itemListElement":[{"@type":"ListItem","position":1,"name":"Accueil","item":"https:\/\/repliquemangacine.fr\/"},{"@type":"ListItem","position":2,"name":"Produits","item":"https:\/\/repliquemangacine.fr\/boutique\/"},{"@type":"ListItem","position":3,"name":"Sabre du pirate Gold Rogers"}]},{"@type":"WebSite","@id":"https:\/\/repliquemangacine.fr\/#website","url":"https:\/\/repliquemangacine.fr\/","name":"R\u00e9plique Manga Cin\u00e9","description":"","publisher":{"@id":"https:\/\/repliquemangacine.fr\/#organization"},"potentialAction":[{"@type":"SearchAction","target":{"@type":"EntryPoint","urlTemplate":"https:\/\/repliquemangacine.fr\/?s={search_term_string}"},"query-input":{"@type":"PropertyValueSpecification","valueRequired":true,"valueName":"search_term_string"}}],"inLanguage":"es"},{"@type":"Organization","@id":"https:\/\/repliquemangacine.fr\/#organization","name":"R\u00e9plique Manga Cin\u00e9","url":"https:\/\/repliquemangacine.fr\/","logo":{"@type":"ImageObject","inLanguage":"es","@id":"https:\/\/repliquemangacine.fr\/#\/schema\/logo\/image\/","url":"https:\/\/repliquemangacine.fr\/wp-content\/uploads\/2023\/10\/RMC-500250.png","contentUrl":"https:\/\/repliquemangacine.fr\/wp-content\/uploads\/2023\/10\/RMC-500250.png","width":500,"height":250,"caption":"R\u00e9plique Manga Cin\u00e9"},"image":{"@id":"https:\/\/repliquemangacine.fr\/#\/schema\/logo\/image\/"},"sameAs":["https:\/\/www.facebook.com\/RepliqueMangaCine","https:\/\/www.instagram.com\/repliquemangacine.fr\/"]}]}},"_links":{"self":[{"href":"https:\/\/repliquemangacine.fr\/es\/wp-json\/wp\/v2\/product\/79441","targetHints":{"allow":["GET"]}}],"collection":[{"href":"https:\/\/repliquemangacine.fr\/es\/wp-json\/wp\/v2\/product"}],"about":[{"href":"https:\/\/repliquemangacine.fr\/es\/wp-json\/wp\/v2\/types\/product"}],"wp:featuredmedia":[{"embeddable":true,"href":"https:\/\/repliquemangacine.fr\/es\/wp-json\/wp\/v2\/media\/79443"}],"wp:attachment":[{"href":"https:\/\/repliquemangacine.fr\/es\/wp-json\/wp\/v2\/media?parent=79441"}],"wp:term":[{"taxonomy":"product_brand","embeddable":true,"href":"https:\/\/repliquemangacine.fr\/es\/wp-json\/wp\/v2\/product_brand?post=79441"},{"taxonomy":"product_cat","embeddable":true,"href":"https:\/\/repliquemangacine.fr\/es\/wp-json\/wp\/v2\/product_cat?post=79441"},{"taxonomy":"product_tag","embeddable":true,"href":"https:\/\/repliquemangacine.fr\/es\/wp-json\/wp\/v2\/product_tag?post=79441"}],"curies":[{"name":"wp","href":"https:\/\/api.w.org\/{rel}","templated":true}]}}