





{"id":79402,"date":"2024-12-08T12:21:18","date_gmt":"2024-12-08T11:21:18","guid":{"rendered":"https:\/\/repliquemangacine.fr\/?post_type=product&#038;p=79402"},"modified":"2025-12-24T00:08:42","modified_gmt":"2025-12-23T23:08:42","slug":"tanto-dichigo-kurosaki-zanpakuto-bleach","status":"publish","type":"product","link":"https:\/\/repliquemangacine.fr\/es\/katana-bleach\/tanto-dichigo-kurosaki-zanpakuto-bleach\/","title":{"rendered":"Tanto d'ichigo Kurosaki - Zanpakuto Bleach"},"content":{"rendered":"<h2>Tanto de Ichigo Kurosaki: una r\u00e9plica fiel y elegante del Zangetsu en miniatura.<\/h2>\n<p>En primer lugar, descubra el Tanto de Ichigo Kurosaki, una r\u00e9plica excepcional inspirada en el legendario Zangetsu de <a href=\"https:\/\/bleach.fandom.com\/fr\/wiki\/Bleach_Wiki\" target=\"_blank\" rel=\"noopener noreferrer\">Lej\u00eda<\/a>. La hoja de acero negro simboliza la energ\u00eda espiritual del portador. El mango est\u00e1 recubierto de una trenza de algod\u00f3n negro para un agarre c\u00f3modo y aut\u00e9ntico. Una peque\u00f1a cadena met\u00e1lica se sujeta a la empu\u00f1adura, a\u00f1adiendo un toque de fidelidad anime. La guarda de ABS tiene una forma espec\u00edfica, perfectamente reproducida para un aspecto realista. Su funda lacada en negro protege la hoja y refuerza su est\u00e9tica sobria y potente. Se entrega con un soporte de ABS, ideal para exponerla en una colecci\u00f3n. Con una longitud de hoja de 28 cm y una longitud total de 45 cm, esta r\u00e9plica es perfecta para todos los fans de Bleach y del poderoso Shinigami Ichigo Kurosaki.<\/p>\n<h2>Shikai y Bankai: el poder evolutivo del Zanpakut\u014d en Bleach<\/h2>\n<p>En Bleach, los Zanpakut\u014d tienen dos formas de evoluci\u00f3n: Shikai y Bankai. Cada Shinigami debe desbloquear su Shikai estableciendo un profundo v\u00ednculo con su espada. Adem\u00e1s, esta primera transformaci\u00f3n revela parte del verdadero poder del arma. Por ejemplo, Zangetsu en Shikai se convierte en una enorme espada que Ichigo blande con la velocidad del rayo. El Bankai, por otro lado, es una transformaci\u00f3n definitiva que desata todo el poder de la espada. Ichigo activa su Bankai, Tensa Zangetsu, que transforma su espada en una katana m\u00e1s fina y r\u00e1pida, aumentando exponencialmente sus habilidades. Cabe destacar que cada Shinigami posee un Bankai \u00fanico, que amplifica sus poderes de forma espectacular. Byakuya Kuchiki, T\u014dshir\u014d Hitsugaya y Rukia Kuchiki tienen Bankai con habilidades impresionantes. Este Tanto inspirado en Zangetsu es un homenaje perfecto a la evoluci\u00f3n del Zanpakut\u014d en el universo Bleach.<\/p>\n<h2>R\u00e9plica Manga Cine: el mundo de Bleach en katanas y r\u00e9plicas \u00fanicas<\/h2>\n<p>En Replica Manga Cine, sum\u00e9rgete en el mundo de los Shinigami con fieles r\u00e9plicas de las katanas de Bleach. Descubre el legendario<a href=\"https:\/\/repliquemangacine.fr\/es\/blanqueador-katana\/doble-zangetsu-ichigo-bleach-zanpakuto\/\"> Zangetsu de Ichigo<\/a>en versi\u00f3n simple o doble Zangetsu, inspirado en su fusi\u00f3n con su Hollow interior. Tambi\u00e9n est\u00e1n los sublimes <a href=\"https:\/\/repliquemangacine.fr\/es\/blanqueador-katana\/katana-rukia-zanpakuto-shirayuki-rukia-kuchiki\/\">Espadas Rukia Kuchiki<\/a>Byakuya Kuchiki y T\u014dshir\u014d Hitsugaya, disponibles en versiones de metal o madera. Nuestras r\u00e9plicas est\u00e1n dise\u00f1adas con materiales de alta calidad, perfectas para coleccionistas y entusiastas del cosplay. Por \u00faltimo, tanto si eres fan del Bankai de Senbonzakura, el <a href=\"https:\/\/repliquemangacine.fr\/es\/blanqueador-katana\/katana-de-toshiro-hitsugaya-zanpakuto-hyorinmaru\/\">El g\u00e9lido Hy\u014drinmaru de Hitsugaya.<\/a> o la Sode no Shirayuki de Rukia, tenemos la katana para ti. En conclusi\u00f3n, nuestras espadas combinan realismo y detalles minuciosos para una inmersi\u00f3n total en el universo Bleach. Encuentra tu arma Shinigami ideal en R\u00e9plique Manga Cine, la tienda imprescindible para los amantes de las espadas y los objetos de colecci\u00f3n.<\/p>","protected":false},"excerpt":{"rendered":"<p>Magn\u00edfica r\u00e9plica en mini-katana (tanto) de Ichigo Kurosaki inspirada en el manga Bleach.<\/p>\n<ul>\n<li>Hoja de acero negro<\/li>\n<li>Mango recubierto de trenza de algod\u00f3n negro<\/li>\n<li>Cadena peque\u00f1a<\/li>\n<li>Protector ABS con forma espec\u00edfica<\/li>\n<li>Funda lacada en negro<\/li>\n<li>Se suministra con un peque\u00f1o soporte de ABS.<\/li>\n<li>Longitud de la hoja: 28 cm - Longitud total: 45 cm<\/li>\n<li>Peso: 260 g con funda<\/li>\n<\/ul>","protected":false},"featured_media":79405,"template":"","meta":[],"product_brand":[896],"product_cat":[30],"product_tag":[],"class_list":{"0":"post-79402","1":"product","2":"type-product","3":"status-publish","4":"has-post-thumbnail","6":"product_brand-replique-manga-cine","7":"product_cat-katana-bleach","9":"first","10":"instock","11":"taxable","12":"shipping-taxable","13":"purchasable","14":"product-type-simple"},"yoast_head":"<!-- This site is optimized with the Yoast SEO plugin v27.4 - https:\/\/yoast.com\/product\/yoast-seo-wordpress\/ -->\n<title>Tanto d&#039;ichigo Kurosaki - Zanpakuto Bleach - R\u00e9plique Manga Cin\u00e9<\/title>\n<meta name=\"description\" content=\"D\u00e9couvrez ce superbe Tanto d&#039;ichigo Kurosaki dans Bleach. Ce mini Zanpakuto \u00e0 une lame en acier. Garde en ABS. Livr\u00e9 avec son support. 45 cm\" \/>\n<meta name=\"robots\" content=\"index, follow, max-snippet:-1, max-image-preview:large, max-video-preview:-1\" \/>\n<link rel=\"canonical\" href=\"https:\/\/repliquemangacine.fr\/es\/blanqueador-katana\/tanto-dichigo-kurosaki-zanpakuto-bleach\/\" \/>\n<meta property=\"og:locale\" content=\"es_ES\" \/>\n<meta property=\"og:type\" content=\"article\" \/>\n<meta property=\"og:title\" content=\"Tanto d&#039;ichigo Kurosaki - Zanpakuto Bleach - R\u00e9plique Manga Cin\u00e9\" \/>\n<meta property=\"og:description\" content=\"D\u00e9couvrez ce superbe Tanto d&#039;ichigo Kurosaki dans Bleach. Ce mini Zanpakuto \u00e0 une lame en acier. Garde en ABS. Livr\u00e9 avec son support. 45 cm\" \/>\n<meta property=\"og:url\" content=\"https:\/\/repliquemangacine.fr\/es\/blanqueador-katana\/tanto-dichigo-kurosaki-zanpakuto-bleach\/\" \/>\n<meta property=\"og:site_name\" content=\"R\u00e9plique Manga Cin\u00e9\" \/>\n<meta property=\"article:publisher\" content=\"https:\/\/www.facebook.com\/RepliqueMangaCine\" \/>\n<meta property=\"article:modified_time\" content=\"2025-12-23T23:08:42+00:00\" \/>\n<meta property=\"og:image\" content=\"https:\/\/repliquemangacine.fr\/wp-content\/uploads\/2024\/12\/Tanto-dichigo-Kurosaki.jpg\" \/>\n\t<meta property=\"og:image:width\" content=\"500\" \/>\n\t<meta property=\"og:image:height\" content=\"500\" \/>\n\t<meta property=\"og:image:type\" content=\"image\/jpeg\" \/>\n<meta name=\"twitter:card\" content=\"summary_large_image\" \/>\n<meta name=\"twitter:label1\" content=\"Tiempo de lectura\" \/>\n\t<meta name=\"twitter:data1\" content=\"3 minutos\" \/>\n<script type=\"application\/ld+json\" class=\"yoast-schema-graph\">{\"@context\":\"https:\\\/\\\/schema.org\",\"@graph\":[{\"@type\":\"WebPage\",\"@id\":\"https:\\\/\\\/repliquemangacine.fr\\\/katana-bleach\\\/tanto-dichigo-kurosaki-zanpakuto-bleach\\\/\",\"url\":\"https:\\\/\\\/repliquemangacine.fr\\\/katana-bleach\\\/tanto-dichigo-kurosaki-zanpakuto-bleach\\\/\",\"name\":\"Tanto d'ichigo Kurosaki - Zanpakuto Bleach - R\u00e9plique Manga Cin\u00e9\",\"isPartOf\":{\"@id\":\"https:\\\/\\\/repliquemangacine.fr\\\/#website\"},\"primaryImageOfPage\":{\"@id\":\"https:\\\/\\\/repliquemangacine.fr\\\/katana-bleach\\\/tanto-dichigo-kurosaki-zanpakuto-bleach\\\/#primaryimage\"},\"image\":{\"@id\":\"https:\\\/\\\/repliquemangacine.fr\\\/katana-bleach\\\/tanto-dichigo-kurosaki-zanpakuto-bleach\\\/#primaryimage\"},\"thumbnailUrl\":\"https:\\\/\\\/repliquemangacine.fr\\\/wp-content\\\/uploads\\\/2024\\\/12\\\/Tanto-dichigo-Kurosaki.jpg\",\"datePublished\":\"2024-12-08T11:21:18+00:00\",\"dateModified\":\"2025-12-23T23:08:42+00:00\",\"description\":\"D\u00e9couvrez ce superbe Tanto d'ichigo Kurosaki dans Bleach. Ce mini Zanpakuto \u00e0 une lame en acier. Garde en ABS. Livr\u00e9 avec son support. 45 cm\",\"breadcrumb\":{\"@id\":\"https:\\\/\\\/repliquemangacine.fr\\\/katana-bleach\\\/tanto-dichigo-kurosaki-zanpakuto-bleach\\\/#breadcrumb\"},\"inLanguage\":\"es\",\"potentialAction\":[{\"@type\":\"ReadAction\",\"target\":[\"https:\\\/\\\/repliquemangacine.fr\\\/katana-bleach\\\/tanto-dichigo-kurosaki-zanpakuto-bleach\\\/\"]}]},{\"@type\":\"ImageObject\",\"inLanguage\":\"es\",\"@id\":\"https:\\\/\\\/repliquemangacine.fr\\\/katana-bleach\\\/tanto-dichigo-kurosaki-zanpakuto-bleach\\\/#primaryimage\",\"url\":\"https:\\\/\\\/repliquemangacine.fr\\\/wp-content\\\/uploads\\\/2024\\\/12\\\/Tanto-dichigo-Kurosaki.jpg\",\"contentUrl\":\"https:\\\/\\\/repliquemangacine.fr\\\/wp-content\\\/uploads\\\/2024\\\/12\\\/Tanto-dichigo-Kurosaki.jpg\",\"width\":500,\"height\":500,\"caption\":\"Tanto d'ichigo Kurosaki dans Bleach\"},{\"@type\":\"BreadcrumbList\",\"@id\":\"https:\\\/\\\/repliquemangacine.fr\\\/katana-bleach\\\/tanto-dichigo-kurosaki-zanpakuto-bleach\\\/#breadcrumb\",\"itemListElement\":[{\"@type\":\"ListItem\",\"position\":1,\"name\":\"Accueil\",\"item\":\"https:\\\/\\\/repliquemangacine.fr\\\/\"},{\"@type\":\"ListItem\",\"position\":2,\"name\":\"Produits\",\"item\":\"https:\\\/\\\/repliquemangacine.fr\\\/boutique\\\/\"},{\"@type\":\"ListItem\",\"position\":3,\"name\":\"Tanto d&#8217;ichigo Kurosaki &#8211; Zanpakuto Bleach\"}]},{\"@type\":\"WebSite\",\"@id\":\"https:\\\/\\\/repliquemangacine.fr\\\/#website\",\"url\":\"https:\\\/\\\/repliquemangacine.fr\\\/\",\"name\":\"R\u00e9plique Manga Cin\u00e9\",\"description\":\"\",\"publisher\":{\"@id\":\"https:\\\/\\\/repliquemangacine.fr\\\/#organization\"},\"potentialAction\":[{\"@type\":\"SearchAction\",\"target\":{\"@type\":\"EntryPoint\",\"urlTemplate\":\"https:\\\/\\\/repliquemangacine.fr\\\/?s={search_term_string}\"},\"query-input\":{\"@type\":\"PropertyValueSpecification\",\"valueRequired\":true,\"valueName\":\"search_term_string\"}}],\"inLanguage\":\"es\"},{\"@type\":\"Organization\",\"@id\":\"https:\\\/\\\/repliquemangacine.fr\\\/#organization\",\"name\":\"R\u00e9plique Manga Cin\u00e9\",\"url\":\"https:\\\/\\\/repliquemangacine.fr\\\/\",\"logo\":{\"@type\":\"ImageObject\",\"inLanguage\":\"es\",\"@id\":\"https:\\\/\\\/repliquemangacine.fr\\\/#\\\/schema\\\/logo\\\/image\\\/\",\"url\":\"https:\\\/\\\/repliquemangacine.fr\\\/wp-content\\\/uploads\\\/2023\\\/10\\\/RMC-500250.png\",\"contentUrl\":\"https:\\\/\\\/repliquemangacine.fr\\\/wp-content\\\/uploads\\\/2023\\\/10\\\/RMC-500250.png\",\"width\":500,\"height\":250,\"caption\":\"R\u00e9plique Manga Cin\u00e9\"},\"image\":{\"@id\":\"https:\\\/\\\/repliquemangacine.fr\\\/#\\\/schema\\\/logo\\\/image\\\/\"},\"sameAs\":[\"https:\\\/\\\/www.facebook.com\\\/RepliqueMangaCine\",\"https:\\\/\\\/www.instagram.com\\\/repliquemangacine.fr\\\/\"]}]}<\/script>\n<!-- \/ Yoast SEO plugin. -->","yoast_head_json":{"title":"Tanto d'ichigo Kurosaki - Zanpakuto Bleach - R\u00e9plique Manga Cin\u00e9","description":"Echa un vistazo a este magn\u00edfico Tanto de ichigo Kurosaki en Bleach. Este mini Zanpakuto tiene una hoja de acero. Guarda en ABS. Se entrega con su soporte. 45 cm de largo","robots":{"index":"index","follow":"follow","max-snippet":"max-snippet:-1","max-image-preview":"max-image-preview:large","max-video-preview":"max-video-preview:-1"},"canonical":"https:\/\/repliquemangacine.fr\/es\/blanqueador-katana\/tanto-dichigo-kurosaki-zanpakuto-bleach\/","og_locale":"es_ES","og_type":"article","og_title":"Tanto d'ichigo Kurosaki - Zanpakuto Bleach - R\u00e9plique Manga Cin\u00e9","og_description":"D\u00e9couvrez ce superbe Tanto d'ichigo Kurosaki dans Bleach. Ce mini Zanpakuto \u00e0 une lame en acier. Garde en ABS. Livr\u00e9 avec son support. 45 cm","og_url":"https:\/\/repliquemangacine.fr\/es\/blanqueador-katana\/tanto-dichigo-kurosaki-zanpakuto-bleach\/","og_site_name":"R\u00e9plique Manga Cin\u00e9","article_publisher":"https:\/\/www.facebook.com\/RepliqueMangaCine","article_modified_time":"2025-12-23T23:08:42+00:00","og_image":[{"width":500,"height":500,"url":"https:\/\/repliquemangacine.fr\/wp-content\/uploads\/2024\/12\/Tanto-dichigo-Kurosaki.jpg","type":"image\/jpeg"}],"twitter_card":"summary_large_image","twitter_misc":{"Tiempo de lectura":"3 minutos"},"schema":{"@context":"https:\/\/schema.org","@graph":[{"@type":"WebPage","@id":"https:\/\/repliquemangacine.fr\/katana-bleach\/tanto-dichigo-kurosaki-zanpakuto-bleach\/","url":"https:\/\/repliquemangacine.fr\/katana-bleach\/tanto-dichigo-kurosaki-zanpakuto-bleach\/","name":"Tanto d'ichigo Kurosaki - Zanpakuto Bleach - R\u00e9plique Manga Cin\u00e9","isPartOf":{"@id":"https:\/\/repliquemangacine.fr\/#website"},"primaryImageOfPage":{"@id":"https:\/\/repliquemangacine.fr\/katana-bleach\/tanto-dichigo-kurosaki-zanpakuto-bleach\/#primaryimage"},"image":{"@id":"https:\/\/repliquemangacine.fr\/katana-bleach\/tanto-dichigo-kurosaki-zanpakuto-bleach\/#primaryimage"},"thumbnailUrl":"https:\/\/repliquemangacine.fr\/wp-content\/uploads\/2024\/12\/Tanto-dichigo-Kurosaki.jpg","datePublished":"2024-12-08T11:21:18+00:00","dateModified":"2025-12-23T23:08:42+00:00","description":"Echa un vistazo a este magn\u00edfico Tanto de ichigo Kurosaki en Bleach. Este mini Zanpakuto tiene una hoja de acero. Guarda en ABS. Se entrega con su soporte. 45 cm de largo","breadcrumb":{"@id":"https:\/\/repliquemangacine.fr\/katana-bleach\/tanto-dichigo-kurosaki-zanpakuto-bleach\/#breadcrumb"},"inLanguage":"es","potentialAction":[{"@type":"ReadAction","target":["https:\/\/repliquemangacine.fr\/katana-bleach\/tanto-dichigo-kurosaki-zanpakuto-bleach\/"]}]},{"@type":"ImageObject","inLanguage":"es","@id":"https:\/\/repliquemangacine.fr\/katana-bleach\/tanto-dichigo-kurosaki-zanpakuto-bleach\/#primaryimage","url":"https:\/\/repliquemangacine.fr\/wp-content\/uploads\/2024\/12\/Tanto-dichigo-Kurosaki.jpg","contentUrl":"https:\/\/repliquemangacine.fr\/wp-content\/uploads\/2024\/12\/Tanto-dichigo-Kurosaki.jpg","width":500,"height":500,"caption":"Tanto d'ichigo Kurosaki dans Bleach"},{"@type":"BreadcrumbList","@id":"https:\/\/repliquemangacine.fr\/katana-bleach\/tanto-dichigo-kurosaki-zanpakuto-bleach\/#breadcrumb","itemListElement":[{"@type":"ListItem","position":1,"name":"Accueil","item":"https:\/\/repliquemangacine.fr\/"},{"@type":"ListItem","position":2,"name":"Produits","item":"https:\/\/repliquemangacine.fr\/boutique\/"},{"@type":"ListItem","position":3,"name":"Tanto d&#8217;ichigo Kurosaki &#8211; Zanpakuto Bleach"}]},{"@type":"WebSite","@id":"https:\/\/repliquemangacine.fr\/#website","url":"https:\/\/repliquemangacine.fr\/","name":"R\u00e9plique Manga Cin\u00e9","description":"","publisher":{"@id":"https:\/\/repliquemangacine.fr\/#organization"},"potentialAction":[{"@type":"SearchAction","target":{"@type":"EntryPoint","urlTemplate":"https:\/\/repliquemangacine.fr\/?s={search_term_string}"},"query-input":{"@type":"PropertyValueSpecification","valueRequired":true,"valueName":"search_term_string"}}],"inLanguage":"es"},{"@type":"Organization","@id":"https:\/\/repliquemangacine.fr\/#organization","name":"R\u00e9plique Manga Cin\u00e9","url":"https:\/\/repliquemangacine.fr\/","logo":{"@type":"ImageObject","inLanguage":"es","@id":"https:\/\/repliquemangacine.fr\/#\/schema\/logo\/image\/","url":"https:\/\/repliquemangacine.fr\/wp-content\/uploads\/2023\/10\/RMC-500250.png","contentUrl":"https:\/\/repliquemangacine.fr\/wp-content\/uploads\/2023\/10\/RMC-500250.png","width":500,"height":250,"caption":"R\u00e9plique Manga Cin\u00e9"},"image":{"@id":"https:\/\/repliquemangacine.fr\/#\/schema\/logo\/image\/"},"sameAs":["https:\/\/www.facebook.com\/RepliqueMangaCine","https:\/\/www.instagram.com\/repliquemangacine.fr\/"]}]}},"_links":{"self":[{"href":"https:\/\/repliquemangacine.fr\/es\/wp-json\/wp\/v2\/product\/79402","targetHints":{"allow":["GET"]}}],"collection":[{"href":"https:\/\/repliquemangacine.fr\/es\/wp-json\/wp\/v2\/product"}],"about":[{"href":"https:\/\/repliquemangacine.fr\/es\/wp-json\/wp\/v2\/types\/product"}],"wp:featuredmedia":[{"embeddable":true,"href":"https:\/\/repliquemangacine.fr\/es\/wp-json\/wp\/v2\/media\/79405"}],"wp:attachment":[{"href":"https:\/\/repliquemangacine.fr\/es\/wp-json\/wp\/v2\/media?parent=79402"}],"wp:term":[{"taxonomy":"product_brand","embeddable":true,"href":"https:\/\/repliquemangacine.fr\/es\/wp-json\/wp\/v2\/product_brand?post=79402"},{"taxonomy":"product_cat","embeddable":true,"href":"https:\/\/repliquemangacine.fr\/es\/wp-json\/wp\/v2\/product_cat?post=79402"},{"taxonomy":"product_tag","embeddable":true,"href":"https:\/\/repliquemangacine.fr\/es\/wp-json\/wp\/v2\/product_tag?post=79402"}],"curies":[{"name":"wp","href":"https:\/\/api.w.org\/{rel}","templated":true}]}}