





{"id":79395,"date":"2024-12-08T11:58:51","date_gmt":"2024-12-08T10:58:51","guid":{"rendered":"https:\/\/repliquemangacine.fr\/?post_type=product&#038;p=79395"},"modified":"2026-04-15T12:55:16","modified_gmt":"2026-04-15T10:55:16","slug":"tanto-por-giyu-tomioka-cazador-de-demonios","status":"publish","type":"product","link":"https:\/\/repliquemangacine.fr\/es\/tanto-mini-katana-demon-slayer\/tanto-de-giyu-tomioka-demon-slayer\/","title":{"rendered":"Tanto de Giyu Tomioka - Cazador de demonios"},"content":{"rendered":"<h2>Mini Katana o Tanto de Giyu Tomioka: Una r\u00e9plica aut\u00e9ntica y meticulosa<\/h2>\n<p>En primer lugar, la mini katana o Tanto de Giyu Tomioka, una pieza imprescindible para los fans de Demon Slayer. Su hoja mide 28 cm y tiene una longitud total de 45 cm. Fabricada en acero de alta calidad con un acabado en tres tonos y un elegante grabado que recuerda al arma original del Pilar del Agua. Compacta y fiel a los detalles, perfecta para exponerla. Cada detalle de la hoja refleja el poder y el dominio de Giyu.<\/p>\n<p>A continuaci\u00f3n, el mango recubierto con una trenza de algod\u00f3n blanco, que ofrece un dise\u00f1o aut\u00e9ntico y un agarre agradable. La guarda de acero adopta una forma espec\u00edfica, fiel a la que se ve en <a href=\"https:\/\/kimetsu-no-yaiba.fandom.com\/wiki\/Kimetsu_no_Yaiba_Wiki\" target=\"_blank\" rel=\"noopener noreferrer\">Cazador de demonios<\/a>. A\u00f1adiendo un toque de elegancia y precisi\u00f3n al conjunto. Cada elemento de esta r\u00e9plica est\u00e1 dise\u00f1ado para capturar el esp\u00edritu de la espada de Giyu Tomioka. La armon\u00eda entre la empu\u00f1adura y la hoja hace de ella una pieza de rara delicadeza.<\/p>\n<h2>Una colecci\u00f3n inigualable: Katanas y miniatanas Demon Slayer, incluidas las Light Blades<\/h2>\n<p>Nuestro sitio te ofrece una completa colecci\u00f3n de katanas y mini katanas del cautivador universo de Demon Slayer, con r\u00e9plicas fieles y opciones innovadoras. Encuentra la intensa katana negra de Tanjiro Kamado, s\u00edmbolo de su valent\u00eda, o la <a href=\"https:\/\/repliquemangacine.fr\/es\/katana-de-acero-kimetsu-no-yaiba-metal-katana-demon-slayer\/zenitsu-agatsuma-katana-mata-demonios\/\">Katana amarilla el\u00e9ctrica Zenitsu<\/a> Agatsuma, adornada con espectaculares motivos en forma de rayos. Los fans de Kyojuro Rengoku, el carism\u00e1tico Pilar de la Llama, adorar\u00e1n su llamativa hoja en tonos rojos y naranjas. En cuanto a Muichiro Tokito, Pilar de la Niebla, su katana luce una est\u00e9tica refinada y relajante.<\/p>\n<p>Para darle un toque de modernidad, descubra nuestros <a href=\"https:\/\/repliquemangacine.fr\/es\/katana-luz-cazademonios\/\">katanas luminosas<\/a>Estas versiones \u00fanicas, como la katana Trafalgar Law, combinan tradici\u00f3n e innovaci\u00f3n, transformando su colecci\u00f3n en una experiencia espectacular. Estas versiones \u00fanicas, como la katana de la Ley de Trafalgar, combinan tradici\u00f3n e innovaci\u00f3n, transformando su colecci\u00f3n en una experiencia espectacular. Una pieza imprescindible para todos los aficionados y coleccionistas apasionados.<\/p>\n<h2>C\u00f3mo cuidar la hoja de su Mini Katana o Tanto Giyu Tomioka<\/h2>\n<p>Para preservar la belleza y longevidad de su mini katana o tanto Giyu Tomioka. El mantenimiento regular es esencial. Empiece limpiando la hoja con un pa\u00f1o suave y seco despu\u00e9s de cada uso para eliminar cualquier huella dactilar, polvo o residuo que pudiera da\u00f1ar su superficie. A continuaci\u00f3n, aplique una fina capa de aceite protector, como por ejemplo<a href=\"https:\/\/repliquemangacine.fr\/es\/armas-historicas\/aceite-ballistol-universal\/\">Aceite universal Ballistol<\/a>para evitar la oxidaci\u00f3n y la corrosi\u00f3n. En conclusi\u00f3n, un mantenimiento cuidadoso garantizar\u00e1 que su r\u00e9plica de Demon Slayer tenga un aspecto impecable y dure m\u00e1s tiempo.<\/p>","protected":false},"excerpt":{"rendered":"<p>Magn\u00edfica mini katana (tanto) r\u00e9plica de Giyu Tomioka inspirada en el manga animado Demon Slayer<\/p>\n<ul>\n<li>Hoja de acero tricolor con grabado<\/li>\n<li>Mango recubierto de trenza de algod\u00f3n blanco<\/li>\n<li>Protector de acero con forma especial<\/li>\n<li>Funda lacada en negro<\/li>\n<li>Se suministra con un peque\u00f1o soporte de ABS.<\/li>\n<li>Longitud de la hoja: 28 cm - Longitud total: 45 cm<\/li>\n<li>Peso: 238 g con vaina<\/li>\n<\/ul>","protected":false},"featured_media":79396,"template":"","meta":[],"product_brand":[896],"product_cat":[63,118],"product_tag":[],"class_list":{"0":"post-79395","1":"product","2":"type-product","3":"status-publish","4":"has-post-thumbnail","6":"product_brand-replique-manga-cine","7":"product_cat-katana-demon-slayer","8":"product_cat-tanto-mini-katana-demon-slayer","10":"first","11":"instock","12":"taxable","13":"shipping-taxable","14":"purchasable","15":"product-type-simple"},"yoast_head":"<!-- This site is optimized with the Yoast SEO plugin v27.4 - https:\/\/yoast.com\/product\/yoast-seo-wordpress\/ -->\n<title>Tanto de Giyu Tomioka - Demon Slayer - R\u00e9plique Manga Cin\u00e9<\/title>\n<meta name=\"description\" content=\"D\u00e9couvrez ce superbe Tanto de Giyu Tomioka inspir\u00e9 de Demon Slayer. Lame en acier avec gravure. Fourreau laqu\u00e9. Support \u00e0 poser. 45 cm\" \/>\n<meta name=\"robots\" content=\"index, follow, max-snippet:-1, max-image-preview:large, max-video-preview:-1\" \/>\n<link rel=\"canonical\" href=\"https:\/\/repliquemangacine.fr\/es\/tanto-mini-katana-demon-slayer\/tanto-por-giyu-tomioka-cazador-de-demonios\/\" \/>\n<meta property=\"og:locale\" content=\"es_ES\" \/>\n<meta property=\"og:type\" content=\"article\" \/>\n<meta property=\"og:title\" content=\"Tanto de Giyu Tomioka - Demon Slayer - R\u00e9plique Manga Cin\u00e9\" \/>\n<meta property=\"og:description\" content=\"D\u00e9couvrez ce superbe Tanto de Giyu Tomioka inspir\u00e9 de Demon Slayer. Lame en acier avec gravure. Fourreau laqu\u00e9. Support \u00e0 poser. 45 cm\" \/>\n<meta property=\"og:url\" content=\"https:\/\/repliquemangacine.fr\/es\/tanto-mini-katana-demon-slayer\/tanto-por-giyu-tomioka-cazador-de-demonios\/\" \/>\n<meta property=\"og:site_name\" content=\"R\u00e9plique Manga Cin\u00e9\" \/>\n<meta property=\"article:publisher\" content=\"https:\/\/www.facebook.com\/RepliqueMangaCine\" \/>\n<meta property=\"article:modified_time\" content=\"2026-04-15T10:55:16+00:00\" \/>\n<meta property=\"og:image\" content=\"https:\/\/repliquemangacine.fr\/wp-content\/uploads\/2024\/12\/Tanto-de-Giyu-Tomioka-demon-slayer.jpg\" \/>\n\t<meta property=\"og:image:width\" content=\"500\" \/>\n\t<meta property=\"og:image:height\" content=\"500\" \/>\n\t<meta property=\"og:image:type\" content=\"image\/jpeg\" \/>\n<meta name=\"twitter:card\" content=\"summary_large_image\" \/>\n<meta name=\"twitter:label1\" content=\"Tiempo de lectura\" \/>\n\t<meta name=\"twitter:data1\" content=\"3 minutos\" \/>\n<script type=\"application\/ld+json\" class=\"yoast-schema-graph\">{\"@context\":\"https:\\\/\\\/schema.org\",\"@graph\":[{\"@type\":\"WebPage\",\"@id\":\"https:\\\/\\\/repliquemangacine.fr\\\/tanto-mini-katana-demon-slayer\\\/tanto-de-giyu-tomioka-demon-slayer\\\/\",\"url\":\"https:\\\/\\\/repliquemangacine.fr\\\/tanto-mini-katana-demon-slayer\\\/tanto-de-giyu-tomioka-demon-slayer\\\/\",\"name\":\"Tanto de Giyu Tomioka - Demon Slayer - R\u00e9plique Manga Cin\u00e9\",\"isPartOf\":{\"@id\":\"https:\\\/\\\/repliquemangacine.fr\\\/#website\"},\"primaryImageOfPage\":{\"@id\":\"https:\\\/\\\/repliquemangacine.fr\\\/tanto-mini-katana-demon-slayer\\\/tanto-de-giyu-tomioka-demon-slayer\\\/#primaryimage\"},\"image\":{\"@id\":\"https:\\\/\\\/repliquemangacine.fr\\\/tanto-mini-katana-demon-slayer\\\/tanto-de-giyu-tomioka-demon-slayer\\\/#primaryimage\"},\"thumbnailUrl\":\"https:\\\/\\\/repliquemangacine.fr\\\/wp-content\\\/uploads\\\/2024\\\/12\\\/Tanto-de-Giyu-Tomioka-demon-slayer.jpg\",\"datePublished\":\"2024-12-08T10:58:51+00:00\",\"dateModified\":\"2026-04-15T10:55:16+00:00\",\"description\":\"D\u00e9couvrez ce superbe Tanto de Giyu Tomioka inspir\u00e9 de Demon Slayer. Lame en acier avec gravure. Fourreau laqu\u00e9. Support \u00e0 poser. 45 cm\",\"breadcrumb\":{\"@id\":\"https:\\\/\\\/repliquemangacine.fr\\\/tanto-mini-katana-demon-slayer\\\/tanto-de-giyu-tomioka-demon-slayer\\\/#breadcrumb\"},\"inLanguage\":\"es\",\"potentialAction\":[{\"@type\":\"ReadAction\",\"target\":[\"https:\\\/\\\/repliquemangacine.fr\\\/tanto-mini-katana-demon-slayer\\\/tanto-de-giyu-tomioka-demon-slayer\\\/\"]}]},{\"@type\":\"ImageObject\",\"inLanguage\":\"es\",\"@id\":\"https:\\\/\\\/repliquemangacine.fr\\\/tanto-mini-katana-demon-slayer\\\/tanto-de-giyu-tomioka-demon-slayer\\\/#primaryimage\",\"url\":\"https:\\\/\\\/repliquemangacine.fr\\\/wp-content\\\/uploads\\\/2024\\\/12\\\/Tanto-de-Giyu-Tomioka-demon-slayer.jpg\",\"contentUrl\":\"https:\\\/\\\/repliquemangacine.fr\\\/wp-content\\\/uploads\\\/2024\\\/12\\\/Tanto-de-Giyu-Tomioka-demon-slayer.jpg\",\"width\":500,\"height\":500,\"caption\":\"Tanto de Giyu Tomioka Demon Slayer\"},{\"@type\":\"BreadcrumbList\",\"@id\":\"https:\\\/\\\/repliquemangacine.fr\\\/tanto-mini-katana-demon-slayer\\\/tanto-de-giyu-tomioka-demon-slayer\\\/#breadcrumb\",\"itemListElement\":[{\"@type\":\"ListItem\",\"position\":1,\"name\":\"Accueil\",\"item\":\"https:\\\/\\\/repliquemangacine.fr\\\/\"},{\"@type\":\"ListItem\",\"position\":2,\"name\":\"Produits\",\"item\":\"https:\\\/\\\/repliquemangacine.fr\\\/boutique\\\/\"},{\"@type\":\"ListItem\",\"position\":3,\"name\":\"Tanto de Giyu Tomioka &#8211; Demon Slayer\"}]},{\"@type\":\"WebSite\",\"@id\":\"https:\\\/\\\/repliquemangacine.fr\\\/#website\",\"url\":\"https:\\\/\\\/repliquemangacine.fr\\\/\",\"name\":\"R\u00e9plique Manga Cin\u00e9\",\"description\":\"\",\"publisher\":{\"@id\":\"https:\\\/\\\/repliquemangacine.fr\\\/#organization\"},\"potentialAction\":[{\"@type\":\"SearchAction\",\"target\":{\"@type\":\"EntryPoint\",\"urlTemplate\":\"https:\\\/\\\/repliquemangacine.fr\\\/?s={search_term_string}\"},\"query-input\":{\"@type\":\"PropertyValueSpecification\",\"valueRequired\":true,\"valueName\":\"search_term_string\"}}],\"inLanguage\":\"es\"},{\"@type\":\"Organization\",\"@id\":\"https:\\\/\\\/repliquemangacine.fr\\\/#organization\",\"name\":\"R\u00e9plique Manga Cin\u00e9\",\"url\":\"https:\\\/\\\/repliquemangacine.fr\\\/\",\"logo\":{\"@type\":\"ImageObject\",\"inLanguage\":\"es\",\"@id\":\"https:\\\/\\\/repliquemangacine.fr\\\/#\\\/schema\\\/logo\\\/image\\\/\",\"url\":\"https:\\\/\\\/repliquemangacine.fr\\\/wp-content\\\/uploads\\\/2023\\\/10\\\/RMC-500250.png\",\"contentUrl\":\"https:\\\/\\\/repliquemangacine.fr\\\/wp-content\\\/uploads\\\/2023\\\/10\\\/RMC-500250.png\",\"width\":500,\"height\":250,\"caption\":\"R\u00e9plique Manga Cin\u00e9\"},\"image\":{\"@id\":\"https:\\\/\\\/repliquemangacine.fr\\\/#\\\/schema\\\/logo\\\/image\\\/\"},\"sameAs\":[\"https:\\\/\\\/www.facebook.com\\\/RepliqueMangaCine\",\"https:\\\/\\\/www.instagram.com\\\/repliquemangacine.fr\\\/\"]}]}<\/script>\n<!-- \/ Yoast SEO plugin. -->","yoast_head_json":{"title":"Tanto de Giyu Tomioka - Demon Slayer - R\u00e9plique Manga Cin\u00e9","description":"Descubra este magn\u00edfico Tanto de Giyu Tomioka inspirado en Demon Slayer. Hoja de acero con grabado. Vaina lacada. Soporte. 45 cm de largo","robots":{"index":"index","follow":"follow","max-snippet":"max-snippet:-1","max-image-preview":"max-image-preview:large","max-video-preview":"max-video-preview:-1"},"canonical":"https:\/\/repliquemangacine.fr\/es\/tanto-mini-katana-demon-slayer\/tanto-por-giyu-tomioka-cazador-de-demonios\/","og_locale":"es_ES","og_type":"article","og_title":"Tanto de Giyu Tomioka - Demon Slayer - R\u00e9plique Manga Cin\u00e9","og_description":"D\u00e9couvrez ce superbe Tanto de Giyu Tomioka inspir\u00e9 de Demon Slayer. Lame en acier avec gravure. Fourreau laqu\u00e9. Support \u00e0 poser. 45 cm","og_url":"https:\/\/repliquemangacine.fr\/es\/tanto-mini-katana-demon-slayer\/tanto-por-giyu-tomioka-cazador-de-demonios\/","og_site_name":"R\u00e9plique Manga Cin\u00e9","article_publisher":"https:\/\/www.facebook.com\/RepliqueMangaCine","article_modified_time":"2026-04-15T10:55:16+00:00","og_image":[{"width":500,"height":500,"url":"https:\/\/repliquemangacine.fr\/wp-content\/uploads\/2024\/12\/Tanto-de-Giyu-Tomioka-demon-slayer.jpg","type":"image\/jpeg"}],"twitter_card":"summary_large_image","twitter_misc":{"Tiempo de lectura":"3 minutos"},"schema":{"@context":"https:\/\/schema.org","@graph":[{"@type":"WebPage","@id":"https:\/\/repliquemangacine.fr\/tanto-mini-katana-demon-slayer\/tanto-de-giyu-tomioka-demon-slayer\/","url":"https:\/\/repliquemangacine.fr\/tanto-mini-katana-demon-slayer\/tanto-de-giyu-tomioka-demon-slayer\/","name":"Tanto de Giyu Tomioka - Demon Slayer - R\u00e9plique Manga Cin\u00e9","isPartOf":{"@id":"https:\/\/repliquemangacine.fr\/#website"},"primaryImageOfPage":{"@id":"https:\/\/repliquemangacine.fr\/tanto-mini-katana-demon-slayer\/tanto-de-giyu-tomioka-demon-slayer\/#primaryimage"},"image":{"@id":"https:\/\/repliquemangacine.fr\/tanto-mini-katana-demon-slayer\/tanto-de-giyu-tomioka-demon-slayer\/#primaryimage"},"thumbnailUrl":"https:\/\/repliquemangacine.fr\/wp-content\/uploads\/2024\/12\/Tanto-de-Giyu-Tomioka-demon-slayer.jpg","datePublished":"2024-12-08T10:58:51+00:00","dateModified":"2026-04-15T10:55:16+00:00","description":"Descubra este magn\u00edfico Tanto de Giyu Tomioka inspirado en Demon Slayer. Hoja de acero con grabado. Vaina lacada. Soporte. 45 cm de largo","breadcrumb":{"@id":"https:\/\/repliquemangacine.fr\/tanto-mini-katana-demon-slayer\/tanto-de-giyu-tomioka-demon-slayer\/#breadcrumb"},"inLanguage":"es","potentialAction":[{"@type":"ReadAction","target":["https:\/\/repliquemangacine.fr\/tanto-mini-katana-demon-slayer\/tanto-de-giyu-tomioka-demon-slayer\/"]}]},{"@type":"ImageObject","inLanguage":"es","@id":"https:\/\/repliquemangacine.fr\/tanto-mini-katana-demon-slayer\/tanto-de-giyu-tomioka-demon-slayer\/#primaryimage","url":"https:\/\/repliquemangacine.fr\/wp-content\/uploads\/2024\/12\/Tanto-de-Giyu-Tomioka-demon-slayer.jpg","contentUrl":"https:\/\/repliquemangacine.fr\/wp-content\/uploads\/2024\/12\/Tanto-de-Giyu-Tomioka-demon-slayer.jpg","width":500,"height":500,"caption":"Tanto de Giyu Tomioka Demon Slayer"},{"@type":"BreadcrumbList","@id":"https:\/\/repliquemangacine.fr\/tanto-mini-katana-demon-slayer\/tanto-de-giyu-tomioka-demon-slayer\/#breadcrumb","itemListElement":[{"@type":"ListItem","position":1,"name":"Accueil","item":"https:\/\/repliquemangacine.fr\/"},{"@type":"ListItem","position":2,"name":"Produits","item":"https:\/\/repliquemangacine.fr\/boutique\/"},{"@type":"ListItem","position":3,"name":"Tanto de Giyu Tomioka &#8211; Demon Slayer"}]},{"@type":"WebSite","@id":"https:\/\/repliquemangacine.fr\/#website","url":"https:\/\/repliquemangacine.fr\/","name":"R\u00e9plique Manga Cin\u00e9","description":"","publisher":{"@id":"https:\/\/repliquemangacine.fr\/#organization"},"potentialAction":[{"@type":"SearchAction","target":{"@type":"EntryPoint","urlTemplate":"https:\/\/repliquemangacine.fr\/?s={search_term_string}"},"query-input":{"@type":"PropertyValueSpecification","valueRequired":true,"valueName":"search_term_string"}}],"inLanguage":"es"},{"@type":"Organization","@id":"https:\/\/repliquemangacine.fr\/#organization","name":"R\u00e9plique Manga Cin\u00e9","url":"https:\/\/repliquemangacine.fr\/","logo":{"@type":"ImageObject","inLanguage":"es","@id":"https:\/\/repliquemangacine.fr\/#\/schema\/logo\/image\/","url":"https:\/\/repliquemangacine.fr\/wp-content\/uploads\/2023\/10\/RMC-500250.png","contentUrl":"https:\/\/repliquemangacine.fr\/wp-content\/uploads\/2023\/10\/RMC-500250.png","width":500,"height":250,"caption":"R\u00e9plique Manga Cin\u00e9"},"image":{"@id":"https:\/\/repliquemangacine.fr\/#\/schema\/logo\/image\/"},"sameAs":["https:\/\/www.facebook.com\/RepliqueMangaCine","https:\/\/www.instagram.com\/repliquemangacine.fr\/"]}]}},"_links":{"self":[{"href":"https:\/\/repliquemangacine.fr\/es\/wp-json\/wp\/v2\/product\/79395","targetHints":{"allow":["GET"]}}],"collection":[{"href":"https:\/\/repliquemangacine.fr\/es\/wp-json\/wp\/v2\/product"}],"about":[{"href":"https:\/\/repliquemangacine.fr\/es\/wp-json\/wp\/v2\/types\/product"}],"wp:featuredmedia":[{"embeddable":true,"href":"https:\/\/repliquemangacine.fr\/es\/wp-json\/wp\/v2\/media\/79396"}],"wp:attachment":[{"href":"https:\/\/repliquemangacine.fr\/es\/wp-json\/wp\/v2\/media?parent=79395"}],"wp:term":[{"taxonomy":"product_brand","embeddable":true,"href":"https:\/\/repliquemangacine.fr\/es\/wp-json\/wp\/v2\/product_brand?post=79395"},{"taxonomy":"product_cat","embeddable":true,"href":"https:\/\/repliquemangacine.fr\/es\/wp-json\/wp\/v2\/product_cat?post=79395"},{"taxonomy":"product_tag","embeddable":true,"href":"https:\/\/repliquemangacine.fr\/es\/wp-json\/wp\/v2\/product_tag?post=79395"}],"curies":[{"name":"wp","href":"https:\/\/api.w.org\/{rel}","templated":true}]}}