





{"id":79359,"date":"2024-12-07T19:35:35","date_gmt":"2024-12-07T18:35:35","guid":{"rendered":"https:\/\/repliquemangacine.fr\/?post_type=product&#038;p=79359"},"modified":"2025-12-16T21:36:01","modified_gmt":"2025-12-16T20:36:01","slug":"tanto-de-zenitsu-agatsuma-demon-slayer","status":"publish","type":"product","link":"https:\/\/repliquemangacine.fr\/es\/tanto-mini-katana-demon-slayer\/tanto-de-zenitsu-agatsuma-demon-slayer\/","title":{"rendered":"Tanto de Zenitsu Agatsuma - Demon Slayer"},"content":{"rendered":"<h2>Tanto de Zenitsu Agatsuma: Hoja del Rayo Amarillo del Asesino de Demonios<\/h2>\n<p>Para empezar, el <strong>Tanto de Zenitsu Agatsuma<\/strong>tomada de la famosa serie Demon Slayer, es un objeto \u00fanico e ic\u00f3nico. Con una hoja de acero adornada con un brillante motivo de llamas amarillas. Esta r\u00e9plica es la encarnaci\u00f3n perfecta de la energ\u00eda y la velocidad del rayo de Zenitsu. Con unas medidas totales de 45 cm, esta minikatana combina est\u00e9tica y maniobrabilidad, al igual que su due\u00f1o en el anime. Su cautivador dise\u00f1o y la atenci\u00f3n que presta a los detalles la convierten en una pieza imprescindible para los fans de la serie. En definitiva, es perfecta para lucirla con orgullo o para usarla en impresionantes cosplays.<\/p>\n<h2>Una mini katana \u00fanica fiel al esp\u00edritu del Zenitsu<\/h2>\n<p>Este tanto, con su vaina de madera lacada en blanco, refleja la singular personalidad de Zenitsu Agatsuma: pureza y brillo. Su hoja, decorada con llamas amarillas, representa el poder de la t\u00e9cnica del Aliento del Rayo. F\u00e1cil de manejar gracias a su tama\u00f1o compacto, esta r\u00e9plica captura la esencia misma del combate r\u00e1pido y preciso de Zenitsu. A medio camino entre un arma y una obra de arte, gustar\u00e1 por igual a los aficionados de <a href=\"https:\/\/demon-slayer.fr\/wiki\/\">Cazador de demonios<\/a> Aficionados a las r\u00e9plicas japonesas. Su peque\u00f1o tama\u00f1o tambi\u00e9n la hace ideal para una exposici\u00f3n o para completar un disfraz fiel al personaje.<\/p>\n<h2>Descubra el Zenitsu Tanto y otras r\u00e9plicas excepcionales<\/h2>\n<p>En R\u00e9plique Manga Cin\u00e9, el tanto de Zenitsu Agatsuma se une a una colecci\u00f3n de armas japonesas ic\u00f3nicas. Perfecta para a\u00f1adir a tu universo de Demon Slayer, es el complemento perfecto a nuestra <a href=\"https:\/\/repliquemangacine.fr\/es\/katana-luz-cazademonios\/\">katanas luminosas<\/a> inspirados en Tanjiro y Rengoku. Nuestros productos est\u00e1n cuidadosamente dise\u00f1ados para satisfacer a los fans del anime y la cultura japonesa. Ya sea para regalo, coleccionismo o cosplay, esta hoja de 45 cm, con su refinada vaina blanca y brillante decoraci\u00f3n, es una aut\u00e9ntica joya. Explore tambi\u00e9n nuestras otras r\u00e9plicas, como la <a href=\"https:\/\/repliquemangacine.fr\/es\/katana-de-metal-de-una-pieza\/\">katanas de One Piece<\/a> o <a href=\"https:\/\/repliquemangacine.fr\/es\/epee-the-witcher\/\">espadas de The Witcher<\/a>Sum\u00e9rjase en un mundo de autenticidad y pasi\u00f3n.<\/p>","protected":false},"excerpt":{"rendered":"<p>Echa un vistazo a esta magn\u00edfica minikatana (Tanto) de Zenitsu Agatsuman en Demon Slayer.<\/p>\n<ul>\n<li>Hoja de acero bicolor con llama amarilla<\/li>\n<li>Protector met\u00e1lico con forma especial<\/li>\n<li>Vaina de madera lacada en blanco<\/li>\n<li>Se suministra con un peque\u00f1o soporte de ABS<\/li>\n<li>Longitud de la hoja: 28 cm - Longitud total: 45 cm<\/li>\n<li>Peso con vaina: 235 g<\/li>\n<\/ul>","protected":false},"featured_media":79361,"template":"","meta":[],"product_brand":[896],"product_cat":[63,118],"product_tag":[],"class_list":{"0":"post-79359","1":"product","2":"type-product","3":"status-publish","4":"has-post-thumbnail","6":"product_brand-replique-manga-cine","7":"product_cat-katana-demon-slayer","8":"product_cat-tanto-mini-katana-demon-slayer","10":"first","11":"instock","12":"taxable","13":"shipping-taxable","14":"purchasable","15":"product-type-simple"},"yoast_head":"<!-- This site is optimized with the Yoast SEO plugin v27.4 - https:\/\/yoast.com\/product\/yoast-seo-wordpress\/ -->\n<title>Tanto de Zenitsu Agatsuma - Demon Slayer - R\u00e9plique Manga Cin\u00e9<\/title>\n<meta name=\"description\" content=\"D\u00e9couvrez ce superbe Tanto de Zenitsu Agatsuma dans D\u00e9mon Slayer. Lame en acier d\u00e9cor\u00e9 d&#039;une flamme jaune. Fourreau bois laqu\u00e9 blanc. Support. 45 cm\" \/>\n<meta name=\"robots\" content=\"index, follow, max-snippet:-1, max-image-preview:large, max-video-preview:-1\" \/>\n<link rel=\"canonical\" href=\"https:\/\/repliquemangacine.fr\/es\/tanto-mini-katana-demon-slayer\/tanto-de-zenitsu-agatsuma-demon-slayer\/\" \/>\n<meta property=\"og:locale\" content=\"es_ES\" \/>\n<meta property=\"og:type\" content=\"article\" \/>\n<meta property=\"og:title\" content=\"Tanto de Zenitsu Agatsuma - Demon Slayer - R\u00e9plique Manga Cin\u00e9\" \/>\n<meta property=\"og:description\" content=\"D\u00e9couvrez ce superbe Tanto de Zenitsu Agatsuma dans D\u00e9mon Slayer. Lame en acier d\u00e9cor\u00e9 d&#039;une flamme jaune. Fourreau bois laqu\u00e9 blanc. Support. 45 cm\" \/>\n<meta property=\"og:url\" content=\"https:\/\/repliquemangacine.fr\/es\/tanto-mini-katana-demon-slayer\/tanto-de-zenitsu-agatsuma-demon-slayer\/\" \/>\n<meta property=\"og:site_name\" content=\"R\u00e9plique Manga Cin\u00e9\" \/>\n<meta property=\"article:publisher\" content=\"https:\/\/www.facebook.com\/RepliqueMangaCine\" \/>\n<meta property=\"article:modified_time\" content=\"2025-12-16T20:36:01+00:00\" \/>\n<meta property=\"og:image\" content=\"https:\/\/repliquemangacine.fr\/wp-content\/uploads\/2024\/12\/Tanto-de-Zenitsu-Agatsuma.jpg\" \/>\n\t<meta property=\"og:image:width\" content=\"500\" \/>\n\t<meta property=\"og:image:height\" content=\"500\" \/>\n\t<meta property=\"og:image:type\" content=\"image\/jpeg\" \/>\n<meta name=\"twitter:card\" content=\"summary_large_image\" \/>\n<meta name=\"twitter:label1\" content=\"Tiempo de lectura\" \/>\n\t<meta name=\"twitter:data1\" content=\"2 minutos\" \/>\n<script type=\"application\/ld+json\" class=\"yoast-schema-graph\">{\"@context\":\"https:\\\/\\\/schema.org\",\"@graph\":[{\"@type\":\"WebPage\",\"@id\":\"https:\\\/\\\/repliquemangacine.fr\\\/tanto-mini-katana-demon-slayer\\\/tanto-de-zenitsu-agatsuma-demon-slayer\\\/\",\"url\":\"https:\\\/\\\/repliquemangacine.fr\\\/tanto-mini-katana-demon-slayer\\\/tanto-de-zenitsu-agatsuma-demon-slayer\\\/\",\"name\":\"Tanto de Zenitsu Agatsuma - Demon Slayer - R\u00e9plique Manga Cin\u00e9\",\"isPartOf\":{\"@id\":\"https:\\\/\\\/repliquemangacine.fr\\\/#website\"},\"primaryImageOfPage\":{\"@id\":\"https:\\\/\\\/repliquemangacine.fr\\\/tanto-mini-katana-demon-slayer\\\/tanto-de-zenitsu-agatsuma-demon-slayer\\\/#primaryimage\"},\"image\":{\"@id\":\"https:\\\/\\\/repliquemangacine.fr\\\/tanto-mini-katana-demon-slayer\\\/tanto-de-zenitsu-agatsuma-demon-slayer\\\/#primaryimage\"},\"thumbnailUrl\":\"https:\\\/\\\/repliquemangacine.fr\\\/wp-content\\\/uploads\\\/2024\\\/12\\\/Tanto-de-Zenitsu-Agatsuma.jpg\",\"datePublished\":\"2024-12-07T18:35:35+00:00\",\"dateModified\":\"2025-12-16T20:36:01+00:00\",\"description\":\"D\u00e9couvrez ce superbe Tanto de Zenitsu Agatsuma dans D\u00e9mon Slayer. Lame en acier d\u00e9cor\u00e9 d'une flamme jaune. Fourreau bois laqu\u00e9 blanc. Support. 45 cm\",\"breadcrumb\":{\"@id\":\"https:\\\/\\\/repliquemangacine.fr\\\/tanto-mini-katana-demon-slayer\\\/tanto-de-zenitsu-agatsuma-demon-slayer\\\/#breadcrumb\"},\"inLanguage\":\"es\",\"potentialAction\":[{\"@type\":\"ReadAction\",\"target\":[\"https:\\\/\\\/repliquemangacine.fr\\\/tanto-mini-katana-demon-slayer\\\/tanto-de-zenitsu-agatsuma-demon-slayer\\\/\"]}]},{\"@type\":\"ImageObject\",\"inLanguage\":\"es\",\"@id\":\"https:\\\/\\\/repliquemangacine.fr\\\/tanto-mini-katana-demon-slayer\\\/tanto-de-zenitsu-agatsuma-demon-slayer\\\/#primaryimage\",\"url\":\"https:\\\/\\\/repliquemangacine.fr\\\/wp-content\\\/uploads\\\/2024\\\/12\\\/Tanto-de-Zenitsu-Agatsuma.jpg\",\"contentUrl\":\"https:\\\/\\\/repliquemangacine.fr\\\/wp-content\\\/uploads\\\/2024\\\/12\\\/Tanto-de-Zenitsu-Agatsuma.jpg\",\"width\":500,\"height\":500,\"caption\":\"Tanto de Zenitsu Agatsuma\"},{\"@type\":\"BreadcrumbList\",\"@id\":\"https:\\\/\\\/repliquemangacine.fr\\\/tanto-mini-katana-demon-slayer\\\/tanto-de-zenitsu-agatsuma-demon-slayer\\\/#breadcrumb\",\"itemListElement\":[{\"@type\":\"ListItem\",\"position\":1,\"name\":\"Accueil\",\"item\":\"https:\\\/\\\/repliquemangacine.fr\\\/\"},{\"@type\":\"ListItem\",\"position\":2,\"name\":\"Produits\",\"item\":\"https:\\\/\\\/repliquemangacine.fr\\\/boutique\\\/\"},{\"@type\":\"ListItem\",\"position\":3,\"name\":\"Tanto de Zenitsu Agatsuma &#8211; Demon Slayer\"}]},{\"@type\":\"WebSite\",\"@id\":\"https:\\\/\\\/repliquemangacine.fr\\\/#website\",\"url\":\"https:\\\/\\\/repliquemangacine.fr\\\/\",\"name\":\"R\u00e9plique Manga Cin\u00e9\",\"description\":\"\",\"publisher\":{\"@id\":\"https:\\\/\\\/repliquemangacine.fr\\\/#organization\"},\"potentialAction\":[{\"@type\":\"SearchAction\",\"target\":{\"@type\":\"EntryPoint\",\"urlTemplate\":\"https:\\\/\\\/repliquemangacine.fr\\\/?s={search_term_string}\"},\"query-input\":{\"@type\":\"PropertyValueSpecification\",\"valueRequired\":true,\"valueName\":\"search_term_string\"}}],\"inLanguage\":\"es\"},{\"@type\":\"Organization\",\"@id\":\"https:\\\/\\\/repliquemangacine.fr\\\/#organization\",\"name\":\"R\u00e9plique Manga Cin\u00e9\",\"url\":\"https:\\\/\\\/repliquemangacine.fr\\\/\",\"logo\":{\"@type\":\"ImageObject\",\"inLanguage\":\"es\",\"@id\":\"https:\\\/\\\/repliquemangacine.fr\\\/#\\\/schema\\\/logo\\\/image\\\/\",\"url\":\"https:\\\/\\\/repliquemangacine.fr\\\/wp-content\\\/uploads\\\/2023\\\/10\\\/RMC-500250.png\",\"contentUrl\":\"https:\\\/\\\/repliquemangacine.fr\\\/wp-content\\\/uploads\\\/2023\\\/10\\\/RMC-500250.png\",\"width\":500,\"height\":250,\"caption\":\"R\u00e9plique Manga Cin\u00e9\"},\"image\":{\"@id\":\"https:\\\/\\\/repliquemangacine.fr\\\/#\\\/schema\\\/logo\\\/image\\\/\"},\"sameAs\":[\"https:\\\/\\\/www.facebook.com\\\/RepliqueMangaCine\",\"https:\\\/\\\/www.instagram.com\\\/repliquemangacine.fr\\\/\"]}]}<\/script>\n<!-- \/ Yoast SEO plugin. -->","yoast_head_json":{"title":"Tanto de Zenitsu Agatsuma - Demon Slayer - R\u00e9plique Manga Cin\u00e9","description":"Descubre este magn\u00edfico Tanto de Zenitsu Agatsuma en Demon Slayer. Hoja de acero decorada con una llama amarilla. Vaina de madera lacada en blanco. Soporte. 45 cm de largo.","robots":{"index":"index","follow":"follow","max-snippet":"max-snippet:-1","max-image-preview":"max-image-preview:large","max-video-preview":"max-video-preview:-1"},"canonical":"https:\/\/repliquemangacine.fr\/es\/tanto-mini-katana-demon-slayer\/tanto-de-zenitsu-agatsuma-demon-slayer\/","og_locale":"es_ES","og_type":"article","og_title":"Tanto de Zenitsu Agatsuma - Demon Slayer - R\u00e9plique Manga Cin\u00e9","og_description":"D\u00e9couvrez ce superbe Tanto de Zenitsu Agatsuma dans D\u00e9mon Slayer. Lame en acier d\u00e9cor\u00e9 d'une flamme jaune. Fourreau bois laqu\u00e9 blanc. Support. 45 cm","og_url":"https:\/\/repliquemangacine.fr\/es\/tanto-mini-katana-demon-slayer\/tanto-de-zenitsu-agatsuma-demon-slayer\/","og_site_name":"R\u00e9plique Manga Cin\u00e9","article_publisher":"https:\/\/www.facebook.com\/RepliqueMangaCine","article_modified_time":"2025-12-16T20:36:01+00:00","og_image":[{"width":500,"height":500,"url":"https:\/\/repliquemangacine.fr\/wp-content\/uploads\/2024\/12\/Tanto-de-Zenitsu-Agatsuma.jpg","type":"image\/jpeg"}],"twitter_card":"summary_large_image","twitter_misc":{"Tiempo de lectura":"2 minutos"},"schema":{"@context":"https:\/\/schema.org","@graph":[{"@type":"WebPage","@id":"https:\/\/repliquemangacine.fr\/tanto-mini-katana-demon-slayer\/tanto-de-zenitsu-agatsuma-demon-slayer\/","url":"https:\/\/repliquemangacine.fr\/tanto-mini-katana-demon-slayer\/tanto-de-zenitsu-agatsuma-demon-slayer\/","name":"Tanto de Zenitsu Agatsuma - Demon Slayer - R\u00e9plique Manga Cin\u00e9","isPartOf":{"@id":"https:\/\/repliquemangacine.fr\/#website"},"primaryImageOfPage":{"@id":"https:\/\/repliquemangacine.fr\/tanto-mini-katana-demon-slayer\/tanto-de-zenitsu-agatsuma-demon-slayer\/#primaryimage"},"image":{"@id":"https:\/\/repliquemangacine.fr\/tanto-mini-katana-demon-slayer\/tanto-de-zenitsu-agatsuma-demon-slayer\/#primaryimage"},"thumbnailUrl":"https:\/\/repliquemangacine.fr\/wp-content\/uploads\/2024\/12\/Tanto-de-Zenitsu-Agatsuma.jpg","datePublished":"2024-12-07T18:35:35+00:00","dateModified":"2025-12-16T20:36:01+00:00","description":"Descubre este magn\u00edfico Tanto de Zenitsu Agatsuma en Demon Slayer. Hoja de acero decorada con una llama amarilla. Vaina de madera lacada en blanco. Soporte. 45 cm de largo.","breadcrumb":{"@id":"https:\/\/repliquemangacine.fr\/tanto-mini-katana-demon-slayer\/tanto-de-zenitsu-agatsuma-demon-slayer\/#breadcrumb"},"inLanguage":"es","potentialAction":[{"@type":"ReadAction","target":["https:\/\/repliquemangacine.fr\/tanto-mini-katana-demon-slayer\/tanto-de-zenitsu-agatsuma-demon-slayer\/"]}]},{"@type":"ImageObject","inLanguage":"es","@id":"https:\/\/repliquemangacine.fr\/tanto-mini-katana-demon-slayer\/tanto-de-zenitsu-agatsuma-demon-slayer\/#primaryimage","url":"https:\/\/repliquemangacine.fr\/wp-content\/uploads\/2024\/12\/Tanto-de-Zenitsu-Agatsuma.jpg","contentUrl":"https:\/\/repliquemangacine.fr\/wp-content\/uploads\/2024\/12\/Tanto-de-Zenitsu-Agatsuma.jpg","width":500,"height":500,"caption":"Tanto de Zenitsu Agatsuma"},{"@type":"BreadcrumbList","@id":"https:\/\/repliquemangacine.fr\/tanto-mini-katana-demon-slayer\/tanto-de-zenitsu-agatsuma-demon-slayer\/#breadcrumb","itemListElement":[{"@type":"ListItem","position":1,"name":"Accueil","item":"https:\/\/repliquemangacine.fr\/"},{"@type":"ListItem","position":2,"name":"Produits","item":"https:\/\/repliquemangacine.fr\/boutique\/"},{"@type":"ListItem","position":3,"name":"Tanto de Zenitsu Agatsuma &#8211; Demon Slayer"}]},{"@type":"WebSite","@id":"https:\/\/repliquemangacine.fr\/#website","url":"https:\/\/repliquemangacine.fr\/","name":"R\u00e9plique Manga Cin\u00e9","description":"","publisher":{"@id":"https:\/\/repliquemangacine.fr\/#organization"},"potentialAction":[{"@type":"SearchAction","target":{"@type":"EntryPoint","urlTemplate":"https:\/\/repliquemangacine.fr\/?s={search_term_string}"},"query-input":{"@type":"PropertyValueSpecification","valueRequired":true,"valueName":"search_term_string"}}],"inLanguage":"es"},{"@type":"Organization","@id":"https:\/\/repliquemangacine.fr\/#organization","name":"R\u00e9plique Manga Cin\u00e9","url":"https:\/\/repliquemangacine.fr\/","logo":{"@type":"ImageObject","inLanguage":"es","@id":"https:\/\/repliquemangacine.fr\/#\/schema\/logo\/image\/","url":"https:\/\/repliquemangacine.fr\/wp-content\/uploads\/2023\/10\/RMC-500250.png","contentUrl":"https:\/\/repliquemangacine.fr\/wp-content\/uploads\/2023\/10\/RMC-500250.png","width":500,"height":250,"caption":"R\u00e9plique Manga Cin\u00e9"},"image":{"@id":"https:\/\/repliquemangacine.fr\/#\/schema\/logo\/image\/"},"sameAs":["https:\/\/www.facebook.com\/RepliqueMangaCine","https:\/\/www.instagram.com\/repliquemangacine.fr\/"]}]}},"_links":{"self":[{"href":"https:\/\/repliquemangacine.fr\/es\/wp-json\/wp\/v2\/product\/79359","targetHints":{"allow":["GET"]}}],"collection":[{"href":"https:\/\/repliquemangacine.fr\/es\/wp-json\/wp\/v2\/product"}],"about":[{"href":"https:\/\/repliquemangacine.fr\/es\/wp-json\/wp\/v2\/types\/product"}],"wp:featuredmedia":[{"embeddable":true,"href":"https:\/\/repliquemangacine.fr\/es\/wp-json\/wp\/v2\/media\/79361"}],"wp:attachment":[{"href":"https:\/\/repliquemangacine.fr\/es\/wp-json\/wp\/v2\/media?parent=79359"}],"wp:term":[{"taxonomy":"product_brand","embeddable":true,"href":"https:\/\/repliquemangacine.fr\/es\/wp-json\/wp\/v2\/product_brand?post=79359"},{"taxonomy":"product_cat","embeddable":true,"href":"https:\/\/repliquemangacine.fr\/es\/wp-json\/wp\/v2\/product_cat?post=79359"},{"taxonomy":"product_tag","embeddable":true,"href":"https:\/\/repliquemangacine.fr\/es\/wp-json\/wp\/v2\/product_tag?post=79359"}],"curies":[{"name":"wp","href":"https:\/\/api.w.org\/{rel}","templated":true}]}}