





{"id":79344,"date":"2024-12-07T18:18:12","date_gmt":"2024-12-07T17:18:12","guid":{"rendered":"https:\/\/repliquemangacine.fr\/?post_type=product&#038;p=79344"},"modified":"2026-02-17T10:17:36","modified_gmt":"2026-02-17T09:17:36","slug":"doptimus-prime-espada-de-juicio","status":"publish","type":"product","link":"https:\/\/repliquemangacine.fr\/es\/films-series-tv-vente-de-katana-epee-et-produits-derives\/epee-du-jugement-doptimus-prime\/","title":{"rendered":"Espada del Juicio de Optimus Prime"},"content":{"rendered":"<h2>La espada del juicio: un arma legendaria de Optimus Prime<\/h2>\n<p>Para empezar, la Espada del Juicio, utilizada por Optimus Prime en <a href=\"https:\/\/fr.wikipedia.org\/wiki\/Transformers_:_L%27%C3%82ge_de_l%27extinction\" target=\"_blank\" rel=\"noopener noreferrer\">Transformers: La era de la extinci\u00f3n<\/a>. Mucho m\u00e1s que un arma: es un s\u00edmbolo de justicia y fuerza. Inspirada en la est\u00e9tica caballeresca, esta espada maciza est\u00e1 decorada con grabados cybertronianos. Refleja su origen m\u00edtico vinculado a los Caballeros de Cybertron.<\/p>\n<p>Cabe destacar que esta espada encarna los valores de Optimus: proteger a los d\u00e9biles y luchar por la paz. En la pel\u00edcula, desempe\u00f1a un papel fundamental en las batallas, amplificando el aura heroica del l\u00edder de los Autobots. Esta espada, tan poderosa como elegante, es una pieza imprescindible para los amantes de Transformers y los coleccionistas que buscan objetos inspiradores e ic\u00f3nicos.<\/p>\n<h2>Por qu\u00e9 la Espada del Juicio es un arma ic\u00f3nica.<\/h2>\n<p>La Espada del Juicio no es una simple arma, es el reflejo de la nobleza de Optimus Prime. Su dise\u00f1o, que combina tecnolog\u00eda cybertroniana y est\u00e9tica medieval, evoca una fusi\u00f3n entre tradici\u00f3n y futurismo. De este modo, encarna los ideales de la caballer\u00eda: valent\u00eda, honor y protecci\u00f3n. Utilizada en combates \u00e9picos, como contra Galvatron o Lockdown, refuerza la imagen de Optimus como caballero moderno.<\/p>\n<p>Esta espada tambi\u00e9n simboliza el papel del l\u00edder de los Autobots, siempre dispuesto a defender la Tierra contra las amenazas. La Espada del Juicio, una aut\u00e9ntica obra de arte marcial, imprescindible para cualquier fan que desee poseer una pieza de este universo legendario.<\/p>\n<h2>Descubra las r\u00e9plicas m\u00e1s bellas en R\u00e9plique Manga Cin\u00e9<\/h2>\n<p>En R\u00e9plique Manga Cin\u00e9, le ofrecemos piezas excepcionales para enriquecer su colecci\u00f3n. Descubra las impresionantes <a href=\"https:\/\/repliquemangacine.fr\/es\/espadas-de-world-of-warcraft\/frostmourne-deuillegivre-espada-espada-del-rey-lich\/\">Frostmourne<\/a> de World of Warcraft, una temible espada cargada de magia oscura. Sum\u00e9rgete en mundos de fantas\u00eda con r\u00e9plicas de espadas de El Se\u00f1or de los Anillos, como <a href=\"https:\/\/repliquemangacine.fr\/es\/espadas-y-dagas-los-anillos-del-poder\/espada-anduril-aragorn-el-senor-de-los-anillos\/\">And\u00faril<\/a> o Dard, o el<a href=\"https:\/\/repliquemangacine.fr\/es\/epee-the-witcher\/espada-de-acero-geralt-de-riv-the-witcher3\/\">Espada de acero de Geralt<\/a> de The Witcher, una obra maestra.<\/p>\n<p>Para los amantes de las novedades, no se pierdan nuestras \u00faltimas novedades. <a href=\"https:\/\/repliquemangacine.fr\/es\/katana-luz-cazademonios\/\">katanas luminosas de Demon Slayer<\/a>Las palas LED a\u00f1aden un toque espectacular. Cada una de estas piezas est\u00e1 dise\u00f1ada para deleitar a los entusiastas y ofrecer una inmersi\u00f3n total en sus franquicias favoritas. En conclusi\u00f3n, \u00a1elige calidad y autenticidad con nuestras colecciones exclusivas!<\/p>","protected":false},"excerpt":{"rendered":"<p>\u00a1Impresionante! Esta r\u00e9plica de la Espada del Juicio de Optimus Prime de la serie Transformers<\/p>\n<ul>\n<li>Hoja de doble filo de acero inoxidable 440 no cortante.<\/li>\n<li>En cada bisel de la hoja hay grabados ideogramas<\/li>\n<li>En el centro de la hoja hay una pieza decorativa en ABS moldeado.<\/li>\n<li>Mango met\u00e1lico con forma especial<\/li>\n<li>Guarda y pomo de acero macizo rojo y azul<\/li>\n<li>Se suministra con placa de pared para transformadores<\/li>\n<li>Longitud de la hoja: 80 cm - Longitud total: 130 cm<\/li>\n<li>Peso : 3500 gr<\/li>\n<\/ul>","protected":false},"featured_media":79346,"template":"","meta":[],"product_brand":[896],"product_cat":[91,66,24],"product_tag":[],"class_list":{"0":"post-79344","1":"product","2":"type-product","3":"status-publish","4":"has-post-thumbnail","6":"product_brand-replique-manga-cine","7":"product_cat-katana-les-epees-de-films-et-series","8":"product_cat-repliques-d-armes-films-et-series","9":"product_cat-films-series-tv-vente-de-katana-epee-et-produits-derives","11":"first","12":"instock","13":"taxable","14":"shipping-taxable","15":"purchasable","16":"product-type-simple"},"yoast_head":"<!-- This site is optimized with the Yoast SEO plugin v27.4 - https:\/\/yoast.com\/product\/yoast-seo-wordpress\/ -->\n<title>\u00c9p\u00e9e du Jugement d&#039;Optimus Prime - Transformers | RMC<\/title>\n<meta name=\"description\" content=\"\u00c9poustouflante ! Cette \u00c9p\u00e9e du Jugement d&#039;Optimus Prime dans Transformers. Lame en acier 440 avec gravure et plaque d\u00e9corative. Support. Longueur 130cm\" \/>\n<meta name=\"robots\" content=\"index, follow, max-snippet:-1, max-image-preview:large, max-video-preview:-1\" \/>\n<link rel=\"canonical\" href=\"https:\/\/repliquemangacine.fr\/es\/peliculas-series-tv-venta-de-espadas-katana-y-productos-relacionados\/doptimus-prime-espada-de-juicio\/\" \/>\n<meta property=\"og:locale\" content=\"es_ES\" \/>\n<meta property=\"og:type\" content=\"article\" \/>\n<meta property=\"og:title\" content=\"\u00c9p\u00e9e du Jugement d&#039;Optimus Prime - Transformers | RMC\" \/>\n<meta property=\"og:description\" content=\"\u00c9poustouflante ! Cette \u00c9p\u00e9e du Jugement d&#039;Optimus Prime dans Transformers. Lame en acier 440 avec gravure et plaque d\u00e9corative. Support. Longueur 130cm\" \/>\n<meta property=\"og:url\" content=\"https:\/\/repliquemangacine.fr\/es\/peliculas-series-tv-venta-de-espadas-katana-y-productos-relacionados\/doptimus-prime-espada-de-juicio\/\" \/>\n<meta property=\"og:site_name\" content=\"R\u00e9plique Manga Cin\u00e9\" \/>\n<meta property=\"article:publisher\" content=\"https:\/\/www.facebook.com\/RepliqueMangaCine\" \/>\n<meta property=\"article:modified_time\" content=\"2026-02-17T09:17:36+00:00\" \/>\n<meta property=\"og:image\" content=\"https:\/\/repliquemangacine.fr\/wp-content\/uploads\/2024\/12\/Epee-du-jugement-dOptimus-Prime-avec-support.jpg\" \/>\n\t<meta property=\"og:image:width\" content=\"500\" \/>\n\t<meta property=\"og:image:height\" content=\"500\" \/>\n\t<meta property=\"og:image:type\" content=\"image\/jpeg\" \/>\n<meta name=\"twitter:card\" content=\"summary_large_image\" \/>\n<meta name=\"twitter:label1\" content=\"Tiempo de lectura\" \/>\n\t<meta name=\"twitter:data1\" content=\"2 minutos\" \/>\n<script type=\"application\/ld+json\" class=\"yoast-schema-graph\">{\"@context\":\"https:\\\/\\\/schema.org\",\"@graph\":[{\"@type\":\"WebPage\",\"@id\":\"https:\\\/\\\/repliquemangacine.fr\\\/films-series-tv-vente-de-katana-epee-et-produits-derives\\\/epee-du-jugement-doptimus-prime\\\/\",\"url\":\"https:\\\/\\\/repliquemangacine.fr\\\/films-series-tv-vente-de-katana-epee-et-produits-derives\\\/epee-du-jugement-doptimus-prime\\\/\",\"name\":\"\u00c9p\u00e9e du Jugement d'Optimus Prime - Transformers | RMC\",\"isPartOf\":{\"@id\":\"https:\\\/\\\/repliquemangacine.fr\\\/#website\"},\"primaryImageOfPage\":{\"@id\":\"https:\\\/\\\/repliquemangacine.fr\\\/films-series-tv-vente-de-katana-epee-et-produits-derives\\\/epee-du-jugement-doptimus-prime\\\/#primaryimage\"},\"image\":{\"@id\":\"https:\\\/\\\/repliquemangacine.fr\\\/films-series-tv-vente-de-katana-epee-et-produits-derives\\\/epee-du-jugement-doptimus-prime\\\/#primaryimage\"},\"thumbnailUrl\":\"https:\\\/\\\/repliquemangacine.fr\\\/wp-content\\\/uploads\\\/2024\\\/12\\\/Epee-du-jugement-dOptimus-Prime-avec-support.jpg\",\"datePublished\":\"2024-12-07T17:18:12+00:00\",\"dateModified\":\"2026-02-17T09:17:36+00:00\",\"description\":\"\u00c9poustouflante ! Cette \u00c9p\u00e9e du Jugement d'Optimus Prime dans Transformers. Lame en acier 440 avec gravure et plaque d\u00e9corative. Support. Longueur 130cm\",\"breadcrumb\":{\"@id\":\"https:\\\/\\\/repliquemangacine.fr\\\/films-series-tv-vente-de-katana-epee-et-produits-derives\\\/epee-du-jugement-doptimus-prime\\\/#breadcrumb\"},\"inLanguage\":\"es\",\"potentialAction\":[{\"@type\":\"ReadAction\",\"target\":[\"https:\\\/\\\/repliquemangacine.fr\\\/films-series-tv-vente-de-katana-epee-et-produits-derives\\\/epee-du-jugement-doptimus-prime\\\/\"]}]},{\"@type\":\"ImageObject\",\"inLanguage\":\"es\",\"@id\":\"https:\\\/\\\/repliquemangacine.fr\\\/films-series-tv-vente-de-katana-epee-et-produits-derives\\\/epee-du-jugement-doptimus-prime\\\/#primaryimage\",\"url\":\"https:\\\/\\\/repliquemangacine.fr\\\/wp-content\\\/uploads\\\/2024\\\/12\\\/Epee-du-jugement-dOptimus-Prime-avec-support.jpg\",\"contentUrl\":\"https:\\\/\\\/repliquemangacine.fr\\\/wp-content\\\/uploads\\\/2024\\\/12\\\/Epee-du-jugement-dOptimus-Prime-avec-support.jpg\",\"width\":500,\"height\":500,\"caption\":\"\u00c9p\u00e9e du Jugement d'Optimus Prime dans Transformers\"},{\"@type\":\"BreadcrumbList\",\"@id\":\"https:\\\/\\\/repliquemangacine.fr\\\/films-series-tv-vente-de-katana-epee-et-produits-derives\\\/epee-du-jugement-doptimus-prime\\\/#breadcrumb\",\"itemListElement\":[{\"@type\":\"ListItem\",\"position\":1,\"name\":\"Accueil\",\"item\":\"https:\\\/\\\/repliquemangacine.fr\\\/\"},{\"@type\":\"ListItem\",\"position\":2,\"name\":\"Produits\",\"item\":\"https:\\\/\\\/repliquemangacine.fr\\\/boutique\\\/\"},{\"@type\":\"ListItem\",\"position\":3,\"name\":\"\u00c9p\u00e9e du Jugement d&#8217;Optimus Prime\"}]},{\"@type\":\"WebSite\",\"@id\":\"https:\\\/\\\/repliquemangacine.fr\\\/#website\",\"url\":\"https:\\\/\\\/repliquemangacine.fr\\\/\",\"name\":\"R\u00e9plique Manga Cin\u00e9\",\"description\":\"\",\"publisher\":{\"@id\":\"https:\\\/\\\/repliquemangacine.fr\\\/#organization\"},\"potentialAction\":[{\"@type\":\"SearchAction\",\"target\":{\"@type\":\"EntryPoint\",\"urlTemplate\":\"https:\\\/\\\/repliquemangacine.fr\\\/?s={search_term_string}\"},\"query-input\":{\"@type\":\"PropertyValueSpecification\",\"valueRequired\":true,\"valueName\":\"search_term_string\"}}],\"inLanguage\":\"es\"},{\"@type\":\"Organization\",\"@id\":\"https:\\\/\\\/repliquemangacine.fr\\\/#organization\",\"name\":\"R\u00e9plique Manga Cin\u00e9\",\"url\":\"https:\\\/\\\/repliquemangacine.fr\\\/\",\"logo\":{\"@type\":\"ImageObject\",\"inLanguage\":\"es\",\"@id\":\"https:\\\/\\\/repliquemangacine.fr\\\/#\\\/schema\\\/logo\\\/image\\\/\",\"url\":\"https:\\\/\\\/repliquemangacine.fr\\\/wp-content\\\/uploads\\\/2023\\\/10\\\/RMC-500250.png\",\"contentUrl\":\"https:\\\/\\\/repliquemangacine.fr\\\/wp-content\\\/uploads\\\/2023\\\/10\\\/RMC-500250.png\",\"width\":500,\"height\":250,\"caption\":\"R\u00e9plique Manga Cin\u00e9\"},\"image\":{\"@id\":\"https:\\\/\\\/repliquemangacine.fr\\\/#\\\/schema\\\/logo\\\/image\\\/\"},\"sameAs\":[\"https:\\\/\\\/www.facebook.com\\\/RepliqueMangaCine\",\"https:\\\/\\\/www.instagram.com\\\/repliquemangacine.fr\\\/\"]}]}<\/script>\n<!-- \/ Yoast SEO plugin. -->","yoast_head_json":{"title":"Espada del Juicio de Optimus Prime - Transformers | RMC","description":"\u00a1Impresionante! Esta Espada del Juicio Final de Optimus Prime en Transformers. Hoja de acero 440 con grabado y placa decorativa. Soporte. Longitud 130cm","robots":{"index":"index","follow":"follow","max-snippet":"max-snippet:-1","max-image-preview":"max-image-preview:large","max-video-preview":"max-video-preview:-1"},"canonical":"https:\/\/repliquemangacine.fr\/es\/peliculas-series-tv-venta-de-espadas-katana-y-productos-relacionados\/doptimus-prime-espada-de-juicio\/","og_locale":"es_ES","og_type":"article","og_title":"\u00c9p\u00e9e du Jugement d'Optimus Prime - Transformers | RMC","og_description":"\u00c9poustouflante ! Cette \u00c9p\u00e9e du Jugement d'Optimus Prime dans Transformers. Lame en acier 440 avec gravure et plaque d\u00e9corative. Support. Longueur 130cm","og_url":"https:\/\/repliquemangacine.fr\/es\/peliculas-series-tv-venta-de-espadas-katana-y-productos-relacionados\/doptimus-prime-espada-de-juicio\/","og_site_name":"R\u00e9plique Manga Cin\u00e9","article_publisher":"https:\/\/www.facebook.com\/RepliqueMangaCine","article_modified_time":"2026-02-17T09:17:36+00:00","og_image":[{"width":500,"height":500,"url":"https:\/\/repliquemangacine.fr\/wp-content\/uploads\/2024\/12\/Epee-du-jugement-dOptimus-Prime-avec-support.jpg","type":"image\/jpeg"}],"twitter_card":"summary_large_image","twitter_misc":{"Tiempo de lectura":"2 minutos"},"schema":{"@context":"https:\/\/schema.org","@graph":[{"@type":"WebPage","@id":"https:\/\/repliquemangacine.fr\/films-series-tv-vente-de-katana-epee-et-produits-derives\/epee-du-jugement-doptimus-prime\/","url":"https:\/\/repliquemangacine.fr\/films-series-tv-vente-de-katana-epee-et-produits-derives\/epee-du-jugement-doptimus-prime\/","name":"Espada del Juicio de Optimus Prime - Transformers | RMC","isPartOf":{"@id":"https:\/\/repliquemangacine.fr\/#website"},"primaryImageOfPage":{"@id":"https:\/\/repliquemangacine.fr\/films-series-tv-vente-de-katana-epee-et-produits-derives\/epee-du-jugement-doptimus-prime\/#primaryimage"},"image":{"@id":"https:\/\/repliquemangacine.fr\/films-series-tv-vente-de-katana-epee-et-produits-derives\/epee-du-jugement-doptimus-prime\/#primaryimage"},"thumbnailUrl":"https:\/\/repliquemangacine.fr\/wp-content\/uploads\/2024\/12\/Epee-du-jugement-dOptimus-Prime-avec-support.jpg","datePublished":"2024-12-07T17:18:12+00:00","dateModified":"2026-02-17T09:17:36+00:00","description":"\u00a1Impresionante! Esta Espada del Juicio Final de Optimus Prime en Transformers. Hoja de acero 440 con grabado y placa decorativa. Soporte. Longitud 130cm","breadcrumb":{"@id":"https:\/\/repliquemangacine.fr\/films-series-tv-vente-de-katana-epee-et-produits-derives\/epee-du-jugement-doptimus-prime\/#breadcrumb"},"inLanguage":"es","potentialAction":[{"@type":"ReadAction","target":["https:\/\/repliquemangacine.fr\/films-series-tv-vente-de-katana-epee-et-produits-derives\/epee-du-jugement-doptimus-prime\/"]}]},{"@type":"ImageObject","inLanguage":"es","@id":"https:\/\/repliquemangacine.fr\/films-series-tv-vente-de-katana-epee-et-produits-derives\/epee-du-jugement-doptimus-prime\/#primaryimage","url":"https:\/\/repliquemangacine.fr\/wp-content\/uploads\/2024\/12\/Epee-du-jugement-dOptimus-Prime-avec-support.jpg","contentUrl":"https:\/\/repliquemangacine.fr\/wp-content\/uploads\/2024\/12\/Epee-du-jugement-dOptimus-Prime-avec-support.jpg","width":500,"height":500,"caption":"\u00c9p\u00e9e du Jugement d'Optimus Prime dans Transformers"},{"@type":"BreadcrumbList","@id":"https:\/\/repliquemangacine.fr\/films-series-tv-vente-de-katana-epee-et-produits-derives\/epee-du-jugement-doptimus-prime\/#breadcrumb","itemListElement":[{"@type":"ListItem","position":1,"name":"Accueil","item":"https:\/\/repliquemangacine.fr\/"},{"@type":"ListItem","position":2,"name":"Produits","item":"https:\/\/repliquemangacine.fr\/boutique\/"},{"@type":"ListItem","position":3,"name":"\u00c9p\u00e9e du Jugement d&#8217;Optimus Prime"}]},{"@type":"WebSite","@id":"https:\/\/repliquemangacine.fr\/#website","url":"https:\/\/repliquemangacine.fr\/","name":"R\u00e9plique Manga Cin\u00e9","description":"","publisher":{"@id":"https:\/\/repliquemangacine.fr\/#organization"},"potentialAction":[{"@type":"SearchAction","target":{"@type":"EntryPoint","urlTemplate":"https:\/\/repliquemangacine.fr\/?s={search_term_string}"},"query-input":{"@type":"PropertyValueSpecification","valueRequired":true,"valueName":"search_term_string"}}],"inLanguage":"es"},{"@type":"Organization","@id":"https:\/\/repliquemangacine.fr\/#organization","name":"R\u00e9plique Manga Cin\u00e9","url":"https:\/\/repliquemangacine.fr\/","logo":{"@type":"ImageObject","inLanguage":"es","@id":"https:\/\/repliquemangacine.fr\/#\/schema\/logo\/image\/","url":"https:\/\/repliquemangacine.fr\/wp-content\/uploads\/2023\/10\/RMC-500250.png","contentUrl":"https:\/\/repliquemangacine.fr\/wp-content\/uploads\/2023\/10\/RMC-500250.png","width":500,"height":250,"caption":"R\u00e9plique Manga Cin\u00e9"},"image":{"@id":"https:\/\/repliquemangacine.fr\/#\/schema\/logo\/image\/"},"sameAs":["https:\/\/www.facebook.com\/RepliqueMangaCine","https:\/\/www.instagram.com\/repliquemangacine.fr\/"]}]}},"_links":{"self":[{"href":"https:\/\/repliquemangacine.fr\/es\/wp-json\/wp\/v2\/product\/79344","targetHints":{"allow":["GET"]}}],"collection":[{"href":"https:\/\/repliquemangacine.fr\/es\/wp-json\/wp\/v2\/product"}],"about":[{"href":"https:\/\/repliquemangacine.fr\/es\/wp-json\/wp\/v2\/types\/product"}],"wp:featuredmedia":[{"embeddable":true,"href":"https:\/\/repliquemangacine.fr\/es\/wp-json\/wp\/v2\/media\/79346"}],"wp:attachment":[{"href":"https:\/\/repliquemangacine.fr\/es\/wp-json\/wp\/v2\/media?parent=79344"}],"wp:term":[{"taxonomy":"product_brand","embeddable":true,"href":"https:\/\/repliquemangacine.fr\/es\/wp-json\/wp\/v2\/product_brand?post=79344"},{"taxonomy":"product_cat","embeddable":true,"href":"https:\/\/repliquemangacine.fr\/es\/wp-json\/wp\/v2\/product_cat?post=79344"},{"taxonomy":"product_tag","embeddable":true,"href":"https:\/\/repliquemangacine.fr\/es\/wp-json\/wp\/v2\/product_tag?post=79344"}],"curies":[{"name":"wp","href":"https:\/\/api.w.org\/{rel}","templated":true}]}}