





{"id":78735,"date":"2024-11-30T21:35:41","date_gmt":"2024-11-30T20:35:41","guid":{"rendered":"https:\/\/repliquemangacine.fr\/?post_type=product&#038;p=78735"},"modified":"2026-01-11T15:34:52","modified_gmt":"2026-01-11T14:34:52","slug":"mauser-k98-rifle-antiguo","status":"publish","type":"product","link":"https:\/\/repliquemangacine.fr\/es\/reproductions-armes-seconde-guerre-mondiale-denix\/carabine-mauser-k98-vieilli\/","title":{"rendered":"Antigua carabina Mauser K98"},"content":{"rendered":"<h2>La carabina Mauser K98: una r\u00e9plica aut\u00e9ntica con encanto a\u00f1ejo<\/h2>\n<p>En primer lugar, descubra la excepcional r\u00e9plica del <strong>Fusil Mauser K98<\/strong>. Un fusil emblem\u00e1tico de la Segunda Guerra Mundial, revisitado por <a href=\"https:\/\/www.denix.fr\/fr\/catalogue\/nouveautes\/\" target=\"_blank\" rel=\"noopener noreferrer\">Denix<\/a> en una versi\u00f3n patinada y envejecida. Este modelo, utilizado por las fuerzas alemanas entre 1935 y 1945, es un aut\u00e9ntico s\u00edmbolo de la ingenier\u00eda militar de la \u00e9poca. El acabado envejecido de esta r\u00e9plica le confiere un realismo sorprendente, evocando un arma que ha atravesado d\u00e9cadas de conflictos. Fabricada en metal resistente y madera aut\u00e9ntica. Reproduce fielmente los detalles originales, desde la rec\u00e1mara hasta el ca\u00f1\u00f3n. Esta r\u00e9plica inerte es ideal para los apasionados de la historia, los coleccionistas o los aficionados a las recreaciones.<\/p>\n<p>Cabe destacar que cada pieza est\u00e1 patinada a mano, lo que garantiza un aspecto \u00fanico y aut\u00e9ntico. Con unas dimensiones fieles al original y un peso realista. El Mauser K98 patinado de Denix, una aut\u00e9ntica inmersi\u00f3n en la historia militar.<\/p>\n<h2>Una colecci\u00f3n completa de r\u00e9plicas patinadas de Denix<\/h2>\n<p>Adem\u00e1s del fusil Mauser K98, Denix ofrece una impresionante gama de r\u00e9plicas de armas patinadas y envejecidas. Cada una de ellas rinde homenaje a un periodo clave de la historia. Descubra el <a href=\"https:\/\/repliquemangacine.fr\/es\/pistola-colt\/confedere-revolver-1860-envejecido\/\">Colt confederado 1860<\/a>con su acabado antiguo que evoca el encanto de las armas de la Guerra Civil estadounidense. Tambi\u00e9n puede explorar el <a href=\"https:\/\/repliquemangacine.fr\/es\/armas-occidentales\/winchester-yeguas-edad-pierna\/\">Pierna de yegua<\/a>el famoso rifle acortado popularizado por los westerns y el <a href=\"https:\/\/repliquemangacine.fr\/es\/reproduccion-armas-segunda-guerra-mundial-denix\/pistola-luger-p08-antigua\/\">Pistola Luger P08<\/a>Un aut\u00e9ntico icono de la Segunda Guerra Mundial. Fabricados con materiales de calidad, su acabado envejecido les confiere un realismo sorprendente. Apasionado del western, de las armas de guerra o de las epopeyas hist\u00f3ricas. Esta colecci\u00f3n patinada le permite viajar a trav\u00e9s de los tiempos, al tiempo que enriquece su colecci\u00f3n con objetos \u00fanicos.<\/p>\n<h2>\u00bfPor qu\u00e9 elegir el rifle Mauser K98 envejecido y c\u00f3mo se fabrica?<\/h2>\n<p>El fusil Mauser K98 no es s\u00f3lo una r\u00e9plica, es un pedazo de historia en sus manos. Elegir este modelo significa apostar por la autenticidad y la artesan\u00eda. Fabricado en metal y madera de primera calidad. Dise\u00f1ado para ser fiel al original y a la vez inerte, en cumplimiento de la normativa sobre r\u00e9plicas de armas. De hecho, todos los mecanismos funcionan, pero est\u00e1 totalmente inutilizada para disparar. Envejecida a mano para crear un acabado \u00fanico que simula los efectos del tiempo. Cabe destacar que este proceso artesanal garantiza una pieza tan bella como aut\u00e9ntica, perfecta para a\u00f1adir a una colecci\u00f3n o realzar una decoraci\u00f3n. En conclusi\u00f3n, con Denix, est\u00e1 invirtiendo en una r\u00e9plica que combina est\u00e9tica, historia y durabilidad.<\/p>","protected":false},"excerpt":{"rendered":"<p>Magn\u00edfica reproducci\u00f3n del fusil Mauser K98 patinado y envejecido para mayor realismo por Denix.<\/p>\n<ul>\n<li>Culata y ca\u00f1\u00f3n de madera maciza.<\/li>\n<li>Piezas met\u00e1licas de Zamac patinado y envejecido.<\/li>\n<li>Arma y golpea, pero totalmente incapaz de disparar.<\/li>\n<li><strong>No se requiere autorizaci\u00f3n. Venta y posesi\u00f3n libres<\/strong><\/li>\n<li>Longitud: 110,5 cm - Peso: 2925 grs<\/li>\n<\/ul>","protected":false},"featured_media":84749,"template":"","meta":[],"product_brand":[896],"product_cat":[54,40,28,76],"product_tag":[],"class_list":{"0":"post-78735","1":"product","2":"type-product","3":"status-publish","4":"has-post-thumbnail","6":"product_brand-replique-manga-cine","7":"product_cat-armes-accessoires-guerre-mondiale","8":"product_cat-pistolet-moderne","9":"product_cat-repliques-darmes","10":"product_cat-reproductions-armes-seconde-guerre-mondiale-denix","12":"first","13":"instock","14":"sale","15":"taxable","16":"shipping-taxable","17":"purchasable","18":"product-type-simple"},"yoast_head":"<!-- This site is optimized with the Yoast SEO plugin v27.5 - https:\/\/yoast.com\/product\/yoast-seo-wordpress\/ -->\n<title>Carabine Mauser K98 Vieilli - R\u00e9plique Manga Cin\u00e9<\/title>\n<meta name=\"description\" content=\"Superbe reproduction de la Carabine Mauser K98 Vieilli de Denix. En m\u00e9tal et bois. M\u00e9canisme fonctionnel. Patin\u00e9e et vieillie pour plus de r\u00e9alisme.\" \/>\n<meta name=\"robots\" content=\"index, follow, max-snippet:-1, max-image-preview:large, max-video-preview:-1\" \/>\n<link rel=\"canonical\" href=\"https:\/\/repliquemangacine.fr\/es\/reproduccion-armas-segunda-guerra-mundial-denix\/mauser-k98-rifle-antiguo\/\" \/>\n<meta property=\"og:locale\" content=\"es_ES\" \/>\n<meta property=\"og:type\" content=\"article\" \/>\n<meta property=\"og:title\" content=\"Carabine Mauser K98 Vieilli - R\u00e9plique Manga Cin\u00e9\" \/>\n<meta property=\"og:description\" content=\"Superbe reproduction de la Carabine Mauser K98 Vieilli de Denix. En m\u00e9tal et bois. M\u00e9canisme fonctionnel. Patin\u00e9e et vieillie pour plus de r\u00e9alisme.\" \/>\n<meta property=\"og:url\" content=\"https:\/\/repliquemangacine.fr\/es\/reproduccion-armas-segunda-guerra-mundial-denix\/mauser-k98-rifle-antiguo\/\" \/>\n<meta property=\"og:site_name\" content=\"R\u00e9plique Manga Cin\u00e9\" \/>\n<meta property=\"article:publisher\" content=\"https:\/\/www.facebook.com\/RepliqueMangaCine\" \/>\n<meta property=\"article:modified_time\" content=\"2026-01-11T14:34:52+00:00\" \/>\n<meta property=\"og:image\" content=\"https:\/\/repliquemangacine.fr\/wp-content\/uploads\/2024\/11\/Carabine-Mauser-K98-vieilli-1.jpg\" \/>\n\t<meta property=\"og:image:width\" content=\"800\" \/>\n\t<meta property=\"og:image:height\" content=\"800\" \/>\n\t<meta property=\"og:image:type\" content=\"image\/jpeg\" \/>\n<meta name=\"twitter:card\" content=\"summary_large_image\" \/>\n<meta name=\"twitter:label1\" content=\"Tiempo de lectura\" \/>\n\t<meta name=\"twitter:data1\" content=\"3 minutos\" \/>\n<script type=\"application\/ld+json\" class=\"yoast-schema-graph\">{\"@context\":\"https:\\\/\\\/schema.org\",\"@graph\":[{\"@type\":\"WebPage\",\"@id\":\"https:\\\/\\\/repliquemangacine.fr\\\/reproductions-armes-seconde-guerre-mondiale-denix\\\/carabine-mauser-k98-vieilli\\\/\",\"url\":\"https:\\\/\\\/repliquemangacine.fr\\\/reproductions-armes-seconde-guerre-mondiale-denix\\\/carabine-mauser-k98-vieilli\\\/\",\"name\":\"Carabine Mauser K98 Vieilli - R\u00e9plique Manga Cin\u00e9\",\"isPartOf\":{\"@id\":\"https:\\\/\\\/repliquemangacine.fr\\\/#website\"},\"primaryImageOfPage\":{\"@id\":\"https:\\\/\\\/repliquemangacine.fr\\\/reproductions-armes-seconde-guerre-mondiale-denix\\\/carabine-mauser-k98-vieilli\\\/#primaryimage\"},\"image\":{\"@id\":\"https:\\\/\\\/repliquemangacine.fr\\\/reproductions-armes-seconde-guerre-mondiale-denix\\\/carabine-mauser-k98-vieilli\\\/#primaryimage\"},\"thumbnailUrl\":\"https:\\\/\\\/repliquemangacine.fr\\\/wp-content\\\/uploads\\\/2024\\\/11\\\/Carabine-Mauser-K98-vieilli-1.jpg\",\"datePublished\":\"2024-11-30T20:35:41+00:00\",\"dateModified\":\"2026-01-11T14:34:52+00:00\",\"description\":\"Superbe reproduction de la Carabine Mauser K98 Vieilli de Denix. En m\u00e9tal et bois. M\u00e9canisme fonctionnel. Patin\u00e9e et vieillie pour plus de r\u00e9alisme.\",\"breadcrumb\":{\"@id\":\"https:\\\/\\\/repliquemangacine.fr\\\/reproductions-armes-seconde-guerre-mondiale-denix\\\/carabine-mauser-k98-vieilli\\\/#breadcrumb\"},\"inLanguage\":\"es\",\"potentialAction\":[{\"@type\":\"ReadAction\",\"target\":[\"https:\\\/\\\/repliquemangacine.fr\\\/reproductions-armes-seconde-guerre-mondiale-denix\\\/carabine-mauser-k98-vieilli\\\/\"]}]},{\"@type\":\"ImageObject\",\"inLanguage\":\"es\",\"@id\":\"https:\\\/\\\/repliquemangacine.fr\\\/reproductions-armes-seconde-guerre-mondiale-denix\\\/carabine-mauser-k98-vieilli\\\/#primaryimage\",\"url\":\"https:\\\/\\\/repliquemangacine.fr\\\/wp-content\\\/uploads\\\/2024\\\/11\\\/Carabine-Mauser-K98-vieilli-1.jpg\",\"contentUrl\":\"https:\\\/\\\/repliquemangacine.fr\\\/wp-content\\\/uploads\\\/2024\\\/11\\\/Carabine-Mauser-K98-vieilli-1.jpg\",\"width\":800,\"height\":800,\"caption\":\"Carabine Mauser K98 vieilli\"},{\"@type\":\"BreadcrumbList\",\"@id\":\"https:\\\/\\\/repliquemangacine.fr\\\/reproductions-armes-seconde-guerre-mondiale-denix\\\/carabine-mauser-k98-vieilli\\\/#breadcrumb\",\"itemListElement\":[{\"@type\":\"ListItem\",\"position\":1,\"name\":\"Accueil\",\"item\":\"https:\\\/\\\/repliquemangacine.fr\\\/\"},{\"@type\":\"ListItem\",\"position\":2,\"name\":\"Produits\",\"item\":\"https:\\\/\\\/repliquemangacine.fr\\\/boutique\\\/\"},{\"@type\":\"ListItem\",\"position\":3,\"name\":\"Carabine Mauser K98 Vieilli\"}]},{\"@type\":\"WebSite\",\"@id\":\"https:\\\/\\\/repliquemangacine.fr\\\/#website\",\"url\":\"https:\\\/\\\/repliquemangacine.fr\\\/\",\"name\":\"R\u00e9plique Manga Cin\u00e9\",\"description\":\"\",\"publisher\":{\"@id\":\"https:\\\/\\\/repliquemangacine.fr\\\/#organization\"},\"potentialAction\":[{\"@type\":\"SearchAction\",\"target\":{\"@type\":\"EntryPoint\",\"urlTemplate\":\"https:\\\/\\\/repliquemangacine.fr\\\/?s={search_term_string}\"},\"query-input\":{\"@type\":\"PropertyValueSpecification\",\"valueRequired\":true,\"valueName\":\"search_term_string\"}}],\"inLanguage\":\"es\"},{\"@type\":\"Organization\",\"@id\":\"https:\\\/\\\/repliquemangacine.fr\\\/#organization\",\"name\":\"R\u00e9plique Manga Cin\u00e9\",\"url\":\"https:\\\/\\\/repliquemangacine.fr\\\/\",\"logo\":{\"@type\":\"ImageObject\",\"inLanguage\":\"es\",\"@id\":\"https:\\\/\\\/repliquemangacine.fr\\\/#\\\/schema\\\/logo\\\/image\\\/\",\"url\":\"https:\\\/\\\/repliquemangacine.fr\\\/wp-content\\\/uploads\\\/2023\\\/10\\\/RMC-500250.png\",\"contentUrl\":\"https:\\\/\\\/repliquemangacine.fr\\\/wp-content\\\/uploads\\\/2023\\\/10\\\/RMC-500250.png\",\"width\":500,\"height\":250,\"caption\":\"R\u00e9plique Manga Cin\u00e9\"},\"image\":{\"@id\":\"https:\\\/\\\/repliquemangacine.fr\\\/#\\\/schema\\\/logo\\\/image\\\/\"},\"sameAs\":[\"https:\\\/\\\/www.facebook.com\\\/RepliqueMangaCine\",\"https:\\\/\\\/www.instagram.com\\\/repliquemangacine.fr\\\/\"]}]}<\/script>\n<!-- \/ Yoast SEO plugin. -->","yoast_head_json":{"title":"Fusil antiguo Mauser K98 - R\u00e9plique Manga Cin\u00e9","description":"Magn\u00edfica reproducci\u00f3n de la carabina Denix Mauser K98 Aged. En metal y madera. Mecanismo funcional. Patinada y envejecida para mayor realismo.","robots":{"index":"index","follow":"follow","max-snippet":"max-snippet:-1","max-image-preview":"max-image-preview:large","max-video-preview":"max-video-preview:-1"},"canonical":"https:\/\/repliquemangacine.fr\/es\/reproduccion-armas-segunda-guerra-mundial-denix\/mauser-k98-rifle-antiguo\/","og_locale":"es_ES","og_type":"article","og_title":"Carabine Mauser K98 Vieilli - R\u00e9plique Manga Cin\u00e9","og_description":"Superbe reproduction de la Carabine Mauser K98 Vieilli de Denix. En m\u00e9tal et bois. M\u00e9canisme fonctionnel. Patin\u00e9e et vieillie pour plus de r\u00e9alisme.","og_url":"https:\/\/repliquemangacine.fr\/es\/reproduccion-armas-segunda-guerra-mundial-denix\/mauser-k98-rifle-antiguo\/","og_site_name":"R\u00e9plique Manga Cin\u00e9","article_publisher":"https:\/\/www.facebook.com\/RepliqueMangaCine","article_modified_time":"2026-01-11T14:34:52+00:00","og_image":[{"width":800,"height":800,"url":"https:\/\/repliquemangacine.fr\/wp-content\/uploads\/2024\/11\/Carabine-Mauser-K98-vieilli-1.jpg","type":"image\/jpeg"}],"twitter_card":"summary_large_image","twitter_misc":{"Tiempo de lectura":"3 minutos"},"schema":{"@context":"https:\/\/schema.org","@graph":[{"@type":"WebPage","@id":"https:\/\/repliquemangacine.fr\/reproductions-armes-seconde-guerre-mondiale-denix\/carabine-mauser-k98-vieilli\/","url":"https:\/\/repliquemangacine.fr\/reproductions-armes-seconde-guerre-mondiale-denix\/carabine-mauser-k98-vieilli\/","name":"Fusil antiguo Mauser K98 - R\u00e9plique Manga Cin\u00e9","isPartOf":{"@id":"https:\/\/repliquemangacine.fr\/#website"},"primaryImageOfPage":{"@id":"https:\/\/repliquemangacine.fr\/reproductions-armes-seconde-guerre-mondiale-denix\/carabine-mauser-k98-vieilli\/#primaryimage"},"image":{"@id":"https:\/\/repliquemangacine.fr\/reproductions-armes-seconde-guerre-mondiale-denix\/carabine-mauser-k98-vieilli\/#primaryimage"},"thumbnailUrl":"https:\/\/repliquemangacine.fr\/wp-content\/uploads\/2024\/11\/Carabine-Mauser-K98-vieilli-1.jpg","datePublished":"2024-11-30T20:35:41+00:00","dateModified":"2026-01-11T14:34:52+00:00","description":"Magn\u00edfica reproducci\u00f3n de la carabina Denix Mauser K98 Aged. En metal y madera. Mecanismo funcional. Patinada y envejecida para mayor realismo.","breadcrumb":{"@id":"https:\/\/repliquemangacine.fr\/reproductions-armes-seconde-guerre-mondiale-denix\/carabine-mauser-k98-vieilli\/#breadcrumb"},"inLanguage":"es","potentialAction":[{"@type":"ReadAction","target":["https:\/\/repliquemangacine.fr\/reproductions-armes-seconde-guerre-mondiale-denix\/carabine-mauser-k98-vieilli\/"]}]},{"@type":"ImageObject","inLanguage":"es","@id":"https:\/\/repliquemangacine.fr\/reproductions-armes-seconde-guerre-mondiale-denix\/carabine-mauser-k98-vieilli\/#primaryimage","url":"https:\/\/repliquemangacine.fr\/wp-content\/uploads\/2024\/11\/Carabine-Mauser-K98-vieilli-1.jpg","contentUrl":"https:\/\/repliquemangacine.fr\/wp-content\/uploads\/2024\/11\/Carabine-Mauser-K98-vieilli-1.jpg","width":800,"height":800,"caption":"Carabine Mauser K98 vieilli"},{"@type":"BreadcrumbList","@id":"https:\/\/repliquemangacine.fr\/reproductions-armes-seconde-guerre-mondiale-denix\/carabine-mauser-k98-vieilli\/#breadcrumb","itemListElement":[{"@type":"ListItem","position":1,"name":"Accueil","item":"https:\/\/repliquemangacine.fr\/"},{"@type":"ListItem","position":2,"name":"Produits","item":"https:\/\/repliquemangacine.fr\/boutique\/"},{"@type":"ListItem","position":3,"name":"Carabine Mauser K98 Vieilli"}]},{"@type":"WebSite","@id":"https:\/\/repliquemangacine.fr\/#website","url":"https:\/\/repliquemangacine.fr\/","name":"R\u00e9plique Manga Cin\u00e9","description":"","publisher":{"@id":"https:\/\/repliquemangacine.fr\/#organization"},"potentialAction":[{"@type":"SearchAction","target":{"@type":"EntryPoint","urlTemplate":"https:\/\/repliquemangacine.fr\/?s={search_term_string}"},"query-input":{"@type":"PropertyValueSpecification","valueRequired":true,"valueName":"search_term_string"}}],"inLanguage":"es"},{"@type":"Organization","@id":"https:\/\/repliquemangacine.fr\/#organization","name":"R\u00e9plique Manga Cin\u00e9","url":"https:\/\/repliquemangacine.fr\/","logo":{"@type":"ImageObject","inLanguage":"es","@id":"https:\/\/repliquemangacine.fr\/#\/schema\/logo\/image\/","url":"https:\/\/repliquemangacine.fr\/wp-content\/uploads\/2023\/10\/RMC-500250.png","contentUrl":"https:\/\/repliquemangacine.fr\/wp-content\/uploads\/2023\/10\/RMC-500250.png","width":500,"height":250,"caption":"R\u00e9plique Manga Cin\u00e9"},"image":{"@id":"https:\/\/repliquemangacine.fr\/#\/schema\/logo\/image\/"},"sameAs":["https:\/\/www.facebook.com\/RepliqueMangaCine","https:\/\/www.instagram.com\/repliquemangacine.fr\/"]}]}},"_links":{"self":[{"href":"https:\/\/repliquemangacine.fr\/es\/wp-json\/wp\/v2\/product\/78735","targetHints":{"allow":["GET"]}}],"collection":[{"href":"https:\/\/repliquemangacine.fr\/es\/wp-json\/wp\/v2\/product"}],"about":[{"href":"https:\/\/repliquemangacine.fr\/es\/wp-json\/wp\/v2\/types\/product"}],"wp:featuredmedia":[{"embeddable":true,"href":"https:\/\/repliquemangacine.fr\/es\/wp-json\/wp\/v2\/media\/84749"}],"wp:attachment":[{"href":"https:\/\/repliquemangacine.fr\/es\/wp-json\/wp\/v2\/media?parent=78735"}],"wp:term":[{"taxonomy":"product_brand","embeddable":true,"href":"https:\/\/repliquemangacine.fr\/es\/wp-json\/wp\/v2\/product_brand?post=78735"},{"taxonomy":"product_cat","embeddable":true,"href":"https:\/\/repliquemangacine.fr\/es\/wp-json\/wp\/v2\/product_cat?post=78735"},{"taxonomy":"product_tag","embeddable":true,"href":"https:\/\/repliquemangacine.fr\/es\/wp-json\/wp\/v2\/product_tag?post=78735"}],"curies":[{"name":"wp","href":"https:\/\/api.w.org\/{rel}","templated":true}]}}