





{"id":78716,"date":"2024-11-30T19:44:33","date_gmt":"2024-11-30T18:44:33","guid":{"rendered":"https:\/\/repliquemangacine.fr\/?post_type=product&#038;p=78716"},"modified":"2026-02-01T20:42:23","modified_gmt":"2026-02-01T19:42:23","slug":"espada-maestra-zelda-lagrimas-del-reino","status":"publish","type":"product","link":"https:\/\/repliquemangacine.fr\/es\/epee-zelda\/master-sword-zelda-tears-of-the-kingdom\/","title":{"rendered":"Espada maestra - Zelda -Tears of the kingdom"},"content":{"rendered":"<h2>Master Sword: la espada legendaria de Zelda<\/h2>\n<p>En primer lugar, la Master Sword con su hoja azul est\u00e1 disponible en el videojuego Zelda \u2013 Tears of the kingdom. Sum\u00e9rgete en el universo de Zelda con esta excepcional r\u00e9plica. Fiel al original, esta majestuosa hoja azul encarna el poder y la pureza del legendario h\u00e9roe Link. Dise\u00f1ada con un notable cuidado por los detalles, refleja a la vez elegancia y robustez. Rinde homenaje a una de las armas m\u00e1s emblem\u00e1ticas de la saga. Su dise\u00f1o \u00fanico, que combina s\u00edmbolos sagrados y acabados cuidados, la convierte en una pieza imprescindible para cualquier fan de Zelda.<\/p>\n<p>Adem\u00e1s, no solo es bonita: cuenta una historia. El color azul de su hoja, vivo y luminoso, simboliza la amplificaci\u00f3n del da\u00f1o infligido a las fuerzas del mal. Representa as\u00ed la evoluci\u00f3n y el auge de <a href=\"https:\/\/zelda.fandom.com\/fr\/wiki\/Link\" target=\"_blank\" rel=\"noopener noreferrer\">Enlace<\/a> en su lucha por salvar Hyrule. Esta r\u00e9plica har\u00e1 las delicias de los coleccionistas y aficionados a los objetos de prestigio vinculados a las grandes leyendas de los videojuegos.<\/p>\n<h2>Completa tu colecci\u00f3n de Zelda con productos legendarios<\/h2>\n<p>Sum\u00e9rgete a\u00fan m\u00e1s en el mundo de The Legend of Zelda con nuestra exclusiva gama de productos inspirados en la saga. Adem\u00e1s de la Espada Maestra, descubre la majestuosa <a href=\"https:\/\/repliquemangacine.fr\/es\/espada-de-zelda\/escudo-hylian-zelda\/\">Escudo Hyliano<\/a>, disponible en resina o metal. Aut\u00e9ntico s\u00edmbolo de protecci\u00f3n, este escudo luce el famoso emblema de la Trifuerza y el escudo de Hyrule, perfecto para los fans que buscan autenticidad y calidad superior.<\/p>\n<p>Para los amantes de las piezas \u00fanicas, el\u2019<a href=\"https:\/\/repliquemangacine.fr\/es\/nuevos-productos\/legendaria-espada-corroida\/\">Espada Leyenda Corro\u00edda<\/a> ofrece una fascinante interpretaci\u00f3n de la emblem\u00e1tica arma, evocando los misterios del tiempo y las batallas pasadas. A\u00f1ada un toque de elegancia con el <a href=\"https:\/\/repliquemangacine.fr\/es\/espada-de-zelda\/espada-maestra-daga-de-zelda\/\">Espada maestra<\/a>, una versi\u00f3n compacta y refinada de la legendaria espada, ideal para coleccionistas que buscan un objeto original y detallado.<\/p>\n<p>Estas r\u00e9plicas, dise\u00f1adas para capturar la esencia del universo Zelda, son imprescindibles para cualquier aficionado.<\/p>\n<h2>\u00bfC\u00f3mo mantengo la hoja de mi Espada Maestra?<\/h2>\n<p>Las espadas de colecci\u00f3n y decorativas se fabrican y ensamblan de forma simplificada. Al ser de uso decorativo, no cuentan con los elementos de seguridad necesarios para una espada japonesa destinada al entrenamiento. Sin embargo, tu espada Master Sword Zelda tiene una hoja de acero que hay que mantener para evitar que se da\u00f1e con el tiempo. De hecho, vas a exponer tu katana, y tus amigos sentir\u00e1n curiosidad por ver la hoja y tocarla.<\/p>\n<p>Aqu\u00ed hay que tener cuidado, hay que saber que la acidez de los dedos es muy perjudicial para el acero, independientemente de su calidad. Sin embargo, si esto ocurre, no hay que alarmarse. Solo hay que humedecer un pa\u00f1o con un poco de aceite y limpiar las huellas dactilares. De esta forma, conservar\u00e1 su espada durante mucho tiempo.<\/p>","protected":false},"excerpt":{"rendered":"<p>Splendid Master Sword disponible en el videojuego Zelda - Tears of the kingdom<\/p>\n<ul>\n<li>Hoja de acero inoxidable 440 azul<\/li>\n<li>Trifuerza en la parte superior de la hoja<\/li>\n<li>Guarda de acero macizo con forma espec\u00edfica<\/li>\n<li>Asa de metal con cinta de algod\u00f3n verde para un agarre seguro.<\/li>\n<li>Vaina de madera forrada de polipiel azul y decorada<\/li>\n<li>Ribete dorado en los extremos de la vaina<\/li>\n<li>Longitud de la hoja: 68 cm - Longitud total: 109 cm<\/li>\n<li>Peso : 1850 grs con vaina<\/li>\n<\/ul>","protected":false},"featured_media":78720,"template":"","meta":[],"product_brand":[896],"product_cat":[56],"product_tag":[],"class_list":{"0":"post-78716","1":"product","2":"type-product","3":"status-publish","4":"has-post-thumbnail","6":"product_brand-replique-manga-cine","7":"product_cat-epee-zelda","9":"first","10":"instock","11":"taxable","12":"shipping-taxable","13":"purchasable","14":"product-type-simple"},"yoast_head":"<!-- This site is optimized with the Yoast SEO plugin v27.4 - https:\/\/yoast.com\/product\/yoast-seo-wordpress\/ -->\n<title>Master sword - Zelda -Tears of the kingdom - Ep\u00e9e Zelda - RMC<\/title>\n<meta name=\"description\" content=\"Remarquable l&#039;\u00e9p\u00e9e Master Sword et sa lame Bleue dans le jeu vid\u00e9o Zelda - Tears of the kingdom. Tout en acier. Triforce sur le haut de la lame. 109 cm\" \/>\n<meta name=\"robots\" content=\"index, follow, max-snippet:-1, max-image-preview:large, max-video-preview:-1\" \/>\n<link rel=\"canonical\" href=\"https:\/\/repliquemangacine.fr\/es\/espada-de-zelda\/espada-maestra-zelda-lagrimas-del-reino\/\" \/>\n<meta property=\"og:locale\" content=\"es_ES\" \/>\n<meta property=\"og:type\" content=\"article\" \/>\n<meta property=\"og:title\" content=\"Master sword - Zelda -Tears of the kingdom - Ep\u00e9e Zelda - RMC\" \/>\n<meta property=\"og:description\" content=\"Remarquable l&#039;\u00e9p\u00e9e Master Sword et sa lame Bleue dans le jeu vid\u00e9o Zelda - Tears of the kingdom. Tout en acier. Triforce sur le haut de la lame. 109 cm\" \/>\n<meta property=\"og:url\" content=\"https:\/\/repliquemangacine.fr\/es\/espada-de-zelda\/espada-maestra-zelda-lagrimas-del-reino\/\" \/>\n<meta property=\"og:site_name\" content=\"R\u00e9plique Manga Cin\u00e9\" \/>\n<meta property=\"article:publisher\" content=\"https:\/\/www.facebook.com\/RepliqueMangaCine\" \/>\n<meta property=\"article:modified_time\" content=\"2026-02-01T19:42:23+00:00\" \/>\n<meta property=\"og:image\" content=\"https:\/\/repliquemangacine.fr\/wp-content\/uploads\/2024\/11\/Master-sword-zelda.jpg\" \/>\n\t<meta property=\"og:image:width\" content=\"500\" \/>\n\t<meta property=\"og:image:height\" content=\"500\" \/>\n\t<meta property=\"og:image:type\" content=\"image\/jpeg\" \/>\n<meta name=\"twitter:card\" content=\"summary_large_image\" \/>\n<meta name=\"twitter:label1\" content=\"Tiempo de lectura\" \/>\n\t<meta name=\"twitter:data1\" content=\"3 minutos\" \/>\n<script type=\"application\/ld+json\" class=\"yoast-schema-graph\">{\"@context\":\"https:\\\/\\\/schema.org\",\"@graph\":[{\"@type\":\"WebPage\",\"@id\":\"https:\\\/\\\/repliquemangacine.fr\\\/epee-zelda\\\/master-sword-zelda-tears-of-the-kingdom\\\/\",\"url\":\"https:\\\/\\\/repliquemangacine.fr\\\/epee-zelda\\\/master-sword-zelda-tears-of-the-kingdom\\\/\",\"name\":\"Master sword - Zelda -Tears of the kingdom - Ep\u00e9e Zelda - RMC\",\"isPartOf\":{\"@id\":\"https:\\\/\\\/repliquemangacine.fr\\\/#website\"},\"primaryImageOfPage\":{\"@id\":\"https:\\\/\\\/repliquemangacine.fr\\\/epee-zelda\\\/master-sword-zelda-tears-of-the-kingdom\\\/#primaryimage\"},\"image\":{\"@id\":\"https:\\\/\\\/repliquemangacine.fr\\\/epee-zelda\\\/master-sword-zelda-tears-of-the-kingdom\\\/#primaryimage\"},\"thumbnailUrl\":\"https:\\\/\\\/repliquemangacine.fr\\\/wp-content\\\/uploads\\\/2024\\\/11\\\/Master-sword-zelda.jpg\",\"datePublished\":\"2024-11-30T18:44:33+00:00\",\"dateModified\":\"2026-02-01T19:42:23+00:00\",\"description\":\"Remarquable l'\u00e9p\u00e9e Master Sword et sa lame Bleue dans le jeu vid\u00e9o Zelda - Tears of the kingdom. Tout en acier. Triforce sur le haut de la lame. 109 cm\",\"breadcrumb\":{\"@id\":\"https:\\\/\\\/repliquemangacine.fr\\\/epee-zelda\\\/master-sword-zelda-tears-of-the-kingdom\\\/#breadcrumb\"},\"inLanguage\":\"es\",\"potentialAction\":[{\"@type\":\"ReadAction\",\"target\":[\"https:\\\/\\\/repliquemangacine.fr\\\/epee-zelda\\\/master-sword-zelda-tears-of-the-kingdom\\\/\"]}]},{\"@type\":\"ImageObject\",\"inLanguage\":\"es\",\"@id\":\"https:\\\/\\\/repliquemangacine.fr\\\/epee-zelda\\\/master-sword-zelda-tears-of-the-kingdom\\\/#primaryimage\",\"url\":\"https:\\\/\\\/repliquemangacine.fr\\\/wp-content\\\/uploads\\\/2024\\\/11\\\/Master-sword-zelda.jpg\",\"contentUrl\":\"https:\\\/\\\/repliquemangacine.fr\\\/wp-content\\\/uploads\\\/2024\\\/11\\\/Master-sword-zelda.jpg\",\"width\":500,\"height\":500,\"caption\":\"Master sword zelda\"},{\"@type\":\"BreadcrumbList\",\"@id\":\"https:\\\/\\\/repliquemangacine.fr\\\/epee-zelda\\\/master-sword-zelda-tears-of-the-kingdom\\\/#breadcrumb\",\"itemListElement\":[{\"@type\":\"ListItem\",\"position\":1,\"name\":\"Accueil\",\"item\":\"https:\\\/\\\/repliquemangacine.fr\\\/\"},{\"@type\":\"ListItem\",\"position\":2,\"name\":\"Produits\",\"item\":\"https:\\\/\\\/repliquemangacine.fr\\\/boutique\\\/\"},{\"@type\":\"ListItem\",\"position\":3,\"name\":\"Master sword &#8211; Zelda -Tears of the kingdom\"}]},{\"@type\":\"WebSite\",\"@id\":\"https:\\\/\\\/repliquemangacine.fr\\\/#website\",\"url\":\"https:\\\/\\\/repliquemangacine.fr\\\/\",\"name\":\"R\u00e9plique Manga Cin\u00e9\",\"description\":\"\",\"publisher\":{\"@id\":\"https:\\\/\\\/repliquemangacine.fr\\\/#organization\"},\"potentialAction\":[{\"@type\":\"SearchAction\",\"target\":{\"@type\":\"EntryPoint\",\"urlTemplate\":\"https:\\\/\\\/repliquemangacine.fr\\\/?s={search_term_string}\"},\"query-input\":{\"@type\":\"PropertyValueSpecification\",\"valueRequired\":true,\"valueName\":\"search_term_string\"}}],\"inLanguage\":\"es\"},{\"@type\":\"Organization\",\"@id\":\"https:\\\/\\\/repliquemangacine.fr\\\/#organization\",\"name\":\"R\u00e9plique Manga Cin\u00e9\",\"url\":\"https:\\\/\\\/repliquemangacine.fr\\\/\",\"logo\":{\"@type\":\"ImageObject\",\"inLanguage\":\"es\",\"@id\":\"https:\\\/\\\/repliquemangacine.fr\\\/#\\\/schema\\\/logo\\\/image\\\/\",\"url\":\"https:\\\/\\\/repliquemangacine.fr\\\/wp-content\\\/uploads\\\/2023\\\/10\\\/RMC-500250.png\",\"contentUrl\":\"https:\\\/\\\/repliquemangacine.fr\\\/wp-content\\\/uploads\\\/2023\\\/10\\\/RMC-500250.png\",\"width\":500,\"height\":250,\"caption\":\"R\u00e9plique Manga Cin\u00e9\"},\"image\":{\"@id\":\"https:\\\/\\\/repliquemangacine.fr\\\/#\\\/schema\\\/logo\\\/image\\\/\"},\"sameAs\":[\"https:\\\/\\\/www.facebook.com\\\/RepliqueMangaCine\",\"https:\\\/\\\/www.instagram.com\\\/repliquemangacine.fr\\\/\"]}]}<\/script>\n<!-- \/ Yoast SEO plugin. -->","yoast_head_json":{"title":"Espada maestra - Zelda - L\u00e1grimas del reino - Espada Zelda - RMC","description":"La Espada Maestra y su hoja azul en el videojuego Zelda - Tears of the Kingdom son extraordinarias. Completamente de acero. Trifuerza en la parte superior de la hoja. 109 cm de largo","robots":{"index":"index","follow":"follow","max-snippet":"max-snippet:-1","max-image-preview":"max-image-preview:large","max-video-preview":"max-video-preview:-1"},"canonical":"https:\/\/repliquemangacine.fr\/es\/espada-de-zelda\/espada-maestra-zelda-lagrimas-del-reino\/","og_locale":"es_ES","og_type":"article","og_title":"Master sword - Zelda -Tears of the kingdom - Ep\u00e9e Zelda - RMC","og_description":"Remarquable l'\u00e9p\u00e9e Master Sword et sa lame Bleue dans le jeu vid\u00e9o Zelda - Tears of the kingdom. Tout en acier. Triforce sur le haut de la lame. 109 cm","og_url":"https:\/\/repliquemangacine.fr\/es\/espada-de-zelda\/espada-maestra-zelda-lagrimas-del-reino\/","og_site_name":"R\u00e9plique Manga Cin\u00e9","article_publisher":"https:\/\/www.facebook.com\/RepliqueMangaCine","article_modified_time":"2026-02-01T19:42:23+00:00","og_image":[{"width":500,"height":500,"url":"https:\/\/repliquemangacine.fr\/wp-content\/uploads\/2024\/11\/Master-sword-zelda.jpg","type":"image\/jpeg"}],"twitter_card":"summary_large_image","twitter_misc":{"Tiempo de lectura":"3 minutos"},"schema":{"@context":"https:\/\/schema.org","@graph":[{"@type":"WebPage","@id":"https:\/\/repliquemangacine.fr\/epee-zelda\/master-sword-zelda-tears-of-the-kingdom\/","url":"https:\/\/repliquemangacine.fr\/epee-zelda\/master-sword-zelda-tears-of-the-kingdom\/","name":"Espada maestra - Zelda - L\u00e1grimas del reino - Espada Zelda - RMC","isPartOf":{"@id":"https:\/\/repliquemangacine.fr\/#website"},"primaryImageOfPage":{"@id":"https:\/\/repliquemangacine.fr\/epee-zelda\/master-sword-zelda-tears-of-the-kingdom\/#primaryimage"},"image":{"@id":"https:\/\/repliquemangacine.fr\/epee-zelda\/master-sword-zelda-tears-of-the-kingdom\/#primaryimage"},"thumbnailUrl":"https:\/\/repliquemangacine.fr\/wp-content\/uploads\/2024\/11\/Master-sword-zelda.jpg","datePublished":"2024-11-30T18:44:33+00:00","dateModified":"2026-02-01T19:42:23+00:00","description":"La Espada Maestra y su hoja azul en el videojuego Zelda - Tears of the Kingdom son extraordinarias. Completamente de acero. Trifuerza en la parte superior de la hoja. 109 cm de largo","breadcrumb":{"@id":"https:\/\/repliquemangacine.fr\/epee-zelda\/master-sword-zelda-tears-of-the-kingdom\/#breadcrumb"},"inLanguage":"es","potentialAction":[{"@type":"ReadAction","target":["https:\/\/repliquemangacine.fr\/epee-zelda\/master-sword-zelda-tears-of-the-kingdom\/"]}]},{"@type":"ImageObject","inLanguage":"es","@id":"https:\/\/repliquemangacine.fr\/epee-zelda\/master-sword-zelda-tears-of-the-kingdom\/#primaryimage","url":"https:\/\/repliquemangacine.fr\/wp-content\/uploads\/2024\/11\/Master-sword-zelda.jpg","contentUrl":"https:\/\/repliquemangacine.fr\/wp-content\/uploads\/2024\/11\/Master-sword-zelda.jpg","width":500,"height":500,"caption":"Master sword zelda"},{"@type":"BreadcrumbList","@id":"https:\/\/repliquemangacine.fr\/epee-zelda\/master-sword-zelda-tears-of-the-kingdom\/#breadcrumb","itemListElement":[{"@type":"ListItem","position":1,"name":"Accueil","item":"https:\/\/repliquemangacine.fr\/"},{"@type":"ListItem","position":2,"name":"Produits","item":"https:\/\/repliquemangacine.fr\/boutique\/"},{"@type":"ListItem","position":3,"name":"Master sword &#8211; Zelda -Tears of the kingdom"}]},{"@type":"WebSite","@id":"https:\/\/repliquemangacine.fr\/#website","url":"https:\/\/repliquemangacine.fr\/","name":"R\u00e9plique Manga Cin\u00e9","description":"","publisher":{"@id":"https:\/\/repliquemangacine.fr\/#organization"},"potentialAction":[{"@type":"SearchAction","target":{"@type":"EntryPoint","urlTemplate":"https:\/\/repliquemangacine.fr\/?s={search_term_string}"},"query-input":{"@type":"PropertyValueSpecification","valueRequired":true,"valueName":"search_term_string"}}],"inLanguage":"es"},{"@type":"Organization","@id":"https:\/\/repliquemangacine.fr\/#organization","name":"R\u00e9plique Manga Cin\u00e9","url":"https:\/\/repliquemangacine.fr\/","logo":{"@type":"ImageObject","inLanguage":"es","@id":"https:\/\/repliquemangacine.fr\/#\/schema\/logo\/image\/","url":"https:\/\/repliquemangacine.fr\/wp-content\/uploads\/2023\/10\/RMC-500250.png","contentUrl":"https:\/\/repliquemangacine.fr\/wp-content\/uploads\/2023\/10\/RMC-500250.png","width":500,"height":250,"caption":"R\u00e9plique Manga Cin\u00e9"},"image":{"@id":"https:\/\/repliquemangacine.fr\/#\/schema\/logo\/image\/"},"sameAs":["https:\/\/www.facebook.com\/RepliqueMangaCine","https:\/\/www.instagram.com\/repliquemangacine.fr\/"]}]}},"_links":{"self":[{"href":"https:\/\/repliquemangacine.fr\/es\/wp-json\/wp\/v2\/product\/78716","targetHints":{"allow":["GET"]}}],"collection":[{"href":"https:\/\/repliquemangacine.fr\/es\/wp-json\/wp\/v2\/product"}],"about":[{"href":"https:\/\/repliquemangacine.fr\/es\/wp-json\/wp\/v2\/types\/product"}],"wp:featuredmedia":[{"embeddable":true,"href":"https:\/\/repliquemangacine.fr\/es\/wp-json\/wp\/v2\/media\/78720"}],"wp:attachment":[{"href":"https:\/\/repliquemangacine.fr\/es\/wp-json\/wp\/v2\/media?parent=78716"}],"wp:term":[{"taxonomy":"product_brand","embeddable":true,"href":"https:\/\/repliquemangacine.fr\/es\/wp-json\/wp\/v2\/product_brand?post=78716"},{"taxonomy":"product_cat","embeddable":true,"href":"https:\/\/repliquemangacine.fr\/es\/wp-json\/wp\/v2\/product_cat?post=78716"},{"taxonomy":"product_tag","embeddable":true,"href":"https:\/\/repliquemangacine.fr\/es\/wp-json\/wp\/v2\/product_tag?post=78716"}],"curies":[{"name":"wp","href":"https:\/\/api.w.org\/{rel}","templated":true}]}}