





{"id":78645,"date":"2024-11-30T17:47:20","date_gmt":"2024-11-30T16:47:20","guid":{"rendered":"https:\/\/repliquemangacine.fr\/?post_type=product&#038;p=78645"},"modified":"2026-02-18T10:55:02","modified_gmt":"2026-02-18T09:55:02","slug":"la-espada-de-maximus-en-gladiator","status":"publish","type":"product","link":"https:\/\/repliquemangacine.fr\/es\/epees-glaives-antique\/glaive-de-maximus-dans-gladiator\/","title":{"rendered":"Glaive de Maximus Gladiator 2"},"content":{"rendered":"<h2>Glaive of Maximus: un homenaje al h\u00e9roe de Gladiator<\/h2>\n<p>En primer lugar, la espada de Maximus en Gladiator, una r\u00e9plica fiel para los apasionados de la historia y el cine.<\/p>\n<p>Sum\u00e9rgete en el \u00e9pico universo de <a href=\"https:\/\/fr.wikipedia.org\/wiki\/Gladiator_2\" target=\"_blank\" rel=\"noopener noreferrer\">Gladiador<\/a> con esta reproducci\u00f3n de la espada de Maximus, h\u00e9roe emblem\u00e1tico de las arenas romanas. Cada detalle de esta arma ha sido cuidadosamente dise\u00f1ado para reflejar la autenticidad hist\u00f3rica y la intensidad dram\u00e1tica de la pel\u00edcula. La hoja, de acero inoxidable de alta calidad, presenta un acabado pulido que evoca las armas de las legiones romanas. Con su empu\u00f1adura de metal envejecido, esta espada encarna el poder y la nobleza del general convertido en gladiador.<\/p>\n<p>M\u00e1s que un arma, esta espada es un aut\u00e9ntico s\u00edmbolo de determinaci\u00f3n y valent\u00eda frente a la adversidad. Su dise\u00f1o est\u00e1 directamente inspirado en los romanos, con una guarda y un equilibrio perfecto que la convierten en una pieza tan funcional como est\u00e9tica.\u00a0 Ideal para los amantes de las recreaciones hist\u00f3ricas, los coleccionistas o los fans de Gladiator, esta r\u00e9plica encaja con el esp\u00edritu del h\u00e9roe que desafi\u00f3 a un imperio.<\/p>\n<h2>Descubra otros tesoros de la Antig\u00fcedad en nuestra colecci\u00f3n<\/h2>\n<p>Para complementar la espada Maximus, explore nuestra exclusiva selecci\u00f3n de objetos inspirados en el mundo antiguo.<\/p>\n<ul>\n<li>Empiece por sumergirse en la historia con el <a href=\"https:\/\/repliquemangacine.fr\/es\/espadas-katana-de-peliculas-y-series\/casco-de-gladiador-maximus-con-pinchos\/\">Casco Maximus<\/a>Una fiel reproducci\u00f3n de los modelos que llevaban los gladiadores en la arena.<\/li>\n<li>Para los amantes de la estrategia y el poder, el <a href=\"https:\/\/repliquemangacine.fr\/es\/espadas-espada-antigua\/espada-romana-jules-cesar-espada-roja\/\">La espada de Julio C\u00e9sar<\/a> es una pieza excepcional. Simboliza la grandeza de Roma y el genio militar de su c\u00e9lebre emperador.<\/li>\n<li>Por \u00faltimo, nuestra gama de<a href=\"https:\/\/repliquemangacine.fr\/es\/espadas-espada-antigua\/gladius-espada-de-los-legionarios-romanos\/\"> Espadas legionarias romanas<\/a> le transporta al coraz\u00f3n de las batallas hist\u00f3ricas con modelos aut\u00e9nticos. Con su sencillez funcional y su formidable eficacia.<\/li>\n<li>Si es usted coleccionista, aficionado a la historia o simplemente le fascina la antig\u00fcedad, estas piezas \u00fanicas enriquecer\u00e1n su colecci\u00f3n y capturar\u00e1n la esencia de una \u00e9poca legendaria.<\/li>\n<\/ul>\n<h2>\u00bfC\u00f3mo puedo mantener la hoja de mi Maximus Glaive?<\/h2>\n<p>Las espadas de colecci\u00f3n y decorativas se fabrican y ensamblan de forma simplificada. Como su uso es decorativo, no tienen las caracter\u00edsticas de seguridad necesarias para una espada japonesa destinada al entrenamiento. Sin embargo, su Glaive de Maximus tiene una hoja de acero que necesita un mantenimiento para evitar que se da\u00f1e con el tiempo. Si vas a exponer tu espada, tus amigos sentir\u00e1n curiosidad por ver la hoja y tocarla. Aqu\u00ed es donde debes tener cuidado, porque la acidez de los dedos es muy perjudicial para el acero, sea cual sea su calidad. Sin embargo, si esto ocurre, no te asustes, todo lo que necesitas es un pa\u00f1o humedecido con un poco de aceite (<a href=\"https:\/\/repliquemangacine.fr\/es\/armas-historicas\/aceite-ballistol-universal\/\">Ballistol<\/a>) y limpie las huellas dactilares. Si haces esto, tu espada durar\u00e1 mucho tiempo.<\/p>","protected":false},"excerpt":{"rendered":"<p>Magn\u00edfico Glaive de Maximus, inspirado en la pel\u00edcula \"Gladiator\".<\/p>\n<ul>\n<li>Hoja de acero de doble filo preafilada<\/li>\n<li>Guarda y pomo de acero macizo<\/li>\n<li>Vaina de madera recubierta de cuero negro aut\u00e9ntico<\/li>\n<li>Cuatro anillas en la vaina para su transporte.<\/li>\n<li>Longitud de la hoja: 51,5 cm - Longitud total: 76 cm<\/li>\n<\/ul>","protected":false},"featured_media":78653,"template":"","meta":[],"product_brand":[896],"product_cat":[31,25,91,73],"product_tag":[],"class_list":{"0":"post-78645","1":"product","2":"type-product","3":"status-publish","4":"has-post-thumbnail","6":"product_brand-replique-manga-cine","7":"product_cat-armes-antiques","8":"product_cat-armes-historiques","9":"product_cat-katana-les-epees-de-films-et-series","10":"product_cat-epees-glaives-antique","12":"first","13":"instock","14":"taxable","15":"shipping-taxable","16":"purchasable","17":"product-type-simple"},"yoast_head":"<!-- This site is optimized with the Yoast SEO plugin v27.4 - https:\/\/yoast.com\/product\/yoast-seo-wordpress\/ -->\n<title>Glaive de Maximus Gladiator 2 - R\u00e9plique Manga Cin\u00e9<\/title>\n<meta name=\"description\" content=\"Superbe Glaive de Maximus inspir\u00e9 du film Gladiator. Lame en acier double tranchant pr\u00e9 affut\u00e9. Fourreau en cuir. Garde et pommeau en acier plein.\" \/>\n<meta name=\"robots\" content=\"index, follow, max-snippet:-1, max-image-preview:large, max-video-preview:-1\" \/>\n<link rel=\"canonical\" href=\"https:\/\/repliquemangacine.fr\/es\/espadas-espada-antigua\/la-espada-de-maximus-en-gladiator\/\" \/>\n<meta property=\"og:locale\" content=\"es_ES\" \/>\n<meta property=\"og:type\" content=\"article\" \/>\n<meta property=\"og:title\" content=\"Glaive de Maximus Gladiator 2 - R\u00e9plique Manga Cin\u00e9\" \/>\n<meta property=\"og:description\" content=\"Superbe Glaive de Maximus inspir\u00e9 du film Gladiator. Lame en acier double tranchant pr\u00e9 affut\u00e9. Fourreau en cuir. Garde et pommeau en acier plein.\" \/>\n<meta property=\"og:url\" content=\"https:\/\/repliquemangacine.fr\/es\/espadas-espada-antigua\/la-espada-de-maximus-en-gladiator\/\" \/>\n<meta property=\"og:site_name\" content=\"R\u00e9plique Manga Cin\u00e9\" \/>\n<meta property=\"article:publisher\" content=\"https:\/\/www.facebook.com\/RepliqueMangaCine\" \/>\n<meta property=\"article:modified_time\" content=\"2026-02-18T09:55:02+00:00\" \/>\n<meta property=\"og:image\" content=\"https:\/\/repliquemangacine.fr\/wp-content\/uploads\/2024\/11\/Glaive-Gladiateur-Romain.jpg\" \/>\n\t<meta property=\"og:image:width\" content=\"500\" \/>\n\t<meta property=\"og:image:height\" content=\"500\" \/>\n\t<meta property=\"og:image:type\" content=\"image\/jpeg\" \/>\n<meta name=\"twitter:card\" content=\"summary_large_image\" \/>\n<meta name=\"twitter:label1\" content=\"Tiempo de lectura\" \/>\n\t<meta name=\"twitter:data1\" content=\"3 minutos\" \/>\n<script type=\"application\/ld+json\" class=\"yoast-schema-graph\">{\"@context\":\"https:\\\/\\\/schema.org\",\"@graph\":[{\"@type\":\"WebPage\",\"@id\":\"https:\\\/\\\/repliquemangacine.fr\\\/epees-glaives-antique\\\/glaive-de-maximus-dans-gladiator\\\/\",\"url\":\"https:\\\/\\\/repliquemangacine.fr\\\/epees-glaives-antique\\\/glaive-de-maximus-dans-gladiator\\\/\",\"name\":\"Glaive de Maximus Gladiator 2 - R\u00e9plique Manga Cin\u00e9\",\"isPartOf\":{\"@id\":\"https:\\\/\\\/repliquemangacine.fr\\\/#website\"},\"primaryImageOfPage\":{\"@id\":\"https:\\\/\\\/repliquemangacine.fr\\\/epees-glaives-antique\\\/glaive-de-maximus-dans-gladiator\\\/#primaryimage\"},\"image\":{\"@id\":\"https:\\\/\\\/repliquemangacine.fr\\\/epees-glaives-antique\\\/glaive-de-maximus-dans-gladiator\\\/#primaryimage\"},\"thumbnailUrl\":\"https:\\\/\\\/repliquemangacine.fr\\\/wp-content\\\/uploads\\\/2024\\\/11\\\/Glaive-Gladiateur-Romain.jpg\",\"datePublished\":\"2024-11-30T16:47:20+00:00\",\"dateModified\":\"2026-02-18T09:55:02+00:00\",\"description\":\"Superbe Glaive de Maximus inspir\u00e9 du film Gladiator. Lame en acier double tranchant pr\u00e9 affut\u00e9. Fourreau en cuir. Garde et pommeau en acier plein.\",\"breadcrumb\":{\"@id\":\"https:\\\/\\\/repliquemangacine.fr\\\/epees-glaives-antique\\\/glaive-de-maximus-dans-gladiator\\\/#breadcrumb\"},\"inLanguage\":\"es\",\"potentialAction\":[{\"@type\":\"ReadAction\",\"target\":[\"https:\\\/\\\/repliquemangacine.fr\\\/epees-glaives-antique\\\/glaive-de-maximus-dans-gladiator\\\/\"]}]},{\"@type\":\"ImageObject\",\"inLanguage\":\"es\",\"@id\":\"https:\\\/\\\/repliquemangacine.fr\\\/epees-glaives-antique\\\/glaive-de-maximus-dans-gladiator\\\/#primaryimage\",\"url\":\"https:\\\/\\\/repliquemangacine.fr\\\/wp-content\\\/uploads\\\/2024\\\/11\\\/Glaive-Gladiateur-Romain.jpg\",\"contentUrl\":\"https:\\\/\\\/repliquemangacine.fr\\\/wp-content\\\/uploads\\\/2024\\\/11\\\/Glaive-Gladiateur-Romain.jpg\",\"width\":500,\"height\":500,\"caption\":\"Glaive-Gladiateur- Maximus\"},{\"@type\":\"BreadcrumbList\",\"@id\":\"https:\\\/\\\/repliquemangacine.fr\\\/epees-glaives-antique\\\/glaive-de-maximus-dans-gladiator\\\/#breadcrumb\",\"itemListElement\":[{\"@type\":\"ListItem\",\"position\":1,\"name\":\"Accueil\",\"item\":\"https:\\\/\\\/repliquemangacine.fr\\\/\"},{\"@type\":\"ListItem\",\"position\":2,\"name\":\"Produits\",\"item\":\"https:\\\/\\\/repliquemangacine.fr\\\/boutique\\\/\"},{\"@type\":\"ListItem\",\"position\":3,\"name\":\"Glaive de Maximus Gladiator 2\"}]},{\"@type\":\"WebSite\",\"@id\":\"https:\\\/\\\/repliquemangacine.fr\\\/#website\",\"url\":\"https:\\\/\\\/repliquemangacine.fr\\\/\",\"name\":\"R\u00e9plique Manga Cin\u00e9\",\"description\":\"\",\"publisher\":{\"@id\":\"https:\\\/\\\/repliquemangacine.fr\\\/#organization\"},\"potentialAction\":[{\"@type\":\"SearchAction\",\"target\":{\"@type\":\"EntryPoint\",\"urlTemplate\":\"https:\\\/\\\/repliquemangacine.fr\\\/?s={search_term_string}\"},\"query-input\":{\"@type\":\"PropertyValueSpecification\",\"valueRequired\":true,\"valueName\":\"search_term_string\"}}],\"inLanguage\":\"es\"},{\"@type\":\"Organization\",\"@id\":\"https:\\\/\\\/repliquemangacine.fr\\\/#organization\",\"name\":\"R\u00e9plique Manga Cin\u00e9\",\"url\":\"https:\\\/\\\/repliquemangacine.fr\\\/\",\"logo\":{\"@type\":\"ImageObject\",\"inLanguage\":\"es\",\"@id\":\"https:\\\/\\\/repliquemangacine.fr\\\/#\\\/schema\\\/logo\\\/image\\\/\",\"url\":\"https:\\\/\\\/repliquemangacine.fr\\\/wp-content\\\/uploads\\\/2023\\\/10\\\/RMC-500250.png\",\"contentUrl\":\"https:\\\/\\\/repliquemangacine.fr\\\/wp-content\\\/uploads\\\/2023\\\/10\\\/RMC-500250.png\",\"width\":500,\"height\":250,\"caption\":\"R\u00e9plique Manga Cin\u00e9\"},\"image\":{\"@id\":\"https:\\\/\\\/repliquemangacine.fr\\\/#\\\/schema\\\/logo\\\/image\\\/\"},\"sameAs\":[\"https:\\\/\\\/www.facebook.com\\\/RepliqueMangaCine\",\"https:\\\/\\\/www.instagram.com\\\/repliquemangacine.fr\\\/\"]}]}<\/script>\n<!-- \/ Yoast SEO plugin. -->","yoast_head_json":{"title":"Glaive de Maximus Gladiator 2 - R\u00e9plique Manga Cin\u00e9","description":"Magn\u00edfico Glaive Maximus inspirado en la pel\u00edcula Gladiator. Hoja de acero de doble filo preafilada. Funda de cuero. Empu\u00f1adura y pomo de acero.","robots":{"index":"index","follow":"follow","max-snippet":"max-snippet:-1","max-image-preview":"max-image-preview:large","max-video-preview":"max-video-preview:-1"},"canonical":"https:\/\/repliquemangacine.fr\/es\/espadas-espada-antigua\/la-espada-de-maximus-en-gladiator\/","og_locale":"es_ES","og_type":"article","og_title":"Glaive de Maximus Gladiator 2 - R\u00e9plique Manga Cin\u00e9","og_description":"Superbe Glaive de Maximus inspir\u00e9 du film Gladiator. Lame en acier double tranchant pr\u00e9 affut\u00e9. Fourreau en cuir. Garde et pommeau en acier plein.","og_url":"https:\/\/repliquemangacine.fr\/es\/espadas-espada-antigua\/la-espada-de-maximus-en-gladiator\/","og_site_name":"R\u00e9plique Manga Cin\u00e9","article_publisher":"https:\/\/www.facebook.com\/RepliqueMangaCine","article_modified_time":"2026-02-18T09:55:02+00:00","og_image":[{"width":500,"height":500,"url":"https:\/\/repliquemangacine.fr\/wp-content\/uploads\/2024\/11\/Glaive-Gladiateur-Romain.jpg","type":"image\/jpeg"}],"twitter_card":"summary_large_image","twitter_misc":{"Tiempo de lectura":"3 minutos"},"schema":{"@context":"https:\/\/schema.org","@graph":[{"@type":"WebPage","@id":"https:\/\/repliquemangacine.fr\/epees-glaives-antique\/glaive-de-maximus-dans-gladiator\/","url":"https:\/\/repliquemangacine.fr\/epees-glaives-antique\/glaive-de-maximus-dans-gladiator\/","name":"Glaive de Maximus Gladiator 2 - R\u00e9plique Manga Cin\u00e9","isPartOf":{"@id":"https:\/\/repliquemangacine.fr\/#website"},"primaryImageOfPage":{"@id":"https:\/\/repliquemangacine.fr\/epees-glaives-antique\/glaive-de-maximus-dans-gladiator\/#primaryimage"},"image":{"@id":"https:\/\/repliquemangacine.fr\/epees-glaives-antique\/glaive-de-maximus-dans-gladiator\/#primaryimage"},"thumbnailUrl":"https:\/\/repliquemangacine.fr\/wp-content\/uploads\/2024\/11\/Glaive-Gladiateur-Romain.jpg","datePublished":"2024-11-30T16:47:20+00:00","dateModified":"2026-02-18T09:55:02+00:00","description":"Magn\u00edfico Glaive Maximus inspirado en la pel\u00edcula Gladiator. Hoja de acero de doble filo preafilada. Funda de cuero. Empu\u00f1adura y pomo de acero.","breadcrumb":{"@id":"https:\/\/repliquemangacine.fr\/epees-glaives-antique\/glaive-de-maximus-dans-gladiator\/#breadcrumb"},"inLanguage":"es","potentialAction":[{"@type":"ReadAction","target":["https:\/\/repliquemangacine.fr\/epees-glaives-antique\/glaive-de-maximus-dans-gladiator\/"]}]},{"@type":"ImageObject","inLanguage":"es","@id":"https:\/\/repliquemangacine.fr\/epees-glaives-antique\/glaive-de-maximus-dans-gladiator\/#primaryimage","url":"https:\/\/repliquemangacine.fr\/wp-content\/uploads\/2024\/11\/Glaive-Gladiateur-Romain.jpg","contentUrl":"https:\/\/repliquemangacine.fr\/wp-content\/uploads\/2024\/11\/Glaive-Gladiateur-Romain.jpg","width":500,"height":500,"caption":"Glaive-Gladiateur- Maximus"},{"@type":"BreadcrumbList","@id":"https:\/\/repliquemangacine.fr\/epees-glaives-antique\/glaive-de-maximus-dans-gladiator\/#breadcrumb","itemListElement":[{"@type":"ListItem","position":1,"name":"Accueil","item":"https:\/\/repliquemangacine.fr\/"},{"@type":"ListItem","position":2,"name":"Produits","item":"https:\/\/repliquemangacine.fr\/boutique\/"},{"@type":"ListItem","position":3,"name":"Glaive de Maximus Gladiator 2"}]},{"@type":"WebSite","@id":"https:\/\/repliquemangacine.fr\/#website","url":"https:\/\/repliquemangacine.fr\/","name":"R\u00e9plique Manga Cin\u00e9","description":"","publisher":{"@id":"https:\/\/repliquemangacine.fr\/#organization"},"potentialAction":[{"@type":"SearchAction","target":{"@type":"EntryPoint","urlTemplate":"https:\/\/repliquemangacine.fr\/?s={search_term_string}"},"query-input":{"@type":"PropertyValueSpecification","valueRequired":true,"valueName":"search_term_string"}}],"inLanguage":"es"},{"@type":"Organization","@id":"https:\/\/repliquemangacine.fr\/#organization","name":"R\u00e9plique Manga Cin\u00e9","url":"https:\/\/repliquemangacine.fr\/","logo":{"@type":"ImageObject","inLanguage":"es","@id":"https:\/\/repliquemangacine.fr\/#\/schema\/logo\/image\/","url":"https:\/\/repliquemangacine.fr\/wp-content\/uploads\/2023\/10\/RMC-500250.png","contentUrl":"https:\/\/repliquemangacine.fr\/wp-content\/uploads\/2023\/10\/RMC-500250.png","width":500,"height":250,"caption":"R\u00e9plique Manga Cin\u00e9"},"image":{"@id":"https:\/\/repliquemangacine.fr\/#\/schema\/logo\/image\/"},"sameAs":["https:\/\/www.facebook.com\/RepliqueMangaCine","https:\/\/www.instagram.com\/repliquemangacine.fr\/"]}]}},"_links":{"self":[{"href":"https:\/\/repliquemangacine.fr\/es\/wp-json\/wp\/v2\/product\/78645","targetHints":{"allow":["GET"]}}],"collection":[{"href":"https:\/\/repliquemangacine.fr\/es\/wp-json\/wp\/v2\/product"}],"about":[{"href":"https:\/\/repliquemangacine.fr\/es\/wp-json\/wp\/v2\/types\/product"}],"wp:featuredmedia":[{"embeddable":true,"href":"https:\/\/repliquemangacine.fr\/es\/wp-json\/wp\/v2\/media\/78653"}],"wp:attachment":[{"href":"https:\/\/repliquemangacine.fr\/es\/wp-json\/wp\/v2\/media?parent=78645"}],"wp:term":[{"taxonomy":"product_brand","embeddable":true,"href":"https:\/\/repliquemangacine.fr\/es\/wp-json\/wp\/v2\/product_brand?post=78645"},{"taxonomy":"product_cat","embeddable":true,"href":"https:\/\/repliquemangacine.fr\/es\/wp-json\/wp\/v2\/product_cat?post=78645"},{"taxonomy":"product_tag","embeddable":true,"href":"https:\/\/repliquemangacine.fr\/es\/wp-json\/wp\/v2\/product_tag?post=78645"}],"curies":[{"name":"wp","href":"https:\/\/api.w.org\/{rel}","templated":true}]}}