





{"id":78362,"date":"2024-11-24T18:37:23","date_gmt":"2024-11-24T17:37:23","guid":{"rendered":"https:\/\/repliquemangacine.fr\/?post_type=product&#038;p=78362"},"modified":"2026-04-16T18:51:03","modified_gmt":"2026-04-16T16:51:03","slug":"pistola-luger-p08-antigua","status":"publish","type":"product","link":"https:\/\/repliquemangacine.fr\/es\/reproductions-armes-seconde-guerre-mondiale-denix\/pistolet-luger-p08-vieilli\/","title":{"rendered":"Pistola Luger P08 antigua"},"content":{"rendered":"<h2>La pistola Luger P08 antigua: una r\u00e9plica hist\u00f3rica con p\u00e1tina realista<\/h2>\n<p>En primer lugar, la vetusta pistola Luger P08, tambi\u00e9n conocida como Parabellum. Una de las pistolas m\u00e1s emblem\u00e1ticas del siglo XX, fue ampliamente utilizada durante las dos guerras mundiales. La r\u00e9plica patinada y envejecida de <a href=\"https:\/\/www.denix.fr\/fr\/catalogue\/nouveautes\/\" target=\"_blank\" rel=\"noopener noreferrer\">Denix<\/a> captura la esencia de esta arma legendaria con un notable cuidado por los detalles.<\/p>\n<p>Fabricada en metal y decorada con un acabado envejecido, esta reproducci\u00f3n da la impresi\u00f3n de haber atravesado los campos de batalla de la \u00e9poca. Cuenta con mecanismos funcionales, como una rec\u00e1mara m\u00f3vil y un cargador extra\u00edble. Esta r\u00e9plica inerte es ideal para coleccionistas, exposiciones o recreaciones hist\u00f3ricas. Su dise\u00f1o atemporal, combinado con la p\u00e1tina que simula el desgaste natural, la convierte en un objeto \u00fanico y aut\u00e9ntico, un verdadero homenaje a una pieza de la historia militar.<\/p>\n<h2>Una colecci\u00f3n completa de r\u00e9plicas patinadas de Denix<\/h2>\n<p>Adem\u00e1s de la Luger P08, Denix ofrece una impresionante gama de r\u00e9plicas de armas con p\u00e1tina y acabado envejecido. Cada una de ellas rinde homenaje a un periodo clave de la historia. Descubra la <a href=\"https:\/\/repliquemangacine.fr\/es\/pistola-colt\/confedere-revolver-1860-envejecido\/\">Colt confederado 1860<\/a>con su acabado antiguo que evoca el encanto de las armas de la Guerra Civil estadounidense. Tambi\u00e9n puede explorar el <a href=\"https:\/\/repliquemangacine.fr\/es\/armas-occidentales\/winchester-yeguas-edad-pierna\/\">Pierna de yegua<\/a>, famosa carabina acortada popularizada por las pel\u00edculas del oeste. Tambi\u00e9n est\u00e1 el fusil M1 Garand, aut\u00e9ntico icono de la Segunda Guerra Mundial.<\/p>\n<p>Cada una de estas piezas, fabricadas con materiales de alta calidad y con un acabado envejecido, confiere un realismo sorprendente. Tanto si es un apasionado de las pel\u00edculas del oeste, las armas de guerra o las epopeyas hist\u00f3ricas, esta colecci\u00f3n patinada le permitir\u00e1 viajar a trav\u00e9s de las \u00e9pocas, al tiempo que enriquece su colecci\u00f3n de objetos \u00fanicos.<\/p>\n<h2>\u00bfPor qu\u00e9 elegir la pistola Luger P08 envejecida y c\u00f3mo se fabrica?<\/h2>\n<p>La Denix Luger P08 es algo m\u00e1s que una r\u00e9plica: es un homenaje a la artesan\u00eda y a la historia. Fabricada en metal robusto, incorpora detalles fieles al original, como mecanismos funcionales que imitan los de la \u00e9poca. El acabado de p\u00e1tina aplicado a mano garantiza un aspecto realista y \u00fanico a cada pieza, evocando un arma que ha resistido el paso del tiempo. Este proceso artesanal garantiza una calidad excepcional y un realismo sin igual. Elegir esta r\u00e9plica significa optar por un objeto aut\u00e9ntico, ideal para recreaciones hist\u00f3ricas, colecciones o decoraci\u00f3n. En conclusi\u00f3n, con Denix, usted se beneficia de un producto que combina precisi\u00f3n hist\u00f3rica, est\u00e9tica y durabilidad, para que pueda revivir la historia en sus propias manos.<\/p>","protected":false},"excerpt":{"rendered":"<p>Pistola Denix P08 Luger notablemente reproducida.<\/p>\n<ul>\n<li>Todo metal (zamac)<\/li>\n<li>Envejecido<\/li>\n<li>Placa de agarre de ABS moldeado<\/li>\n<li>Cargador extra\u00edble<\/li>\n<li>El mecanismo funciona, pero no tira<\/li>\n<li>No se requiere autorizaci\u00f3n. Venta y posesi\u00f3n libres.<\/li>\n<li>Longitud total: 25,5 cm - Peso: 965 gr<\/li>\n<\/ul>","protected":false},"featured_media":84704,"template":"","meta":[],"product_brand":[896],"product_cat":[102,52,76],"product_tag":[],"class_list":{"0":"post-78362","1":"product","2":"type-product","3":"status-publish","4":"has-post-thumbnail","6":"product_brand-replique-manga-cine","7":"product_cat-denix","8":"product_cat-pistolet-ancien","9":"product_cat-reproductions-armes-seconde-guerre-mondiale-denix","11":"first","12":"instock","13":"sale","14":"taxable","15":"shipping-taxable","16":"purchasable","17":"product-type-simple"},"yoast_head":"<!-- This site is optimized with the Yoast SEO plugin v27.4 - https:\/\/yoast.com\/product\/yoast-seo-wordpress\/ -->\n<title>Pistolet Luger P08 Vieilli - Reproduction Denix | R\u00e9plique Manga Cin\u00e9<\/title>\n<meta name=\"description\" content=\"Remarquable cette reproduction du Pistolet Luger P08 Vieilli de chez Denix. Aspect patin\u00e9 et vieilli pour plus de r\u00e9alisme. M\u00e9canisme fonctionnel\" \/>\n<meta name=\"robots\" content=\"index, follow, max-snippet:-1, max-image-preview:large, max-video-preview:-1\" \/>\n<link rel=\"canonical\" href=\"https:\/\/repliquemangacine.fr\/es\/reproduccion-armas-segunda-guerra-mundial-denix\/pistola-luger-p08-antigua\/\" \/>\n<meta property=\"og:locale\" content=\"es_ES\" \/>\n<meta property=\"og:type\" content=\"article\" \/>\n<meta property=\"og:title\" content=\"Pistolet Luger P08 Vieilli - Reproduction Denix | R\u00e9plique Manga Cin\u00e9\" \/>\n<meta property=\"og:description\" content=\"Remarquable cette reproduction du Pistolet Luger P08 Vieilli de chez Denix. Aspect patin\u00e9 et vieilli pour plus de r\u00e9alisme. M\u00e9canisme fonctionnel\" \/>\n<meta property=\"og:url\" content=\"https:\/\/repliquemangacine.fr\/es\/reproduccion-armas-segunda-guerra-mundial-denix\/pistola-luger-p08-antigua\/\" \/>\n<meta property=\"og:site_name\" content=\"R\u00e9plique Manga Cin\u00e9\" \/>\n<meta property=\"article:publisher\" content=\"https:\/\/www.facebook.com\/RepliqueMangaCine\" \/>\n<meta property=\"article:modified_time\" content=\"2026-04-16T16:51:03+00:00\" \/>\n<meta property=\"og:image\" content=\"https:\/\/repliquemangacine.fr\/wp-content\/uploads\/2024\/11\/Pistolet-Luger-P08-Vieilli.jpg\" \/>\n\t<meta property=\"og:image:width\" content=\"800\" \/>\n\t<meta property=\"og:image:height\" content=\"800\" \/>\n\t<meta property=\"og:image:type\" content=\"image\/jpeg\" \/>\n<meta name=\"twitter:card\" content=\"summary_large_image\" \/>\n<meta name=\"twitter:label1\" content=\"Tiempo de lectura\" \/>\n\t<meta name=\"twitter:data1\" content=\"3 minutos\" \/>\n<script type=\"application\/ld+json\" class=\"yoast-schema-graph\">{\"@context\":\"https:\\\/\\\/schema.org\",\"@graph\":[{\"@type\":\"WebPage\",\"@id\":\"https:\\\/\\\/repliquemangacine.fr\\\/reproductions-armes-seconde-guerre-mondiale-denix\\\/pistolet-luger-p08-vieilli\\\/\",\"url\":\"https:\\\/\\\/repliquemangacine.fr\\\/reproductions-armes-seconde-guerre-mondiale-denix\\\/pistolet-luger-p08-vieilli\\\/\",\"name\":\"Pistolet Luger P08 Vieilli - Reproduction Denix | R\u00e9plique Manga Cin\u00e9\",\"isPartOf\":{\"@id\":\"https:\\\/\\\/repliquemangacine.fr\\\/#website\"},\"primaryImageOfPage\":{\"@id\":\"https:\\\/\\\/repliquemangacine.fr\\\/reproductions-armes-seconde-guerre-mondiale-denix\\\/pistolet-luger-p08-vieilli\\\/#primaryimage\"},\"image\":{\"@id\":\"https:\\\/\\\/repliquemangacine.fr\\\/reproductions-armes-seconde-guerre-mondiale-denix\\\/pistolet-luger-p08-vieilli\\\/#primaryimage\"},\"thumbnailUrl\":\"https:\\\/\\\/repliquemangacine.fr\\\/wp-content\\\/uploads\\\/2024\\\/11\\\/Pistolet-Luger-P08-Vieilli.jpg\",\"datePublished\":\"2024-11-24T17:37:23+00:00\",\"dateModified\":\"2026-04-16T16:51:03+00:00\",\"description\":\"Remarquable cette reproduction du Pistolet Luger P08 Vieilli de chez Denix. Aspect patin\u00e9 et vieilli pour plus de r\u00e9alisme. M\u00e9canisme fonctionnel\",\"breadcrumb\":{\"@id\":\"https:\\\/\\\/repliquemangacine.fr\\\/reproductions-armes-seconde-guerre-mondiale-denix\\\/pistolet-luger-p08-vieilli\\\/#breadcrumb\"},\"inLanguage\":\"es\",\"potentialAction\":[{\"@type\":\"ReadAction\",\"target\":[\"https:\\\/\\\/repliquemangacine.fr\\\/reproductions-armes-seconde-guerre-mondiale-denix\\\/pistolet-luger-p08-vieilli\\\/\"]}]},{\"@type\":\"ImageObject\",\"inLanguage\":\"es\",\"@id\":\"https:\\\/\\\/repliquemangacine.fr\\\/reproductions-armes-seconde-guerre-mondiale-denix\\\/pistolet-luger-p08-vieilli\\\/#primaryimage\",\"url\":\"https:\\\/\\\/repliquemangacine.fr\\\/wp-content\\\/uploads\\\/2024\\\/11\\\/Pistolet-Luger-P08-Vieilli.jpg\",\"contentUrl\":\"https:\\\/\\\/repliquemangacine.fr\\\/wp-content\\\/uploads\\\/2024\\\/11\\\/Pistolet-Luger-P08-Vieilli.jpg\",\"width\":800,\"height\":800,\"caption\":\"Pistolet Luger P08 Vieilli denix\"},{\"@type\":\"BreadcrumbList\",\"@id\":\"https:\\\/\\\/repliquemangacine.fr\\\/reproductions-armes-seconde-guerre-mondiale-denix\\\/pistolet-luger-p08-vieilli\\\/#breadcrumb\",\"itemListElement\":[{\"@type\":\"ListItem\",\"position\":1,\"name\":\"Accueil\",\"item\":\"https:\\\/\\\/repliquemangacine.fr\\\/\"},{\"@type\":\"ListItem\",\"position\":2,\"name\":\"Produits\",\"item\":\"https:\\\/\\\/repliquemangacine.fr\\\/boutique\\\/\"},{\"@type\":\"ListItem\",\"position\":3,\"name\":\"Pistolet Luger P08 Vieilli\"}]},{\"@type\":\"WebSite\",\"@id\":\"https:\\\/\\\/repliquemangacine.fr\\\/#website\",\"url\":\"https:\\\/\\\/repliquemangacine.fr\\\/\",\"name\":\"R\u00e9plique Manga Cin\u00e9\",\"description\":\"\",\"publisher\":{\"@id\":\"https:\\\/\\\/repliquemangacine.fr\\\/#organization\"},\"potentialAction\":[{\"@type\":\"SearchAction\",\"target\":{\"@type\":\"EntryPoint\",\"urlTemplate\":\"https:\\\/\\\/repliquemangacine.fr\\\/?s={search_term_string}\"},\"query-input\":{\"@type\":\"PropertyValueSpecification\",\"valueRequired\":true,\"valueName\":\"search_term_string\"}}],\"inLanguage\":\"es\"},{\"@type\":\"Organization\",\"@id\":\"https:\\\/\\\/repliquemangacine.fr\\\/#organization\",\"name\":\"R\u00e9plique Manga Cin\u00e9\",\"url\":\"https:\\\/\\\/repliquemangacine.fr\\\/\",\"logo\":{\"@type\":\"ImageObject\",\"inLanguage\":\"es\",\"@id\":\"https:\\\/\\\/repliquemangacine.fr\\\/#\\\/schema\\\/logo\\\/image\\\/\",\"url\":\"https:\\\/\\\/repliquemangacine.fr\\\/wp-content\\\/uploads\\\/2023\\\/10\\\/RMC-500250.png\",\"contentUrl\":\"https:\\\/\\\/repliquemangacine.fr\\\/wp-content\\\/uploads\\\/2023\\\/10\\\/RMC-500250.png\",\"width\":500,\"height\":250,\"caption\":\"R\u00e9plique Manga Cin\u00e9\"},\"image\":{\"@id\":\"https:\\\/\\\/repliquemangacine.fr\\\/#\\\/schema\\\/logo\\\/image\\\/\"},\"sameAs\":[\"https:\\\/\\\/www.facebook.com\\\/RepliqueMangaCine\",\"https:\\\/\\\/www.instagram.com\\\/repliquemangacine.fr\\\/\"]}]}<\/script>\n<!-- \/ Yoast SEO plugin. -->","yoast_head_json":{"title":"Pistola Luger P08 antigua - Reproducci\u00f3n Denix | R\u00e9plique Manga Cin\u00e9","description":"Notable reproducci\u00f3n de la pistola Luger P08 envejecida de Denix. Aspecto patinado y envejecido para mayor realismo. Mecanismo funcional","robots":{"index":"index","follow":"follow","max-snippet":"max-snippet:-1","max-image-preview":"max-image-preview:large","max-video-preview":"max-video-preview:-1"},"canonical":"https:\/\/repliquemangacine.fr\/es\/reproduccion-armas-segunda-guerra-mundial-denix\/pistola-luger-p08-antigua\/","og_locale":"es_ES","og_type":"article","og_title":"Pistolet Luger P08 Vieilli - Reproduction Denix | R\u00e9plique Manga Cin\u00e9","og_description":"Remarquable cette reproduction du Pistolet Luger P08 Vieilli de chez Denix. Aspect patin\u00e9 et vieilli pour plus de r\u00e9alisme. M\u00e9canisme fonctionnel","og_url":"https:\/\/repliquemangacine.fr\/es\/reproduccion-armas-segunda-guerra-mundial-denix\/pistola-luger-p08-antigua\/","og_site_name":"R\u00e9plique Manga Cin\u00e9","article_publisher":"https:\/\/www.facebook.com\/RepliqueMangaCine","article_modified_time":"2026-04-16T16:51:03+00:00","og_image":[{"width":800,"height":800,"url":"https:\/\/repliquemangacine.fr\/wp-content\/uploads\/2024\/11\/Pistolet-Luger-P08-Vieilli.jpg","type":"image\/jpeg"}],"twitter_card":"summary_large_image","twitter_misc":{"Tiempo de lectura":"3 minutos"},"schema":{"@context":"https:\/\/schema.org","@graph":[{"@type":"WebPage","@id":"https:\/\/repliquemangacine.fr\/reproductions-armes-seconde-guerre-mondiale-denix\/pistolet-luger-p08-vieilli\/","url":"https:\/\/repliquemangacine.fr\/reproductions-armes-seconde-guerre-mondiale-denix\/pistolet-luger-p08-vieilli\/","name":"Pistola Luger P08 antigua - Reproducci\u00f3n Denix | R\u00e9plique Manga Cin\u00e9","isPartOf":{"@id":"https:\/\/repliquemangacine.fr\/#website"},"primaryImageOfPage":{"@id":"https:\/\/repliquemangacine.fr\/reproductions-armes-seconde-guerre-mondiale-denix\/pistolet-luger-p08-vieilli\/#primaryimage"},"image":{"@id":"https:\/\/repliquemangacine.fr\/reproductions-armes-seconde-guerre-mondiale-denix\/pistolet-luger-p08-vieilli\/#primaryimage"},"thumbnailUrl":"https:\/\/repliquemangacine.fr\/wp-content\/uploads\/2024\/11\/Pistolet-Luger-P08-Vieilli.jpg","datePublished":"2024-11-24T17:37:23+00:00","dateModified":"2026-04-16T16:51:03+00:00","description":"Notable reproducci\u00f3n de la pistola Luger P08 envejecida de Denix. Aspecto patinado y envejecido para mayor realismo. Mecanismo funcional","breadcrumb":{"@id":"https:\/\/repliquemangacine.fr\/reproductions-armes-seconde-guerre-mondiale-denix\/pistolet-luger-p08-vieilli\/#breadcrumb"},"inLanguage":"es","potentialAction":[{"@type":"ReadAction","target":["https:\/\/repliquemangacine.fr\/reproductions-armes-seconde-guerre-mondiale-denix\/pistolet-luger-p08-vieilli\/"]}]},{"@type":"ImageObject","inLanguage":"es","@id":"https:\/\/repliquemangacine.fr\/reproductions-armes-seconde-guerre-mondiale-denix\/pistolet-luger-p08-vieilli\/#primaryimage","url":"https:\/\/repliquemangacine.fr\/wp-content\/uploads\/2024\/11\/Pistolet-Luger-P08-Vieilli.jpg","contentUrl":"https:\/\/repliquemangacine.fr\/wp-content\/uploads\/2024\/11\/Pistolet-Luger-P08-Vieilli.jpg","width":800,"height":800,"caption":"Pistolet Luger P08 Vieilli denix"},{"@type":"BreadcrumbList","@id":"https:\/\/repliquemangacine.fr\/reproductions-armes-seconde-guerre-mondiale-denix\/pistolet-luger-p08-vieilli\/#breadcrumb","itemListElement":[{"@type":"ListItem","position":1,"name":"Accueil","item":"https:\/\/repliquemangacine.fr\/"},{"@type":"ListItem","position":2,"name":"Produits","item":"https:\/\/repliquemangacine.fr\/boutique\/"},{"@type":"ListItem","position":3,"name":"Pistolet Luger P08 Vieilli"}]},{"@type":"WebSite","@id":"https:\/\/repliquemangacine.fr\/#website","url":"https:\/\/repliquemangacine.fr\/","name":"R\u00e9plique Manga Cin\u00e9","description":"","publisher":{"@id":"https:\/\/repliquemangacine.fr\/#organization"},"potentialAction":[{"@type":"SearchAction","target":{"@type":"EntryPoint","urlTemplate":"https:\/\/repliquemangacine.fr\/?s={search_term_string}"},"query-input":{"@type":"PropertyValueSpecification","valueRequired":true,"valueName":"search_term_string"}}],"inLanguage":"es"},{"@type":"Organization","@id":"https:\/\/repliquemangacine.fr\/#organization","name":"R\u00e9plique Manga Cin\u00e9","url":"https:\/\/repliquemangacine.fr\/","logo":{"@type":"ImageObject","inLanguage":"es","@id":"https:\/\/repliquemangacine.fr\/#\/schema\/logo\/image\/","url":"https:\/\/repliquemangacine.fr\/wp-content\/uploads\/2023\/10\/RMC-500250.png","contentUrl":"https:\/\/repliquemangacine.fr\/wp-content\/uploads\/2023\/10\/RMC-500250.png","width":500,"height":250,"caption":"R\u00e9plique Manga Cin\u00e9"},"image":{"@id":"https:\/\/repliquemangacine.fr\/#\/schema\/logo\/image\/"},"sameAs":["https:\/\/www.facebook.com\/RepliqueMangaCine","https:\/\/www.instagram.com\/repliquemangacine.fr\/"]}]}},"_links":{"self":[{"href":"https:\/\/repliquemangacine.fr\/es\/wp-json\/wp\/v2\/product\/78362","targetHints":{"allow":["GET"]}}],"collection":[{"href":"https:\/\/repliquemangacine.fr\/es\/wp-json\/wp\/v2\/product"}],"about":[{"href":"https:\/\/repliquemangacine.fr\/es\/wp-json\/wp\/v2\/types\/product"}],"wp:featuredmedia":[{"embeddable":true,"href":"https:\/\/repliquemangacine.fr\/es\/wp-json\/wp\/v2\/media\/84704"}],"wp:attachment":[{"href":"https:\/\/repliquemangacine.fr\/es\/wp-json\/wp\/v2\/media?parent=78362"}],"wp:term":[{"taxonomy":"product_brand","embeddable":true,"href":"https:\/\/repliquemangacine.fr\/es\/wp-json\/wp\/v2\/product_brand?post=78362"},{"taxonomy":"product_cat","embeddable":true,"href":"https:\/\/repliquemangacine.fr\/es\/wp-json\/wp\/v2\/product_cat?post=78362"},{"taxonomy":"product_tag","embeddable":true,"href":"https:\/\/repliquemangacine.fr\/es\/wp-json\/wp\/v2\/product_tag?post=78362"}],"curies":[{"name":"wp","href":"https:\/\/api.w.org\/{rel}","templated":true}]}}