





{"id":78352,"date":"2024-11-24T17:20:49","date_gmt":"2024-11-24T16:20:49","guid":{"rendered":"https:\/\/repliquemangacine.fr\/?post_type=product&#038;p=78352"},"modified":"2026-01-10T18:26:42","modified_gmt":"2026-01-10T17:26:42","slug":"winchester-yeguas-edad-pierna","status":"publish","type":"product","link":"https:\/\/repliquemangacine.fr\/es\/armes-westerns\/winchester-mares-leg-vieilli\/","title":{"rendered":"Pata de Yegua Winchester Envejecida"},"content":{"rendered":"<h2>La pata de yegua Winchester envejecida: una r\u00e9plica ic\u00f3nica con encanto envejecido<\/h2>\n<p>Empiece por sumergirse en el mundo de los vaqueros con el Winchester Mare's Leg Vieilli. As\u00ed es, <a href=\"https:\/\/www.denix.fr\/fr\/catalogue\/nouveautes\/\" target=\"_blank\" rel=\"noopener noreferrer\">Denix<\/a> ha ampliado su cat\u00e1logo con una colecci\u00f3n de r\u00e9plicas de armas con un aspecto patinado y envejecido. De este modo, ofrece un mayor realismo a los coleccionistas y apasionados de la historia.<\/p>\n<p>Esta fiel reproducci\u00f3n del rifle acortado, popularizado por los westerns cl\u00e1sicos, ofrece un realismo sorprendente. El metal y la madera de calidad utilizados en su fabricaci\u00f3n, combinados con un acabado envejecido, dan la impresi\u00f3n de que esta arma ha atravesado d\u00e9cadas de cabalgadas y duelos. Ideal para los amantes de las recreaciones hist\u00f3ricas, la decoraci\u00f3n o el coleccionismo. La Mare's Leg patinada aporta un aut\u00e9ntico pedazo de historia a su universo. Con sus mecanismos funcionales, pero inertes al disparo, sigue siendo una r\u00e9plica segura, al tiempo que conserva un encanto innegable.<\/p>\n<h2>Descubra las r\u00e9plicas patinadas de Denix: un viaje en el tiempo<\/h2>\n<p>Denix es famosa por su experiencia en la creaci\u00f3n de r\u00e9plicas de armas hist\u00f3ricas. Adem\u00e1s de la Pata de Yegua, explora una impresionante gama que incluye pistolas legendarias como la Colt 1873 en 4,75 pulgadas. Tambi\u00e9n est\u00e1 la <a href=\"https:\/\/repliquemangacine.fr\/es\/pistola-colt\/confedere-revolver-1860-envejecido\/\">Rev\u00f3lver confederado<\/a> de 1860 en dos tonos que le dan un aspecto refinado. Cada pieza cuenta con un acabado envejecido que simula el desgaste natural, para un realismo sin igual.<\/p>\n<p>Los aficionados a la guerra mundial pueden optar por las r\u00e9plicas de la Luger P08 o del rifle USM1 Para. Tambi\u00e9n hay rifles emblem\u00e1ticos como el M1 Garand.<\/p>\n<p>Con Denix, cada producto es una puerta abierta a una \u00e9poca fascinante, que rinde homenaje a las armas que han marcado la historia.<\/p>\n<h2>\u00bfPor qu\u00e9 elegir el pernil a\u00f1ejo de yegua Winchester y c\u00f3mo se elabora?<\/h2>\n<p>Cuando elige la pata de yegua Winchester patinada de Denix, est\u00e1 eligiendo una pieza aut\u00e9ntica y \u00fanica. Fabricada con materiales de alta calidad, esta r\u00e9plica combina un robusto cuerpo met\u00e1lico con una culata y una culata de madera aut\u00e9ntica. Cada pieza est\u00e1 cuidadosamente patinada a mano, lo que garantiza un aspecto realista y \u00fanico. Este proceso artesanal confiere al arma una p\u00e1tina natural, simulando el desgaste del tiempo y respetando los detalles hist\u00f3ricos. Esta pistola-cabina es ideal para los aficionados que buscan una r\u00e9plica fiel al original, ya sea para enriquecer una colecci\u00f3n, embellecer una decoraci\u00f3n o llevar a cabo recreaciones hist\u00f3ricas. En conclusi\u00f3n, con Denix, se beneficiar\u00e1 de un saber hacer sin igual y de una inmersi\u00f3n total en la historia de las armas m\u00edticas.<\/p>\n<p>&nbsp;<\/p>","protected":false},"excerpt":{"rendered":"<p>Magn\u00edfica reproducci\u00f3n de la pata de yegua Winchester Vieilli de Denix.<\/p>\n<ul>\n<li>Todo metal y madera<\/li>\n<li>Envejecido<\/li>\n<li>Stock de madera<\/li>\n<li>Mecanismos funcionales, pero incapaces de disparar.<\/li>\n<li>Protector de palanca grande<\/li>\n<li><strong>No se requiere autorizaci\u00f3n. Venta y posesi\u00f3n libres.<\/strong><\/li>\n<li>Longitud total: 50 cm - Peso: 1487 gr<\/li>\n<\/ul>","protected":false},"featured_media":84706,"template":"","meta":[],"product_brand":[896],"product_cat":[34,39,86,102,27],"product_tag":[],"class_list":{"0":"post-78352","1":"product","2":"type-product","3":"status-publish","4":"has-post-thumbnail","6":"product_brand-replique-manga-cine","7":"product_cat-armes-westerns","8":"product_cat-carabine-winchester","9":"product_cat-repliques-carabine-winchester-western","10":"product_cat-denix","11":"product_cat-armes-et-accessoires-western","13":"first","14":"instock","15":"taxable","16":"shipping-taxable","17":"purchasable","18":"product-type-simple"},"yoast_head":"<!-- This site is optimized with the Yoast SEO plugin v27.4 - https:\/\/yoast.com\/product\/yoast-seo-wordpress\/ -->\n<title>Winchester Mare&#039;s Leg Vieilli - Reproduction Denix | RMC<\/title>\n<meta name=\"description\" content=\"Superbe cette reproduction de la Winchester Mare&#039;s Leg Vieilli de la marque Denix. Tout en m\u00e9tal et bois. Aspect patin\u00e9 et vieilli. M\u00e9canismes fonctionnels.\" \/>\n<meta name=\"robots\" content=\"index, follow, max-snippet:-1, max-image-preview:large, max-video-preview:-1\" \/>\n<link rel=\"canonical\" href=\"https:\/\/repliquemangacine.fr\/es\/armas-occidentales\/winchester-yeguas-edad-pierna\/\" \/>\n<meta property=\"og:locale\" content=\"es_ES\" \/>\n<meta property=\"og:type\" content=\"article\" \/>\n<meta property=\"og:title\" content=\"Winchester Mare&#039;s Leg Vieilli - Reproduction Denix | RMC\" \/>\n<meta property=\"og:description\" content=\"Superbe cette reproduction de la Winchester Mare&#039;s Leg Vieilli de la marque Denix. Tout en m\u00e9tal et bois. Aspect patin\u00e9 et vieilli. M\u00e9canismes fonctionnels.\" \/>\n<meta property=\"og:url\" content=\"https:\/\/repliquemangacine.fr\/es\/armas-occidentales\/winchester-yeguas-edad-pierna\/\" \/>\n<meta property=\"og:site_name\" content=\"R\u00e9plique Manga Cin\u00e9\" \/>\n<meta property=\"article:publisher\" content=\"https:\/\/www.facebook.com\/RepliqueMangaCine\" \/>\n<meta property=\"article:modified_time\" content=\"2026-01-10T17:26:42+00:00\" \/>\n<meta property=\"og:image\" content=\"https:\/\/repliquemangacine.fr\/wp-content\/uploads\/2024\/11\/Winchester-Mares-Leg-Vieilli-1.jpg\" \/>\n\t<meta property=\"og:image:width\" content=\"800\" \/>\n\t<meta property=\"og:image:height\" content=\"800\" \/>\n\t<meta property=\"og:image:type\" content=\"image\/jpeg\" \/>\n<meta name=\"twitter:card\" content=\"summary_large_image\" \/>\n<meta name=\"twitter:label1\" content=\"Tiempo de lectura\" \/>\n\t<meta name=\"twitter:data1\" content=\"3 minutos\" \/>\n<script type=\"application\/ld+json\" class=\"yoast-schema-graph\">{\"@context\":\"https:\\\/\\\/schema.org\",\"@graph\":[{\"@type\":\"WebPage\",\"@id\":\"https:\\\/\\\/repliquemangacine.fr\\\/armes-westerns\\\/winchester-mares-leg-vieilli\\\/\",\"url\":\"https:\\\/\\\/repliquemangacine.fr\\\/armes-westerns\\\/winchester-mares-leg-vieilli\\\/\",\"name\":\"Winchester Mare's Leg Vieilli - Reproduction Denix | RMC\",\"isPartOf\":{\"@id\":\"https:\\\/\\\/repliquemangacine.fr\\\/#website\"},\"primaryImageOfPage\":{\"@id\":\"https:\\\/\\\/repliquemangacine.fr\\\/armes-westerns\\\/winchester-mares-leg-vieilli\\\/#primaryimage\"},\"image\":{\"@id\":\"https:\\\/\\\/repliquemangacine.fr\\\/armes-westerns\\\/winchester-mares-leg-vieilli\\\/#primaryimage\"},\"thumbnailUrl\":\"https:\\\/\\\/repliquemangacine.fr\\\/wp-content\\\/uploads\\\/2024\\\/11\\\/Winchester-Mares-Leg-Vieilli-1.jpg\",\"datePublished\":\"2024-11-24T16:20:49+00:00\",\"dateModified\":\"2026-01-10T17:26:42+00:00\",\"description\":\"Superbe cette reproduction de la Winchester Mare's Leg Vieilli de la marque Denix. Tout en m\u00e9tal et bois. Aspect patin\u00e9 et vieilli. M\u00e9canismes fonctionnels.\",\"breadcrumb\":{\"@id\":\"https:\\\/\\\/repliquemangacine.fr\\\/armes-westerns\\\/winchester-mares-leg-vieilli\\\/#breadcrumb\"},\"inLanguage\":\"es\",\"potentialAction\":[{\"@type\":\"ReadAction\",\"target\":[\"https:\\\/\\\/repliquemangacine.fr\\\/armes-westerns\\\/winchester-mares-leg-vieilli\\\/\"]}]},{\"@type\":\"ImageObject\",\"inLanguage\":\"es\",\"@id\":\"https:\\\/\\\/repliquemangacine.fr\\\/armes-westerns\\\/winchester-mares-leg-vieilli\\\/#primaryimage\",\"url\":\"https:\\\/\\\/repliquemangacine.fr\\\/wp-content\\\/uploads\\\/2024\\\/11\\\/Winchester-Mares-Leg-Vieilli-1.jpg\",\"contentUrl\":\"https:\\\/\\\/repliquemangacine.fr\\\/wp-content\\\/uploads\\\/2024\\\/11\\\/Winchester-Mares-Leg-Vieilli-1.jpg\",\"width\":800,\"height\":800,\"caption\":\"Winchester Mare\u2019s Leg Vieilli\"},{\"@type\":\"BreadcrumbList\",\"@id\":\"https:\\\/\\\/repliquemangacine.fr\\\/armes-westerns\\\/winchester-mares-leg-vieilli\\\/#breadcrumb\",\"itemListElement\":[{\"@type\":\"ListItem\",\"position\":1,\"name\":\"Accueil\",\"item\":\"https:\\\/\\\/repliquemangacine.fr\\\/\"},{\"@type\":\"ListItem\",\"position\":2,\"name\":\"Produits\",\"item\":\"https:\\\/\\\/repliquemangacine.fr\\\/boutique\\\/\"},{\"@type\":\"ListItem\",\"position\":3,\"name\":\"Winchester Mare&#8217;s Leg Vieilli\"}]},{\"@type\":\"WebSite\",\"@id\":\"https:\\\/\\\/repliquemangacine.fr\\\/#website\",\"url\":\"https:\\\/\\\/repliquemangacine.fr\\\/\",\"name\":\"R\u00e9plique Manga Cin\u00e9\",\"description\":\"\",\"publisher\":{\"@id\":\"https:\\\/\\\/repliquemangacine.fr\\\/#organization\"},\"potentialAction\":[{\"@type\":\"SearchAction\",\"target\":{\"@type\":\"EntryPoint\",\"urlTemplate\":\"https:\\\/\\\/repliquemangacine.fr\\\/?s={search_term_string}\"},\"query-input\":{\"@type\":\"PropertyValueSpecification\",\"valueRequired\":true,\"valueName\":\"search_term_string\"}}],\"inLanguage\":\"es\"},{\"@type\":\"Organization\",\"@id\":\"https:\\\/\\\/repliquemangacine.fr\\\/#organization\",\"name\":\"R\u00e9plique Manga Cin\u00e9\",\"url\":\"https:\\\/\\\/repliquemangacine.fr\\\/\",\"logo\":{\"@type\":\"ImageObject\",\"inLanguage\":\"es\",\"@id\":\"https:\\\/\\\/repliquemangacine.fr\\\/#\\\/schema\\\/logo\\\/image\\\/\",\"url\":\"https:\\\/\\\/repliquemangacine.fr\\\/wp-content\\\/uploads\\\/2023\\\/10\\\/RMC-500250.png\",\"contentUrl\":\"https:\\\/\\\/repliquemangacine.fr\\\/wp-content\\\/uploads\\\/2023\\\/10\\\/RMC-500250.png\",\"width\":500,\"height\":250,\"caption\":\"R\u00e9plique Manga Cin\u00e9\"},\"image\":{\"@id\":\"https:\\\/\\\/repliquemangacine.fr\\\/#\\\/schema\\\/logo\\\/image\\\/\"},\"sameAs\":[\"https:\\\/\\\/www.facebook.com\\\/RepliqueMangaCine\",\"https:\\\/\\\/www.instagram.com\\\/repliquemangacine.fr\\\/\"]}]}<\/script>\n<!-- \/ Yoast SEO plugin. -->","yoast_head_json":{"title":"Pata de Yegua Winchester Envejecida - Reproducci\u00f3n Denix | RMC","description":"Magn\u00edfica reproducci\u00f3n de la pata de yegua Winchester Vieilli de Denix. Todo metal y madera. Aspecto patinado y envejecido. Mecanismos funcionales.","robots":{"index":"index","follow":"follow","max-snippet":"max-snippet:-1","max-image-preview":"max-image-preview:large","max-video-preview":"max-video-preview:-1"},"canonical":"https:\/\/repliquemangacine.fr\/es\/armas-occidentales\/winchester-yeguas-edad-pierna\/","og_locale":"es_ES","og_type":"article","og_title":"Winchester Mare's Leg Vieilli - Reproduction Denix | RMC","og_description":"Superbe cette reproduction de la Winchester Mare's Leg Vieilli de la marque Denix. Tout en m\u00e9tal et bois. Aspect patin\u00e9 et vieilli. M\u00e9canismes fonctionnels.","og_url":"https:\/\/repliquemangacine.fr\/es\/armas-occidentales\/winchester-yeguas-edad-pierna\/","og_site_name":"R\u00e9plique Manga Cin\u00e9","article_publisher":"https:\/\/www.facebook.com\/RepliqueMangaCine","article_modified_time":"2026-01-10T17:26:42+00:00","og_image":[{"width":800,"height":800,"url":"https:\/\/repliquemangacine.fr\/wp-content\/uploads\/2024\/11\/Winchester-Mares-Leg-Vieilli-1.jpg","type":"image\/jpeg"}],"twitter_card":"summary_large_image","twitter_misc":{"Tiempo de lectura":"3 minutos"},"schema":{"@context":"https:\/\/schema.org","@graph":[{"@type":"WebPage","@id":"https:\/\/repliquemangacine.fr\/armes-westerns\/winchester-mares-leg-vieilli\/","url":"https:\/\/repliquemangacine.fr\/armes-westerns\/winchester-mares-leg-vieilli\/","name":"Pata de Yegua Winchester Envejecida - Reproducci\u00f3n Denix | RMC","isPartOf":{"@id":"https:\/\/repliquemangacine.fr\/#website"},"primaryImageOfPage":{"@id":"https:\/\/repliquemangacine.fr\/armes-westerns\/winchester-mares-leg-vieilli\/#primaryimage"},"image":{"@id":"https:\/\/repliquemangacine.fr\/armes-westerns\/winchester-mares-leg-vieilli\/#primaryimage"},"thumbnailUrl":"https:\/\/repliquemangacine.fr\/wp-content\/uploads\/2024\/11\/Winchester-Mares-Leg-Vieilli-1.jpg","datePublished":"2024-11-24T16:20:49+00:00","dateModified":"2026-01-10T17:26:42+00:00","description":"Magn\u00edfica reproducci\u00f3n de la pata de yegua Winchester Vieilli de Denix. Todo metal y madera. Aspecto patinado y envejecido. Mecanismos funcionales.","breadcrumb":{"@id":"https:\/\/repliquemangacine.fr\/armes-westerns\/winchester-mares-leg-vieilli\/#breadcrumb"},"inLanguage":"es","potentialAction":[{"@type":"ReadAction","target":["https:\/\/repliquemangacine.fr\/armes-westerns\/winchester-mares-leg-vieilli\/"]}]},{"@type":"ImageObject","inLanguage":"es","@id":"https:\/\/repliquemangacine.fr\/armes-westerns\/winchester-mares-leg-vieilli\/#primaryimage","url":"https:\/\/repliquemangacine.fr\/wp-content\/uploads\/2024\/11\/Winchester-Mares-Leg-Vieilli-1.jpg","contentUrl":"https:\/\/repliquemangacine.fr\/wp-content\/uploads\/2024\/11\/Winchester-Mares-Leg-Vieilli-1.jpg","width":800,"height":800,"caption":"Winchester Mare\u2019s Leg Vieilli"},{"@type":"BreadcrumbList","@id":"https:\/\/repliquemangacine.fr\/armes-westerns\/winchester-mares-leg-vieilli\/#breadcrumb","itemListElement":[{"@type":"ListItem","position":1,"name":"Accueil","item":"https:\/\/repliquemangacine.fr\/"},{"@type":"ListItem","position":2,"name":"Produits","item":"https:\/\/repliquemangacine.fr\/boutique\/"},{"@type":"ListItem","position":3,"name":"Winchester Mare&#8217;s Leg Vieilli"}]},{"@type":"WebSite","@id":"https:\/\/repliquemangacine.fr\/#website","url":"https:\/\/repliquemangacine.fr\/","name":"R\u00e9plique Manga Cin\u00e9","description":"","publisher":{"@id":"https:\/\/repliquemangacine.fr\/#organization"},"potentialAction":[{"@type":"SearchAction","target":{"@type":"EntryPoint","urlTemplate":"https:\/\/repliquemangacine.fr\/?s={search_term_string}"},"query-input":{"@type":"PropertyValueSpecification","valueRequired":true,"valueName":"search_term_string"}}],"inLanguage":"es"},{"@type":"Organization","@id":"https:\/\/repliquemangacine.fr\/#organization","name":"R\u00e9plique Manga Cin\u00e9","url":"https:\/\/repliquemangacine.fr\/","logo":{"@type":"ImageObject","inLanguage":"es","@id":"https:\/\/repliquemangacine.fr\/#\/schema\/logo\/image\/","url":"https:\/\/repliquemangacine.fr\/wp-content\/uploads\/2023\/10\/RMC-500250.png","contentUrl":"https:\/\/repliquemangacine.fr\/wp-content\/uploads\/2023\/10\/RMC-500250.png","width":500,"height":250,"caption":"R\u00e9plique Manga Cin\u00e9"},"image":{"@id":"https:\/\/repliquemangacine.fr\/#\/schema\/logo\/image\/"},"sameAs":["https:\/\/www.facebook.com\/RepliqueMangaCine","https:\/\/www.instagram.com\/repliquemangacine.fr\/"]}]}},"_links":{"self":[{"href":"https:\/\/repliquemangacine.fr\/es\/wp-json\/wp\/v2\/product\/78352","targetHints":{"allow":["GET"]}}],"collection":[{"href":"https:\/\/repliquemangacine.fr\/es\/wp-json\/wp\/v2\/product"}],"about":[{"href":"https:\/\/repliquemangacine.fr\/es\/wp-json\/wp\/v2\/types\/product"}],"wp:featuredmedia":[{"embeddable":true,"href":"https:\/\/repliquemangacine.fr\/es\/wp-json\/wp\/v2\/media\/84706"}],"wp:attachment":[{"href":"https:\/\/repliquemangacine.fr\/es\/wp-json\/wp\/v2\/media?parent=78352"}],"wp:term":[{"taxonomy":"product_brand","embeddable":true,"href":"https:\/\/repliquemangacine.fr\/es\/wp-json\/wp\/v2\/product_brand?post=78352"},{"taxonomy":"product_cat","embeddable":true,"href":"https:\/\/repliquemangacine.fr\/es\/wp-json\/wp\/v2\/product_cat?post=78352"},{"taxonomy":"product_tag","embeddable":true,"href":"https:\/\/repliquemangacine.fr\/es\/wp-json\/wp\/v2\/product_tag?post=78352"}],"curies":[{"name":"wp","href":"https:\/\/api.w.org\/{rel}","templated":true}]}}